{"id":261218,"date":"2023-05-24T11:01:43","date_gmt":"2023-05-24T15:01:43","guid":{"rendered":"https:\/\/www.miamibeachfl.gov\/?page_id=261218"},"modified":"2026-01-02T09:54:03","modified_gmt":"2026-01-02T14:54:03","slug":"jason-greene","status":"publish","type":"page","link":"https:\/\/www.miamibeachfl.gov\/pt\/staff\/jason-greene\/","title":{"rendered":"Jason Greene <br><span style=\"font-size:18px\">Diretor Financeiro<\/span>"},"content":{"rendered":"<img decoding=\"async\" src=\"https:\/\/www.miamibeachfl.gov\/wp-content\/uploads\/bb-plugin\/cache\/Jason-Greene-roundupdated-circle.png\" alt=\"Jason Greene\" title=\"Jason-Greene-round atualizado\" itemprop=\"image\"\/>\n\t\t<h1>\n\t\t\tJason Greene\t<\/h1>\n<h2>\n\t\t\tDiretor Financeiro\t<\/h2>\n\t<ul>\n\t\t<li><a href=\"mailto:Jasongreene@miamibeachfl.gov\" target=\"_self\"  aria-label=\"Acesse mailto:Jasongreene@miamibeachfl.gov\">\t\t\t\t\n\t\t<h3>JasonGreene@miamibeachfl.gov<\/h3><\/a><\/li><li>\t\t\t\t\n\t\t<h3>Site do Administrador da Cidade<\/h3><p><strong><a href=\"https:\/\/www.miamibeachfl.gov\/pt\/city-hall\/city-manager\/\">Clique aqui para visitar o site do Administrador Municipal.<\/a><\/strong><\/p><\/li><li>\t\t\t\t\n\t\t<h3>Site do Departamento Financeiro<\/h3><p><strong><a href=\"https:\/\/www.miamibeachfl.gov\/pt\/city-hall\/finance\/\">Clique aqui para visitar o site de Finan\u00e7as.<\/a><\/strong><\/p><\/li>\t<\/ul>\n\t<p><strong>\u00c1reas de responsabilidade incluem:<\/strong> Finan\u00e7as, Centro de Atendimento ao Cliente, Gest\u00e3o de Subs\u00eddios, Iniciativas de Educa\u00e7\u00e3o e Desempenho e Escrit\u00f3rio de Gest\u00e3o e Or\u00e7amento. Jason tamb\u00e9m supervisiona o Comit\u00ea de Finan\u00e7as e Resili\u00eancia Econ\u00f4mica.<\/p>\n\t<p>Jason D. Greene, CGFO, CFE, CPFIM, possui mais de duas d\u00e9cadas de experi\u00eancia em governos locais e distritais especiais no sul da Fl\u00f3rida e atualmente atua como Diretor Financeiro (CFO) da cidade de Miami Beach. Jason \u00e9 morador de longa data de Miami Beach e foi membro do Comit\u00ea de Obriga\u00e7\u00f5es Gerais da cidade, onde atuou como vice-presidente. Jason \u00e9 bacharel em Toxicologia Ambiental, mestre em Administra\u00e7\u00e3o de Empresas e mestre em Engenharia Civil.<\/p>\n<p>Jason possui amplo conhecimento em or\u00e7amento e planejamento financeiro, incluindo planejamento de capital plurianual, financiamento de t\u00edtulos e gest\u00e3o de d\u00edvidas, prepara\u00e7\u00e3o de auditoria financeira anual e fun\u00e7\u00f5es cont\u00e1beis abrangentes. Antes de assumir cargos governamentais, Jason trabalhou em consultoria de engenharia, com \u00eanfase em engenharia civil\/ambiental e gest\u00e3o de projetos de melhoria de capital. Sua experi\u00eancia em gerenciamento de projetos incluiu cronograma, an\u00e1lise de custos, fluxos de caixa de projetos e previs\u00f5es.<\/p>\n<p>Al\u00e9m disso, Jason \u00e9 membro e atuou em Conselhos e Comit\u00eas da Associa\u00e7\u00e3o Nacional de Oficiais Financeiros do Governo (GFOA), atualmente servindo no Conselho Executivo da GFOA, e \u00e9 membro da Associa\u00e7\u00e3o Internacional de Gerentes Municipais\/Condados, da Associa\u00e7\u00e3o de Gerentes Municipais\/Condados da Fl\u00f3rida, da Associa\u00e7\u00e3o de Gerentes Municipais\/Condados de Miami-Dade, da Associa\u00e7\u00e3o de Examinadores Certificados de Fraudes, da Associa\u00e7\u00e3o de Tesoureiros P\u00fablicos dos Estados Unidos e Canad\u00e1 e do Instituto de Controles Internos. Ele obteve as certifica\u00e7\u00f5es de Oficial Certificado de Finan\u00e7as Governamentais (CGFO), Examinador Certificado de Fraudes (CFE), Gestor Certificado de Investimentos em Fundos P\u00fablicos (CPFIM) e Auditor Certificado de Controles Internos (CICA).<\/p>\n<p>Antes de ingressar na Prefeitura de Miami Beach, Jason trabalhou por v\u00e1rios anos como engenheiro consultor em grandes programas de melhoria de infraestrutura, principalmente no Departamento de \u00c1gua e Esgoto do Condado de Miami-Dade. Durante o per\u00edodo em que trabalhou nesses programas, passou da engenharia para o controle de programas, or\u00e7amento e estimativa de custos. Trabalhou por mais de 16 anos ap\u00f3s ser contratado pela Autoridade de Rodovias Expressas de Miami-Dade e &quot;trocou de lado&quot; da Engenharia para o Financeiro, ocupando os cargos de Controlador e, por fim, Gerente de Controle Financeiro e Or\u00e7amento. Trabalhou tamb\u00e9m na comunidade vizinha de Surfside de 2019 a 2022, como Assistente de Gerente Municipal\/CFO.<\/p>","protected":false},"excerpt":{"rendered":"<p>Jason Greene Chief Financial Officer JasonGreene@miamibeachfl.gov City Manager Website Click here to visit the City Manager Website Finance Department Website [&hellip;]<\/p>\n","protected":false},"author":222,"featured_media":340351,"parent":261112,"menu_order":20,"comment_status":"closed","ping_status":"closed","template":"","meta":{"_searchwp_excluded":"","site-sidebar-layout":"default","site-content-layout":"","ast-site-content-layout":"default","site-content-style":"default","site-sidebar-style":"default","ast-global-header-display":"","ast-banner-title-visibility":"","ast-main-header-display":"","ast-hfb-above-header-display":"","ast-hfb-below-header-display":"","ast-hfb-mobile-header-display":"","site-post-title":"","ast-breadcrumbs-content":"","ast-featured-img":"","footer-sml-layout":"","ast-disable-related-posts":"","theme-transparent-header-meta":"","adv-header-id-meta":"","stick-header-meta":"","header-above-stick-meta":"","header-main-stick-meta":"","header-below-stick-meta":"","astra-migrate-meta-layouts":"default","ast-page-background-enabled":"default","ast-page-background-meta":{"desktop":{"background-color":"var(--ast-global-color-5)","background-image":"","background-repeat":"repeat","background-position":"center center","background-size":"auto","background-attachment":"scroll","background-type":"","background-media":"","overlay-type":"","overlay-color":"","overlay-opacity":"","overlay-gradient":""},"tablet":{"background-color":"","background-image":"","background-repeat":"repeat","background-position":"center center","background-size":"auto","background-attachment":"scroll","background-type":"","background-media":"","overlay-type":"","overlay-color":"","overlay-opacity":"","overlay-gradient":""},"mobile":{"background-color":"","background-image":"","background-repeat":"repeat","background-position":"center center","background-size":"auto","background-attachment":"scroll","background-type":"","background-media":"","overlay-type":"","overlay-color":"","overlay-opacity":"","overlay-gradient":""}},"ast-content-background-meta":{"desktop":{"background-color":"var(--ast-global-color-4)","background-image":"","background-repeat":"repeat","background-position":"center center","background-size":"auto","background-attachment":"scroll","background-type":"","background-media":"","overlay-type":"","overlay-color":"","overlay-opacity":"","overlay-gradient":""},"tablet":{"background-color":"var(--ast-global-color-4)","background-image":"","background-repeat":"repeat","background-position":"center center","background-size":"auto","background-attachment":"scroll","background-type":"","background-media":"","overlay-type":"","overlay-color":"","overlay-opacity":"","overlay-gradient":""},"mobile":{"background-color":"var(--ast-global-color-4)","background-image":"","background-repeat":"repeat","background-position":"center center","background-size":"auto","background-attachment":"scroll","background-type":"","background-media":"","overlay-type":"","overlay-color":"","overlay-opacity":"","overlay-gradient":""}},"footnotes":""},"categories":[],"tags":[961,971,960],"class_list":["post-261218","page","type-page","status-publish","has-post-thumbnail","hentry","tag-staff-city-manager-team","tag-jason-greene-staff","tag-staff"],"yoast_head":"<!-- This site is optimized with the Yoast SEO Premium plugin v27.4 (Yoast SEO v27.4) - https:\/\/yoast.com\/product\/yoast-seo-premium-wordpress\/ -->\n<title>Jason Greene Chief Financial Officer - City of Miami Beach<\/title>\n<meta name=\"description\" content=\"Jason Greene City of Miami Beach Chief Financial Officer\" \/>\n<meta name=\"robots\" content=\"index, follow, max-snippet:-1, max-image-preview:large, max-video-preview:-1\" \/>\n<link rel=\"canonical\" href=\"https:\/\/www.miamibeachfl.gov\/pt\/staff\/jason-greene\/\" \/>\n<meta property=\"og:locale\" content=\"pt_BR\" \/>\n<meta property=\"og:type\" content=\"article\" \/>\n<meta property=\"og:title\" content=\"Jason Greene Chief Financial Officer\" \/>\n<meta property=\"og:description\" content=\"Jason Greene City of Miami Beach Chief Financial Officer\" \/>\n<meta property=\"og:url\" content=\"https:\/\/www.miamibeachfl.gov\/pt\/staff\/jason-greene\/\" \/>\n<meta property=\"og:site_name\" content=\"City of Miami Beach\" \/>\n<meta property=\"article:publisher\" content=\"https:\/\/www.facebook.com\/cityofmiamibeach\" \/>\n<meta property=\"article:modified_time\" content=\"2026-01-02T14:54:03+00:00\" \/>\n<meta property=\"og:image\" content=\"https:\/\/www.miamibeachfl.gov\/wp-content\/uploads\/2024\/09\/Jason-Greene-roundupdated.png\" \/>\n\t<meta property=\"og:image:width\" content=\"250\" \/>\n\t<meta property=\"og:image:height\" content=\"250\" \/>\n\t<meta property=\"og:image:type\" content=\"image\/png\" \/>\n<meta name=\"twitter:card\" content=\"summary_large_image\" \/>\n<meta name=\"twitter:site\" content=\"@Miamibeachnews\" \/>\n<script type=\"application\/ld+json\" class=\"yoast-schema-graph\">{\"@context\":\"https:\\\/\\\/schema.org\",\"@graph\":[{\"@type\":\"WebPage\",\"@id\":\"https:\\\/\\\/www.miamibeachfl.gov\\\/staff\\\/jason-greene\\\/\",\"url\":\"https:\\\/\\\/www.miamibeachfl.gov\\\/staff\\\/jason-greene\\\/\",\"name\":\"Jason Greene Chief Financial Officer - City of Miami Beach\",\"isPartOf\":{\"@id\":\"https:\\\/\\\/www.miamibeachfl.gov\\\/#website\"},\"primaryImageOfPage\":{\"@id\":\"https:\\\/\\\/www.miamibeachfl.gov\\\/staff\\\/jason-greene\\\/#primaryimage\"},\"image\":{\"@id\":\"https:\\\/\\\/www.miamibeachfl.gov\\\/staff\\\/jason-greene\\\/#primaryimage\"},\"thumbnailUrl\":\"https:\\\/\\\/www.miamibeachfl.gov\\\/wp-content\\\/uploads\\\/2024\\\/09\\\/Jason-Greene-roundupdated.png\",\"datePublished\":\"2023-05-24T15:01:43+00:00\",\"dateModified\":\"2026-01-02T14:54:03+00:00\",\"description\":\"Jason Greene City of Miami Beach Chief Financial Officer\",\"breadcrumb\":{\"@id\":\"https:\\\/\\\/www.miamibeachfl.gov\\\/staff\\\/jason-greene\\\/#breadcrumb\"},\"inLanguage\":\"pt-BR\",\"potentialAction\":[{\"@type\":\"ReadAction\",\"target\":[\"https:\\\/\\\/www.miamibeachfl.gov\\\/staff\\\/jason-greene\\\/\"]}]},{\"@type\":\"ImageObject\",\"inLanguage\":\"pt-BR\",\"@id\":\"https:\\\/\\\/www.miamibeachfl.gov\\\/staff\\\/jason-greene\\\/#primaryimage\",\"url\":\"https:\\\/\\\/www.miamibeachfl.gov\\\/wp-content\\\/uploads\\\/2024\\\/09\\\/Jason-Greene-roundupdated.png\",\"contentUrl\":\"https:\\\/\\\/www.miamibeachfl.gov\\\/wp-content\\\/uploads\\\/2024\\\/09\\\/Jason-Greene-roundupdated.png\",\"width\":250,\"height\":250,\"caption\":\"Jason Greene\"},{\"@type\":\"BreadcrumbList\",\"@id\":\"https:\\\/\\\/www.miamibeachfl.gov\\\/staff\\\/jason-greene\\\/#breadcrumb\",\"itemListElement\":[{\"@type\":\"ListItem\",\"position\":1,\"name\":\"Home\",\"item\":\"https:\\\/\\\/www.miamibeachfl.gov\\\/\"},{\"@type\":\"ListItem\",\"position\":2,\"name\":\"Staff\",\"item\":\"https:\\\/\\\/www.miamibeachfl.gov\\\/staff\\\/\"},{\"@type\":\"ListItem\",\"position\":3,\"name\":\"Jason Greene Chief Financial Officer\"}]},{\"@type\":\"WebSite\",\"@id\":\"https:\\\/\\\/www.miamibeachfl.gov\\\/#website\",\"url\":\"https:\\\/\\\/www.miamibeachfl.gov\\\/\",\"name\":\"City of Miami Beach\",\"description\":\"The official website of the City of Miami Beach. Stay informed, find important information on city services, news, alerts, events, trolley routes, government employment and more.\",\"publisher\":{\"@id\":\"https:\\\/\\\/www.miamibeachfl.gov\\\/#organization\"},\"potentialAction\":[{\"@type\":\"SearchAction\",\"target\":{\"@type\":\"EntryPoint\",\"urlTemplate\":\"https:\\\/\\\/www.miamibeachfl.gov\\\/?s={search_term_string}\"},\"query-input\":{\"@type\":\"PropertyValueSpecification\",\"valueRequired\":true,\"valueName\":\"search_term_string\"}}],\"inLanguage\":\"pt-BR\"},{\"@type\":\"Organization\",\"@id\":\"https:\\\/\\\/www.miamibeachfl.gov\\\/#organization\",\"name\":\"City of Miami Beach\",\"url\":\"https:\\\/\\\/www.miamibeachfl.gov\\\/\",\"logo\":{\"@type\":\"ImageObject\",\"inLanguage\":\"pt-BR\",\"@id\":\"https:\\\/\\\/www.miamibeachfl.gov\\\/#\\\/schema\\\/logo\\\/image\\\/\",\"url\":\"https:\\\/\\\/www.miamibeachfl.gov\\\/wp-content\\\/uploads\\\/2022\\\/06\\\/miamibeach-logoblue.png\",\"contentUrl\":\"https:\\\/\\\/www.miamibeachfl.gov\\\/wp-content\\\/uploads\\\/2022\\\/06\\\/miamibeach-logoblue.png\",\"width\":1962,\"height\":381,\"caption\":\"City of Miami Beach\"},\"image\":{\"@id\":\"https:\\\/\\\/www.miamibeachfl.gov\\\/#\\\/schema\\\/logo\\\/image\\\/\"},\"sameAs\":[\"https:\\\/\\\/www.facebook.com\\\/cityofmiamibeach\",\"https:\\\/\\\/x.com\\\/Miamibeachnews\",\"https:\\\/\\\/www.instagram.com\\\/miamibeachnews\\\/\"],\"description\":\"The official website of the City of Miami Beach. Stay informed, find important information on city services, news, alerts, events, trolley routes, government employment and more.\",\"telephone\":\"305.604.CITY(2489)\",\"legalName\":\"City of Miami Beach\"}]}<\/script>\n<!-- \/ Yoast SEO Premium plugin. -->","yoast_head_json":{"title":"Jason Greene, Diretor Financeiro - Cidade de Miami Beach","description":"Jason Greene, Diretor Financeiro da Cidade de Miami Beach","robots":{"index":"index","follow":"follow","max-snippet":"max-snippet:-1","max-image-preview":"max-image-preview:large","max-video-preview":"max-video-preview:-1"},"canonical":"https:\/\/www.miamibeachfl.gov\/pt\/staff\/jason-greene\/","og_locale":"pt_BR","og_type":"article","og_title":"Jason Greene Chief Financial Officer","og_description":"Jason Greene City of Miami Beach Chief Financial Officer","og_url":"https:\/\/www.miamibeachfl.gov\/pt\/staff\/jason-greene\/","og_site_name":"City of Miami Beach","article_publisher":"https:\/\/www.facebook.com\/cityofmiamibeach","article_modified_time":"2026-01-02T14:54:03+00:00","og_image":[{"width":250,"height":250,"url":"https:\/\/www.miamibeachfl.gov\/wp-content\/uploads\/2024\/09\/Jason-Greene-roundupdated.png","type":"image\/png"}],"twitter_card":"summary_large_image","twitter_site":"@Miamibeachnews","schema":{"@context":"https:\/\/schema.org","@graph":[{"@type":"WebPage","@id":"https:\/\/www.miamibeachfl.gov\/staff\/jason-greene\/","url":"https:\/\/www.miamibeachfl.gov\/staff\/jason-greene\/","name":"Jason Greene, Diretor Financeiro - Cidade de Miami Beach","isPartOf":{"@id":"https:\/\/www.miamibeachfl.gov\/#website"},"primaryImageOfPage":{"@id":"https:\/\/www.miamibeachfl.gov\/staff\/jason-greene\/#primaryimage"},"image":{"@id":"https:\/\/www.miamibeachfl.gov\/staff\/jason-greene\/#primaryimage"},"thumbnailUrl":"https:\/\/www.miamibeachfl.gov\/wp-content\/uploads\/2024\/09\/Jason-Greene-roundupdated.png","datePublished":"2023-05-24T15:01:43+00:00","dateModified":"2026-01-02T14:54:03+00:00","description":"Jason Greene, Diretor Financeiro da Cidade de Miami Beach","breadcrumb":{"@id":"https:\/\/www.miamibeachfl.gov\/staff\/jason-greene\/#breadcrumb"},"inLanguage":"pt-BR","potentialAction":[{"@type":"ReadAction","target":["https:\/\/www.miamibeachfl.gov\/staff\/jason-greene\/"]}]},{"@type":"ImageObject","inLanguage":"pt-BR","@id":"https:\/\/www.miamibeachfl.gov\/staff\/jason-greene\/#primaryimage","url":"https:\/\/www.miamibeachfl.gov\/wp-content\/uploads\/2024\/09\/Jason-Greene-roundupdated.png","contentUrl":"https:\/\/www.miamibeachfl.gov\/wp-content\/uploads\/2024\/09\/Jason-Greene-roundupdated.png","width":250,"height":250,"caption":"Jason Greene"},{"@type":"BreadcrumbList","@id":"https:\/\/www.miamibeachfl.gov\/staff\/jason-greene\/#breadcrumb","itemListElement":[{"@type":"ListItem","position":1,"name":"Home","item":"https:\/\/www.miamibeachfl.gov\/"},{"@type":"ListItem","position":2,"name":"Staff","item":"https:\/\/www.miamibeachfl.gov\/staff\/"},{"@type":"ListItem","position":3,"name":"Jason Greene Chief Financial Officer"}]},{"@type":"WebSite","@id":"https:\/\/www.miamibeachfl.gov\/#website","url":"https:\/\/www.miamibeachfl.gov\/","name":"Cidade de Miami Beach","description":"Site oficial da cidade de Miami Beach. Mantenha-se informado e encontre informa\u00e7\u00f5es importantes sobre servi\u00e7os municipais, not\u00edcias, alertas, eventos, rotas de bonde, empregos p\u00fablicos e muito mais.","publisher":{"@id":"https:\/\/www.miamibeachfl.gov\/#organization"},"potentialAction":[{"@type":"SearchAction","target":{"@type":"EntryPoint","urlTemplate":"https:\/\/www.miamibeachfl.gov\/?s={search_term_string}"},"query-input":{"@type":"PropertyValueSpecification","valueRequired":true,"valueName":"search_term_string"}}],"inLanguage":"pt-BR"},{"@type":"Organization","@id":"https:\/\/www.miamibeachfl.gov\/#organization","name":"Cidade de Miami Beach","url":"https:\/\/www.miamibeachfl.gov\/","logo":{"@type":"ImageObject","inLanguage":"pt-BR","@id":"https:\/\/www.miamibeachfl.gov\/#\/schema\/logo\/image\/","url":"https:\/\/www.miamibeachfl.gov\/wp-content\/uploads\/2022\/06\/miamibeach-logoblue.png","contentUrl":"https:\/\/www.miamibeachfl.gov\/wp-content\/uploads\/2022\/06\/miamibeach-logoblue.png","width":1962,"height":381,"caption":"City of Miami Beach"},"image":{"@id":"https:\/\/www.miamibeachfl.gov\/#\/schema\/logo\/image\/"},"sameAs":["https:\/\/www.facebook.com\/cityofmiamibeach","https:\/\/x.com\/Miamibeachnews","https:\/\/www.instagram.com\/miamibeachnews\/"],"description":"Site oficial da cidade de Miami Beach. Mantenha-se informado e encontre informa\u00e7\u00f5es importantes sobre servi\u00e7os municipais, not\u00edcias, alertas, eventos, rotas de bonde, empregos p\u00fablicos e muito mais.","telephone":"305.604.CITY(2489)","legalName":"City of Miami Beach"}]}},"_links":{"self":[{"href":"https:\/\/www.miamibeachfl.gov\/pt\/wp-json\/wp\/v2\/pages\/261218","targetHints":{"allow":["GET"]}}],"collection":[{"href":"https:\/\/www.miamibeachfl.gov\/pt\/wp-json\/wp\/v2\/pages"}],"about":[{"href":"https:\/\/www.miamibeachfl.gov\/pt\/wp-json\/wp\/v2\/types\/page"}],"author":[{"embeddable":true,"href":"https:\/\/www.miamibeachfl.gov\/pt\/wp-json\/wp\/v2\/users\/222"}],"replies":[{"embeddable":true,"href":"https:\/\/www.miamibeachfl.gov\/pt\/wp-json\/wp\/v2\/comments?post=261218"}],"version-history":[{"count":2,"href":"https:\/\/www.miamibeachfl.gov\/pt\/wp-json\/wp\/v2\/pages\/261218\/revisions"}],"predecessor-version":[{"id":394401,"href":"https:\/\/www.miamibeachfl.gov\/pt\/wp-json\/wp\/v2\/pages\/261218\/revisions\/394401"}],"up":[{"embeddable":true,"href":"https:\/\/www.miamibeachfl.gov\/pt\/wp-json\/wp\/v2\/pages\/261112"}],"wp:featuredmedia":[{"embeddable":true,"href":"https:\/\/www.miamibeachfl.gov\/pt\/wp-json\/wp\/v2\/media\/340351"}],"wp:attachment":[{"href":"https:\/\/www.miamibeachfl.gov\/pt\/wp-json\/wp\/v2\/media?parent=261218"}],"wp:term":[{"taxonomy":"category","embeddable":true,"href":"https:\/\/www.miamibeachfl.gov\/pt\/wp-json\/wp\/v2\/categories?post=261218"},{"taxonomy":"post_tag","embeddable":true,"href":"https:\/\/www.miamibeachfl.gov\/pt\/wp-json\/wp\/v2\/tags?post=261218"}],"curies":[{"name":"wp","href":"https:\/\/api.w.org\/{rel}","templated":true}]}}