{"id":261599,"date":"2023-05-25T11:57:04","date_gmt":"2023-05-25T15:57:04","guid":{"rendered":"https:\/\/www.miamibeachfl.gov\/?page_id=261599"},"modified":"2025-06-02T22:17:07","modified_gmt":"2025-06-03T02:17:07","slug":"may-2023-business-spotlight-paving-the-way-to-success-in-the-digital-age-for-miami-beach","status":"publish","type":"page","link":"https:\/\/www.miamibeachfl.gov\/pt\/spotlight\/may-2023-business-spotlight-paving-the-way-to-success-in-the-digital-age-for-miami-beach\/","title":{"rendered":"Abrindo caminho para o sucesso na era digital em Miami Beach"},"content":{"rendered":"<h5>\n\t\t<a href=\"https:\/\/www.miamibeachfl.gov\/pt\/mbbiznews\/\" title=\"Assine aqui para receber o boletim de neg\u00f3cios da cidade mensalmente em sua caixa de entrada.\"  target=\"_blank\"  rel=\"noopener\">\n\t\t\tAssine aqui para receber o boletim de neg\u00f3cios da cidade mensalmente em sua caixa de entrada.\t\t<\/a>\n\t<\/h5>\n<h5>\n\t\t<a href=\"https:\/\/myemail.constantcontact.com\/Stay-connected-with-MB-Biz--.html?soid=1011085968389&#038;aid=S0mHBwwl4Fs\" title=\"Boletim de Neg\u00f3cios\"  target=\"_blank\"  rel=\"noopener\">\n\t\t\tBoletim de Neg\u00f3cios\t\t<\/a>\n\t<\/h5>\n\t\t\t\t<img decoding=\"async\" src=\"https:\/\/www.miamibeachfl.gov\/wp-content\/uploads\/2023\/05\/Frank-Quintana.png\" alt=\"Frank Quintana\" itemprop=\"image\" title=\"Frank Quintana\" onerror=\"this.style.display='none'\" loading='lazy' \/>\n\t<p>No mundo atual, impulsionado pela tecnologia, o papel de um Diretor de Informa\u00e7\u00e3o (CIO) nunca foi t\u00e3o importante. Isso \u00e9 particularmente verdadeiro para a cidade de Miami Beach, que busca ser eficiente, sustent\u00e1vel e inovadora. Um CIO determinado, engenhoso e bem-sucedido pode impactar a transforma\u00e7\u00e3o de Miami Beach em uma comunidade pr\u00f3spera e moderna, em vez de uma comunidade com dificuldades para acompanhar o ritmo. Miami Beach tem a sorte de contar com Frank Quintana, um l\u00edder apaixonado, inventivo e criativo na vanguarda da tecnologia da informa\u00e7\u00e3o.<\/p>\n<p>Frank ingressou na Prefeitura de Miami Beach em agosto de 2014 e atuou como Diretor de Divis\u00e3o de Opera\u00e7\u00f5es de TI por cinco anos antes de ser promovido a CIO. Frank \u00e9 respons\u00e1vel por impulsionar a inova\u00e7\u00e3o, o planejamento estrat\u00e9gico e supervisionar o design, o lan\u00e7amento e a manuten\u00e7\u00e3o de todos os servi\u00e7os e sistemas de tecnologia. Com mais de 23 anos de experi\u00eancia diversificada em TI de n\u00edvel s\u00eanior, nos setores p\u00fablico e privado, incluindo pequenas e grandes corpora\u00e7\u00f5es, esportes profissionais (Miami Dolphins) e entretenimento (Hard Rock Stadium), Frank est\u00e1 altamente preparado para gerenciar e supervisionar a equipe de TI de 55 membros.<\/p>\n<p>\u00c0 medida que a tecnologia se torna uma parte cada vez mais crucial do nosso dia a dia, especialmente ap\u00f3s a pandemia, que nos for\u00e7ou a nos adaptar a um novo normal, a tecnologia virtual agora est\u00e1 em destaque, conectando equipes e stakeholders, impulsionando as opera\u00e7\u00f5es e aumentando a produtividade. Consequentemente, o papel do CIO \u00e9 ainda mais essencial para a efic\u00e1cia, estrat\u00e9gia e capacidade de resposta do governo municipal.<\/p>\n<p>Como prova da lideran\u00e7a de Frank e da capacidade de manter Miami Beach din\u00e2mica e moderna, o Departamento de TI recebeu o Pr\u00eamio de Lideran\u00e7a Inovadora em Gest\u00e3o de Tecnologia da Informa\u00e7\u00e3o de 2022 da Associa\u00e7\u00e3o de Sistemas de Informa\u00e7\u00e3o do Governo Local da Fl\u00f3rida (FLGISA) pela cria\u00e7\u00e3o de uma plataforma original com recursos de dados abertos para a comunidade. A ferramenta permite que o Programa de T\u00edtulos de Obriga\u00e7\u00e3o Geral (GO Bond) disponibilize de forma transparente um site p\u00fablico interativo, www.GOMBlnfo.com, que relata todas as etapas e elementos de 57 projetos de &quot;qualidade de vida&quot; em tempo real. A ferramenta est\u00e1 transformando a forma como Miami Beach ilustra o progresso dos projetos e interage com os membros da comunidade.<\/p>\n<p>A cria\u00e7\u00e3o de novas ferramentas \u00e9 apenas uma faceta de como a TI aprimora a forma como a cidade de Miami Beach atende \u00e0 comunidade. Comunicar e promover a cidade de Miami Beach como um destino de excel\u00eancia para fazer neg\u00f3cios, viver, trabalhar e se divertir tamb\u00e9m \u00e9 um resultado importante. Para isso, o Departamento de TI estabelece parcerias com outros departamentos para compartilhar os benef\u00edcios de Miami Beach, incluindo a parceria com o Departamento de Desenvolvimento Econ\u00f4mico no eMerge Americas 2023, realizado no Centro de Conven\u00e7\u00f5es de Miami Beach de 20 a 21 de abril de 2023. As equipes estrearam um <em>Fa\u00e7a um movimento ousado<\/em> estande de exposi\u00e7\u00e3o e trabalhou para atrair empresas de tecnologia e fintech e empreendedores para abrir, mudar e\/ou realocar para Miami Beach e o Departamento de TI compartilhou dados anal\u00edticos explicando, em tempo real, a limpeza da cidade e outras quest\u00f5es de qualidade de vida.<\/p>\n<p>Gerenciar um departamento de TI de sucesso \u00e9 desafiador, e Frank e sua equipe est\u00e3o preparados e prontos \u2013 aproveitando recursos, explorando novas oportunidades e ferramentas e incorporando o foco no cliente em cada elemento da presta\u00e7\u00e3o de servi\u00e7os.<\/p>\n<p>Para mais informa\u00e7\u00f5es sobre o Departamento de TI, visite: <strong><a href=\"https:\/\/www.miamibeachfl.gov\/pt\/city-hall\/information-technology\/\">https:\/\/www.miamibeachfl.gov\/city-hall\/information-technology\/<\/a><\/strong><\/p>","protected":false},"excerpt":{"rendered":"<p>Subscribe here to receive the City&#8217;s business newsletter to your inbox monthly. Business Newsletter In the current technology-driven world, the [&hellip;]<\/p>\n","protected":false},"author":222,"featured_media":0,"parent":253255,"menu_order":0,"comment_status":"closed","ping_status":"closed","template":"","meta":{"_searchwp_excluded":"","site-sidebar-layout":"default","site-content-layout":"","ast-site-content-layout":"default","site-content-style":"default","site-sidebar-style":"default","ast-global-header-display":"","ast-banner-title-visibility":"","ast-main-header-display":"","ast-hfb-above-header-display":"","ast-hfb-below-header-display":"","ast-hfb-mobile-header-display":"","site-post-title":"","ast-breadcrumbs-content":"","ast-featured-img":"","footer-sml-layout":"","theme-transparent-header-meta":"","adv-header-id-meta":"","stick-header-meta":"","header-above-stick-meta":"","header-main-stick-meta":"","header-below-stick-meta":"","astra-migrate-meta-layouts":"default","ast-page-background-enabled":"default","ast-page-background-meta":{"desktop":{"background-color":"var(--ast-global-color-5)","background-image":"","background-repeat":"repeat","background-position":"center center","background-size":"auto","background-attachment":"scroll","background-type":"","background-media":"","overlay-type":"","overlay-color":"","overlay-opacity":"","overlay-gradient":""},"tablet":{"background-color":"","background-image":"","background-repeat":"repeat","background-position":"center center","background-size":"auto","background-attachment":"scroll","background-type":"","background-media":"","overlay-type":"","overlay-color":"","overlay-opacity":"","overlay-gradient":""},"mobile":{"background-color":"","background-image":"","background-repeat":"repeat","background-position":"center center","background-size":"auto","background-attachment":"scroll","background-type":"","background-media":"","overlay-type":"","overlay-color":"","overlay-opacity":"","overlay-gradient":""}},"ast-content-background-meta":{"desktop":{"background-color":"var(--ast-global-color-4)","background-image":"","background-repeat":"repeat","background-position":"center center","background-size":"auto","background-attachment":"scroll","background-type":"","background-media":"","overlay-type":"","overlay-color":"","overlay-opacity":"","overlay-gradient":""},"tablet":{"background-color":"var(--ast-global-color-4)","background-image":"","background-repeat":"repeat","background-position":"center center","background-size":"auto","background-attachment":"scroll","background-type":"","background-media":"","overlay-type":"","overlay-color":"","overlay-opacity":"","overlay-gradient":""},"mobile":{"background-color":"var(--ast-global-color-4)","background-image":"","background-repeat":"repeat","background-position":"center center","background-size":"auto","background-attachment":"scroll","background-type":"","background-media":"","overlay-type":"","overlay-color":"","overlay-opacity":"","overlay-gradient":""}},"footnotes":""},"categories":[],"tags":[],"class_list":["post-261599","page","type-page","status-publish","hentry"],"yoast_head":"<!-- This site is optimized with the Yoast SEO Premium plugin v26.6 (Yoast SEO v26.6) - https:\/\/yoast.com\/wordpress\/plugins\/seo\/ -->\n<title>Paving the Way to Success in the Digital Age for Miami Beach - City of Miami Beach<\/title>\n<meta name=\"description\" content=\"%\" \/>\n<meta name=\"robots\" content=\"index, follow, max-snippet:-1, max-image-preview:large, max-video-preview:-1\" \/>\n<link rel=\"canonical\" href=\"https:\/\/www.miamibeachfl.gov\/pt\/spotlight\/may-2023-business-spotlight-paving-the-way-to-success-in-the-digital-age-for-miami-beach\/\" \/>\n<meta property=\"og:locale\" content=\"pt_BR\" \/>\n<meta property=\"og:type\" content=\"article\" \/>\n<meta property=\"og:title\" content=\"Paving the Way to Success in the Digital Age for Miami Beach\" \/>\n<meta property=\"og:description\" content=\"%\" \/>\n<meta property=\"og:url\" content=\"https:\/\/www.miamibeachfl.gov\/pt\/spotlight\/may-2023-business-spotlight-paving-the-way-to-success-in-the-digital-age-for-miami-beach\/\" \/>\n<meta property=\"og:site_name\" content=\"City of Miami Beach\" \/>\n<meta property=\"article:publisher\" content=\"https:\/\/www.facebook.com\/cityofmiamibeach\" \/>\n<meta property=\"article:modified_time\" content=\"2025-06-03T02:17:07+00:00\" \/>\n<meta property=\"og:image\" content=\"https:\/\/www.miamibeachfl.gov\/wp-content\/uploads\/2023\/05\/Frank-Quintana.png\" \/>\n<meta name=\"twitter:card\" content=\"summary_large_image\" \/>\n<meta name=\"twitter:site\" content=\"@Miamibeachnews\" \/>\n<script type=\"application\/ld+json\" class=\"yoast-schema-graph\">{\"@context\":\"https:\/\/schema.org\",\"@graph\":[{\"@type\":\"WebPage\",\"@id\":\"https:\/\/www.miamibeachfl.gov\/spotlight\/may-2023-business-spotlight-paving-the-way-to-success-in-the-digital-age-for-miami-beach\/\",\"url\":\"https:\/\/www.miamibeachfl.gov\/spotlight\/may-2023-business-spotlight-paving-the-way-to-success-in-the-digital-age-for-miami-beach\/\",\"name\":\"Paving the Way to Success in the Digital Age for Miami Beach - City of Miami Beach\",\"isPartOf\":{\"@id\":\"https:\/\/www.miamibeachfl.gov\/#website\"},\"primaryImageOfPage\":{\"@id\":\"https:\/\/www.miamibeachfl.gov\/spotlight\/may-2023-business-spotlight-paving-the-way-to-success-in-the-digital-age-for-miami-beach\/#primaryimage\"},\"image\":{\"@id\":\"https:\/\/www.miamibeachfl.gov\/spotlight\/may-2023-business-spotlight-paving-the-way-to-success-in-the-digital-age-for-miami-beach\/#primaryimage\"},\"thumbnailUrl\":\"https:\/\/www.miamibeachfl.gov\/wp-content\/uploads\/2023\/05\/Frank-Quintana.png\",\"datePublished\":\"2023-05-25T15:57:04+00:00\",\"dateModified\":\"2025-06-03T02:17:07+00:00\",\"description\":\"%\",\"breadcrumb\":{\"@id\":\"https:\/\/www.miamibeachfl.gov\/spotlight\/may-2023-business-spotlight-paving-the-way-to-success-in-the-digital-age-for-miami-beach\/#breadcrumb\"},\"inLanguage\":\"pt-BR\",\"potentialAction\":[{\"@type\":\"ReadAction\",\"target\":[\"https:\/\/www.miamibeachfl.gov\/spotlight\/may-2023-business-spotlight-paving-the-way-to-success-in-the-digital-age-for-miami-beach\/\"]}]},{\"@type\":\"ImageObject\",\"inLanguage\":\"pt-BR\",\"@id\":\"https:\/\/www.miamibeachfl.gov\/spotlight\/may-2023-business-spotlight-paving-the-way-to-success-in-the-digital-age-for-miami-beach\/#primaryimage\",\"url\":\"https:\/\/www.miamibeachfl.gov\/wp-content\/uploads\/2023\/05\/Frank-Quintana.png\",\"contentUrl\":\"https:\/\/www.miamibeachfl.gov\/wp-content\/uploads\/2023\/05\/Frank-Quintana.png\"},{\"@type\":\"BreadcrumbList\",\"@id\":\"https:\/\/www.miamibeachfl.gov\/spotlight\/may-2023-business-spotlight-paving-the-way-to-success-in-the-digital-age-for-miami-beach\/#breadcrumb\",\"itemListElement\":[{\"@type\":\"ListItem\",\"position\":1,\"name\":\"Home\",\"item\":\"https:\/\/www.miamibeachfl.gov\/\"},{\"@type\":\"ListItem\",\"position\":2,\"name\":\"Business Newsletters and Spotlights\",\"item\":\"https:\/\/www.miamibeachfl.gov\/spotlight\/\"},{\"@type\":\"ListItem\",\"position\":3,\"name\":\"Paving the Way to Success in the Digital Age for Miami Beach\"}]},{\"@type\":\"WebSite\",\"@id\":\"https:\/\/www.miamibeachfl.gov\/#website\",\"url\":\"https:\/\/www.miamibeachfl.gov\/\",\"name\":\"City of Miami Beach\",\"description\":\"The official website of the City of Miami Beach. Stay informed, find important information on city services, news, alerts, events, trolley routes, government employment and more.\",\"publisher\":{\"@id\":\"https:\/\/www.miamibeachfl.gov\/#organization\"},\"potentialAction\":[{\"@type\":\"SearchAction\",\"target\":{\"@type\":\"EntryPoint\",\"urlTemplate\":\"https:\/\/www.miamibeachfl.gov\/?s={search_term_string}\"},\"query-input\":{\"@type\":\"PropertyValueSpecification\",\"valueRequired\":true,\"valueName\":\"search_term_string\"}}],\"inLanguage\":\"pt-BR\"},{\"@type\":\"Organization\",\"@id\":\"https:\/\/www.miamibeachfl.gov\/#organization\",\"name\":\"City of Miami Beach\",\"url\":\"https:\/\/www.miamibeachfl.gov\/\",\"logo\":{\"@type\":\"ImageObject\",\"inLanguage\":\"pt-BR\",\"@id\":\"https:\/\/www.miamibeachfl.gov\/#\/schema\/logo\/image\/\",\"url\":\"https:\/\/www.miamibeachfl.gov\/wp-content\/uploads\/2022\/06\/miamibeach-logoblue.png\",\"contentUrl\":\"https:\/\/www.miamibeachfl.gov\/wp-content\/uploads\/2022\/06\/miamibeach-logoblue.png\",\"width\":1962,\"height\":381,\"caption\":\"City of Miami Beach\"},\"image\":{\"@id\":\"https:\/\/www.miamibeachfl.gov\/#\/schema\/logo\/image\/\"},\"sameAs\":[\"https:\/\/www.facebook.com\/cityofmiamibeach\",\"https:\/\/x.com\/Miamibeachnews\",\"https:\/\/www.instagram.com\/miamibeachnews\/\"],\"description\":\"The official website of the City of Miami Beach. Stay informed, find important information on city services, news, alerts, events, trolley routes, government employment and more.\",\"telephone\":\"305.604.CITY(2489)\",\"legalName\":\"City of Miami Beach\"}]}<\/script>\n<!-- \/ Yoast SEO Premium plugin. -->","yoast_head_json":{"title":"Abrindo caminho para o sucesso na era digital em Miami Beach - Cidade de Miami Beach","description":"%","robots":{"index":"index","follow":"follow","max-snippet":"max-snippet:-1","max-image-preview":"max-image-preview:large","max-video-preview":"max-video-preview:-1"},"canonical":"https:\/\/www.miamibeachfl.gov\/pt\/spotlight\/may-2023-business-spotlight-paving-the-way-to-success-in-the-digital-age-for-miami-beach\/","og_locale":"pt_BR","og_type":"article","og_title":"Paving the Way to Success in the Digital Age for Miami Beach","og_description":"%","og_url":"https:\/\/www.miamibeachfl.gov\/pt\/spotlight\/may-2023-business-spotlight-paving-the-way-to-success-in-the-digital-age-for-miami-beach\/","og_site_name":"City of Miami Beach","article_publisher":"https:\/\/www.facebook.com\/cityofmiamibeach","article_modified_time":"2025-06-03T02:17:07+00:00","og_image":[{"url":"https:\/\/www.miamibeachfl.gov\/wp-content\/uploads\/2023\/05\/Frank-Quintana.png","type":"","width":"","height":""}],"twitter_card":"summary_large_image","twitter_site":"@Miamibeachnews","schema":{"@context":"https:\/\/schema.org","@graph":[{"@type":"WebPage","@id":"https:\/\/www.miamibeachfl.gov\/spotlight\/may-2023-business-spotlight-paving-the-way-to-success-in-the-digital-age-for-miami-beach\/","url":"https:\/\/www.miamibeachfl.gov\/spotlight\/may-2023-business-spotlight-paving-the-way-to-success-in-the-digital-age-for-miami-beach\/","name":"Abrindo caminho para o sucesso na era digital em Miami Beach - Cidade de Miami Beach","isPartOf":{"@id":"https:\/\/www.miamibeachfl.gov\/#website"},"primaryImageOfPage":{"@id":"https:\/\/www.miamibeachfl.gov\/spotlight\/may-2023-business-spotlight-paving-the-way-to-success-in-the-digital-age-for-miami-beach\/#primaryimage"},"image":{"@id":"https:\/\/www.miamibeachfl.gov\/spotlight\/may-2023-business-spotlight-paving-the-way-to-success-in-the-digital-age-for-miami-beach\/#primaryimage"},"thumbnailUrl":"https:\/\/www.miamibeachfl.gov\/wp-content\/uploads\/2023\/05\/Frank-Quintana.png","datePublished":"2023-05-25T15:57:04+00:00","dateModified":"2025-06-03T02:17:07+00:00","description":"%","breadcrumb":{"@id":"https:\/\/www.miamibeachfl.gov\/spotlight\/may-2023-business-spotlight-paving-the-way-to-success-in-the-digital-age-for-miami-beach\/#breadcrumb"},"inLanguage":"pt-BR","potentialAction":[{"@type":"ReadAction","target":["https:\/\/www.miamibeachfl.gov\/spotlight\/may-2023-business-spotlight-paving-the-way-to-success-in-the-digital-age-for-miami-beach\/"]}]},{"@type":"ImageObject","inLanguage":"pt-BR","@id":"https:\/\/www.miamibeachfl.gov\/spotlight\/may-2023-business-spotlight-paving-the-way-to-success-in-the-digital-age-for-miami-beach\/#primaryimage","url":"https:\/\/www.miamibeachfl.gov\/wp-content\/uploads\/2023\/05\/Frank-Quintana.png","contentUrl":"https:\/\/www.miamibeachfl.gov\/wp-content\/uploads\/2023\/05\/Frank-Quintana.png"},{"@type":"BreadcrumbList","@id":"https:\/\/www.miamibeachfl.gov\/spotlight\/may-2023-business-spotlight-paving-the-way-to-success-in-the-digital-age-for-miami-beach\/#breadcrumb","itemListElement":[{"@type":"ListItem","position":1,"name":"Home","item":"https:\/\/www.miamibeachfl.gov\/"},{"@type":"ListItem","position":2,"name":"Business Newsletters and Spotlights","item":"https:\/\/www.miamibeachfl.gov\/spotlight\/"},{"@type":"ListItem","position":3,"name":"Paving the Way to Success in the Digital Age for Miami Beach"}]},{"@type":"WebSite","@id":"https:\/\/www.miamibeachfl.gov\/#website","url":"https:\/\/www.miamibeachfl.gov\/","name":"Cidade de Miami Beach","description":"Site oficial da cidade de Miami Beach. Mantenha-se informado e encontre informa\u00e7\u00f5es importantes sobre servi\u00e7os municipais, not\u00edcias, alertas, eventos, rotas de bonde, empregos p\u00fablicos e muito mais.","publisher":{"@id":"https:\/\/www.miamibeachfl.gov\/#organization"},"potentialAction":[{"@type":"SearchAction","target":{"@type":"EntryPoint","urlTemplate":"https:\/\/www.miamibeachfl.gov\/?s={search_term_string}"},"query-input":{"@type":"PropertyValueSpecification","valueRequired":true,"valueName":"search_term_string"}}],"inLanguage":"pt-BR"},{"@type":"Organization","@id":"https:\/\/www.miamibeachfl.gov\/#organization","name":"Cidade de Miami Beach","url":"https:\/\/www.miamibeachfl.gov\/","logo":{"@type":"ImageObject","inLanguage":"pt-BR","@id":"https:\/\/www.miamibeachfl.gov\/#\/schema\/logo\/image\/","url":"https:\/\/www.miamibeachfl.gov\/wp-content\/uploads\/2022\/06\/miamibeach-logoblue.png","contentUrl":"https:\/\/www.miamibeachfl.gov\/wp-content\/uploads\/2022\/06\/miamibeach-logoblue.png","width":1962,"height":381,"caption":"City of Miami Beach"},"image":{"@id":"https:\/\/www.miamibeachfl.gov\/#\/schema\/logo\/image\/"},"sameAs":["https:\/\/www.facebook.com\/cityofmiamibeach","https:\/\/x.com\/Miamibeachnews","https:\/\/www.instagram.com\/miamibeachnews\/"],"description":"Site oficial da cidade de Miami Beach. Mantenha-se informado e encontre informa\u00e7\u00f5es importantes sobre servi\u00e7os municipais, not\u00edcias, alertas, eventos, rotas de bonde, empregos p\u00fablicos e muito mais.","telephone":"305.604.CITY(2489)","legalName":"City of Miami Beach"}]}},"_links":{"self":[{"href":"https:\/\/www.miamibeachfl.gov\/pt\/wp-json\/wp\/v2\/pages\/261599","targetHints":{"allow":["GET"]}}],"collection":[{"href":"https:\/\/www.miamibeachfl.gov\/pt\/wp-json\/wp\/v2\/pages"}],"about":[{"href":"https:\/\/www.miamibeachfl.gov\/pt\/wp-json\/wp\/v2\/types\/page"}],"author":[{"embeddable":true,"href":"https:\/\/www.miamibeachfl.gov\/pt\/wp-json\/wp\/v2\/users\/222"}],"replies":[{"embeddable":true,"href":"https:\/\/www.miamibeachfl.gov\/pt\/wp-json\/wp\/v2\/comments?post=261599"}],"version-history":[{"count":1,"href":"https:\/\/www.miamibeachfl.gov\/pt\/wp-json\/wp\/v2\/pages\/261599\/revisions"}],"predecessor-version":[{"id":375085,"href":"https:\/\/www.miamibeachfl.gov\/pt\/wp-json\/wp\/v2\/pages\/261599\/revisions\/375085"}],"up":[{"embeddable":true,"href":"https:\/\/www.miamibeachfl.gov\/pt\/wp-json\/wp\/v2\/pages\/253255"}],"wp:attachment":[{"href":"https:\/\/www.miamibeachfl.gov\/pt\/wp-json\/wp\/v2\/media?parent=261599"}],"wp:term":[{"taxonomy":"category","embeddable":true,"href":"https:\/\/www.miamibeachfl.gov\/pt\/wp-json\/wp\/v2\/categories?post=261599"},{"taxonomy":"post_tag","embeddable":true,"href":"https:\/\/www.miamibeachfl.gov\/pt\/wp-json\/wp\/v2\/tags?post=261599"}],"curies":[{"name":"wp","href":"https:\/\/api.w.org\/{rel}","templated":true}]}}