{"id":262483,"date":"2023-05-31T08:29:45","date_gmt":"2023-05-31T12:29:45","guid":{"rendered":"https:\/\/www.miamibeachfl.gov\/?page_id=262483"},"modified":"2026-04-08T14:43:32","modified_gmt":"2026-04-08T18:43:32","slug":"beachconditions","status":"publish","type":"page","link":"https:\/\/www.miamibeachfl.gov\/pt\/egovapp\/beachconditions\/","title":{"rendered":"Condi\u00e7\u00f5es da praia"},"content":{"rendered":"<iframe\n    src=\"https:\/\/www.miamibeachfl.gov\/city-hall\/fire\/ocean-rescue\/currentbeachconditions\/\"\n    width=\"100%\" \n    height=\"800\" \n    loading=\"lazy\"\n    referrerpolicy=\"no-referrer-when-downgrade\">\n<\/iframe>\n\t\t\t\t\t\t<h2>Aprenda sobre algas marinhas<\/h2>\n\t\t\t<p>Voc\u00ea poder\u00e1 notar um fluxo maior de sarga\u00e7o (alga marinha) ao longo da nossa costa. A cidade continua em coordena\u00e7\u00e3o com os Parques do Condado de Miami-Dade para remover com seguran\u00e7a o excesso de algas marinhas das nossas praias. Equipes de limpeza operam diariamente para coletar, remover, cortar e revolver o ac\u00famulo de algas marinhas na linha d&#039;\u00e1gua ao longo da nossa praia de 12 quil\u00f4metros. <strong>Evite bloquear tratores em movimento durante a limpeza para que o sarga\u00e7o possa ser removido adequadamente.<\/strong><\/p>\n<p>Antes de operar m\u00e1quinas pesadas, uma equipe realiza vistorias em busca de ninhos e filhotes de tartarugas marinhas todas as manh\u00e3s. Ap\u00f3s a conclus\u00e3o da vistoria, as equipes de opera\u00e7\u00e3o da praia procedem \u00e0 limpeza da praia at\u00e9 o p\u00f4r do sol, independentemente das condi\u00e7\u00f5es da mar\u00e9.<\/p>\n<p><strong>Por que o sarga\u00e7o n\u00e3o pode ser removido da \u00e1gua antes de chegar \u00e0 costa?<\/strong><br \/>Regulamenta\u00e7\u00f5es ambientais municipais, estaduais e federais pro\u00edbem a remo\u00e7\u00e3o de algas da \u00e1gua antes que elas cheguem \u00e0 costa.<\/p>\n<p><strong>\u00c9 prejudicial aos banhistas?<br \/><\/strong>De acordo com o Departamento de Sa\u00fade da Fl\u00f3rida, \u00e0 medida que o sarga\u00e7o se decomp\u00f5e, ele libera uma subst\u00e2ncia chamada sulfeto de hidrog\u00eanio. O sulfeto de hidrog\u00eanio tem um odor muito desagrad\u00e1vel, semelhante ao de ovos podres. Embora as algas em si n\u00e3o causem danos aos humanos, pequenas criaturas marinhas que vivem no sarga\u00e7o podem causar erup\u00e7\u00f5es cut\u00e2neas e bolhas. O sulfeto de hidrog\u00eanio tamb\u00e9m pode irritar os olhos, o nariz e a garganta. Se voc\u00ea tem asma ou outras doen\u00e7as respirat\u00f3rias, estar\u00e1 mais sens\u00edvel a esses sintomas. No entanto, n\u00e3o se espera que os n\u00edveis de sulfeto de hidrog\u00eanio em uma \u00e1rea como a praia, com grande fluxo de ar, sejam prejudiciais \u00e0 sa\u00fade.<\/p>\n<p><strong>Quais s\u00e3o os benef\u00edcios do sarga\u00e7o?<\/strong><br \/>O sarga\u00e7o fornece habitat crucial para muitas esp\u00e9cies marinhas, incluindo tartarugas marinhas amea\u00e7adas de extin\u00e7\u00e3o, que, ao eclodirem em nossas praias, seguem para o sarga\u00e7o para passar seus anos juvenis se alimentando e crescendo entre as algas. \u00c9 tamb\u00e9m um elemento importante para a estabilidade da linha costeira. Tamb\u00e9m fornece nutrientes \u00e0 linha costeira e pode reabastecer \u00e1reas que sofrem eros\u00e3o devido a furac\u00f5es e tempestades, ajudando assim a manter nossas linhas costeiras resilientes.<\/p>\n<p>Por favor <a title=\"https:\/\/r20.rs6.net\/tn.jsp?f=001JjPU-KtFR1x1PC6ssWZl-scFOXSLcid6WC0Af5nkpIe2ENC7883I6lJcOEeZ2JcTFcuar9VAmxmVeVd9woacfsTYlXK09vq13XaX_f45h6-J_IG29TdLr-iDCthlbilwUaAgdsa4h31Jjgpt1hPBf13sfgXunpT3vLG-280LCrH71ZQkK3We9SHZh-DGUja6xXRJzDAWnbKHZW5oHjestVfG9UXfwHA9&amp;c=U5I9EB6Ge-F4lleREzyr3hve6AlRI1x3ZTSTSjgWOgB5Wf3QQ3ZmtQ==&amp;ch=ALa2PyVOGPM-M5fXMaDfKTQEYd_DJEeXQjr4ejCmBwEp7IxjfG-oPw==\" href=\"https:\/\/www.miamidade.gov\/global\/recreation\/sargassum.page\" target=\"_blank\" rel=\"noopener\"><b>Clique aqui<\/b><\/a> para ler mais informa\u00e7\u00f5es do Condado de Miami-Dade<\/p>\n<h2>\n\t\t\tSaiba mais sobre \u201cSargassum\u201d assistindo ao v\u00eddeo abaixo:\t<\/h2>\n\t<meta itemprop=\"name\" content=\"Learn About Seaweed\" \/><meta itemprop=\"description\" content=\"Video about sargassum in Miami Beach\" \/><meta itemprop=\"uploadDate\" content=\"2025-07-07T10:00-04:00\" \/><meta itemprop=\"thumbnailUrl\" content=\"https:\/\/www.miamibeachfl.gov\/wp-content\/uploads\/2025\/04\/OceanRescue-seaweedicon.png\" \/><meta itemprop=\"contentUrl\" content=\"https:\/\/miamibeach.wistia.com\/medias\/2a626mdbg7\" \/><meta itemprop=\"embedUrl\" content=\"https:\/\/miamibeach.wistia.com\/medias\/2a626mdbg7\" \/>\t\n\t<iframe allowfullscreen allow=\"autoplay\" data-src=\"https:\/\/fast.wistia.net\/embed\/iframe\/2a626mdbg7?controlsVisibleOnLoad=true&amp;muted=0&amp;playerColor&amp;copyLinkAndThumbnailEnabled=false\" title=\"Aprenda sobre algas marinhas\"><\/iframe>\t\t\n\t\t\t\t\tReproduzir v\u00eddeo\n\t\t\t\t\t\t<h2>Aprenda sobre correntes de retorno<\/h2>\n\t\t\t<p><b>P. O que \u00e9 uma \u201ccorrente de retorno\u201d?<\/b><br \/>Uma corrente de retorno \u00e9 uma corrente mar\u00edtima. \u00c9 causada por uma quantidade excessiva de \u00e1gua que entra em um banco de areia sobre o qual as ondas quebram em dire\u00e7\u00e3o \u00e0 costa. Esse ac\u00famulo de \u00e1gua se eleva acima do n\u00edvel do mar e flui em dire\u00e7\u00e3o ao mar atrav\u00e9s de \u00e1reas mais profundas do banco de areia, onde as ondas n\u00e3o quebram em dire\u00e7\u00e3o \u00e0 costa.<\/p>\n<p>As correntes de retorno s\u00e3o vis\u00edveis da costa. H\u00e1 v\u00e1rios &quot;sinais&quot; de sua exist\u00eancia. Procure os seguintes indicadores para determinar sua localiza\u00e7\u00e3o:<b>\u00c1reas de cor arenosa.<\/b>\u00a0Isso indica que uma corrente de retorno est\u00e1 se formando ao &quot;lavar&quot; a areia do fundo conforme a \u00e1gua flui em dire\u00e7\u00e3o ao mar.\u00a0<b>\u00c1gua de cor escura.<\/b>\u00a0Isso define as \u00e1reas mais profundas. Fendas de \u00e1gua mais escura indicam onde as correntes de retorno j\u00e1 se formaram.\u00a0<b>Uma linha de algas marinhas, espuma e\/ou detritos que se estende em dire\u00e7\u00e3o ao mar.<\/b>\u00a0Voc\u00ea est\u00e1 testemunhando itens trazidos do banco de areia pelas ondas e levados de volta para o mar pela corrente de retorno.\u00a0<b>Uma \u00e1rea de ondas confusas.<\/b>\u00a0Esta \u00e1rea agitada assemelha-se \u00e0 superf\u00edcie da \u00e1gua dentro de uma m\u00e1quina de lavar. As correntes de retorno nem sempre s\u00e3o facilmente percept\u00edveis a olhos destreinados. Um salva-vidas oce\u00e2nico experiente, com um ponto de observa\u00e7\u00e3o elevado, saber\u00e1 onde as correntes de retorno se encontram. Isso os ajuda a direcionar os banhistas para longe dessas \u00e1reas perigosas. Nade sempre em uma \u00e1rea vigiada.<\/p>\n<p><b>P. Quando \u00e9 prop\u00edcio para a exist\u00eancia de correntes de retorno nas praias?<\/b><br \/>Sempre que as ondas \u201cquebram\u201d em dire\u00e7\u00e3o \u00e0 costa, esse volume de \u00e1gua deve fluir de volta para o mar por gravidade. Uma \u201c<b>onda quebrando<\/b>&quot; \u00e9 uma onda em que a \u00e1gua (de apar\u00eancia branca) se move fisicamente em dire\u00e7\u00e3o \u00e0 costa. \u00c9 causada pela \u00e1gua que se derrama ou mergulha pelas faces da onda. Uma &quot;<b>inchar<\/b>\u201d por outro lado, \u00e9 apenas uma forma de energia das ondas; isto \u00e9, \u00e1gua se movendo em um plano vertical (para cima e para baixo) em vez de para a frente. Uma ondula\u00e7\u00e3o pode se transformar em uma onda de arrebenta\u00e7\u00e3o quando atinge \u00e1guas suficientemente rasas.<\/p>\n<p>A maioria das ondas se forma pela for\u00e7a do vento contra a \u00e1gua. \u00c0s vezes, as ondas viajam milhares de quil\u00f4metros em mar aberto devido a tempestades. Geralmente, por\u00e9m, ventos locais causam ondas em nossas costas.\u00a0<b>Portanto, pode-se esperar correntes de retorno em dias com fortes ventos costeiros<\/b>.<\/p>\n<p><b>P. Como algu\u00e9m preso em uma corrente de retorno pode se libertar?<\/b><br \/>As correntes de retorno podem se tornar fortes o suficiente para arrastar os melhores nadadores para o mar. O melhor m\u00e9todo de fuga seria nadar lateralmente, afastando-se da for\u00e7a da corrente, e depois nadar at\u00e9 a costa, permitindo que as ondas o empurrem em dire\u00e7\u00e3o \u00e0 costa. \u00c9 importante afastar-se consideravelmente da corrente de retorno para n\u00e3o ser retroalimentado pela corrente lateral (paralela \u00e0 costa).<br \/>Mesmo sabendo disso, pode n\u00e3o ser t\u00e3o simples quanto parece. Para sua pr\u00f3pria seguran\u00e7a, \u00e9 melhor nadar perto de um posto de salva-vidas.<\/p>\n<p><a title=\"Link para o Servi\u00e7o Nacional de Meteorologia\" href=\"http:\/\/www.ripcurrents.noaa.gov\/forecasts.shtml\" target=\"_blank\" rel=\"noopener\"><b>Servi\u00e7o Nacional de Meteorologia \u2013 Seguran\u00e7a contra Correntes de Retorno<\/b><\/a><br \/><b><a title=\"Associa\u00e7\u00e3o de Salvamento dos Estados Unidos\" href=\"http:\/\/www.usla.org\/\" target=\"_blank\" rel=\"noopener\">Associa\u00e7\u00e3o de Salvamento dos Estados Unidos<\/a>\u00a0<\/b><\/p>\n<p><img loading=\"lazy\" decoding=\"async\" src=\"https:\/\/www.miamibeachfl.gov\/wp-content\/uploads\/2023\/05\/Rip_Currents_graphic-scaled.jpg\" alt=\"Rip Current Diagram\" width=\"2560\" height=\"1599\" \/><\/p>\n<h2>\n\t\t\tAssista ao v\u00eddeo \u201cAnima\u00e7\u00e3o de seguran\u00e7a contra correntes de retorno\u201d do Servi\u00e7o Meteorol\u00f3gico Nacional:\t<\/h2>\n\t\t\t<meta itemprop=\"name\" content=\"Learn about rip currents\" \/><meta itemprop=\"description\" content=\"Watch the National Weather Service Rip Current Safety Video\" \/><meta itemprop=\"uploadDate\" content=\"2025-07-07\" \/><meta itemprop=\"thumbnailUrl\" content=\"https:\/\/www.miamibeachfl.gov\/wp-content\/uploads\/2023\/05\/Rip_Currents_graphic-scaled.jpg\" \/><meta itemprop=\"contentUrl\" content=\"https:\/\/www.youtube.com\/watch?v=i9rk3brkHew\" \/><meta itemprop=\"embedUrl\" content=\"https:\/\/www.youtube.com\/watch?v=i9rk3brkHew\" \/>\t\t\t\t\t\t\t\t\t\n\t\t\t\t\t<img decoding=\"async\" src=\"https:\/\/i.ytimg.com\/vi\/i9rk3brkHew\/maxresdefault.jpg\" alt=\"youtube-video-thumbnail\"\/>","protected":false},"excerpt":{"rendered":"<p>Learn About Seaweed You may notice a heavier influx of sargassum (seaweed) along our shoreline. The city continues to coordinate [&hellip;]<\/p>\n","protected":false},"author":222,"featured_media":0,"parent":260953,"menu_order":35,"comment_status":"closed","ping_status":"closed","template":"","meta":{"_searchwp_excluded":"1","site-sidebar-layout":"default","site-content-layout":"","ast-site-content-layout":"","site-content-style":"default","site-sidebar-style":"default","ast-global-header-display":"","ast-banner-title-visibility":"","ast-main-header-display":"disabled","ast-hfb-above-header-display":"","ast-hfb-below-header-display":"disabled","ast-hfb-mobile-header-display":"","site-post-title":"","ast-breadcrumbs-content":"","ast-featured-img":"","footer-sml-layout":"","theme-transparent-header-meta":"","adv-header-id-meta":"","stick-header-meta":"","header-above-stick-meta":"","header-main-stick-meta":"","header-below-stick-meta":"","astra-migrate-meta-layouts":"default","ast-page-background-enabled":"default","ast-page-background-meta":{"desktop":{"background-color":"var(--ast-global-color-5)","background-image":"","background-repeat":"repeat","background-position":"center center","background-size":"auto","background-attachment":"scroll","background-type":"","background-media":"","overlay-type":"","overlay-color":"","overlay-opacity":"","overlay-gradient":""},"tablet":{"background-color":"","background-image":"","background-repeat":"repeat","background-position":"center center","background-size":"auto","background-attachment":"scroll","background-type":"","background-media":"","overlay-type":"","overlay-color":"","overlay-opacity":"","overlay-gradient":""},"mobile":{"background-color":"","background-image":"","background-repeat":"repeat","background-position":"center center","background-size":"auto","background-attachment":"scroll","background-type":"","background-media":"","overlay-type":"","overlay-color":"","overlay-opacity":"","overlay-gradient":""}},"ast-content-background-meta":{"desktop":{"background-color":"var(--ast-global-color-4)","background-image":"","background-repeat":"repeat","background-position":"center center","background-size":"auto","background-attachment":"scroll","background-type":"","background-media":"","overlay-type":"","overlay-color":"","overlay-opacity":"","overlay-gradient":""},"tablet":{"background-color":"var(--ast-global-color-4)","background-image":"","background-repeat":"repeat","background-position":"center center","background-size":"auto","background-attachment":"scroll","background-type":"","background-media":"","overlay-type":"","overlay-color":"","overlay-opacity":"","overlay-gradient":""},"mobile":{"background-color":"var(--ast-global-color-4)","background-image":"","background-repeat":"repeat","background-position":"center center","background-size":"auto","background-attachment":"scroll","background-type":"","background-media":"","overlay-type":"","overlay-color":"","overlay-opacity":"","overlay-gradient":""}},"footnotes":""},"categories":[],"tags":[1002],"class_list":["post-262483","page","type-page","status-publish","hentry","tag-app-egov-page"],"yoast_head":"<!-- This site is optimized with the Yoast SEO Premium plugin v27.4 (Yoast SEO v27.4) - https:\/\/yoast.com\/product\/yoast-seo-premium-wordpress\/ -->\n<title>Beach Conditions - City of Miami Beach<\/title>\n<meta name=\"description\" content=\"%\" \/>\n<meta name=\"robots\" content=\"index, follow, max-snippet:-1, max-image-preview:large, max-video-preview:-1\" \/>\n<link rel=\"canonical\" href=\"https:\/\/www.miamibeachfl.gov\/pt\/egovapp\/beachconditions\/\" \/>\n<meta property=\"og:locale\" content=\"pt_BR\" \/>\n<meta property=\"og:type\" content=\"article\" \/>\n<meta property=\"og:title\" content=\"Beach Conditions\" \/>\n<meta property=\"og:description\" content=\"%\" \/>\n<meta property=\"og:url\" content=\"https:\/\/www.miamibeachfl.gov\/pt\/egovapp\/beachconditions\/\" \/>\n<meta property=\"og:site_name\" content=\"City of Miami Beach\" \/>\n<meta property=\"article:publisher\" content=\"https:\/\/www.facebook.com\/cityofmiamibeach\" \/>\n<meta property=\"article:modified_time\" content=\"2026-04-08T18:43:32+00:00\" \/>\n<meta property=\"og:image\" content=\"https:\/\/www.miamibeachfl.gov\/wp-content\/uploads\/2023\/05\/Rip_Currents_graphic-scaled.jpg\" \/>\n<meta name=\"twitter:card\" content=\"summary_large_image\" \/>\n<meta name=\"twitter:site\" content=\"@Miamibeachnews\" \/>\n<script type=\"application\/ld+json\" class=\"yoast-schema-graph\">{\"@context\":\"https:\\\/\\\/schema.org\",\"@graph\":[{\"@type\":\"WebPage\",\"@id\":\"https:\\\/\\\/www.miamibeachfl.gov\\\/egovapp\\\/beachconditions\\\/\",\"url\":\"https:\\\/\\\/www.miamibeachfl.gov\\\/egovapp\\\/beachconditions\\\/\",\"name\":\"Beach Conditions - City of Miami Beach\",\"isPartOf\":{\"@id\":\"https:\\\/\\\/www.miamibeachfl.gov\\\/#website\"},\"primaryImageOfPage\":{\"@id\":\"https:\\\/\\\/www.miamibeachfl.gov\\\/egovapp\\\/beachconditions\\\/#primaryimage\"},\"image\":{\"@id\":\"https:\\\/\\\/www.miamibeachfl.gov\\\/egovapp\\\/beachconditions\\\/#primaryimage\"},\"thumbnailUrl\":\"https:\\\/\\\/www.miamibeachfl.gov\\\/wp-content\\\/uploads\\\/2023\\\/05\\\/Rip_Currents_graphic-scaled.jpg\",\"datePublished\":\"2023-05-31T12:29:45+00:00\",\"dateModified\":\"2026-04-08T18:43:32+00:00\",\"description\":\"%\",\"breadcrumb\":{\"@id\":\"https:\\\/\\\/www.miamibeachfl.gov\\\/egovapp\\\/beachconditions\\\/#breadcrumb\"},\"inLanguage\":\"pt-BR\",\"potentialAction\":[{\"@type\":\"ReadAction\",\"target\":[\"https:\\\/\\\/www.miamibeachfl.gov\\\/egovapp\\\/beachconditions\\\/\"]}]},{\"@type\":\"ImageObject\",\"inLanguage\":\"pt-BR\",\"@id\":\"https:\\\/\\\/www.miamibeachfl.gov\\\/egovapp\\\/beachconditions\\\/#primaryimage\",\"url\":\"https:\\\/\\\/www.miamibeachfl.gov\\\/wp-content\\\/uploads\\\/2023\\\/05\\\/Rip_Currents_graphic-scaled.jpg\",\"contentUrl\":\"https:\\\/\\\/www.miamibeachfl.gov\\\/wp-content\\\/uploads\\\/2023\\\/05\\\/Rip_Currents_graphic-scaled.jpg\"},{\"@type\":\"BreadcrumbList\",\"@id\":\"https:\\\/\\\/www.miamibeachfl.gov\\\/egovapp\\\/beachconditions\\\/#breadcrumb\",\"itemListElement\":[{\"@type\":\"ListItem\",\"position\":1,\"name\":\"Home\",\"item\":\"https:\\\/\\\/www.miamibeachfl.gov\\\/\"},{\"@type\":\"ListItem\",\"position\":2,\"name\":\"MobileAppPages\",\"item\":\"https:\\\/\\\/www.miamibeachfl.gov\\\/egovapp\\\/\"},{\"@type\":\"ListItem\",\"position\":3,\"name\":\"Beach Conditions\"}]},{\"@type\":\"WebSite\",\"@id\":\"https:\\\/\\\/www.miamibeachfl.gov\\\/#website\",\"url\":\"https:\\\/\\\/www.miamibeachfl.gov\\\/\",\"name\":\"City of Miami Beach\",\"description\":\"The official website of the City of Miami Beach. Stay informed, find important information on city services, news, alerts, events, trolley routes, government employment and more.\",\"publisher\":{\"@id\":\"https:\\\/\\\/www.miamibeachfl.gov\\\/#organization\"},\"potentialAction\":[{\"@type\":\"SearchAction\",\"target\":{\"@type\":\"EntryPoint\",\"urlTemplate\":\"https:\\\/\\\/www.miamibeachfl.gov\\\/?s={search_term_string}\"},\"query-input\":{\"@type\":\"PropertyValueSpecification\",\"valueRequired\":true,\"valueName\":\"search_term_string\"}}],\"inLanguage\":\"pt-BR\"},{\"@type\":\"Organization\",\"@id\":\"https:\\\/\\\/www.miamibeachfl.gov\\\/#organization\",\"name\":\"City of Miami Beach\",\"url\":\"https:\\\/\\\/www.miamibeachfl.gov\\\/\",\"logo\":{\"@type\":\"ImageObject\",\"inLanguage\":\"pt-BR\",\"@id\":\"https:\\\/\\\/www.miamibeachfl.gov\\\/#\\\/schema\\\/logo\\\/image\\\/\",\"url\":\"https:\\\/\\\/www.miamibeachfl.gov\\\/wp-content\\\/uploads\\\/2022\\\/06\\\/miamibeach-logoblue.png\",\"contentUrl\":\"https:\\\/\\\/www.miamibeachfl.gov\\\/wp-content\\\/uploads\\\/2022\\\/06\\\/miamibeach-logoblue.png\",\"width\":1962,\"height\":381,\"caption\":\"City of Miami Beach\"},\"image\":{\"@id\":\"https:\\\/\\\/www.miamibeachfl.gov\\\/#\\\/schema\\\/logo\\\/image\\\/\"},\"sameAs\":[\"https:\\\/\\\/www.facebook.com\\\/cityofmiamibeach\",\"https:\\\/\\\/x.com\\\/Miamibeachnews\",\"https:\\\/\\\/www.instagram.com\\\/miamibeachnews\\\/\"],\"description\":\"The official website of the City of Miami Beach. Stay informed, find important information on city services, news, alerts, events, trolley routes, government employment and more.\",\"telephone\":\"305.604.CITY(2489)\",\"legalName\":\"City of Miami Beach\"}]}<\/script>\n<!-- \/ Yoast SEO Premium plugin. -->","yoast_head_json":{"title":"Beach Conditions - City of Miami Beach","description":"%","robots":{"index":"index","follow":"follow","max-snippet":"max-snippet:-1","max-image-preview":"max-image-preview:large","max-video-preview":"max-video-preview:-1"},"canonical":"https:\/\/www.miamibeachfl.gov\/pt\/egovapp\/beachconditions\/","og_locale":"pt_BR","og_type":"article","og_title":"Beach Conditions","og_description":"%","og_url":"https:\/\/www.miamibeachfl.gov\/pt\/egovapp\/beachconditions\/","og_site_name":"City of Miami Beach","article_publisher":"https:\/\/www.facebook.com\/cityofmiamibeach","article_modified_time":"2026-04-08T18:43:32+00:00","og_image":[{"url":"https:\/\/www.miamibeachfl.gov\/wp-content\/uploads\/2023\/05\/Rip_Currents_graphic-scaled.jpg","type":"","width":"","height":""}],"twitter_card":"summary_large_image","twitter_site":"@Miamibeachnews","schema":{"@context":"https:\/\/schema.org","@graph":[{"@type":"WebPage","@id":"https:\/\/www.miamibeachfl.gov\/egovapp\/beachconditions\/","url":"https:\/\/www.miamibeachfl.gov\/egovapp\/beachconditions\/","name":"Beach Conditions - City of Miami Beach","isPartOf":{"@id":"https:\/\/www.miamibeachfl.gov\/#website"},"primaryImageOfPage":{"@id":"https:\/\/www.miamibeachfl.gov\/egovapp\/beachconditions\/#primaryimage"},"image":{"@id":"https:\/\/www.miamibeachfl.gov\/egovapp\/beachconditions\/#primaryimage"},"thumbnailUrl":"https:\/\/www.miamibeachfl.gov\/wp-content\/uploads\/2023\/05\/Rip_Currents_graphic-scaled.jpg","datePublished":"2023-05-31T12:29:45+00:00","dateModified":"2026-04-08T18:43:32+00:00","description":"%","breadcrumb":{"@id":"https:\/\/www.miamibeachfl.gov\/egovapp\/beachconditions\/#breadcrumb"},"inLanguage":"pt-BR","potentialAction":[{"@type":"ReadAction","target":["https:\/\/www.miamibeachfl.gov\/egovapp\/beachconditions\/"]}]},{"@type":"ImageObject","inLanguage":"pt-BR","@id":"https:\/\/www.miamibeachfl.gov\/egovapp\/beachconditions\/#primaryimage","url":"https:\/\/www.miamibeachfl.gov\/wp-content\/uploads\/2023\/05\/Rip_Currents_graphic-scaled.jpg","contentUrl":"https:\/\/www.miamibeachfl.gov\/wp-content\/uploads\/2023\/05\/Rip_Currents_graphic-scaled.jpg"},{"@type":"BreadcrumbList","@id":"https:\/\/www.miamibeachfl.gov\/egovapp\/beachconditions\/#breadcrumb","itemListElement":[{"@type":"ListItem","position":1,"name":"Home","item":"https:\/\/www.miamibeachfl.gov\/"},{"@type":"ListItem","position":2,"name":"MobileAppPages","item":"https:\/\/www.miamibeachfl.gov\/egovapp\/"},{"@type":"ListItem","position":3,"name":"Beach Conditions"}]},{"@type":"WebSite","@id":"https:\/\/www.miamibeachfl.gov\/#website","url":"https:\/\/www.miamibeachfl.gov\/","name":"Cidade de Miami Beach","description":"Site oficial da cidade de Miami Beach. Mantenha-se informado e encontre informa\u00e7\u00f5es importantes sobre servi\u00e7os municipais, not\u00edcias, alertas, eventos, rotas de bonde, empregos p\u00fablicos e muito mais.","publisher":{"@id":"https:\/\/www.miamibeachfl.gov\/#organization"},"potentialAction":[{"@type":"SearchAction","target":{"@type":"EntryPoint","urlTemplate":"https:\/\/www.miamibeachfl.gov\/?s={search_term_string}"},"query-input":{"@type":"PropertyValueSpecification","valueRequired":true,"valueName":"search_term_string"}}],"inLanguage":"pt-BR"},{"@type":"Organization","@id":"https:\/\/www.miamibeachfl.gov\/#organization","name":"Cidade de Miami Beach","url":"https:\/\/www.miamibeachfl.gov\/","logo":{"@type":"ImageObject","inLanguage":"pt-BR","@id":"https:\/\/www.miamibeachfl.gov\/#\/schema\/logo\/image\/","url":"https:\/\/www.miamibeachfl.gov\/wp-content\/uploads\/2022\/06\/miamibeach-logoblue.png","contentUrl":"https:\/\/www.miamibeachfl.gov\/wp-content\/uploads\/2022\/06\/miamibeach-logoblue.png","width":1962,"height":381,"caption":"City of Miami Beach"},"image":{"@id":"https:\/\/www.miamibeachfl.gov\/#\/schema\/logo\/image\/"},"sameAs":["https:\/\/www.facebook.com\/cityofmiamibeach","https:\/\/x.com\/Miamibeachnews","https:\/\/www.instagram.com\/miamibeachnews\/"],"description":"Site oficial da cidade de Miami Beach. Mantenha-se informado e encontre informa\u00e7\u00f5es importantes sobre servi\u00e7os municipais, not\u00edcias, alertas, eventos, rotas de bonde, empregos p\u00fablicos e muito mais.","telephone":"305.604.CITY(2489)","legalName":"City of Miami Beach"}]}},"_links":{"self":[{"href":"https:\/\/www.miamibeachfl.gov\/pt\/wp-json\/wp\/v2\/pages\/262483","targetHints":{"allow":["GET"]}}],"collection":[{"href":"https:\/\/www.miamibeachfl.gov\/pt\/wp-json\/wp\/v2\/pages"}],"about":[{"href":"https:\/\/www.miamibeachfl.gov\/pt\/wp-json\/wp\/v2\/types\/page"}],"author":[{"embeddable":true,"href":"https:\/\/www.miamibeachfl.gov\/pt\/wp-json\/wp\/v2\/users\/222"}],"replies":[{"embeddable":true,"href":"https:\/\/www.miamibeachfl.gov\/pt\/wp-json\/wp\/v2\/comments?post=262483"}],"version-history":[{"count":2,"href":"https:\/\/www.miamibeachfl.gov\/pt\/wp-json\/wp\/v2\/pages\/262483\/revisions"}],"predecessor-version":[{"id":398562,"href":"https:\/\/www.miamibeachfl.gov\/pt\/wp-json\/wp\/v2\/pages\/262483\/revisions\/398562"}],"up":[{"embeddable":true,"href":"https:\/\/www.miamibeachfl.gov\/pt\/wp-json\/wp\/v2\/pages\/260953"}],"wp:attachment":[{"href":"https:\/\/www.miamibeachfl.gov\/pt\/wp-json\/wp\/v2\/media?parent=262483"}],"wp:term":[{"taxonomy":"category","embeddable":true,"href":"https:\/\/www.miamibeachfl.gov\/pt\/wp-json\/wp\/v2\/categories?post=262483"},{"taxonomy":"post_tag","embeddable":true,"href":"https:\/\/www.miamibeachfl.gov\/pt\/wp-json\/wp\/v2\/tags?post=262483"}],"curies":[{"name":"wp","href":"https:\/\/api.w.org\/{rel}","templated":true}]}}