{"id":264653,"date":"2023-07-03T15:51:40","date_gmt":"2023-07-03T19:51:40","guid":{"rendered":"https:\/\/www.miamibeachfl.gov\/?page_id=264653"},"modified":"2025-06-02T22:23:10","modified_gmt":"2025-06-03T02:23:10","slug":"july-2023-business-spotlight-vida-estilo-group-miami-beach","status":"publish","type":"page","link":"https:\/\/www.miamibeachfl.gov\/pt\/spotlight\/july-2023-business-spotlight-vida-estilo-group-miami-beach\/","title":{"rendered":"GRUPO VIDA &amp; ESTILO ESTILOS DE VIDA CULIN\u00c1RIOS EM MIAMI BEACH"},"content":{"rendered":"<h5>\n\t\t<a href=\"https:\/\/www.miamibeachfl.gov\/pt\/mbbiznews\/\" title=\"Assine aqui para receber o boletim de neg\u00f3cios da cidade mensalmente em sua caixa de entrada.\"  target=\"_blank\"  rel=\"noopener\">\n\t\t\tAssine aqui para receber o boletim de neg\u00f3cios da cidade mensalmente em sua caixa de entrada.\t\t<\/a>\n\t<\/h5>\n<h5>\n\t\t<a href=\"https:\/\/myemail.constantcontact.com\/Stay-connected-with-MB-Biz--.html?soid=1011085968389&#038;aid=S0mHBwwl4Fs\" title=\"Boletim de Neg\u00f3cios\"  target=\"_blank\"  rel=\"noopener\">\n\t\t\tBoletim de Neg\u00f3cios\t\t<\/a>\n\t<\/h5>\n\t\t\t\t<img decoding=\"async\" src=\"https:\/\/www.miamibeachfl.gov\/wp-content\/uploads\/2023\/07\/Jamil-scaled.jpeg\" alt=\"Jamil\" itemprop=\"image\" title=\"Jamil\" onerror=\"this.style.display='none'\" loading='lazy' \/>\n\t<p>Vida &amp; Estilo Restaurant Group | V&amp;E Hospitality Group (V&amp;E), que se traduz em <em>Vida e Estilo<\/em> em espanhol, \u00e9 pioneira na ind\u00fastria culin\u00e1ria, respons\u00e1vel por alguns dos conceitos de restaurantes mais reconhecidos e refinados. A marca exala conceitos de estilo de vida que combinam gastronomia, mixologia, entretenimento e atmosferas \u00fanicas em seus estabelecimentos.<\/p>\n<p>O portf\u00f3lio premiado da V&amp;E inclui <em>Caf\u00e9 Americano<\/em>, <em>PaperFish, Barsecco<\/em>, <em>Ah! M\u00e9xico<\/em>, <em>La Cerveceria<\/em> <em>de Barrio<\/em>, <em>Havana 1957<\/em>, <em>Caf\u00e9 Cortadito<\/em>, <em>Marab\u00fa<\/em> e <em>Mercado da Pesca<\/em>. Um segundo <em>Peixe de papel<\/em> inaugurado recentemente na Espanola Way, e a equipe reformou a ic\u00f4nica Ocean Drive <em>Caf\u00e9 de not\u00edcias<\/em> e <em>Oh! M\u00e9xico Taco Shop<\/em>. O boletim informativo ED Business de julho destaca Jamil Dib, cofundador e propriet\u00e1rio do V&amp;E Restaurant Group.<\/p>\n<ol>\n<li><strong> Por favor, compartilhe a hist\u00f3ria dos conceitos do seu restaurante e o que o inspirou a abrir em Miami Beach?<\/strong><\/li>\n<\/ol>\n<p>O Vida &amp; Estilo abriu seu primeiro restaurante em 1997. Nossa inspira\u00e7\u00e3o para nos mudarmos do M\u00e9xico para Miami Beach foi mudar nosso estilo de vida. Fomos impulsionados pela magia de Miami Beach e agora tenho orgulho de chamar a cidade de meu lar.<\/p>\n<ol start=\"2\">\n<li><strong> Como voc\u00ea descreveria a atmosfera e o ambiente dos seus conceitos de restaurante?<\/strong><\/li>\n<\/ol>\n<p>Nossos conceitos s\u00e3o sobre proporcionar uma experi\u00eancia memor\u00e1vel. Selecionamos nossos locais com dedica\u00e7\u00e3o absoluta ao tema e ao conceito do restaurante. O relan\u00e7amento <em>Caf\u00e9 de not\u00edcias<\/em>, uma opera\u00e7\u00e3o em parceria com a Goldman Properties, e dedicou muito esfor\u00e7o para recriar a ess\u00eancia e o esp\u00edrito, passado, presente e futuro, de Ocean Drive e South Beach.<\/p>\n<p><img loading=\"lazy\" decoding=\"async\" src=\"https:\/\/www.miamibeachfl.gov\/wp-content\/uploads\/2023\/07\/NEWS-CAFE-2023-2-300x195.png\" alt=\"\" width=\"300\" height=\"195\" \/><\/p>\n<ol start=\"3\">\n<li><strong>\u00a0Por favor, compartilhe algumas de suas ofertas culin\u00e1rias populares e o que as faz se destacar?<\/strong><\/li>\n<\/ol>\n<p>Temos orgulho de destacar a culin\u00e1ria cubana em <em>Havana 1957<\/em>, que foi o segundo restaurante do Vida &amp; Estilo. Agora temos cinco <em>Havana 1957<\/em> locais, o primeiro foi inaugurado h\u00e1 mais de uma d\u00e9cada na Espa\u00f1ola Way e foi recentemente inclu\u00eddo na lista das melhores comidas cubanas de Miami, destacando especificamente nosso <em>vaca frita<\/em> (carne desfiada frita). <em>Havana 1957<\/em> tamb\u00e9m \u00e9 conhecido pelo nosso frango exclusivo, <em>Frango Havana<\/em>, uma receita de fam\u00edlia, que \u00e9 assada no forno por 3 horas e meia e marinada por 72 horas. Al\u00e9m disso, nossos amantes da comida japonesa apreciam nosso rolinho de sushi exclusivo, o <em>Acevichada<\/em>, no <em>Peixe de papel<\/em>, que \u00e9 muito popular em Miami Beach e Miami.<\/p>\n<p><img loading=\"lazy\" decoding=\"async\" src=\"https:\/\/www.miamibeachfl.gov\/wp-content\/uploads\/2023\/07\/Food-300x189.png\" alt=\"\" width=\"300\" height=\"189\" \/><img loading=\"lazy\" decoding=\"async\" src=\"https:\/\/www.miamibeachfl.gov\/wp-content\/uploads\/2023\/07\/food-2-300x221.png\" alt=\"\" width=\"300\" height=\"221\" \/><\/p>\n<ol start=\"4\">\n<li><strong> Quais ingredientes ou t\u00e9cnicas de cozimento exclusivos voc\u00ea usa em seus pratos?<\/strong><\/li>\n<\/ol>\n<p>Usamos um forno Josper em <em>Mercado da Pesca<\/em>. \u00c9 um forno a carv\u00e3o que nos permite combinar elementos tradicionais com uma culin\u00e1ria moderna e inovadora. Tamb\u00e9m gostamos de cozinhar frutos do mar e peixes, como o nosso famoso robalo, e preparar carnes saborosas com essa t\u00e9cnica de grelhar a carv\u00e3o.<\/p>\n<p><img loading=\"lazy\" decoding=\"async\" src=\"https:\/\/www.miamibeachfl.gov\/wp-content\/uploads\/2023\/07\/food-3-300x149.png\" alt=\"\" width=\"300\" height=\"149\" \/><\/p>\n<ol start=\"5\">\n<li><strong> Como voc\u00ea obt\u00e9m seus ingredientes e prioriza o uso de produtos org\u00e2nicos ou de origem local?<\/strong><\/li>\n<\/ol>\n<p>Nosso departamento de compras aprimora constantemente nossa sele\u00e7\u00e3o de produtos, hortifrutigranjeiros e fornecedores de qualidade. Buscamos fornecedores locais, sempre que poss\u00edvel, e monitoramos de perto a disponibilidade e o valor. Trabalhamos com afinco para manter o custo dos alimentos acess\u00edvel, a fim de manter um card\u00e1pio acess\u00edvel aos nossos clientes.<\/p>\n<ol start=\"6\">\n<li><strong>\u00a0Que tipo de experi\u00eancia gastron\u00f4mica os clientes podem esperar quando v\u00e3o aos seus restaurantes e como voc\u00ea garante um servi\u00e7o de alta qualidade?<\/strong><\/li>\n<\/ol>\n<p>Excel\u00eancia e honestidade est\u00e3o no card\u00e1pio. Nossa comida \u00e9 o que atrai os clientes, e nosso atendimento, reputa\u00e7\u00e3o, limpeza, seguran\u00e7a e decora\u00e7\u00e3o s\u00e3o os itens essenciais que completam o ambiente gastron\u00f4mico. Dedicamos muita aten\u00e7\u00e3o a toda a experi\u00eancia do cliente e a tornamos memor\u00e1vel.<\/p>\n<p>7.<strong> Que medidas voc\u00ea toma para acomodar restri\u00e7\u00f5es alimentares e prefer\u00eancias pessoais?<\/strong><\/p>\n<p>Ser capaz de atender a restri\u00e7\u00f5es alimentares e prefer\u00eancias pessoais, como op\u00e7\u00f5es vegetarianas e sem gl\u00faten, \u00e9 fundamental para a nossa entrega de refei\u00e7\u00f5es e para o nosso atendimento ao cliente. Por exemplo, <em>Caf\u00e9 Cortadito<\/em> oferece uma variedade de op\u00e7\u00f5es sem latic\u00ednios, como um caf\u00e9 com leite com uma variedade de op\u00e7\u00f5es de leite, que tem sido amplamente apreciado e apreciado por nossos clientes.<\/p>\n<p><img loading=\"lazy\" decoding=\"async\" src=\"https:\/\/www.miamibeachfl.gov\/wp-content\/uploads\/2023\/07\/cortadito-300x203.png\" alt=\"\" width=\"300\" height=\"203\" \/><\/p>\n<ol start=\"8\">\n<li><strong> Quais s\u00e3o seus planos e metas futuras e como voc\u00ea planeja continuar crescendo e evoluindo?<\/strong><\/li>\n<\/ol>\n<p>Adaptar, transformar e entender as necessidades dos nossos consumidores e cultivar a pr\u00f3xima gera\u00e7\u00e3o de clientes \u00e9 o nosso objetivo do dia.<\/p>\n<p>Estamos trabalhando para entender e estimular nossos consumidores culin\u00e1rios mais jovens, nutrir nossos clientes atuais de Miami Beach, tornar nossos restaurantes destinos &quot;imperd\u00edveis&quot; e continuar a expandir nossa oferta culin\u00e1ria no mundo da hospitalidade e gastronomia em constante expans\u00e3o.<\/p>\n<p>Para mais informa\u00e7\u00f5es, visite: <strong><a href=\"https:\/\/www.verestaurants.com\">https:\/\/www.verestaurants.com<\/a><\/strong><\/p>\n<p>&nbsp;<\/p>\n<p>&nbsp;<\/p>","protected":false},"excerpt":{"rendered":"<p>Assine aqui para receber o boletim informativo de neg\u00f3cios da cidade mensalmente em sua caixa de entrada. Boletim de Neg\u00f3cios Vida &amp; Estilo Restaurant Group | [\u2026]<\/p>","protected":false},"author":222,"featured_media":0,"parent":253255,"menu_order":0,"comment_status":"closed","ping_status":"closed","template":"","meta":{"_searchwp_excluded":"","site-sidebar-layout":"default","site-content-layout":"","ast-site-content-layout":"default","site-content-style":"default","site-sidebar-style":"default","ast-global-header-display":"","ast-banner-title-visibility":"","ast-main-header-display":"","ast-hfb-above-header-display":"","ast-hfb-below-header-display":"","ast-hfb-mobile-header-display":"","site-post-title":"","ast-breadcrumbs-content":"","ast-featured-img":"","footer-sml-layout":"","theme-transparent-header-meta":"","adv-header-id-meta":"","stick-header-meta":"","header-above-stick-meta":"","header-main-stick-meta":"","header-below-stick-meta":"","astra-migrate-meta-layouts":"default","ast-page-background-enabled":"default","ast-page-background-meta":{"desktop":{"background-color":"var(--ast-global-color-5)","background-image":"","background-repeat":"repeat","background-position":"center center","background-size":"auto","background-attachment":"scroll","background-type":"","background-media":"","overlay-type":"","overlay-color":"","overlay-opacity":"","overlay-gradient":""},"tablet":{"background-color":"","background-image":"","background-repeat":"repeat","background-position":"center center","background-size":"auto","background-attachment":"scroll","background-type":"","background-media":"","overlay-type":"","overlay-color":"","overlay-opacity":"","overlay-gradient":""},"mobile":{"background-color":"","background-image":"","background-repeat":"repeat","background-position":"center center","background-size":"auto","background-attachment":"scroll","background-type":"","background-media":"","overlay-type":"","overlay-color":"","overlay-opacity":"","overlay-gradient":""}},"ast-content-background-meta":{"desktop":{"background-color":"var(--ast-global-color-4)","background-image":"","background-repeat":"repeat","background-position":"center center","background-size":"auto","background-attachment":"scroll","background-type":"","background-media":"","overlay-type":"","overlay-color":"","overlay-opacity":"","overlay-gradient":""},"tablet":{"background-color":"var(--ast-global-color-4)","background-image":"","background-repeat":"repeat","background-position":"center center","background-size":"auto","background-attachment":"scroll","background-type":"","background-media":"","overlay-type":"","overlay-color":"","overlay-opacity":"","overlay-gradient":""},"mobile":{"background-color":"var(--ast-global-color-4)","background-image":"","background-repeat":"repeat","background-position":"center center","background-size":"auto","background-attachment":"scroll","background-type":"","background-media":"","overlay-type":"","overlay-color":"","overlay-opacity":"","overlay-gradient":""}},"footnotes":""},"categories":[],"tags":[],"class_list":["post-264653","page","type-page","status-publish","hentry"],"yoast_head":"<!-- This site is optimized with the Yoast SEO Premium plugin v26.6 (Yoast SEO v26.6) - https:\/\/yoast.com\/wordpress\/plugins\/seo\/ -->\n<title>VIDA &amp; ESTILO GROUP CULINARY LIFESTYLES IN MIAMI BEACH - City of Miami Beach<\/title>\n<meta name=\"description\" content=\"%\" \/>\n<meta name=\"robots\" content=\"index, follow, max-snippet:-1, max-image-preview:large, max-video-preview:-1\" \/>\n<link rel=\"canonical\" href=\"https:\/\/www.miamibeachfl.gov\/pt\/spotlight\/july-2023-business-spotlight-vida-estilo-group-miami-beach\/\" \/>\n<meta property=\"og:locale\" content=\"pt_BR\" \/>\n<meta property=\"og:type\" content=\"article\" \/>\n<meta property=\"og:title\" content=\"VIDA &amp; ESTILO GROUP CULINARY LIFESTYLES IN MIAMI BEACH\" \/>\n<meta property=\"og:description\" content=\"%\" \/>\n<meta property=\"og:url\" content=\"https:\/\/www.miamibeachfl.gov\/pt\/spotlight\/july-2023-business-spotlight-vida-estilo-group-miami-beach\/\" \/>\n<meta property=\"og:site_name\" content=\"City of Miami Beach\" \/>\n<meta property=\"article:publisher\" content=\"https:\/\/www.facebook.com\/cityofmiamibeach\" \/>\n<meta property=\"article:modified_time\" content=\"2025-06-03T02:23:10+00:00\" \/>\n<meta property=\"og:image\" content=\"https:\/\/www.miamibeachfl.gov\/wp-content\/uploads\/2023\/07\/Jamil-scaled.jpeg\" \/>\n<meta name=\"twitter:card\" content=\"summary_large_image\" \/>\n<meta name=\"twitter:site\" content=\"@Miamibeachnews\" \/>\n<script type=\"application\/ld+json\" class=\"yoast-schema-graph\">{\"@context\":\"https:\/\/schema.org\",\"@graph\":[{\"@type\":\"WebPage\",\"@id\":\"https:\/\/www.miamibeachfl.gov\/spotlight\/july-2023-business-spotlight-vida-estilo-group-miami-beach\/\",\"url\":\"https:\/\/www.miamibeachfl.gov\/spotlight\/july-2023-business-spotlight-vida-estilo-group-miami-beach\/\",\"name\":\"VIDA & ESTILO GROUP CULINARY LIFESTYLES IN MIAMI BEACH - City of Miami Beach\",\"isPartOf\":{\"@id\":\"https:\/\/www.miamibeachfl.gov\/#website\"},\"primaryImageOfPage\":{\"@id\":\"https:\/\/www.miamibeachfl.gov\/spotlight\/july-2023-business-spotlight-vida-estilo-group-miami-beach\/#primaryimage\"},\"image\":{\"@id\":\"https:\/\/www.miamibeachfl.gov\/spotlight\/july-2023-business-spotlight-vida-estilo-group-miami-beach\/#primaryimage\"},\"thumbnailUrl\":\"https:\/\/www.miamibeachfl.gov\/wp-content\/uploads\/2023\/07\/Jamil-scaled.jpeg\",\"datePublished\":\"2023-07-03T19:51:40+00:00\",\"dateModified\":\"2025-06-03T02:23:10+00:00\",\"description\":\"%\",\"breadcrumb\":{\"@id\":\"https:\/\/www.miamibeachfl.gov\/spotlight\/july-2023-business-spotlight-vida-estilo-group-miami-beach\/#breadcrumb\"},\"inLanguage\":\"pt-BR\",\"potentialAction\":[{\"@type\":\"ReadAction\",\"target\":[\"https:\/\/www.miamibeachfl.gov\/spotlight\/july-2023-business-spotlight-vida-estilo-group-miami-beach\/\"]}]},{\"@type\":\"ImageObject\",\"inLanguage\":\"pt-BR\",\"@id\":\"https:\/\/www.miamibeachfl.gov\/spotlight\/july-2023-business-spotlight-vida-estilo-group-miami-beach\/#primaryimage\",\"url\":\"https:\/\/www.miamibeachfl.gov\/wp-content\/uploads\/2023\/07\/Jamil-scaled.jpeg\",\"contentUrl\":\"https:\/\/www.miamibeachfl.gov\/wp-content\/uploads\/2023\/07\/Jamil-scaled.jpeg\"},{\"@type\":\"BreadcrumbList\",\"@id\":\"https:\/\/www.miamibeachfl.gov\/spotlight\/july-2023-business-spotlight-vida-estilo-group-miami-beach\/#breadcrumb\",\"itemListElement\":[{\"@type\":\"ListItem\",\"position\":1,\"name\":\"Home\",\"item\":\"https:\/\/www.miamibeachfl.gov\/\"},{\"@type\":\"ListItem\",\"position\":2,\"name\":\"Business Newsletters and Spotlights\",\"item\":\"https:\/\/www.miamibeachfl.gov\/spotlight\/\"},{\"@type\":\"ListItem\",\"position\":3,\"name\":\"VIDA &#038; ESTILO GROUP CULINARY LIFESTYLES IN MIAMI BEACH\"}]},{\"@type\":\"WebSite\",\"@id\":\"https:\/\/www.miamibeachfl.gov\/#website\",\"url\":\"https:\/\/www.miamibeachfl.gov\/\",\"name\":\"City of Miami Beach\",\"description\":\"The official website of the City of Miami Beach. Stay informed, find important information on city services, news, alerts, events, trolley routes, government employment and more.\",\"publisher\":{\"@id\":\"https:\/\/www.miamibeachfl.gov\/#organization\"},\"potentialAction\":[{\"@type\":\"SearchAction\",\"target\":{\"@type\":\"EntryPoint\",\"urlTemplate\":\"https:\/\/www.miamibeachfl.gov\/?s={search_term_string}\"},\"query-input\":{\"@type\":\"PropertyValueSpecification\",\"valueRequired\":true,\"valueName\":\"search_term_string\"}}],\"inLanguage\":\"pt-BR\"},{\"@type\":\"Organization\",\"@id\":\"https:\/\/www.miamibeachfl.gov\/#organization\",\"name\":\"City of Miami Beach\",\"url\":\"https:\/\/www.miamibeachfl.gov\/\",\"logo\":{\"@type\":\"ImageObject\",\"inLanguage\":\"pt-BR\",\"@id\":\"https:\/\/www.miamibeachfl.gov\/#\/schema\/logo\/image\/\",\"url\":\"https:\/\/www.miamibeachfl.gov\/wp-content\/uploads\/2022\/06\/miamibeach-logoblue.png\",\"contentUrl\":\"https:\/\/www.miamibeachfl.gov\/wp-content\/uploads\/2022\/06\/miamibeach-logoblue.png\",\"width\":1962,\"height\":381,\"caption\":\"City of Miami Beach\"},\"image\":{\"@id\":\"https:\/\/www.miamibeachfl.gov\/#\/schema\/logo\/image\/\"},\"sameAs\":[\"https:\/\/www.facebook.com\/cityofmiamibeach\",\"https:\/\/x.com\/Miamibeachnews\",\"https:\/\/www.instagram.com\/miamibeachnews\/\"],\"description\":\"The official website of the City of Miami Beach. Stay informed, find important information on city services, news, alerts, events, trolley routes, government employment and more.\",\"telephone\":\"305.604.CITY(2489)\",\"legalName\":\"City of Miami Beach\"}]}<\/script>\n<!-- \/ Yoast SEO Premium plugin. -->","yoast_head_json":{"title":"GRUPO VIDA &amp; ESTILO ESTILOS DE VIDA CULIN\u00c1RIOS EM MIAMI BEACH - Cidade de Miami Beach","description":"%","robots":{"index":"index","follow":"follow","max-snippet":"max-snippet:-1","max-image-preview":"max-image-preview:large","max-video-preview":"max-video-preview:-1"},"canonical":"https:\/\/www.miamibeachfl.gov\/pt\/spotlight\/july-2023-business-spotlight-vida-estilo-group-miami-beach\/","og_locale":"pt_BR","og_type":"article","og_title":"VIDA & ESTILO GROUP CULINARY LIFESTYLES IN MIAMI BEACH","og_description":"%","og_url":"https:\/\/www.miamibeachfl.gov\/pt\/spotlight\/july-2023-business-spotlight-vida-estilo-group-miami-beach\/","og_site_name":"City of Miami Beach","article_publisher":"https:\/\/www.facebook.com\/cityofmiamibeach","article_modified_time":"2025-06-03T02:23:10+00:00","og_image":[{"url":"https:\/\/www.miamibeachfl.gov\/wp-content\/uploads\/2023\/07\/Jamil-scaled.jpeg","type":"","width":"","height":""}],"twitter_card":"summary_large_image","twitter_site":"@Miamibeachnews","schema":{"@context":"https:\/\/schema.org","@graph":[{"@type":"WebPage","@id":"https:\/\/www.miamibeachfl.gov\/spotlight\/july-2023-business-spotlight-vida-estilo-group-miami-beach\/","url":"https:\/\/www.miamibeachfl.gov\/spotlight\/july-2023-business-spotlight-vida-estilo-group-miami-beach\/","name":"GRUPO VIDA &amp; ESTILO ESTILOS DE VIDA CULIN\u00c1RIOS EM MIAMI BEACH - Cidade de Miami Beach","isPartOf":{"@id":"https:\/\/www.miamibeachfl.gov\/#website"},"primaryImageOfPage":{"@id":"https:\/\/www.miamibeachfl.gov\/spotlight\/july-2023-business-spotlight-vida-estilo-group-miami-beach\/#primaryimage"},"image":{"@id":"https:\/\/www.miamibeachfl.gov\/spotlight\/july-2023-business-spotlight-vida-estilo-group-miami-beach\/#primaryimage"},"thumbnailUrl":"https:\/\/www.miamibeachfl.gov\/wp-content\/uploads\/2023\/07\/Jamil-scaled.jpeg","datePublished":"2023-07-03T19:51:40+00:00","dateModified":"2025-06-03T02:23:10+00:00","description":"%","breadcrumb":{"@id":"https:\/\/www.miamibeachfl.gov\/spotlight\/july-2023-business-spotlight-vida-estilo-group-miami-beach\/#breadcrumb"},"inLanguage":"pt-BR","potentialAction":[{"@type":"ReadAction","target":["https:\/\/www.miamibeachfl.gov\/spotlight\/july-2023-business-spotlight-vida-estilo-group-miami-beach\/"]}]},{"@type":"ImageObject","inLanguage":"pt-BR","@id":"https:\/\/www.miamibeachfl.gov\/spotlight\/july-2023-business-spotlight-vida-estilo-group-miami-beach\/#primaryimage","url":"https:\/\/www.miamibeachfl.gov\/wp-content\/uploads\/2023\/07\/Jamil-scaled.jpeg","contentUrl":"https:\/\/www.miamibeachfl.gov\/wp-content\/uploads\/2023\/07\/Jamil-scaled.jpeg"},{"@type":"BreadcrumbList","@id":"https:\/\/www.miamibeachfl.gov\/spotlight\/july-2023-business-spotlight-vida-estilo-group-miami-beach\/#breadcrumb","itemListElement":[{"@type":"ListItem","position":1,"name":"Home","item":"https:\/\/www.miamibeachfl.gov\/"},{"@type":"ListItem","position":2,"name":"Business Newsletters and Spotlights","item":"https:\/\/www.miamibeachfl.gov\/spotlight\/"},{"@type":"ListItem","position":3,"name":"VIDA &#038; ESTILO GROUP CULINARY LIFESTYLES IN MIAMI BEACH"}]},{"@type":"WebSite","@id":"https:\/\/www.miamibeachfl.gov\/#website","url":"https:\/\/www.miamibeachfl.gov\/","name":"Cidade de Miami Beach","description":"Site oficial da cidade de Miami Beach. Mantenha-se informado e encontre informa\u00e7\u00f5es importantes sobre servi\u00e7os municipais, not\u00edcias, alertas, eventos, rotas de bonde, empregos p\u00fablicos e muito mais.","publisher":{"@id":"https:\/\/www.miamibeachfl.gov\/#organization"},"potentialAction":[{"@type":"SearchAction","target":{"@type":"EntryPoint","urlTemplate":"https:\/\/www.miamibeachfl.gov\/?s={search_term_string}"},"query-input":{"@type":"PropertyValueSpecification","valueRequired":true,"valueName":"search_term_string"}}],"inLanguage":"pt-BR"},{"@type":"Organization","@id":"https:\/\/www.miamibeachfl.gov\/#organization","name":"Cidade de Miami Beach","url":"https:\/\/www.miamibeachfl.gov\/","logo":{"@type":"ImageObject","inLanguage":"pt-BR","@id":"https:\/\/www.miamibeachfl.gov\/#\/schema\/logo\/image\/","url":"https:\/\/www.miamibeachfl.gov\/wp-content\/uploads\/2022\/06\/miamibeach-logoblue.png","contentUrl":"https:\/\/www.miamibeachfl.gov\/wp-content\/uploads\/2022\/06\/miamibeach-logoblue.png","width":1962,"height":381,"caption":"City of Miami Beach"},"image":{"@id":"https:\/\/www.miamibeachfl.gov\/#\/schema\/logo\/image\/"},"sameAs":["https:\/\/www.facebook.com\/cityofmiamibeach","https:\/\/x.com\/Miamibeachnews","https:\/\/www.instagram.com\/miamibeachnews\/"],"description":"Site oficial da cidade de Miami Beach. Mantenha-se informado e encontre informa\u00e7\u00f5es importantes sobre servi\u00e7os municipais, not\u00edcias, alertas, eventos, rotas de bonde, empregos p\u00fablicos e muito mais.","telephone":"305.604.CITY(2489)","legalName":"City of Miami Beach"}]}},"_links":{"self":[{"href":"https:\/\/www.miamibeachfl.gov\/pt\/wp-json\/wp\/v2\/pages\/264653","targetHints":{"allow":["GET"]}}],"collection":[{"href":"https:\/\/www.miamibeachfl.gov\/pt\/wp-json\/wp\/v2\/pages"}],"about":[{"href":"https:\/\/www.miamibeachfl.gov\/pt\/wp-json\/wp\/v2\/types\/page"}],"author":[{"embeddable":true,"href":"https:\/\/www.miamibeachfl.gov\/pt\/wp-json\/wp\/v2\/users\/222"}],"replies":[{"embeddable":true,"href":"https:\/\/www.miamibeachfl.gov\/pt\/wp-json\/wp\/v2\/comments?post=264653"}],"version-history":[{"count":0,"href":"https:\/\/www.miamibeachfl.gov\/pt\/wp-json\/wp\/v2\/pages\/264653\/revisions"}],"up":[{"embeddable":true,"href":"https:\/\/www.miamibeachfl.gov\/pt\/wp-json\/wp\/v2\/pages\/253255"}],"wp:attachment":[{"href":"https:\/\/www.miamibeachfl.gov\/pt\/wp-json\/wp\/v2\/media?parent=264653"}],"wp:term":[{"taxonomy":"category","embeddable":true,"href":"https:\/\/www.miamibeachfl.gov\/pt\/wp-json\/wp\/v2\/categories?post=264653"},{"taxonomy":"post_tag","embeddable":true,"href":"https:\/\/www.miamibeachfl.gov\/pt\/wp-json\/wp\/v2\/tags?post=264653"}],"curies":[{"name":"wp","href":"https:\/\/api.w.org\/{rel}","templated":true}]}}