{"id":265320,"date":"2023-07-19T09:27:42","date_gmt":"2023-07-19T13:27:42","guid":{"rendered":"https:\/\/www.miamibeachfl.gov\/?page_id=265320"},"modified":"2025-12-15T09:31:16","modified_gmt":"2025-12-15T14:31:16","slug":"commissioner-monica-matteo-salinas","status":"publish","type":"page","link":"https:\/\/www.miamibeachfl.gov\/pt\/staff\/commissioner-monica-matteo-salinas\/","title":{"rendered":"M\u00f4nica Matteo-Salinas <br>Grupo 1"},"content":{"rendered":"Prefeito e Comiss\u00e3o\t\t\t\n\t\t\t\t\t<ul id=\"menu-mayor-and-commission\"><li id=\"menu-item-281527\"><a href=\"\/pt\/city-hall\/elected-officials\/\">Prefeito e Comiss\u00e3o Home<\/a><\/li>\n<li id=\"menu-item-281526\"><a href=\"\/pt\/city-hall\/city-clerk\/meeting-notices\/\">Reuni\u00f5es da Comiss\u00e3o<\/a><\/li>\n<li id=\"menu-item-281528\"><a href=\"\/pt\/city-hall\/city-clerk\/boards-and-committees\/\">Conselhos e Comit\u00eas<\/a><\/li>\n<li id=\"menu-item-281529\"><a href=\"\/pt\/city-hall\/city-clerk\/election-information\/\">Informa\u00e7\u00f5es sobre elei\u00e7\u00f5es<\/a><\/li>\n<\/ul>\t\nPrefeito e Comiss\u00e3o \u00d7\t\t\t\t\t\t<ul id=\"menu-mayor-and-commission-1\"><li id=\"menu-item-281527\"><a href=\"\/pt\/city-hall\/elected-officials\/\">Prefeito e Comiss\u00e3o Home<\/a><\/li>\n<li id=\"menu-item-281526\"><a href=\"\/pt\/city-hall\/city-clerk\/meeting-notices\/\">Reuni\u00f5es da Comiss\u00e3o<\/a><\/li>\n<li id=\"menu-item-281528\"><a href=\"\/pt\/city-hall\/city-clerk\/boards-and-committees\/\">Conselhos e Comit\u00eas<\/a><\/li>\n<li id=\"menu-item-281529\"><a href=\"\/pt\/city-hall\/city-clerk\/election-information\/\">Informa\u00e7\u00f5es sobre elei\u00e7\u00f5es<\/a><\/li>\n<\/ul>\t\t\t\t\n\t\t\t\t<img decoding=\"async\" src=\"https:\/\/www.miamibeachfl.gov\/wp-content\/uploads\/2023\/07\/KristenRosenGonzalezyellowborder.png\" alt=\"KristenRosenGonzalezyellowborder\" itemprop=\"image\" height=\"250\" width=\"249\" title=\"Kristen Rosen Gonzalezy borda amarela\" onerror=\"this.style.display='none'\" loading=\"lazy\">\n<h1>\n\t\t\tKristen Rosen Gonzalez\t<\/h1>\n<h2>\n\t\t\tComiss\u00e1rio\t<\/h2>\n\t<ul>\n\t\t<li>\t\t\t\t\n\t\t<h4>E-mail:<\/h4><p><a href=\"mailto:Kristen@miamibeachfl.gov\"><strong>Kristen@miamibeachfl.gov<\/strong><\/a><\/p><\/li><li>\t\t\t\t\n\t\t<h4>Telefone:<\/h4><p><a href=\"tel:3059654725\"><strong>305.965.4725<\/strong><\/a><\/p><\/li>\t<\/ul>\n<h2>\n\t\t\tGRUPO 1\t<\/h2>\n<h2>\n\t\t\tAssessores da Comiss\u00e3o:\t<\/h2>\n\t<ul>\n\t\t<li>\t\t\t\t\n\t\t<h4>Jaqueline Budin<\/h4><p><strong><a href=\"mailto:jacquelinebudin@miamibeachfl.gov\">jacquelinebudin@miamibeachfl.gov<\/a><\/strong><\/p><\/li><li>\t\t\t\t\n\t\t<h4>Francesca Medeiros<\/h4><p><strong><a href=\"mailto:francescamedeiros@miamibeachfl.gov\">francescamedeiros@miamibeachfl.gov<\/a><\/strong><\/p><\/li>\t<\/ul>\n\t<p>A Dra. Kristen Rosen Gonzalez \u00e9 natural de Miami Beach e tem ra\u00edzes profundas na comunidade \u2013 seus pais se conheceram no sagu\u00e3o do ic\u00f4nico Hotel Fontainebleau. Ela cresceu em Miami Beach cercada por uma rica mistura de culturas, incluindo exilados cubanos e descendentes de sobreviventes do Holocausto.<\/p>\n<p>Ap\u00f3s concluir sua gradua\u00e7\u00e3o na Universidade Tufts em Medford, Massachusetts, a Dra. Rosen Gonzalez retornou ao sul da Fl\u00f3rida, onde continuou a viver, trabalhar e criar sua fam\u00edlia. Ela \u00e9 m\u00e3e orgulhosa de tr\u00eas filhos \u2013 Isabella, Pablo e Franny \u2013 todos formados no Ensino M\u00e9dio de Miami Beach. Seu desejo de criar um futuro melhor para seus filhos e para a comunidade em geral inspira seu cont\u00ednuo engajamento c\u00edvico e servi\u00e7o p\u00fablico.<\/p>\n<p>A Dra. Rosen Gonzalez \u00e9 docente titular do Departamento de Ingl\u00eas e Comunica\u00e7\u00e3o do Miami Dade College e corretora imobili\u00e1ria licenciada. Foi eleita para a Comiss\u00e3o Municipal de Miami Beach em 2015 e 2021, onde construiu uma reputa\u00e7\u00e3o como defensora incans\u00e1vel da seguran\u00e7a p\u00fablica, da educa\u00e7\u00e3o e do desenvolvimento respons\u00e1vel.<\/p>\n<p>Defensora apaixonada do car\u00e1ter hist\u00f3rico de Miami Beach, ela defendeu a preserva\u00e7\u00e3o da arquitetura Art D\u00e9co e liderou esfor\u00e7os para salvar marcos importantes da comunidade, incluindo o Teatro Byron Carlyle e o Centro Comunit\u00e1rio South Shore. Ela tamb\u00e9m liderou campanhas de referendo bem-sucedidas para preservar o Monty&#039;s e proteger o estacionamento p\u00fablico na Lincoln Road do desenvolvimento excessivo.<\/p>\n<p>A Dra. Rosen Gonzalez \u00e9 doutora em Administra\u00e7\u00e3o do Ensino Superior e mestre em Comunica\u00e7\u00e3o pela Universidade Barry. Ela \u00e9 bacharel em L\u00edngua e Literatura Francesa e Espanhola pela Universidade Tufts.<\/p>\n<p>Ela continua sendo uma dedicada servidora p\u00fablica, educadora e defensora comprometida em proteger a qualidade de vida \u00fanica que define Miami Beach.<\/p>\n\n\n\n<p><\/p>","protected":false},"excerpt":{"rendered":"<p>Mayor &amp; Commission Mayor &amp; Commission Home Commission Meetings Boards &amp; Committees Election Information Mayor &amp; Commission \u00d7 Mayor &amp; [&hellip;]<\/p>\n","protected":false},"author":222,"featured_media":393405,"parent":261112,"menu_order":13,"comment_status":"closed","ping_status":"closed","template":"","meta":{"_searchwp_excluded":"","site-sidebar-layout":"default","site-content-layout":"","ast-site-content-layout":"default","site-content-style":"default","site-sidebar-style":"default","ast-global-header-display":"","ast-banner-title-visibility":"","ast-main-header-display":"","ast-hfb-above-header-display":"","ast-hfb-below-header-display":"","ast-hfb-mobile-header-display":"","site-post-title":"","ast-breadcrumbs-content":"","ast-featured-img":"","footer-sml-layout":"","theme-transparent-header-meta":"","adv-header-id-meta":"","stick-header-meta":"","header-above-stick-meta":"","header-main-stick-meta":"","header-below-stick-meta":"","astra-migrate-meta-layouts":"default","ast-page-background-enabled":"default","ast-page-background-meta":{"desktop":{"background-color":"var(--ast-global-color-5)","background-image":"","background-repeat":"repeat","background-position":"center center","background-size":"auto","background-attachment":"scroll","background-type":"","background-media":"","overlay-type":"","overlay-color":"","overlay-opacity":"","overlay-gradient":""},"tablet":{"background-color":"","background-image":"","background-repeat":"repeat","background-position":"center center","background-size":"auto","background-attachment":"scroll","background-type":"","background-media":"","overlay-type":"","overlay-color":"","overlay-opacity":"","overlay-gradient":""},"mobile":{"background-color":"","background-image":"","background-repeat":"repeat","background-position":"center center","background-size":"auto","background-attachment":"scroll","background-type":"","background-media":"","overlay-type":"","overlay-color":"","overlay-opacity":"","overlay-gradient":""}},"ast-content-background-meta":{"desktop":{"background-color":"var(--ast-global-color-4)","background-image":"","background-repeat":"repeat","background-position":"center center","background-size":"auto","background-attachment":"scroll","background-type":"","background-media":"","overlay-type":"","overlay-color":"","overlay-opacity":"","overlay-gradient":""},"tablet":{"background-color":"var(--ast-global-color-4)","background-image":"","background-repeat":"repeat","background-position":"center center","background-size":"auto","background-attachment":"scroll","background-type":"","background-media":"","overlay-type":"","overlay-color":"","overlay-opacity":"","overlay-gradient":""},"mobile":{"background-color":"var(--ast-global-color-4)","background-image":"","background-repeat":"repeat","background-position":"center center","background-size":"auto","background-attachment":"scroll","background-type":"","background-media":"","overlay-type":"","overlay-color":"","overlay-opacity":"","overlay-gradient":""}},"footnotes":""},"categories":[],"tags":[983,985,960],"class_list":["post-265320","page","type-page","status-publish","has-post-thumbnail","hentry","tag-mayor-office-team","tag-monica-matteo-salinas-staff","tag-staff"],"yoast_head":"<!-- This site is optimized with the Yoast SEO Premium plugin v27.4 (Yoast SEO v27.4) - https:\/\/yoast.com\/product\/yoast-seo-premium-wordpress\/ -->\n<title>Monica Matteo-Salinas Group 1 - City of Miami Beach<\/title>\n<meta name=\"description\" content=\"Monica Matteo-Salinas has proudly called Miami Beach home for sixteen years. She is raising her two sons here, both students at Miami Beach Senior High School. Her commitment to local schools has been long-standing: she became active in the PTA when her boys attended South Pointe Elementary and later served as PTSA President at Nautilus Middle School from 2020 to 2022. Preserving and strengthening Miami Beach\u2019s legacy has always been central to her work.\" \/>\n<meta name=\"robots\" content=\"index, follow, max-snippet:-1, max-image-preview:large, max-video-preview:-1\" \/>\n<link rel=\"canonical\" href=\"https:\/\/www.miamibeachfl.gov\/pt\/staff\/commissioner-monica-matteo-salinas\/\" \/>\n<meta property=\"og:locale\" content=\"pt_BR\" \/>\n<meta property=\"og:type\" content=\"article\" \/>\n<meta property=\"og:title\" content=\"Monica Matteo-Salinas Group 1\" \/>\n<meta property=\"og:description\" content=\"Monica Matteo-Salinas has proudly called Miami Beach home for sixteen years. She is raising her two sons here, both students at Miami Beach Senior High School. Her commitment to local schools has been long-standing: she became active in the PTA when her boys attended South Pointe Elementary and later served as PTSA President at Nautilus Middle School from 2020 to 2022. Preserving and strengthening Miami Beach\u2019s legacy has always been central to her work.\" \/>\n<meta property=\"og:url\" content=\"https:\/\/www.miamibeachfl.gov\/pt\/staff\/commissioner-monica-matteo-salinas\/\" \/>\n<meta property=\"og:site_name\" content=\"City of Miami Beach\" \/>\n<meta property=\"article:publisher\" content=\"https:\/\/www.facebook.com\/cityofmiamibeach\" \/>\n<meta property=\"article:modified_time\" content=\"2025-12-15T14:31:16+00:00\" \/>\n<meta property=\"og:image\" content=\"https:\/\/www.miamibeachfl.gov\/wp-content\/uploads\/2023\/07\/Monica-Matteo-Salinas-commissioner-YellowOutline.png\" \/>\n\t<meta property=\"og:image:width\" content=\"249\" \/>\n\t<meta property=\"og:image:height\" content=\"250\" \/>\n\t<meta property=\"og:image:type\" content=\"image\/png\" \/>\n<meta name=\"twitter:card\" content=\"summary_large_image\" \/>\n<meta name=\"twitter:site\" content=\"@Miamibeachnews\" \/>\n<script type=\"application\/ld+json\" class=\"yoast-schema-graph\">{\"@context\":\"https:\\\/\\\/schema.org\",\"@graph\":[{\"@type\":\"WebPage\",\"@id\":\"https:\\\/\\\/www.miamibeachfl.gov\\\/staff\\\/commissioner-monica-matteo-salinas\\\/\",\"url\":\"https:\\\/\\\/www.miamibeachfl.gov\\\/staff\\\/commissioner-monica-matteo-salinas\\\/\",\"name\":\"Monica Matteo-Salinas Group 1 - City of Miami Beach\",\"isPartOf\":{\"@id\":\"https:\\\/\\\/www.miamibeachfl.gov\\\/#website\"},\"primaryImageOfPage\":{\"@id\":\"https:\\\/\\\/www.miamibeachfl.gov\\\/staff\\\/commissioner-monica-matteo-salinas\\\/#primaryimage\"},\"image\":{\"@id\":\"https:\\\/\\\/www.miamibeachfl.gov\\\/staff\\\/commissioner-monica-matteo-salinas\\\/#primaryimage\"},\"thumbnailUrl\":\"https:\\\/\\\/www.miamibeachfl.gov\\\/wp-content\\\/uploads\\\/2023\\\/07\\\/Monica-Matteo-Salinas-commissioner-YellowOutline.png\",\"datePublished\":\"2023-07-19T13:27:42+00:00\",\"dateModified\":\"2025-12-15T14:31:16+00:00\",\"description\":\"Monica Matteo-Salinas has proudly called Miami Beach home for sixteen years. She is raising her two sons here, both students at Miami Beach Senior High School. Her commitment to local schools has been long-standing: she became active in the PTA when her boys attended South Pointe Elementary and later served as PTSA President at Nautilus Middle School from 2020 to 2022. Preserving and strengthening Miami Beach\u2019s legacy has always been central to her work.\",\"breadcrumb\":{\"@id\":\"https:\\\/\\\/www.miamibeachfl.gov\\\/staff\\\/commissioner-monica-matteo-salinas\\\/#breadcrumb\"},\"inLanguage\":\"pt-BR\",\"potentialAction\":[{\"@type\":\"ReadAction\",\"target\":[\"https:\\\/\\\/www.miamibeachfl.gov\\\/staff\\\/commissioner-monica-matteo-salinas\\\/\"]}]},{\"@type\":\"ImageObject\",\"inLanguage\":\"pt-BR\",\"@id\":\"https:\\\/\\\/www.miamibeachfl.gov\\\/staff\\\/commissioner-monica-matteo-salinas\\\/#primaryimage\",\"url\":\"https:\\\/\\\/www.miamibeachfl.gov\\\/wp-content\\\/uploads\\\/2023\\\/07\\\/Monica-Matteo-Salinas-commissioner-YellowOutline.png\",\"contentUrl\":\"https:\\\/\\\/www.miamibeachfl.gov\\\/wp-content\\\/uploads\\\/2023\\\/07\\\/Monica-Matteo-Salinas-commissioner-YellowOutline.png\",\"width\":249,\"height\":250,\"caption\":\"Commissioner Monica Matteo-Salinas\"},{\"@type\":\"BreadcrumbList\",\"@id\":\"https:\\\/\\\/www.miamibeachfl.gov\\\/staff\\\/commissioner-monica-matteo-salinas\\\/#breadcrumb\",\"itemListElement\":[{\"@type\":\"ListItem\",\"position\":1,\"name\":\"Home\",\"item\":\"https:\\\/\\\/www.miamibeachfl.gov\\\/\"},{\"@type\":\"ListItem\",\"position\":2,\"name\":\"Staff\",\"item\":\"https:\\\/\\\/www.miamibeachfl.gov\\\/staff\\\/\"},{\"@type\":\"ListItem\",\"position\":3,\"name\":\"Monica Matteo-Salinas Group 1\"}]},{\"@type\":\"WebSite\",\"@id\":\"https:\\\/\\\/www.miamibeachfl.gov\\\/#website\",\"url\":\"https:\\\/\\\/www.miamibeachfl.gov\\\/\",\"name\":\"City of Miami Beach\",\"description\":\"The official website of the City of Miami Beach. Stay informed, find important information on city services, news, alerts, events, trolley routes, government employment and more.\",\"publisher\":{\"@id\":\"https:\\\/\\\/www.miamibeachfl.gov\\\/#organization\"},\"potentialAction\":[{\"@type\":\"SearchAction\",\"target\":{\"@type\":\"EntryPoint\",\"urlTemplate\":\"https:\\\/\\\/www.miamibeachfl.gov\\\/?s={search_term_string}\"},\"query-input\":{\"@type\":\"PropertyValueSpecification\",\"valueRequired\":true,\"valueName\":\"search_term_string\"}}],\"inLanguage\":\"pt-BR\"},{\"@type\":\"Organization\",\"@id\":\"https:\\\/\\\/www.miamibeachfl.gov\\\/#organization\",\"name\":\"City of Miami Beach\",\"url\":\"https:\\\/\\\/www.miamibeachfl.gov\\\/\",\"logo\":{\"@type\":\"ImageObject\",\"inLanguage\":\"pt-BR\",\"@id\":\"https:\\\/\\\/www.miamibeachfl.gov\\\/#\\\/schema\\\/logo\\\/image\\\/\",\"url\":\"https:\\\/\\\/www.miamibeachfl.gov\\\/wp-content\\\/uploads\\\/2022\\\/06\\\/miamibeach-logoblue.png\",\"contentUrl\":\"https:\\\/\\\/www.miamibeachfl.gov\\\/wp-content\\\/uploads\\\/2022\\\/06\\\/miamibeach-logoblue.png\",\"width\":1962,\"height\":381,\"caption\":\"City of Miami Beach\"},\"image\":{\"@id\":\"https:\\\/\\\/www.miamibeachfl.gov\\\/#\\\/schema\\\/logo\\\/image\\\/\"},\"sameAs\":[\"https:\\\/\\\/www.facebook.com\\\/cityofmiamibeach\",\"https:\\\/\\\/x.com\\\/Miamibeachnews\",\"https:\\\/\\\/www.instagram.com\\\/miamibeachnews\\\/\"],\"description\":\"The official website of the City of Miami Beach. Stay informed, find important information on city services, news, alerts, events, trolley routes, government employment and more.\",\"telephone\":\"305.604.CITY(2489)\",\"legalName\":\"City of Miami Beach\"}]}<\/script>\n<!-- \/ Yoast SEO Premium plugin. -->","yoast_head_json":{"title":"Monica Matteo-Salinas Grupo 1 - Cidade de Miami Beach","description":"Monica Matteo-Salinas orgulha-se de chamar Miami Beach de lar h\u00e1 dezesseis anos. Ela cria seus dois filhos aqui, ambos estudantes da Miami Beach Senior High School. Seu compromisso com as escolas locais \u00e9 de longa data: ela se tornou ativa na Associa\u00e7\u00e3o de Pais e Mestres (PTA) quando seus filhos frequentavam a South Pointe Elementary e, posteriormente, atuou como presidente da Associa\u00e7\u00e3o de Pais e Mestres (PTSA) da Nautilus Middle School de 2020 a 2022. Preservar e fortalecer o legado de Miami Beach sempre foi fundamental em seu trabalho.","robots":{"index":"index","follow":"follow","max-snippet":"max-snippet:-1","max-image-preview":"max-image-preview:large","max-video-preview":"max-video-preview:-1"},"canonical":"https:\/\/www.miamibeachfl.gov\/pt\/staff\/commissioner-monica-matteo-salinas\/","og_locale":"pt_BR","og_type":"article","og_title":"Monica Matteo-Salinas Group 1","og_description":"Monica Matteo-Salinas has proudly called Miami Beach home for sixteen years. She is raising her two sons here, both students at Miami Beach Senior High School. Her commitment to local schools has been long-standing: she became active in the PTA when her boys attended South Pointe Elementary and later served as PTSA President at Nautilus Middle School from 2020 to 2022. Preserving and strengthening Miami Beach\u2019s legacy has always been central to her work.","og_url":"https:\/\/www.miamibeachfl.gov\/pt\/staff\/commissioner-monica-matteo-salinas\/","og_site_name":"City of Miami Beach","article_publisher":"https:\/\/www.facebook.com\/cityofmiamibeach","article_modified_time":"2025-12-15T14:31:16+00:00","og_image":[{"width":249,"height":250,"url":"https:\/\/www.miamibeachfl.gov\/wp-content\/uploads\/2023\/07\/Monica-Matteo-Salinas-commissioner-YellowOutline.png","type":"image\/png"}],"twitter_card":"summary_large_image","twitter_site":"@Miamibeachnews","schema":{"@context":"https:\/\/schema.org","@graph":[{"@type":"WebPage","@id":"https:\/\/www.miamibeachfl.gov\/staff\/commissioner-monica-matteo-salinas\/","url":"https:\/\/www.miamibeachfl.gov\/staff\/commissioner-monica-matteo-salinas\/","name":"Monica Matteo-Salinas Grupo 1 - Cidade de Miami Beach","isPartOf":{"@id":"https:\/\/www.miamibeachfl.gov\/#website"},"primaryImageOfPage":{"@id":"https:\/\/www.miamibeachfl.gov\/staff\/commissioner-monica-matteo-salinas\/#primaryimage"},"image":{"@id":"https:\/\/www.miamibeachfl.gov\/staff\/commissioner-monica-matteo-salinas\/#primaryimage"},"thumbnailUrl":"https:\/\/www.miamibeachfl.gov\/wp-content\/uploads\/2023\/07\/Monica-Matteo-Salinas-commissioner-YellowOutline.png","datePublished":"2023-07-19T13:27:42+00:00","dateModified":"2025-12-15T14:31:16+00:00","description":"Monica Matteo-Salinas orgulha-se de chamar Miami Beach de lar h\u00e1 dezesseis anos. Ela cria seus dois filhos aqui, ambos estudantes da Miami Beach Senior High School. Seu compromisso com as escolas locais \u00e9 de longa data: ela se tornou ativa na Associa\u00e7\u00e3o de Pais e Mestres (PTA) quando seus filhos frequentavam a South Pointe Elementary e, posteriormente, atuou como presidente da Associa\u00e7\u00e3o de Pais e Mestres (PTSA) da Nautilus Middle School de 2020 a 2022. Preservar e fortalecer o legado de Miami Beach sempre foi fundamental em seu trabalho.","breadcrumb":{"@id":"https:\/\/www.miamibeachfl.gov\/staff\/commissioner-monica-matteo-salinas\/#breadcrumb"},"inLanguage":"pt-BR","potentialAction":[{"@type":"ReadAction","target":["https:\/\/www.miamibeachfl.gov\/staff\/commissioner-monica-matteo-salinas\/"]}]},{"@type":"ImageObject","inLanguage":"pt-BR","@id":"https:\/\/www.miamibeachfl.gov\/staff\/commissioner-monica-matteo-salinas\/#primaryimage","url":"https:\/\/www.miamibeachfl.gov\/wp-content\/uploads\/2023\/07\/Monica-Matteo-Salinas-commissioner-YellowOutline.png","contentUrl":"https:\/\/www.miamibeachfl.gov\/wp-content\/uploads\/2023\/07\/Monica-Matteo-Salinas-commissioner-YellowOutline.png","width":249,"height":250,"caption":"Commissioner Monica Matteo-Salinas"},{"@type":"BreadcrumbList","@id":"https:\/\/www.miamibeachfl.gov\/staff\/commissioner-monica-matteo-salinas\/#breadcrumb","itemListElement":[{"@type":"ListItem","position":1,"name":"Home","item":"https:\/\/www.miamibeachfl.gov\/"},{"@type":"ListItem","position":2,"name":"Staff","item":"https:\/\/www.miamibeachfl.gov\/staff\/"},{"@type":"ListItem","position":3,"name":"Monica Matteo-Salinas Group 1"}]},{"@type":"WebSite","@id":"https:\/\/www.miamibeachfl.gov\/#website","url":"https:\/\/www.miamibeachfl.gov\/","name":"Cidade de Miami Beach","description":"Site oficial da cidade de Miami Beach. Mantenha-se informado e encontre informa\u00e7\u00f5es importantes sobre servi\u00e7os municipais, not\u00edcias, alertas, eventos, rotas de bonde, empregos p\u00fablicos e muito mais.","publisher":{"@id":"https:\/\/www.miamibeachfl.gov\/#organization"},"potentialAction":[{"@type":"SearchAction","target":{"@type":"EntryPoint","urlTemplate":"https:\/\/www.miamibeachfl.gov\/?s={search_term_string}"},"query-input":{"@type":"PropertyValueSpecification","valueRequired":true,"valueName":"search_term_string"}}],"inLanguage":"pt-BR"},{"@type":"Organization","@id":"https:\/\/www.miamibeachfl.gov\/#organization","name":"Cidade de Miami Beach","url":"https:\/\/www.miamibeachfl.gov\/","logo":{"@type":"ImageObject","inLanguage":"pt-BR","@id":"https:\/\/www.miamibeachfl.gov\/#\/schema\/logo\/image\/","url":"https:\/\/www.miamibeachfl.gov\/wp-content\/uploads\/2022\/06\/miamibeach-logoblue.png","contentUrl":"https:\/\/www.miamibeachfl.gov\/wp-content\/uploads\/2022\/06\/miamibeach-logoblue.png","width":1962,"height":381,"caption":"City of Miami Beach"},"image":{"@id":"https:\/\/www.miamibeachfl.gov\/#\/schema\/logo\/image\/"},"sameAs":["https:\/\/www.facebook.com\/cityofmiamibeach","https:\/\/x.com\/Miamibeachnews","https:\/\/www.instagram.com\/miamibeachnews\/"],"description":"Site oficial da cidade de Miami Beach. Mantenha-se informado e encontre informa\u00e7\u00f5es importantes sobre servi\u00e7os municipais, not\u00edcias, alertas, eventos, rotas de bonde, empregos p\u00fablicos e muito mais.","telephone":"305.604.CITY(2489)","legalName":"City of Miami Beach"}]}},"_links":{"self":[{"href":"https:\/\/www.miamibeachfl.gov\/pt\/wp-json\/wp\/v2\/pages\/265320","targetHints":{"allow":["GET"]}}],"collection":[{"href":"https:\/\/www.miamibeachfl.gov\/pt\/wp-json\/wp\/v2\/pages"}],"about":[{"href":"https:\/\/www.miamibeachfl.gov\/pt\/wp-json\/wp\/v2\/types\/page"}],"author":[{"embeddable":true,"href":"https:\/\/www.miamibeachfl.gov\/pt\/wp-json\/wp\/v2\/users\/222"}],"replies":[{"embeddable":true,"href":"https:\/\/www.miamibeachfl.gov\/pt\/wp-json\/wp\/v2\/comments?post=265320"}],"version-history":[{"count":4,"href":"https:\/\/www.miamibeachfl.gov\/pt\/wp-json\/wp\/v2\/pages\/265320\/revisions"}],"predecessor-version":[{"id":393408,"href":"https:\/\/www.miamibeachfl.gov\/pt\/wp-json\/wp\/v2\/pages\/265320\/revisions\/393408"}],"up":[{"embeddable":true,"href":"https:\/\/www.miamibeachfl.gov\/pt\/wp-json\/wp\/v2\/pages\/261112"}],"wp:featuredmedia":[{"embeddable":true,"href":"https:\/\/www.miamibeachfl.gov\/pt\/wp-json\/wp\/v2\/media\/393405"}],"wp:attachment":[{"href":"https:\/\/www.miamibeachfl.gov\/pt\/wp-json\/wp\/v2\/media?parent=265320"}],"wp:term":[{"taxonomy":"category","embeddable":true,"href":"https:\/\/www.miamibeachfl.gov\/pt\/wp-json\/wp\/v2\/categories?post=265320"},{"taxonomy":"post_tag","embeddable":true,"href":"https:\/\/www.miamibeachfl.gov\/pt\/wp-json\/wp\/v2\/tags?post=265320"}],"curies":[{"name":"wp","href":"https:\/\/api.w.org\/{rel}","templated":true}]}}