{"id":265333,"date":"2023-07-19T10:05:20","date_gmt":"2023-07-19T14:05:20","guid":{"rendered":"https:\/\/www.miamibeachfl.gov\/?page_id=265333"},"modified":"2025-07-07T13:51:20","modified_gmt":"2025-07-07T17:51:20","slug":"commissioner-laura-dominguez","status":"publish","type":"page","link":"https:\/\/www.miamibeachfl.gov\/pt\/staff\/commissioner-laura-dominguez\/","title":{"rendered":"Laura Dominguez <br>Grupo 2"},"content":{"rendered":"Prefeito e Comiss\u00e3o\t\t\t\n\t\t\t\t\t<ul id=\"menu-mayor-and-commission\"><li id=\"menu-item-281527\"><a href=\"https:\/\/www.miamibeachfl.gov\/pt\/city-hall\/elected-officials\/\">Prefeito e Comiss\u00e3o Home<\/a><\/li>\n<li id=\"menu-item-281526\"><a href=\"https:\/\/www.miamibeachfl.gov\/pt\/city-hall\/city-clerk\/meeting-notices\/\">Reuni\u00f5es da Comiss\u00e3o<\/a><\/li>\n<li id=\"menu-item-281528\"><a href=\"https:\/\/www.miamibeachfl.gov\/pt\/city-hall\/city-clerk\/boards-and-committees\/\">Conselhos e Comit\u00eas<\/a><\/li>\n<li id=\"menu-item-281529\"><a href=\"https:\/\/www.miamibeachfl.gov\/pt\/city-hall\/city-clerk\/election-information\/\">Informa\u00e7\u00f5es sobre elei\u00e7\u00f5es<\/a><\/li>\n<\/ul>\t\nPrefeito e Comiss\u00e3o \u00d7\t\t\t\t\t\t<ul id=\"menu-mayor-and-commission-1\"><li id=\"menu-item-281527\"><a href=\"https:\/\/www.miamibeachfl.gov\/pt\/city-hall\/elected-officials\/\">Prefeito e Comiss\u00e3o Home<\/a><\/li>\n<li id=\"menu-item-281526\"><a href=\"https:\/\/www.miamibeachfl.gov\/pt\/city-hall\/city-clerk\/meeting-notices\/\">Reuni\u00f5es da Comiss\u00e3o<\/a><\/li>\n<li id=\"menu-item-281528\"><a href=\"https:\/\/www.miamibeachfl.gov\/pt\/city-hall\/city-clerk\/boards-and-committees\/\">Conselhos e Comit\u00eas<\/a><\/li>\n<li id=\"menu-item-281529\"><a href=\"https:\/\/www.miamibeachfl.gov\/pt\/city-hall\/city-clerk\/election-information\/\">Informa\u00e7\u00f5es sobre elei\u00e7\u00f5es<\/a><\/li>\n<\/ul>\t\t\t\t\n\t\t\t\t<img decoding=\"async\" src=\"https:\/\/www.miamibeachfl.gov\/wp-content\/uploads\/bb-plugin\/cache\/Laura-Dominguezyellowborder-circle.png\" alt=\"Laura-Dominguezyellowborder\" title=\"Laura-Dominguezyborda amarela\" itemprop=\"image\"\/>\n\t\t<h1>\n\t\tLaura Dominguez\n\t<\/h1>\n<h2>\n\t\tComiss\u00e1rio\n\t<\/h2>\n\t<ul>\n\t\t<li><a href=\"mailto:Laura@miamibeachfl.gov\" target=\"_self\" aria-label=\"Acesse mailto:Laura@miamibeachfl.gov\" rel=\"noopener\"><\/a>\t\t\t\t\n\t\t<h3>Laura@miamibeachfl.gov<\/h3><\/li><li><a href=\"tel:3056737104\" target=\"_self\" aria-label=\"Acesse o telefone: 3056737104\" rel=\"noopener\"><\/a>\t\t\t\t\n\t\t<h3>305.673.7104<\/h3><\/li>\t<\/ul>\n\t<ul>\n\t\t<li><a href=\"mailto:DanGelber@miamibeachfl.gov\" target=\"_self\" aria-label=\"Acesse mailto:DanGelber@miamibeachfl.gov\" rel=\"noopener\"><\/a>\t\t\t\t\n\t\t<h3>Grupo 2<\/h3><\/li><li><a href=\"mailto:DanGelber@miamibeachfl.gov\" target=\"_self\" aria-label=\"Acesse mailto:DanGelber@miamibeachfl.gov\" rel=\"noopener\"><\/a>\t\t\t\t\n\t\t<h3>Assessor da Comiss\u00e3o:<\/h3><p>Aron Soriano<\/p><\/li><li><a href=\"tel:7865624806\" target=\"_self\" aria-label=\"Acesse o telefone: 7865624806\" rel=\"noopener\"><\/a>\t\t\t\t\n\t\t<h3>786.562.4806<\/h3><\/li><li><a href=\"mailto:aronsoriano@miamibeachfl.gov\" target=\"_self\" aria-label=\"Acesse mailto:aronsoriano@miamibeachfl.gov\" rel=\"noopener\"><\/a>\t\t\t\t\n\t\t<h3>AronSoriano@miamibeachfl.gov<\/h3><\/li>\t<\/ul>\n\t<p>Laura nasceu no Condado de Miami-Dade, passou alguns dos seus momentos favoritos em Miami Beach e ficou encantada por escolher morar aqui. Ela estudou em escolas locais e se formou na Universidade de Miami e no Miami-Dade College, al\u00e9m da Miami Beach Leadership Academy, onde entendeu melhor como a cidade de Miami Beach funciona.<\/p>\n<p>Laura \u00e9 uma profissional de neg\u00f3cios que dedicou sua carreira corporativa a fun\u00e7\u00f5es estrat\u00e9gicas, de marketing e desenvolvimento de contas no setor de turismo antes de lan\u00e7ar sua empresa de marketing digital. Por quase dez anos, Laura foi companheira de vida do querido falecido Comiss\u00e1rio Mark Samuelian, e juntos eram membros ativos e comprometidos da comunidade. Laura trabalhou lado a lado com o Comiss\u00e1rio Samuelian durante suas tr\u00eas elei\u00e7\u00f5es e compareceu a quase todas as reuni\u00f5es de associa\u00e7\u00f5es de bairro da cidade de Miami Beach.<\/p>\n<p>Laura atuou no conselho da associa\u00e7\u00e3o de moradores de seu bairro, a Belle Isle Residents Association (BIRA), e \u00e9 membro de longa data do Miami Beach United (MBU), da Miami Design Preservation League (MDPL) e da Global Ties. Ela tamb\u00e9m atua no conselho da se\u00e7\u00e3o local do World Affairs Council e \u00e9 membro do comit\u00ea diretor da Equality Florida, a principal organiza\u00e7\u00e3o LGBTQIA+ do estado. Laura se importa profundamente com Miami Beach e com todos os seus moradores diversos.<\/p>","protected":false},"excerpt":{"rendered":"<p>Mayor &#038; Commission Mayor &#038; Commission Home Commission Meetings Boards &#038; Committees Election Information Mayor &#038; Commission \u00d7 Mayor &#038; [&hellip;]<\/p>\n","protected":false},"author":222,"featured_media":265338,"parent":261112,"menu_order":37,"comment_status":"closed","ping_status":"closed","template":"","meta":{"_searchwp_excluded":"","site-sidebar-layout":"default","site-content-layout":"","ast-site-content-layout":"default","site-content-style":"default","site-sidebar-style":"default","ast-global-header-display":"","ast-banner-title-visibility":"","ast-main-header-display":"","ast-hfb-above-header-display":"","ast-hfb-below-header-display":"","ast-hfb-mobile-header-display":"","site-post-title":"","ast-breadcrumbs-content":"","ast-featured-img":"","footer-sml-layout":"","theme-transparent-header-meta":"","adv-header-id-meta":"","stick-header-meta":"","header-above-stick-meta":"","header-main-stick-meta":"","header-below-stick-meta":"","astra-migrate-meta-layouts":"default","ast-page-background-enabled":"default","ast-page-background-meta":{"desktop":{"background-color":"var(--ast-global-color-5)","background-image":"","background-repeat":"repeat","background-position":"center center","background-size":"auto","background-attachment":"scroll","background-type":"","background-media":"","overlay-type":"","overlay-color":"","overlay-opacity":"","overlay-gradient":""},"tablet":{"background-color":"","background-image":"","background-repeat":"repeat","background-position":"center center","background-size":"auto","background-attachment":"scroll","background-type":"","background-media":"","overlay-type":"","overlay-color":"","overlay-opacity":"","overlay-gradient":""},"mobile":{"background-color":"","background-image":"","background-repeat":"repeat","background-position":"center center","background-size":"auto","background-attachment":"scroll","background-type":"","background-media":"","overlay-type":"","overlay-color":"","overlay-opacity":"","overlay-gradient":""}},"ast-content-background-meta":{"desktop":{"background-color":"var(--ast-global-color-4)","background-image":"","background-repeat":"repeat","background-position":"center center","background-size":"auto","background-attachment":"scroll","background-type":"","background-media":"","overlay-type":"","overlay-color":"","overlay-opacity":"","overlay-gradient":""},"tablet":{"background-color":"var(--ast-global-color-4)","background-image":"","background-repeat":"repeat","background-position":"center center","background-size":"auto","background-attachment":"scroll","background-type":"","background-media":"","overlay-type":"","overlay-color":"","overlay-opacity":"","overlay-gradient":""},"mobile":{"background-color":"var(--ast-global-color-4)","background-image":"","background-repeat":"repeat","background-position":"center center","background-size":"auto","background-attachment":"scroll","background-type":"","background-media":"","overlay-type":"","overlay-color":"","overlay-opacity":"","overlay-gradient":""}},"footnotes":""},"categories":[],"tags":[986,983,960],"class_list":["post-265333","page","type-page","status-publish","has-post-thumbnail","hentry","tag-laura-dominguez-staff","tag-mayor-office-team","tag-staff"],"yoast_head":"<!-- This site is optimized with the Yoast SEO Premium plugin v27.4 (Yoast SEO v27.4) - https:\/\/yoast.com\/product\/yoast-seo-premium-wordpress\/ -->\n<title>Laura Dominguez Group 2 - City of Miami Beach<\/title>\n<meta name=\"description\" content=\"Laura was born in Miami-Dade County, spent some of her favorite moments in Miami Beach, and was thrilled to choose to live here. She attended local schools and is a graduate of the University of Miami and Miami-Dade College, as well as the Miami Beach Leadership Academy, where she better understood how the City of Miami Beach works.\" \/>\n<meta name=\"robots\" content=\"index, follow, max-snippet:-1, max-image-preview:large, max-video-preview:-1\" \/>\n<link rel=\"canonical\" href=\"https:\/\/www.miamibeachfl.gov\/pt\/staff\/commissioner-laura-dominguez\/\" \/>\n<meta property=\"og:locale\" content=\"pt_BR\" \/>\n<meta property=\"og:type\" content=\"article\" \/>\n<meta property=\"og:title\" content=\"Laura Dominguez Group 2\" \/>\n<meta property=\"og:description\" content=\"Laura was born in Miami-Dade County, spent some of her favorite moments in Miami Beach, and was thrilled to choose to live here. She attended local schools and is a graduate of the University of Miami and Miami-Dade College, as well as the Miami Beach Leadership Academy, where she better understood how the City of Miami Beach works.\" \/>\n<meta property=\"og:url\" content=\"https:\/\/www.miamibeachfl.gov\/pt\/staff\/commissioner-laura-dominguez\/\" \/>\n<meta property=\"og:site_name\" content=\"City of Miami Beach\" \/>\n<meta property=\"article:publisher\" content=\"https:\/\/www.facebook.com\/cityofmiamibeach\" \/>\n<meta property=\"article:modified_time\" content=\"2025-07-07T17:51:20+00:00\" \/>\n<meta property=\"og:image\" content=\"https:\/\/www.miamibeachfl.gov\/wp-content\/uploads\/2023\/07\/Laura-Dominguezyellowborder.png\" \/>\n\t<meta property=\"og:image:width\" content=\"249\" \/>\n\t<meta property=\"og:image:height\" content=\"250\" \/>\n\t<meta property=\"og:image:type\" content=\"image\/png\" \/>\n<meta name=\"twitter:card\" content=\"summary_large_image\" \/>\n<meta name=\"twitter:site\" content=\"@Miamibeachnews\" \/>\n<script type=\"application\/ld+json\" class=\"yoast-schema-graph\">{\"@context\":\"https:\\\/\\\/schema.org\",\"@graph\":[{\"@type\":\"WebPage\",\"@id\":\"https:\\\/\\\/www.miamibeachfl.gov\\\/staff\\\/commissioner-laura-dominguez\\\/\",\"url\":\"https:\\\/\\\/www.miamibeachfl.gov\\\/staff\\\/commissioner-laura-dominguez\\\/\",\"name\":\"Laura Dominguez Group 2 - City of Miami Beach\",\"isPartOf\":{\"@id\":\"https:\\\/\\\/www.miamibeachfl.gov\\\/#website\"},\"primaryImageOfPage\":{\"@id\":\"https:\\\/\\\/www.miamibeachfl.gov\\\/staff\\\/commissioner-laura-dominguez\\\/#primaryimage\"},\"image\":{\"@id\":\"https:\\\/\\\/www.miamibeachfl.gov\\\/staff\\\/commissioner-laura-dominguez\\\/#primaryimage\"},\"thumbnailUrl\":\"https:\\\/\\\/www.miamibeachfl.gov\\\/wp-content\\\/uploads\\\/2023\\\/07\\\/Laura-Dominguezyellowborder.png\",\"datePublished\":\"2023-07-19T14:05:20+00:00\",\"dateModified\":\"2025-07-07T17:51:20+00:00\",\"description\":\"Laura was born in Miami-Dade County, spent some of her favorite moments in Miami Beach, and was thrilled to choose to live here. She attended local schools and is a graduate of the University of Miami and Miami-Dade College, as well as the Miami Beach Leadership Academy, where she better understood how the City of Miami Beach works.\",\"breadcrumb\":{\"@id\":\"https:\\\/\\\/www.miamibeachfl.gov\\\/staff\\\/commissioner-laura-dominguez\\\/#breadcrumb\"},\"inLanguage\":\"pt-BR\",\"potentialAction\":[{\"@type\":\"ReadAction\",\"target\":[\"https:\\\/\\\/www.miamibeachfl.gov\\\/staff\\\/commissioner-laura-dominguez\\\/\"]}]},{\"@type\":\"ImageObject\",\"inLanguage\":\"pt-BR\",\"@id\":\"https:\\\/\\\/www.miamibeachfl.gov\\\/staff\\\/commissioner-laura-dominguez\\\/#primaryimage\",\"url\":\"https:\\\/\\\/www.miamibeachfl.gov\\\/wp-content\\\/uploads\\\/2023\\\/07\\\/Laura-Dominguezyellowborder.png\",\"contentUrl\":\"https:\\\/\\\/www.miamibeachfl.gov\\\/wp-content\\\/uploads\\\/2023\\\/07\\\/Laura-Dominguezyellowborder.png\",\"width\":249,\"height\":250,\"caption\":\"commissioner laura dominguez\"},{\"@type\":\"BreadcrumbList\",\"@id\":\"https:\\\/\\\/www.miamibeachfl.gov\\\/staff\\\/commissioner-laura-dominguez\\\/#breadcrumb\",\"itemListElement\":[{\"@type\":\"ListItem\",\"position\":1,\"name\":\"Home\",\"item\":\"https:\\\/\\\/www.miamibeachfl.gov\\\/\"},{\"@type\":\"ListItem\",\"position\":2,\"name\":\"Staff\",\"item\":\"https:\\\/\\\/www.miamibeachfl.gov\\\/staff\\\/\"},{\"@type\":\"ListItem\",\"position\":3,\"name\":\"Laura Dominguez Group 2\"}]},{\"@type\":\"WebSite\",\"@id\":\"https:\\\/\\\/www.miamibeachfl.gov\\\/#website\",\"url\":\"https:\\\/\\\/www.miamibeachfl.gov\\\/\",\"name\":\"City of Miami Beach\",\"description\":\"The official website of the City of Miami Beach. Stay informed, find important information on city services, news, alerts, events, trolley routes, government employment and more.\",\"publisher\":{\"@id\":\"https:\\\/\\\/www.miamibeachfl.gov\\\/#organization\"},\"potentialAction\":[{\"@type\":\"SearchAction\",\"target\":{\"@type\":\"EntryPoint\",\"urlTemplate\":\"https:\\\/\\\/www.miamibeachfl.gov\\\/?s={search_term_string}\"},\"query-input\":{\"@type\":\"PropertyValueSpecification\",\"valueRequired\":true,\"valueName\":\"search_term_string\"}}],\"inLanguage\":\"pt-BR\"},{\"@type\":\"Organization\",\"@id\":\"https:\\\/\\\/www.miamibeachfl.gov\\\/#organization\",\"name\":\"City of Miami Beach\",\"url\":\"https:\\\/\\\/www.miamibeachfl.gov\\\/\",\"logo\":{\"@type\":\"ImageObject\",\"inLanguage\":\"pt-BR\",\"@id\":\"https:\\\/\\\/www.miamibeachfl.gov\\\/#\\\/schema\\\/logo\\\/image\\\/\",\"url\":\"https:\\\/\\\/www.miamibeachfl.gov\\\/wp-content\\\/uploads\\\/2022\\\/06\\\/miamibeach-logoblue.png\",\"contentUrl\":\"https:\\\/\\\/www.miamibeachfl.gov\\\/wp-content\\\/uploads\\\/2022\\\/06\\\/miamibeach-logoblue.png\",\"width\":1962,\"height\":381,\"caption\":\"City of Miami Beach\"},\"image\":{\"@id\":\"https:\\\/\\\/www.miamibeachfl.gov\\\/#\\\/schema\\\/logo\\\/image\\\/\"},\"sameAs\":[\"https:\\\/\\\/www.facebook.com\\\/cityofmiamibeach\",\"https:\\\/\\\/x.com\\\/Miamibeachnews\",\"https:\\\/\\\/www.instagram.com\\\/miamibeachnews\\\/\"],\"description\":\"The official website of the City of Miami Beach. Stay informed, find important information on city services, news, alerts, events, trolley routes, government employment and more.\",\"telephone\":\"305.604.CITY(2489)\",\"legalName\":\"City of Miami Beach\"}]}<\/script>\n<!-- \/ Yoast SEO Premium plugin. -->","yoast_head_json":{"title":"Laura Dominguez Grupo 2 - Cidade de Miami Beach","description":"Laura nasceu no Condado de Miami-Dade, passou alguns dos seus momentos favoritos em Miami Beach e ficou encantada por escolher morar aqui. Ela estudou em escolas locais e se formou na Universidade de Miami e no Miami-Dade College, al\u00e9m da Miami Beach Leadership Academy, onde entendeu melhor como a cidade de Miami Beach funciona.","robots":{"index":"index","follow":"follow","max-snippet":"max-snippet:-1","max-image-preview":"max-image-preview:large","max-video-preview":"max-video-preview:-1"},"canonical":"https:\/\/www.miamibeachfl.gov\/pt\/staff\/commissioner-laura-dominguez\/","og_locale":"pt_BR","og_type":"article","og_title":"Laura Dominguez Group 2","og_description":"Laura was born in Miami-Dade County, spent some of her favorite moments in Miami Beach, and was thrilled to choose to live here. She attended local schools and is a graduate of the University of Miami and Miami-Dade College, as well as the Miami Beach Leadership Academy, where she better understood how the City of Miami Beach works.","og_url":"https:\/\/www.miamibeachfl.gov\/pt\/staff\/commissioner-laura-dominguez\/","og_site_name":"City of Miami Beach","article_publisher":"https:\/\/www.facebook.com\/cityofmiamibeach","article_modified_time":"2025-07-07T17:51:20+00:00","og_image":[{"width":249,"height":250,"url":"https:\/\/www.miamibeachfl.gov\/wp-content\/uploads\/2023\/07\/Laura-Dominguezyellowborder.png","type":"image\/png"}],"twitter_card":"summary_large_image","twitter_site":"@Miamibeachnews","schema":{"@context":"https:\/\/schema.org","@graph":[{"@type":"WebPage","@id":"https:\/\/www.miamibeachfl.gov\/staff\/commissioner-laura-dominguez\/","url":"https:\/\/www.miamibeachfl.gov\/staff\/commissioner-laura-dominguez\/","name":"Laura Dominguez Grupo 2 - Cidade de Miami Beach","isPartOf":{"@id":"https:\/\/www.miamibeachfl.gov\/#website"},"primaryImageOfPage":{"@id":"https:\/\/www.miamibeachfl.gov\/staff\/commissioner-laura-dominguez\/#primaryimage"},"image":{"@id":"https:\/\/www.miamibeachfl.gov\/staff\/commissioner-laura-dominguez\/#primaryimage"},"thumbnailUrl":"https:\/\/www.miamibeachfl.gov\/wp-content\/uploads\/2023\/07\/Laura-Dominguezyellowborder.png","datePublished":"2023-07-19T14:05:20+00:00","dateModified":"2025-07-07T17:51:20+00:00","description":"Laura nasceu no Condado de Miami-Dade, passou alguns dos seus momentos favoritos em Miami Beach e ficou encantada por escolher morar aqui. Ela estudou em escolas locais e se formou na Universidade de Miami e no Miami-Dade College, al\u00e9m da Miami Beach Leadership Academy, onde entendeu melhor como a cidade de Miami Beach funciona.","breadcrumb":{"@id":"https:\/\/www.miamibeachfl.gov\/staff\/commissioner-laura-dominguez\/#breadcrumb"},"inLanguage":"pt-BR","potentialAction":[{"@type":"ReadAction","target":["https:\/\/www.miamibeachfl.gov\/staff\/commissioner-laura-dominguez\/"]}]},{"@type":"ImageObject","inLanguage":"pt-BR","@id":"https:\/\/www.miamibeachfl.gov\/staff\/commissioner-laura-dominguez\/#primaryimage","url":"https:\/\/www.miamibeachfl.gov\/wp-content\/uploads\/2023\/07\/Laura-Dominguezyellowborder.png","contentUrl":"https:\/\/www.miamibeachfl.gov\/wp-content\/uploads\/2023\/07\/Laura-Dominguezyellowborder.png","width":249,"height":250,"caption":"commissioner laura dominguez"},{"@type":"BreadcrumbList","@id":"https:\/\/www.miamibeachfl.gov\/staff\/commissioner-laura-dominguez\/#breadcrumb","itemListElement":[{"@type":"ListItem","position":1,"name":"Home","item":"https:\/\/www.miamibeachfl.gov\/"},{"@type":"ListItem","position":2,"name":"Staff","item":"https:\/\/www.miamibeachfl.gov\/staff\/"},{"@type":"ListItem","position":3,"name":"Laura Dominguez Group 2"}]},{"@type":"WebSite","@id":"https:\/\/www.miamibeachfl.gov\/#website","url":"https:\/\/www.miamibeachfl.gov\/","name":"Cidade de Miami Beach","description":"Site oficial da cidade de Miami Beach. Mantenha-se informado e encontre informa\u00e7\u00f5es importantes sobre servi\u00e7os municipais, not\u00edcias, alertas, eventos, rotas de bonde, empregos p\u00fablicos e muito mais.","publisher":{"@id":"https:\/\/www.miamibeachfl.gov\/#organization"},"potentialAction":[{"@type":"SearchAction","target":{"@type":"EntryPoint","urlTemplate":"https:\/\/www.miamibeachfl.gov\/?s={search_term_string}"},"query-input":{"@type":"PropertyValueSpecification","valueRequired":true,"valueName":"search_term_string"}}],"inLanguage":"pt-BR"},{"@type":"Organization","@id":"https:\/\/www.miamibeachfl.gov\/#organization","name":"Cidade de Miami Beach","url":"https:\/\/www.miamibeachfl.gov\/","logo":{"@type":"ImageObject","inLanguage":"pt-BR","@id":"https:\/\/www.miamibeachfl.gov\/#\/schema\/logo\/image\/","url":"https:\/\/www.miamibeachfl.gov\/wp-content\/uploads\/2022\/06\/miamibeach-logoblue.png","contentUrl":"https:\/\/www.miamibeachfl.gov\/wp-content\/uploads\/2022\/06\/miamibeach-logoblue.png","width":1962,"height":381,"caption":"City of Miami Beach"},"image":{"@id":"https:\/\/www.miamibeachfl.gov\/#\/schema\/logo\/image\/"},"sameAs":["https:\/\/www.facebook.com\/cityofmiamibeach","https:\/\/x.com\/Miamibeachnews","https:\/\/www.instagram.com\/miamibeachnews\/"],"description":"Site oficial da cidade de Miami Beach. Mantenha-se informado e encontre informa\u00e7\u00f5es importantes sobre servi\u00e7os municipais, not\u00edcias, alertas, eventos, rotas de bonde, empregos p\u00fablicos e muito mais.","telephone":"305.604.CITY(2489)","legalName":"City of Miami Beach"}]}},"_links":{"self":[{"href":"https:\/\/www.miamibeachfl.gov\/pt\/wp-json\/wp\/v2\/pages\/265333","targetHints":{"allow":["GET"]}}],"collection":[{"href":"https:\/\/www.miamibeachfl.gov\/pt\/wp-json\/wp\/v2\/pages"}],"about":[{"href":"https:\/\/www.miamibeachfl.gov\/pt\/wp-json\/wp\/v2\/types\/page"}],"author":[{"embeddable":true,"href":"https:\/\/www.miamibeachfl.gov\/pt\/wp-json\/wp\/v2\/users\/222"}],"replies":[{"embeddable":true,"href":"https:\/\/www.miamibeachfl.gov\/pt\/wp-json\/wp\/v2\/comments?post=265333"}],"version-history":[{"count":1,"href":"https:\/\/www.miamibeachfl.gov\/pt\/wp-json\/wp\/v2\/pages\/265333\/revisions"}],"predecessor-version":[{"id":386035,"href":"https:\/\/www.miamibeachfl.gov\/pt\/wp-json\/wp\/v2\/pages\/265333\/revisions\/386035"}],"up":[{"embeddable":true,"href":"https:\/\/www.miamibeachfl.gov\/pt\/wp-json\/wp\/v2\/pages\/261112"}],"wp:featuredmedia":[{"embeddable":true,"href":"https:\/\/www.miamibeachfl.gov\/pt\/wp-json\/wp\/v2\/media\/265338"}],"wp:attachment":[{"href":"https:\/\/www.miamibeachfl.gov\/pt\/wp-json\/wp\/v2\/media?parent=265333"}],"wp:term":[{"taxonomy":"category","embeddable":true,"href":"https:\/\/www.miamibeachfl.gov\/pt\/wp-json\/wp\/v2\/categories?post=265333"},{"taxonomy":"post_tag","embeddable":true,"href":"https:\/\/www.miamibeachfl.gov\/pt\/wp-json\/wp\/v2\/tags?post=265333"}],"curies":[{"name":"wp","href":"https:\/\/api.w.org\/{rel}","templated":true}]}}