{"id":265355,"date":"2023-07-19T10:37:58","date_gmt":"2023-07-19T14:37:58","guid":{"rendered":"https:\/\/www.miamibeachfl.gov\/?page_id=265355"},"modified":"2025-07-07T13:51:16","modified_gmt":"2025-07-07T17:51:16","slug":"commissioner-tanya-k-bhatt","status":"publish","type":"page","link":"https:\/\/www.miamibeachfl.gov\/pt\/staff\/commissioner-tanya-k-bhatt\/","title":{"rendered":"Tanya K. Bhatt <br>Grupo 4"},"content":{"rendered":"Prefeito e Comiss\u00e3o\t\t\t\n\t\t\t\t\t<ul id=\"menu-mayor-and-commission\"><li id=\"menu-item-281527\"><a href=\"\/pt\/city-hall\/elected-officials\/\">Prefeito e Comiss\u00e3o Home<\/a><\/li>\n<li id=\"menu-item-281526\"><a href=\"\/pt\/city-hall\/city-clerk\/meeting-notices\/\">Reuni\u00f5es da Comiss\u00e3o<\/a><\/li>\n<li id=\"menu-item-281528\"><a href=\"\/pt\/city-hall\/city-clerk\/boards-and-committees\/\">Conselhos e Comit\u00eas<\/a><\/li>\n<li id=\"menu-item-281529\"><a href=\"\/pt\/city-hall\/city-clerk\/election-information\/\">Informa\u00e7\u00f5es sobre elei\u00e7\u00f5es<\/a><\/li>\n<\/ul>\t\nPrefeito e Comiss\u00e3o \u00d7\t\t\t\t\t\t<ul id=\"menu-mayor-and-commission-1\"><li id=\"menu-item-281527\"><a href=\"\/pt\/city-hall\/elected-officials\/\">Prefeito e Comiss\u00e3o Home<\/a><\/li>\n<li id=\"menu-item-281526\"><a href=\"\/pt\/city-hall\/city-clerk\/meeting-notices\/\">Reuni\u00f5es da Comiss\u00e3o<\/a><\/li>\n<li id=\"menu-item-281528\"><a href=\"\/pt\/city-hall\/city-clerk\/boards-and-committees\/\">Conselhos e Comit\u00eas<\/a><\/li>\n<li id=\"menu-item-281529\"><a href=\"\/pt\/city-hall\/city-clerk\/election-information\/\">Informa\u00e7\u00f5es sobre elei\u00e7\u00f5es<\/a><\/li>\n<\/ul>\t\t\t\t\n\t\t\t\t<img decoding=\"async\" src=\"https:\/\/www.miamibeachfl.gov\/wp-content\/uploads\/bb-plugin\/cache\/TanyaKatzoffBhatt-circle.png\" alt=\"Commissioner Tanya K Bhatt\" title=\"Tanya Katzoff Bhatt\" itemprop=\"image\"\/>\n\t\t<h1>\n\t\t\tTanya K. Bhatt\t<\/h1>\n<h2>\n\t\t\tComiss\u00e1rio\t<\/h2>\n\t<ul>\n\t\t<li><a href=\"mailto:tanya@miamibeachfl.gov\" target=\"_self\"  aria-label=\"Acesse mailto:tanya@miamibeachfl.gov\">\t\t\t\t\n\t\t<h3>Tanya@miamibeachfl.gov<\/h3><\/a><\/li><li><a href=\"tel:3056737105\" target=\"_self\"  aria-label=\"Acesse o telefone: 3056737105\">\t\t\t\t\n\t\t<h3>305.673.7105<\/h3><\/a><\/li>\t<\/ul>\n\t<ul>\n\t\t<li>\t\t\t\t\n\t\t<h3>Grupo 4<\/h3><\/li><li><a href=\"mailto:SaraMurillo@miamibeachfl.gov\" target=\"_self\"  aria-label=\"Acesse o e-mail: SaraMurillo@miamibeachfl.gov\">\t\t\t\t\n\t\t<h3>Assessor da Comiss\u00e3o:<\/h3><p>Sara Murillo Tejada<\/p><\/a><\/li><li><a href=\"tel:7865629498\" target=\"_self\"  aria-label=\"Acesse o telefone: 7865629498\">\t\t\t\t\n\t\t<h3>786.562.9498<\/h3><\/a><\/li><li><a href=\"mailto:SaraMurillo@miamibeachfl.gov\" target=\"_self\"  aria-label=\"Acesse o e-mail: SaraMurillo@miamibeachfl.gov\">\t\t\t\t\n\t\t<h3>SaraMurillo@miamibeachfl.gov<\/h3><\/a><\/li>\t<\/ul>\n\t<p>Tanya Katzoff Bhatt defende os direitos dos outros desde crian\u00e7a, quando disse ao tio-av\u00f4 que queria ser presidente quando crescesse. Desde 2015, ela faz isso pelos moradores de Miami Beach.<\/p>\n<p>Com uma forma\u00e7\u00e3o adquirida na Academia de Lideran\u00e7a de Miami Beach, ela se tornou ativa na Associa\u00e7\u00e3o de Moradores de Bayshore; atuou como presidente do Miami Beach United; integrou o conselho da Liga de Preserva\u00e7\u00e3o do Design de Miami, atuando em seu Comit\u00ea de Governan\u00e7a; e foi nomeada para o Conselho de Planejamento de Miami Beach em 2020, na cadeira de Planejamento Hist\u00f3rico. Defensora tenaz dos direitos dos moradores, l\u00edder comunit\u00e1ria voltada para resultados e comprovada construtora de consensos, Tanya jamais deixar\u00e1 de trabalhar para melhorar nossa cidade.<\/p>\n<p>Integridade, independ\u00eancia, civilidade e resolu\u00e7\u00e3o criteriosa de problemas ancorar\u00e3o e definir\u00e3o o papel de Tanya na Comiss\u00e3o, onde ela trabalhar\u00e1 diligentemente para garantir que Miami Beach continue sendo uma das cidades mais vibrantes e singulares dos Estados Unidos. Suas prioridades incluem alcan\u00e7ar um equil\u00edbrio entre a preserva\u00e7\u00e3o hist\u00f3rica e o crescimento contextual adequado; manter nossa cidade segura e acolhedora; promover as medidas de resili\u00eancia adequadas para cada bairro; e encontrar solu\u00e7\u00f5es sensatas para nossos problemas mais urgentes.<\/p>\n<p>Tanya \u00e9 uma profissional de marketing e branding que, entre outras coisas, passou seis anos \u00e0 frente de uma divis\u00e3o global da Converse. Crescer na Am\u00e9rica do Sul e na Europa lhe ensinou que existem muitas abordagens para encontrar um resultado positivo, uma perspectiva que influencia positivamente a maneira como ela encara oportunidades, desafios e a vida em geral.<\/p>\n<p>Moradora de North Beach, Tanya mudou-se para Miami Beach em 2003 em busca de uma comunidade diversificada e acolhedora, com op\u00e7\u00f5es culturais de alto n\u00edvel para criar suas filhas. Ela se formou na Universidade Brown, \u00e9 uma atleta de resist\u00eancia improv\u00e1vel, resgatadora de c\u00e3es e fala v\u00e1rios idiomas.<\/p>","protected":false},"excerpt":{"rendered":"<p>Mayor &#038; Commission Mayor &#038; Commission Home Commission Meetings Boards &#038; Committees Election Information Mayor &#038; Commission \u00d7 Mayor &#038; [&hellip;]<\/p>\n","protected":false},"author":222,"featured_media":281060,"parent":261112,"menu_order":37,"comment_status":"closed","ping_status":"closed","template":"","meta":{"_searchwp_excluded":"","site-sidebar-layout":"default","site-content-layout":"","ast-site-content-layout":"default","site-content-style":"default","site-sidebar-style":"default","ast-global-header-display":"","ast-banner-title-visibility":"","ast-main-header-display":"","ast-hfb-above-header-display":"","ast-hfb-below-header-display":"","ast-hfb-mobile-header-display":"","site-post-title":"","ast-breadcrumbs-content":"","ast-featured-img":"","footer-sml-layout":"","theme-transparent-header-meta":"","adv-header-id-meta":"","stick-header-meta":"","header-above-stick-meta":"","header-main-stick-meta":"","header-below-stick-meta":"","astra-migrate-meta-layouts":"default","ast-page-background-enabled":"default","ast-page-background-meta":{"desktop":{"background-color":"var(--ast-global-color-5)","background-image":"","background-repeat":"repeat","background-position":"center center","background-size":"auto","background-attachment":"scroll","background-type":"","background-media":"","overlay-type":"","overlay-color":"","overlay-opacity":"","overlay-gradient":""},"tablet":{"background-color":"","background-image":"","background-repeat":"repeat","background-position":"center center","background-size":"auto","background-attachment":"scroll","background-type":"","background-media":"","overlay-type":"","overlay-color":"","overlay-opacity":"","overlay-gradient":""},"mobile":{"background-color":"","background-image":"","background-repeat":"repeat","background-position":"center center","background-size":"auto","background-attachment":"scroll","background-type":"","background-media":"","overlay-type":"","overlay-color":"","overlay-opacity":"","overlay-gradient":""}},"ast-content-background-meta":{"desktop":{"background-color":"var(--ast-global-color-4)","background-image":"","background-repeat":"repeat","background-position":"center center","background-size":"auto","background-attachment":"scroll","background-type":"","background-media":"","overlay-type":"","overlay-color":"","overlay-opacity":"","overlay-gradient":""},"tablet":{"background-color":"var(--ast-global-color-4)","background-image":"","background-repeat":"repeat","background-position":"center center","background-size":"auto","background-attachment":"scroll","background-type":"","background-media":"","overlay-type":"","overlay-color":"","overlay-opacity":"","overlay-gradient":""},"mobile":{"background-color":"var(--ast-global-color-4)","background-image":"","background-repeat":"repeat","background-position":"center center","background-size":"auto","background-attachment":"scroll","background-type":"","background-media":"","overlay-type":"","overlay-color":"","overlay-opacity":"","overlay-gradient":""}},"footnotes":""},"categories":[],"tags":[983,960,1127],"class_list":["post-265355","page","type-page","status-publish","has-post-thumbnail","hentry","tag-mayor-office-team","tag-staff","tag-tanya-k-bhatt"],"yoast_head":"<!-- This site is optimized with the Yoast SEO Premium plugin v27.4 (Yoast SEO v27.4) - https:\/\/yoast.com\/product\/yoast-seo-premium-wordpress\/ -->\n<title>Tanya K. Bhatt Group 4 - City of Miami Beach<\/title>\n<meta name=\"description\" content=\"Tanya Katzoff Bhatt has been advocating for others since she was a child, when she told her great-uncle that she wanted to be president when she grew up. Since 2015, she has been doing so for residents in Miami Beach.\" \/>\n<meta name=\"robots\" content=\"index, follow, max-snippet:-1, max-image-preview:large, max-video-preview:-1\" \/>\n<link rel=\"canonical\" href=\"https:\/\/www.miamibeachfl.gov\/pt\/staff\/commissioner-tanya-k-bhatt\/\" \/>\n<meta property=\"og:locale\" content=\"pt_BR\" \/>\n<meta property=\"og:type\" content=\"article\" \/>\n<meta property=\"og:title\" content=\"Tanya K. Bhatt Group 4\" \/>\n<meta property=\"og:description\" content=\"Tanya Katzoff Bhatt has been advocating for others since she was a child, when she told her great-uncle that she wanted to be president when she grew up. Since 2015, she has been doing so for residents in Miami Beach.\" \/>\n<meta property=\"og:url\" content=\"https:\/\/www.miamibeachfl.gov\/pt\/staff\/commissioner-tanya-k-bhatt\/\" \/>\n<meta property=\"og:site_name\" content=\"City of Miami Beach\" \/>\n<meta property=\"article:publisher\" content=\"https:\/\/www.facebook.com\/cityofmiamibeach\" \/>\n<meta property=\"article:modified_time\" content=\"2025-07-07T17:51:16+00:00\" \/>\n<meta property=\"og:image\" content=\"https:\/\/www.miamibeachfl.gov\/wp-content\/uploads\/2023\/07\/TanyaKatzoffBhatt.png\" \/>\n\t<meta property=\"og:image:width\" content=\"250\" \/>\n\t<meta property=\"og:image:height\" content=\"250\" \/>\n\t<meta property=\"og:image:type\" content=\"image\/png\" \/>\n<meta name=\"twitter:card\" content=\"summary_large_image\" \/>\n<meta name=\"twitter:site\" content=\"@Miamibeachnews\" \/>\n<script type=\"application\/ld+json\" class=\"yoast-schema-graph\">{\"@context\":\"https:\\\/\\\/schema.org\",\"@graph\":[{\"@type\":\"WebPage\",\"@id\":\"https:\\\/\\\/www.miamibeachfl.gov\\\/staff\\\/commissioner-tanya-k-bhatt\\\/\",\"url\":\"https:\\\/\\\/www.miamibeachfl.gov\\\/staff\\\/commissioner-tanya-k-bhatt\\\/\",\"name\":\"Tanya K. Bhatt Group 4 - City of Miami Beach\",\"isPartOf\":{\"@id\":\"https:\\\/\\\/www.miamibeachfl.gov\\\/#website\"},\"primaryImageOfPage\":{\"@id\":\"https:\\\/\\\/www.miamibeachfl.gov\\\/staff\\\/commissioner-tanya-k-bhatt\\\/#primaryimage\"},\"image\":{\"@id\":\"https:\\\/\\\/www.miamibeachfl.gov\\\/staff\\\/commissioner-tanya-k-bhatt\\\/#primaryimage\"},\"thumbnailUrl\":\"https:\\\/\\\/www.miamibeachfl.gov\\\/wp-content\\\/uploads\\\/2023\\\/07\\\/TanyaKatzoffBhatt.png\",\"datePublished\":\"2023-07-19T14:37:58+00:00\",\"dateModified\":\"2025-07-07T17:51:16+00:00\",\"description\":\"Tanya Katzoff Bhatt has been advocating for others since she was a child, when she told her great-uncle that she wanted to be president when she grew up. Since 2015, she has been doing so for residents in Miami Beach.\",\"breadcrumb\":{\"@id\":\"https:\\\/\\\/www.miamibeachfl.gov\\\/staff\\\/commissioner-tanya-k-bhatt\\\/#breadcrumb\"},\"inLanguage\":\"pt-BR\",\"potentialAction\":[{\"@type\":\"ReadAction\",\"target\":[\"https:\\\/\\\/www.miamibeachfl.gov\\\/staff\\\/commissioner-tanya-k-bhatt\\\/\"]}]},{\"@type\":\"ImageObject\",\"inLanguage\":\"pt-BR\",\"@id\":\"https:\\\/\\\/www.miamibeachfl.gov\\\/staff\\\/commissioner-tanya-k-bhatt\\\/#primaryimage\",\"url\":\"https:\\\/\\\/www.miamibeachfl.gov\\\/wp-content\\\/uploads\\\/2023\\\/07\\\/TanyaKatzoffBhatt.png\",\"contentUrl\":\"https:\\\/\\\/www.miamibeachfl.gov\\\/wp-content\\\/uploads\\\/2023\\\/07\\\/TanyaKatzoffBhatt.png\",\"width\":250,\"height\":250,\"caption\":\"Commissioner Tanya K Bhatt\"},{\"@type\":\"BreadcrumbList\",\"@id\":\"https:\\\/\\\/www.miamibeachfl.gov\\\/staff\\\/commissioner-tanya-k-bhatt\\\/#breadcrumb\",\"itemListElement\":[{\"@type\":\"ListItem\",\"position\":1,\"name\":\"Home\",\"item\":\"https:\\\/\\\/www.miamibeachfl.gov\\\/\"},{\"@type\":\"ListItem\",\"position\":2,\"name\":\"Staff\",\"item\":\"https:\\\/\\\/www.miamibeachfl.gov\\\/staff\\\/\"},{\"@type\":\"ListItem\",\"position\":3,\"name\":\"Tanya K. Bhatt Group 4\"}]},{\"@type\":\"WebSite\",\"@id\":\"https:\\\/\\\/www.miamibeachfl.gov\\\/#website\",\"url\":\"https:\\\/\\\/www.miamibeachfl.gov\\\/\",\"name\":\"City of Miami Beach\",\"description\":\"The official website of the City of Miami Beach. Stay informed, find important information on city services, news, alerts, events, trolley routes, government employment and more.\",\"publisher\":{\"@id\":\"https:\\\/\\\/www.miamibeachfl.gov\\\/#organization\"},\"potentialAction\":[{\"@type\":\"SearchAction\",\"target\":{\"@type\":\"EntryPoint\",\"urlTemplate\":\"https:\\\/\\\/www.miamibeachfl.gov\\\/?s={search_term_string}\"},\"query-input\":{\"@type\":\"PropertyValueSpecification\",\"valueRequired\":true,\"valueName\":\"search_term_string\"}}],\"inLanguage\":\"pt-BR\"},{\"@type\":\"Organization\",\"@id\":\"https:\\\/\\\/www.miamibeachfl.gov\\\/#organization\",\"name\":\"City of Miami Beach\",\"url\":\"https:\\\/\\\/www.miamibeachfl.gov\\\/\",\"logo\":{\"@type\":\"ImageObject\",\"inLanguage\":\"pt-BR\",\"@id\":\"https:\\\/\\\/www.miamibeachfl.gov\\\/#\\\/schema\\\/logo\\\/image\\\/\",\"url\":\"https:\\\/\\\/www.miamibeachfl.gov\\\/wp-content\\\/uploads\\\/2022\\\/06\\\/miamibeach-logoblue.png\",\"contentUrl\":\"https:\\\/\\\/www.miamibeachfl.gov\\\/wp-content\\\/uploads\\\/2022\\\/06\\\/miamibeach-logoblue.png\",\"width\":1962,\"height\":381,\"caption\":\"City of Miami Beach\"},\"image\":{\"@id\":\"https:\\\/\\\/www.miamibeachfl.gov\\\/#\\\/schema\\\/logo\\\/image\\\/\"},\"sameAs\":[\"https:\\\/\\\/www.facebook.com\\\/cityofmiamibeach\",\"https:\\\/\\\/x.com\\\/Miamibeachnews\",\"https:\\\/\\\/www.instagram.com\\\/miamibeachnews\\\/\"],\"description\":\"The official website of the City of Miami Beach. Stay informed, find important information on city services, news, alerts, events, trolley routes, government employment and more.\",\"telephone\":\"305.604.CITY(2489)\",\"legalName\":\"City of Miami Beach\"}]}<\/script>\n<!-- \/ Yoast SEO Premium plugin. -->","yoast_head_json":{"title":"Tanya K. Bhatt Grupo 4 - Cidade de Miami Beach","description":"Tanya Katzoff Bhatt defende os direitos dos outros desde crian\u00e7a, quando disse ao tio-av\u00f4 que queria ser presidente quando crescesse. Desde 2015, ela faz isso pelos moradores de Miami Beach.","robots":{"index":"index","follow":"follow","max-snippet":"max-snippet:-1","max-image-preview":"max-image-preview:large","max-video-preview":"max-video-preview:-1"},"canonical":"https:\/\/www.miamibeachfl.gov\/pt\/staff\/commissioner-tanya-k-bhatt\/","og_locale":"pt_BR","og_type":"article","og_title":"Tanya K. Bhatt Group 4","og_description":"Tanya Katzoff Bhatt has been advocating for others since she was a child, when she told her great-uncle that she wanted to be president when she grew up. Since 2015, she has been doing so for residents in Miami Beach.","og_url":"https:\/\/www.miamibeachfl.gov\/pt\/staff\/commissioner-tanya-k-bhatt\/","og_site_name":"City of Miami Beach","article_publisher":"https:\/\/www.facebook.com\/cityofmiamibeach","article_modified_time":"2025-07-07T17:51:16+00:00","og_image":[{"width":250,"height":250,"url":"https:\/\/www.miamibeachfl.gov\/wp-content\/uploads\/2023\/07\/TanyaKatzoffBhatt.png","type":"image\/png"}],"twitter_card":"summary_large_image","twitter_site":"@Miamibeachnews","schema":{"@context":"https:\/\/schema.org","@graph":[{"@type":"WebPage","@id":"https:\/\/www.miamibeachfl.gov\/staff\/commissioner-tanya-k-bhatt\/","url":"https:\/\/www.miamibeachfl.gov\/staff\/commissioner-tanya-k-bhatt\/","name":"Tanya K. Bhatt Grupo 4 - Cidade de Miami Beach","isPartOf":{"@id":"https:\/\/www.miamibeachfl.gov\/#website"},"primaryImageOfPage":{"@id":"https:\/\/www.miamibeachfl.gov\/staff\/commissioner-tanya-k-bhatt\/#primaryimage"},"image":{"@id":"https:\/\/www.miamibeachfl.gov\/staff\/commissioner-tanya-k-bhatt\/#primaryimage"},"thumbnailUrl":"https:\/\/www.miamibeachfl.gov\/wp-content\/uploads\/2023\/07\/TanyaKatzoffBhatt.png","datePublished":"2023-07-19T14:37:58+00:00","dateModified":"2025-07-07T17:51:16+00:00","description":"Tanya Katzoff Bhatt defende os direitos dos outros desde crian\u00e7a, quando disse ao tio-av\u00f4 que queria ser presidente quando crescesse. Desde 2015, ela faz isso pelos moradores de Miami Beach.","breadcrumb":{"@id":"https:\/\/www.miamibeachfl.gov\/staff\/commissioner-tanya-k-bhatt\/#breadcrumb"},"inLanguage":"pt-BR","potentialAction":[{"@type":"ReadAction","target":["https:\/\/www.miamibeachfl.gov\/staff\/commissioner-tanya-k-bhatt\/"]}]},{"@type":"ImageObject","inLanguage":"pt-BR","@id":"https:\/\/www.miamibeachfl.gov\/staff\/commissioner-tanya-k-bhatt\/#primaryimage","url":"https:\/\/www.miamibeachfl.gov\/wp-content\/uploads\/2023\/07\/TanyaKatzoffBhatt.png","contentUrl":"https:\/\/www.miamibeachfl.gov\/wp-content\/uploads\/2023\/07\/TanyaKatzoffBhatt.png","width":250,"height":250,"caption":"Commissioner Tanya K Bhatt"},{"@type":"BreadcrumbList","@id":"https:\/\/www.miamibeachfl.gov\/staff\/commissioner-tanya-k-bhatt\/#breadcrumb","itemListElement":[{"@type":"ListItem","position":1,"name":"Home","item":"https:\/\/www.miamibeachfl.gov\/"},{"@type":"ListItem","position":2,"name":"Staff","item":"https:\/\/www.miamibeachfl.gov\/staff\/"},{"@type":"ListItem","position":3,"name":"Tanya K. Bhatt Group 4"}]},{"@type":"WebSite","@id":"https:\/\/www.miamibeachfl.gov\/#website","url":"https:\/\/www.miamibeachfl.gov\/","name":"Cidade de Miami Beach","description":"Site oficial da cidade de Miami Beach. Mantenha-se informado e encontre informa\u00e7\u00f5es importantes sobre servi\u00e7os municipais, not\u00edcias, alertas, eventos, rotas de bonde, empregos p\u00fablicos e muito mais.","publisher":{"@id":"https:\/\/www.miamibeachfl.gov\/#organization"},"potentialAction":[{"@type":"SearchAction","target":{"@type":"EntryPoint","urlTemplate":"https:\/\/www.miamibeachfl.gov\/?s={search_term_string}"},"query-input":{"@type":"PropertyValueSpecification","valueRequired":true,"valueName":"search_term_string"}}],"inLanguage":"pt-BR"},{"@type":"Organization","@id":"https:\/\/www.miamibeachfl.gov\/#organization","name":"Cidade de Miami Beach","url":"https:\/\/www.miamibeachfl.gov\/","logo":{"@type":"ImageObject","inLanguage":"pt-BR","@id":"https:\/\/www.miamibeachfl.gov\/#\/schema\/logo\/image\/","url":"https:\/\/www.miamibeachfl.gov\/wp-content\/uploads\/2022\/06\/miamibeach-logoblue.png","contentUrl":"https:\/\/www.miamibeachfl.gov\/wp-content\/uploads\/2022\/06\/miamibeach-logoblue.png","width":1962,"height":381,"caption":"City of Miami Beach"},"image":{"@id":"https:\/\/www.miamibeachfl.gov\/#\/schema\/logo\/image\/"},"sameAs":["https:\/\/www.facebook.com\/cityofmiamibeach","https:\/\/x.com\/Miamibeachnews","https:\/\/www.instagram.com\/miamibeachnews\/"],"description":"Site oficial da cidade de Miami Beach. Mantenha-se informado e encontre informa\u00e7\u00f5es importantes sobre servi\u00e7os municipais, not\u00edcias, alertas, eventos, rotas de bonde, empregos p\u00fablicos e muito mais.","telephone":"305.604.CITY(2489)","legalName":"City of Miami Beach"}]}},"_links":{"self":[{"href":"https:\/\/www.miamibeachfl.gov\/pt\/wp-json\/wp\/v2\/pages\/265355","targetHints":{"allow":["GET"]}}],"collection":[{"href":"https:\/\/www.miamibeachfl.gov\/pt\/wp-json\/wp\/v2\/pages"}],"about":[{"href":"https:\/\/www.miamibeachfl.gov\/pt\/wp-json\/wp\/v2\/types\/page"}],"author":[{"embeddable":true,"href":"https:\/\/www.miamibeachfl.gov\/pt\/wp-json\/wp\/v2\/users\/222"}],"replies":[{"embeddable":true,"href":"https:\/\/www.miamibeachfl.gov\/pt\/wp-json\/wp\/v2\/comments?post=265355"}],"version-history":[{"count":1,"href":"https:\/\/www.miamibeachfl.gov\/pt\/wp-json\/wp\/v2\/pages\/265355\/revisions"}],"predecessor-version":[{"id":386037,"href":"https:\/\/www.miamibeachfl.gov\/pt\/wp-json\/wp\/v2\/pages\/265355\/revisions\/386037"}],"up":[{"embeddable":true,"href":"https:\/\/www.miamibeachfl.gov\/pt\/wp-json\/wp\/v2\/pages\/261112"}],"wp:featuredmedia":[{"embeddable":true,"href":"https:\/\/www.miamibeachfl.gov\/pt\/wp-json\/wp\/v2\/media\/281060"}],"wp:attachment":[{"href":"https:\/\/www.miamibeachfl.gov\/pt\/wp-json\/wp\/v2\/media?parent=265355"}],"wp:term":[{"taxonomy":"category","embeddable":true,"href":"https:\/\/www.miamibeachfl.gov\/pt\/wp-json\/wp\/v2\/categories?post=265355"},{"taxonomy":"post_tag","embeddable":true,"href":"https:\/\/www.miamibeachfl.gov\/pt\/wp-json\/wp\/v2\/tags?post=265355"}],"curies":[{"name":"wp","href":"https:\/\/api.w.org\/{rel}","templated":true}]}}