{"id":265371,"date":"2023-07-19T10:50:37","date_gmt":"2023-07-19T14:50:37","guid":{"rendered":"https:\/\/www.miamibeachfl.gov\/?page_id=265371"},"modified":"2025-07-07T13:51:19","modified_gmt":"2025-07-07T17:51:19","slug":"commissioner-joseph-magazine","status":"publish","type":"page","link":"https:\/\/www.miamibeachfl.gov\/pt\/staff\/commissioner-joseph-magazine\/","title":{"rendered":"Revista Joseph <br>Grupo 6"},"content":{"rendered":"Prefeito e Comiss\u00e3o\t\t\t\n\t\t\t\t\t<ul id=\"menu-mayor-and-commission\"><li id=\"menu-item-281527\"><a href=\"\/pt\/city-hall\/elected-officials\/\">Prefeito e Comiss\u00e3o Home<\/a><\/li>\n<li id=\"menu-item-281526\"><a href=\"\/pt\/city-hall\/city-clerk\/meeting-notices\/\">Reuni\u00f5es da Comiss\u00e3o<\/a><\/li>\n<li id=\"menu-item-281528\"><a href=\"\/pt\/city-hall\/city-clerk\/boards-and-committees\/\">Conselhos e Comit\u00eas<\/a><\/li>\n<li id=\"menu-item-281529\"><a href=\"\/pt\/city-hall\/city-clerk\/election-information\/\">Informa\u00e7\u00f5es sobre elei\u00e7\u00f5es<\/a><\/li>\n<\/ul>\t\nPrefeito e Comiss\u00e3o \u00d7\t\t\t\t\t\t<ul id=\"menu-mayor-and-commission-1\"><li id=\"menu-item-281527\"><a href=\"\/pt\/city-hall\/elected-officials\/\">Prefeito e Comiss\u00e3o Home<\/a><\/li>\n<li id=\"menu-item-281526\"><a href=\"\/pt\/city-hall\/city-clerk\/meeting-notices\/\">Reuni\u00f5es da Comiss\u00e3o<\/a><\/li>\n<li id=\"menu-item-281528\"><a href=\"\/pt\/city-hall\/city-clerk\/boards-and-committees\/\">Conselhos e Comit\u00eas<\/a><\/li>\n<li id=\"menu-item-281529\"><a href=\"\/pt\/city-hall\/city-clerk\/election-information\/\">Informa\u00e7\u00f5es sobre elei\u00e7\u00f5es<\/a><\/li>\n<\/ul>\t\t\t\t\n\t\t\t\t<img decoding=\"async\" src=\"https:\/\/www.miamibeachfl.gov\/wp-content\/uploads\/bb-plugin\/cache\/JoeMagazine-circle.png\" alt=\"Comissioner Joe Magazine\" title=\"Revista Joe\" itemprop=\"image\"\/>\n\t\t<h1>\n\t\t\tRevista Joseph\t<\/h1>\n<h2>\n\t\t\tComiss\u00e1rio\t<\/h2>\n\t<ul>\n\t\t<li><a href=\"mailto:joe@miamibeachfl.gov\" target=\"_self\"  aria-label=\"Acesse mailto:joe@miamibeachfl.gov\">\t\t\t\t\n\t\t<h3>Joe@miamibeachfl.gov<\/h3><\/a><\/li><li><a href=\"tel:3056737102\" target=\"_self\"  aria-label=\"Acesse o telefone: 3056737102\">\t\t\t\t\n\t\t<h3>305.673.7102<\/h3><\/a><\/li>\t<\/ul>\n\t<ul>\n\t\t<li>\t\t\t\t\n\t\t<h3>Grupo 6<\/h3><\/li>\t<\/ul>\n\t<ul>\n\t\t<li><h3>Assessores da Comiss\u00e3o:<\/h3><\/li><li>\t\t\t\t\n\t\t<p>Luis Fernando Atencio<\/p><\/li><li><a href=\"mailto:luisatencio@miamibeachfl.gov\" target=\"_blank\" rel=\"noopener\" aria-label=\"Acesse mailto:luisatencio@miamibeachfl.gov \">\t\t\t\t\n\t\t<h3>LuisAtencio@miamibeachfl.gov <\/h3><\/a><\/li><li><a href=\"tel:7866794809\" target=\"_blank\" rel=\"noopener\" aria-label=\"Acesse o telefone: 7866794809\">\t\t\t\t\n\t\t<h3>786.679.4809<\/h3><\/a><\/li><li>\t\t\t\t\n\t\t<p>Isabella Gomez<\/p><\/li><li><a href=\"mailto:IsabellaGomez@miamibeachfl.gov\" target=\"_blank\" rel=\"noopener\" aria-label=\"Acesse mailto:IsabellaGomez@miamibeachfl.gov\">\t\t\t\t\n\t\t<h3>IsabellaGomez@miamibeachfl.gov<\/h3><\/a><\/li><li><a href=\"tel:7865624806\" target=\"_blank\" rel=\"noopener\" aria-label=\"Acesse o telefone: 7865624806\">\t\t\t\t\n\t\t<h3>786.562.4806<\/h3><\/a><\/li>\t<\/ul>\n\t<p>Joe mora no bairro da West Avenue com tr\u00eas gera\u00e7\u00f5es de sua fam\u00edlia, incluindo seus pais, Donna e Joe Sr., e sua filha Capri, de seis anos. Capri estuda na Escola Prim\u00e1ria South Pointe, onde Joe \u00e9 vice-presidente da Associa\u00e7\u00e3o de Pais e Mestres (PTA). Joe tamb\u00e9m atuou com orgulho no Conselho de Planejamento antes de ser eleito para a Comiss\u00e3o Municipal.<\/p>\n<p>Desde cedo, Joe viu em primeira m\u00e3o a import\u00e2ncia da comunidade e de ajudar os necessitados, observando sua m\u00e3e acordar \u00e0s 4h30 todos os dias como enfermeira no Hospital Infantil da Filad\u00e9lfia.<\/p>\n<p>Ap\u00f3s se formar em Finan\u00e7as e Direito Empresarial pela Universidade Estadual da Pensilv\u00e2nia, Joe ingressou no programa de analista de Banco de Investimento\/Mercado de Capitais do Merrill Lynch. Em seguida, passou quase uma d\u00e9cada trabalhando no Deutsche Bank, no grupo de Mercados de Capitais Municipais, com centenas de cidades e munic\u00edpios locais em todo o pa\u00eds, onde desenvolveu paix\u00e3o e expertise por governos locais.<\/p>\n<p>Joe \u00e9 atualmente vice-presidente de um banco de investimento privado de propriedade de afro-americanos, o Loop Capital, que fornece solu\u00e7\u00f5es de capital para entidades corporativas, governamentais e institucionais em todo o mundo. Joe tamb\u00e9m tem uma irm\u00e3 mais nova, Jenna, que mora em Nova York e trabalha em banco de investimento, onde participa ativamente de diversas iniciativas que buscam aumentar a representatividade das mulheres que trabalham em Wall Street.<\/p>","protected":false},"excerpt":{"rendered":"<p>Mayor &#038; Commission Mayor &#038; Commission Home Commission Meetings Boards &#038; Committees Election Information Mayor &#038; Commission \u00d7 Mayor &#038; [&hellip;]<\/p>\n","protected":false},"author":222,"featured_media":281059,"parent":261112,"menu_order":37,"comment_status":"closed","ping_status":"closed","template":"","meta":{"_searchwp_excluded":"","site-sidebar-layout":"default","site-content-layout":"","ast-site-content-layout":"default","site-content-style":"default","site-sidebar-style":"default","ast-global-header-display":"","ast-banner-title-visibility":"","ast-main-header-display":"","ast-hfb-above-header-display":"","ast-hfb-below-header-display":"","ast-hfb-mobile-header-display":"","site-post-title":"","ast-breadcrumbs-content":"","ast-featured-img":"","footer-sml-layout":"","theme-transparent-header-meta":"","adv-header-id-meta":"","stick-header-meta":"","header-above-stick-meta":"","header-main-stick-meta":"","header-below-stick-meta":"","astra-migrate-meta-layouts":"default","ast-page-background-enabled":"default","ast-page-background-meta":{"desktop":{"background-color":"var(--ast-global-color-5)","background-image":"","background-repeat":"repeat","background-position":"center center","background-size":"auto","background-attachment":"scroll","background-type":"","background-media":"","overlay-type":"","overlay-color":"","overlay-opacity":"","overlay-gradient":""},"tablet":{"background-color":"","background-image":"","background-repeat":"repeat","background-position":"center center","background-size":"auto","background-attachment":"scroll","background-type":"","background-media":"","overlay-type":"","overlay-color":"","overlay-opacity":"","overlay-gradient":""},"mobile":{"background-color":"","background-image":"","background-repeat":"repeat","background-position":"center center","background-size":"auto","background-attachment":"scroll","background-type":"","background-media":"","overlay-type":"","overlay-color":"","overlay-opacity":"","overlay-gradient":""}},"ast-content-background-meta":{"desktop":{"background-color":"var(--ast-global-color-4)","background-image":"","background-repeat":"repeat","background-position":"center center","background-size":"auto","background-attachment":"scroll","background-type":"","background-media":"","overlay-type":"","overlay-color":"","overlay-opacity":"","overlay-gradient":""},"tablet":{"background-color":"var(--ast-global-color-4)","background-image":"","background-repeat":"repeat","background-position":"center center","background-size":"auto","background-attachment":"scroll","background-type":"","background-media":"","overlay-type":"","overlay-color":"","overlay-opacity":"","overlay-gradient":""},"mobile":{"background-color":"var(--ast-global-color-4)","background-image":"","background-repeat":"repeat","background-position":"center center","background-size":"auto","background-attachment":"scroll","background-type":"","background-media":"","overlay-type":"","overlay-color":"","overlay-opacity":"","overlay-gradient":""}},"footnotes":""},"categories":[],"tags":[1125,983,960],"class_list":["post-265371","page","type-page","status-publish","has-post-thumbnail","hentry","tag-joe-magazine","tag-mayor-office-team","tag-staff"],"yoast_head":"<!-- This site is optimized with the Yoast SEO Premium plugin v27.4 (Yoast SEO v27.4) - https:\/\/yoast.com\/product\/yoast-seo-premium-wordpress\/ -->\n<title>Joseph Magazine Group 6 - City of Miami Beach<\/title>\n<meta name=\"description\" content=\"Joe resides in the West Avenue neighborhood along with three generations of his family, including both of his parents, Donna and Joe Sr, and his six-year-old daughter Capri. Capri attends South Pointe Elementary School, where Joe is the Vice President of the PTA. Joe also proudly served on the Planning Board prior to being elected to the City Commission.012, former State Representative David Richardson made history in Florida when he became the first openly gay person to win a seat in the Florida Legislature. While it was his first campaign ever, Richardson mounted a true grassroots campaign that brought people together.\" \/>\n<meta name=\"robots\" content=\"index, follow, max-snippet:-1, max-image-preview:large, max-video-preview:-1\" \/>\n<link rel=\"canonical\" href=\"https:\/\/www.miamibeachfl.gov\/pt\/staff\/commissioner-joseph-magazine\/\" \/>\n<meta property=\"og:locale\" content=\"pt_BR\" \/>\n<meta property=\"og:type\" content=\"article\" \/>\n<meta property=\"og:title\" content=\"Joseph Magazine Group 6\" \/>\n<meta property=\"og:description\" content=\"Joe resides in the West Avenue neighborhood along with three generations of his family, including both of his parents, Donna and Joe Sr, and his six-year-old daughter Capri. Capri attends South Pointe Elementary School, where Joe is the Vice President of the PTA. Joe also proudly served on the Planning Board prior to being elected to the City Commission.012, former State Representative David Richardson made history in Florida when he became the first openly gay person to win a seat in the Florida Legislature. While it was his first campaign ever, Richardson mounted a true grassroots campaign that brought people together.\" \/>\n<meta property=\"og:url\" content=\"https:\/\/www.miamibeachfl.gov\/pt\/staff\/commissioner-joseph-magazine\/\" \/>\n<meta property=\"og:site_name\" content=\"City of Miami Beach\" \/>\n<meta property=\"article:publisher\" content=\"https:\/\/www.facebook.com\/cityofmiamibeach\" \/>\n<meta property=\"article:modified_time\" content=\"2025-07-07T17:51:19+00:00\" \/>\n<meta property=\"og:image\" content=\"https:\/\/www.miamibeachfl.gov\/wp-content\/uploads\/2023\/07\/JoeMagazine.png\" \/>\n\t<meta property=\"og:image:width\" content=\"250\" \/>\n\t<meta property=\"og:image:height\" content=\"250\" \/>\n\t<meta property=\"og:image:type\" content=\"image\/png\" \/>\n<meta name=\"twitter:card\" content=\"summary_large_image\" \/>\n<meta name=\"twitter:site\" content=\"@Miamibeachnews\" \/>\n<script type=\"application\/ld+json\" class=\"yoast-schema-graph\">{\"@context\":\"https:\\\/\\\/schema.org\",\"@graph\":[{\"@type\":\"WebPage\",\"@id\":\"https:\\\/\\\/www.miamibeachfl.gov\\\/staff\\\/commissioner-joseph-magazine\\\/\",\"url\":\"https:\\\/\\\/www.miamibeachfl.gov\\\/staff\\\/commissioner-joseph-magazine\\\/\",\"name\":\"Joseph Magazine Group 6 - City of Miami Beach\",\"isPartOf\":{\"@id\":\"https:\\\/\\\/www.miamibeachfl.gov\\\/#website\"},\"primaryImageOfPage\":{\"@id\":\"https:\\\/\\\/www.miamibeachfl.gov\\\/staff\\\/commissioner-joseph-magazine\\\/#primaryimage\"},\"image\":{\"@id\":\"https:\\\/\\\/www.miamibeachfl.gov\\\/staff\\\/commissioner-joseph-magazine\\\/#primaryimage\"},\"thumbnailUrl\":\"https:\\\/\\\/www.miamibeachfl.gov\\\/wp-content\\\/uploads\\\/2023\\\/07\\\/JoeMagazine.png\",\"datePublished\":\"2023-07-19T14:50:37+00:00\",\"dateModified\":\"2025-07-07T17:51:19+00:00\",\"description\":\"Joe resides in the West Avenue neighborhood along with three generations of his family, including both of his parents, Donna and Joe Sr, and his six-year-old daughter Capri. Capri attends South Pointe Elementary School, where Joe is the Vice President of the PTA. Joe also proudly served on the Planning Board prior to being elected to the City Commission.012, former State Representative David Richardson made history in Florida when he became the first openly gay person to win a seat in the Florida Legislature. While it was his first campaign ever, Richardson mounted a true grassroots campaign that brought people together.\",\"breadcrumb\":{\"@id\":\"https:\\\/\\\/www.miamibeachfl.gov\\\/staff\\\/commissioner-joseph-magazine\\\/#breadcrumb\"},\"inLanguage\":\"pt-BR\",\"potentialAction\":[{\"@type\":\"ReadAction\",\"target\":[\"https:\\\/\\\/www.miamibeachfl.gov\\\/staff\\\/commissioner-joseph-magazine\\\/\"]}]},{\"@type\":\"ImageObject\",\"inLanguage\":\"pt-BR\",\"@id\":\"https:\\\/\\\/www.miamibeachfl.gov\\\/staff\\\/commissioner-joseph-magazine\\\/#primaryimage\",\"url\":\"https:\\\/\\\/www.miamibeachfl.gov\\\/wp-content\\\/uploads\\\/2023\\\/07\\\/JoeMagazine.png\",\"contentUrl\":\"https:\\\/\\\/www.miamibeachfl.gov\\\/wp-content\\\/uploads\\\/2023\\\/07\\\/JoeMagazine.png\",\"width\":250,\"height\":250,\"caption\":\"Comissioner Joe Magazine\"},{\"@type\":\"BreadcrumbList\",\"@id\":\"https:\\\/\\\/www.miamibeachfl.gov\\\/staff\\\/commissioner-joseph-magazine\\\/#breadcrumb\",\"itemListElement\":[{\"@type\":\"ListItem\",\"position\":1,\"name\":\"Home\",\"item\":\"https:\\\/\\\/www.miamibeachfl.gov\\\/\"},{\"@type\":\"ListItem\",\"position\":2,\"name\":\"Staff\",\"item\":\"https:\\\/\\\/www.miamibeachfl.gov\\\/staff\\\/\"},{\"@type\":\"ListItem\",\"position\":3,\"name\":\"Joseph Magazine Group 6\"}]},{\"@type\":\"WebSite\",\"@id\":\"https:\\\/\\\/www.miamibeachfl.gov\\\/#website\",\"url\":\"https:\\\/\\\/www.miamibeachfl.gov\\\/\",\"name\":\"City of Miami Beach\",\"description\":\"The official website of the City of Miami Beach. Stay informed, find important information on city services, news, alerts, events, trolley routes, government employment and more.\",\"publisher\":{\"@id\":\"https:\\\/\\\/www.miamibeachfl.gov\\\/#organization\"},\"potentialAction\":[{\"@type\":\"SearchAction\",\"target\":{\"@type\":\"EntryPoint\",\"urlTemplate\":\"https:\\\/\\\/www.miamibeachfl.gov\\\/?s={search_term_string}\"},\"query-input\":{\"@type\":\"PropertyValueSpecification\",\"valueRequired\":true,\"valueName\":\"search_term_string\"}}],\"inLanguage\":\"pt-BR\"},{\"@type\":\"Organization\",\"@id\":\"https:\\\/\\\/www.miamibeachfl.gov\\\/#organization\",\"name\":\"City of Miami Beach\",\"url\":\"https:\\\/\\\/www.miamibeachfl.gov\\\/\",\"logo\":{\"@type\":\"ImageObject\",\"inLanguage\":\"pt-BR\",\"@id\":\"https:\\\/\\\/www.miamibeachfl.gov\\\/#\\\/schema\\\/logo\\\/image\\\/\",\"url\":\"https:\\\/\\\/www.miamibeachfl.gov\\\/wp-content\\\/uploads\\\/2022\\\/06\\\/miamibeach-logoblue.png\",\"contentUrl\":\"https:\\\/\\\/www.miamibeachfl.gov\\\/wp-content\\\/uploads\\\/2022\\\/06\\\/miamibeach-logoblue.png\",\"width\":1962,\"height\":381,\"caption\":\"City of Miami Beach\"},\"image\":{\"@id\":\"https:\\\/\\\/www.miamibeachfl.gov\\\/#\\\/schema\\\/logo\\\/image\\\/\"},\"sameAs\":[\"https:\\\/\\\/www.facebook.com\\\/cityofmiamibeach\",\"https:\\\/\\\/x.com\\\/Miamibeachnews\",\"https:\\\/\\\/www.instagram.com\\\/miamibeachnews\\\/\"],\"description\":\"The official website of the City of Miami Beach. Stay informed, find important information on city services, news, alerts, events, trolley routes, government employment and more.\",\"telephone\":\"305.604.CITY(2489)\",\"legalName\":\"City of Miami Beach\"}]}<\/script>\n<!-- \/ Yoast SEO Premium plugin. -->","yoast_head_json":{"title":"Revista Joseph Grupo 6 - Cidade de Miami Beach","description":"Joe mora no bairro da West Avenue com tr\u00eas gera\u00e7\u00f5es de sua fam\u00edlia, incluindo seus pais, Donna e Joe Sr., e sua filha Capri, de seis anos. Capri estuda na Escola Prim\u00e1ria South Pointe, onde Joe \u00e9 vice-presidente da Associa\u00e7\u00e3o de Pais e Mestres (PTA). Joe tamb\u00e9m serviu com orgulho no Conselho de Planejamento antes de ser eleito para a Comiss\u00e3o Municipal. Em 2012, o ex-deputado estadual David Richardson fez hist\u00f3ria na Fl\u00f3rida ao se tornar a primeira pessoa assumidamente gay a conquistar uma cadeira na Assembleia Legislativa da Fl\u00f3rida. Embora tenha sido sua primeira campanha, Richardson lan\u00e7ou uma verdadeira campanha popular que uniu as pessoas.","robots":{"index":"index","follow":"follow","max-snippet":"max-snippet:-1","max-image-preview":"max-image-preview:large","max-video-preview":"max-video-preview:-1"},"canonical":"https:\/\/www.miamibeachfl.gov\/pt\/staff\/commissioner-joseph-magazine\/","og_locale":"pt_BR","og_type":"article","og_title":"Joseph Magazine Group 6","og_description":"Joe resides in the West Avenue neighborhood along with three generations of his family, including both of his parents, Donna and Joe Sr, and his six-year-old daughter Capri. Capri attends South Pointe Elementary School, where Joe is the Vice President of the PTA. Joe also proudly served on the Planning Board prior to being elected to the City Commission.012, former State Representative David Richardson made history in Florida when he became the first openly gay person to win a seat in the Florida Legislature. While it was his first campaign ever, Richardson mounted a true grassroots campaign that brought people together.","og_url":"https:\/\/www.miamibeachfl.gov\/pt\/staff\/commissioner-joseph-magazine\/","og_site_name":"City of Miami Beach","article_publisher":"https:\/\/www.facebook.com\/cityofmiamibeach","article_modified_time":"2025-07-07T17:51:19+00:00","og_image":[{"width":250,"height":250,"url":"https:\/\/www.miamibeachfl.gov\/wp-content\/uploads\/2023\/07\/JoeMagazine.png","type":"image\/png"}],"twitter_card":"summary_large_image","twitter_site":"@Miamibeachnews","schema":{"@context":"https:\/\/schema.org","@graph":[{"@type":"WebPage","@id":"https:\/\/www.miamibeachfl.gov\/staff\/commissioner-joseph-magazine\/","url":"https:\/\/www.miamibeachfl.gov\/staff\/commissioner-joseph-magazine\/","name":"Revista Joseph Grupo 6 - Cidade de Miami Beach","isPartOf":{"@id":"https:\/\/www.miamibeachfl.gov\/#website"},"primaryImageOfPage":{"@id":"https:\/\/www.miamibeachfl.gov\/staff\/commissioner-joseph-magazine\/#primaryimage"},"image":{"@id":"https:\/\/www.miamibeachfl.gov\/staff\/commissioner-joseph-magazine\/#primaryimage"},"thumbnailUrl":"https:\/\/www.miamibeachfl.gov\/wp-content\/uploads\/2023\/07\/JoeMagazine.png","datePublished":"2023-07-19T14:50:37+00:00","dateModified":"2025-07-07T17:51:19+00:00","description":"Joe mora no bairro da West Avenue com tr\u00eas gera\u00e7\u00f5es de sua fam\u00edlia, incluindo seus pais, Donna e Joe Sr., e sua filha Capri, de seis anos. Capri estuda na Escola Prim\u00e1ria South Pointe, onde Joe \u00e9 vice-presidente da Associa\u00e7\u00e3o de Pais e Mestres (PTA). Joe tamb\u00e9m serviu com orgulho no Conselho de Planejamento antes de ser eleito para a Comiss\u00e3o Municipal. Em 2012, o ex-deputado estadual David Richardson fez hist\u00f3ria na Fl\u00f3rida ao se tornar a primeira pessoa assumidamente gay a conquistar uma cadeira na Assembleia Legislativa da Fl\u00f3rida. Embora tenha sido sua primeira campanha, Richardson lan\u00e7ou uma verdadeira campanha popular que uniu as pessoas.","breadcrumb":{"@id":"https:\/\/www.miamibeachfl.gov\/staff\/commissioner-joseph-magazine\/#breadcrumb"},"inLanguage":"pt-BR","potentialAction":[{"@type":"ReadAction","target":["https:\/\/www.miamibeachfl.gov\/staff\/commissioner-joseph-magazine\/"]}]},{"@type":"ImageObject","inLanguage":"pt-BR","@id":"https:\/\/www.miamibeachfl.gov\/staff\/commissioner-joseph-magazine\/#primaryimage","url":"https:\/\/www.miamibeachfl.gov\/wp-content\/uploads\/2023\/07\/JoeMagazine.png","contentUrl":"https:\/\/www.miamibeachfl.gov\/wp-content\/uploads\/2023\/07\/JoeMagazine.png","width":250,"height":250,"caption":"Comissioner Joe Magazine"},{"@type":"BreadcrumbList","@id":"https:\/\/www.miamibeachfl.gov\/staff\/commissioner-joseph-magazine\/#breadcrumb","itemListElement":[{"@type":"ListItem","position":1,"name":"Home","item":"https:\/\/www.miamibeachfl.gov\/"},{"@type":"ListItem","position":2,"name":"Staff","item":"https:\/\/www.miamibeachfl.gov\/staff\/"},{"@type":"ListItem","position":3,"name":"Joseph Magazine Group 6"}]},{"@type":"WebSite","@id":"https:\/\/www.miamibeachfl.gov\/#website","url":"https:\/\/www.miamibeachfl.gov\/","name":"Cidade de Miami Beach","description":"Site oficial da cidade de Miami Beach. Mantenha-se informado e encontre informa\u00e7\u00f5es importantes sobre servi\u00e7os municipais, not\u00edcias, alertas, eventos, rotas de bonde, empregos p\u00fablicos e muito mais.","publisher":{"@id":"https:\/\/www.miamibeachfl.gov\/#organization"},"potentialAction":[{"@type":"SearchAction","target":{"@type":"EntryPoint","urlTemplate":"https:\/\/www.miamibeachfl.gov\/?s={search_term_string}"},"query-input":{"@type":"PropertyValueSpecification","valueRequired":true,"valueName":"search_term_string"}}],"inLanguage":"pt-BR"},{"@type":"Organization","@id":"https:\/\/www.miamibeachfl.gov\/#organization","name":"Cidade de Miami Beach","url":"https:\/\/www.miamibeachfl.gov\/","logo":{"@type":"ImageObject","inLanguage":"pt-BR","@id":"https:\/\/www.miamibeachfl.gov\/#\/schema\/logo\/image\/","url":"https:\/\/www.miamibeachfl.gov\/wp-content\/uploads\/2022\/06\/miamibeach-logoblue.png","contentUrl":"https:\/\/www.miamibeachfl.gov\/wp-content\/uploads\/2022\/06\/miamibeach-logoblue.png","width":1962,"height":381,"caption":"City of Miami Beach"},"image":{"@id":"https:\/\/www.miamibeachfl.gov\/#\/schema\/logo\/image\/"},"sameAs":["https:\/\/www.facebook.com\/cityofmiamibeach","https:\/\/x.com\/Miamibeachnews","https:\/\/www.instagram.com\/miamibeachnews\/"],"description":"Site oficial da cidade de Miami Beach. Mantenha-se informado e encontre informa\u00e7\u00f5es importantes sobre servi\u00e7os municipais, not\u00edcias, alertas, eventos, rotas de bonde, empregos p\u00fablicos e muito mais.","telephone":"305.604.CITY(2489)","legalName":"City of Miami Beach"}]}},"_links":{"self":[{"href":"https:\/\/www.miamibeachfl.gov\/pt\/wp-json\/wp\/v2\/pages\/265371","targetHints":{"allow":["GET"]}}],"collection":[{"href":"https:\/\/www.miamibeachfl.gov\/pt\/wp-json\/wp\/v2\/pages"}],"about":[{"href":"https:\/\/www.miamibeachfl.gov\/pt\/wp-json\/wp\/v2\/types\/page"}],"author":[{"embeddable":true,"href":"https:\/\/www.miamibeachfl.gov\/pt\/wp-json\/wp\/v2\/users\/222"}],"replies":[{"embeddable":true,"href":"https:\/\/www.miamibeachfl.gov\/pt\/wp-json\/wp\/v2\/comments?post=265371"}],"version-history":[{"count":1,"href":"https:\/\/www.miamibeachfl.gov\/pt\/wp-json\/wp\/v2\/pages\/265371\/revisions"}],"predecessor-version":[{"id":386039,"href":"https:\/\/www.miamibeachfl.gov\/pt\/wp-json\/wp\/v2\/pages\/265371\/revisions\/386039"}],"up":[{"embeddable":true,"href":"https:\/\/www.miamibeachfl.gov\/pt\/wp-json\/wp\/v2\/pages\/261112"}],"wp:featuredmedia":[{"embeddable":true,"href":"https:\/\/www.miamibeachfl.gov\/pt\/wp-json\/wp\/v2\/media\/281059"}],"wp:attachment":[{"href":"https:\/\/www.miamibeachfl.gov\/pt\/wp-json\/wp\/v2\/media?parent=265371"}],"wp:term":[{"taxonomy":"category","embeddable":true,"href":"https:\/\/www.miamibeachfl.gov\/pt\/wp-json\/wp\/v2\/categories?post=265371"},{"taxonomy":"post_tag","embeddable":true,"href":"https:\/\/www.miamibeachfl.gov\/pt\/wp-json\/wp\/v2\/tags?post=265371"}],"curies":[{"name":"wp","href":"https:\/\/api.w.org\/{rel}","templated":true}]}}