{"id":265489,"date":"2023-07-19T16:04:58","date_gmt":"2023-07-19T20:04:58","guid":{"rendered":"https:\/\/www.miamibeachfl.gov\/?page_id=265489"},"modified":"2025-06-07T12:53:40","modified_gmt":"2025-06-07T16:53:40","slug":"buildingdepartment","status":"publish","type":"page","link":"https:\/\/www.miamibeachfl.gov\/pt\/egovapp\/city-hall\/buildingdepartment\/","title":{"rendered":"Departamento de Constru\u00e7\u00e3o"},"content":{"rendered":"<a href=\"https:\/\/www.miamibeachfl.gov\/pt\/egovapp\/city-hall\/\" target=\"_self\">\n\t\t\t\t\t\tVoltar ao Diret\u00f3rio de Departamentos\n\t\t\t\t\t<\/a>\n<h1>\n\t\t\tDepartamento de Constru\u00e7\u00e3o\t<\/h1>\n\t\t\t<a href=\"\/pt\/egovapp\/city-hall\/buildingdepartment\/permitting-checklists\/\" target=\"_self\">\n\t\t\t\t\t\tListas de verifica\u00e7\u00e3o de permiss\u00e3o\n\t\t\t\t\t<\/a>\n\t\t\t<a href=\"\/pt\/egovapp\/city-hall\/buildingdepartment\/building-forms\/\" target=\"_self\">\n\t\t\t\t\t\tFormas de constru\u00e7\u00e3o\n\t\t\t\t\t<\/a>\n\t<ul>\n\t\t<li><a href=\"tel:305.673.7610\" target=\"_self\"  aria-label=\"Acesse o telefone: 305.673.7610\">\t\t\t\t\n\t\t<h3>305.673.7610<\/h3><\/a><\/li><li>\t\t\t\t\n\t\t<h3>Hor\u00e1rio de atendimento:<\/h3><p>Segunda a sexta, das 8h \u00e0s 16h<\/p><\/li><li><a href=\"https:\/\/goo.gl\/maps\/khdGD1Zf2TFdQDmX7\" target=\"_blank\" rel=\"noopener\" aria-label=\"Acesse https:\/\/goo.gl\/maps\/khdGD1Zf2TFdQDmX7\">\t\t\t\t\n\t\t<h3>Escrit\u00f3rio principal:<\/h3><p>1700 Convention Center Drive<br \/>Miami Beach, FL 33139<\/p><\/a><\/li><li><a href=\"https:\/\/goo.gl\/maps\/tuVP4jV3rnwzSpgq6\" target=\"_blank\" rel=\"noopener\" aria-label=\"Acesse https:\/\/goo.gl\/maps\/tuVP4jV3rnwzSpgq6\">\t\t\t\t\n\t\t<h3>Escrit\u00f3rio Norte:<\/h3><p>962 Normandy Drive<br \/>Miami Beach, FL 33141<\/p><\/a><\/li><li>\t\t\t\t\n\t\t<h3>Compromissos<\/h3><p>Os compromissos para se reunir com o Diretor\/Funcion\u00e1rio do Edif\u00edcio, Diretor Adjunto, Diretor Assistente ou Gerente de Opera\u00e7\u00f5es do Edif\u00edcio podem ser agendados por telefone em <a href=\"tel:3056737610\">\u00a0<strong>305.673.7610<\/strong><\/a><strong>,<\/strong> ramal 26130. Os agendamentos para reuni\u00e3o com o Chefe de Se\u00e7\u00e3o podem ser feitos atrav\u00e9s do nosso <strong><a href=\"https:\/\/wb-miamibeachfl.qmatic.cloud\/qmaticwebbooking\">Sistema de agendamento de consultas<\/a>.\u00a0<\/strong><\/p><\/li>\t<\/ul>\n<h2>\n\t\t\tHist\u00f3ria\t<\/h2>\n\t<p>O Departamento de Constru\u00e7\u00e3o da Cidade de Miami Beach foi criado em 1925 e teve seu pr\u00f3prio C\u00f3digo de Constru\u00e7\u00e3o at\u00e9 a d\u00e9cada de 1950, quando a cidade adotou o C\u00f3digo de Constru\u00e7\u00e3o do Sul da Fl\u00f3rida.<\/p>\n<p>O Estado da Fl\u00f3rida imp\u00f4s pela primeira vez c\u00f3digos de constru\u00e7\u00e3o estaduais obrigat\u00f3rios durante a d\u00e9cada de 1970, no in\u00edcio do boom da constru\u00e7\u00e3o moderna. A primeira lei exigiu que todos os munic\u00edpios e condados adotassem e aplicassem um dos quatro c\u00f3digos-modelo reconhecidos pelo estado, conhecidos como &quot;c\u00f3digos m\u00ednimos de constru\u00e7\u00e3o estaduais&quot;. No in\u00edcio da d\u00e9cada de 1990, uma s\u00e9rie de desastres naturais, juntamente com a crescente complexidade da regulamenta\u00e7\u00e3o da constru\u00e7\u00e3o civil em mercados amplamente alterados, levou a uma revis\u00e3o abrangente do sistema estadual de c\u00f3digos de constru\u00e7\u00e3o. O estudo revelou que a ado\u00e7\u00e3o e a aplica\u00e7\u00e3o dos c\u00f3digos de constru\u00e7\u00e3o eram inconsistentes em todo o estado, e os c\u00f3digos locais considerados os mais fortes se mostraram inadequados quando testados por grandes furac\u00f5es. As consequ\u00eancias das falhas nos sistemas de c\u00f3digos de constru\u00e7\u00e3o foram a devasta\u00e7\u00e3o de vidas e economias, al\u00e9m de uma crise de seguros prediais em todo o estado. A resposta foi uma reforma do sistema estadual de regulamenta\u00e7\u00e3o da constru\u00e7\u00e3o civil, que enfatizou a uniformidade e a responsabiliza\u00e7\u00e3o.<\/p>\n<p>Em 1998, a Assembleia Legislativa da Fl\u00f3rida alterou o Cap\u00edtulo 553 dos Estatutos da Fl\u00f3rida, intitulado &quot;Normas de Constru\u00e7\u00e3o de Edifica\u00e7\u00f5es&quot;, para criar um c\u00f3digo de constru\u00e7\u00e3o estadual \u00fanico, aplicado por todos os governos locais. A partir de 1\u00ba de mar\u00e7o de 2002, o C\u00f3digo de Constru\u00e7\u00e3o da Fl\u00f3rida substitui todos os c\u00f3digos de constru\u00e7\u00e3o locais e \u00e9 desenvolvido e mantido pela Comiss\u00e3o de Constru\u00e7\u00e3o da Fl\u00f3rida. O C\u00f3digo de Constru\u00e7\u00e3o da Fl\u00f3rida \u00e9 atualizado a cada tr\u00eas anos e pode ser alterado anualmente para incorporar interpreta\u00e7\u00f5es e esclarecimentos.<\/p>\n<p><strong>O departamento \u00e9 dividido em duas \u00e1reas funcionais: Servi\u00e7os Administrativos e Opera\u00e7\u00f5es.<\/strong><\/p>\n<p><strong>A Se\u00e7\u00e3o de Servi\u00e7os Administrativos<\/strong>\u00a0fornece suporte administrativo a todo o Departamento, incluindo requisi\u00e7\u00e3o de bens e servi\u00e7os, processamento de faturas para contas a pagar, cria\u00e7\u00e3o de faturas para contas a receber, manuten\u00e7\u00e3o de todos os arquivos de pessoal, processamento de folha de pagamento, or\u00e7amento, fornecimento de assist\u00eancia de TI e gerenciamento de projetos especiais.<\/p>\n<p><strong>A Se\u00e7\u00e3o de Opera\u00e7\u00f5es<\/strong>\u00a0\u00e9 respons\u00e1vel por administrar as v\u00e1rias disposi\u00e7\u00f5es do C\u00f3digo de Constru\u00e7\u00e3o da Fl\u00f3rida, incluindo aceitar solicita\u00e7\u00f5es de licen\u00e7as, revisar e aprovar planos de constru\u00e7\u00e3o de acordo com as disposi\u00e7\u00f5es do C\u00f3digo de Constru\u00e7\u00e3o da Fl\u00f3rida, inspecionar a constru\u00e7\u00e3o para garantir a conformidade com os planos aprovados e emitir viola\u00e7\u00f5es para os projetos em que a constru\u00e7\u00e3o foi feita sem ou em desacordo com as licen\u00e7as aprovadas.<\/p>","protected":false},"excerpt":{"rendered":"<p>Back to Department Directory Building Department Permitting Checklists Building Forms 305.673.7610 Office Hours: Monday &#8211; Friday 8AM &#8211; 4PM Main [&hellip;]<\/p>\n","protected":false},"author":222,"featured_media":0,"parent":265532,"menu_order":0,"comment_status":"closed","ping_status":"closed","template":"","meta":{"_searchwp_excluded":"1","site-sidebar-layout":"default","site-content-layout":"","ast-site-content-layout":"","site-content-style":"default","site-sidebar-style":"default","ast-global-header-display":"disabled","ast-banner-title-visibility":"","ast-main-header-display":"","ast-hfb-above-header-display":"","ast-hfb-below-header-display":"","ast-hfb-mobile-header-display":"","site-post-title":"","ast-breadcrumbs-content":"","ast-featured-img":"","footer-sml-layout":"disabled","ast-disable-related-posts":"","theme-transparent-header-meta":"","adv-header-id-meta":"","stick-header-meta":"","header-above-stick-meta":"","header-main-stick-meta":"","header-below-stick-meta":"","astra-migrate-meta-layouts":"default","ast-page-background-enabled":"default","ast-page-background-meta":{"desktop":{"background-color":"var(--ast-global-color-5)","background-image":"","background-repeat":"repeat","background-position":"center center","background-size":"auto","background-attachment":"scroll","background-type":"","background-media":"","overlay-type":"","overlay-color":"","overlay-opacity":"","overlay-gradient":""},"tablet":{"background-color":"","background-image":"","background-repeat":"repeat","background-position":"center center","background-size":"auto","background-attachment":"scroll","background-type":"","background-media":"","overlay-type":"","overlay-color":"","overlay-opacity":"","overlay-gradient":""},"mobile":{"background-color":"","background-image":"","background-repeat":"repeat","background-position":"center center","background-size":"auto","background-attachment":"scroll","background-type":"","background-media":"","overlay-type":"","overlay-color":"","overlay-opacity":"","overlay-gradient":""}},"ast-content-background-meta":{"desktop":{"background-color":"var(--ast-global-color-4)","background-image":"","background-repeat":"repeat","background-position":"center center","background-size":"auto","background-attachment":"scroll","background-type":"","background-media":"","overlay-type":"","overlay-color":"","overlay-opacity":"","overlay-gradient":""},"tablet":{"background-color":"var(--ast-global-color-4)","background-image":"","background-repeat":"repeat","background-position":"center center","background-size":"auto","background-attachment":"scroll","background-type":"","background-media":"","overlay-type":"","overlay-color":"","overlay-opacity":"","overlay-gradient":""},"mobile":{"background-color":"var(--ast-global-color-4)","background-image":"","background-repeat":"repeat","background-position":"center center","background-size":"auto","background-attachment":"scroll","background-type":"","background-media":"","overlay-type":"","overlay-color":"","overlay-opacity":"","overlay-gradient":""}},"footnotes":""},"categories":[],"tags":[1002,1000],"class_list":["post-265489","page","type-page","status-publish","hentry","tag-app-egov-page","tag-cityhall-egovapp"],"yoast_head":"<!-- This site is optimized with the Yoast SEO Premium plugin v27.4 (Yoast SEO v27.4) - https:\/\/yoast.com\/product\/yoast-seo-premium-wordpress\/ -->\n<title>Building Department - City of Miami Beach<\/title>\n<meta name=\"description\" content=\"The City of Miami Beach Building Department supervises and regulates construction activities in Miami Beach.\" \/>\n<meta name=\"robots\" content=\"index, follow, max-snippet:-1, max-image-preview:large, max-video-preview:-1\" \/>\n<link rel=\"canonical\" href=\"https:\/\/www.miamibeachfl.gov\/pt\/egovapp\/city-hall\/buildingdepartment\/\" \/>\n<meta property=\"og:locale\" content=\"pt_BR\" \/>\n<meta property=\"og:type\" content=\"article\" \/>\n<meta property=\"og:title\" content=\"Building Department\" \/>\n<meta property=\"og:description\" content=\"The City of Miami Beach Building Department supervises and regulates construction activities in Miami Beach.\" \/>\n<meta property=\"og:url\" content=\"https:\/\/www.miamibeachfl.gov\/pt\/egovapp\/city-hall\/buildingdepartment\/\" \/>\n<meta property=\"og:site_name\" content=\"City of Miami Beach\" \/>\n<meta property=\"article:publisher\" content=\"https:\/\/www.facebook.com\/cityofmiamibeach\" \/>\n<meta property=\"article:modified_time\" content=\"2025-06-07T16:53:40+00:00\" \/>\n<meta property=\"og:image\" content=\"https:\/\/www.miamibeachfl.gov\/wp-content\/uploads\/2024\/01\/1000pxSquare-miamibeach-aerial-southpointview.jpeg\" \/>\n\t<meta property=\"og:image:width\" content=\"1000\" \/>\n\t<meta property=\"og:image:height\" content=\"1000\" \/>\n\t<meta property=\"og:image:type\" content=\"image\/jpeg\" \/>\n<meta name=\"twitter:card\" content=\"summary_large_image\" \/>\n<meta name=\"twitter:site\" content=\"@Miamibeachnews\" \/>\n<script type=\"application\/ld+json\" class=\"yoast-schema-graph\">{\"@context\":\"https:\\\/\\\/schema.org\",\"@graph\":[{\"@type\":\"WebPage\",\"@id\":\"https:\\\/\\\/www.miamibeachfl.gov\\\/egovapp\\\/city-hall\\\/buildingdepartment\\\/\",\"url\":\"https:\\\/\\\/www.miamibeachfl.gov\\\/egovapp\\\/city-hall\\\/buildingdepartment\\\/\",\"name\":\"Building Department - City of Miami Beach\",\"isPartOf\":{\"@id\":\"https:\\\/\\\/www.miamibeachfl.gov\\\/#website\"},\"datePublished\":\"2023-07-19T20:04:58+00:00\",\"dateModified\":\"2025-06-07T16:53:40+00:00\",\"description\":\"The City of Miami Beach Building Department supervises and regulates construction activities in Miami Beach.\",\"breadcrumb\":{\"@id\":\"https:\\\/\\\/www.miamibeachfl.gov\\\/egovapp\\\/city-hall\\\/buildingdepartment\\\/#breadcrumb\"},\"inLanguage\":\"pt-BR\",\"potentialAction\":[{\"@type\":\"ReadAction\",\"target\":[\"https:\\\/\\\/www.miamibeachfl.gov\\\/egovapp\\\/city-hall\\\/buildingdepartment\\\/\"]}]},{\"@type\":\"BreadcrumbList\",\"@id\":\"https:\\\/\\\/www.miamibeachfl.gov\\\/egovapp\\\/city-hall\\\/buildingdepartment\\\/#breadcrumb\",\"itemListElement\":[{\"@type\":\"ListItem\",\"position\":1,\"name\":\"Home\",\"item\":\"https:\\\/\\\/www.miamibeachfl.gov\\\/\"},{\"@type\":\"ListItem\",\"position\":2,\"name\":\"MobileAppPages\",\"item\":\"https:\\\/\\\/www.miamibeachfl.gov\\\/egovapp\\\/\"},{\"@type\":\"ListItem\",\"position\":3,\"name\":\"City Hall Department Directory\",\"item\":\"https:\\\/\\\/www.miamibeachfl.gov\\\/egovapp\\\/city-hall\\\/\"},{\"@type\":\"ListItem\",\"position\":4,\"name\":\"Building Department\"}]},{\"@type\":\"WebSite\",\"@id\":\"https:\\\/\\\/www.miamibeachfl.gov\\\/#website\",\"url\":\"https:\\\/\\\/www.miamibeachfl.gov\\\/\",\"name\":\"City of Miami Beach\",\"description\":\"The official website of the City of Miami Beach. Stay informed, find important information on city services, news, alerts, events, trolley routes, government employment and more.\",\"publisher\":{\"@id\":\"https:\\\/\\\/www.miamibeachfl.gov\\\/#organization\"},\"potentialAction\":[{\"@type\":\"SearchAction\",\"target\":{\"@type\":\"EntryPoint\",\"urlTemplate\":\"https:\\\/\\\/www.miamibeachfl.gov\\\/?s={search_term_string}\"},\"query-input\":{\"@type\":\"PropertyValueSpecification\",\"valueRequired\":true,\"valueName\":\"search_term_string\"}}],\"inLanguage\":\"pt-BR\"},{\"@type\":\"Organization\",\"@id\":\"https:\\\/\\\/www.miamibeachfl.gov\\\/#organization\",\"name\":\"City of Miami Beach\",\"url\":\"https:\\\/\\\/www.miamibeachfl.gov\\\/\",\"logo\":{\"@type\":\"ImageObject\",\"inLanguage\":\"pt-BR\",\"@id\":\"https:\\\/\\\/www.miamibeachfl.gov\\\/#\\\/schema\\\/logo\\\/image\\\/\",\"url\":\"https:\\\/\\\/www.miamibeachfl.gov\\\/wp-content\\\/uploads\\\/2022\\\/06\\\/miamibeach-logoblue.png\",\"contentUrl\":\"https:\\\/\\\/www.miamibeachfl.gov\\\/wp-content\\\/uploads\\\/2022\\\/06\\\/miamibeach-logoblue.png\",\"width\":1962,\"height\":381,\"caption\":\"City of Miami Beach\"},\"image\":{\"@id\":\"https:\\\/\\\/www.miamibeachfl.gov\\\/#\\\/schema\\\/logo\\\/image\\\/\"},\"sameAs\":[\"https:\\\/\\\/www.facebook.com\\\/cityofmiamibeach\",\"https:\\\/\\\/x.com\\\/Miamibeachnews\",\"https:\\\/\\\/www.instagram.com\\\/miamibeachnews\\\/\"],\"description\":\"The official website of the City of Miami Beach. Stay informed, find important information on city services, news, alerts, events, trolley routes, government employment and more.\",\"telephone\":\"305.604.CITY(2489)\",\"legalName\":\"City of Miami Beach\"}]}<\/script>\n<!-- \/ Yoast SEO Premium plugin. -->","yoast_head_json":{"title":"Departamento de Constru\u00e7\u00e3o - Cidade de Miami Beach","description":"O Departamento de Constru\u00e7\u00e3o da Cidade de Miami Beach supervisiona e regulamenta as atividades de constru\u00e7\u00e3o em Miami Beach.","robots":{"index":"index","follow":"follow","max-snippet":"max-snippet:-1","max-image-preview":"max-image-preview:large","max-video-preview":"max-video-preview:-1"},"canonical":"https:\/\/www.miamibeachfl.gov\/pt\/egovapp\/city-hall\/buildingdepartment\/","og_locale":"pt_BR","og_type":"article","og_title":"Building Department","og_description":"The City of Miami Beach Building Department supervises and regulates construction activities in Miami Beach.","og_url":"https:\/\/www.miamibeachfl.gov\/pt\/egovapp\/city-hall\/buildingdepartment\/","og_site_name":"City of Miami Beach","article_publisher":"https:\/\/www.facebook.com\/cityofmiamibeach","article_modified_time":"2025-06-07T16:53:40+00:00","og_image":[{"width":1000,"height":1000,"url":"https:\/\/www.miamibeachfl.gov\/wp-content\/uploads\/2024\/01\/1000pxSquare-miamibeach-aerial-southpointview.jpeg","type":"image\/jpeg"}],"twitter_card":"summary_large_image","twitter_site":"@Miamibeachnews","schema":{"@context":"https:\/\/schema.org","@graph":[{"@type":"WebPage","@id":"https:\/\/www.miamibeachfl.gov\/egovapp\/city-hall\/buildingdepartment\/","url":"https:\/\/www.miamibeachfl.gov\/egovapp\/city-hall\/buildingdepartment\/","name":"Departamento de Constru\u00e7\u00e3o - Cidade de Miami Beach","isPartOf":{"@id":"https:\/\/www.miamibeachfl.gov\/#website"},"datePublished":"2023-07-19T20:04:58+00:00","dateModified":"2025-06-07T16:53:40+00:00","description":"O Departamento de Constru\u00e7\u00e3o da Cidade de Miami Beach supervisiona e regulamenta as atividades de constru\u00e7\u00e3o em Miami Beach.","breadcrumb":{"@id":"https:\/\/www.miamibeachfl.gov\/egovapp\/city-hall\/buildingdepartment\/#breadcrumb"},"inLanguage":"pt-BR","potentialAction":[{"@type":"ReadAction","target":["https:\/\/www.miamibeachfl.gov\/egovapp\/city-hall\/buildingdepartment\/"]}]},{"@type":"BreadcrumbList","@id":"https:\/\/www.miamibeachfl.gov\/egovapp\/city-hall\/buildingdepartment\/#breadcrumb","itemListElement":[{"@type":"ListItem","position":1,"name":"Home","item":"https:\/\/www.miamibeachfl.gov\/"},{"@type":"ListItem","position":2,"name":"MobileAppPages","item":"https:\/\/www.miamibeachfl.gov\/egovapp\/"},{"@type":"ListItem","position":3,"name":"City Hall Department Directory","item":"https:\/\/www.miamibeachfl.gov\/egovapp\/city-hall\/"},{"@type":"ListItem","position":4,"name":"Building Department"}]},{"@type":"WebSite","@id":"https:\/\/www.miamibeachfl.gov\/#website","url":"https:\/\/www.miamibeachfl.gov\/","name":"Cidade de Miami Beach","description":"Site oficial da cidade de Miami Beach. Mantenha-se informado e encontre informa\u00e7\u00f5es importantes sobre servi\u00e7os municipais, not\u00edcias, alertas, eventos, rotas de bonde, empregos p\u00fablicos e muito mais.","publisher":{"@id":"https:\/\/www.miamibeachfl.gov\/#organization"},"potentialAction":[{"@type":"SearchAction","target":{"@type":"EntryPoint","urlTemplate":"https:\/\/www.miamibeachfl.gov\/?s={search_term_string}"},"query-input":{"@type":"PropertyValueSpecification","valueRequired":true,"valueName":"search_term_string"}}],"inLanguage":"pt-BR"},{"@type":"Organization","@id":"https:\/\/www.miamibeachfl.gov\/#organization","name":"Cidade de Miami Beach","url":"https:\/\/www.miamibeachfl.gov\/","logo":{"@type":"ImageObject","inLanguage":"pt-BR","@id":"https:\/\/www.miamibeachfl.gov\/#\/schema\/logo\/image\/","url":"https:\/\/www.miamibeachfl.gov\/wp-content\/uploads\/2022\/06\/miamibeach-logoblue.png","contentUrl":"https:\/\/www.miamibeachfl.gov\/wp-content\/uploads\/2022\/06\/miamibeach-logoblue.png","width":1962,"height":381,"caption":"City of Miami Beach"},"image":{"@id":"https:\/\/www.miamibeachfl.gov\/#\/schema\/logo\/image\/"},"sameAs":["https:\/\/www.facebook.com\/cityofmiamibeach","https:\/\/x.com\/Miamibeachnews","https:\/\/www.instagram.com\/miamibeachnews\/"],"description":"Site oficial da cidade de Miami Beach. Mantenha-se informado e encontre informa\u00e7\u00f5es importantes sobre servi\u00e7os municipais, not\u00edcias, alertas, eventos, rotas de bonde, empregos p\u00fablicos e muito mais.","telephone":"305.604.CITY(2489)","legalName":"City of Miami Beach"}]}},"_links":{"self":[{"href":"https:\/\/www.miamibeachfl.gov\/pt\/wp-json\/wp\/v2\/pages\/265489","targetHints":{"allow":["GET"]}}],"collection":[{"href":"https:\/\/www.miamibeachfl.gov\/pt\/wp-json\/wp\/v2\/pages"}],"about":[{"href":"https:\/\/www.miamibeachfl.gov\/pt\/wp-json\/wp\/v2\/types\/page"}],"author":[{"embeddable":true,"href":"https:\/\/www.miamibeachfl.gov\/pt\/wp-json\/wp\/v2\/users\/222"}],"replies":[{"embeddable":true,"href":"https:\/\/www.miamibeachfl.gov\/pt\/wp-json\/wp\/v2\/comments?post=265489"}],"version-history":[{"count":1,"href":"https:\/\/www.miamibeachfl.gov\/pt\/wp-json\/wp\/v2\/pages\/265489\/revisions"}],"predecessor-version":[{"id":375746,"href":"https:\/\/www.miamibeachfl.gov\/pt\/wp-json\/wp\/v2\/pages\/265489\/revisions\/375746"}],"up":[{"embeddable":true,"href":"https:\/\/www.miamibeachfl.gov\/pt\/wp-json\/wp\/v2\/pages\/265532"}],"wp:attachment":[{"href":"https:\/\/www.miamibeachfl.gov\/pt\/wp-json\/wp\/v2\/media?parent=265489"}],"wp:term":[{"taxonomy":"category","embeddable":true,"href":"https:\/\/www.miamibeachfl.gov\/pt\/wp-json\/wp\/v2\/categories?post=265489"},{"taxonomy":"post_tag","embeddable":true,"href":"https:\/\/www.miamibeachfl.gov\/pt\/wp-json\/wp\/v2\/tags?post=265489"}],"curies":[{"name":"wp","href":"https:\/\/api.w.org\/{rel}","templated":true}]}}