{"id":265589,"date":"2023-07-20T12:01:41","date_gmt":"2023-07-20T16:01:41","guid":{"rendered":"https:\/\/www.miamibeachfl.gov\/?page_id=265589"},"modified":"2025-06-07T15:09:02","modified_gmt":"2025-06-07T19:09:02","slug":"citymanagerdepartment","status":"publish","type":"page","link":"https:\/\/www.miamibeachfl.gov\/pt\/egovapp\/city-hall\/citymanagerdepartment\/","title":{"rendered":"Departamento de Gest\u00e3o da Cidade"},"content":{"rendered":"<a href=\"https:\/\/www.miamibeachfl.gov\/pt\/egovapp\/city-hall\/\" target=\"_self\" role=\"button\" rel=\"noopener\">\n\t\t\t\t\t\tVoltar ao Diret\u00f3rio de Departamentos\n\t\t\t\t\t<\/a>\n<h1>\n\t\tGerente da cidade\n\t<\/h1>\n\t<ul>\n\t\t<li><a href=\"tel:3056737010\" target=\"_self\" aria-label=\"Acesse o telefone: 3056737010\" rel=\"noopener\"><\/a>\t\t\t\t\n\t\t<h3>305.673.7010<\/h3><\/li><li>\t\t\t\t\n\t\t<h3>Hor\u00e1rio de atendimento:<\/h3><p>Segunda a sexta, das 9h \u00e0s 17h<\/p><\/li><li><a href=\"https:\/\/goo.gl\/maps\/z913RakUwUY1a598A\" target=\"_blank\" rel=\"noopener\" aria-label=\"Acesse https:\/\/goo.gl\/maps\/z913RakUwUY1a598A\"><\/a>\t\t\t\t\n\t\t<h3>Escrit\u00f3rio principal:<\/h3><p>1700 Convention Center Drive<br \/>Miami Beach, FL 33139<\/p><\/li>\t<\/ul>\n<h2>\n\t\tFundo\n\t<\/h2>\n\t<p>O Administrador Municipal \u00e9 nomeado pelo Prefeito e pela Comiss\u00e3o Municipal e tem a responsabilidade de garantir que as pol\u00edticas, diretivas, resolu\u00e7\u00f5es e portarias adotadas pela Comiss\u00e3o Municipal sejam aplicadas e implementadas. Como Diretor Executivo (CEO) da Cidade, o Administrador Municipal \u00e9 respons\u00e1vel por fornecer lideran\u00e7a, vis\u00e3o e orienta\u00e7\u00e3o de n\u00edvel executivo \u00e0 organiza\u00e7\u00e3o, fornecendo recomenda\u00e7\u00f5es \u00e0 Comiss\u00e3o Municipal e implementando diretivas e servi\u00e7os de pol\u00edticas de forma eficiente e eficaz.<\/p>\n<p>Al\u00e9m da lideran\u00e7a executiva, o Gabinete do Administrador da Cidade administra tr\u00eas prioridades significativas em toda a cidade: supervis\u00e3o do programa de t\u00edtulos de obriga\u00e7\u00e3o geral (GO), lideran\u00e7a do planejamento de resili\u00eancia e assuntos e subs\u00eddios intergovernamentais.<\/p>","protected":false},"excerpt":{"rendered":"<p>Voltar ao diret\u00f3rio do departamento Gerente da cidade 305.673.7010 Hor\u00e1rio de funcionamento: Segunda a sexta, das 9h \u00e0s 17h Escrit\u00f3rio principal: 1700 Centro de Conven\u00e7\u00f5es [\u2026]<\/p>","protected":false},"author":222,"featured_media":0,"parent":265532,"menu_order":0,"comment_status":"closed","ping_status":"closed","template":"","meta":{"_searchwp_excluded":"1","site-sidebar-layout":"default","site-content-layout":"","ast-site-content-layout":"","site-content-style":"default","site-sidebar-style":"default","ast-global-header-display":"disabled","ast-banner-title-visibility":"","ast-main-header-display":"","ast-hfb-above-header-display":"","ast-hfb-below-header-display":"","ast-hfb-mobile-header-display":"","site-post-title":"","ast-breadcrumbs-content":"","ast-featured-img":"","footer-sml-layout":"disabled","theme-transparent-header-meta":"","adv-header-id-meta":"","stick-header-meta":"","header-above-stick-meta":"","header-main-stick-meta":"","header-below-stick-meta":"","astra-migrate-meta-layouts":"default","ast-page-background-enabled":"default","ast-page-background-meta":{"desktop":{"background-color":"var(--ast-global-color-5)","background-image":"","background-repeat":"repeat","background-position":"center center","background-size":"auto","background-attachment":"scroll","background-type":"","background-media":"","overlay-type":"","overlay-color":"","overlay-opacity":"","overlay-gradient":""},"tablet":{"background-color":"","background-image":"","background-repeat":"repeat","background-position":"center center","background-size":"auto","background-attachment":"scroll","background-type":"","background-media":"","overlay-type":"","overlay-color":"","overlay-opacity":"","overlay-gradient":""},"mobile":{"background-color":"","background-image":"","background-repeat":"repeat","background-position":"center center","background-size":"auto","background-attachment":"scroll","background-type":"","background-media":"","overlay-type":"","overlay-color":"","overlay-opacity":"","overlay-gradient":""}},"ast-content-background-meta":{"desktop":{"background-color":"var(--ast-global-color-4)","background-image":"","background-repeat":"repeat","background-position":"center center","background-size":"auto","background-attachment":"scroll","background-type":"","background-media":"","overlay-type":"","overlay-color":"","overlay-opacity":"","overlay-gradient":""},"tablet":{"background-color":"var(--ast-global-color-4)","background-image":"","background-repeat":"repeat","background-position":"center center","background-size":"auto","background-attachment":"scroll","background-type":"","background-media":"","overlay-type":"","overlay-color":"","overlay-opacity":"","overlay-gradient":""},"mobile":{"background-color":"var(--ast-global-color-4)","background-image":"","background-repeat":"repeat","background-position":"center center","background-size":"auto","background-attachment":"scroll","background-type":"","background-media":"","overlay-type":"","overlay-color":"","overlay-opacity":"","overlay-gradient":""}},"footnotes":""},"categories":[],"tags":[1002,1000],"class_list":["post-265589","page","type-page","status-publish","hentry","tag-app-egov-page","tag-cityhall-egovapp"],"yoast_head":"<!-- This site is optimized with the Yoast SEO Premium plugin v26.6 (Yoast SEO v26.6) - https:\/\/yoast.com\/wordpress\/plugins\/seo\/ -->\n<title>City Manager Department - City of Miami Beach<\/title>\n<meta name=\"description\" content=\"The Office of the City Manager provides executive-level leadership in order to achieve the City\u2019s mission of providing excellent public service and safety to all who live, work and play in our vibrant, tropical, historic community by ensuring that the City prospers at all levels, including residents, members of the business community, and visitors to the City of Miami Beach.\" \/>\n<meta name=\"robots\" content=\"index, follow, max-snippet:-1, max-image-preview:large, max-video-preview:-1\" \/>\n<link rel=\"canonical\" href=\"https:\/\/www.miamibeachfl.gov\/pt\/egovapp\/city-hall\/citymanagerdepartment\/\" \/>\n<meta property=\"og:locale\" content=\"pt_BR\" \/>\n<meta property=\"og:type\" content=\"article\" \/>\n<meta property=\"og:title\" content=\"City Manager Department\" \/>\n<meta property=\"og:description\" content=\"The Office of the City Manager provides executive-level leadership in order to achieve the City\u2019s mission of providing excellent public service and safety to all who live, work and play in our vibrant, tropical, historic community by ensuring that the City prospers at all levels, including residents, members of the business community, and visitors to the City of Miami Beach.\" \/>\n<meta property=\"og:url\" content=\"https:\/\/www.miamibeachfl.gov\/pt\/egovapp\/city-hall\/citymanagerdepartment\/\" \/>\n<meta property=\"og:site_name\" content=\"City of Miami Beach\" \/>\n<meta property=\"article:publisher\" content=\"https:\/\/www.facebook.com\/cityofmiamibeach\" \/>\n<meta property=\"article:modified_time\" content=\"2025-06-07T19:09:02+00:00\" \/>\n<meta property=\"og:image\" content=\"https:\/\/www.miamibeachfl.gov\/wp-content\/uploads\/2024\/01\/1000pxSquare-miamibeach-aerial-southpointview.jpeg\" \/>\n\t<meta property=\"og:image:width\" content=\"1000\" \/>\n\t<meta property=\"og:image:height\" content=\"1000\" \/>\n\t<meta property=\"og:image:type\" content=\"image\/jpeg\" \/>\n<meta name=\"twitter:card\" content=\"summary_large_image\" \/>\n<meta name=\"twitter:site\" content=\"@Miamibeachnews\" \/>\n<script type=\"application\/ld+json\" class=\"yoast-schema-graph\">{\"@context\":\"https:\/\/schema.org\",\"@graph\":[{\"@type\":\"WebPage\",\"@id\":\"https:\/\/www.miamibeachfl.gov\/egovapp\/city-hall\/citymanagerdepartment\/\",\"url\":\"https:\/\/www.miamibeachfl.gov\/egovapp\/city-hall\/citymanagerdepartment\/\",\"name\":\"City Manager Department - City of Miami Beach\",\"isPartOf\":{\"@id\":\"https:\/\/www.miamibeachfl.gov\/#website\"},\"datePublished\":\"2023-07-20T16:01:41+00:00\",\"dateModified\":\"2025-06-07T19:09:02+00:00\",\"description\":\"The Office of the City Manager provides executive-level leadership in order to achieve the City\u2019s mission of providing excellent public service and safety to all who live, work and play in our vibrant, tropical, historic community by ensuring that the City prospers at all levels, including residents, members of the business community, and visitors to the City of Miami Beach.\",\"breadcrumb\":{\"@id\":\"https:\/\/www.miamibeachfl.gov\/egovapp\/city-hall\/citymanagerdepartment\/#breadcrumb\"},\"inLanguage\":\"pt-BR\",\"potentialAction\":[{\"@type\":\"ReadAction\",\"target\":[\"https:\/\/www.miamibeachfl.gov\/egovapp\/city-hall\/citymanagerdepartment\/\"]}]},{\"@type\":\"BreadcrumbList\",\"@id\":\"https:\/\/www.miamibeachfl.gov\/egovapp\/city-hall\/citymanagerdepartment\/#breadcrumb\",\"itemListElement\":[{\"@type\":\"ListItem\",\"position\":1,\"name\":\"Home\",\"item\":\"https:\/\/www.miamibeachfl.gov\/\"},{\"@type\":\"ListItem\",\"position\":2,\"name\":\"MobileAppPages\",\"item\":\"https:\/\/www.miamibeachfl.gov\/egovapp\/\"},{\"@type\":\"ListItem\",\"position\":3,\"name\":\"City Hall Department Directory\",\"item\":\"https:\/\/www.miamibeachfl.gov\/egovapp\/city-hall\/\"},{\"@type\":\"ListItem\",\"position\":4,\"name\":\"City Manager Department\"}]},{\"@type\":\"WebSite\",\"@id\":\"https:\/\/www.miamibeachfl.gov\/#website\",\"url\":\"https:\/\/www.miamibeachfl.gov\/\",\"name\":\"City of Miami Beach\",\"description\":\"The official website of the City of Miami Beach. Stay informed, find important information on city services, news, alerts, events, trolley routes, government employment and more.\",\"publisher\":{\"@id\":\"https:\/\/www.miamibeachfl.gov\/#organization\"},\"potentialAction\":[{\"@type\":\"SearchAction\",\"target\":{\"@type\":\"EntryPoint\",\"urlTemplate\":\"https:\/\/www.miamibeachfl.gov\/?s={search_term_string}\"},\"query-input\":{\"@type\":\"PropertyValueSpecification\",\"valueRequired\":true,\"valueName\":\"search_term_string\"}}],\"inLanguage\":\"pt-BR\"},{\"@type\":\"Organization\",\"@id\":\"https:\/\/www.miamibeachfl.gov\/#organization\",\"name\":\"City of Miami Beach\",\"url\":\"https:\/\/www.miamibeachfl.gov\/\",\"logo\":{\"@type\":\"ImageObject\",\"inLanguage\":\"pt-BR\",\"@id\":\"https:\/\/www.miamibeachfl.gov\/#\/schema\/logo\/image\/\",\"url\":\"https:\/\/www.miamibeachfl.gov\/wp-content\/uploads\/2022\/06\/miamibeach-logoblue.png\",\"contentUrl\":\"https:\/\/www.miamibeachfl.gov\/wp-content\/uploads\/2022\/06\/miamibeach-logoblue.png\",\"width\":1962,\"height\":381,\"caption\":\"City of Miami Beach\"},\"image\":{\"@id\":\"https:\/\/www.miamibeachfl.gov\/#\/schema\/logo\/image\/\"},\"sameAs\":[\"https:\/\/www.facebook.com\/cityofmiamibeach\",\"https:\/\/x.com\/Miamibeachnews\",\"https:\/\/www.instagram.com\/miamibeachnews\/\"],\"description\":\"The official website of the City of Miami Beach. Stay informed, find important information on city services, news, alerts, events, trolley routes, government employment and more.\",\"telephone\":\"305.604.CITY(2489)\",\"legalName\":\"City of Miami Beach\"}]}<\/script>\n<!-- \/ Yoast SEO Premium plugin. -->","yoast_head_json":{"title":"Departamento de Administra\u00e7\u00e3o Municipal - Prefeitura de Miami Beach","description":"O Gabinete do Administrador da Cidade fornece lideran\u00e7a de n\u00edvel executivo para atingir a miss\u00e3o da cidade de fornecer excelente servi\u00e7o p\u00fablico e seguran\u00e7a a todos que vivem, trabalham e se divertem em nossa vibrante comunidade tropical e hist\u00f3rica, garantindo que a cidade prospere em todos os n\u00edveis, incluindo moradores, membros da comunidade empresarial e visitantes da cidade de Miami Beach.","robots":{"index":"index","follow":"follow","max-snippet":"max-snippet:-1","max-image-preview":"max-image-preview:large","max-video-preview":"max-video-preview:-1"},"canonical":"https:\/\/www.miamibeachfl.gov\/pt\/egovapp\/city-hall\/citymanagerdepartment\/","og_locale":"pt_BR","og_type":"article","og_title":"City Manager Department","og_description":"The Office of the City Manager provides executive-level leadership in order to achieve the City\u2019s mission of providing excellent public service and safety to all who live, work and play in our vibrant, tropical, historic community by ensuring that the City prospers at all levels, including residents, members of the business community, and visitors to the City of Miami Beach.","og_url":"https:\/\/www.miamibeachfl.gov\/pt\/egovapp\/city-hall\/citymanagerdepartment\/","og_site_name":"City of Miami Beach","article_publisher":"https:\/\/www.facebook.com\/cityofmiamibeach","article_modified_time":"2025-06-07T19:09:02+00:00","og_image":[{"width":1000,"height":1000,"url":"https:\/\/www.miamibeachfl.gov\/wp-content\/uploads\/2024\/01\/1000pxSquare-miamibeach-aerial-southpointview.jpeg","type":"image\/jpeg"}],"twitter_card":"summary_large_image","twitter_site":"@Miamibeachnews","schema":{"@context":"https:\/\/schema.org","@graph":[{"@type":"WebPage","@id":"https:\/\/www.miamibeachfl.gov\/egovapp\/city-hall\/citymanagerdepartment\/","url":"https:\/\/www.miamibeachfl.gov\/egovapp\/city-hall\/citymanagerdepartment\/","name":"Departamento de Administra\u00e7\u00e3o Municipal - Prefeitura de Miami Beach","isPartOf":{"@id":"https:\/\/www.miamibeachfl.gov\/#website"},"datePublished":"2023-07-20T16:01:41+00:00","dateModified":"2025-06-07T19:09:02+00:00","description":"O Gabinete do Administrador da Cidade fornece lideran\u00e7a de n\u00edvel executivo para atingir a miss\u00e3o da cidade de fornecer excelente servi\u00e7o p\u00fablico e seguran\u00e7a a todos que vivem, trabalham e se divertem em nossa vibrante comunidade tropical e hist\u00f3rica, garantindo que a cidade prospere em todos os n\u00edveis, incluindo moradores, membros da comunidade empresarial e visitantes da cidade de Miami Beach.","breadcrumb":{"@id":"https:\/\/www.miamibeachfl.gov\/egovapp\/city-hall\/citymanagerdepartment\/#breadcrumb"},"inLanguage":"pt-BR","potentialAction":[{"@type":"ReadAction","target":["https:\/\/www.miamibeachfl.gov\/egovapp\/city-hall\/citymanagerdepartment\/"]}]},{"@type":"BreadcrumbList","@id":"https:\/\/www.miamibeachfl.gov\/egovapp\/city-hall\/citymanagerdepartment\/#breadcrumb","itemListElement":[{"@type":"ListItem","position":1,"name":"Home","item":"https:\/\/www.miamibeachfl.gov\/"},{"@type":"ListItem","position":2,"name":"MobileAppPages","item":"https:\/\/www.miamibeachfl.gov\/egovapp\/"},{"@type":"ListItem","position":3,"name":"City Hall Department Directory","item":"https:\/\/www.miamibeachfl.gov\/egovapp\/city-hall\/"},{"@type":"ListItem","position":4,"name":"City Manager Department"}]},{"@type":"WebSite","@id":"https:\/\/www.miamibeachfl.gov\/#website","url":"https:\/\/www.miamibeachfl.gov\/","name":"Cidade de Miami Beach","description":"Site oficial da cidade de Miami Beach. Mantenha-se informado e encontre informa\u00e7\u00f5es importantes sobre servi\u00e7os municipais, not\u00edcias, alertas, eventos, rotas de bonde, empregos p\u00fablicos e muito mais.","publisher":{"@id":"https:\/\/www.miamibeachfl.gov\/#organization"},"potentialAction":[{"@type":"SearchAction","target":{"@type":"EntryPoint","urlTemplate":"https:\/\/www.miamibeachfl.gov\/?s={search_term_string}"},"query-input":{"@type":"PropertyValueSpecification","valueRequired":true,"valueName":"search_term_string"}}],"inLanguage":"pt-BR"},{"@type":"Organization","@id":"https:\/\/www.miamibeachfl.gov\/#organization","name":"Cidade de Miami Beach","url":"https:\/\/www.miamibeachfl.gov\/","logo":{"@type":"ImageObject","inLanguage":"pt-BR","@id":"https:\/\/www.miamibeachfl.gov\/#\/schema\/logo\/image\/","url":"https:\/\/www.miamibeachfl.gov\/wp-content\/uploads\/2022\/06\/miamibeach-logoblue.png","contentUrl":"https:\/\/www.miamibeachfl.gov\/wp-content\/uploads\/2022\/06\/miamibeach-logoblue.png","width":1962,"height":381,"caption":"City of Miami Beach"},"image":{"@id":"https:\/\/www.miamibeachfl.gov\/#\/schema\/logo\/image\/"},"sameAs":["https:\/\/www.facebook.com\/cityofmiamibeach","https:\/\/x.com\/Miamibeachnews","https:\/\/www.instagram.com\/miamibeachnews\/"],"description":"Site oficial da cidade de Miami Beach. Mantenha-se informado e encontre informa\u00e7\u00f5es importantes sobre servi\u00e7os municipais, not\u00edcias, alertas, eventos, rotas de bonde, empregos p\u00fablicos e muito mais.","telephone":"305.604.CITY(2489)","legalName":"City of Miami Beach"}]}},"_links":{"self":[{"href":"https:\/\/www.miamibeachfl.gov\/pt\/wp-json\/wp\/v2\/pages\/265589","targetHints":{"allow":["GET"]}}],"collection":[{"href":"https:\/\/www.miamibeachfl.gov\/pt\/wp-json\/wp\/v2\/pages"}],"about":[{"href":"https:\/\/www.miamibeachfl.gov\/pt\/wp-json\/wp\/v2\/types\/page"}],"author":[{"embeddable":true,"href":"https:\/\/www.miamibeachfl.gov\/pt\/wp-json\/wp\/v2\/users\/222"}],"replies":[{"embeddable":true,"href":"https:\/\/www.miamibeachfl.gov\/pt\/wp-json\/wp\/v2\/comments?post=265589"}],"version-history":[{"count":0,"href":"https:\/\/www.miamibeachfl.gov\/pt\/wp-json\/wp\/v2\/pages\/265589\/revisions"}],"up":[{"embeddable":true,"href":"https:\/\/www.miamibeachfl.gov\/pt\/wp-json\/wp\/v2\/pages\/265532"}],"wp:attachment":[{"href":"https:\/\/www.miamibeachfl.gov\/pt\/wp-json\/wp\/v2\/media?parent=265589"}],"wp:term":[{"taxonomy":"category","embeddable":true,"href":"https:\/\/www.miamibeachfl.gov\/pt\/wp-json\/wp\/v2\/categories?post=265589"},{"taxonomy":"post_tag","embeddable":true,"href":"https:\/\/www.miamibeachfl.gov\/pt\/wp-json\/wp\/v2\/tags?post=265589"}],"curies":[{"name":"wp","href":"https:\/\/api.w.org\/{rel}","templated":true}]}}