{"id":265605,"date":"2023-07-20T13:24:34","date_gmt":"2023-07-20T17:24:34","guid":{"rendered":"https:\/\/www.miamibeachfl.gov\/?page_id=265605"},"modified":"2025-06-07T15:14:40","modified_gmt":"2025-06-07T19:14:40","slug":"educationdepartment","status":"publish","type":"page","link":"https:\/\/www.miamibeachfl.gov\/pt\/egovapp\/city-hall\/educationdepartment\/","title":{"rendered":"Iniciativas de Educa\u00e7\u00e3o e Desempenho"},"content":{"rendered":"<a href=\"https:\/\/www.miamibeachfl.gov\/pt\/egovapp\/city-hall\/\" target=\"_self\" role=\"button\" rel=\"noopener\">\n\t\t\t\t\t\tVoltar ao Diret\u00f3rio de Departamentos\n\t\t\t\t\t<\/a>\n<h1>\n\t\tIniciativas de Educa\u00e7\u00e3o e Desempenho\n\t<\/h1>\n\t<ul>\n\t\t<li><a href=\"tel:3056737710\" target=\"_self\" aria-label=\"Acesse o telefone: 3056737710 \" rel=\"noopener\"><\/a>\t\t\t\t\n\t\t<h3>305.673.7710 <\/h3><\/li><li><a href=\"tel:3053232717\" target=\"_self\" aria-label=\"Acesse o telefone: 3053232717\" rel=\"noopener\"><\/a>\t\t\t\t\n\t\t<h3>305.323.2717<\/h3><\/li><li>\t\t\t\t\n\t\t<h3>Hor\u00e1rio de atendimento:<\/h3><p>Segunda a sexta: 9h \u00e0s 17h<\/p><\/li><li><a href=\"https:\/\/goo.gl\/maps\/z913RakUwUY1a598A\" target=\"_blank\" rel=\"noopener\" aria-label=\"Acesse https:\/\/goo.gl\/maps\/z913RakUwUY1a598A\"><\/a>\t\t\t\t\n\t\t<h3>Escrit\u00f3rio principal:<\/h3><p>1700 Convention Center Drive<br \/>Miami Beach, FL 33139<\/p><\/li>\t<\/ul>\n\t<p><strong>PROGRAMAS<\/strong><\/p>\n<p><strong><a href=\"https:\/\/www.miamibeachfl.gov\/pt\/city-hall\/office-of-organizational-development\/education\/\">EDUCA\u00c7\u00c3O<\/a><\/strong><\/p>\n<p><a href=\"https:\/\/www.miamibeachfl.gov\/pt\/city-hall\/office-of-organizational-development\/prek\/\">Programa de pr\u00e9-escola<\/a><\/p>\n<p><a href=\"https:\/\/www.miamibeachfl.gov\/pt\/city-hall\/office-of-organizational-development\/resident-resources\/adult-education-ged-esol\/\">Educa\u00e7\u00e3o de Adultos: GED\/ESOL<\/a><\/p>\n<p><a href=\"https:\/\/www.miamibeachfl.gov\/pt\/city-hall\/office-of-organizational-development\/resident-resources\/become-a-miami-beach-public-school-volunteer\/\">Volunt\u00e1rio de Escola P\u00fablica<\/a><\/p>\n<p><a href=\"https:\/\/www.miamibeachfl.gov\/pt\/city-hall\/office-of-organizational-development\/resident-resources\/substitute-teach-at-the-beach-park-free\/\">Professor substituto<\/a><\/p>\n<p><a href=\"https:\/\/www.miamibeachfl.gov\/pt\/city-hall\/office-of-organizational-development\/resident-resources\/teach-at-miami-beach-senior-high-as-an-adjunct-instructor\/\">Instrutor Adjunto do Ensino M\u00e9dio MB<\/a><\/p>\n<p><a href=\"https:\/\/www.miamibeachfl.gov\/pt\/city-hall\/office-of-organizational-development\/resident-resources\/teach-at-the-beach\/\">Ensine na Praia<\/a><\/p>\n<p><a href=\"https:\/\/www.miamibeachfl.gov\/pt\/city-hall\/office-of-organizational-development\/education\/educational-enhancements\/\">Melhorias na educa\u00e7\u00e3o<\/a><\/p>\n<p><a href=\"https:\/\/www.miamibeachfl.gov\/pt\/city-hall\/office-of-organizational-development\/education\/infrastructure\/\">Infraestrutura e outros programas<\/a><\/p>\n<p><strong>RECURSOS PARA JOVENS<\/strong><\/p>\n<p><a href=\"https:\/\/www.miamibeachfl.gov\/pt\/city-hall\/office-of-organizational-development\/next-generation\/\">Pr\u00f3xima Gera\u00e7\u00e3o \u2013 L\u00edderes do Futuro<\/a><\/p>\n<p><a href=\"https:\/\/www.miamibeachfl.gov\/pt\/city-hall\/office-of-organizational-development\/sat-act-prep-program\/\">Prepara\u00e7\u00e3o para SAT\/ACT<\/a><\/p>\n<p><a href=\"https:\/\/www.miamibeachfl.gov\/pt\/city-hall\/office-of-organizational-development\/resident-resources\/official-college-transcripts-requests\/\">Hist\u00f3rico escolar da faculdade<\/a><\/p>\n<p><a href=\"https:\/\/www.miamibeachfl.gov\/pt\/city-hall\/office-of-organizational-development\/resident-resources\/internship-opportunities\/\">Est\u00e1gios<\/a><\/p>\n<p><a href=\"https:\/\/www.miamibeachfl.gov\/pt\/city-hall\/office-of-organizational-development\/resident-resources\/youth-arts-culture\/\">Arte e Cultura Juvenil<\/a><\/p>\n<p><a href=\"https:\/\/www.miamibeachfl.gov\/pt\/city-hall\/office-of-organizational-development\/resident-resources\/youth-commission\/mbhistory\/\">Hist\u00f3ria do #MB<\/a><\/p>\n<p><a href=\"https:\/\/www.miamibeachfl.gov\/pt\/city-hall\/office-of-organizational-development\/resident-resources\/youth-job-fair\/\">Feira de Emprego para Jovens<\/a><\/p>\n<p><a href=\"https:\/\/www.miamibeachfl.gov\/pt\/city-hall\/office-of-organizational-development\/resident-resources\/\"><strong>RECURSOS PARA RESIDENTES<\/strong><\/a><\/p>\n<p><a href=\"https:\/\/www.miamibeachfl.gov\/pt\/city-hall\/office-of-organizational-development\/education\/education-brochure\/\">Brochura Educacional<\/a><\/p>\n<p><a href=\"https:\/\/www.miamibeachfl.gov\/pt\/city-hall\/office-of-organizational-development\/resident-resources\/flu-vaccination-program-2\/\">Vacina\u00e7\u00e3o contra gripe<\/a><\/p>\n<p><a href=\"https:\/\/www.miamibeachfl.gov\/pt\/city-hall\/office-of-organizational-development\/resident-resources\/drug-prevention-series\/\">Preven\u00e7\u00e3o de Drogas<\/a><\/p>\n<p><a href=\"https:\/\/www.miamibeachfl.gov\/pt\/city-hall\/office-of-organizational-development\/resident-resources\/virtual-tour\/\">Visitas\/V\u00eddeos Virtuais \u00e0 Escola<\/a><\/p>\n<p><a href=\"https:\/\/www.miamibeachfl.gov\/pt\/calendar\/orgdev-events\/\">Pr\u00f3ximos eventos<\/a><\/p>\n<p><a href=\"https:\/\/www.miamibeachfl.gov\/pt\/city-hall\/office-of-organizational-development\/performance-initiatives\/\"><strong>INICIATIVAS DE DESEMPENHO<\/strong><\/a><\/p>\n<p><a href=\"https:\/\/www.miamibeachfl.gov\/pt\/city-hall\/office-of-organizational-development\/appearance-index-program\/\">\u00cdndice de Apar\u00eancia<\/a><\/p>\n<p><a href=\"https:\/\/www.miamibeachfl.gov\/pt\/city-hall\/office-of-organizational-development\/cafe-index\/\">\u00cdndice de Caf\u00e9<\/a><\/p>\n<p><a href=\"https:\/\/www.miamibeachfl.gov\/pt\/city-hall\/office-of-organizational-development\/cleanliness-index-program\/\">\u00cdndice de Limpeza<\/a><\/p>\n<p><a href=\"https:\/\/www.miamibeachfl.gov\/pt\/city-hall\/office-of-organizational-development\/garage-attendant-security\/\">Atendente de garagem\/seguran\u00e7a<\/a><\/p>\n<p><a href=\"https:\/\/www.miamibeachfl.gov\/pt\/city-hall\/office-of-organizational-development\/garage-index-program\/\">\u00cdndice de garagem<\/a><\/p>\n<p><a href=\"https:\/\/www.miamibeachfl.gov\/pt\/city-hall\/office-of-organizational-development\/mystery-rider-program\/\">Cavaleiro Misterioso<\/a><\/p>\n<p><a href=\"https:\/\/www.miamibeachfl.gov\/pt\/city-hall\/office-of-organizational-development\/restroom-index\/\">\u00cdndice de banheiros<\/a><\/p>\n<p><a href=\"https:\/\/www.miamibeachfl.gov\/pt\/city-hall\/office-of-organizational-development\/service-shopper-program\/\">Comprador de servi\u00e7os<\/a><\/p>\n<p><a href=\"https:\/\/www.miamibeachfl.gov\/pt\/city-hall\/office-of-organizational-development\/valet-index\/\">\u00cdndice de manobrista<\/a><\/p>","protected":false},"excerpt":{"rendered":"<p>Back to Department Directory Education &#038; Performance Initiatives 305.673.7710 305.323.2717 Office Hours: Monday &#8211; Friday: 9AM &#8211; 5PM Main Office: [&hellip;]<\/p>\n","protected":false},"author":222,"featured_media":0,"parent":265532,"menu_order":0,"comment_status":"closed","ping_status":"closed","template":"","meta":{"_searchwp_excluded":"1","site-sidebar-layout":"default","site-content-layout":"","ast-site-content-layout":"","site-content-style":"default","site-sidebar-style":"default","ast-global-header-display":"disabled","ast-banner-title-visibility":"","ast-main-header-display":"","ast-hfb-above-header-display":"","ast-hfb-below-header-display":"","ast-hfb-mobile-header-display":"","site-post-title":"","ast-breadcrumbs-content":"","ast-featured-img":"","footer-sml-layout":"disabled","ast-disable-related-posts":"","theme-transparent-header-meta":"","adv-header-id-meta":"","stick-header-meta":"","header-above-stick-meta":"","header-main-stick-meta":"","header-below-stick-meta":"","astra-migrate-meta-layouts":"default","ast-page-background-enabled":"default","ast-page-background-meta":{"desktop":{"background-color":"var(--ast-global-color-5)","background-image":"","background-repeat":"repeat","background-position":"center center","background-size":"auto","background-attachment":"scroll","background-type":"","background-media":"","overlay-type":"","overlay-color":"","overlay-opacity":"","overlay-gradient":""},"tablet":{"background-color":"","background-image":"","background-repeat":"repeat","background-position":"center center","background-size":"auto","background-attachment":"scroll","background-type":"","background-media":"","overlay-type":"","overlay-color":"","overlay-opacity":"","overlay-gradient":""},"mobile":{"background-color":"","background-image":"","background-repeat":"repeat","background-position":"center center","background-size":"auto","background-attachment":"scroll","background-type":"","background-media":"","overlay-type":"","overlay-color":"","overlay-opacity":"","overlay-gradient":""}},"ast-content-background-meta":{"desktop":{"background-color":"var(--ast-global-color-4)","background-image":"","background-repeat":"repeat","background-position":"center center","background-size":"auto","background-attachment":"scroll","background-type":"","background-media":"","overlay-type":"","overlay-color":"","overlay-opacity":"","overlay-gradient":""},"tablet":{"background-color":"var(--ast-global-color-4)","background-image":"","background-repeat":"repeat","background-position":"center center","background-size":"auto","background-attachment":"scroll","background-type":"","background-media":"","overlay-type":"","overlay-color":"","overlay-opacity":"","overlay-gradient":""},"mobile":{"background-color":"var(--ast-global-color-4)","background-image":"","background-repeat":"repeat","background-position":"center center","background-size":"auto","background-attachment":"scroll","background-type":"","background-media":"","overlay-type":"","overlay-color":"","overlay-opacity":"","overlay-gradient":""}},"footnotes":""},"categories":[],"tags":[1002,1000],"class_list":["post-265605","page","type-page","status-publish","hentry","tag-app-egov-page","tag-cityhall-egovapp"],"yoast_head":"<!-- This site is optimized with the Yoast SEO Premium plugin v27.4 (Yoast SEO v27.4) - https:\/\/yoast.com\/product\/yoast-seo-premium-wordpress\/ -->\n<title>Education &amp; Performance Initiatives - City of Miami Beach<\/title>\n<meta name=\"description\" content=\"The Office of Education and Performance Initiatives is vital to the development of community partnerships that enhance educational opportunities for Miami Beach residents and the implementation of performance initiatives that drive organizational improvements.\" \/>\n<meta name=\"robots\" content=\"index, follow, max-snippet:-1, max-image-preview:large, max-video-preview:-1\" \/>\n<link rel=\"canonical\" href=\"https:\/\/www.miamibeachfl.gov\/pt\/egovapp\/city-hall\/educationdepartment\/\" \/>\n<meta property=\"og:locale\" content=\"pt_BR\" \/>\n<meta property=\"og:type\" content=\"article\" \/>\n<meta property=\"og:title\" content=\"Education &amp; Performance Initiatives\" \/>\n<meta property=\"og:description\" content=\"The Office of Education and Performance Initiatives is vital to the development of community partnerships that enhance educational opportunities for Miami Beach residents and the implementation of performance initiatives that drive organizational improvements.\" \/>\n<meta property=\"og:url\" content=\"https:\/\/www.miamibeachfl.gov\/pt\/egovapp\/city-hall\/educationdepartment\/\" \/>\n<meta property=\"og:site_name\" content=\"City of Miami Beach\" \/>\n<meta property=\"article:publisher\" content=\"https:\/\/www.facebook.com\/cityofmiamibeach\" \/>\n<meta property=\"article:modified_time\" content=\"2025-06-07T19:14:40+00:00\" \/>\n<meta property=\"og:image\" content=\"https:\/\/www.miamibeachfl.gov\/wp-content\/uploads\/2024\/01\/1000pxSquare-miamibeach-aerial-southpointview.jpeg\" \/>\n\t<meta property=\"og:image:width\" content=\"1000\" \/>\n\t<meta property=\"og:image:height\" content=\"1000\" \/>\n\t<meta property=\"og:image:type\" content=\"image\/jpeg\" \/>\n<meta name=\"twitter:card\" content=\"summary_large_image\" \/>\n<meta name=\"twitter:site\" content=\"@Miamibeachnews\" \/>\n<script type=\"application\/ld+json\" class=\"yoast-schema-graph\">{\"@context\":\"https:\\\/\\\/schema.org\",\"@graph\":[{\"@type\":\"WebPage\",\"@id\":\"https:\\\/\\\/www.miamibeachfl.gov\\\/egovapp\\\/city-hall\\\/educationdepartment\\\/\",\"url\":\"https:\\\/\\\/www.miamibeachfl.gov\\\/egovapp\\\/city-hall\\\/educationdepartment\\\/\",\"name\":\"Education & Performance Initiatives - City of Miami Beach\",\"isPartOf\":{\"@id\":\"https:\\\/\\\/www.miamibeachfl.gov\\\/#website\"},\"datePublished\":\"2023-07-20T17:24:34+00:00\",\"dateModified\":\"2025-06-07T19:14:40+00:00\",\"description\":\"The Office of Education and Performance Initiatives is vital to the development of community partnerships that enhance educational opportunities for Miami Beach residents and the implementation of performance initiatives that drive organizational improvements.\",\"breadcrumb\":{\"@id\":\"https:\\\/\\\/www.miamibeachfl.gov\\\/egovapp\\\/city-hall\\\/educationdepartment\\\/#breadcrumb\"},\"inLanguage\":\"pt-BR\",\"potentialAction\":[{\"@type\":\"ReadAction\",\"target\":[\"https:\\\/\\\/www.miamibeachfl.gov\\\/egovapp\\\/city-hall\\\/educationdepartment\\\/\"]}]},{\"@type\":\"BreadcrumbList\",\"@id\":\"https:\\\/\\\/www.miamibeachfl.gov\\\/egovapp\\\/city-hall\\\/educationdepartment\\\/#breadcrumb\",\"itemListElement\":[{\"@type\":\"ListItem\",\"position\":1,\"name\":\"Home\",\"item\":\"https:\\\/\\\/www.miamibeachfl.gov\\\/\"},{\"@type\":\"ListItem\",\"position\":2,\"name\":\"MobileAppPages\",\"item\":\"https:\\\/\\\/www.miamibeachfl.gov\\\/egovapp\\\/\"},{\"@type\":\"ListItem\",\"position\":3,\"name\":\"City Hall Department Directory\",\"item\":\"https:\\\/\\\/www.miamibeachfl.gov\\\/egovapp\\\/city-hall\\\/\"},{\"@type\":\"ListItem\",\"position\":4,\"name\":\"Education &#038; Performance Initiatives\"}]},{\"@type\":\"WebSite\",\"@id\":\"https:\\\/\\\/www.miamibeachfl.gov\\\/#website\",\"url\":\"https:\\\/\\\/www.miamibeachfl.gov\\\/\",\"name\":\"City of Miami Beach\",\"description\":\"The official website of the City of Miami Beach. Stay informed, find important information on city services, news, alerts, events, trolley routes, government employment and more.\",\"publisher\":{\"@id\":\"https:\\\/\\\/www.miamibeachfl.gov\\\/#organization\"},\"potentialAction\":[{\"@type\":\"SearchAction\",\"target\":{\"@type\":\"EntryPoint\",\"urlTemplate\":\"https:\\\/\\\/www.miamibeachfl.gov\\\/?s={search_term_string}\"},\"query-input\":{\"@type\":\"PropertyValueSpecification\",\"valueRequired\":true,\"valueName\":\"search_term_string\"}}],\"inLanguage\":\"pt-BR\"},{\"@type\":\"Organization\",\"@id\":\"https:\\\/\\\/www.miamibeachfl.gov\\\/#organization\",\"name\":\"City of Miami Beach\",\"url\":\"https:\\\/\\\/www.miamibeachfl.gov\\\/\",\"logo\":{\"@type\":\"ImageObject\",\"inLanguage\":\"pt-BR\",\"@id\":\"https:\\\/\\\/www.miamibeachfl.gov\\\/#\\\/schema\\\/logo\\\/image\\\/\",\"url\":\"https:\\\/\\\/www.miamibeachfl.gov\\\/wp-content\\\/uploads\\\/2022\\\/06\\\/miamibeach-logoblue.png\",\"contentUrl\":\"https:\\\/\\\/www.miamibeachfl.gov\\\/wp-content\\\/uploads\\\/2022\\\/06\\\/miamibeach-logoblue.png\",\"width\":1962,\"height\":381,\"caption\":\"City of Miami Beach\"},\"image\":{\"@id\":\"https:\\\/\\\/www.miamibeachfl.gov\\\/#\\\/schema\\\/logo\\\/image\\\/\"},\"sameAs\":[\"https:\\\/\\\/www.facebook.com\\\/cityofmiamibeach\",\"https:\\\/\\\/x.com\\\/Miamibeachnews\",\"https:\\\/\\\/www.instagram.com\\\/miamibeachnews\\\/\"],\"description\":\"The official website of the City of Miami Beach. Stay informed, find important information on city services, news, alerts, events, trolley routes, government employment and more.\",\"telephone\":\"305.604.CITY(2489)\",\"legalName\":\"City of Miami Beach\"}]}<\/script>\n<!-- \/ Yoast SEO Premium plugin. -->","yoast_head_json":{"title":"Iniciativas de Educa\u00e7\u00e3o e Desempenho - Cidade de Miami Beach","description":"O Escrit\u00f3rio de Educa\u00e7\u00e3o e Iniciativas de Desempenho \u00e9 essencial para o desenvolvimento de parcerias comunit\u00e1rias que melhorem as oportunidades educacionais para os moradores de Miami Beach e a implementa\u00e7\u00e3o de iniciativas de desempenho que impulsionem melhorias organizacionais.","robots":{"index":"index","follow":"follow","max-snippet":"max-snippet:-1","max-image-preview":"max-image-preview:large","max-video-preview":"max-video-preview:-1"},"canonical":"https:\/\/www.miamibeachfl.gov\/pt\/egovapp\/city-hall\/educationdepartment\/","og_locale":"pt_BR","og_type":"article","og_title":"Education & Performance Initiatives","og_description":"The Office of Education and Performance Initiatives is vital to the development of community partnerships that enhance educational opportunities for Miami Beach residents and the implementation of performance initiatives that drive organizational improvements.","og_url":"https:\/\/www.miamibeachfl.gov\/pt\/egovapp\/city-hall\/educationdepartment\/","og_site_name":"City of Miami Beach","article_publisher":"https:\/\/www.facebook.com\/cityofmiamibeach","article_modified_time":"2025-06-07T19:14:40+00:00","og_image":[{"width":1000,"height":1000,"url":"https:\/\/www.miamibeachfl.gov\/wp-content\/uploads\/2024\/01\/1000pxSquare-miamibeach-aerial-southpointview.jpeg","type":"image\/jpeg"}],"twitter_card":"summary_large_image","twitter_site":"@Miamibeachnews","schema":{"@context":"https:\/\/schema.org","@graph":[{"@type":"WebPage","@id":"https:\/\/www.miamibeachfl.gov\/egovapp\/city-hall\/educationdepartment\/","url":"https:\/\/www.miamibeachfl.gov\/egovapp\/city-hall\/educationdepartment\/","name":"Iniciativas de Educa\u00e7\u00e3o e Desempenho - Cidade de Miami Beach","isPartOf":{"@id":"https:\/\/www.miamibeachfl.gov\/#website"},"datePublished":"2023-07-20T17:24:34+00:00","dateModified":"2025-06-07T19:14:40+00:00","description":"O Escrit\u00f3rio de Educa\u00e7\u00e3o e Iniciativas de Desempenho \u00e9 essencial para o desenvolvimento de parcerias comunit\u00e1rias que melhorem as oportunidades educacionais para os moradores de Miami Beach e a implementa\u00e7\u00e3o de iniciativas de desempenho que impulsionem melhorias organizacionais.","breadcrumb":{"@id":"https:\/\/www.miamibeachfl.gov\/egovapp\/city-hall\/educationdepartment\/#breadcrumb"},"inLanguage":"pt-BR","potentialAction":[{"@type":"ReadAction","target":["https:\/\/www.miamibeachfl.gov\/egovapp\/city-hall\/educationdepartment\/"]}]},{"@type":"BreadcrumbList","@id":"https:\/\/www.miamibeachfl.gov\/egovapp\/city-hall\/educationdepartment\/#breadcrumb","itemListElement":[{"@type":"ListItem","position":1,"name":"Home","item":"https:\/\/www.miamibeachfl.gov\/"},{"@type":"ListItem","position":2,"name":"MobileAppPages","item":"https:\/\/www.miamibeachfl.gov\/egovapp\/"},{"@type":"ListItem","position":3,"name":"City Hall Department Directory","item":"https:\/\/www.miamibeachfl.gov\/egovapp\/city-hall\/"},{"@type":"ListItem","position":4,"name":"Education &#038; Performance Initiatives"}]},{"@type":"WebSite","@id":"https:\/\/www.miamibeachfl.gov\/#website","url":"https:\/\/www.miamibeachfl.gov\/","name":"Cidade de Miami Beach","description":"Site oficial da cidade de Miami Beach. Mantenha-se informado e encontre informa\u00e7\u00f5es importantes sobre servi\u00e7os municipais, not\u00edcias, alertas, eventos, rotas de bonde, empregos p\u00fablicos e muito mais.","publisher":{"@id":"https:\/\/www.miamibeachfl.gov\/#organization"},"potentialAction":[{"@type":"SearchAction","target":{"@type":"EntryPoint","urlTemplate":"https:\/\/www.miamibeachfl.gov\/?s={search_term_string}"},"query-input":{"@type":"PropertyValueSpecification","valueRequired":true,"valueName":"search_term_string"}}],"inLanguage":"pt-BR"},{"@type":"Organization","@id":"https:\/\/www.miamibeachfl.gov\/#organization","name":"Cidade de Miami Beach","url":"https:\/\/www.miamibeachfl.gov\/","logo":{"@type":"ImageObject","inLanguage":"pt-BR","@id":"https:\/\/www.miamibeachfl.gov\/#\/schema\/logo\/image\/","url":"https:\/\/www.miamibeachfl.gov\/wp-content\/uploads\/2022\/06\/miamibeach-logoblue.png","contentUrl":"https:\/\/www.miamibeachfl.gov\/wp-content\/uploads\/2022\/06\/miamibeach-logoblue.png","width":1962,"height":381,"caption":"City of Miami Beach"},"image":{"@id":"https:\/\/www.miamibeachfl.gov\/#\/schema\/logo\/image\/"},"sameAs":["https:\/\/www.facebook.com\/cityofmiamibeach","https:\/\/x.com\/Miamibeachnews","https:\/\/www.instagram.com\/miamibeachnews\/"],"description":"Site oficial da cidade de Miami Beach. Mantenha-se informado e encontre informa\u00e7\u00f5es importantes sobre servi\u00e7os municipais, not\u00edcias, alertas, eventos, rotas de bonde, empregos p\u00fablicos e muito mais.","telephone":"305.604.CITY(2489)","legalName":"City of Miami Beach"}]}},"_links":{"self":[{"href":"https:\/\/www.miamibeachfl.gov\/pt\/wp-json\/wp\/v2\/pages\/265605","targetHints":{"allow":["GET"]}}],"collection":[{"href":"https:\/\/www.miamibeachfl.gov\/pt\/wp-json\/wp\/v2\/pages"}],"about":[{"href":"https:\/\/www.miamibeachfl.gov\/pt\/wp-json\/wp\/v2\/types\/page"}],"author":[{"embeddable":true,"href":"https:\/\/www.miamibeachfl.gov\/pt\/wp-json\/wp\/v2\/users\/222"}],"replies":[{"embeddable":true,"href":"https:\/\/www.miamibeachfl.gov\/pt\/wp-json\/wp\/v2\/comments?post=265605"}],"version-history":[{"count":0,"href":"https:\/\/www.miamibeachfl.gov\/pt\/wp-json\/wp\/v2\/pages\/265605\/revisions"}],"up":[{"embeddable":true,"href":"https:\/\/www.miamibeachfl.gov\/pt\/wp-json\/wp\/v2\/pages\/265532"}],"wp:attachment":[{"href":"https:\/\/www.miamibeachfl.gov\/pt\/wp-json\/wp\/v2\/media?parent=265605"}],"wp:term":[{"taxonomy":"category","embeddable":true,"href":"https:\/\/www.miamibeachfl.gov\/pt\/wp-json\/wp\/v2\/categories?post=265605"},{"taxonomy":"post_tag","embeddable":true,"href":"https:\/\/www.miamibeachfl.gov\/pt\/wp-json\/wp\/v2\/tags?post=265605"}],"curies":[{"name":"wp","href":"https:\/\/api.w.org\/{rel}","templated":true}]}}