{"id":265618,"date":"2023-07-20T13:54:33","date_gmt":"2023-07-20T17:54:33","guid":{"rendered":"https:\/\/www.miamibeachfl.gov\/?page_id=265618"},"modified":"2025-06-07T15:27:22","modified_gmt":"2025-06-07T19:27:22","slug":"firedepartment","status":"publish","type":"page","link":"https:\/\/www.miamibeachfl.gov\/pt\/egovapp\/city-hall\/firedepartment\/","title":{"rendered":"Corpo de Bombeiros"},"content":{"rendered":"<a href=\"https:\/\/www.miamibeachfl.gov\/pt\/egovapp\/city-hall\/\" target=\"_self\">\n\t\t\t\t\t\tVoltar ao Diret\u00f3rio de Departamentos\n\t\t\t\t\t<\/a>\n<h1>\n\t\t\tFogo\t<\/h1>\n\t<ul>\n\t\t<li><a href=\"tel:3056737120\" target=\"_self\"  aria-label=\"Acesse o telefone: 3056737120\">\t\t\t\t\n\t\t<h3>305.673.7120<\/h3><\/a><\/li><li>\t\t\t\t\n\t\t<h3>Hor\u00e1rio de atendimento:<\/h3><p>Segunda a sexta: 8h \u00e0s 16h30<\/p><\/li><li><a href=\"https:\/\/goo.gl\/maps\/3mR7qoNoBLgKjLgcA\" target=\"_blank\" rel=\"noopener\" aria-label=\"Acesse https:\/\/goo.gl\/maps\/3mR7qoNoBLgKjLgcA\">\t\t\t\t\n\t\t<h3>Escrit\u00f3rio principal:<\/h3><p>2300 Pine Tree Drive<br \/>Miami Beach, FL 33140<\/p><\/a><\/li><li><a href=\"https:\/\/goo.gl\/maps\/3mR7qoNoBLgKjLgcA\" target=\"_blank\" rel=\"noopener\" aria-label=\"Acesse https:\/\/goo.gl\/maps\/3mR7qoNoBLgKjLgcA\">\t\t\t\t\n\t\t<h3>Esta\u00e7\u00f5es:<\/h3><p><strong>Esta\u00e7\u00e3o de bombeiros 1<\/strong> 1051 Jefferson Ave., Miami Beach, FL, 33139 <a href=\"tel:3056737135\">305.673.7135<\/a><strong>Esta\u00e7\u00e3o de bombeiros 2<\/strong> 2300 Pine Tree Drive, Miami Beach, FL, 33140 <a href=\"http:\/\/3056737120\" data-wplink-url-error=\"true\">305.673.7120<\/a><strong>Esta\u00e7\u00e3o de bombeiros 3<\/strong> 5303 Collins Ave., Miami Beach, FL, 33140 <a href=\"http:\/\/3056737129\" data-wplink-url-error=\"true\">305.673.7179<\/a><strong>Esta\u00e7\u00e3o de bombeiros 4<\/strong> 6880 Indian Creek Dr., Miami Beach, FL, 33141 <a href=\"http:\/\/3056737136\" data-wplink-url-error=\"true\">305.673.7136<\/a><\/p><\/a><\/li>\t<\/ul>\n<h2>\n\t\t\tFundo\t<\/h2>\n\t<p>A principal fun\u00e7\u00e3o do Escrit\u00f3rio \u00e9 desenvolver e implementar atividades abrangentes de planejamento, mitiga\u00e7\u00e3o e resposta a desastres na cidade.<\/p>\n<p>Reduzindo a vulnerabilidade a potenciais grandes emerg\u00eancias e desastres.<\/p>\n<p>Planejar os melhores processos pelos quais a comunidade pode se recuperar f\u00edsica, econ\u00f4mica e emocionalmente.<\/p>\n<p>Envolver toda a comunidade no planejamento, treinamento e exerc\u00edcio de capacidades essenciais nas cinco \u00e1reas de miss\u00e3o: preven\u00e7\u00e3o, prote\u00e7\u00e3o, mitiga\u00e7\u00e3o, resposta e recupera\u00e7\u00e3o.<\/p>\n<p>Fornecer conhecimento situacional aos departamentos da cidade e aos parceiros de gerenciamento de emerg\u00eancias.<\/p>\n<p>Adote uma abordagem integrada, baseada em riscos e para todos os perigos, para mitiga\u00e7\u00e3o, resposta, continuidade das opera\u00e7\u00f5es, recupera\u00e7\u00e3o e planejamento de prepara\u00e7\u00e3o.<\/p>\n<p>Empregue estrat\u00e9gias de gerenciamento de emerg\u00eancia que abordem o objetivo final da sustentabilidade.<\/p>\n<p>Trabalhar para melhorar a conscientiza\u00e7\u00e3o e a compreens\u00e3o das cinco \u00e1reas de miss\u00e3o envolvendo toda a comunidade na preven\u00e7\u00e3o, prote\u00e7\u00e3o, mitiga\u00e7\u00e3o, resposta e recupera\u00e7\u00e3o.<\/p>\n<p>Crie parcerias s\u00f3lidas com entidades locais, estaduais, regionais, nacionais e internacionais para benef\u00edcios m\u00fatuos de prepara\u00e7\u00e3o e resili\u00eancia.<\/p>\n<p>&nbsp;<\/p>","protected":false},"excerpt":{"rendered":"<p>Back to Department Directory Fire 305.673.7120 Office Hours: Monday &#8211; Friday: 8AM &#8211; 4:30PM Main Office: 2300 Pine Tree DriveMiami [&hellip;]<\/p>\n","protected":false},"author":222,"featured_media":0,"parent":265532,"menu_order":0,"comment_status":"closed","ping_status":"closed","template":"","meta":{"_searchwp_excluded":"1","site-sidebar-layout":"default","site-content-layout":"","ast-site-content-layout":"","site-content-style":"default","site-sidebar-style":"default","ast-global-header-display":"disabled","ast-banner-title-visibility":"","ast-main-header-display":"","ast-hfb-above-header-display":"","ast-hfb-below-header-display":"","ast-hfb-mobile-header-display":"","site-post-title":"","ast-breadcrumbs-content":"","ast-featured-img":"","footer-sml-layout":"disabled","ast-disable-related-posts":"","theme-transparent-header-meta":"","adv-header-id-meta":"","stick-header-meta":"","header-above-stick-meta":"","header-main-stick-meta":"","header-below-stick-meta":"","astra-migrate-meta-layouts":"default","ast-page-background-enabled":"default","ast-page-background-meta":{"desktop":{"background-color":"var(--ast-global-color-5)","background-image":"","background-repeat":"repeat","background-position":"center center","background-size":"auto","background-attachment":"scroll","background-type":"","background-media":"","overlay-type":"","overlay-color":"","overlay-opacity":"","overlay-gradient":""},"tablet":{"background-color":"","background-image":"","background-repeat":"repeat","background-position":"center center","background-size":"auto","background-attachment":"scroll","background-type":"","background-media":"","overlay-type":"","overlay-color":"","overlay-opacity":"","overlay-gradient":""},"mobile":{"background-color":"","background-image":"","background-repeat":"repeat","background-position":"center center","background-size":"auto","background-attachment":"scroll","background-type":"","background-media":"","overlay-type":"","overlay-color":"","overlay-opacity":"","overlay-gradient":""}},"ast-content-background-meta":{"desktop":{"background-color":"var(--ast-global-color-4)","background-image":"","background-repeat":"repeat","background-position":"center center","background-size":"auto","background-attachment":"scroll","background-type":"","background-media":"","overlay-type":"","overlay-color":"","overlay-opacity":"","overlay-gradient":""},"tablet":{"background-color":"var(--ast-global-color-4)","background-image":"","background-repeat":"repeat","background-position":"center center","background-size":"auto","background-attachment":"scroll","background-type":"","background-media":"","overlay-type":"","overlay-color":"","overlay-opacity":"","overlay-gradient":""},"mobile":{"background-color":"var(--ast-global-color-4)","background-image":"","background-repeat":"repeat","background-position":"center center","background-size":"auto","background-attachment":"scroll","background-type":"","background-media":"","overlay-type":"","overlay-color":"","overlay-opacity":"","overlay-gradient":""}},"footnotes":""},"categories":[],"tags":[1002,1000],"class_list":["post-265618","page","type-page","status-publish","hentry","tag-app-egov-page","tag-cityhall-egovapp"],"yoast_head":"<!-- This site is optimized with the Yoast SEO Premium plugin v27.4 (Yoast SEO v27.4) - https:\/\/yoast.com\/product\/yoast-seo-premium-wordpress\/ -->\n<title>Fire Department - City of Miami Beach<\/title>\n<meta name=\"description\" content=\"The Fire Department is a team of dedicated professionals whose mission is to provide our residents and visitors with the highest level of safety and security through the delivery of \ufb01re suppression, emergency medical services, disaster response, ocean rescue, \ufb01re prevention, public education programs, and public safety communications.\" \/>\n<meta name=\"robots\" content=\"index, follow, max-snippet:-1, max-image-preview:large, max-video-preview:-1\" \/>\n<link rel=\"canonical\" href=\"https:\/\/www.miamibeachfl.gov\/pt\/egovapp\/city-hall\/firedepartment\/\" \/>\n<meta property=\"og:locale\" content=\"pt_BR\" \/>\n<meta property=\"og:type\" content=\"article\" \/>\n<meta property=\"og:title\" content=\"Fire Department\" \/>\n<meta property=\"og:description\" content=\"The Fire Department is a team of dedicated professionals whose mission is to provide our residents and visitors with the highest level of safety and security through the delivery of \ufb01re suppression, emergency medical services, disaster response, ocean rescue, \ufb01re prevention, public education programs, and public safety communications.\" \/>\n<meta property=\"og:url\" content=\"https:\/\/www.miamibeachfl.gov\/pt\/egovapp\/city-hall\/firedepartment\/\" \/>\n<meta property=\"og:site_name\" content=\"City of Miami Beach\" \/>\n<meta property=\"article:publisher\" content=\"https:\/\/www.facebook.com\/cityofmiamibeach\" \/>\n<meta property=\"article:modified_time\" content=\"2025-06-07T19:27:22+00:00\" \/>\n<meta property=\"og:image\" content=\"https:\/\/www.miamibeachfl.gov\/wp-content\/uploads\/2024\/01\/1000pxSquare-miamibeach-aerial-southpointview.jpeg\" \/>\n\t<meta property=\"og:image:width\" content=\"1000\" \/>\n\t<meta property=\"og:image:height\" content=\"1000\" \/>\n\t<meta property=\"og:image:type\" content=\"image\/jpeg\" \/>\n<meta name=\"twitter:card\" content=\"summary_large_image\" \/>\n<meta name=\"twitter:site\" content=\"@Miamibeachnews\" \/>\n<script type=\"application\/ld+json\" class=\"yoast-schema-graph\">{\"@context\":\"https:\\\/\\\/schema.org\",\"@graph\":[{\"@type\":\"WebPage\",\"@id\":\"https:\\\/\\\/www.miamibeachfl.gov\\\/egovapp\\\/city-hall\\\/firedepartment\\\/\",\"url\":\"https:\\\/\\\/www.miamibeachfl.gov\\\/egovapp\\\/city-hall\\\/firedepartment\\\/\",\"name\":\"Fire Department - City of Miami Beach\",\"isPartOf\":{\"@id\":\"https:\\\/\\\/www.miamibeachfl.gov\\\/#website\"},\"datePublished\":\"2023-07-20T17:54:33+00:00\",\"dateModified\":\"2025-06-07T19:27:22+00:00\",\"description\":\"The Fire Department is a team of dedicated professionals whose mission is to provide our residents and visitors with the highest level of safety and security through the delivery of \ufb01re suppression, emergency medical services, disaster response, ocean rescue, \ufb01re prevention, public education programs, and public safety communications.\",\"breadcrumb\":{\"@id\":\"https:\\\/\\\/www.miamibeachfl.gov\\\/egovapp\\\/city-hall\\\/firedepartment\\\/#breadcrumb\"},\"inLanguage\":\"pt-BR\",\"potentialAction\":[{\"@type\":\"ReadAction\",\"target\":[\"https:\\\/\\\/www.miamibeachfl.gov\\\/egovapp\\\/city-hall\\\/firedepartment\\\/\"]}]},{\"@type\":\"BreadcrumbList\",\"@id\":\"https:\\\/\\\/www.miamibeachfl.gov\\\/egovapp\\\/city-hall\\\/firedepartment\\\/#breadcrumb\",\"itemListElement\":[{\"@type\":\"ListItem\",\"position\":1,\"name\":\"Home\",\"item\":\"https:\\\/\\\/www.miamibeachfl.gov\\\/\"},{\"@type\":\"ListItem\",\"position\":2,\"name\":\"MobileAppPages\",\"item\":\"https:\\\/\\\/www.miamibeachfl.gov\\\/egovapp\\\/\"},{\"@type\":\"ListItem\",\"position\":3,\"name\":\"City Hall Department Directory\",\"item\":\"https:\\\/\\\/www.miamibeachfl.gov\\\/egovapp\\\/city-hall\\\/\"},{\"@type\":\"ListItem\",\"position\":4,\"name\":\"Fire Department\"}]},{\"@type\":\"WebSite\",\"@id\":\"https:\\\/\\\/www.miamibeachfl.gov\\\/#website\",\"url\":\"https:\\\/\\\/www.miamibeachfl.gov\\\/\",\"name\":\"City of Miami Beach\",\"description\":\"The official website of the City of Miami Beach. Stay informed, find important information on city services, news, alerts, events, trolley routes, government employment and more.\",\"publisher\":{\"@id\":\"https:\\\/\\\/www.miamibeachfl.gov\\\/#organization\"},\"potentialAction\":[{\"@type\":\"SearchAction\",\"target\":{\"@type\":\"EntryPoint\",\"urlTemplate\":\"https:\\\/\\\/www.miamibeachfl.gov\\\/?s={search_term_string}\"},\"query-input\":{\"@type\":\"PropertyValueSpecification\",\"valueRequired\":true,\"valueName\":\"search_term_string\"}}],\"inLanguage\":\"pt-BR\"},{\"@type\":\"Organization\",\"@id\":\"https:\\\/\\\/www.miamibeachfl.gov\\\/#organization\",\"name\":\"City of Miami Beach\",\"url\":\"https:\\\/\\\/www.miamibeachfl.gov\\\/\",\"logo\":{\"@type\":\"ImageObject\",\"inLanguage\":\"pt-BR\",\"@id\":\"https:\\\/\\\/www.miamibeachfl.gov\\\/#\\\/schema\\\/logo\\\/image\\\/\",\"url\":\"https:\\\/\\\/www.miamibeachfl.gov\\\/wp-content\\\/uploads\\\/2022\\\/06\\\/miamibeach-logoblue.png\",\"contentUrl\":\"https:\\\/\\\/www.miamibeachfl.gov\\\/wp-content\\\/uploads\\\/2022\\\/06\\\/miamibeach-logoblue.png\",\"width\":1962,\"height\":381,\"caption\":\"City of Miami Beach\"},\"image\":{\"@id\":\"https:\\\/\\\/www.miamibeachfl.gov\\\/#\\\/schema\\\/logo\\\/image\\\/\"},\"sameAs\":[\"https:\\\/\\\/www.facebook.com\\\/cityofmiamibeach\",\"https:\\\/\\\/x.com\\\/Miamibeachnews\",\"https:\\\/\\\/www.instagram.com\\\/miamibeachnews\\\/\"],\"description\":\"The official website of the City of Miami Beach. Stay informed, find important information on city services, news, alerts, events, trolley routes, government employment and more.\",\"telephone\":\"305.604.CITY(2489)\",\"legalName\":\"City of Miami Beach\"}]}<\/script>\n<!-- \/ Yoast SEO Premium plugin. -->","yoast_head_json":{"title":"Corpo de Bombeiros - Cidade de Miami Beach","description":"O Corpo de Bombeiros \u00e9 uma equipe de profissionais dedicados cuja miss\u00e3o \u00e9 proporcionar aos nossos moradores e visitantes o mais alto n\u00edvel de seguran\u00e7a e prote\u00e7\u00e3o por meio do combate a inc\u00eandios, servi\u00e7os m\u00e9dicos de emerg\u00eancia, resposta a desastres, resgate mar\u00edtimo, preven\u00e7\u00e3o de inc\u00eandios, programas de educa\u00e7\u00e3o p\u00fablica e comunica\u00e7\u00f5es de seguran\u00e7a p\u00fablica.","robots":{"index":"index","follow":"follow","max-snippet":"max-snippet:-1","max-image-preview":"max-image-preview:large","max-video-preview":"max-video-preview:-1"},"canonical":"https:\/\/www.miamibeachfl.gov\/pt\/egovapp\/city-hall\/firedepartment\/","og_locale":"pt_BR","og_type":"article","og_title":"Fire Department","og_description":"The Fire Department is a team of dedicated professionals whose mission is to provide our residents and visitors with the highest level of safety and security through the delivery of \ufb01re suppression, emergency medical services, disaster response, ocean rescue, \ufb01re prevention, public education programs, and public safety communications.","og_url":"https:\/\/www.miamibeachfl.gov\/pt\/egovapp\/city-hall\/firedepartment\/","og_site_name":"City of Miami Beach","article_publisher":"https:\/\/www.facebook.com\/cityofmiamibeach","article_modified_time":"2025-06-07T19:27:22+00:00","og_image":[{"width":1000,"height":1000,"url":"https:\/\/www.miamibeachfl.gov\/wp-content\/uploads\/2024\/01\/1000pxSquare-miamibeach-aerial-southpointview.jpeg","type":"image\/jpeg"}],"twitter_card":"summary_large_image","twitter_site":"@Miamibeachnews","schema":{"@context":"https:\/\/schema.org","@graph":[{"@type":"WebPage","@id":"https:\/\/www.miamibeachfl.gov\/egovapp\/city-hall\/firedepartment\/","url":"https:\/\/www.miamibeachfl.gov\/egovapp\/city-hall\/firedepartment\/","name":"Corpo de Bombeiros - Cidade de Miami Beach","isPartOf":{"@id":"https:\/\/www.miamibeachfl.gov\/#website"},"datePublished":"2023-07-20T17:54:33+00:00","dateModified":"2025-06-07T19:27:22+00:00","description":"O Corpo de Bombeiros \u00e9 uma equipe de profissionais dedicados cuja miss\u00e3o \u00e9 proporcionar aos nossos moradores e visitantes o mais alto n\u00edvel de seguran\u00e7a e prote\u00e7\u00e3o por meio do combate a inc\u00eandios, servi\u00e7os m\u00e9dicos de emerg\u00eancia, resposta a desastres, resgate mar\u00edtimo, preven\u00e7\u00e3o de inc\u00eandios, programas de educa\u00e7\u00e3o p\u00fablica e comunica\u00e7\u00f5es de seguran\u00e7a p\u00fablica.","breadcrumb":{"@id":"https:\/\/www.miamibeachfl.gov\/egovapp\/city-hall\/firedepartment\/#breadcrumb"},"inLanguage":"pt-BR","potentialAction":[{"@type":"ReadAction","target":["https:\/\/www.miamibeachfl.gov\/egovapp\/city-hall\/firedepartment\/"]}]},{"@type":"BreadcrumbList","@id":"https:\/\/www.miamibeachfl.gov\/egovapp\/city-hall\/firedepartment\/#breadcrumb","itemListElement":[{"@type":"ListItem","position":1,"name":"Home","item":"https:\/\/www.miamibeachfl.gov\/"},{"@type":"ListItem","position":2,"name":"MobileAppPages","item":"https:\/\/www.miamibeachfl.gov\/egovapp\/"},{"@type":"ListItem","position":3,"name":"City Hall Department Directory","item":"https:\/\/www.miamibeachfl.gov\/egovapp\/city-hall\/"},{"@type":"ListItem","position":4,"name":"Fire Department"}]},{"@type":"WebSite","@id":"https:\/\/www.miamibeachfl.gov\/#website","url":"https:\/\/www.miamibeachfl.gov\/","name":"Cidade de Miami Beach","description":"Site oficial da cidade de Miami Beach. Mantenha-se informado e encontre informa\u00e7\u00f5es importantes sobre servi\u00e7os municipais, not\u00edcias, alertas, eventos, rotas de bonde, empregos p\u00fablicos e muito mais.","publisher":{"@id":"https:\/\/www.miamibeachfl.gov\/#organization"},"potentialAction":[{"@type":"SearchAction","target":{"@type":"EntryPoint","urlTemplate":"https:\/\/www.miamibeachfl.gov\/?s={search_term_string}"},"query-input":{"@type":"PropertyValueSpecification","valueRequired":true,"valueName":"search_term_string"}}],"inLanguage":"pt-BR"},{"@type":"Organization","@id":"https:\/\/www.miamibeachfl.gov\/#organization","name":"Cidade de Miami Beach","url":"https:\/\/www.miamibeachfl.gov\/","logo":{"@type":"ImageObject","inLanguage":"pt-BR","@id":"https:\/\/www.miamibeachfl.gov\/#\/schema\/logo\/image\/","url":"https:\/\/www.miamibeachfl.gov\/wp-content\/uploads\/2022\/06\/miamibeach-logoblue.png","contentUrl":"https:\/\/www.miamibeachfl.gov\/wp-content\/uploads\/2022\/06\/miamibeach-logoblue.png","width":1962,"height":381,"caption":"City of Miami Beach"},"image":{"@id":"https:\/\/www.miamibeachfl.gov\/#\/schema\/logo\/image\/"},"sameAs":["https:\/\/www.facebook.com\/cityofmiamibeach","https:\/\/x.com\/Miamibeachnews","https:\/\/www.instagram.com\/miamibeachnews\/"],"description":"Site oficial da cidade de Miami Beach. Mantenha-se informado e encontre informa\u00e7\u00f5es importantes sobre servi\u00e7os municipais, not\u00edcias, alertas, eventos, rotas de bonde, empregos p\u00fablicos e muito mais.","telephone":"305.604.CITY(2489)","legalName":"City of Miami Beach"}]}},"_links":{"self":[{"href":"https:\/\/www.miamibeachfl.gov\/pt\/wp-json\/wp\/v2\/pages\/265618","targetHints":{"allow":["GET"]}}],"collection":[{"href":"https:\/\/www.miamibeachfl.gov\/pt\/wp-json\/wp\/v2\/pages"}],"about":[{"href":"https:\/\/www.miamibeachfl.gov\/pt\/wp-json\/wp\/v2\/types\/page"}],"author":[{"embeddable":true,"href":"https:\/\/www.miamibeachfl.gov\/pt\/wp-json\/wp\/v2\/users\/222"}],"replies":[{"embeddable":true,"href":"https:\/\/www.miamibeachfl.gov\/pt\/wp-json\/wp\/v2\/comments?post=265618"}],"version-history":[{"count":1,"href":"https:\/\/www.miamibeachfl.gov\/pt\/wp-json\/wp\/v2\/pages\/265618\/revisions"}],"predecessor-version":[{"id":375800,"href":"https:\/\/www.miamibeachfl.gov\/pt\/wp-json\/wp\/v2\/pages\/265618\/revisions\/375800"}],"up":[{"embeddable":true,"href":"https:\/\/www.miamibeachfl.gov\/pt\/wp-json\/wp\/v2\/pages\/265532"}],"wp:attachment":[{"href":"https:\/\/www.miamibeachfl.gov\/pt\/wp-json\/wp\/v2\/media?parent=265618"}],"wp:term":[{"taxonomy":"category","embeddable":true,"href":"https:\/\/www.miamibeachfl.gov\/pt\/wp-json\/wp\/v2\/categories?post=265618"},{"taxonomy":"post_tag","embeddable":true,"href":"https:\/\/www.miamibeachfl.gov\/pt\/wp-json\/wp\/v2\/tags?post=265618"}],"curies":[{"name":"wp","href":"https:\/\/api.w.org\/{rel}","templated":true}]}}