{"id":265628,"date":"2023-07-20T14:08:52","date_gmt":"2023-07-20T18:08:52","guid":{"rendered":"https:\/\/www.miamibeachfl.gov\/?page_id=265628"},"modified":"2025-06-07T15:28:02","modified_gmt":"2025-06-07T19:28:02","slug":"emergencymanagementdepartment","status":"publish","type":"page","link":"https:\/\/www.miamibeachfl.gov\/pt\/egovapp\/city-hall\/emergencymanagementdepartment\/","title":{"rendered":"Divis\u00e3o de Inc\u00eandio de Gest\u00e3o de Emerg\u00eancias"},"content":{"rendered":"<a href=\"https:\/\/www.miamibeachfl.gov\/pt\/egovapp\/city-hall\/\" target=\"_self\" role=\"button\" rel=\"noopener\">\r\n\t\t\t\t\t\tVoltar ao Diret\u00f3rio de Departamentos\r\n\t\t\t\t\t<\/a>\r\n<h1>\r\n\t\tDivis\u00e3o de Inc\u00eandio de Gest\u00e3o de Emerg\u00eancias\r\n\t<\/h1>\r\n\t<ul>\r\n\t\t<li><a href=\"tel:3056737736\" target=\"_self\" aria-label=\"Acesse o telefone: 3056737736 \" rel=\"noopener\"><\/a>\t\t\t\t\r\n\t\t<h3>305.673.7736 <\/h3><\/li><li>\t\t\t\t\r\n\t\t<h3>Hor\u00e1rio de atendimento:<\/h3><p>Segunda a sexta, 24 horas por dia, 7 dias por semana<\/p><\/li><li><a href=\"https:\/\/goo.gl\/maps\/eyaSkitNPR21CvDq7\" target=\"_blank\" rel=\"noopener\" aria-label=\"Acesse https:\/\/goo.gl\/maps\/eyaSkitNPR21CvDq7\"><\/a>\t\t\t\t\r\n\t\t<h3>Escrit\u00f3rio principal:<\/h3><p>2310 Pine Tree Drive<br \/>3\u00ba andar<br \/>Miami Beach, FL 33140<\/p><\/li>\t<\/ul>\r\n<h2>\r\n\t\tFundo\r\n\t<\/h2>\r\n\t<p>A principal fun\u00e7\u00e3o do Escrit\u00f3rio \u00e9 desenvolver e implementar atividades abrangentes de planejamento, mitiga\u00e7\u00e3o e resposta a desastres na cidade.<\/p>\r\n<p>Reduzindo a vulnerabilidade a potenciais grandes emerg\u00eancias e desastres.<\/p>\r\n<p>Planejar os melhores processos pelos quais a comunidade pode se recuperar f\u00edsica, econ\u00f4mica e emocionalmente.<\/p>\r\n<p>Envolver toda a comunidade no planejamento, treinamento e exerc\u00edcio de capacidades essenciais nas cinco \u00e1reas de miss\u00e3o: preven\u00e7\u00e3o, prote\u00e7\u00e3o, mitiga\u00e7\u00e3o, resposta e recupera\u00e7\u00e3o.<\/p>\r\n<p>Fornecer conhecimento situacional aos departamentos da cidade e aos parceiros de gerenciamento de emerg\u00eancias.<\/p>\r\n<p>Adote uma abordagem integrada, baseada em riscos e para todos os perigos, para mitiga\u00e7\u00e3o, resposta, continuidade das opera\u00e7\u00f5es, recupera\u00e7\u00e3o e planejamento de prepara\u00e7\u00e3o.<\/p>\r\n<p>Empregue estrat\u00e9gias de gerenciamento de emerg\u00eancia que abordem o objetivo final da sustentabilidade.<\/p>\r\n<p>Trabalhar para melhorar a conscientiza\u00e7\u00e3o e a compreens\u00e3o das cinco \u00e1reas de miss\u00e3o envolvendo toda a comunidade na preven\u00e7\u00e3o, prote\u00e7\u00e3o, mitiga\u00e7\u00e3o, resposta e recupera\u00e7\u00e3o.<\/p>\r\n<p>Crie parcerias s\u00f3lidas com entidades locais, estaduais, regionais, nacionais e internacionais para benef\u00edcios m\u00fatuos de prepara\u00e7\u00e3o e resili\u00eancia.<\/p>","protected":false},"excerpt":{"rendered":"<p>Back to Department Directory Fire Division of Emergency Management 305.673.7736 Office Hours: Monday &#8211; Friday 24\/7 Main Office: 2310 Pine [&hellip;]<\/p>\n","protected":false},"author":222,"featured_media":0,"parent":265532,"menu_order":0,"comment_status":"closed","ping_status":"closed","template":"","meta":{"_searchwp_excluded":"1","site-sidebar-layout":"default","site-content-layout":"","ast-site-content-layout":"","site-content-style":"default","site-sidebar-style":"default","ast-global-header-display":"disabled","ast-banner-title-visibility":"","ast-main-header-display":"","ast-hfb-above-header-display":"","ast-hfb-below-header-display":"","ast-hfb-mobile-header-display":"","site-post-title":"","ast-breadcrumbs-content":"","ast-featured-img":"","footer-sml-layout":"disabled","ast-disable-related-posts":"","theme-transparent-header-meta":"","adv-header-id-meta":"","stick-header-meta":"","header-above-stick-meta":"","header-main-stick-meta":"","header-below-stick-meta":"","astra-migrate-meta-layouts":"default","ast-page-background-enabled":"default","ast-page-background-meta":{"desktop":{"background-color":"var(--ast-global-color-5)","background-image":"","background-repeat":"repeat","background-position":"center center","background-size":"auto","background-attachment":"scroll","background-type":"","background-media":"","overlay-type":"","overlay-color":"","overlay-opacity":"","overlay-gradient":""},"tablet":{"background-color":"","background-image":"","background-repeat":"repeat","background-position":"center center","background-size":"auto","background-attachment":"scroll","background-type":"","background-media":"","overlay-type":"","overlay-color":"","overlay-opacity":"","overlay-gradient":""},"mobile":{"background-color":"","background-image":"","background-repeat":"repeat","background-position":"center center","background-size":"auto","background-attachment":"scroll","background-type":"","background-media":"","overlay-type":"","overlay-color":"","overlay-opacity":"","overlay-gradient":""}},"ast-content-background-meta":{"desktop":{"background-color":"var(--ast-global-color-4)","background-image":"","background-repeat":"repeat","background-position":"center center","background-size":"auto","background-attachment":"scroll","background-type":"","background-media":"","overlay-type":"","overlay-color":"","overlay-opacity":"","overlay-gradient":""},"tablet":{"background-color":"var(--ast-global-color-4)","background-image":"","background-repeat":"repeat","background-position":"center center","background-size":"auto","background-attachment":"scroll","background-type":"","background-media":"","overlay-type":"","overlay-color":"","overlay-opacity":"","overlay-gradient":""},"mobile":{"background-color":"var(--ast-global-color-4)","background-image":"","background-repeat":"repeat","background-position":"center center","background-size":"auto","background-attachment":"scroll","background-type":"","background-media":"","overlay-type":"","overlay-color":"","overlay-opacity":"","overlay-gradient":""}},"footnotes":""},"categories":[],"tags":[1002,1000,1203],"class_list":["post-265628","page","type-page","status-publish","hentry","tag-app-egov-page","tag-cityhall-egovapp","tag-exclude-from-permit-page"],"yoast_head":"<!-- This site is optimized with the Yoast SEO Premium plugin v27.4 (Yoast SEO v27.4) - https:\/\/yoast.com\/product\/yoast-seo-premium-wordpress\/ -->\n<title>Fire Division of Emergency Management - City of Miami Beach<\/title>\n<meta name=\"description\" content=\"Miami Beach voters overwhelmingly approved referendums during the 2018 and 2022 elections that are transforming our iconic city into a resilient, arts and culture destination unlike any other.The City of Miami Beach is prepared to handle any emergency \u2013 from severe storms and hurricanes, to potential health hazards. Our trained professionals in the Office of Emergency Management are responsible for the coordination of all emergency preparedness within the City of Miami Beach.\" \/>\n<meta name=\"robots\" content=\"index, follow, max-snippet:-1, max-image-preview:large, max-video-preview:-1\" \/>\n<link rel=\"canonical\" href=\"https:\/\/www.miamibeachfl.gov\/pt\/egovapp\/city-hall\/emergencymanagementdepartment\/\" \/>\n<meta property=\"og:locale\" content=\"pt_BR\" \/>\n<meta property=\"og:type\" content=\"article\" \/>\n<meta property=\"og:title\" content=\"Fire Division of Emergency Management\" \/>\n<meta property=\"og:description\" content=\"Miami Beach voters overwhelmingly approved referendums during the 2018 and 2022 elections that are transforming our iconic city into a resilient, arts and culture destination unlike any other.The City of Miami Beach is prepared to handle any emergency \u2013 from severe storms and hurricanes, to potential health hazards. Our trained professionals in the Office of Emergency Management are responsible for the coordination of all emergency preparedness within the City of Miami Beach.\" \/>\n<meta property=\"og:url\" content=\"https:\/\/www.miamibeachfl.gov\/pt\/egovapp\/city-hall\/emergencymanagementdepartment\/\" \/>\n<meta property=\"og:site_name\" content=\"City of Miami Beach\" \/>\n<meta property=\"article:publisher\" content=\"https:\/\/www.facebook.com\/cityofmiamibeach\" \/>\n<meta property=\"article:modified_time\" content=\"2025-06-07T19:28:02+00:00\" \/>\n<meta property=\"og:image\" content=\"https:\/\/www.miamibeachfl.gov\/wp-content\/uploads\/2024\/01\/1000pxSquare-miamibeach-aerial-southpointview.jpeg\" \/>\n\t<meta property=\"og:image:width\" content=\"1000\" \/>\n\t<meta property=\"og:image:height\" content=\"1000\" \/>\n\t<meta property=\"og:image:type\" content=\"image\/jpeg\" \/>\n<meta name=\"twitter:card\" content=\"summary_large_image\" \/>\n<meta name=\"twitter:site\" content=\"@Miamibeachnews\" \/>\n<script type=\"application\/ld+json\" class=\"yoast-schema-graph\">{\"@context\":\"https:\\\/\\\/schema.org\",\"@graph\":[{\"@type\":\"WebPage\",\"@id\":\"https:\\\/\\\/www.miamibeachfl.gov\\\/egovapp\\\/city-hall\\\/emergencymanagementdepartment\\\/\",\"url\":\"https:\\\/\\\/www.miamibeachfl.gov\\\/egovapp\\\/city-hall\\\/emergencymanagementdepartment\\\/\",\"name\":\"Fire Division of Emergency Management - City of Miami Beach\",\"isPartOf\":{\"@id\":\"https:\\\/\\\/www.miamibeachfl.gov\\\/#website\"},\"datePublished\":\"2023-07-20T18:08:52+00:00\",\"dateModified\":\"2025-06-07T19:28:02+00:00\",\"description\":\"Miami Beach voters overwhelmingly approved referendums during the 2018 and 2022 elections that are transforming our iconic city into a resilient, arts and culture destination unlike any other.The City of Miami Beach is prepared to handle any emergency \u2013 from severe storms and hurricanes, to potential health hazards. Our trained professionals in the Office of Emergency Management are responsible for the coordination of all emergency preparedness within the City of Miami Beach.\",\"breadcrumb\":{\"@id\":\"https:\\\/\\\/www.miamibeachfl.gov\\\/egovapp\\\/city-hall\\\/emergencymanagementdepartment\\\/#breadcrumb\"},\"inLanguage\":\"pt-BR\",\"potentialAction\":[{\"@type\":\"ReadAction\",\"target\":[\"https:\\\/\\\/www.miamibeachfl.gov\\\/egovapp\\\/city-hall\\\/emergencymanagementdepartment\\\/\"]}]},{\"@type\":\"BreadcrumbList\",\"@id\":\"https:\\\/\\\/www.miamibeachfl.gov\\\/egovapp\\\/city-hall\\\/emergencymanagementdepartment\\\/#breadcrumb\",\"itemListElement\":[{\"@type\":\"ListItem\",\"position\":1,\"name\":\"Home\",\"item\":\"https:\\\/\\\/www.miamibeachfl.gov\\\/\"},{\"@type\":\"ListItem\",\"position\":2,\"name\":\"MobileAppPages\",\"item\":\"https:\\\/\\\/www.miamibeachfl.gov\\\/egovapp\\\/\"},{\"@type\":\"ListItem\",\"position\":3,\"name\":\"City Hall Department Directory\",\"item\":\"https:\\\/\\\/www.miamibeachfl.gov\\\/egovapp\\\/city-hall\\\/\"},{\"@type\":\"ListItem\",\"position\":4,\"name\":\"Fire Division of Emergency Management\"}]},{\"@type\":\"WebSite\",\"@id\":\"https:\\\/\\\/www.miamibeachfl.gov\\\/#website\",\"url\":\"https:\\\/\\\/www.miamibeachfl.gov\\\/\",\"name\":\"City of Miami Beach\",\"description\":\"The official website of the City of Miami Beach. Stay informed, find important information on city services, news, alerts, events, trolley routes, government employment and more.\",\"publisher\":{\"@id\":\"https:\\\/\\\/www.miamibeachfl.gov\\\/#organization\"},\"potentialAction\":[{\"@type\":\"SearchAction\",\"target\":{\"@type\":\"EntryPoint\",\"urlTemplate\":\"https:\\\/\\\/www.miamibeachfl.gov\\\/?s={search_term_string}\"},\"query-input\":{\"@type\":\"PropertyValueSpecification\",\"valueRequired\":true,\"valueName\":\"search_term_string\"}}],\"inLanguage\":\"pt-BR\"},{\"@type\":\"Organization\",\"@id\":\"https:\\\/\\\/www.miamibeachfl.gov\\\/#organization\",\"name\":\"City of Miami Beach\",\"url\":\"https:\\\/\\\/www.miamibeachfl.gov\\\/\",\"logo\":{\"@type\":\"ImageObject\",\"inLanguage\":\"pt-BR\",\"@id\":\"https:\\\/\\\/www.miamibeachfl.gov\\\/#\\\/schema\\\/logo\\\/image\\\/\",\"url\":\"https:\\\/\\\/www.miamibeachfl.gov\\\/wp-content\\\/uploads\\\/2022\\\/06\\\/miamibeach-logoblue.png\",\"contentUrl\":\"https:\\\/\\\/www.miamibeachfl.gov\\\/wp-content\\\/uploads\\\/2022\\\/06\\\/miamibeach-logoblue.png\",\"width\":1962,\"height\":381,\"caption\":\"City of Miami Beach\"},\"image\":{\"@id\":\"https:\\\/\\\/www.miamibeachfl.gov\\\/#\\\/schema\\\/logo\\\/image\\\/\"},\"sameAs\":[\"https:\\\/\\\/www.facebook.com\\\/cityofmiamibeach\",\"https:\\\/\\\/x.com\\\/Miamibeachnews\",\"https:\\\/\\\/www.instagram.com\\\/miamibeachnews\\\/\"],\"description\":\"The official website of the City of Miami Beach. Stay informed, find important information on city services, news, alerts, events, trolley routes, government employment and more.\",\"telephone\":\"305.604.CITY(2489)\",\"legalName\":\"City of Miami Beach\"}]}<\/script>\n<!-- \/ Yoast SEO Premium plugin. -->","yoast_head_json":{"title":"Divis\u00e3o de Gerenciamento de Emerg\u00eancias de Inc\u00eandio - Cidade de Miami Beach","description":"Os eleitores de Miami Beach aprovaram por ampla maioria os referendos durante as elei\u00e7\u00f5es de 2018 e 2022, que est\u00e3o transformando nossa cidade ic\u00f4nica em um destino resiliente, art\u00edstico e cultural como nenhum outro. A cidade de Miami Beach est\u00e1 preparada para lidar com qualquer emerg\u00eancia \u2013 desde tempestades e furac\u00f5es severos at\u00e9 potenciais riscos \u00e0 sa\u00fade. Nossos profissionais treinados do Escrit\u00f3rio de Gest\u00e3o de Emerg\u00eancias s\u00e3o respons\u00e1veis pela coordena\u00e7\u00e3o de toda a prepara\u00e7\u00e3o para emerg\u00eancias na cidade de Miami Beach.","robots":{"index":"index","follow":"follow","max-snippet":"max-snippet:-1","max-image-preview":"max-image-preview:large","max-video-preview":"max-video-preview:-1"},"canonical":"https:\/\/www.miamibeachfl.gov\/pt\/egovapp\/city-hall\/emergencymanagementdepartment\/","og_locale":"pt_BR","og_type":"article","og_title":"Fire Division of Emergency Management","og_description":"Miami Beach voters overwhelmingly approved referendums during the 2018 and 2022 elections that are transforming our iconic city into a resilient, arts and culture destination unlike any other.The City of Miami Beach is prepared to handle any emergency \u2013 from severe storms and hurricanes, to potential health hazards. Our trained professionals in the Office of Emergency Management are responsible for the coordination of all emergency preparedness within the City of Miami Beach.","og_url":"https:\/\/www.miamibeachfl.gov\/pt\/egovapp\/city-hall\/emergencymanagementdepartment\/","og_site_name":"City of Miami Beach","article_publisher":"https:\/\/www.facebook.com\/cityofmiamibeach","article_modified_time":"2025-06-07T19:28:02+00:00","og_image":[{"width":1000,"height":1000,"url":"https:\/\/www.miamibeachfl.gov\/wp-content\/uploads\/2024\/01\/1000pxSquare-miamibeach-aerial-southpointview.jpeg","type":"image\/jpeg"}],"twitter_card":"summary_large_image","twitter_site":"@Miamibeachnews","schema":{"@context":"https:\/\/schema.org","@graph":[{"@type":"WebPage","@id":"https:\/\/www.miamibeachfl.gov\/egovapp\/city-hall\/emergencymanagementdepartment\/","url":"https:\/\/www.miamibeachfl.gov\/egovapp\/city-hall\/emergencymanagementdepartment\/","name":"Divis\u00e3o de Gerenciamento de Emerg\u00eancias de Inc\u00eandio - Cidade de Miami Beach","isPartOf":{"@id":"https:\/\/www.miamibeachfl.gov\/#website"},"datePublished":"2023-07-20T18:08:52+00:00","dateModified":"2025-06-07T19:28:02+00:00","description":"Os eleitores de Miami Beach aprovaram por ampla maioria os referendos durante as elei\u00e7\u00f5es de 2018 e 2022, que est\u00e3o transformando nossa cidade ic\u00f4nica em um destino resiliente, art\u00edstico e cultural como nenhum outro. A cidade de Miami Beach est\u00e1 preparada para lidar com qualquer emerg\u00eancia \u2013 desde tempestades e furac\u00f5es severos at\u00e9 potenciais riscos \u00e0 sa\u00fade. Nossos profissionais treinados do Escrit\u00f3rio de Gest\u00e3o de Emerg\u00eancias s\u00e3o respons\u00e1veis pela coordena\u00e7\u00e3o de toda a prepara\u00e7\u00e3o para emerg\u00eancias na cidade de Miami Beach.","breadcrumb":{"@id":"https:\/\/www.miamibeachfl.gov\/egovapp\/city-hall\/emergencymanagementdepartment\/#breadcrumb"},"inLanguage":"pt-BR","potentialAction":[{"@type":"ReadAction","target":["https:\/\/www.miamibeachfl.gov\/egovapp\/city-hall\/emergencymanagementdepartment\/"]}]},{"@type":"BreadcrumbList","@id":"https:\/\/www.miamibeachfl.gov\/egovapp\/city-hall\/emergencymanagementdepartment\/#breadcrumb","itemListElement":[{"@type":"ListItem","position":1,"name":"Home","item":"https:\/\/www.miamibeachfl.gov\/"},{"@type":"ListItem","position":2,"name":"MobileAppPages","item":"https:\/\/www.miamibeachfl.gov\/egovapp\/"},{"@type":"ListItem","position":3,"name":"City Hall Department Directory","item":"https:\/\/www.miamibeachfl.gov\/egovapp\/city-hall\/"},{"@type":"ListItem","position":4,"name":"Fire Division of Emergency Management"}]},{"@type":"WebSite","@id":"https:\/\/www.miamibeachfl.gov\/#website","url":"https:\/\/www.miamibeachfl.gov\/","name":"Cidade de Miami Beach","description":"Site oficial da cidade de Miami Beach. Mantenha-se informado e encontre informa\u00e7\u00f5es importantes sobre servi\u00e7os municipais, not\u00edcias, alertas, eventos, rotas de bonde, empregos p\u00fablicos e muito mais.","publisher":{"@id":"https:\/\/www.miamibeachfl.gov\/#organization"},"potentialAction":[{"@type":"SearchAction","target":{"@type":"EntryPoint","urlTemplate":"https:\/\/www.miamibeachfl.gov\/?s={search_term_string}"},"query-input":{"@type":"PropertyValueSpecification","valueRequired":true,"valueName":"search_term_string"}}],"inLanguage":"pt-BR"},{"@type":"Organization","@id":"https:\/\/www.miamibeachfl.gov\/#organization","name":"Cidade de Miami Beach","url":"https:\/\/www.miamibeachfl.gov\/","logo":{"@type":"ImageObject","inLanguage":"pt-BR","@id":"https:\/\/www.miamibeachfl.gov\/#\/schema\/logo\/image\/","url":"https:\/\/www.miamibeachfl.gov\/wp-content\/uploads\/2022\/06\/miamibeach-logoblue.png","contentUrl":"https:\/\/www.miamibeachfl.gov\/wp-content\/uploads\/2022\/06\/miamibeach-logoblue.png","width":1962,"height":381,"caption":"City of Miami Beach"},"image":{"@id":"https:\/\/www.miamibeachfl.gov\/#\/schema\/logo\/image\/"},"sameAs":["https:\/\/www.facebook.com\/cityofmiamibeach","https:\/\/x.com\/Miamibeachnews","https:\/\/www.instagram.com\/miamibeachnews\/"],"description":"Site oficial da cidade de Miami Beach. Mantenha-se informado e encontre informa\u00e7\u00f5es importantes sobre servi\u00e7os municipais, not\u00edcias, alertas, eventos, rotas de bonde, empregos p\u00fablicos e muito mais.","telephone":"305.604.CITY(2489)","legalName":"City of Miami Beach"}]}},"_links":{"self":[{"href":"https:\/\/www.miamibeachfl.gov\/pt\/wp-json\/wp\/v2\/pages\/265628","targetHints":{"allow":["GET"]}}],"collection":[{"href":"https:\/\/www.miamibeachfl.gov\/pt\/wp-json\/wp\/v2\/pages"}],"about":[{"href":"https:\/\/www.miamibeachfl.gov\/pt\/wp-json\/wp\/v2\/types\/page"}],"author":[{"embeddable":true,"href":"https:\/\/www.miamibeachfl.gov\/pt\/wp-json\/wp\/v2\/users\/222"}],"replies":[{"embeddable":true,"href":"https:\/\/www.miamibeachfl.gov\/pt\/wp-json\/wp\/v2\/comments?post=265628"}],"version-history":[{"count":0,"href":"https:\/\/www.miamibeachfl.gov\/pt\/wp-json\/wp\/v2\/pages\/265628\/revisions"}],"up":[{"embeddable":true,"href":"https:\/\/www.miamibeachfl.gov\/pt\/wp-json\/wp\/v2\/pages\/265532"}],"wp:attachment":[{"href":"https:\/\/www.miamibeachfl.gov\/pt\/wp-json\/wp\/v2\/media?parent=265628"}],"wp:term":[{"taxonomy":"category","embeddable":true,"href":"https:\/\/www.miamibeachfl.gov\/pt\/wp-json\/wp\/v2\/categories?post=265628"},{"taxonomy":"post_tag","embeddable":true,"href":"https:\/\/www.miamibeachfl.gov\/pt\/wp-json\/wp\/v2\/tags?post=265628"}],"curies":[{"name":"wp","href":"https:\/\/api.w.org\/{rel}","templated":true}]}}