{"id":265636,"date":"2023-07-20T16:14:41","date_gmt":"2023-07-20T20:14:41","guid":{"rendered":"https:\/\/www.miamibeachfl.gov\/?page_id=265636"},"modified":"2025-06-07T15:35:09","modified_gmt":"2025-06-07T19:35:09","slug":"hrdepartment","status":"publish","type":"page","link":"https:\/\/www.miamibeachfl.gov\/pt\/egovapp\/city-hall\/hrdepartment\/","title":{"rendered":"Departamento de Recursos Humanos"},"content":{"rendered":"<a href=\"https:\/\/www.miamibeachfl.gov\/pt\/egovapp\/city-hall\/\" target=\"_self\">\n\t\t\t\t\t\tVoltar ao Diret\u00f3rio de Departamentos\n\t\t\t\t\t<\/a>\n<h1>\n\t\t\tRecursos Humanos\t<\/h1>\n\t<ul>\n\t\t<li><a href=\"tel:3056737524\" target=\"_self\"  aria-label=\"Acesse o telefone: 3056737524\">\t\t\t\t\n\t\t<h3>305.673.7524<\/h3><\/a><\/li><li>\t\t\t\t\n\t\t<h3>Hor\u00e1rio de atendimento:<\/h3><p>Segunda a sexta: 8h30 \u00e0s 17h<\/p><\/li><li><a href=\"https:\/\/goo.gl\/maps\/L2ZxTrWpaqefYwDn9\" target=\"_self\"  aria-label=\"Acesse https:\/\/goo.gl\/maps\/L2ZxTrWpaqefYwDn9\">\t\t\t\t\n\t\t<h3>Escrit\u00f3rio principal:<\/h3><p>1700 Convention Center Drive<br \/>3\u00ba andar<br \/>Miami Beach, FL 33139<\/p><\/a><\/li>\t<\/ul>\n\t\t\t<a href=\"\/pt\/egovapp\/city-hall\/hrdepartment\/howtoapply\/\" target=\"_self\">\n\t\t\t\t\t\t\tComo se candidatar\n\t\t\t<\/a>\n<h2>\n\t\t\t\u00c1reas de Foco\t<\/h2>\n\t<p><strong> Compensa\u00e7\u00e3o \u2013 <\/strong>Processa e mant\u00e9m todas as informa\u00e7\u00f5es de funcion\u00e1rios e aposentados do s415, incluindo ganhos e dedu\u00e7\u00f5es da folha de pagamento, aux\u00edlio-educa\u00e7\u00e3o, pagamentos do Plano de Op\u00e7\u00e3o de Aposentadoria Diferida (DROP), revenda de licen\u00e7as m\u00e9dicas, licen\u00e7as e frequ\u00eancia, aumentos de ajuste de custo de vida (COLA), recompras de pens\u00f5es, audi\u00eancias de desemprego, depoimentos de indeniza\u00e7\u00e3o trabalhista, verifica\u00e7\u00f5es de emprego, entrevistas de desligamento, b\u00f4nus de frequ\u00eancia perfeita, solicita\u00e7\u00f5es de registros p\u00fablicos e relat\u00f3rios de divulga\u00e7\u00e3o financeira do Condado de Miami-Dade.<\/p>\n<p><strong> Recrutamento e Testes \u2013 <\/strong>Auxilia os departamentos no recrutamento e sele\u00e7\u00e3o de candidatos qualificados; desenvolve, administra e valida m\u00e9todos de recrutamento competitivos; administra exames pr\u00e9-emprego e promocionais e realiza verifica\u00e7\u00f5es de antecedentes pr\u00e9-emprego.<\/p>\n<p><strong> Rela\u00e7\u00f5es Trabalhistas e Empregat\u00edcias \u2013 <\/strong>Supervisiona, consulta e processa quest\u00f5es disciplinares; investiga e responde a todas as acusa\u00e7\u00f5es oficiais da Comiss\u00e3o de Igualdade de Oportunidades de Emprego (EEOC) de suposta discrimina\u00e7\u00e3o; negocia e administra acordos de \u00faltima chance; administra os acordos de negocia\u00e7\u00e3o coletiva da cidade, desenvolve linguagem para abordar quest\u00f5es sobre as quais h\u00e1 desacordo entre as partes envolvidas e aconselha sobre resolu\u00e7\u00e3o de conflitos; administra o processo de reclama\u00e7\u00e3o\/arbitragem; e conduz investiga\u00e7\u00f5es em toda a cidade relacionadas \u00e0 m\u00e1 conduta de funcion\u00e1rios e alega\u00e7\u00f5es de pr\u00e1ticas discriminat\u00f3rias.<\/p>\n<p><strong> Benef\u00edcios <\/strong>\u2013 Auxilia na formula\u00e7\u00e3o de programas de benef\u00edcios para funcion\u00e1rios; desenvolve e administra contratos relacionados a benef\u00edcios; coordena atividades de inscri\u00e7\u00e3o aberta; administra o or\u00e7amento para planos de benef\u00edcios pr\u00f3prios e totalmente segurados; supervisiona o programa de bem-estar da cidade; e garante a conformidade com todos os requisitos da Lei de Prote\u00e7\u00e3o ao Paciente e Assist\u00eancia M\u00e9dica Acess\u00edvel.<\/p>\n<p><strong> Gest\u00e3o de Riscos \u2013 <\/strong>Protege os ativos da cidade identificando, avaliando e controlando as exposi\u00e7\u00f5es a perdas; administrando os programas de seguro da cidade para responsabilidade civil, propriedade\/inunda\u00e7\u00e3o e indeniza\u00e7\u00e3o trabalhista; supervisiona a transfer\u00eancia de riscos e as medidas de controle de perdas; e conduz treinamento de seguran\u00e7a e inspe\u00e7\u00e3o de instala\u00e7\u00f5es para riscos potenciais.<strong>.<\/strong><\/p>\n<p><strong> Treinamento e Desenvolvimento \u2013 <\/strong>Avalia as necessidades de treinamento por meio da comunica\u00e7\u00e3o com os departamentos; desenvolve programas de treinamento para os departamentos, garante a conformidade com o treinamento obrigat\u00f3rio; conduz a orienta\u00e7\u00e3o de novos funcion\u00e1rios, educando-os sobre a cultura do CMB; organiza sess\u00f5es de treinamento, entrevistas e assegura especialistas no assunto e fornecedores; gerencia programas de desenvolvimento de funcion\u00e1rios para incluir programas de cultura de lideran\u00e7a e academia de funcion\u00e1rios; supervisiona programas de recompensas e reconhecimento para incluir: Programa de reconhecimento de servi\u00e7o, Programa de sugest\u00e3o de funcion\u00e1rios, Programa de reconhecimento de desempenho e Programa Her\u00f3i \u00c9tico.<\/p>","protected":false},"excerpt":{"rendered":"<p>Back to Department Directory Human Resources 305.673.7524 Office Hours: Monday &#8211; Friday: 8:30AM &#8211; 5PM Main Office: 1700 Convention Center [&hellip;]<\/p>\n","protected":false},"author":222,"featured_media":0,"parent":265532,"menu_order":0,"comment_status":"closed","ping_status":"closed","template":"","meta":{"_searchwp_excluded":"1","site-sidebar-layout":"default","site-content-layout":"","ast-site-content-layout":"","site-content-style":"default","site-sidebar-style":"default","ast-global-header-display":"disabled","ast-banner-title-visibility":"","ast-main-header-display":"","ast-hfb-above-header-display":"","ast-hfb-below-header-display":"","ast-hfb-mobile-header-display":"","site-post-title":"","ast-breadcrumbs-content":"","ast-featured-img":"","footer-sml-layout":"disabled","ast-disable-related-posts":"","theme-transparent-header-meta":"","adv-header-id-meta":"","stick-header-meta":"","header-above-stick-meta":"","header-main-stick-meta":"","header-below-stick-meta":"","astra-migrate-meta-layouts":"default","ast-page-background-enabled":"default","ast-page-background-meta":{"desktop":{"background-color":"var(--ast-global-color-5)","background-image":"","background-repeat":"repeat","background-position":"center center","background-size":"auto","background-attachment":"scroll","background-type":"","background-media":"","overlay-type":"","overlay-color":"","overlay-opacity":"","overlay-gradient":""},"tablet":{"background-color":"","background-image":"","background-repeat":"repeat","background-position":"center center","background-size":"auto","background-attachment":"scroll","background-type":"","background-media":"","overlay-type":"","overlay-color":"","overlay-opacity":"","overlay-gradient":""},"mobile":{"background-color":"","background-image":"","background-repeat":"repeat","background-position":"center center","background-size":"auto","background-attachment":"scroll","background-type":"","background-media":"","overlay-type":"","overlay-color":"","overlay-opacity":"","overlay-gradient":""}},"ast-content-background-meta":{"desktop":{"background-color":"var(--ast-global-color-4)","background-image":"","background-repeat":"repeat","background-position":"center center","background-size":"auto","background-attachment":"scroll","background-type":"","background-media":"","overlay-type":"","overlay-color":"","overlay-opacity":"","overlay-gradient":""},"tablet":{"background-color":"var(--ast-global-color-4)","background-image":"","background-repeat":"repeat","background-position":"center center","background-size":"auto","background-attachment":"scroll","background-type":"","background-media":"","overlay-type":"","overlay-color":"","overlay-opacity":"","overlay-gradient":""},"mobile":{"background-color":"var(--ast-global-color-4)","background-image":"","background-repeat":"repeat","background-position":"center center","background-size":"auto","background-attachment":"scroll","background-type":"","background-media":"","overlay-type":"","overlay-color":"","overlay-opacity":"","overlay-gradient":""}},"footnotes":""},"categories":[],"tags":[1002,1000],"class_list":["post-265636","page","type-page","status-publish","hentry","tag-app-egov-page","tag-cityhall-egovapp"],"yoast_head":"<!-- This site is optimized with the Yoast SEO Premium plugin v27.4 (Yoast SEO v27.4) - https:\/\/yoast.com\/product\/yoast-seo-premium-wordpress\/ -->\n<title>Human Resources Department - City of Miami Beach<\/title>\n<meta name=\"description\" content=\"The Human Resources Department is comprised of the following areas: Employee Benefits, Compensation, Employee Relations, Labor Relations, Recruitment\/Testing\/Audit and Risk Management areas.\" \/>\n<meta name=\"robots\" content=\"index, follow, max-snippet:-1, max-image-preview:large, max-video-preview:-1\" \/>\n<link rel=\"canonical\" href=\"https:\/\/www.miamibeachfl.gov\/pt\/egovapp\/city-hall\/hrdepartment\/\" \/>\n<meta property=\"og:locale\" content=\"pt_BR\" \/>\n<meta property=\"og:type\" content=\"article\" \/>\n<meta property=\"og:title\" content=\"Human Resources Department\" \/>\n<meta property=\"og:description\" content=\"The Human Resources Department is comprised of the following areas: Employee Benefits, Compensation, Employee Relations, Labor Relations, Recruitment\/Testing\/Audit and Risk Management areas.\" \/>\n<meta property=\"og:url\" content=\"https:\/\/www.miamibeachfl.gov\/pt\/egovapp\/city-hall\/hrdepartment\/\" \/>\n<meta property=\"og:site_name\" content=\"City of Miami Beach\" \/>\n<meta property=\"article:publisher\" content=\"https:\/\/www.facebook.com\/cityofmiamibeach\" \/>\n<meta property=\"article:modified_time\" content=\"2025-06-07T19:35:09+00:00\" \/>\n<meta property=\"og:image\" content=\"https:\/\/www.miamibeachfl.gov\/wp-content\/uploads\/2024\/01\/1000pxSquare-miamibeach-aerial-southpointview.jpeg\" \/>\n\t<meta property=\"og:image:width\" content=\"1000\" \/>\n\t<meta property=\"og:image:height\" content=\"1000\" \/>\n\t<meta property=\"og:image:type\" content=\"image\/jpeg\" \/>\n<meta name=\"twitter:card\" content=\"summary_large_image\" \/>\n<meta name=\"twitter:site\" content=\"@Miamibeachnews\" \/>\n<script type=\"application\/ld+json\" class=\"yoast-schema-graph\">{\"@context\":\"https:\\\/\\\/schema.org\",\"@graph\":[{\"@type\":\"WebPage\",\"@id\":\"https:\\\/\\\/www.miamibeachfl.gov\\\/egovapp\\\/city-hall\\\/hrdepartment\\\/\",\"url\":\"https:\\\/\\\/www.miamibeachfl.gov\\\/egovapp\\\/city-hall\\\/hrdepartment\\\/\",\"name\":\"Human Resources Department - City of Miami Beach\",\"isPartOf\":{\"@id\":\"https:\\\/\\\/www.miamibeachfl.gov\\\/#website\"},\"datePublished\":\"2023-07-20T20:14:41+00:00\",\"dateModified\":\"2025-06-07T19:35:09+00:00\",\"description\":\"The Human Resources Department is comprised of the following areas: Employee Benefits, Compensation, Employee Relations, Labor Relations, Recruitment\\\/Testing\\\/Audit and Risk Management areas.\",\"breadcrumb\":{\"@id\":\"https:\\\/\\\/www.miamibeachfl.gov\\\/egovapp\\\/city-hall\\\/hrdepartment\\\/#breadcrumb\"},\"inLanguage\":\"pt-BR\",\"potentialAction\":[{\"@type\":\"ReadAction\",\"target\":[\"https:\\\/\\\/www.miamibeachfl.gov\\\/egovapp\\\/city-hall\\\/hrdepartment\\\/\"]}]},{\"@type\":\"BreadcrumbList\",\"@id\":\"https:\\\/\\\/www.miamibeachfl.gov\\\/egovapp\\\/city-hall\\\/hrdepartment\\\/#breadcrumb\",\"itemListElement\":[{\"@type\":\"ListItem\",\"position\":1,\"name\":\"Home\",\"item\":\"https:\\\/\\\/www.miamibeachfl.gov\\\/\"},{\"@type\":\"ListItem\",\"position\":2,\"name\":\"MobileAppPages\",\"item\":\"https:\\\/\\\/www.miamibeachfl.gov\\\/egovapp\\\/\"},{\"@type\":\"ListItem\",\"position\":3,\"name\":\"City Hall Department Directory\",\"item\":\"https:\\\/\\\/www.miamibeachfl.gov\\\/egovapp\\\/city-hall\\\/\"},{\"@type\":\"ListItem\",\"position\":4,\"name\":\"Human Resources Department\"}]},{\"@type\":\"WebSite\",\"@id\":\"https:\\\/\\\/www.miamibeachfl.gov\\\/#website\",\"url\":\"https:\\\/\\\/www.miamibeachfl.gov\\\/\",\"name\":\"City of Miami Beach\",\"description\":\"The official website of the City of Miami Beach. Stay informed, find important information on city services, news, alerts, events, trolley routes, government employment and more.\",\"publisher\":{\"@id\":\"https:\\\/\\\/www.miamibeachfl.gov\\\/#organization\"},\"potentialAction\":[{\"@type\":\"SearchAction\",\"target\":{\"@type\":\"EntryPoint\",\"urlTemplate\":\"https:\\\/\\\/www.miamibeachfl.gov\\\/?s={search_term_string}\"},\"query-input\":{\"@type\":\"PropertyValueSpecification\",\"valueRequired\":true,\"valueName\":\"search_term_string\"}}],\"inLanguage\":\"pt-BR\"},{\"@type\":\"Organization\",\"@id\":\"https:\\\/\\\/www.miamibeachfl.gov\\\/#organization\",\"name\":\"City of Miami Beach\",\"url\":\"https:\\\/\\\/www.miamibeachfl.gov\\\/\",\"logo\":{\"@type\":\"ImageObject\",\"inLanguage\":\"pt-BR\",\"@id\":\"https:\\\/\\\/www.miamibeachfl.gov\\\/#\\\/schema\\\/logo\\\/image\\\/\",\"url\":\"https:\\\/\\\/www.miamibeachfl.gov\\\/wp-content\\\/uploads\\\/2022\\\/06\\\/miamibeach-logoblue.png\",\"contentUrl\":\"https:\\\/\\\/www.miamibeachfl.gov\\\/wp-content\\\/uploads\\\/2022\\\/06\\\/miamibeach-logoblue.png\",\"width\":1962,\"height\":381,\"caption\":\"City of Miami Beach\"},\"image\":{\"@id\":\"https:\\\/\\\/www.miamibeachfl.gov\\\/#\\\/schema\\\/logo\\\/image\\\/\"},\"sameAs\":[\"https:\\\/\\\/www.facebook.com\\\/cityofmiamibeach\",\"https:\\\/\\\/x.com\\\/Miamibeachnews\",\"https:\\\/\\\/www.instagram.com\\\/miamibeachnews\\\/\"],\"description\":\"The official website of the City of Miami Beach. Stay informed, find important information on city services, news, alerts, events, trolley routes, government employment and more.\",\"telephone\":\"305.604.CITY(2489)\",\"legalName\":\"City of Miami Beach\"}]}<\/script>\n<!-- \/ Yoast SEO Premium plugin. -->","yoast_head_json":{"title":"Departamento de Recursos Humanos - Cidade de Miami Beach","description":"O Departamento de Recursos Humanos \u00e9 composto pelas seguintes \u00e1reas: Benef\u00edcios aos Funcion\u00e1rios, Remunera\u00e7\u00e3o, Rela\u00e7\u00f5es com Funcion\u00e1rios, Rela\u00e7\u00f5es Trabalhistas, Recrutamento\/Testes\/Auditoria e Gest\u00e3o de Riscos.","robots":{"index":"index","follow":"follow","max-snippet":"max-snippet:-1","max-image-preview":"max-image-preview:large","max-video-preview":"max-video-preview:-1"},"canonical":"https:\/\/www.miamibeachfl.gov\/pt\/egovapp\/city-hall\/hrdepartment\/","og_locale":"pt_BR","og_type":"article","og_title":"Human Resources Department","og_description":"The Human Resources Department is comprised of the following areas: Employee Benefits, Compensation, Employee Relations, Labor Relations, Recruitment\/Testing\/Audit and Risk Management areas.","og_url":"https:\/\/www.miamibeachfl.gov\/pt\/egovapp\/city-hall\/hrdepartment\/","og_site_name":"City of Miami Beach","article_publisher":"https:\/\/www.facebook.com\/cityofmiamibeach","article_modified_time":"2025-06-07T19:35:09+00:00","og_image":[{"width":1000,"height":1000,"url":"https:\/\/www.miamibeachfl.gov\/wp-content\/uploads\/2024\/01\/1000pxSquare-miamibeach-aerial-southpointview.jpeg","type":"image\/jpeg"}],"twitter_card":"summary_large_image","twitter_site":"@Miamibeachnews","schema":{"@context":"https:\/\/schema.org","@graph":[{"@type":"WebPage","@id":"https:\/\/www.miamibeachfl.gov\/egovapp\/city-hall\/hrdepartment\/","url":"https:\/\/www.miamibeachfl.gov\/egovapp\/city-hall\/hrdepartment\/","name":"Departamento de Recursos Humanos - Cidade de Miami Beach","isPartOf":{"@id":"https:\/\/www.miamibeachfl.gov\/#website"},"datePublished":"2023-07-20T20:14:41+00:00","dateModified":"2025-06-07T19:35:09+00:00","description":"O Departamento de Recursos Humanos \u00e9 composto pelas seguintes \u00e1reas: Benef\u00edcios aos Funcion\u00e1rios, Remunera\u00e7\u00e3o, Rela\u00e7\u00f5es com Funcion\u00e1rios, Rela\u00e7\u00f5es Trabalhistas, Recrutamento\/Testes\/Auditoria e Gest\u00e3o de Riscos.","breadcrumb":{"@id":"https:\/\/www.miamibeachfl.gov\/egovapp\/city-hall\/hrdepartment\/#breadcrumb"},"inLanguage":"pt-BR","potentialAction":[{"@type":"ReadAction","target":["https:\/\/www.miamibeachfl.gov\/egovapp\/city-hall\/hrdepartment\/"]}]},{"@type":"BreadcrumbList","@id":"https:\/\/www.miamibeachfl.gov\/egovapp\/city-hall\/hrdepartment\/#breadcrumb","itemListElement":[{"@type":"ListItem","position":1,"name":"Home","item":"https:\/\/www.miamibeachfl.gov\/"},{"@type":"ListItem","position":2,"name":"MobileAppPages","item":"https:\/\/www.miamibeachfl.gov\/egovapp\/"},{"@type":"ListItem","position":3,"name":"City Hall Department Directory","item":"https:\/\/www.miamibeachfl.gov\/egovapp\/city-hall\/"},{"@type":"ListItem","position":4,"name":"Human Resources Department"}]},{"@type":"WebSite","@id":"https:\/\/www.miamibeachfl.gov\/#website","url":"https:\/\/www.miamibeachfl.gov\/","name":"Cidade de Miami Beach","description":"Site oficial da cidade de Miami Beach. Mantenha-se informado e encontre informa\u00e7\u00f5es importantes sobre servi\u00e7os municipais, not\u00edcias, alertas, eventos, rotas de bonde, empregos p\u00fablicos e muito mais.","publisher":{"@id":"https:\/\/www.miamibeachfl.gov\/#organization"},"potentialAction":[{"@type":"SearchAction","target":{"@type":"EntryPoint","urlTemplate":"https:\/\/www.miamibeachfl.gov\/?s={search_term_string}"},"query-input":{"@type":"PropertyValueSpecification","valueRequired":true,"valueName":"search_term_string"}}],"inLanguage":"pt-BR"},{"@type":"Organization","@id":"https:\/\/www.miamibeachfl.gov\/#organization","name":"Cidade de Miami Beach","url":"https:\/\/www.miamibeachfl.gov\/","logo":{"@type":"ImageObject","inLanguage":"pt-BR","@id":"https:\/\/www.miamibeachfl.gov\/#\/schema\/logo\/image\/","url":"https:\/\/www.miamibeachfl.gov\/wp-content\/uploads\/2022\/06\/miamibeach-logoblue.png","contentUrl":"https:\/\/www.miamibeachfl.gov\/wp-content\/uploads\/2022\/06\/miamibeach-logoblue.png","width":1962,"height":381,"caption":"City of Miami Beach"},"image":{"@id":"https:\/\/www.miamibeachfl.gov\/#\/schema\/logo\/image\/"},"sameAs":["https:\/\/www.facebook.com\/cityofmiamibeach","https:\/\/x.com\/Miamibeachnews","https:\/\/www.instagram.com\/miamibeachnews\/"],"description":"Site oficial da cidade de Miami Beach. Mantenha-se informado e encontre informa\u00e7\u00f5es importantes sobre servi\u00e7os municipais, not\u00edcias, alertas, eventos, rotas de bonde, empregos p\u00fablicos e muito mais.","telephone":"305.604.CITY(2489)","legalName":"City of Miami Beach"}]}},"_links":{"self":[{"href":"https:\/\/www.miamibeachfl.gov\/pt\/wp-json\/wp\/v2\/pages\/265636","targetHints":{"allow":["GET"]}}],"collection":[{"href":"https:\/\/www.miamibeachfl.gov\/pt\/wp-json\/wp\/v2\/pages"}],"about":[{"href":"https:\/\/www.miamibeachfl.gov\/pt\/wp-json\/wp\/v2\/types\/page"}],"author":[{"embeddable":true,"href":"https:\/\/www.miamibeachfl.gov\/pt\/wp-json\/wp\/v2\/users\/222"}],"replies":[{"embeddable":true,"href":"https:\/\/www.miamibeachfl.gov\/pt\/wp-json\/wp\/v2\/comments?post=265636"}],"version-history":[{"count":1,"href":"https:\/\/www.miamibeachfl.gov\/pt\/wp-json\/wp\/v2\/pages\/265636\/revisions"}],"predecessor-version":[{"id":375815,"href":"https:\/\/www.miamibeachfl.gov\/pt\/wp-json\/wp\/v2\/pages\/265636\/revisions\/375815"}],"up":[{"embeddable":true,"href":"https:\/\/www.miamibeachfl.gov\/pt\/wp-json\/wp\/v2\/pages\/265532"}],"wp:attachment":[{"href":"https:\/\/www.miamibeachfl.gov\/pt\/wp-json\/wp\/v2\/media?parent=265636"}],"wp:term":[{"taxonomy":"category","embeddable":true,"href":"https:\/\/www.miamibeachfl.gov\/pt\/wp-json\/wp\/v2\/categories?post=265636"},{"taxonomy":"post_tag","embeddable":true,"href":"https:\/\/www.miamibeachfl.gov\/pt\/wp-json\/wp\/v2\/tags?post=265636"}],"curies":[{"name":"wp","href":"https:\/\/api.w.org\/{rel}","templated":true}]}}