{"id":265657,"date":"2023-07-20T16:45:28","date_gmt":"2023-07-20T20:45:28","guid":{"rendered":"https:\/\/www.miamibeachfl.gov\/?page_id=265657"},"modified":"2025-06-07T15:43:49","modified_gmt":"2025-06-07T19:43:49","slug":"communicationsdepartment","status":"publish","type":"page","link":"https:\/\/www.miamibeachfl.gov\/pt\/egovapp\/city-hall\/communicationsdepartment\/","title":{"rendered":"Marketing e Comunica\u00e7\u00f5es"},"content":{"rendered":"<a href=\"https:\/\/www.miamibeachfl.gov\/pt\/egovapp\/city-hall\/\" target=\"_self\" role=\"button\" rel=\"noopener\">\r\n\t\t\t\t\t\tVoltar ao Diret\u00f3rio de Departamentos\r\n\t\t\t\t\t<\/a>\r\n<h1>\r\n\t\tMarketing e Comunica\u00e7\u00f5es\r\n\t<\/h1>\r\n\t<ul>\r\n\t\t<li><a href=\"tel:3056737575\" target=\"_self\" aria-label=\"Acesse o telefone: 3056737575\" rel=\"noopener\"><\/a>\t\t\t\t\r\n\t\t<h3>305.673.7575<\/h3><\/li><li>\t\t\t\t\r\n\t\t<h3>Hor\u00e1rio de atendimento:<\/h3><p>Segunda a sexta: 9h \u00e0s 17h<\/p><\/li><li><a href=\"https:\/\/goo.gl\/maps\/3ygKwhECckA3SPxWA\" target=\"_blank\" rel=\"noopener\" aria-label=\"Acesse https:\/\/goo.gl\/maps\/3ygKwhECckA3SPxWA\"><\/a>\t\t\t\t\r\n\t\t<h3>Escrit\u00f3rio principal:<\/h3><p>1700 Convention Center Drive<br \/>Miami Beach, FL 33139<\/p><\/li>\t<\/ul>\r\n<h2>\r\n\t\tFique conectado! <br \/>M\u00eddias sociais, not\u00edcias, alertas e muito mais\r\n\t<\/h2>\r\n\t<ul>\r\n\t\t<li><a href=\"https:\/\/www.facebook.com\/cityofmiamibeach\/\" target=\"_self\" aria-label=\"Acesse https:\/\/www.facebook.com\/cityofmiamibeach\/\" rel=\"noopener\"><\/a>\t\t\t\t\r\n\t\t<h3>Facebook<\/h3><br \/>\r\n<\/li><li>\t\t\t\t\r\n\t\t<h3>Instagram<\/h3><\/li><li><a href=\"https:\/\/twitter.com\/miamibeachnews\" target=\"_blank\" rel=\"noopener\" aria-label=\"Acesse https:\/\/twitter.com\/miamibeachnews\"><\/a>\t\t\r\n\t\t\t\t<img decoding=\"async\" src=\"https:\/\/www.miamibeachfl.gov\/wp-content\/uploads\/2023\/11\/twitterx.png\" alt=\"twitter X\" title=\"twitterx\" itemprop=\"image\"\/>\r\n\t\t<h3>Twitter<\/h3><\/li><li><a href=\"https:\/\/goo.gl\/maps\/3ygKwhECckA3SPxWA\" target=\"_blank\" rel=\"noopener\" aria-label=\"Acesse https:\/\/goo.gl\/maps\/3ygKwhECckA3SPxWA\"><\/a>\t\t\t\t\r\n\t\t<h3>Pr\u00f3xima Porta<\/h3><\/li><li><a href=\"https:\/\/www.youtube.com\/user\/cityofmiamibeach\/videos\" target=\"_blank\" rel=\"noopener\" aria-label=\"Acesse https:\/\/www.youtube.com\/user\/cityofmiamibeach\/videos\"><\/a>\t\t\t\t\r\n\t\t<h3>YouTube<\/h3><\/li>\t<\/ul>\r\n\t<ul>\r\n\t\t<li><a href=\"https:\/\/issuu.com\/cityofmiamibeach\" target=\"_self\" aria-label=\"Acesse https:\/\/issuu.com\/cityofmiamibeach\" rel=\"noopener\"><\/a>\t\t\t\t\r\n\t\t<h3>Revista MB<\/h3><p>Revista trimestral e bil\u00edngue da cidade de Miami Beach.<\/p><\/li><li>\t\t\t\t\r\n\t\t<h3>MBTV<\/h3><p>O canal oficial da cidade de Miami Beach, onde voc\u00ea pode assistir a reuni\u00f5es ao vivo.<\/p><\/li><li><a href=\"https:\/\/visitor.r20.constantcontact.com\/manage\/optin?v=001G3gQF_El_4o1UEbguheB5mmzfG7onDdMWh1j1h9a2GsYhO3lonlhDSUJFN_o5P9wC0vRAaCeLeZPSQUtU24d15ThoaXBqAVUR9PeN6M6eUc%3D\" target=\"_blank\" rel=\"noopener\" aria-label=\"Go to https:\/\/visitor.r20.constantcontact.com\/manage\/optin?v=001G3gQF_El_4o1UEbguheB5mmzfG7onDdMWh1j1h9a2GsYhO3lonlhDSUJFN_o5P9wC0vRAaCeLeZPSQUtU24d15ThoaXBqAVUR9PeN6M6eUc%3D\"><\/a>\t\t\t\t\r\n\t\t<h3>Boletins eletr\u00f4nicos<\/h3><p>Cadastre-se para receber notifica\u00e7\u00f5es por e-mail sobre \u00e1reas espec\u00edficas, t\u00f3picos, reuni\u00f5es ou todas as notifica\u00e7\u00f5es da cidade.<\/p><\/li><li>\t\t\t\t\r\n\t\t<h3>Envie um SMS com MBAlert para 888777<\/h3><p>Assine para receber notifica\u00e7\u00f5es de emerg\u00eancia e de tr\u00e2nsito importantes no seu dispositivo m\u00f3vel.<\/p><\/li><li>\t\t\t\t\r\n\t\t<h3>Conex\u00e3o de Residentes Mb<\/h3><p>Inscreva-se para receber notifica\u00e7\u00f5es por e-mail com base em palavras-chave ou frases publicadas na pauta de uma reuni\u00e3o p\u00fablica.<\/p><\/li><li>\t\t\t\t\r\n\t\t<h3>Direito dos moradores de saber<\/h3><p>Receba notifica\u00e7\u00f5es eletr\u00f4nicas direcionadas sobre assuntos que impactam a qualidade de vida dos moradores. Receba notifica\u00e7\u00f5es para Mid, North e South Beach.<\/p><\/li><li>\t\t\t\t\r\n\t\t<h3>Relatar uma preocupa\u00e7\u00e3o<\/h3><p>Use o formul\u00e1rio de solicita\u00e7\u00e3o neste aplicativo para relatar uma preocupa\u00e7\u00e3o ou ligar <strong><a href=\"tel:3056042489\">305.604.CIDADE<\/a><\/strong> (2489) ou nossa linha de emerg\u00eancia da pol\u00edcia <strong><a href=\"tel:3056737900\">305.673.7900<\/a>.\u00a0<\/strong><\/p><\/li><li><a href=\"https:\/\/www.miamibeachfl.gov\/pt\/egovapp\/city-hall\/communicationsdepartment\/neighborhood-affairs-division\/\" target=\"_blank\" rel=\"noopener\" aria-label=\"Acesse https:\/\/www.miamibeachfl.gov\/egovapp\/city-hall\/communicationsdepartment\/neighborhood-affairs-division\/\"><\/a>\t\t\t\t\r\n\t\t<h3>Divis\u00e3o de Assuntos de Bairro<\/h3><\/li>\t<\/ul>\r\n<h2>\r\n\t\tFundo\r\n\t<\/h2>\r\n\t<p>O Escrit\u00f3rio de Marketing e Comunica\u00e7\u00e3o atua principalmente como elo entre o governo da cidade de Miami Beach e seus diversos departamentos, o p\u00fablico e a m\u00eddia, com um conjunto de ferramentas que inclui comunicados \u00e0 imprensa, m\u00eddias sociais em diversas plataformas, boletins informativos por e-mail personalizados para p\u00fablicos selecionados, publica\u00e7\u00f5es impressas, televis\u00e3o, mala direta, alertas por SMS, intera\u00e7\u00f5es pessoais com grupos comunit\u00e1rios, comunica\u00e7\u00f5es de crise e publicidade externa, incluindo outdoors, abrigos de \u00f4nibus e envelopamentos de bondes. Produzimos milhares de pe\u00e7as de conte\u00fado criativo todos os anos. O escrit\u00f3rio n\u00e3o tem a responsabilidade de promover o turismo e a hospitalidade, uma vez que essas iniciativas s\u00e3o contratadas pelo Greater Miami Convention &amp; Visitors Bureau, mas, ainda assim, desempenha um papel importante na dissemina\u00e7\u00e3o de informa\u00e7\u00f5es sobre eventos com forte componente tur\u00edstico.<\/p>\r\n<p>A Divis\u00e3o de Assuntos de Bairro promove parcerias s\u00f3lidas entre a comunidade e os departamentos de servi\u00e7os operacionais da cidade para melhorar a qualidade de vida de moradores e empresas. Nossa equipe de Coordenadores de Assuntos de Bairro interage ativamente com a comunidade para identificar necessidades e solicita\u00e7\u00f5es espec\u00edficas e fornecer um atendimento \u00e1gil e \u00e1gil. Nosso objetivo \u00e9 facilitar a comunica\u00e7\u00e3o, promover o engajamento c\u00edvico e construir um senso de orgulho e propriedade nos bairros para criar uma cidade mais forte, conectada e pr\u00f3spera.<\/p>","protected":false},"excerpt":{"rendered":"<p>Back to Department Directory Marketing and Communications 305.673.7575 Office Hours: Monday &#8211; Friday: 9AM &#8211; 5PM Main Office: 1700 Convention [&hellip;]<\/p>\n","protected":false},"author":222,"featured_media":0,"parent":265532,"menu_order":0,"comment_status":"closed","ping_status":"closed","template":"","meta":{"_searchwp_excluded":"1","site-sidebar-layout":"default","site-content-layout":"","ast-site-content-layout":"","site-content-style":"default","site-sidebar-style":"default","ast-global-header-display":"disabled","ast-banner-title-visibility":"","ast-main-header-display":"","ast-hfb-above-header-display":"","ast-hfb-below-header-display":"","ast-hfb-mobile-header-display":"","site-post-title":"","ast-breadcrumbs-content":"","ast-featured-img":"","footer-sml-layout":"disabled","ast-disable-related-posts":"","theme-transparent-header-meta":"","adv-header-id-meta":"","stick-header-meta":"","header-above-stick-meta":"","header-main-stick-meta":"","header-below-stick-meta":"","astra-migrate-meta-layouts":"default","ast-page-background-enabled":"default","ast-page-background-meta":{"desktop":{"background-color":"var(--ast-global-color-5)","background-image":"","background-repeat":"repeat","background-position":"center center","background-size":"auto","background-attachment":"scroll","background-type":"","background-media":"","overlay-type":"","overlay-color":"","overlay-opacity":"","overlay-gradient":""},"tablet":{"background-color":"","background-image":"","background-repeat":"repeat","background-position":"center center","background-size":"auto","background-attachment":"scroll","background-type":"","background-media":"","overlay-type":"","overlay-color":"","overlay-opacity":"","overlay-gradient":""},"mobile":{"background-color":"","background-image":"","background-repeat":"repeat","background-position":"center center","background-size":"auto","background-attachment":"scroll","background-type":"","background-media":"","overlay-type":"","overlay-color":"","overlay-opacity":"","overlay-gradient":""}},"ast-content-background-meta":{"desktop":{"background-color":"var(--ast-global-color-4)","background-image":"","background-repeat":"repeat","background-position":"center center","background-size":"auto","background-attachment":"scroll","background-type":"","background-media":"","overlay-type":"","overlay-color":"","overlay-opacity":"","overlay-gradient":""},"tablet":{"background-color":"var(--ast-global-color-4)","background-image":"","background-repeat":"repeat","background-position":"center center","background-size":"auto","background-attachment":"scroll","background-type":"","background-media":"","overlay-type":"","overlay-color":"","overlay-opacity":"","overlay-gradient":""},"mobile":{"background-color":"var(--ast-global-color-4)","background-image":"","background-repeat":"repeat","background-position":"center center","background-size":"auto","background-attachment":"scroll","background-type":"","background-media":"","overlay-type":"","overlay-color":"","overlay-opacity":"","overlay-gradient":""}},"footnotes":""},"categories":[],"tags":[1002,1000],"class_list":["post-265657","page","type-page","status-publish","hentry","tag-app-egov-page","tag-cityhall-egovapp"],"yoast_head":"<!-- This site is optimized with the Yoast SEO Premium plugin v27.4 (Yoast SEO v27.4) - https:\/\/yoast.com\/product\/yoast-seo-premium-wordpress\/ -->\n<title>Marketing &amp; Communications - City of Miami Beach<\/title>\n<meta name=\"description\" content=\"The Office of Marketing &amp; Communications acts as a superhighway that connects the City of Miami Beach with residents, community groups, our many visitors and the media. The office takes the pulse of city stakeholders to fulfill our role as internal marketing agency and the communications engine for all city departments.\" \/>\n<meta name=\"robots\" content=\"index, follow, max-snippet:-1, max-image-preview:large, max-video-preview:-1\" \/>\n<link rel=\"canonical\" href=\"https:\/\/www.miamibeachfl.gov\/pt\/egovapp\/city-hall\/communicationsdepartment\/\" \/>\n<meta property=\"og:locale\" content=\"pt_BR\" \/>\n<meta property=\"og:type\" content=\"article\" \/>\n<meta property=\"og:title\" content=\"Marketing &amp; Communications\" \/>\n<meta property=\"og:description\" content=\"The Office of Marketing &amp; Communications acts as a superhighway that connects the City of Miami Beach with residents, community groups, our many visitors and the media. The office takes the pulse of city stakeholders to fulfill our role as internal marketing agency and the communications engine for all city departments.\" \/>\n<meta property=\"og:url\" content=\"https:\/\/www.miamibeachfl.gov\/pt\/egovapp\/city-hall\/communicationsdepartment\/\" \/>\n<meta property=\"og:site_name\" content=\"City of Miami Beach\" \/>\n<meta property=\"article:publisher\" content=\"https:\/\/www.facebook.com\/cityofmiamibeach\" \/>\n<meta property=\"article:modified_time\" content=\"2025-06-07T19:43:49+00:00\" \/>\n<meta property=\"og:image\" content=\"https:\/\/www.miamibeachfl.gov\/wp-content\/uploads\/2023\/11\/twitterx.png\" \/>\n<meta name=\"twitter:card\" content=\"summary_large_image\" \/>\n<meta name=\"twitter:site\" content=\"@Miamibeachnews\" \/>\n<script type=\"application\/ld+json\" class=\"yoast-schema-graph\">{\"@context\":\"https:\\\/\\\/schema.org\",\"@graph\":[{\"@type\":\"WebPage\",\"@id\":\"https:\\\/\\\/www.miamibeachfl.gov\\\/egovapp\\\/city-hall\\\/communicationsdepartment\\\/\",\"url\":\"https:\\\/\\\/www.miamibeachfl.gov\\\/egovapp\\\/city-hall\\\/communicationsdepartment\\\/\",\"name\":\"Marketing & Communications - City of Miami Beach\",\"isPartOf\":{\"@id\":\"https:\\\/\\\/www.miamibeachfl.gov\\\/#website\"},\"primaryImageOfPage\":{\"@id\":\"https:\\\/\\\/www.miamibeachfl.gov\\\/egovapp\\\/city-hall\\\/communicationsdepartment\\\/#primaryimage\"},\"image\":{\"@id\":\"https:\\\/\\\/www.miamibeachfl.gov\\\/egovapp\\\/city-hall\\\/communicationsdepartment\\\/#primaryimage\"},\"thumbnailUrl\":\"https:\\\/\\\/www.miamibeachfl.gov\\\/wp-content\\\/uploads\\\/2023\\\/11\\\/twitterx.png\",\"datePublished\":\"2023-07-20T20:45:28+00:00\",\"dateModified\":\"2025-06-07T19:43:49+00:00\",\"description\":\"The Office of Marketing & Communications acts as a superhighway that connects the City of Miami Beach with residents, community groups, our many visitors and the media. The office takes the pulse of city stakeholders to fulfill our role as internal marketing agency and the communications engine for all city departments.\",\"breadcrumb\":{\"@id\":\"https:\\\/\\\/www.miamibeachfl.gov\\\/egovapp\\\/city-hall\\\/communicationsdepartment\\\/#breadcrumb\"},\"inLanguage\":\"pt-BR\",\"potentialAction\":[{\"@type\":\"ReadAction\",\"target\":[\"https:\\\/\\\/www.miamibeachfl.gov\\\/egovapp\\\/city-hall\\\/communicationsdepartment\\\/\"]}]},{\"@type\":\"ImageObject\",\"inLanguage\":\"pt-BR\",\"@id\":\"https:\\\/\\\/www.miamibeachfl.gov\\\/egovapp\\\/city-hall\\\/communicationsdepartment\\\/#primaryimage\",\"url\":\"https:\\\/\\\/www.miamibeachfl.gov\\\/wp-content\\\/uploads\\\/2023\\\/11\\\/twitterx.png\",\"contentUrl\":\"https:\\\/\\\/www.miamibeachfl.gov\\\/wp-content\\\/uploads\\\/2023\\\/11\\\/twitterx.png\"},{\"@type\":\"BreadcrumbList\",\"@id\":\"https:\\\/\\\/www.miamibeachfl.gov\\\/egovapp\\\/city-hall\\\/communicationsdepartment\\\/#breadcrumb\",\"itemListElement\":[{\"@type\":\"ListItem\",\"position\":1,\"name\":\"Home\",\"item\":\"https:\\\/\\\/www.miamibeachfl.gov\\\/\"},{\"@type\":\"ListItem\",\"position\":2,\"name\":\"MobileAppPages\",\"item\":\"https:\\\/\\\/www.miamibeachfl.gov\\\/egovapp\\\/\"},{\"@type\":\"ListItem\",\"position\":3,\"name\":\"City Hall Department Directory\",\"item\":\"https:\\\/\\\/www.miamibeachfl.gov\\\/egovapp\\\/city-hall\\\/\"},{\"@type\":\"ListItem\",\"position\":4,\"name\":\"Marketing &#038; Communications\"}]},{\"@type\":\"WebSite\",\"@id\":\"https:\\\/\\\/www.miamibeachfl.gov\\\/#website\",\"url\":\"https:\\\/\\\/www.miamibeachfl.gov\\\/\",\"name\":\"City of Miami Beach\",\"description\":\"The official website of the City of Miami Beach. Stay informed, find important information on city services, news, alerts, events, trolley routes, government employment and more.\",\"publisher\":{\"@id\":\"https:\\\/\\\/www.miamibeachfl.gov\\\/#organization\"},\"potentialAction\":[{\"@type\":\"SearchAction\",\"target\":{\"@type\":\"EntryPoint\",\"urlTemplate\":\"https:\\\/\\\/www.miamibeachfl.gov\\\/?s={search_term_string}\"},\"query-input\":{\"@type\":\"PropertyValueSpecification\",\"valueRequired\":true,\"valueName\":\"search_term_string\"}}],\"inLanguage\":\"pt-BR\"},{\"@type\":\"Organization\",\"@id\":\"https:\\\/\\\/www.miamibeachfl.gov\\\/#organization\",\"name\":\"City of Miami Beach\",\"url\":\"https:\\\/\\\/www.miamibeachfl.gov\\\/\",\"logo\":{\"@type\":\"ImageObject\",\"inLanguage\":\"pt-BR\",\"@id\":\"https:\\\/\\\/www.miamibeachfl.gov\\\/#\\\/schema\\\/logo\\\/image\\\/\",\"url\":\"https:\\\/\\\/www.miamibeachfl.gov\\\/wp-content\\\/uploads\\\/2022\\\/06\\\/miamibeach-logoblue.png\",\"contentUrl\":\"https:\\\/\\\/www.miamibeachfl.gov\\\/wp-content\\\/uploads\\\/2022\\\/06\\\/miamibeach-logoblue.png\",\"width\":1962,\"height\":381,\"caption\":\"City of Miami Beach\"},\"image\":{\"@id\":\"https:\\\/\\\/www.miamibeachfl.gov\\\/#\\\/schema\\\/logo\\\/image\\\/\"},\"sameAs\":[\"https:\\\/\\\/www.facebook.com\\\/cityofmiamibeach\",\"https:\\\/\\\/x.com\\\/Miamibeachnews\",\"https:\\\/\\\/www.instagram.com\\\/miamibeachnews\\\/\"],\"description\":\"The official website of the City of Miami Beach. Stay informed, find important information on city services, news, alerts, events, trolley routes, government employment and more.\",\"telephone\":\"305.604.CITY(2489)\",\"legalName\":\"City of Miami Beach\"}]}<\/script>\n<!-- \/ Yoast SEO Premium plugin. -->","yoast_head_json":{"title":"Marketing e Comunica\u00e7\u00f5es - Cidade de Miami Beach","description":"O Escrit\u00f3rio de Marketing e Comunica\u00e7\u00e3o atua como uma superestrada que conecta a cidade de Miami Beach com moradores, grupos comunit\u00e1rios, nossos muitos visitantes e a m\u00eddia. O escrit\u00f3rio acompanha as partes interessadas da cidade para cumprir nosso papel como ag\u00eancia de marketing interno e motor de comunica\u00e7\u00e3o para todos os departamentos da cidade.","robots":{"index":"index","follow":"follow","max-snippet":"max-snippet:-1","max-image-preview":"max-image-preview:large","max-video-preview":"max-video-preview:-1"},"canonical":"https:\/\/www.miamibeachfl.gov\/pt\/egovapp\/city-hall\/communicationsdepartment\/","og_locale":"pt_BR","og_type":"article","og_title":"Marketing & Communications","og_description":"The Office of Marketing & Communications acts as a superhighway that connects the City of Miami Beach with residents, community groups, our many visitors and the media. The office takes the pulse of city stakeholders to fulfill our role as internal marketing agency and the communications engine for all city departments.","og_url":"https:\/\/www.miamibeachfl.gov\/pt\/egovapp\/city-hall\/communicationsdepartment\/","og_site_name":"City of Miami Beach","article_publisher":"https:\/\/www.facebook.com\/cityofmiamibeach","article_modified_time":"2025-06-07T19:43:49+00:00","og_image":[{"url":"https:\/\/www.miamibeachfl.gov\/wp-content\/uploads\/2023\/11\/twitterx.png","type":"","width":"","height":""}],"twitter_card":"summary_large_image","twitter_site":"@Miamibeachnews","schema":{"@context":"https:\/\/schema.org","@graph":[{"@type":"WebPage","@id":"https:\/\/www.miamibeachfl.gov\/egovapp\/city-hall\/communicationsdepartment\/","url":"https:\/\/www.miamibeachfl.gov\/egovapp\/city-hall\/communicationsdepartment\/","name":"Marketing e Comunica\u00e7\u00f5es - Cidade de Miami Beach","isPartOf":{"@id":"https:\/\/www.miamibeachfl.gov\/#website"},"primaryImageOfPage":{"@id":"https:\/\/www.miamibeachfl.gov\/egovapp\/city-hall\/communicationsdepartment\/#primaryimage"},"image":{"@id":"https:\/\/www.miamibeachfl.gov\/egovapp\/city-hall\/communicationsdepartment\/#primaryimage"},"thumbnailUrl":"https:\/\/www.miamibeachfl.gov\/wp-content\/uploads\/2023\/11\/twitterx.png","datePublished":"2023-07-20T20:45:28+00:00","dateModified":"2025-06-07T19:43:49+00:00","description":"O Escrit\u00f3rio de Marketing e Comunica\u00e7\u00e3o atua como uma superestrada que conecta a cidade de Miami Beach com moradores, grupos comunit\u00e1rios, nossos muitos visitantes e a m\u00eddia. O escrit\u00f3rio acompanha as partes interessadas da cidade para cumprir nosso papel como ag\u00eancia de marketing interno e motor de comunica\u00e7\u00e3o para todos os departamentos da cidade.","breadcrumb":{"@id":"https:\/\/www.miamibeachfl.gov\/egovapp\/city-hall\/communicationsdepartment\/#breadcrumb"},"inLanguage":"pt-BR","potentialAction":[{"@type":"ReadAction","target":["https:\/\/www.miamibeachfl.gov\/egovapp\/city-hall\/communicationsdepartment\/"]}]},{"@type":"ImageObject","inLanguage":"pt-BR","@id":"https:\/\/www.miamibeachfl.gov\/egovapp\/city-hall\/communicationsdepartment\/#primaryimage","url":"https:\/\/www.miamibeachfl.gov\/wp-content\/uploads\/2023\/11\/twitterx.png","contentUrl":"https:\/\/www.miamibeachfl.gov\/wp-content\/uploads\/2023\/11\/twitterx.png"},{"@type":"BreadcrumbList","@id":"https:\/\/www.miamibeachfl.gov\/egovapp\/city-hall\/communicationsdepartment\/#breadcrumb","itemListElement":[{"@type":"ListItem","position":1,"name":"Home","item":"https:\/\/www.miamibeachfl.gov\/"},{"@type":"ListItem","position":2,"name":"MobileAppPages","item":"https:\/\/www.miamibeachfl.gov\/egovapp\/"},{"@type":"ListItem","position":3,"name":"City Hall Department Directory","item":"https:\/\/www.miamibeachfl.gov\/egovapp\/city-hall\/"},{"@type":"ListItem","position":4,"name":"Marketing &#038; Communications"}]},{"@type":"WebSite","@id":"https:\/\/www.miamibeachfl.gov\/#website","url":"https:\/\/www.miamibeachfl.gov\/","name":"Cidade de Miami Beach","description":"Site oficial da cidade de Miami Beach. Mantenha-se informado e encontre informa\u00e7\u00f5es importantes sobre servi\u00e7os municipais, not\u00edcias, alertas, eventos, rotas de bonde, empregos p\u00fablicos e muito mais.","publisher":{"@id":"https:\/\/www.miamibeachfl.gov\/#organization"},"potentialAction":[{"@type":"SearchAction","target":{"@type":"EntryPoint","urlTemplate":"https:\/\/www.miamibeachfl.gov\/?s={search_term_string}"},"query-input":{"@type":"PropertyValueSpecification","valueRequired":true,"valueName":"search_term_string"}}],"inLanguage":"pt-BR"},{"@type":"Organization","@id":"https:\/\/www.miamibeachfl.gov\/#organization","name":"Cidade de Miami Beach","url":"https:\/\/www.miamibeachfl.gov\/","logo":{"@type":"ImageObject","inLanguage":"pt-BR","@id":"https:\/\/www.miamibeachfl.gov\/#\/schema\/logo\/image\/","url":"https:\/\/www.miamibeachfl.gov\/wp-content\/uploads\/2022\/06\/miamibeach-logoblue.png","contentUrl":"https:\/\/www.miamibeachfl.gov\/wp-content\/uploads\/2022\/06\/miamibeach-logoblue.png","width":1962,"height":381,"caption":"City of Miami Beach"},"image":{"@id":"https:\/\/www.miamibeachfl.gov\/#\/schema\/logo\/image\/"},"sameAs":["https:\/\/www.facebook.com\/cityofmiamibeach","https:\/\/x.com\/Miamibeachnews","https:\/\/www.instagram.com\/miamibeachnews\/"],"description":"Site oficial da cidade de Miami Beach. Mantenha-se informado e encontre informa\u00e7\u00f5es importantes sobre servi\u00e7os municipais, not\u00edcias, alertas, eventos, rotas de bonde, empregos p\u00fablicos e muito mais.","telephone":"305.604.CITY(2489)","legalName":"City of Miami Beach"}]}},"_links":{"self":[{"href":"https:\/\/www.miamibeachfl.gov\/pt\/wp-json\/wp\/v2\/pages\/265657","targetHints":{"allow":["GET"]}}],"collection":[{"href":"https:\/\/www.miamibeachfl.gov\/pt\/wp-json\/wp\/v2\/pages"}],"about":[{"href":"https:\/\/www.miamibeachfl.gov\/pt\/wp-json\/wp\/v2\/types\/page"}],"author":[{"embeddable":true,"href":"https:\/\/www.miamibeachfl.gov\/pt\/wp-json\/wp\/v2\/users\/222"}],"replies":[{"embeddable":true,"href":"https:\/\/www.miamibeachfl.gov\/pt\/wp-json\/wp\/v2\/comments?post=265657"}],"version-history":[{"count":0,"href":"https:\/\/www.miamibeachfl.gov\/pt\/wp-json\/wp\/v2\/pages\/265657\/revisions"}],"up":[{"embeddable":true,"href":"https:\/\/www.miamibeachfl.gov\/pt\/wp-json\/wp\/v2\/pages\/265532"}],"wp:attachment":[{"href":"https:\/\/www.miamibeachfl.gov\/pt\/wp-json\/wp\/v2\/media?parent=265657"}],"wp:term":[{"taxonomy":"category","embeddable":true,"href":"https:\/\/www.miamibeachfl.gov\/pt\/wp-json\/wp\/v2\/categories?post=265657"},{"taxonomy":"post_tag","embeddable":true,"href":"https:\/\/www.miamibeachfl.gov\/pt\/wp-json\/wp\/v2\/tags?post=265657"}],"curies":[{"name":"wp","href":"https:\/\/api.w.org\/{rel}","templated":true}]}}