{"id":265681,"date":"2023-07-20T18:15:22","date_gmt":"2023-07-20T22:15:22","guid":{"rendered":"https:\/\/www.miamibeachfl.gov\/?page_id=265681"},"modified":"2025-06-07T15:57:28","modified_gmt":"2025-06-07T19:57:28","slug":"planningdepartment","status":"publish","type":"page","link":"https:\/\/www.miamibeachfl.gov\/pt\/egovapp\/city-hall\/planningdepartment\/","title":{"rendered":"Planejamento"},"content":{"rendered":"<a href=\"https:\/\/www.miamibeachfl.gov\/pt\/egovapp\/city-hall\/\" target=\"_self\">\n\t\t\t\t\t\tVoltar ao Diret\u00f3rio de Departamentos\n\t\t\t\t\t<\/a>\n<h1>\n\t\t\tPlanejamento\t<\/h1>\n\t<ul>\n\t\t<li><a href=\"tel:3056737550\" target=\"_self\"  aria-label=\"Acesse o telefone: 3056737550\">\t\t\t\t\n\t\t<h3>N\u00famero principal:<\/h3><p>305.673.7550<\/p><\/a><\/li><li>\t\t\t\t\n\t\t<h3>Hor\u00e1rio de atendimento:<\/h3><p>Segunda a sexta, das 9h \u00e0s 18h<\/p><\/li><li><a href=\"https:\/\/goo.gl\/maps\/MxQ9bumru7jUrGv96\" target=\"_blank\" rel=\"noopener\" aria-label=\"Acesse https:\/\/goo.gl\/maps\/MxQ9bumru7jUrGv96\">\t\t\t\t\n\t\t<h3>Escrit\u00f3rio principal:<\/h3><p>1700 Convention Center Drive<br \/>2\u00ba andar<br \/>Miami Beach, FL 33139<\/p><\/a><\/li>\t<\/ul>\n\t<p><a href=\"http:\/\/www.miamibeachfl.gov\/wp-content\/uploads\/2018\/05\/Land-Use-Board-Hearing-Application.pdf\">Solicita\u00e7\u00e3o de audi\u00eancia do Conselho de Uso do Solo<\/a><\/p>\n<p><a href=\"http:\/\/www.miamibeachfl.gov\/wp-content\/uploads\/2021\/10\/Pre-Approved-Paint-List-Updated.pdf\">Cores de tinta pr\u00e9-aprovadas<\/a><\/p>\n<p><a href=\"https:\/\/www.miamibeachfl.gov\/wp-content\/uploads\/2022\/12\/Zoning-Verification-Letter-Request.pdf\">Solicita\u00e7\u00e3o de Carta de Verifica\u00e7\u00e3o de Zoneamento<\/a><\/p>\n<p><a href=\"https:\/\/www.miamibeachfl.gov\/wp-content\/uploads\/2022\/12\/Expedited-Plan-Review-Request-10-1-22-FY23.pdf\">Solicita\u00e7\u00e3o de revis\u00e3o de plano acelerada<\/a><\/p>\n<p><a href=\"https:\/\/www.miamibeachfl.gov\/wp-content\/uploads\/2022\/12\/PZ-Permit-Application-10-1-22-FY23.pdf\">Pedido de Permiss\u00e3o PZ<\/a><\/p>\n<h2>\n\t\t\tFundo:\t<\/h2>\n\t<p>O Departamento fornece orienta\u00e7\u00e3o em design e aplica padr\u00f5es e pol\u00edticas regulat\u00f3rias com a inten\u00e7\u00e3o de garantir princ\u00edpios progressivos de design urbano, preservando ao mesmo tempo os ricos recursos arquitet\u00f4nicos e hist\u00f3ricos da cidade.<\/p>\n<p>O Departamento de Planejamento \u00e9 respons\u00e1vel por fornecer an\u00e1lises e recomenda\u00e7\u00f5es profissionais ao Administrador Municipal e \u00e0 Comiss\u00e3o Municipal sobre todas as quest\u00f5es de desenvolvimento territorial. Atuamos como equipe do Conselho de Planejamento, do Conselho de Ajustes, do Conselho de Revis\u00e3o de Projetos e do Conselho de Preserva\u00e7\u00e3o Hist\u00f3rica da Cidade. O Departamento processa as solicita\u00e7\u00f5es, analisa e prepara recomenda\u00e7\u00f5es, sendo tamb\u00e9m respons\u00e1vel pela implementa\u00e7\u00e3o e atualiza\u00e7\u00e3o do plano abrangente, conforme exigido pelos Estatutos Estaduais. O Departamento analisa as licen\u00e7as de constru\u00e7\u00e3o para verificar a conformidade com os regulamentos de desenvolvimento territorial, as ordens do conselho e a consist\u00eancia com as diretrizes de revis\u00e3o arquitet\u00f4nica, bem como com os crit\u00e9rios de preserva\u00e7\u00e3o.<\/p>\n<p>Al\u00e9m disso, o Departamento realiza estudos sobre t\u00f3picos especializados, como resili\u00eancia e sustentabilidade, gest\u00e3o do crescimento, sinaliza\u00e7\u00e3o, tombamento hist\u00f3rico e design urbano e paisag\u00edstico, e elabora planos diretores e conceituais para bairros e distritos de conserva\u00e7\u00e3o. Esses esfor\u00e7os geralmente envolvem ampla participa\u00e7\u00e3o p\u00fablica e colabora\u00e7\u00e3o com outros departamentos da Cidade e ag\u00eancias governamentais para facilitar a implementa\u00e7\u00e3o dos planos ap\u00f3s a aprova\u00e7\u00e3o pela Comiss\u00e3o Municipal.<\/p>","protected":false},"excerpt":{"rendered":"<p>Back to Department Directory Planning Main Number: 305.673.7550 Office Hours: Monday &#8211; Friday 9AM &#8211; 6PM Main Office: 1700 Convention [&hellip;]<\/p>\n","protected":false},"author":222,"featured_media":0,"parent":265532,"menu_order":0,"comment_status":"closed","ping_status":"closed","template":"","meta":{"_searchwp_excluded":"1","site-sidebar-layout":"default","site-content-layout":"","ast-site-content-layout":"","site-content-style":"default","site-sidebar-style":"default","ast-global-header-display":"disabled","ast-banner-title-visibility":"","ast-main-header-display":"","ast-hfb-above-header-display":"","ast-hfb-below-header-display":"","ast-hfb-mobile-header-display":"","site-post-title":"","ast-breadcrumbs-content":"","ast-featured-img":"","footer-sml-layout":"disabled","ast-disable-related-posts":"","theme-transparent-header-meta":"","adv-header-id-meta":"","stick-header-meta":"","header-above-stick-meta":"","header-main-stick-meta":"","header-below-stick-meta":"","astra-migrate-meta-layouts":"default","ast-page-background-enabled":"default","ast-page-background-meta":{"desktop":{"background-color":"var(--ast-global-color-5)","background-image":"","background-repeat":"repeat","background-position":"center center","background-size":"auto","background-attachment":"scroll","background-type":"","background-media":"","overlay-type":"","overlay-color":"","overlay-opacity":"","overlay-gradient":""},"tablet":{"background-color":"","background-image":"","background-repeat":"repeat","background-position":"center center","background-size":"auto","background-attachment":"scroll","background-type":"","background-media":"","overlay-type":"","overlay-color":"","overlay-opacity":"","overlay-gradient":""},"mobile":{"background-color":"","background-image":"","background-repeat":"repeat","background-position":"center center","background-size":"auto","background-attachment":"scroll","background-type":"","background-media":"","overlay-type":"","overlay-color":"","overlay-opacity":"","overlay-gradient":""}},"ast-content-background-meta":{"desktop":{"background-color":"var(--ast-global-color-4)","background-image":"","background-repeat":"repeat","background-position":"center center","background-size":"auto","background-attachment":"scroll","background-type":"","background-media":"","overlay-type":"","overlay-color":"","overlay-opacity":"","overlay-gradient":""},"tablet":{"background-color":"var(--ast-global-color-4)","background-image":"","background-repeat":"repeat","background-position":"center center","background-size":"auto","background-attachment":"scroll","background-type":"","background-media":"","overlay-type":"","overlay-color":"","overlay-opacity":"","overlay-gradient":""},"mobile":{"background-color":"var(--ast-global-color-4)","background-image":"","background-repeat":"repeat","background-position":"center center","background-size":"auto","background-attachment":"scroll","background-type":"","background-media":"","overlay-type":"","overlay-color":"","overlay-opacity":"","overlay-gradient":""}},"footnotes":""},"categories":[],"tags":[1002,1000,1203],"class_list":["post-265681","page","type-page","status-publish","hentry","tag-app-egov-page","tag-cityhall-egovapp","tag-exclude-from-permit-page"],"yoast_head":"<!-- This site is optimized with the Yoast SEO Premium plugin v27.4 (Yoast SEO v27.4) - https:\/\/yoast.com\/product\/yoast-seo-premium-wordpress\/ -->\n<title>Planning - City of Miami Beach<\/title>\n<meta name=\"description\" content=\"The City of Miami Beach Parks and Recreation Department prides itself on providing a fun and safe place for those who live and play in our beautiful, vibrant community.The Planning Department is dedicated to developing, re\ufb01ning, and implementing a comprehensive urban planning vision for Miami Beach\" \/>\n<meta name=\"robots\" content=\"index, follow, max-snippet:-1, max-image-preview:large, max-video-preview:-1\" \/>\n<link rel=\"canonical\" href=\"https:\/\/www.miamibeachfl.gov\/pt\/egovapp\/city-hall\/planningdepartment\/\" \/>\n<meta property=\"og:locale\" content=\"pt_BR\" \/>\n<meta property=\"og:type\" content=\"article\" \/>\n<meta property=\"og:title\" content=\"Planning\" \/>\n<meta property=\"og:description\" content=\"The City of Miami Beach Parks and Recreation Department prides itself on providing a fun and safe place for those who live and play in our beautiful, vibrant community.The Planning Department is dedicated to developing, re\ufb01ning, and implementing a comprehensive urban planning vision for Miami Beach\" \/>\n<meta property=\"og:url\" content=\"https:\/\/www.miamibeachfl.gov\/pt\/egovapp\/city-hall\/planningdepartment\/\" \/>\n<meta property=\"og:site_name\" content=\"City of Miami Beach\" \/>\n<meta property=\"article:publisher\" content=\"https:\/\/www.facebook.com\/cityofmiamibeach\" \/>\n<meta property=\"article:modified_time\" content=\"2025-06-07T19:57:28+00:00\" \/>\n<meta property=\"og:image\" content=\"https:\/\/www.miamibeachfl.gov\/wp-content\/uploads\/2024\/01\/1000pxSquare-miamibeach-aerial-southpointview.jpeg\" \/>\n\t<meta property=\"og:image:width\" content=\"1000\" \/>\n\t<meta property=\"og:image:height\" content=\"1000\" \/>\n\t<meta property=\"og:image:type\" content=\"image\/jpeg\" \/>\n<meta name=\"twitter:card\" content=\"summary_large_image\" \/>\n<meta name=\"twitter:site\" content=\"@Miamibeachnews\" \/>\n<script type=\"application\/ld+json\" class=\"yoast-schema-graph\">{\"@context\":\"https:\\\/\\\/schema.org\",\"@graph\":[{\"@type\":\"WebPage\",\"@id\":\"https:\\\/\\\/www.miamibeachfl.gov\\\/egovapp\\\/city-hall\\\/planningdepartment\\\/\",\"url\":\"https:\\\/\\\/www.miamibeachfl.gov\\\/egovapp\\\/city-hall\\\/planningdepartment\\\/\",\"name\":\"Planning - City of Miami Beach\",\"isPartOf\":{\"@id\":\"https:\\\/\\\/www.miamibeachfl.gov\\\/#website\"},\"datePublished\":\"2023-07-20T22:15:22+00:00\",\"dateModified\":\"2025-06-07T19:57:28+00:00\",\"description\":\"The City of Miami Beach Parks and Recreation Department prides itself on providing a fun and safe place for those who live and play in our beautiful, vibrant community.The Planning Department is dedicated to developing, re\ufb01ning, and implementing a comprehensive urban planning vision for Miami Beach\",\"breadcrumb\":{\"@id\":\"https:\\\/\\\/www.miamibeachfl.gov\\\/egovapp\\\/city-hall\\\/planningdepartment\\\/#breadcrumb\"},\"inLanguage\":\"pt-BR\",\"potentialAction\":[{\"@type\":\"ReadAction\",\"target\":[\"https:\\\/\\\/www.miamibeachfl.gov\\\/egovapp\\\/city-hall\\\/planningdepartment\\\/\"]}]},{\"@type\":\"BreadcrumbList\",\"@id\":\"https:\\\/\\\/www.miamibeachfl.gov\\\/egovapp\\\/city-hall\\\/planningdepartment\\\/#breadcrumb\",\"itemListElement\":[{\"@type\":\"ListItem\",\"position\":1,\"name\":\"Home\",\"item\":\"https:\\\/\\\/www.miamibeachfl.gov\\\/\"},{\"@type\":\"ListItem\",\"position\":2,\"name\":\"MobileAppPages\",\"item\":\"https:\\\/\\\/www.miamibeachfl.gov\\\/egovapp\\\/\"},{\"@type\":\"ListItem\",\"position\":3,\"name\":\"City Hall Department Directory\",\"item\":\"https:\\\/\\\/www.miamibeachfl.gov\\\/egovapp\\\/city-hall\\\/\"},{\"@type\":\"ListItem\",\"position\":4,\"name\":\"Planning\"}]},{\"@type\":\"WebSite\",\"@id\":\"https:\\\/\\\/www.miamibeachfl.gov\\\/#website\",\"url\":\"https:\\\/\\\/www.miamibeachfl.gov\\\/\",\"name\":\"City of Miami Beach\",\"description\":\"The official website of the City of Miami Beach. Stay informed, find important information on city services, news, alerts, events, trolley routes, government employment and more.\",\"publisher\":{\"@id\":\"https:\\\/\\\/www.miamibeachfl.gov\\\/#organization\"},\"potentialAction\":[{\"@type\":\"SearchAction\",\"target\":{\"@type\":\"EntryPoint\",\"urlTemplate\":\"https:\\\/\\\/www.miamibeachfl.gov\\\/?s={search_term_string}\"},\"query-input\":{\"@type\":\"PropertyValueSpecification\",\"valueRequired\":true,\"valueName\":\"search_term_string\"}}],\"inLanguage\":\"pt-BR\"},{\"@type\":\"Organization\",\"@id\":\"https:\\\/\\\/www.miamibeachfl.gov\\\/#organization\",\"name\":\"City of Miami Beach\",\"url\":\"https:\\\/\\\/www.miamibeachfl.gov\\\/\",\"logo\":{\"@type\":\"ImageObject\",\"inLanguage\":\"pt-BR\",\"@id\":\"https:\\\/\\\/www.miamibeachfl.gov\\\/#\\\/schema\\\/logo\\\/image\\\/\",\"url\":\"https:\\\/\\\/www.miamibeachfl.gov\\\/wp-content\\\/uploads\\\/2022\\\/06\\\/miamibeach-logoblue.png\",\"contentUrl\":\"https:\\\/\\\/www.miamibeachfl.gov\\\/wp-content\\\/uploads\\\/2022\\\/06\\\/miamibeach-logoblue.png\",\"width\":1962,\"height\":381,\"caption\":\"City of Miami Beach\"},\"image\":{\"@id\":\"https:\\\/\\\/www.miamibeachfl.gov\\\/#\\\/schema\\\/logo\\\/image\\\/\"},\"sameAs\":[\"https:\\\/\\\/www.facebook.com\\\/cityofmiamibeach\",\"https:\\\/\\\/x.com\\\/Miamibeachnews\",\"https:\\\/\\\/www.instagram.com\\\/miamibeachnews\\\/\"],\"description\":\"The official website of the City of Miami Beach. Stay informed, find important information on city services, news, alerts, events, trolley routes, government employment and more.\",\"telephone\":\"305.604.CITY(2489)\",\"legalName\":\"City of Miami Beach\"}]}<\/script>\n<!-- \/ Yoast SEO Premium plugin. -->","yoast_head_json":{"title":"Planejamento - Cidade de Miami Beach","description":"O Departamento de Parques e Recrea\u00e7\u00e3o da Cidade de Miami Beach se orgulha de oferecer um lugar divertido e seguro para aqueles que vivem e se divertem em nossa bela e vibrante comunidade. O Departamento de Planejamento se dedica a desenvolver, refinar e implementar uma vis\u00e3o abrangente de planejamento urbano para Miami Beach.","robots":{"index":"index","follow":"follow","max-snippet":"max-snippet:-1","max-image-preview":"max-image-preview:large","max-video-preview":"max-video-preview:-1"},"canonical":"https:\/\/www.miamibeachfl.gov\/pt\/egovapp\/city-hall\/planningdepartment\/","og_locale":"pt_BR","og_type":"article","og_title":"Planning","og_description":"The City of Miami Beach Parks and Recreation Department prides itself on providing a fun and safe place for those who live and play in our beautiful, vibrant community.The Planning Department is dedicated to developing, re\ufb01ning, and implementing a comprehensive urban planning vision for Miami Beach","og_url":"https:\/\/www.miamibeachfl.gov\/pt\/egovapp\/city-hall\/planningdepartment\/","og_site_name":"City of Miami Beach","article_publisher":"https:\/\/www.facebook.com\/cityofmiamibeach","article_modified_time":"2025-06-07T19:57:28+00:00","og_image":[{"width":1000,"height":1000,"url":"https:\/\/www.miamibeachfl.gov\/wp-content\/uploads\/2024\/01\/1000pxSquare-miamibeach-aerial-southpointview.jpeg","type":"image\/jpeg"}],"twitter_card":"summary_large_image","twitter_site":"@Miamibeachnews","schema":{"@context":"https:\/\/schema.org","@graph":[{"@type":"WebPage","@id":"https:\/\/www.miamibeachfl.gov\/egovapp\/city-hall\/planningdepartment\/","url":"https:\/\/www.miamibeachfl.gov\/egovapp\/city-hall\/planningdepartment\/","name":"Planejamento - Cidade de Miami Beach","isPartOf":{"@id":"https:\/\/www.miamibeachfl.gov\/#website"},"datePublished":"2023-07-20T22:15:22+00:00","dateModified":"2025-06-07T19:57:28+00:00","description":"O Departamento de Parques e Recrea\u00e7\u00e3o da Cidade de Miami Beach se orgulha de oferecer um lugar divertido e seguro para aqueles que vivem e se divertem em nossa bela e vibrante comunidade. O Departamento de Planejamento se dedica a desenvolver, refinar e implementar uma vis\u00e3o abrangente de planejamento urbano para Miami Beach.","breadcrumb":{"@id":"https:\/\/www.miamibeachfl.gov\/egovapp\/city-hall\/planningdepartment\/#breadcrumb"},"inLanguage":"pt-BR","potentialAction":[{"@type":"ReadAction","target":["https:\/\/www.miamibeachfl.gov\/egovapp\/city-hall\/planningdepartment\/"]}]},{"@type":"BreadcrumbList","@id":"https:\/\/www.miamibeachfl.gov\/egovapp\/city-hall\/planningdepartment\/#breadcrumb","itemListElement":[{"@type":"ListItem","position":1,"name":"Home","item":"https:\/\/www.miamibeachfl.gov\/"},{"@type":"ListItem","position":2,"name":"MobileAppPages","item":"https:\/\/www.miamibeachfl.gov\/egovapp\/"},{"@type":"ListItem","position":3,"name":"City Hall Department Directory","item":"https:\/\/www.miamibeachfl.gov\/egovapp\/city-hall\/"},{"@type":"ListItem","position":4,"name":"Planning"}]},{"@type":"WebSite","@id":"https:\/\/www.miamibeachfl.gov\/#website","url":"https:\/\/www.miamibeachfl.gov\/","name":"Cidade de Miami Beach","description":"Site oficial da cidade de Miami Beach. Mantenha-se informado e encontre informa\u00e7\u00f5es importantes sobre servi\u00e7os municipais, not\u00edcias, alertas, eventos, rotas de bonde, empregos p\u00fablicos e muito mais.","publisher":{"@id":"https:\/\/www.miamibeachfl.gov\/#organization"},"potentialAction":[{"@type":"SearchAction","target":{"@type":"EntryPoint","urlTemplate":"https:\/\/www.miamibeachfl.gov\/?s={search_term_string}"},"query-input":{"@type":"PropertyValueSpecification","valueRequired":true,"valueName":"search_term_string"}}],"inLanguage":"pt-BR"},{"@type":"Organization","@id":"https:\/\/www.miamibeachfl.gov\/#organization","name":"Cidade de Miami Beach","url":"https:\/\/www.miamibeachfl.gov\/","logo":{"@type":"ImageObject","inLanguage":"pt-BR","@id":"https:\/\/www.miamibeachfl.gov\/#\/schema\/logo\/image\/","url":"https:\/\/www.miamibeachfl.gov\/wp-content\/uploads\/2022\/06\/miamibeach-logoblue.png","contentUrl":"https:\/\/www.miamibeachfl.gov\/wp-content\/uploads\/2022\/06\/miamibeach-logoblue.png","width":1962,"height":381,"caption":"City of Miami Beach"},"image":{"@id":"https:\/\/www.miamibeachfl.gov\/#\/schema\/logo\/image\/"},"sameAs":["https:\/\/www.facebook.com\/cityofmiamibeach","https:\/\/x.com\/Miamibeachnews","https:\/\/www.instagram.com\/miamibeachnews\/"],"description":"Site oficial da cidade de Miami Beach. Mantenha-se informado e encontre informa\u00e7\u00f5es importantes sobre servi\u00e7os municipais, not\u00edcias, alertas, eventos, rotas de bonde, empregos p\u00fablicos e muito mais.","telephone":"305.604.CITY(2489)","legalName":"City of Miami Beach"}]}},"_links":{"self":[{"href":"https:\/\/www.miamibeachfl.gov\/pt\/wp-json\/wp\/v2\/pages\/265681","targetHints":{"allow":["GET"]}}],"collection":[{"href":"https:\/\/www.miamibeachfl.gov\/pt\/wp-json\/wp\/v2\/pages"}],"about":[{"href":"https:\/\/www.miamibeachfl.gov\/pt\/wp-json\/wp\/v2\/types\/page"}],"author":[{"embeddable":true,"href":"https:\/\/www.miamibeachfl.gov\/pt\/wp-json\/wp\/v2\/users\/222"}],"replies":[{"embeddable":true,"href":"https:\/\/www.miamibeachfl.gov\/pt\/wp-json\/wp\/v2\/comments?post=265681"}],"version-history":[{"count":1,"href":"https:\/\/www.miamibeachfl.gov\/pt\/wp-json\/wp\/v2\/pages\/265681\/revisions"}],"predecessor-version":[{"id":375835,"href":"https:\/\/www.miamibeachfl.gov\/pt\/wp-json\/wp\/v2\/pages\/265681\/revisions\/375835"}],"up":[{"embeddable":true,"href":"https:\/\/www.miamibeachfl.gov\/pt\/wp-json\/wp\/v2\/pages\/265532"}],"wp:attachment":[{"href":"https:\/\/www.miamibeachfl.gov\/pt\/wp-json\/wp\/v2\/media?parent=265681"}],"wp:term":[{"taxonomy":"category","embeddable":true,"href":"https:\/\/www.miamibeachfl.gov\/pt\/wp-json\/wp\/v2\/categories?post=265681"},{"taxonomy":"post_tag","embeddable":true,"href":"https:\/\/www.miamibeachfl.gov\/pt\/wp-json\/wp\/v2\/tags?post=265681"}],"curies":[{"name":"wp","href":"https:\/\/api.w.org\/{rel}","templated":true}]}}