{"id":265693,"date":"2023-07-20T18:38:50","date_gmt":"2023-07-20T22:38:50","guid":{"rendered":"https:\/\/www.miamibeachfl.gov\/?page_id=265693"},"modified":"2025-06-07T16:17:24","modified_gmt":"2025-06-07T20:17:24","slug":"transportationdepartment","status":"publish","type":"page","link":"https:\/\/www.miamibeachfl.gov\/pt\/egovapp\/city-hall\/transportationdepartment\/","title":{"rendered":"Departamento de Transportes"},"content":{"rendered":"<a href=\"https:\/\/www.miamibeachfl.gov\/pt\/egovapp\/city-hall\/\" target=\"_self\">\n\t\t\t\t\t\tVoltar ao Diret\u00f3rio de Departamentos\n\t\t\t\t\t<\/a>\n<h1>\n\t\t\tTransporte\t<\/h1>\n\t<ul>\n\t\t<li><a href=\"tel:3056737080\" target=\"_self\"  aria-label=\"Acesse o telefone: 3056737080\">\t\t\t\t\n\t\t<h3>305.673.7080<\/h3><\/a><\/li><li>\t\t\t\t\n\t\t<h3>Hor\u00e1rio de atendimento:<\/h3><p>Segunda a sexta: 9h \u00e0s 17h<\/p><\/li><li><a href=\"https:\/\/goo.gl\/maps\/nwvjqoMjJxTWX3mq6\" target=\"_blank\" rel=\"noopener\" aria-label=\"Acesse https:\/\/goo.gl\/maps\/nwvjqoMjJxTWX3mq6\">\t\t\t\t\n\t\t<h3>Escrit\u00f3rio principal:<\/h3><p>1700 Convention Center Drive<br \/>3\u00ba andar<br \/>Miami Beach, FL 33139<\/p><\/a><\/li>\t<\/ul>\n<h2>\n\t\t\tFundo:\t<\/h2>\n\t<p>O Departamento de Transporte e Mobilidade foi criado pelo Prefeito e pela Comiss\u00e3o Municipal em abril de 2014. Antes dessa data, as fun\u00e7\u00f5es de transporte eram desempenhadas como parte da Divis\u00e3o de Transportes do Departamento de Obras P\u00fablicas. Desde a sua cria\u00e7\u00e3o, o Departamento tem se concentrado principalmente no planejamento de transportes, engenharia\/opera\u00e7\u00f5es de tr\u00e1fego e planejamento e opera\u00e7\u00e3o de sistemas de bondes. O cumprimento da nossa miss\u00e3o depende da colabora\u00e7\u00e3o eficaz com os \u00f3rg\u00e3os estaduais e municipais que t\u00eam autoridade jurisdicional sobre as principais rodovias, controle\/sinaliza\u00e7\u00e3o de tr\u00e1fego e servi\u00e7os de transporte p\u00fablico no Condado de Miami-Dade, mesmo dentro dos munic\u00edpios incorporados.<\/p>\n<p>O Departamento est\u00e1 focado na implementa\u00e7\u00e3o do Plano Diretor de Transporte e do Plano Diretor de Bicicletas e Pedestres adotados pela Resolu\u00e7\u00e3o da Comiss\u00e3o Municipal em 14 de abril de 2016. Esses planos refletem a estrat\u00e9gia de prioriza\u00e7\u00e3o modal adotada pela Cidade:<\/p>\n<p>(1) pedestres; (2) transporte p\u00fablico, bicicletas e cargas; e (3) autom\u00f3veis particulares. A Comiss\u00e3o Municipal adotou a nova prioridade modal por meio de Resolu\u00e7\u00e3o em julho de 2015.<\/p>\n<p>Al\u00e9m disso, o Departamento supervisiona a opera\u00e7\u00e3o do sistema de bondes de Miami Beach, que consiste em quatro rotas: North Beach Trolley, Collins Express, Middle Beach Trolley e South Beach Trolley. O servi\u00e7o de bondes da cidade \u00e9 operado como um servi\u00e7o turnkey por uma empresa privada profissional, gerenciada pelo Departamento. O servi\u00e7o gratuito de bondes, antes da pandemia, transportava mais de 14.000 passageiros diariamente. O servi\u00e7o de bondes \u00e9 complementado por um servi\u00e7o gratuito de transporte p\u00fablico sob demanda, ecologicamente correto.<\/p>\n<p>A gest\u00e3o do tr\u00e2nsito \u00e9 outro foco do Departamento. A equipe interna de opera\u00e7\u00f5es de tr\u00e2nsito monitora o tr\u00e2nsito na cidade, faz ajustes em tempo real no tempo dos sem\u00e1foros, conforme necess\u00e1rio, e coordena com a Pol\u00edcia e o Corpo de Bombeiros (incluindo a Gest\u00e3o de Emerg\u00eancias) a gest\u00e3o de incidentes, e com o Marketing e a Comunica\u00e7\u00e3o para disseminar informa\u00e7\u00f5es de tr\u00e2nsito em tempo real para a comunidade e o p\u00fablico em geral. Novas tecnologias ser\u00e3o implementadas em fases a partir do ano fiscal de 2022, por meio do Projeto Sistema Inteligente de Transporte e Sistema Inteligente de Estacionamento, para gerenciar de forma mais eficiente o congestionamento nas principais vias e a demanda por estacionamento na cidade.<\/p>","protected":false},"excerpt":{"rendered":"<p>Back to Department Directory Transportation 305.673.7080 Office Hours: Monday &#8211; Friday: 9AM &#8211; 5PM Main Office: 1700 Convention Center Drive3rd [&hellip;]<\/p>\n","protected":false},"author":222,"featured_media":0,"parent":265532,"menu_order":0,"comment_status":"closed","ping_status":"closed","template":"","meta":{"_searchwp_excluded":"1","site-sidebar-layout":"default","site-content-layout":"","ast-site-content-layout":"","site-content-style":"default","site-sidebar-style":"default","ast-global-header-display":"disabled","ast-banner-title-visibility":"","ast-main-header-display":"","ast-hfb-above-header-display":"","ast-hfb-below-header-display":"","ast-hfb-mobile-header-display":"","site-post-title":"","ast-breadcrumbs-content":"","ast-featured-img":"","footer-sml-layout":"disabled","ast-disable-related-posts":"","theme-transparent-header-meta":"","adv-header-id-meta":"","stick-header-meta":"","header-above-stick-meta":"","header-main-stick-meta":"","header-below-stick-meta":"","astra-migrate-meta-layouts":"default","ast-page-background-enabled":"default","ast-page-background-meta":{"desktop":{"background-color":"var(--ast-global-color-5)","background-image":"","background-repeat":"repeat","background-position":"center center","background-size":"auto","background-attachment":"scroll","background-type":"","background-media":"","overlay-type":"","overlay-color":"","overlay-opacity":"","overlay-gradient":""},"tablet":{"background-color":"","background-image":"","background-repeat":"repeat","background-position":"center center","background-size":"auto","background-attachment":"scroll","background-type":"","background-media":"","overlay-type":"","overlay-color":"","overlay-opacity":"","overlay-gradient":""},"mobile":{"background-color":"","background-image":"","background-repeat":"repeat","background-position":"center center","background-size":"auto","background-attachment":"scroll","background-type":"","background-media":"","overlay-type":"","overlay-color":"","overlay-opacity":"","overlay-gradient":""}},"ast-content-background-meta":{"desktop":{"background-color":"var(--ast-global-color-4)","background-image":"","background-repeat":"repeat","background-position":"center center","background-size":"auto","background-attachment":"scroll","background-type":"","background-media":"","overlay-type":"","overlay-color":"","overlay-opacity":"","overlay-gradient":""},"tablet":{"background-color":"var(--ast-global-color-4)","background-image":"","background-repeat":"repeat","background-position":"center center","background-size":"auto","background-attachment":"scroll","background-type":"","background-media":"","overlay-type":"","overlay-color":"","overlay-opacity":"","overlay-gradient":""},"mobile":{"background-color":"var(--ast-global-color-4)","background-image":"","background-repeat":"repeat","background-position":"center center","background-size":"auto","background-attachment":"scroll","background-type":"","background-media":"","overlay-type":"","overlay-color":"","overlay-opacity":"","overlay-gradient":""}},"footnotes":""},"categories":[],"tags":[1002,1000],"class_list":["post-265693","page","type-page","status-publish","hentry","tag-app-egov-page","tag-cityhall-egovapp"],"yoast_head":"<!-- This site is optimized with the Yoast SEO Premium plugin v27.4 (Yoast SEO v27.4) - https:\/\/yoast.com\/product\/yoast-seo-premium-wordpress\/ -->\n<title>Transportation Department - City of Miami Beach<\/title>\n<meta name=\"description\" content=\"The Transportation Department&#039;s role is to ensure the safe, secure, and efficient movement of people and goods in a transportation system that provides mobility, livability, and accessibility, and promotes alternative modes of travel, while ensuring environmental and economic sustainability, and improving the quality of life for all who live, work, and play in our vibrant, tropical, historical community.\" \/>\n<meta name=\"robots\" content=\"index, follow, max-snippet:-1, max-image-preview:large, max-video-preview:-1\" \/>\n<link rel=\"canonical\" href=\"https:\/\/www.miamibeachfl.gov\/pt\/egovapp\/city-hall\/transportationdepartment\/\" \/>\n<meta property=\"og:locale\" content=\"pt_BR\" \/>\n<meta property=\"og:type\" content=\"article\" \/>\n<meta property=\"og:title\" content=\"Transportation Department\" \/>\n<meta property=\"og:description\" content=\"The Transportation Department&#039;s role is to ensure the safe, secure, and efficient movement of people and goods in a transportation system that provides mobility, livability, and accessibility, and promotes alternative modes of travel, while ensuring environmental and economic sustainability, and improving the quality of life for all who live, work, and play in our vibrant, tropical, historical community.\" \/>\n<meta property=\"og:url\" content=\"https:\/\/www.miamibeachfl.gov\/pt\/egovapp\/city-hall\/transportationdepartment\/\" \/>\n<meta property=\"og:site_name\" content=\"City of Miami Beach\" \/>\n<meta property=\"article:publisher\" content=\"https:\/\/www.facebook.com\/cityofmiamibeach\" \/>\n<meta property=\"article:modified_time\" content=\"2025-06-07T20:17:24+00:00\" \/>\n<meta property=\"og:image\" content=\"https:\/\/www.miamibeachfl.gov\/wp-content\/uploads\/2024\/01\/1000pxSquare-miamibeach-aerial-southpointview.jpeg\" \/>\n\t<meta property=\"og:image:width\" content=\"1000\" \/>\n\t<meta property=\"og:image:height\" content=\"1000\" \/>\n\t<meta property=\"og:image:type\" content=\"image\/jpeg\" \/>\n<meta name=\"twitter:card\" content=\"summary_large_image\" \/>\n<meta name=\"twitter:site\" content=\"@Miamibeachnews\" \/>\n<script type=\"application\/ld+json\" class=\"yoast-schema-graph\">{\"@context\":\"https:\\\/\\\/schema.org\",\"@graph\":[{\"@type\":\"WebPage\",\"@id\":\"https:\\\/\\\/www.miamibeachfl.gov\\\/egovapp\\\/city-hall\\\/transportationdepartment\\\/\",\"url\":\"https:\\\/\\\/www.miamibeachfl.gov\\\/egovapp\\\/city-hall\\\/transportationdepartment\\\/\",\"name\":\"Transportation Department - City of Miami Beach\",\"isPartOf\":{\"@id\":\"https:\\\/\\\/www.miamibeachfl.gov\\\/#website\"},\"datePublished\":\"2023-07-20T22:38:50+00:00\",\"dateModified\":\"2025-06-07T20:17:24+00:00\",\"description\":\"The Transportation Department's role is to ensure the safe, secure, and efficient movement of people and goods in a transportation system that provides mobility, livability, and accessibility, and promotes alternative modes of travel, while ensuring environmental and economic sustainability, and improving the quality of life for all who live, work, and play in our vibrant, tropical, historical community.\",\"breadcrumb\":{\"@id\":\"https:\\\/\\\/www.miamibeachfl.gov\\\/egovapp\\\/city-hall\\\/transportationdepartment\\\/#breadcrumb\"},\"inLanguage\":\"pt-BR\",\"potentialAction\":[{\"@type\":\"ReadAction\",\"target\":[\"https:\\\/\\\/www.miamibeachfl.gov\\\/egovapp\\\/city-hall\\\/transportationdepartment\\\/\"]}]},{\"@type\":\"BreadcrumbList\",\"@id\":\"https:\\\/\\\/www.miamibeachfl.gov\\\/egovapp\\\/city-hall\\\/transportationdepartment\\\/#breadcrumb\",\"itemListElement\":[{\"@type\":\"ListItem\",\"position\":1,\"name\":\"Home\",\"item\":\"https:\\\/\\\/www.miamibeachfl.gov\\\/\"},{\"@type\":\"ListItem\",\"position\":2,\"name\":\"MobileAppPages\",\"item\":\"https:\\\/\\\/www.miamibeachfl.gov\\\/egovapp\\\/\"},{\"@type\":\"ListItem\",\"position\":3,\"name\":\"City Hall Department Directory\",\"item\":\"https:\\\/\\\/www.miamibeachfl.gov\\\/egovapp\\\/city-hall\\\/\"},{\"@type\":\"ListItem\",\"position\":4,\"name\":\"Transportation Department\"}]},{\"@type\":\"WebSite\",\"@id\":\"https:\\\/\\\/www.miamibeachfl.gov\\\/#website\",\"url\":\"https:\\\/\\\/www.miamibeachfl.gov\\\/\",\"name\":\"City of Miami Beach\",\"description\":\"The official website of the City of Miami Beach. Stay informed, find important information on city services, news, alerts, events, trolley routes, government employment and more.\",\"publisher\":{\"@id\":\"https:\\\/\\\/www.miamibeachfl.gov\\\/#organization\"},\"potentialAction\":[{\"@type\":\"SearchAction\",\"target\":{\"@type\":\"EntryPoint\",\"urlTemplate\":\"https:\\\/\\\/www.miamibeachfl.gov\\\/?s={search_term_string}\"},\"query-input\":{\"@type\":\"PropertyValueSpecification\",\"valueRequired\":true,\"valueName\":\"search_term_string\"}}],\"inLanguage\":\"pt-BR\"},{\"@type\":\"Organization\",\"@id\":\"https:\\\/\\\/www.miamibeachfl.gov\\\/#organization\",\"name\":\"City of Miami Beach\",\"url\":\"https:\\\/\\\/www.miamibeachfl.gov\\\/\",\"logo\":{\"@type\":\"ImageObject\",\"inLanguage\":\"pt-BR\",\"@id\":\"https:\\\/\\\/www.miamibeachfl.gov\\\/#\\\/schema\\\/logo\\\/image\\\/\",\"url\":\"https:\\\/\\\/www.miamibeachfl.gov\\\/wp-content\\\/uploads\\\/2022\\\/06\\\/miamibeach-logoblue.png\",\"contentUrl\":\"https:\\\/\\\/www.miamibeachfl.gov\\\/wp-content\\\/uploads\\\/2022\\\/06\\\/miamibeach-logoblue.png\",\"width\":1962,\"height\":381,\"caption\":\"City of Miami Beach\"},\"image\":{\"@id\":\"https:\\\/\\\/www.miamibeachfl.gov\\\/#\\\/schema\\\/logo\\\/image\\\/\"},\"sameAs\":[\"https:\\\/\\\/www.facebook.com\\\/cityofmiamibeach\",\"https:\\\/\\\/x.com\\\/Miamibeachnews\",\"https:\\\/\\\/www.instagram.com\\\/miamibeachnews\\\/\"],\"description\":\"The official website of the City of Miami Beach. Stay informed, find important information on city services, news, alerts, events, trolley routes, government employment and more.\",\"telephone\":\"305.604.CITY(2489)\",\"legalName\":\"City of Miami Beach\"}]}<\/script>\n<!-- \/ Yoast SEO Premium plugin. -->","yoast_head_json":{"title":"Departamento de Transportes - Cidade de Miami Beach","description":"A fun\u00e7\u00e3o do Departamento de Transportes \u00e9 garantir a movimenta\u00e7\u00e3o segura e eficiente de pessoas e mercadorias em um sistema de transporte que ofere\u00e7a mobilidade, habitabilidade e acessibilidade, e promova modos alternativos de viagem, ao mesmo tempo em que garanta a sustentabilidade ambiental e econ\u00f4mica e melhore a qualidade de vida de todos que vivem, trabalham e se divertem em nossa vibrante comunidade tropical e hist\u00f3rica.","robots":{"index":"index","follow":"follow","max-snippet":"max-snippet:-1","max-image-preview":"max-image-preview:large","max-video-preview":"max-video-preview:-1"},"canonical":"https:\/\/www.miamibeachfl.gov\/pt\/egovapp\/city-hall\/transportationdepartment\/","og_locale":"pt_BR","og_type":"article","og_title":"Transportation Department","og_description":"The Transportation Department's role is to ensure the safe, secure, and efficient movement of people and goods in a transportation system that provides mobility, livability, and accessibility, and promotes alternative modes of travel, while ensuring environmental and economic sustainability, and improving the quality of life for all who live, work, and play in our vibrant, tropical, historical community.","og_url":"https:\/\/www.miamibeachfl.gov\/pt\/egovapp\/city-hall\/transportationdepartment\/","og_site_name":"City of Miami Beach","article_publisher":"https:\/\/www.facebook.com\/cityofmiamibeach","article_modified_time":"2025-06-07T20:17:24+00:00","og_image":[{"width":1000,"height":1000,"url":"https:\/\/www.miamibeachfl.gov\/wp-content\/uploads\/2024\/01\/1000pxSquare-miamibeach-aerial-southpointview.jpeg","type":"image\/jpeg"}],"twitter_card":"summary_large_image","twitter_site":"@Miamibeachnews","schema":{"@context":"https:\/\/schema.org","@graph":[{"@type":"WebPage","@id":"https:\/\/www.miamibeachfl.gov\/egovapp\/city-hall\/transportationdepartment\/","url":"https:\/\/www.miamibeachfl.gov\/egovapp\/city-hall\/transportationdepartment\/","name":"Departamento de Transportes - Cidade de Miami Beach","isPartOf":{"@id":"https:\/\/www.miamibeachfl.gov\/#website"},"datePublished":"2023-07-20T22:38:50+00:00","dateModified":"2025-06-07T20:17:24+00:00","description":"A fun\u00e7\u00e3o do Departamento de Transportes \u00e9 garantir a movimenta\u00e7\u00e3o segura e eficiente de pessoas e mercadorias em um sistema de transporte que ofere\u00e7a mobilidade, habitabilidade e acessibilidade, e promova modos alternativos de viagem, ao mesmo tempo em que garanta a sustentabilidade ambiental e econ\u00f4mica e melhore a qualidade de vida de todos que vivem, trabalham e se divertem em nossa vibrante comunidade tropical e hist\u00f3rica.","breadcrumb":{"@id":"https:\/\/www.miamibeachfl.gov\/egovapp\/city-hall\/transportationdepartment\/#breadcrumb"},"inLanguage":"pt-BR","potentialAction":[{"@type":"ReadAction","target":["https:\/\/www.miamibeachfl.gov\/egovapp\/city-hall\/transportationdepartment\/"]}]},{"@type":"BreadcrumbList","@id":"https:\/\/www.miamibeachfl.gov\/egovapp\/city-hall\/transportationdepartment\/#breadcrumb","itemListElement":[{"@type":"ListItem","position":1,"name":"Home","item":"https:\/\/www.miamibeachfl.gov\/"},{"@type":"ListItem","position":2,"name":"MobileAppPages","item":"https:\/\/www.miamibeachfl.gov\/egovapp\/"},{"@type":"ListItem","position":3,"name":"City Hall Department Directory","item":"https:\/\/www.miamibeachfl.gov\/egovapp\/city-hall\/"},{"@type":"ListItem","position":4,"name":"Transportation Department"}]},{"@type":"WebSite","@id":"https:\/\/www.miamibeachfl.gov\/#website","url":"https:\/\/www.miamibeachfl.gov\/","name":"Cidade de Miami Beach","description":"Site oficial da cidade de Miami Beach. Mantenha-se informado e encontre informa\u00e7\u00f5es importantes sobre servi\u00e7os municipais, not\u00edcias, alertas, eventos, rotas de bonde, empregos p\u00fablicos e muito mais.","publisher":{"@id":"https:\/\/www.miamibeachfl.gov\/#organization"},"potentialAction":[{"@type":"SearchAction","target":{"@type":"EntryPoint","urlTemplate":"https:\/\/www.miamibeachfl.gov\/?s={search_term_string}"},"query-input":{"@type":"PropertyValueSpecification","valueRequired":true,"valueName":"search_term_string"}}],"inLanguage":"pt-BR"},{"@type":"Organization","@id":"https:\/\/www.miamibeachfl.gov\/#organization","name":"Cidade de Miami Beach","url":"https:\/\/www.miamibeachfl.gov\/","logo":{"@type":"ImageObject","inLanguage":"pt-BR","@id":"https:\/\/www.miamibeachfl.gov\/#\/schema\/logo\/image\/","url":"https:\/\/www.miamibeachfl.gov\/wp-content\/uploads\/2022\/06\/miamibeach-logoblue.png","contentUrl":"https:\/\/www.miamibeachfl.gov\/wp-content\/uploads\/2022\/06\/miamibeach-logoblue.png","width":1962,"height":381,"caption":"City of Miami Beach"},"image":{"@id":"https:\/\/www.miamibeachfl.gov\/#\/schema\/logo\/image\/"},"sameAs":["https:\/\/www.facebook.com\/cityofmiamibeach","https:\/\/x.com\/Miamibeachnews","https:\/\/www.instagram.com\/miamibeachnews\/"],"description":"Site oficial da cidade de Miami Beach. Mantenha-se informado e encontre informa\u00e7\u00f5es importantes sobre servi\u00e7os municipais, not\u00edcias, alertas, eventos, rotas de bonde, empregos p\u00fablicos e muito mais.","telephone":"305.604.CITY(2489)","legalName":"City of Miami Beach"}]}},"_links":{"self":[{"href":"https:\/\/www.miamibeachfl.gov\/pt\/wp-json\/wp\/v2\/pages\/265693","targetHints":{"allow":["GET"]}}],"collection":[{"href":"https:\/\/www.miamibeachfl.gov\/pt\/wp-json\/wp\/v2\/pages"}],"about":[{"href":"https:\/\/www.miamibeachfl.gov\/pt\/wp-json\/wp\/v2\/types\/page"}],"author":[{"embeddable":true,"href":"https:\/\/www.miamibeachfl.gov\/pt\/wp-json\/wp\/v2\/users\/222"}],"replies":[{"embeddable":true,"href":"https:\/\/www.miamibeachfl.gov\/pt\/wp-json\/wp\/v2\/comments?post=265693"}],"version-history":[{"count":1,"href":"https:\/\/www.miamibeachfl.gov\/pt\/wp-json\/wp\/v2\/pages\/265693\/revisions"}],"predecessor-version":[{"id":375844,"href":"https:\/\/www.miamibeachfl.gov\/pt\/wp-json\/wp\/v2\/pages\/265693\/revisions\/375844"}],"up":[{"embeddable":true,"href":"https:\/\/www.miamibeachfl.gov\/pt\/wp-json\/wp\/v2\/pages\/265532"}],"wp:attachment":[{"href":"https:\/\/www.miamibeachfl.gov\/pt\/wp-json\/wp\/v2\/media?parent=265693"}],"wp:term":[{"taxonomy":"category","embeddable":true,"href":"https:\/\/www.miamibeachfl.gov\/pt\/wp-json\/wp\/v2\/categories?post=265693"},{"taxonomy":"post_tag","embeddable":true,"href":"https:\/\/www.miamibeachfl.gov\/pt\/wp-json\/wp\/v2\/tags?post=265693"}],"curies":[{"name":"wp","href":"https:\/\/api.w.org\/{rel}","templated":true}]}}