{"id":265696,"date":"2023-07-20T18:44:52","date_gmt":"2023-07-20T22:44:52","guid":{"rendered":"https:\/\/www.miamibeachfl.gov\/?page_id=265696"},"modified":"2025-06-07T16:15:56","modified_gmt":"2025-06-07T20:15:56","slug":"tourismdepartment","status":"publish","type":"page","link":"https:\/\/www.miamibeachfl.gov\/pt\/egovapp\/city-hall\/tourismdepartment\/","title":{"rendered":"Turismo e Cultura"},"content":{"rendered":"<a href=\"https:\/\/www.miamibeachfl.gov\/pt\/egovapp\/city-hall\/\" target=\"_self\">\n\t\t\t\t\t\tVoltar ao Diret\u00f3rio de Departamentos\n\t\t\t\t\t<\/a>\n<h1>\n\t\t\tTurismo e Cultura\t<\/h1>\n\t<ul>\n\t\t<li><a href=\"tel:3056737577\" target=\"_self\"  aria-label=\"Acesse o telefone: 3056737577\">\t\t\t\t\n\t\t<h3>305.673.7577<\/h3><\/a><\/li><li>\t\t\t\t\n\t\t<h3>Hor\u00e1rio de atendimento:<\/h3><p>Segunda a sexta: 9h \u00e0s 17h<\/p><\/li><li><a href=\"https:\/\/goo.gl\/maps\/XkFo3fw719Ei8VZ78\" target=\"_blank\" rel=\"noopener\" aria-label=\"Acesse https:\/\/goo.gl\/maps\/XkFo3fw719Ei8VZ78\">\t\t\t\t\n\t\t<h3>Escrit\u00f3rio principal:<\/h3><p>Avenida Meridian, 1755<br \/>Su\u00edte 500, 3\u00ba andar<br \/>Miami Beach, FL 33139<\/p><\/a><\/li>\t<\/ul>\n\t\t\t<a href=\"\/pt\/egovapp\/arts-and-culture\/\" target=\"_self\">\n\t\t\t\t\t\t\tArtes e Cultura\n\t\t\t<\/a>\n<h2>\n\t\t\tFundo:\t<\/h2>\n\t<p>O TCD desenvolve e mant\u00e9m programas e iniciativas de qualidade para apoiar a economia tur\u00edstica da cidade, incluindo engajamentos e parcerias significativas com setores-chave, especialmente o de hospitalidade, e esfor\u00e7os colaborativos com partes interessadas locais e regionais. O Departamento tamb\u00e9m gerencia a supervis\u00e3o administrativa, a promo\u00e7\u00e3o e as reservas do Centro de Conven\u00e7\u00f5es de Miami Beach (MBCC), um dos principais geradores de receita da cidade.<\/p>\n<p>Para apoiar esses esfor\u00e7os, o TCD faz parcerias com organiza\u00e7\u00f5es de turismo e marketing, incluindo a Miami Beach Visitor and Convention Authority (VCA) e o Greater Miami Convention and Visitors Bureau (GMCVB), para divulgar e promover a cidade de Miami Beach como um destino de classe mundial.<\/p>\n<p>A cidade de Miami Beach evoluiu como um destino tur\u00edstico internacional e uma comunidade residencial de qualidade. O objetivo geral da cidade \u00e9 atrair eventos de alta qualidade que beneficiem mensuravelmente a cidade, seus moradores, visitantes e empresas. Como uma comunidade litor\u00e2nea imaculada de 11 quil\u00f4metros, a cidade emergiu como um local de destaque para eventos especiais, criando uma demanda significativa por servi\u00e7os e recursos da cidade, al\u00e9m de ser um local comercial atraente. Esse sucesso apresenta o desafio de equilibrar a qualidade de vida residencial com as necessidades da ind\u00fastria do turismo e da economia criativa. Criar um equil\u00edbrio entre as grandes ativa\u00e7\u00f5es de eventos e os moradores e recursos da cidade \u00e9 um foco importante para o Departamento. O Departamento tamb\u00e9m teve que repensar sua miss\u00e3o para a comunidade em resposta \u00e0 pandemia de COVID-19. Como elo de liga\u00e7\u00e3o com os setores de hospitalidade, cultura, eventos e cinema de Miami Beach, o TCD tem se concentrado em ser a principal fonte de informa\u00e7\u00f5es sobre a resposta e a recupera\u00e7\u00e3o da COVID-19 em Miami Beach para essas comunidades. Al\u00e9m disso, o TCD, em colabora\u00e7\u00e3o com os departamentos da cidade, continua a manter um papel regulador na supervis\u00e3o do uso de espa\u00e7os p\u00fablicos.<\/p>\n<p>Para cumprir a miss\u00e3o do TCD, o Departamento criou tr\u00eas \u00e1reas de foco individuais para atender \u00e0s ricas e diversificadas comunidades culturais e empresariais de Miami Beach. Essas unidades oferecem apoio cont\u00ednuo a moradores, empresas e visitantes para incentivar um clima cultural robusto e facilitar o desenvolvimento de uma economia saud\u00e1vel, permitindo que moradores, empresas e turistas prosperem, se engajem, inovem e cres\u00e7am.<\/p>\n<p>Assuntos Culturais<\/p>\n<p>Produ\u00e7\u00e3o de filmes e eventos especiais<\/p>\n<p>Centro de Conven\u00e7\u00f5es de Miami Beach<\/p>","protected":false},"excerpt":{"rendered":"<p>Back to Department Directory Tourism &#038; Culture 305.673.7577 Office Hours: Monday &#8211; Friday: 9AM &#8211; 5PM Main Office: 1755 Meridian [&hellip;]<\/p>\n","protected":false},"author":222,"featured_media":0,"parent":265532,"menu_order":0,"comment_status":"closed","ping_status":"closed","template":"","meta":{"_searchwp_excluded":"1","site-sidebar-layout":"default","site-content-layout":"","ast-site-content-layout":"","site-content-style":"default","site-sidebar-style":"default","ast-global-header-display":"disabled","ast-banner-title-visibility":"","ast-main-header-display":"","ast-hfb-above-header-display":"","ast-hfb-below-header-display":"","ast-hfb-mobile-header-display":"","site-post-title":"","ast-breadcrumbs-content":"","ast-featured-img":"","footer-sml-layout":"disabled","ast-disable-related-posts":"","theme-transparent-header-meta":"","adv-header-id-meta":"","stick-header-meta":"","header-above-stick-meta":"","header-main-stick-meta":"","header-below-stick-meta":"","astra-migrate-meta-layouts":"default","ast-page-background-enabled":"default","ast-page-background-meta":{"desktop":{"background-color":"var(--ast-global-color-5)","background-image":"","background-repeat":"repeat","background-position":"center center","background-size":"auto","background-attachment":"scroll","background-type":"","background-media":"","overlay-type":"","overlay-color":"","overlay-opacity":"","overlay-gradient":""},"tablet":{"background-color":"","background-image":"","background-repeat":"repeat","background-position":"center center","background-size":"auto","background-attachment":"scroll","background-type":"","background-media":"","overlay-type":"","overlay-color":"","overlay-opacity":"","overlay-gradient":""},"mobile":{"background-color":"","background-image":"","background-repeat":"repeat","background-position":"center center","background-size":"auto","background-attachment":"scroll","background-type":"","background-media":"","overlay-type":"","overlay-color":"","overlay-opacity":"","overlay-gradient":""}},"ast-content-background-meta":{"desktop":{"background-color":"var(--ast-global-color-4)","background-image":"","background-repeat":"repeat","background-position":"center center","background-size":"auto","background-attachment":"scroll","background-type":"","background-media":"","overlay-type":"","overlay-color":"","overlay-opacity":"","overlay-gradient":""},"tablet":{"background-color":"var(--ast-global-color-4)","background-image":"","background-repeat":"repeat","background-position":"center center","background-size":"auto","background-attachment":"scroll","background-type":"","background-media":"","overlay-type":"","overlay-color":"","overlay-opacity":"","overlay-gradient":""},"mobile":{"background-color":"var(--ast-global-color-4)","background-image":"","background-repeat":"repeat","background-position":"center center","background-size":"auto","background-attachment":"scroll","background-type":"","background-media":"","overlay-type":"","overlay-color":"","overlay-opacity":"","overlay-gradient":""}},"footnotes":""},"categories":[],"tags":[1002,1000],"class_list":["post-265696","page","type-page","status-publish","hentry","tag-app-egov-page","tag-cityhall-egovapp"],"yoast_head":"<!-- This site is optimized with the Yoast SEO Premium plugin v27.4 (Yoast SEO v27.4) - https:\/\/yoast.com\/product\/yoast-seo-premium-wordpress\/ -->\n<title>Tourism and Culture - City of Miami Beach<\/title>\n<meta name=\"description\" content=\"This Tourism and Culture Department supports, maintains and develops quality programs which enhance the City\u2019s cultural institutions and infrastructure, as well as the City\u2019s cultural and tourist industries, while striving to provide year-round events, concerts, movies in the park, and theatre productions that enhance both the visitor\u2019s experience and the quality of life of our residents\" \/>\n<meta name=\"robots\" content=\"index, follow, max-snippet:-1, max-image-preview:large, max-video-preview:-1\" \/>\n<link rel=\"canonical\" href=\"https:\/\/www.miamibeachfl.gov\/pt\/egovapp\/city-hall\/tourismdepartment\/\" \/>\n<meta property=\"og:locale\" content=\"pt_BR\" \/>\n<meta property=\"og:type\" content=\"article\" \/>\n<meta property=\"og:title\" content=\"Tourism and Culture\" \/>\n<meta property=\"og:description\" content=\"This Tourism and Culture Department supports, maintains and develops quality programs which enhance the City\u2019s cultural institutions and infrastructure, as well as the City\u2019s cultural and tourist industries, while striving to provide year-round events, concerts, movies in the park, and theatre productions that enhance both the visitor\u2019s experience and the quality of life of our residents\" \/>\n<meta property=\"og:url\" content=\"https:\/\/www.miamibeachfl.gov\/pt\/egovapp\/city-hall\/tourismdepartment\/\" \/>\n<meta property=\"og:site_name\" content=\"City of Miami Beach\" \/>\n<meta property=\"article:publisher\" content=\"https:\/\/www.facebook.com\/cityofmiamibeach\" \/>\n<meta property=\"article:modified_time\" content=\"2025-06-07T20:15:56+00:00\" \/>\n<meta property=\"og:image\" content=\"https:\/\/www.miamibeachfl.gov\/wp-content\/uploads\/2024\/01\/1000pxSquare-miamibeach-aerial-southpointview.jpeg\" \/>\n\t<meta property=\"og:image:width\" content=\"1000\" \/>\n\t<meta property=\"og:image:height\" content=\"1000\" \/>\n\t<meta property=\"og:image:type\" content=\"image\/jpeg\" \/>\n<meta name=\"twitter:card\" content=\"summary_large_image\" \/>\n<meta name=\"twitter:site\" content=\"@Miamibeachnews\" \/>\n<script type=\"application\/ld+json\" class=\"yoast-schema-graph\">{\"@context\":\"https:\\\/\\\/schema.org\",\"@graph\":[{\"@type\":\"WebPage\",\"@id\":\"https:\\\/\\\/www.miamibeachfl.gov\\\/egovapp\\\/city-hall\\\/tourismdepartment\\\/\",\"url\":\"https:\\\/\\\/www.miamibeachfl.gov\\\/egovapp\\\/city-hall\\\/tourismdepartment\\\/\",\"name\":\"Tourism and Culture - City of Miami Beach\",\"isPartOf\":{\"@id\":\"https:\\\/\\\/www.miamibeachfl.gov\\\/#website\"},\"datePublished\":\"2023-07-20T22:44:52+00:00\",\"dateModified\":\"2025-06-07T20:15:56+00:00\",\"description\":\"This Tourism and Culture Department supports, maintains and develops quality programs which enhance the City\u2019s cultural institutions and infrastructure, as well as the City\u2019s cultural and tourist industries, while striving to provide year-round events, concerts, movies in the park, and theatre productions that enhance both the visitor\u2019s experience and the quality of life of our residents\",\"breadcrumb\":{\"@id\":\"https:\\\/\\\/www.miamibeachfl.gov\\\/egovapp\\\/city-hall\\\/tourismdepartment\\\/#breadcrumb\"},\"inLanguage\":\"pt-BR\",\"potentialAction\":[{\"@type\":\"ReadAction\",\"target\":[\"https:\\\/\\\/www.miamibeachfl.gov\\\/egovapp\\\/city-hall\\\/tourismdepartment\\\/\"]}]},{\"@type\":\"BreadcrumbList\",\"@id\":\"https:\\\/\\\/www.miamibeachfl.gov\\\/egovapp\\\/city-hall\\\/tourismdepartment\\\/#breadcrumb\",\"itemListElement\":[{\"@type\":\"ListItem\",\"position\":1,\"name\":\"Home\",\"item\":\"https:\\\/\\\/www.miamibeachfl.gov\\\/\"},{\"@type\":\"ListItem\",\"position\":2,\"name\":\"MobileAppPages\",\"item\":\"https:\\\/\\\/www.miamibeachfl.gov\\\/egovapp\\\/\"},{\"@type\":\"ListItem\",\"position\":3,\"name\":\"City Hall Department Directory\",\"item\":\"https:\\\/\\\/www.miamibeachfl.gov\\\/egovapp\\\/city-hall\\\/\"},{\"@type\":\"ListItem\",\"position\":4,\"name\":\"Tourism and Culture\"}]},{\"@type\":\"WebSite\",\"@id\":\"https:\\\/\\\/www.miamibeachfl.gov\\\/#website\",\"url\":\"https:\\\/\\\/www.miamibeachfl.gov\\\/\",\"name\":\"City of Miami Beach\",\"description\":\"The official website of the City of Miami Beach. Stay informed, find important information on city services, news, alerts, events, trolley routes, government employment and more.\",\"publisher\":{\"@id\":\"https:\\\/\\\/www.miamibeachfl.gov\\\/#organization\"},\"potentialAction\":[{\"@type\":\"SearchAction\",\"target\":{\"@type\":\"EntryPoint\",\"urlTemplate\":\"https:\\\/\\\/www.miamibeachfl.gov\\\/?s={search_term_string}\"},\"query-input\":{\"@type\":\"PropertyValueSpecification\",\"valueRequired\":true,\"valueName\":\"search_term_string\"}}],\"inLanguage\":\"pt-BR\"},{\"@type\":\"Organization\",\"@id\":\"https:\\\/\\\/www.miamibeachfl.gov\\\/#organization\",\"name\":\"City of Miami Beach\",\"url\":\"https:\\\/\\\/www.miamibeachfl.gov\\\/\",\"logo\":{\"@type\":\"ImageObject\",\"inLanguage\":\"pt-BR\",\"@id\":\"https:\\\/\\\/www.miamibeachfl.gov\\\/#\\\/schema\\\/logo\\\/image\\\/\",\"url\":\"https:\\\/\\\/www.miamibeachfl.gov\\\/wp-content\\\/uploads\\\/2022\\\/06\\\/miamibeach-logoblue.png\",\"contentUrl\":\"https:\\\/\\\/www.miamibeachfl.gov\\\/wp-content\\\/uploads\\\/2022\\\/06\\\/miamibeach-logoblue.png\",\"width\":1962,\"height\":381,\"caption\":\"City of Miami Beach\"},\"image\":{\"@id\":\"https:\\\/\\\/www.miamibeachfl.gov\\\/#\\\/schema\\\/logo\\\/image\\\/\"},\"sameAs\":[\"https:\\\/\\\/www.facebook.com\\\/cityofmiamibeach\",\"https:\\\/\\\/x.com\\\/Miamibeachnews\",\"https:\\\/\\\/www.instagram.com\\\/miamibeachnews\\\/\"],\"description\":\"The official website of the City of Miami Beach. Stay informed, find important information on city services, news, alerts, events, trolley routes, government employment and more.\",\"telephone\":\"305.604.CITY(2489)\",\"legalName\":\"City of Miami Beach\"}]}<\/script>\n<!-- \/ Yoast SEO Premium plugin. -->","yoast_head_json":{"title":"Turismo e Cultura - Cidade de Miami Beach","description":"Este Departamento de Turismo e Cultura apoia, mant\u00e9m e desenvolve programas de qualidade que aprimoram as institui\u00e7\u00f5es culturais e a infraestrutura da cidade, bem como as ind\u00fastrias culturais e tur\u00edsticas da cidade, ao mesmo tempo em que se esfor\u00e7a para fornecer eventos, concertos, filmes no parque e produ\u00e7\u00f5es teatrais durante todo o ano que aprimoram a experi\u00eancia do visitante e a qualidade de vida de nossos residentes.","robots":{"index":"index","follow":"follow","max-snippet":"max-snippet:-1","max-image-preview":"max-image-preview:large","max-video-preview":"max-video-preview:-1"},"canonical":"https:\/\/www.miamibeachfl.gov\/pt\/egovapp\/city-hall\/tourismdepartment\/","og_locale":"pt_BR","og_type":"article","og_title":"Tourism and Culture","og_description":"This Tourism and Culture Department supports, maintains and develops quality programs which enhance the City\u2019s cultural institutions and infrastructure, as well as the City\u2019s cultural and tourist industries, while striving to provide year-round events, concerts, movies in the park, and theatre productions that enhance both the visitor\u2019s experience and the quality of life of our residents","og_url":"https:\/\/www.miamibeachfl.gov\/pt\/egovapp\/city-hall\/tourismdepartment\/","og_site_name":"City of Miami Beach","article_publisher":"https:\/\/www.facebook.com\/cityofmiamibeach","article_modified_time":"2025-06-07T20:15:56+00:00","og_image":[{"width":1000,"height":1000,"url":"https:\/\/www.miamibeachfl.gov\/wp-content\/uploads\/2024\/01\/1000pxSquare-miamibeach-aerial-southpointview.jpeg","type":"image\/jpeg"}],"twitter_card":"summary_large_image","twitter_site":"@Miamibeachnews","schema":{"@context":"https:\/\/schema.org","@graph":[{"@type":"WebPage","@id":"https:\/\/www.miamibeachfl.gov\/egovapp\/city-hall\/tourismdepartment\/","url":"https:\/\/www.miamibeachfl.gov\/egovapp\/city-hall\/tourismdepartment\/","name":"Turismo e Cultura - Cidade de Miami Beach","isPartOf":{"@id":"https:\/\/www.miamibeachfl.gov\/#website"},"datePublished":"2023-07-20T22:44:52+00:00","dateModified":"2025-06-07T20:15:56+00:00","description":"Este Departamento de Turismo e Cultura apoia, mant\u00e9m e desenvolve programas de qualidade que aprimoram as institui\u00e7\u00f5es culturais e a infraestrutura da cidade, bem como as ind\u00fastrias culturais e tur\u00edsticas da cidade, ao mesmo tempo em que se esfor\u00e7a para fornecer eventos, concertos, filmes no parque e produ\u00e7\u00f5es teatrais durante todo o ano que aprimoram a experi\u00eancia do visitante e a qualidade de vida de nossos residentes.","breadcrumb":{"@id":"https:\/\/www.miamibeachfl.gov\/egovapp\/city-hall\/tourismdepartment\/#breadcrumb"},"inLanguage":"pt-BR","potentialAction":[{"@type":"ReadAction","target":["https:\/\/www.miamibeachfl.gov\/egovapp\/city-hall\/tourismdepartment\/"]}]},{"@type":"BreadcrumbList","@id":"https:\/\/www.miamibeachfl.gov\/egovapp\/city-hall\/tourismdepartment\/#breadcrumb","itemListElement":[{"@type":"ListItem","position":1,"name":"Home","item":"https:\/\/www.miamibeachfl.gov\/"},{"@type":"ListItem","position":2,"name":"MobileAppPages","item":"https:\/\/www.miamibeachfl.gov\/egovapp\/"},{"@type":"ListItem","position":3,"name":"City Hall Department Directory","item":"https:\/\/www.miamibeachfl.gov\/egovapp\/city-hall\/"},{"@type":"ListItem","position":4,"name":"Tourism and Culture"}]},{"@type":"WebSite","@id":"https:\/\/www.miamibeachfl.gov\/#website","url":"https:\/\/www.miamibeachfl.gov\/","name":"Cidade de Miami Beach","description":"Site oficial da cidade de Miami Beach. Mantenha-se informado e encontre informa\u00e7\u00f5es importantes sobre servi\u00e7os municipais, not\u00edcias, alertas, eventos, rotas de bonde, empregos p\u00fablicos e muito mais.","publisher":{"@id":"https:\/\/www.miamibeachfl.gov\/#organization"},"potentialAction":[{"@type":"SearchAction","target":{"@type":"EntryPoint","urlTemplate":"https:\/\/www.miamibeachfl.gov\/?s={search_term_string}"},"query-input":{"@type":"PropertyValueSpecification","valueRequired":true,"valueName":"search_term_string"}}],"inLanguage":"pt-BR"},{"@type":"Organization","@id":"https:\/\/www.miamibeachfl.gov\/#organization","name":"Cidade de Miami Beach","url":"https:\/\/www.miamibeachfl.gov\/","logo":{"@type":"ImageObject","inLanguage":"pt-BR","@id":"https:\/\/www.miamibeachfl.gov\/#\/schema\/logo\/image\/","url":"https:\/\/www.miamibeachfl.gov\/wp-content\/uploads\/2022\/06\/miamibeach-logoblue.png","contentUrl":"https:\/\/www.miamibeachfl.gov\/wp-content\/uploads\/2022\/06\/miamibeach-logoblue.png","width":1962,"height":381,"caption":"City of Miami Beach"},"image":{"@id":"https:\/\/www.miamibeachfl.gov\/#\/schema\/logo\/image\/"},"sameAs":["https:\/\/www.facebook.com\/cityofmiamibeach","https:\/\/x.com\/Miamibeachnews","https:\/\/www.instagram.com\/miamibeachnews\/"],"description":"Site oficial da cidade de Miami Beach. Mantenha-se informado e encontre informa\u00e7\u00f5es importantes sobre servi\u00e7os municipais, not\u00edcias, alertas, eventos, rotas de bonde, empregos p\u00fablicos e muito mais.","telephone":"305.604.CITY(2489)","legalName":"City of Miami Beach"}]}},"_links":{"self":[{"href":"https:\/\/www.miamibeachfl.gov\/pt\/wp-json\/wp\/v2\/pages\/265696","targetHints":{"allow":["GET"]}}],"collection":[{"href":"https:\/\/www.miamibeachfl.gov\/pt\/wp-json\/wp\/v2\/pages"}],"about":[{"href":"https:\/\/www.miamibeachfl.gov\/pt\/wp-json\/wp\/v2\/types\/page"}],"author":[{"embeddable":true,"href":"https:\/\/www.miamibeachfl.gov\/pt\/wp-json\/wp\/v2\/users\/222"}],"replies":[{"embeddable":true,"href":"https:\/\/www.miamibeachfl.gov\/pt\/wp-json\/wp\/v2\/comments?post=265696"}],"version-history":[{"count":1,"href":"https:\/\/www.miamibeachfl.gov\/pt\/wp-json\/wp\/v2\/pages\/265696\/revisions"}],"predecessor-version":[{"id":375842,"href":"https:\/\/www.miamibeachfl.gov\/pt\/wp-json\/wp\/v2\/pages\/265696\/revisions\/375842"}],"up":[{"embeddable":true,"href":"https:\/\/www.miamibeachfl.gov\/pt\/wp-json\/wp\/v2\/pages\/265532"}],"wp:attachment":[{"href":"https:\/\/www.miamibeachfl.gov\/pt\/wp-json\/wp\/v2\/media?parent=265696"}],"wp:term":[{"taxonomy":"category","embeddable":true,"href":"https:\/\/www.miamibeachfl.gov\/pt\/wp-json\/wp\/v2\/categories?post=265696"},{"taxonomy":"post_tag","embeddable":true,"href":"https:\/\/www.miamibeachfl.gov\/pt\/wp-json\/wp\/v2\/tags?post=265696"}],"curies":[{"name":"wp","href":"https:\/\/api.w.org\/{rel}","templated":true}]}}