{"id":268660,"date":"2023-08-16T16:06:19","date_gmt":"2023-08-16T20:06:19","guid":{"rendered":"https:\/\/www.miamibeachfl.gov\/?page_id=268660"},"modified":"2026-02-19T09:40:06","modified_gmt":"2026-02-19T14:40:06","slug":"permits","status":"publish","type":"page","link":"https:\/\/www.miamibeachfl.gov\/pt\/permits\/","title":{"rendered":"Permiss\u00f5es da Cidade de Miami Beach"},"content":{"rendered":"<h1>\n\t\t\tPermiss\u00e3o da cidade de Miami Beach\t<\/h1>\n\t\t\t<a href=\"https:\/\/cityofmiamibeachfl.tylerportico.com\/navigator\/public\/selections?parentId=13456\" target=\"_self\">\n\t\t\t\t\t\t\tPRECISO DE UM GUIA PARA OBTEN\u00c7\u00c3O DE PERMISS\u00d5ES\n\t\t\t<\/a>\n\t\t<h3>Licen\u00e7as de constru\u00e7\u00e3o<\/h3>\t\t\t\n\t<p><strong><a href=\"\/pt\/city-hall\/building\/permits\/permitchecklists\/\">Listas de verifica\u00e7\u00e3o de permiss\u00e3o<\/a><\/strong><\/p>\n<p><strong><a href=\"\/pt\/city-hall\/building\/permits\/\">Guia de Permiss\u00e3o<\/a><\/strong><\/p>\n<p><strong><a href=\"\/pt\/city-hall\/building\/onlinepermits\/\">Centro de Recursos de Permiss\u00e3o Online<\/a><\/strong><\/p>\n<p><strong><a href=\"https:\/\/www.miamibeachfl.gov\/pt\/city-hall\/building\/permits\/mdc\/\">Procedimento para revis\u00f5es de aprova\u00e7\u00e3o municipal do Condado de Miami-Dade<\/a><\/strong><\/p>\n\t<a href=\"https:\/\/www.miamibeachfl.gov\/pt\/city-hall\/planning\/planning-document-checklist\/\" target=\"_self\"  aria-label=\"Acesse https:\/\/www.miamibeachfl.gov\/city-hall\/planning\/planning-document-checklist\/\"><\/a>\n\t\t<h3>Planejamento<\/h3>\t\t\t\n\t\t\t\t<p>Informa\u00e7\u00f5es gerais sobre licen\u00e7as e listas de verifica\u00e7\u00e3o de requisitos por tipo de licen\u00e7a<\/p>\n\t<a href=\"https:\/\/www.miamibeachfl.gov\/pt\/city-hall\/environmental-sustainability\/urban-forestry\/tree-work-permit-information\/\" target=\"_self\"  aria-label=\"Acesse https:\/\/www.miamibeachfl.gov\/city-hall\/environmental-sustainability\/urban-forestry\/tree-work-permit-information\/\"><\/a>\n\t\t<h3>Silvicultura Urbana<\/h3>\t\t\t\n\t\t\t\t<p>Informa\u00e7\u00f5es sobre a permiss\u00e3o para trabalho em \u00e1rvores<\/p>\n\t<a href=\"https:\/\/www.miamibeachfl.gov\/pt\/city-hall\/planning\/maps-and-guidelines\/\" target=\"_self\"  aria-label=\"Acesse https:\/\/www.miamibeachfl.gov\/city-hall\/planning\/maps-and-guidelines\/\"><\/a>\n\t\t<h3>Mapas e Diretrizes do C\u00f3digo de Resili\u00eancia<\/h3>\t\t\t\n\t\t\t\t<p>Zoneamento, uso futuro do solo, distritos hist\u00f3ricos, estacionamento.<\/p>\n\t\t<h3>Obras p\u00fablicas<\/h3>\t\t\t\n\t<a href=\"https:\/\/www.miamibeachfl.gov\/pt\/city-hall\/public-works\/process-workflows-and-checklists\/\">Processo de Permiss\u00e3o e Listas de Verifica\u00e7\u00e3o<\/a>\u00a0<br \/>\n<a href=\"https:\/\/www.miamibeachfl.gov\/pt\/city-hall\/public-works\/elevator-division\/elevator-permit\/\">Permiss\u00f5es de elevador<\/a>\u00a0\n\t<a href=\"\/pt\/city-hall\/fire\/fire-prevention\/building-inspections\/\" target=\"_self\"  aria-label=\"Acesse \/prefeitura\/inc\u00eandio\/preven\u00e7\u00e3o-de-inc\u00eandio\/inspe\u00e7\u00f5es-de-edif\u00edcios\/\"><\/a>\n\t\t<h3>Permiss\u00f5es de seguran\u00e7a contra inc\u00eandio<\/h3>\t\t\t\n\t\t\t\t<p>Permiss\u00f5es e Inspe\u00e7\u00f5es<\/p>\n\t<a href=\"https:\/\/energovcss.miamibeachfl.gov\/energovprod\/selfservice#\/applicationAssistant?sectionName=All&#038;moduleId=2&#038;categoryName=Sanitation&#038;showTemplates=false\" target=\"_self\"  aria-label=\"Acesse https:\/\/energovcss.miamibeachfl.gov\/energovprod\/selfservice#\/applicationAssistant?sectionName=All&amp;moduleId=2&amp;categoryName=Sanitation&amp;showTemplates=false\"><\/a>\n\t\t<h3>Saneamento<\/h3>\t\t\t\n\t<a href=\"https:\/\/www.miamibeachfl.gov\/pt\/city-hall\/parking\/permit-programs\/\" target=\"_self\"  aria-label=\"Acesse https:\/\/www.miamibeachfl.gov\/city-hall\/parking\/permit-programs\/\"><\/a>\n\t\t<h3>Estacionamento<\/h3>\t\t\t\n\t<a href=\"https:\/\/www.miamibeachfl.gov\/pt\/city-hall\/tourism-culture\/special-events\/apply-for-a-special-events-permit\/\" target=\"_self\"  aria-label=\"Acesse https:\/\/www.miamibeachfl.gov\/city-hall\/tourism-culture\/special-events\/apply-for-a-special-events-permit\/\"><\/a>\n\t\t<h3>Eventos especiais<\/h3>\t\t\t\n\t\t\t\t<p>Cerim\u00f4nias, Filmes e Impress\u00f5es, Eventos<\/p>\n<h2>\n\t\t\t Perguntas frequentes sobre autoriza\u00e7\u00e3o\t<\/h2>\n\t\t<a href=\"https:\/\/www.miamibeachfl.gov\/pt\/city-hall\/building\/faq\/\" title=\"Conte\u00fado da caixa de visualiza\u00e7\u00e3o\" target=\"_blank\" rel=\"noopener\" aria-label=\"Elemento Post\"><\/a>\t\t\n\t\t\t\t\t\t\t\t\t\t\t\t\t\t<a href=\"https:\/\/www.miamibeachfl.gov\/pt\/city-hall\/building\/faq\/\" target=\"_blank\" rel=\"noopener\" title=\"Perguntas frequentes sobre constru\u00e7\u00e3o\">\n\t\t\t\t<img decoding=\"async\" src=\"https:\/\/www.miamibeachfl.gov\/wp-content\/uploads\/2023\/03\/building-workers-500sq-300x300.jpg\" alt=\"Construction worker\" \/>\n\t\t\t\t<\/a>\n\t\t\t\t\t\t<h3>\n\t\t\t\t<a href=\"https:\/\/www.miamibeachfl.gov\/pt\/city-hall\/building\/faq\/\" title=\"Perguntas frequentes sobre constru\u00e7\u00e3o\">Perguntas frequentes sobre constru\u00e7\u00e3o<\/a>\t\t\t<\/h3>\n\t\t<a href=\"https:\/\/www.miamibeachfl.gov\/pt\/city-hall\/environmental-sustainability\/permitting-faqs\/\" title=\"Conte\u00fado da caixa de visualiza\u00e7\u00e3o\" target=\"_blank\" rel=\"noopener\" aria-label=\"Elemento Post\"><\/a>\t\t\n\t\t\t\t\t\t\t\t\t\t\t\t\t\t<a href=\"https:\/\/www.miamibeachfl.gov\/pt\/city-hall\/environmental-sustainability\/permitting-faqs\/\" target=\"_blank\" rel=\"noopener\" title=\"Perguntas frequentes sobre licenciamento ambiental e de sustentabilidade\">\n\t\t\t\t<img decoding=\"async\" src=\"https:\/\/www.miamibeachfl.gov\/wp-content\/uploads\/2025\/06\/Parks-Gallery-2-SouthPointePark-optimized-300x300.jpg\" alt=\"aerial view of southpoint park beachwalk\" \/>\n\t\t\t\t<\/a>\n\t\t\t\t\t\t<h3>\n\t\t\t\t<a href=\"https:\/\/www.miamibeachfl.gov\/pt\/city-hall\/environmental-sustainability\/permitting-faqs\/\" title=\"Perguntas frequentes sobre licenciamento ambiental e de sustentabilidade\">Perguntas frequentes sobre licenciamento ambiental e de sustentabilidade<\/a>\t\t\t<\/h3>\n\t\t<a href=\"https:\/\/www.miamibeachfl.gov\/pt\/city-hall\/fire\/fire-permitting-faq\/\" title=\"Conte\u00fado da caixa de visualiza\u00e7\u00e3o\" target=\"_blank\" rel=\"noopener\" aria-label=\"Elemento Post\"><\/a>\t\t\n\t\t\t\t\t\t\t\t\t\t\t\t\t\t<a href=\"https:\/\/www.miamibeachfl.gov\/pt\/city-hall\/fire\/fire-permitting-faq\/\" target=\"_blank\" rel=\"noopener\" title=\"Perguntas frequentes sobre autoriza\u00e7\u00e3o de inc\u00eandio\">\n\t\t\t\t<img decoding=\"async\" src=\"https:\/\/www.miamibeachfl.gov\/wp-content\/uploads\/2025\/03\/Fire-Rescue-300x300.jpg\" alt=\"Fire Rescue Truck\" \/>\n\t\t\t\t<\/a>\n\t\t\t\t\t\t<h3>\n\t\t\t\t<a href=\"https:\/\/www.miamibeachfl.gov\/pt\/city-hall\/fire\/fire-permitting-faq\/\" title=\"Perguntas frequentes sobre autoriza\u00e7\u00e3o de inc\u00eandio\">Perguntas frequentes sobre autoriza\u00e7\u00e3o de inc\u00eandio<\/a>\t\t\t<\/h3>\n\t\t<a href=\"https:\/\/www.miamibeachfl.gov\/pt\/city-hall\/parking\/parking-permitting-faqs\/\" title=\"Conte\u00fado da caixa de visualiza\u00e7\u00e3o\" target=\"_blank\" rel=\"noopener\" aria-label=\"Elemento Post\"><\/a>\t\t\n\t\t\t\t\t\t\t\t\t\t\t\t\t\t<a href=\"https:\/\/www.miamibeachfl.gov\/pt\/city-hall\/parking\/parking-permitting-faqs\/\" target=\"_blank\" rel=\"noopener\" title=\"Perguntas frequentes sobre autoriza\u00e7\u00e3o de estacionamento\">\n\t\t\t\t<img decoding=\"async\" src=\"https:\/\/www.miamibeachfl.gov\/wp-content\/uploads\/2025\/07\/carandparkingsignbackground2.jpg\" alt=\"car parked on side of road\" \/>\n\t\t\t\t<\/a>\n\t\t\t\t\t\t<h3>\n\t\t\t\t<a href=\"https:\/\/www.miamibeachfl.gov\/pt\/city-hall\/parking\/parking-permitting-faqs\/\" title=\"Perguntas frequentes sobre autoriza\u00e7\u00e3o de estacionamento\">Perguntas frequentes sobre autoriza\u00e7\u00e3o de estacionamento<\/a>\t\t\t<\/h3>\n\t\t<a href=\"https:\/\/www.miamibeachfl.gov\/pt\/city-hall\/planning\/planning-permitting-faqs\/\" title=\"Conte\u00fado da caixa de visualiza\u00e7\u00e3o\" target=\"_blank\" rel=\"noopener\" aria-label=\"Elemento Post\"><\/a>\t\t\n\t\t\t\t\t\t\t\t\t\t\t\t\t\t<a href=\"https:\/\/www.miamibeachfl.gov\/pt\/city-hall\/planning\/planning-permitting-faqs\/\" target=\"_blank\" rel=\"noopener\" title=\"Perguntas frequentes sobre permiss\u00e3o de planejamento\">\n\t\t\t\t<img decoding=\"async\" src=\"https:\/\/www.miamibeachfl.gov\/wp-content\/uploads\/2023\/03\/familyplanning-300x300.jpg\" alt=\"Couple with documents in front of their computer\" \/>\n\t\t\t\t<\/a>\n\t\t\t\t\t\t<h3>\n\t\t\t\t<a href=\"https:\/\/www.miamibeachfl.gov\/pt\/city-hall\/planning\/planning-permitting-faqs\/\" title=\"Perguntas frequentes sobre permiss\u00e3o de planejamento\">Perguntas frequentes sobre permiss\u00e3o de planejamento<\/a>\t\t\t<\/h3>\n\t\t<a href=\"https:\/\/www.miamibeachfl.gov\/pt\/city-hall\/public-works\/permitting-faq-4\/\" title=\"Conte\u00fado da caixa de visualiza\u00e7\u00e3o\" target=\"_blank\" rel=\"noopener\" aria-label=\"Elemento Post\"><\/a>\t\t\n\t\t\t\t\t\t\t\t\t\t\t\t\t\t<a href=\"https:\/\/www.miamibeachfl.gov\/pt\/city-hall\/public-works\/permitting-faq-4\/\" target=\"_blank\" rel=\"noopener\" title=\"Perguntas frequentes sobre licenciamento de obras p\u00fablicas\">\n\t\t\t\t<img decoding=\"async\" src=\"https:\/\/www.miamibeachfl.gov\/wp-content\/uploads\/2025\/04\/PublicWorks-Worker-optimized-300x300.jpg\" alt=\"Public Works Worker\" \/>\n\t\t\t\t<\/a>\n\t\t\t\t\t\t<h3>\n\t\t\t\t<a href=\"https:\/\/www.miamibeachfl.gov\/pt\/city-hall\/public-works\/permitting-faq-4\/\" title=\"Perguntas frequentes sobre licenciamento de obras p\u00fablicas\">Perguntas frequentes sobre licenciamento de obras p\u00fablicas<\/a>\t\t\t<\/h3>\n<h2>\n\t\t\t Pain\u00e9is\t<\/h2>\n\t\t<h3><a href=\"\/pt\/city-hall\/building\/statistics\/dashboard\/\" target=\"_blank\"  rel=\"noopener\">Painel do Departamento de Constru\u00e7\u00e3o<\/a><\/h3><p>An\u00e1lise de Aplica\u00e7\u00f5es, Revis\u00f5es, Emiss\u00f5es e Inspe\u00e7\u00f5es<\/p>\n\t\t\t<a href=\"\/pt\/city-hall\/building\/statistics\/dashboard\/\" target=\"_blank\" rel=\"noopener\">\n\t\t\t\t\t\t\tVer painel\n\t\t\t\t\t<\/a>\n\t\t<h3><a href=\"\/pt\/permits-search-dashboard\/\" target=\"_blank\"  rel=\"noopener\">Aprova\u00e7\u00f5es de Uso Condicional<\/a><\/h3><p>Pesquisa de Permiss\u00f5es<\/p>\n\t\t\t<a href=\"\/pt\/permits-search-dashboard\/\" target=\"_blank\" rel=\"noopener\">\n\t\t\t\t\t\t\tPainel de pesquisa\n\t\t\t\t\t<\/a>","protected":false},"excerpt":{"rendered":"<p>City of Miami Beach Permitting I NEED A PERMIT GUIDE Building Permits Permitting Checklists Permitting Guide Online Permitting Resource Center [&hellip;]<\/p>\n","protected":false},"author":222,"featured_media":0,"parent":0,"menu_order":40,"comment_status":"closed","ping_status":"closed","template":"","meta":{"_searchwp_excluded":"","site-sidebar-layout":"default","site-content-layout":"","ast-site-content-layout":"default","site-content-style":"default","site-sidebar-style":"default","ast-global-header-display":"","ast-banner-title-visibility":"","ast-main-header-display":"","ast-hfb-above-header-display":"","ast-hfb-below-header-display":"","ast-hfb-mobile-header-display":"","site-post-title":"","ast-breadcrumbs-content":"","ast-featured-img":"","footer-sml-layout":"","ast-disable-related-posts":"","theme-transparent-header-meta":"","adv-header-id-meta":"","stick-header-meta":"","header-above-stick-meta":"","header-main-stick-meta":"","header-below-stick-meta":"","astra-migrate-meta-layouts":"default","ast-page-background-enabled":"default","ast-page-background-meta":{"desktop":{"background-color":"var(--ast-global-color-5)","background-image":"","background-repeat":"repeat","background-position":"center center","background-size":"auto","background-attachment":"scroll","background-type":"","background-media":"","overlay-type":"","overlay-color":"","overlay-opacity":"","overlay-gradient":""},"tablet":{"background-color":"","background-image":"","background-repeat":"repeat","background-position":"center center","background-size":"auto","background-attachment":"scroll","background-type":"","background-media":"","overlay-type":"","overlay-color":"","overlay-opacity":"","overlay-gradient":""},"mobile":{"background-color":"","background-image":"","background-repeat":"repeat","background-position":"center center","background-size":"auto","background-attachment":"scroll","background-type":"","background-media":"","overlay-type":"","overlay-color":"","overlay-opacity":"","overlay-gradient":""}},"ast-content-background-meta":{"desktop":{"background-color":"var(--ast-global-color-4)","background-image":"","background-repeat":"repeat","background-position":"center center","background-size":"auto","background-attachment":"scroll","background-type":"","background-media":"","overlay-type":"","overlay-color":"","overlay-opacity":"","overlay-gradient":""},"tablet":{"background-color":"var(--ast-global-color-4)","background-image":"","background-repeat":"repeat","background-position":"center center","background-size":"auto","background-attachment":"scroll","background-type":"","background-media":"","overlay-type":"","overlay-color":"","overlay-opacity":"","overlay-gradient":""},"mobile":{"background-color":"var(--ast-global-color-4)","background-image":"","background-repeat":"repeat","background-position":"center center","background-size":"auto","background-attachment":"scroll","background-type":"","background-media":"","overlay-type":"","overlay-color":"","overlay-opacity":"","overlay-gradient":""}},"footnotes":""},"categories":[],"tags":[1022,1015],"class_list":["post-268660","page","type-page","status-publish","hentry","tag-building-permit","tag-permitting-building-construction"],"yoast_head":"<!-- This site is optimized with the Yoast SEO Premium plugin v27.4 (Yoast SEO v27.4) - https:\/\/yoast.com\/product\/yoast-seo-premium-wordpress\/ -->\n<title>City of Miami Beach Permits - City of Miami Beach<\/title>\n<meta name=\"description\" content=\"Explore the City of Miami Beach permit guides, checklists, and FAQs to better understand the permit requirements specific to your project.\" \/>\n<meta name=\"robots\" content=\"index, follow, max-snippet:-1, max-image-preview:large, max-video-preview:-1\" \/>\n<link rel=\"canonical\" href=\"https:\/\/www.miamibeachfl.gov\/pt\/permits\/\" \/>\n<meta property=\"og:locale\" content=\"pt_BR\" \/>\n<meta property=\"og:type\" content=\"article\" \/>\n<meta property=\"og:title\" content=\"City of Miami Beach Permits\" \/>\n<meta property=\"og:description\" content=\"Explore the City of Miami Beach permit guides, checklists, and FAQs to better understand the permit requirements specific to your project.\" \/>\n<meta property=\"og:url\" content=\"https:\/\/www.miamibeachfl.gov\/pt\/permits\/\" \/>\n<meta property=\"og:site_name\" content=\"City of Miami Beach\" \/>\n<meta property=\"article:publisher\" content=\"https:\/\/www.facebook.com\/cityofmiamibeach\" \/>\n<meta property=\"article:modified_time\" content=\"2026-02-19T14:40:06+00:00\" \/>\n<meta property=\"og:image\" content=\"https:\/\/www.miamibeachfl.gov\/wp-content\/uploads\/2023\/08\/contractor-building-person.jpeg\" \/>\n\t<meta property=\"og:image:width\" content=\"1000\" \/>\n\t<meta property=\"og:image:height\" content=\"1000\" \/>\n\t<meta property=\"og:image:type\" content=\"image\/jpeg\" \/>\n<meta name=\"twitter:card\" content=\"summary_large_image\" \/>\n<meta name=\"twitter:site\" content=\"@Miamibeachnews\" \/>\n<script type=\"application\/ld+json\" class=\"yoast-schema-graph\">{\"@context\":\"https:\\\/\\\/schema.org\",\"@graph\":[{\"@type\":\"WebPage\",\"@id\":\"https:\\\/\\\/www.miamibeachfl.gov\\\/permits\\\/\",\"url\":\"https:\\\/\\\/www.miamibeachfl.gov\\\/permits\\\/\",\"name\":\"City of Miami Beach Permits - City of Miami Beach\",\"isPartOf\":{\"@id\":\"https:\\\/\\\/www.miamibeachfl.gov\\\/#website\"},\"primaryImageOfPage\":{\"@id\":\"https:\\\/\\\/www.miamibeachfl.gov\\\/permits\\\/#primaryimage\"},\"image\":{\"@id\":\"https:\\\/\\\/www.miamibeachfl.gov\\\/permits\\\/#primaryimage\"},\"thumbnailUrl\":\"https:\\\/\\\/www.miamibeachfl.gov\\\/wp-content\\\/uploads\\\/2023\\\/03\\\/building-workers-500sq-300x300.jpg\",\"datePublished\":\"2023-08-16T20:06:19+00:00\",\"dateModified\":\"2026-02-19T14:40:06+00:00\",\"description\":\"Explore the City of Miami Beach permit guides, checklists, and FAQs to better understand the permit requirements specific to your project.\",\"breadcrumb\":{\"@id\":\"https:\\\/\\\/www.miamibeachfl.gov\\\/permits\\\/#breadcrumb\"},\"inLanguage\":\"pt-BR\",\"potentialAction\":[{\"@type\":\"ReadAction\",\"target\":[\"https:\\\/\\\/www.miamibeachfl.gov\\\/permits\\\/\"]}]},{\"@type\":\"ImageObject\",\"inLanguage\":\"pt-BR\",\"@id\":\"https:\\\/\\\/www.miamibeachfl.gov\\\/permits\\\/#primaryimage\",\"url\":\"https:\\\/\\\/www.miamibeachfl.gov\\\/wp-content\\\/uploads\\\/2023\\\/03\\\/building-workers-500sq-300x300.jpg\",\"contentUrl\":\"https:\\\/\\\/www.miamibeachfl.gov\\\/wp-content\\\/uploads\\\/2023\\\/03\\\/building-workers-500sq-300x300.jpg\"},{\"@type\":\"BreadcrumbList\",\"@id\":\"https:\\\/\\\/www.miamibeachfl.gov\\\/permits\\\/#breadcrumb\",\"itemListElement\":[{\"@type\":\"ListItem\",\"position\":1,\"name\":\"Home\",\"item\":\"https:\\\/\\\/www.miamibeachfl.gov\\\/\"},{\"@type\":\"ListItem\",\"position\":2,\"name\":\"City of Miami Beach Permits\"}]},{\"@type\":\"WebSite\",\"@id\":\"https:\\\/\\\/www.miamibeachfl.gov\\\/#website\",\"url\":\"https:\\\/\\\/www.miamibeachfl.gov\\\/\",\"name\":\"City of Miami Beach\",\"description\":\"The official website of the City of Miami Beach. Stay informed, find important information on city services, news, alerts, events, trolley routes, government employment and more.\",\"publisher\":{\"@id\":\"https:\\\/\\\/www.miamibeachfl.gov\\\/#organization\"},\"potentialAction\":[{\"@type\":\"SearchAction\",\"target\":{\"@type\":\"EntryPoint\",\"urlTemplate\":\"https:\\\/\\\/www.miamibeachfl.gov\\\/?s={search_term_string}\"},\"query-input\":{\"@type\":\"PropertyValueSpecification\",\"valueRequired\":true,\"valueName\":\"search_term_string\"}}],\"inLanguage\":\"pt-BR\"},{\"@type\":\"Organization\",\"@id\":\"https:\\\/\\\/www.miamibeachfl.gov\\\/#organization\",\"name\":\"City of Miami Beach\",\"url\":\"https:\\\/\\\/www.miamibeachfl.gov\\\/\",\"logo\":{\"@type\":\"ImageObject\",\"inLanguage\":\"pt-BR\",\"@id\":\"https:\\\/\\\/www.miamibeachfl.gov\\\/#\\\/schema\\\/logo\\\/image\\\/\",\"url\":\"https:\\\/\\\/www.miamibeachfl.gov\\\/wp-content\\\/uploads\\\/2022\\\/06\\\/miamibeach-logoblue.png\",\"contentUrl\":\"https:\\\/\\\/www.miamibeachfl.gov\\\/wp-content\\\/uploads\\\/2022\\\/06\\\/miamibeach-logoblue.png\",\"width\":1962,\"height\":381,\"caption\":\"City of Miami Beach\"},\"image\":{\"@id\":\"https:\\\/\\\/www.miamibeachfl.gov\\\/#\\\/schema\\\/logo\\\/image\\\/\"},\"sameAs\":[\"https:\\\/\\\/www.facebook.com\\\/cityofmiamibeach\",\"https:\\\/\\\/x.com\\\/Miamibeachnews\",\"https:\\\/\\\/www.instagram.com\\\/miamibeachnews\\\/\"],\"description\":\"The official website of the City of Miami Beach. Stay informed, find important information on city services, news, alerts, events, trolley routes, government employment and more.\",\"telephone\":\"305.604.CITY(2489)\",\"legalName\":\"City of Miami Beach\"}]}<\/script>\n<!-- \/ Yoast SEO Premium plugin. -->","yoast_head_json":{"title":"Permiss\u00f5es da Cidade de Miami Beach - Cidade de Miami Beach","description":"Explore os guias de permiss\u00e3o, listas de verifica\u00e7\u00e3o e perguntas frequentes da cidade de Miami Beach para entender melhor os requisitos de permiss\u00e3o espec\u00edficos para seu projeto.","robots":{"index":"index","follow":"follow","max-snippet":"max-snippet:-1","max-image-preview":"max-image-preview:large","max-video-preview":"max-video-preview:-1"},"canonical":"https:\/\/www.miamibeachfl.gov\/pt\/permits\/","og_locale":"pt_BR","og_type":"article","og_title":"City of Miami Beach Permits","og_description":"Explore the City of Miami Beach permit guides, checklists, and FAQs to better understand the permit requirements specific to your project.","og_url":"https:\/\/www.miamibeachfl.gov\/pt\/permits\/","og_site_name":"City of Miami Beach","article_publisher":"https:\/\/www.facebook.com\/cityofmiamibeach","article_modified_time":"2026-02-19T14:40:06+00:00","og_image":[{"width":1000,"height":1000,"url":"https:\/\/www.miamibeachfl.gov\/wp-content\/uploads\/2023\/08\/contractor-building-person.jpeg","type":"image\/jpeg"}],"twitter_card":"summary_large_image","twitter_site":"@Miamibeachnews","schema":{"@context":"https:\/\/schema.org","@graph":[{"@type":"WebPage","@id":"https:\/\/www.miamibeachfl.gov\/permits\/","url":"https:\/\/www.miamibeachfl.gov\/permits\/","name":"Permiss\u00f5es da Cidade de Miami Beach - Cidade de Miami Beach","isPartOf":{"@id":"https:\/\/www.miamibeachfl.gov\/#website"},"primaryImageOfPage":{"@id":"https:\/\/www.miamibeachfl.gov\/permits\/#primaryimage"},"image":{"@id":"https:\/\/www.miamibeachfl.gov\/permits\/#primaryimage"},"thumbnailUrl":"https:\/\/www.miamibeachfl.gov\/wp-content\/uploads\/2023\/03\/building-workers-500sq-300x300.jpg","datePublished":"2023-08-16T20:06:19+00:00","dateModified":"2026-02-19T14:40:06+00:00","description":"Explore os guias de permiss\u00e3o, listas de verifica\u00e7\u00e3o e perguntas frequentes da cidade de Miami Beach para entender melhor os requisitos de permiss\u00e3o espec\u00edficos para seu projeto.","breadcrumb":{"@id":"https:\/\/www.miamibeachfl.gov\/permits\/#breadcrumb"},"inLanguage":"pt-BR","potentialAction":[{"@type":"ReadAction","target":["https:\/\/www.miamibeachfl.gov\/permits\/"]}]},{"@type":"ImageObject","inLanguage":"pt-BR","@id":"https:\/\/www.miamibeachfl.gov\/permits\/#primaryimage","url":"https:\/\/www.miamibeachfl.gov\/wp-content\/uploads\/2023\/03\/building-workers-500sq-300x300.jpg","contentUrl":"https:\/\/www.miamibeachfl.gov\/wp-content\/uploads\/2023\/03\/building-workers-500sq-300x300.jpg"},{"@type":"BreadcrumbList","@id":"https:\/\/www.miamibeachfl.gov\/permits\/#breadcrumb","itemListElement":[{"@type":"ListItem","position":1,"name":"Home","item":"https:\/\/www.miamibeachfl.gov\/"},{"@type":"ListItem","position":2,"name":"City of Miami Beach Permits"}]},{"@type":"WebSite","@id":"https:\/\/www.miamibeachfl.gov\/#website","url":"https:\/\/www.miamibeachfl.gov\/","name":"Cidade de Miami Beach","description":"Site oficial da cidade de Miami Beach. Mantenha-se informado e encontre informa\u00e7\u00f5es importantes sobre servi\u00e7os municipais, not\u00edcias, alertas, eventos, rotas de bonde, empregos p\u00fablicos e muito mais.","publisher":{"@id":"https:\/\/www.miamibeachfl.gov\/#organization"},"potentialAction":[{"@type":"SearchAction","target":{"@type":"EntryPoint","urlTemplate":"https:\/\/www.miamibeachfl.gov\/?s={search_term_string}"},"query-input":{"@type":"PropertyValueSpecification","valueRequired":true,"valueName":"search_term_string"}}],"inLanguage":"pt-BR"},{"@type":"Organization","@id":"https:\/\/www.miamibeachfl.gov\/#organization","name":"Cidade de Miami Beach","url":"https:\/\/www.miamibeachfl.gov\/","logo":{"@type":"ImageObject","inLanguage":"pt-BR","@id":"https:\/\/www.miamibeachfl.gov\/#\/schema\/logo\/image\/","url":"https:\/\/www.miamibeachfl.gov\/wp-content\/uploads\/2022\/06\/miamibeach-logoblue.png","contentUrl":"https:\/\/www.miamibeachfl.gov\/wp-content\/uploads\/2022\/06\/miamibeach-logoblue.png","width":1962,"height":381,"caption":"City of Miami Beach"},"image":{"@id":"https:\/\/www.miamibeachfl.gov\/#\/schema\/logo\/image\/"},"sameAs":["https:\/\/www.facebook.com\/cityofmiamibeach","https:\/\/x.com\/Miamibeachnews","https:\/\/www.instagram.com\/miamibeachnews\/"],"description":"Site oficial da cidade de Miami Beach. Mantenha-se informado e encontre informa\u00e7\u00f5es importantes sobre servi\u00e7os municipais, not\u00edcias, alertas, eventos, rotas de bonde, empregos p\u00fablicos e muito mais.","telephone":"305.604.CITY(2489)","legalName":"City of Miami Beach"}]}},"_links":{"self":[{"href":"https:\/\/www.miamibeachfl.gov\/pt\/wp-json\/wp\/v2\/pages\/268660","targetHints":{"allow":["GET"]}}],"collection":[{"href":"https:\/\/www.miamibeachfl.gov\/pt\/wp-json\/wp\/v2\/pages"}],"about":[{"href":"https:\/\/www.miamibeachfl.gov\/pt\/wp-json\/wp\/v2\/types\/page"}],"author":[{"embeddable":true,"href":"https:\/\/www.miamibeachfl.gov\/pt\/wp-json\/wp\/v2\/users\/222"}],"replies":[{"embeddable":true,"href":"https:\/\/www.miamibeachfl.gov\/pt\/wp-json\/wp\/v2\/comments?post=268660"}],"version-history":[{"count":11,"href":"https:\/\/www.miamibeachfl.gov\/pt\/wp-json\/wp\/v2\/pages\/268660\/revisions"}],"predecessor-version":[{"id":396533,"href":"https:\/\/www.miamibeachfl.gov\/pt\/wp-json\/wp\/v2\/pages\/268660\/revisions\/396533"}],"wp:attachment":[{"href":"https:\/\/www.miamibeachfl.gov\/pt\/wp-json\/wp\/v2\/media?parent=268660"}],"wp:term":[{"taxonomy":"category","embeddable":true,"href":"https:\/\/www.miamibeachfl.gov\/pt\/wp-json\/wp\/v2\/categories?post=268660"},{"taxonomy":"post_tag","embeddable":true,"href":"https:\/\/www.miamibeachfl.gov\/pt\/wp-json\/wp\/v2\/tags?post=268660"}],"curies":[{"name":"wp","href":"https:\/\/api.w.org\/{rel}","templated":true}]}}