{"id":268935,"date":"2023-08-18T09:22:44","date_gmt":"2023-08-18T13:22:44","guid":{"rendered":"https:\/\/www.miamibeachfl.gov\/?page_id=268935"},"modified":"2026-03-12T15:11:17","modified_gmt":"2026-03-12T19:11:17","slug":"marine-waterfront-protection-committee","status":"publish","type":"page","link":"https:\/\/www.miamibeachfl.gov\/pt\/city-hall\/city-clerk\/boards-and-committees\/marine-waterfront-protection-committee\/","title":{"rendered":"Autoridade de Prote\u00e7\u00e3o Marinha e de Orlas Mar\u00edtimas"},"content":{"rendered":"<h1>\n\t\t\tAutoridade de Prote\u00e7\u00e3o Marinha e de Orlas Mar\u00edtimas\t<\/h1>\nCard\u00e1pio do Secret\u00e1rio Municipal\t\t\t\n\t\t\t\t\t<ul id=\"menu-city-clerk\"><li id=\"menu-item-317005\"><a href=\"\/pt\/city-hall\/city-clerk\/\">Escriv\u00e3o da cidade<\/a><\/li>\n<li id=\"menu-item-258831\"><a href=\"\/pt\/city-hall\/city-clerk\/public-records-request\/\">Registros P\u00fablicos<\/a><\/li>\n<li id=\"menu-item-258832\"><a href=\"\/pt\/city-hall\/city-clerk\/meetings-and-agendas\/\">Agendas<\/a><\/li>\n<li id=\"menu-item-258833\"><a href=\"\/pt\/city-hall\/city-clerk\/forms\/\">Formul\u00e1rios<\/a><\/li>\n<li id=\"menu-item-258834\"><a href=\"\/pt\/city-hall\/city-clerk\/boards-and-committees\/\">Conselhos e Comit\u00eas<\/a><\/li>\n<li id=\"menu-item-258835\"><a href=\"\/pt\/city-hall\/city-clerk\/election-information\/\">Informa\u00e7\u00f5es sobre elei\u00e7\u00f5es<\/a><\/li>\n<li id=\"menu-item-258836\"><a href=\"\/pt\/city-hall\/city-clerk\/notification-system\/\">Notifica\u00e7\u00f5es<\/a><\/li>\n<li id=\"menu-item-258837\"><a href=\"\/pt\/city-hall\/city-clerk\/public-records-request\/additional-contacts\/\">Contate-nos<\/a><\/li>\n<\/ul>\t\nMenu do Secret\u00e1rio Municipal \u00d7\t\t\t\t\t\t<ul id=\"menu-city-clerk-1\"><li id=\"menu-item-317005\"><a href=\"\/pt\/city-hall\/city-clerk\/\">Escriv\u00e3o da cidade<\/a><\/li>\n<li id=\"menu-item-258831\"><a href=\"\/pt\/city-hall\/city-clerk\/public-records-request\/\">Registros P\u00fablicos<\/a><\/li>\n<li id=\"menu-item-258832\"><a href=\"\/pt\/city-hall\/city-clerk\/meetings-and-agendas\/\">Agendas<\/a><\/li>\n<li id=\"menu-item-258833\"><a href=\"\/pt\/city-hall\/city-clerk\/forms\/\">Formul\u00e1rios<\/a><\/li>\n<li id=\"menu-item-258834\"><a href=\"\/pt\/city-hall\/city-clerk\/boards-and-committees\/\">Conselhos e Comit\u00eas<\/a><\/li>\n<li id=\"menu-item-258835\"><a href=\"\/pt\/city-hall\/city-clerk\/election-information\/\">Informa\u00e7\u00f5es sobre elei\u00e7\u00f5es<\/a><\/li>\n<li id=\"menu-item-258836\"><a href=\"\/pt\/city-hall\/city-clerk\/notification-system\/\">Notifica\u00e7\u00f5es<\/a><\/li>\n<li id=\"menu-item-258837\"><a href=\"\/pt\/city-hall\/city-clerk\/public-records-request\/additional-contacts\/\">Contate-nos<\/a><\/li>\n<\/ul>\t\t\t\t\n\t<p>A Autoridade de Prote\u00e7\u00e3o Marinha e de Orlas Mar\u00edtimas ser\u00e1 composta por quatorze (14) membros votantes, que ser\u00e3o nomeados diretamente pelo Prefeito e pelos Comiss\u00e1rios da Cidade, cada um com duas (2) nomea\u00e7\u00f5es diretas.<\/p>\n<p>As nomea\u00e7\u00f5es para a Autoridade consistir\u00e3o numa combina\u00e7\u00e3o de indiv\u00edduos que tenham tido experi\u00eancia anterior em:<\/p>\n<p>1. A opera\u00e7\u00e3o ou inspe\u00e7\u00e3o de instala\u00e7\u00f5es mar\u00edtimas, incluindo experi\u00eancia em v\u00e1rios tipos de embarca\u00e7\u00f5es mar\u00edtimas e atividades n\u00e1uticas; e\/ou<\/p>\n<p>2. Que tenham interesse na preserva\u00e7\u00e3o das praias e orlas da Cidade. Os membros da Autoridade ter\u00e3o o direito e o dever de consultar qualquer membro da Administra\u00e7\u00e3o Municipal para obter informa\u00e7\u00f5es t\u00e9cnicas ou de outra natureza relativas aos assuntos que lhes s\u00e3o submetidos.<\/p>\n<!--\n<strong>2020 MEETING DATE\/AGENDA MINUTES:<\/strong>\n<table width=\"264\">\n<tbody>\n<tr>\n<th>DATE<\/th>\n<th>AGENDA<\/th>\n<th>MINUTES<\/th>\n<\/tr>\n<tr>\n<td>1\/14\/2020<\/td>\n<td><a href=\"http:\/\/www.miamibeachfl.gov\/wp-content\/uploads\/2020\/10\/1-14-20-Agenda.pdf\">AGENDA<\/a><\/td>\n<td><a href=\"http:\/\/www.miamibeachfl.gov\/wp-content\/uploads\/2020\/10\/1-14-20-Meeting-Minutes.pdf\">MINUTES<\/a><\/td>\n<\/tr>\n<tr>\n<td>2\/11\/2020<\/td>\n<td><a href=\"http:\/\/www.miamibeachfl.gov\/wp-content\/uploads\/2020\/10\/2-11-20-Agenda.pdf\">AGENDA<\/a><\/td>\n<td><a href=\"http:\/\/www.miamibeachfl.gov\/wp-content\/uploads\/2020\/10\/2-11-20-Meeting-Minutes.pdf\">MINUTES<\/a><\/td>\n<\/tr>\n<tr>\n<td>3\/10\/2020<\/td>\n<td><a href=\"http:\/\/www.miamibeachfl.gov\/wp-content\/uploads\/2020\/10\/3-10-20-Agenda.pdf\">AGENDA<\/a><\/td>\n<td><a href=\"http:\/\/www.miamibeachfl.gov\/wp-content\/uploads\/2020\/10\/3-10-20-Meeting-Minutes.pdf\">MINUTES<\/a><\/td>\n<\/tr>\n<tr>\n<td>4\/28\/2020<\/td>\n<td><a href=\"http:\/\/www.miamibeachfl.gov\/wp-content\/uploads\/2020\/10\/4-28-20-Agenda.pdf\">AGENDA<\/a><\/td>\n<td><a href=\"http:\/\/www.miamibeachfl.gov\/wp-content\/uploads\/2020\/10\/4-28-20-Meeting-Minutes.pdf\">MINUTES<\/a><\/td>\n<\/tr>\n<tr>\n<td>5\/26\/2020<\/td>\n<td><a href=\"http:\/\/www.miamibeachfl.gov\/wp-content\/uploads\/2020\/10\/5-26-20-Agenda.pdf\">AGENDA<\/a><\/td>\n<td><a href=\"http:\/\/www.miamibeachfl.gov\/wp-content\/uploads\/2020\/10\/5-26-20-Meeting-Minutes.pdf\">MINUTES<\/a><\/td>\n<\/tr>\n<\/tbody>\n<\/table>\n-->\n\t<p>(1) Elaborar relat\u00f3rios peri\u00f3dicos e recomenda\u00e7\u00f5es consultivas n\u00e3o vinculativas ao gestor municipal ou \u00e0 comiss\u00e3o municipal para a melhoria dos padr\u00f5es da cidade em quest\u00f5es relacionadas ao meio marinho, a fim de promover e manter um ambiente marinho seguro, limpo e saud\u00e1vel, para o usufruto dos moradores e visitantes da cidade. Isso inclui trabalhar em coopera\u00e7\u00e3o com ag\u00eancias federais, estaduais e locais interessadas em padr\u00f5es marinhos e cursos d&#039;\u00e1gua limpos e desobstru\u00eddos; e divulgar a import\u00e2ncia de padr\u00f5es adequados; e realizar e conduzir audi\u00eancias p\u00fablicas, debates, f\u00f3runs e institutos para organizar programas de apresenta\u00e7\u00e3o de informa\u00e7\u00f5es por especialistas em \u00e1reas relacionadas.<\/p>\n<p>(2) Promover e manter um ambiente marinho limpo e livre de lixo, explorando a disponibilidade de t\u00e9cnicas de execu\u00e7\u00e3o, novas portarias e a promo\u00e7\u00e3o ativa de limpezas volunt\u00e1rias.<\/p>\n<p>(3) Fazer recomenda\u00e7\u00f5es sobre quaisquer atividades atuais e futuras na orla, incluindo a autoriza\u00e7\u00e3o e o policiamento de concess\u00f5es relacionadas \u00e0 \u00e1gua e \u00e0 praia, eventos especiais relacionados \u00e0 \u00e1gua e ao mar, e quest\u00f5es ambientais marinhas e da orla.<\/p>\n<p>(4) Fazer recomenda\u00e7\u00f5es ao gestor municipal e \u00e0 comiss\u00e3o municipal sobre a potencial suspens\u00e3o ou revoga\u00e7\u00e3o de receitas de impostos comerciais para operadores de fretamento comercial que se envolvam em atividades inc\u00f4modas ou ilegais habituais. O gestor municipal dever\u00e1 responder a qualquer recomenda\u00e7\u00e3o feita de acordo com esta subse\u00e7\u00e3o no prazo de 30 dias.<\/p>\n<p>(5) A investiga\u00e7\u00e3o, desenvolvimento e execu\u00e7\u00e3o de planos para a preserva\u00e7\u00e3o e recupera\u00e7\u00e3o das praias da cidade, incluindo, mas n\u00e3o se limitando, ao controlo da eros\u00e3o.<\/p>\n<p>(6) Promover e manter um ambiente de praia limpo, seguro e livre de lixo, explorando a disponibilidade de t\u00e9cnicas de fiscaliza\u00e7\u00e3o, programas ou nova legisla\u00e7\u00e3o para atingir esses objetivos.<\/p>\n<p>(7) O incentivo ao desejo dos cidad\u00e3os e visitantes da cidade de manter e preservar as praias da cidade.<\/p>\n<p>(8) A recomenda\u00e7\u00e3o de planos ao administrador da cidade, \u00e0 comiss\u00e3o municipal, bem como a outras ag\u00eancias governamentais locais, estaduais e federais, para a preserva\u00e7\u00e3o e nutri\u00e7\u00e3o das praias da cidade.<\/p>\n<p>(9) O poder de revis\u00e3o e recomenda\u00e7\u00e3o da autoridade estabelecido acima tamb\u00e9m se aplicar\u00e1 a quest\u00f5es relativas \u00e0 manuten\u00e7\u00e3o de cal\u00e7ad\u00f5es urbanos, passeios de praia, passeios de barco e passarelas.<\/p>\n<!--\n<strong>2020 MEETING DATE\/AGENDA MINUTES:<\/strong>\n<table width=\"264\">\n<tbody>\n<tr>\n<th>DATE<\/th>\n<th>AGENDA<\/th>\n<th>MINUTES<\/th>\n<\/tr>\n<tr>\n<td>1\/14\/2020<\/td>\n<td><a href=\"http:\/\/www.miamibeachfl.gov\/wp-content\/uploads\/2020\/10\/1-14-20-Agenda.pdf\">AGENDA<\/a><\/td>\n<td><a href=\"http:\/\/www.miamibeachfl.gov\/wp-content\/uploads\/2020\/10\/1-14-20-Meeting-Minutes.pdf\">MINUTES<\/a><\/td>\n<\/tr>\n<tr>\n<td>2\/11\/2020<\/td>\n<td><a href=\"http:\/\/www.miamibeachfl.gov\/wp-content\/uploads\/2020\/10\/2-11-20-Agenda.pdf\">AGENDA<\/a><\/td>\n<td><a href=\"http:\/\/www.miamibeachfl.gov\/wp-content\/uploads\/2020\/10\/2-11-20-Meeting-Minutes.pdf\">MINUTES<\/a><\/td>\n<\/tr>\n<tr>\n<td>3\/10\/2020<\/td>\n<td><a href=\"http:\/\/www.miamibeachfl.gov\/wp-content\/uploads\/2020\/10\/3-10-20-Agenda.pdf\">AGENDA<\/a><\/td>\n<td><a href=\"http:\/\/www.miamibeachfl.gov\/wp-content\/uploads\/2020\/10\/3-10-20-Meeting-Minutes.pdf\">MINUTES<\/a><\/td>\n<\/tr>\n<tr>\n<td>4\/28\/2020<\/td>\n<td><a href=\"http:\/\/www.miamibeachfl.gov\/wp-content\/uploads\/2020\/10\/4-28-20-Agenda.pdf\">AGENDA<\/a><\/td>\n<td><a href=\"http:\/\/www.miamibeachfl.gov\/wp-content\/uploads\/2020\/10\/4-28-20-Meeting-Minutes.pdf\">MINUTES<\/a><\/td>\n<\/tr>\n<tr>\n<td>5\/26\/2020<\/td>\n<td><a href=\"http:\/\/www.miamibeachfl.gov\/wp-content\/uploads\/2020\/10\/5-26-20-Agenda.pdf\">AGENDA<\/a><\/td>\n<td><a href=\"http:\/\/www.miamibeachfl.gov\/wp-content\/uploads\/2020\/10\/5-26-20-Meeting-Minutes.pdf\">MINUTES<\/a><\/td>\n<\/tr>\n<\/tbody>\n<\/table>\n-->\n\t<p>&nbsp;<\/p>\n<iframe loading=\"lazy\" title=\"Ver reuni\u00f5es da Comiss\u00e3o e do Conselho\" src=\"https:\/\/docmgmt.miamibeachfl.gov\/WebLink\/Browse.aspx?id=211317&amp;dbid=0&amp;repo=CityClerk\" name=\"cityofmiamibeach\" width=\"300\" height=\"150\" frameborder=\"0\"><\/iframe>\n\t\t\t<a href=\"https:\/\/www.miamibeachfl.gov\/wp-content\/uploads\/2026\/03\/Searchable-Report-1.pdf\" target=\"_blank\" rel=\"noopener\">\n\t\t\t\t\t\tDetalhes da Associa\u00e7\u00e3o (Termos, Cargos, T\u00edtulos)\n\t\t\t\t\t<\/a>\n\t\t\t<a href=\"https:\/\/www.miamibeachfl.gov\/wp-content\/uploads\/2026\/03\/Vacancy-Report-1.pdf\" target=\"_blank\" rel=\"noopener\">\n\t\t\t\t\t\tVagas\n\t\t\t\t\t<\/a>\n\t\t\t<a href=\"https:\/\/www.miamibeachfl.gov\/wp-content\/uploads\/2026\/02\/Liaison-Contact-Information.pdf\" target=\"_blank\" rel=\"noopener\">\n\t\t\t\t\t\tInforma\u00e7\u00f5es de contato de liga\u00e7\u00e3o\n\t\t\t\t\t<\/a>\n\t\t\t<iframe loading=\"lazy\" src=\"https:\/\/docmgmt.miamibeachfl.gov\/WebLink\/Browse.aspx?id=120704&#038;dbid=0&#038;repo=CityClerk\" frameborder=\"0\" width=\"100%\" height=\"100%\" allowfullscreen><\/iframe>\t\t\t\n\t\t\t<a href=\"javascript:void(0)\" title=\"Clique aqui\" target=\"_self\"  data-modal=  \"role=\"button\"\" aria-label=\"Pesquisar Arquivos\">\n\t\t\t\t\t\t\t\t\t\t\tPesquisar Arquivos\n\t\t<\/a>\n\t\t\t<iframe loading=\"lazy\" src=\"https:\/\/miamibeach.novusagenda.com\/agendapublic\/meetingsgeneral.aspx\" frameborder=\"0\" width=\"100%\" height=\"100%\" allowfullscreen><\/iframe>\t\t\t\n\t\t\t<a href=\"javascript:void(0)\" title=\"Clique aqui\" target=\"_self\"  data-modal=  \"role=\"button\"\" aria-label=\"Pesquisar pautas e atas\">\n\t\t\t\t\t\t\t\t\t\t\tPesquisar pautas e atas\n\t\t<\/a>\n\t\t\t<a href=\"https:\/\/www.miamibeachfl.gov\/pt\/city-hall\/city-clerk-new\/contactus\/\" target=\"_self\">\n\t\t\t\t\t\tContate-nos\n\t\t\t\t\t<\/a>\n\t\t<h3>Solicita\u00e7\u00f5es de Registros P\u00fablicos<\/h3>\t\t\t\n\t\t\t\t<p>Acesse o site de Solicita\u00e7\u00e3o de Registros P\u00fablicos da Cidade de Miami Beach. Envie uma nova solicita\u00e7\u00e3o, verifique o status de uma solicita\u00e7\u00e3o enviada e pesquise no arquivo de solicita\u00e7\u00f5es de registros.<\/p>\n<p>Caso tenha alguma d\u00favida sobre registros p\u00fablicos, ligue para o cart\u00f3rio da cidade de Miami Beach pelo telefone 305-673-7411.\u00a0<\/p>\n\t\t\t<a href=\"https:\/\/miamibeachfl.justfoia.com\/publicportal\/home\/track\" title=\"Clique aqui\" target=\"_blank\" rel=\"noopener\"  role=\"button\" aria-label=\"Enviar uma solicita\u00e7\u00e3o\">\n\t\t\t\t\t\t\t\t\t\t\tEnviar uma solicita\u00e7\u00e3o\n\t\t<\/a>","protected":false},"excerpt":{"rendered":"<p>Autoridade de Prote\u00e7\u00e3o Marinha e de Orlas Mar\u00edtimas Secret\u00e1rio Municipal Menu Secret\u00e1rio Municipal Registros P\u00fablicos Agendas Formul\u00e1rios Conselhos e Comit\u00eas Informa\u00e7\u00f5es Eleitorais Notifica\u00e7\u00f5es [\u2026]<\/p>","protected":false},"author":222,"featured_media":0,"parent":258819,"menu_order":32,"comment_status":"closed","ping_status":"closed","template":"","meta":{"_searchwp_excluded":"","site-sidebar-layout":"default","site-content-layout":"","ast-site-content-layout":"default","site-content-style":"default","site-sidebar-style":"default","ast-global-header-display":"","ast-banner-title-visibility":"","ast-main-header-display":"","ast-hfb-above-header-display":"","ast-hfb-below-header-display":"","ast-hfb-mobile-header-display":"","site-post-title":"","ast-breadcrumbs-content":"","ast-featured-img":"","footer-sml-layout":"","theme-transparent-header-meta":"","adv-header-id-meta":"","stick-header-meta":"","header-above-stick-meta":"","header-main-stick-meta":"","header-below-stick-meta":"","astra-migrate-meta-layouts":"default","ast-page-background-enabled":"default","ast-page-background-meta":{"desktop":{"background-color":"var(--ast-global-color-5)","background-image":"","background-repeat":"repeat","background-position":"center center","background-size":"auto","background-attachment":"scroll","background-type":"","background-media":"","overlay-type":"","overlay-color":"","overlay-opacity":"","overlay-gradient":""},"tablet":{"background-color":"","background-image":"","background-repeat":"repeat","background-position":"center center","background-size":"auto","background-attachment":"scroll","background-type":"","background-media":"","overlay-type":"","overlay-color":"","overlay-opacity":"","overlay-gradient":""},"mobile":{"background-color":"","background-image":"","background-repeat":"repeat","background-position":"center center","background-size":"auto","background-attachment":"scroll","background-type":"","background-media":"","overlay-type":"","overlay-color":"","overlay-opacity":"","overlay-gradient":""}},"ast-content-background-meta":{"desktop":{"background-color":"var(--ast-global-color-4)","background-image":"","background-repeat":"repeat","background-position":"center center","background-size":"auto","background-attachment":"scroll","background-type":"","background-media":"","overlay-type":"","overlay-color":"","overlay-opacity":"","overlay-gradient":""},"tablet":{"background-color":"var(--ast-global-color-4)","background-image":"","background-repeat":"repeat","background-position":"center center","background-size":"auto","background-attachment":"scroll","background-type":"","background-media":"","overlay-type":"","overlay-color":"","overlay-opacity":"","overlay-gradient":""},"mobile":{"background-color":"var(--ast-global-color-4)","background-image":"","background-repeat":"repeat","background-position":"center center","background-size":"auto","background-attachment":"scroll","background-type":"","background-media":"","overlay-type":"","overlay-color":"","overlay-opacity":"","overlay-gradient":""}},"footnotes":""},"categories":[],"tags":[1041,920],"class_list":["post-268935","page","type-page","status-publish","hentry","tag-bandc-auth-comm-and-council","tag-boards-and-committees"],"yoast_head":"<!-- This site is optimized with the Yoast SEO Premium plugin v26.6 (Yoast SEO v26.6) - https:\/\/yoast.com\/wordpress\/plugins\/seo\/ -->\n<title>Marine and Waterfront Protection Authority - City of Miami Beach<\/title>\n<meta name=\"description\" content=\"%\" \/>\n<meta name=\"robots\" content=\"index, follow, max-snippet:-1, max-image-preview:large, max-video-preview:-1\" \/>\n<link rel=\"canonical\" href=\"https:\/\/www.miamibeachfl.gov\/pt\/city-hall\/city-clerk\/boards-and-committees\/marine-waterfront-protection-committee\/\" \/>\n<meta property=\"og:locale\" content=\"pt_BR\" \/>\n<meta property=\"og:type\" content=\"article\" \/>\n<meta property=\"og:title\" content=\"Marine and Waterfront Protection Authority\" \/>\n<meta property=\"og:description\" content=\"%\" \/>\n<meta property=\"og:url\" content=\"https:\/\/www.miamibeachfl.gov\/pt\/city-hall\/city-clerk\/boards-and-committees\/marine-waterfront-protection-committee\/\" \/>\n<meta property=\"og:site_name\" content=\"City of Miami Beach\" \/>\n<meta property=\"article:publisher\" content=\"https:\/\/www.facebook.com\/cityofmiamibeach\" \/>\n<meta property=\"article:modified_time\" content=\"2026-03-12T19:11:17+00:00\" \/>\n<meta property=\"og:image\" content=\"https:\/\/www.miamibeachfl.gov\/wp-content\/uploads\/2024\/01\/1000pxSquare-miamibeach-aerial-southpointview.jpeg\" \/>\n\t<meta property=\"og:image:width\" content=\"1000\" \/>\n\t<meta property=\"og:image:height\" content=\"1000\" \/>\n\t<meta property=\"og:image:type\" content=\"image\/jpeg\" \/>\n<meta name=\"twitter:card\" content=\"summary_large_image\" \/>\n<meta name=\"twitter:site\" content=\"@Miamibeachnews\" \/>\n<script type=\"application\/ld+json\" class=\"yoast-schema-graph\">{\"@context\":\"https:\/\/schema.org\",\"@graph\":[{\"@type\":\"WebPage\",\"@id\":\"https:\/\/www.miamibeachfl.gov\/city-hall\/city-clerk\/boards-and-committees\/marine-waterfront-protection-committee\/\",\"url\":\"https:\/\/www.miamibeachfl.gov\/city-hall\/city-clerk\/boards-and-committees\/marine-waterfront-protection-committee\/\",\"name\":\"Marine and Waterfront Protection Authority - City of Miami Beach\",\"isPartOf\":{\"@id\":\"https:\/\/www.miamibeachfl.gov\/#website\"},\"datePublished\":\"2023-08-18T13:22:44+00:00\",\"dateModified\":\"2026-03-12T19:11:17+00:00\",\"description\":\"%\",\"breadcrumb\":{\"@id\":\"https:\/\/www.miamibeachfl.gov\/city-hall\/city-clerk\/boards-and-committees\/marine-waterfront-protection-committee\/#breadcrumb\"},\"inLanguage\":\"pt-BR\",\"potentialAction\":[{\"@type\":\"ReadAction\",\"target\":[\"https:\/\/www.miamibeachfl.gov\/city-hall\/city-clerk\/boards-and-committees\/marine-waterfront-protection-committee\/\"]}]},{\"@type\":\"BreadcrumbList\",\"@id\":\"https:\/\/www.miamibeachfl.gov\/city-hall\/city-clerk\/boards-and-committees\/marine-waterfront-protection-committee\/#breadcrumb\",\"itemListElement\":[{\"@type\":\"ListItem\",\"position\":1,\"name\":\"Home\",\"item\":\"https:\/\/www.miamibeachfl.gov\/\"},{\"@type\":\"ListItem\",\"position\":2,\"name\":\"City Hall\",\"item\":\"https:\/\/www.miamibeachfl.gov\/city-hall\/\"},{\"@type\":\"ListItem\",\"position\":3,\"name\":\"City Clerk\",\"item\":\"https:\/\/www.miamibeachfl.gov\/city-hall\/city-clerk\/\"},{\"@type\":\"ListItem\",\"position\":4,\"name\":\"Boards and Committees\",\"item\":\"https:\/\/www.miamibeachfl.gov\/city-hall\/city-clerk\/boards-and-committees\/\"},{\"@type\":\"ListItem\",\"position\":5,\"name\":\"Marine and Waterfront Protection Authority\"}]},{\"@type\":\"WebSite\",\"@id\":\"https:\/\/www.miamibeachfl.gov\/#website\",\"url\":\"https:\/\/www.miamibeachfl.gov\/\",\"name\":\"City of Miami Beach\",\"description\":\"The official website of the City of Miami Beach. Stay informed, find important information on city services, news, alerts, events, trolley routes, government employment and more.\",\"publisher\":{\"@id\":\"https:\/\/www.miamibeachfl.gov\/#organization\"},\"potentialAction\":[{\"@type\":\"SearchAction\",\"target\":{\"@type\":\"EntryPoint\",\"urlTemplate\":\"https:\/\/www.miamibeachfl.gov\/?s={search_term_string}\"},\"query-input\":{\"@type\":\"PropertyValueSpecification\",\"valueRequired\":true,\"valueName\":\"search_term_string\"}}],\"inLanguage\":\"pt-BR\"},{\"@type\":\"Organization\",\"@id\":\"https:\/\/www.miamibeachfl.gov\/#organization\",\"name\":\"City of Miami Beach\",\"url\":\"https:\/\/www.miamibeachfl.gov\/\",\"logo\":{\"@type\":\"ImageObject\",\"inLanguage\":\"pt-BR\",\"@id\":\"https:\/\/www.miamibeachfl.gov\/#\/schema\/logo\/image\/\",\"url\":\"https:\/\/www.miamibeachfl.gov\/wp-content\/uploads\/2022\/06\/miamibeach-logoblue.png\",\"contentUrl\":\"https:\/\/www.miamibeachfl.gov\/wp-content\/uploads\/2022\/06\/miamibeach-logoblue.png\",\"width\":1962,\"height\":381,\"caption\":\"City of Miami Beach\"},\"image\":{\"@id\":\"https:\/\/www.miamibeachfl.gov\/#\/schema\/logo\/image\/\"},\"sameAs\":[\"https:\/\/www.facebook.com\/cityofmiamibeach\",\"https:\/\/x.com\/Miamibeachnews\",\"https:\/\/www.instagram.com\/miamibeachnews\/\"],\"description\":\"The official website of the City of Miami Beach. Stay informed, find important information on city services, news, alerts, events, trolley routes, government employment and more.\",\"telephone\":\"305.604.CITY(2489)\",\"legalName\":\"City of Miami Beach\"}]}<\/script>\n<!-- \/ Yoast SEO Premium plugin. -->","yoast_head_json":{"title":"Autoridade de Prote\u00e7\u00e3o Marinha e de Orlas Mar\u00edtimas - Cidade de Miami Beach","description":"%","robots":{"index":"index","follow":"follow","max-snippet":"max-snippet:-1","max-image-preview":"max-image-preview:large","max-video-preview":"max-video-preview:-1"},"canonical":"https:\/\/www.miamibeachfl.gov\/pt\/city-hall\/city-clerk\/boards-and-committees\/marine-waterfront-protection-committee\/","og_locale":"pt_BR","og_type":"article","og_title":"Marine and Waterfront Protection Authority","og_description":"%","og_url":"https:\/\/www.miamibeachfl.gov\/pt\/city-hall\/city-clerk\/boards-and-committees\/marine-waterfront-protection-committee\/","og_site_name":"City of Miami Beach","article_publisher":"https:\/\/www.facebook.com\/cityofmiamibeach","article_modified_time":"2026-03-12T19:11:17+00:00","og_image":[{"width":1000,"height":1000,"url":"https:\/\/www.miamibeachfl.gov\/wp-content\/uploads\/2024\/01\/1000pxSquare-miamibeach-aerial-southpointview.jpeg","type":"image\/jpeg"}],"twitter_card":"summary_large_image","twitter_site":"@Miamibeachnews","schema":{"@context":"https:\/\/schema.org","@graph":[{"@type":"WebPage","@id":"https:\/\/www.miamibeachfl.gov\/city-hall\/city-clerk\/boards-and-committees\/marine-waterfront-protection-committee\/","url":"https:\/\/www.miamibeachfl.gov\/city-hall\/city-clerk\/boards-and-committees\/marine-waterfront-protection-committee\/","name":"Autoridade de Prote\u00e7\u00e3o Marinha e de Orlas Mar\u00edtimas - Cidade de Miami Beach","isPartOf":{"@id":"https:\/\/www.miamibeachfl.gov\/#website"},"datePublished":"2023-08-18T13:22:44+00:00","dateModified":"2026-03-12T19:11:17+00:00","description":"%","breadcrumb":{"@id":"https:\/\/www.miamibeachfl.gov\/city-hall\/city-clerk\/boards-and-committees\/marine-waterfront-protection-committee\/#breadcrumb"},"inLanguage":"pt-BR","potentialAction":[{"@type":"ReadAction","target":["https:\/\/www.miamibeachfl.gov\/city-hall\/city-clerk\/boards-and-committees\/marine-waterfront-protection-committee\/"]}]},{"@type":"BreadcrumbList","@id":"https:\/\/www.miamibeachfl.gov\/city-hall\/city-clerk\/boards-and-committees\/marine-waterfront-protection-committee\/#breadcrumb","itemListElement":[{"@type":"ListItem","position":1,"name":"Home","item":"https:\/\/www.miamibeachfl.gov\/"},{"@type":"ListItem","position":2,"name":"City Hall","item":"https:\/\/www.miamibeachfl.gov\/city-hall\/"},{"@type":"ListItem","position":3,"name":"City Clerk","item":"https:\/\/www.miamibeachfl.gov\/city-hall\/city-clerk\/"},{"@type":"ListItem","position":4,"name":"Boards and Committees","item":"https:\/\/www.miamibeachfl.gov\/city-hall\/city-clerk\/boards-and-committees\/"},{"@type":"ListItem","position":5,"name":"Marine and Waterfront Protection Authority"}]},{"@type":"WebSite","@id":"https:\/\/www.miamibeachfl.gov\/#website","url":"https:\/\/www.miamibeachfl.gov\/","name":"Cidade de Miami Beach","description":"Site oficial da cidade de Miami Beach. Mantenha-se informado e encontre informa\u00e7\u00f5es importantes sobre servi\u00e7os municipais, not\u00edcias, alertas, eventos, rotas de bonde, empregos p\u00fablicos e muito mais.","publisher":{"@id":"https:\/\/www.miamibeachfl.gov\/#organization"},"potentialAction":[{"@type":"SearchAction","target":{"@type":"EntryPoint","urlTemplate":"https:\/\/www.miamibeachfl.gov\/?s={search_term_string}"},"query-input":{"@type":"PropertyValueSpecification","valueRequired":true,"valueName":"search_term_string"}}],"inLanguage":"pt-BR"},{"@type":"Organization","@id":"https:\/\/www.miamibeachfl.gov\/#organization","name":"Cidade de Miami Beach","url":"https:\/\/www.miamibeachfl.gov\/","logo":{"@type":"ImageObject","inLanguage":"pt-BR","@id":"https:\/\/www.miamibeachfl.gov\/#\/schema\/logo\/image\/","url":"https:\/\/www.miamibeachfl.gov\/wp-content\/uploads\/2022\/06\/miamibeach-logoblue.png","contentUrl":"https:\/\/www.miamibeachfl.gov\/wp-content\/uploads\/2022\/06\/miamibeach-logoblue.png","width":1962,"height":381,"caption":"City of Miami Beach"},"image":{"@id":"https:\/\/www.miamibeachfl.gov\/#\/schema\/logo\/image\/"},"sameAs":["https:\/\/www.facebook.com\/cityofmiamibeach","https:\/\/x.com\/Miamibeachnews","https:\/\/www.instagram.com\/miamibeachnews\/"],"description":"Site oficial da cidade de Miami Beach. Mantenha-se informado e encontre informa\u00e7\u00f5es importantes sobre servi\u00e7os municipais, not\u00edcias, alertas, eventos, rotas de bonde, empregos p\u00fablicos e muito mais.","telephone":"305.604.CITY(2489)","legalName":"City of Miami Beach"}]}},"_links":{"self":[{"href":"https:\/\/www.miamibeachfl.gov\/pt\/wp-json\/wp\/v2\/pages\/268935","targetHints":{"allow":["GET"]}}],"collection":[{"href":"https:\/\/www.miamibeachfl.gov\/pt\/wp-json\/wp\/v2\/pages"}],"about":[{"href":"https:\/\/www.miamibeachfl.gov\/pt\/wp-json\/wp\/v2\/types\/page"}],"author":[{"embeddable":true,"href":"https:\/\/www.miamibeachfl.gov\/pt\/wp-json\/wp\/v2\/users\/222"}],"replies":[{"embeddable":true,"href":"https:\/\/www.miamibeachfl.gov\/pt\/wp-json\/wp\/v2\/comments?post=268935"}],"version-history":[{"count":0,"href":"https:\/\/www.miamibeachfl.gov\/pt\/wp-json\/wp\/v2\/pages\/268935\/revisions"}],"up":[{"embeddable":true,"href":"https:\/\/www.miamibeachfl.gov\/pt\/wp-json\/wp\/v2\/pages\/258819"}],"wp:attachment":[{"href":"https:\/\/www.miamibeachfl.gov\/pt\/wp-json\/wp\/v2\/media?parent=268935"}],"wp:term":[{"taxonomy":"category","embeddable":true,"href":"https:\/\/www.miamibeachfl.gov\/pt\/wp-json\/wp\/v2\/categories?post=268935"},{"taxonomy":"post_tag","embeddable":true,"href":"https:\/\/www.miamibeachfl.gov\/pt\/wp-json\/wp\/v2\/tags?post=268935"}],"curies":[{"name":"wp","href":"https:\/\/api.w.org\/{rel}","templated":true}]}}