{"id":268955,"date":"2023-08-18T10:15:03","date_gmt":"2023-08-18T14:15:03","guid":{"rendered":"https:\/\/www.miamibeachfl.gov\/?page_id=268955"},"modified":"2025-08-12T14:12:46","modified_gmt":"2025-08-12T18:12:46","slug":"mayors-41st-street-committee","status":"publish","type":"page","link":"https:\/\/www.miamibeachfl.gov\/pt\/city-hall\/city-clerk\/boards-and-committees\/mayors-41st-street-committee\/","title":{"rendered":"Comit\u00ea da Rua 41 do Prefeito"},"content":{"rendered":"<h1>\n\t\t\tComit\u00ea da 41st Street do Prefeito\t<\/h1>\nCard\u00e1pio do Secret\u00e1rio Municipal\t\t\t\n\t\t\t\t\t<ul id=\"menu-city-clerk\"><li id=\"menu-item-317005\"><a href=\"\/pt\/city-hall\/city-clerk\/\">Escriv\u00e3o da cidade<\/a><\/li>\n<li id=\"menu-item-258831\"><a href=\"\/pt\/city-hall\/city-clerk\/public-records-request\/\">Registros P\u00fablicos<\/a><\/li>\n<li id=\"menu-item-258832\"><a href=\"\/pt\/city-hall\/city-clerk\/meetings-and-agendas\/\">Agendas<\/a><\/li>\n<li id=\"menu-item-258833\"><a href=\"\/pt\/city-hall\/city-clerk\/forms\/\">Formul\u00e1rios<\/a><\/li>\n<li id=\"menu-item-258834\"><a href=\"\/pt\/city-hall\/city-clerk\/boards-and-committees\/\">Conselhos e Comit\u00eas<\/a><\/li>\n<li id=\"menu-item-258835\"><a href=\"\/pt\/city-hall\/city-clerk\/election-information\/\">Informa\u00e7\u00f5es sobre elei\u00e7\u00f5es<\/a><\/li>\n<li id=\"menu-item-258836\"><a href=\"\/pt\/city-hall\/city-clerk\/notification-system\/\">Notifica\u00e7\u00f5es<\/a><\/li>\n<li id=\"menu-item-258837\"><a href=\"\/pt\/city-hall\/city-clerk\/public-records-request\/additional-contacts\/\">Contate-nos<\/a><\/li>\n<\/ul>\t\nMenu do Secret\u00e1rio Municipal \u00d7\t\t\t\t\t\t<ul id=\"menu-city-clerk-1\"><li id=\"menu-item-317005\"><a href=\"\/pt\/city-hall\/city-clerk\/\">Escriv\u00e3o da cidade<\/a><\/li>\n<li id=\"menu-item-258831\"><a href=\"\/pt\/city-hall\/city-clerk\/public-records-request\/\">Registros P\u00fablicos<\/a><\/li>\n<li id=\"menu-item-258832\"><a href=\"\/pt\/city-hall\/city-clerk\/meetings-and-agendas\/\">Agendas<\/a><\/li>\n<li id=\"menu-item-258833\"><a href=\"\/pt\/city-hall\/city-clerk\/forms\/\">Formul\u00e1rios<\/a><\/li>\n<li id=\"menu-item-258834\"><a href=\"\/pt\/city-hall\/city-clerk\/boards-and-committees\/\">Conselhos e Comit\u00eas<\/a><\/li>\n<li id=\"menu-item-258835\"><a href=\"\/pt\/city-hall\/city-clerk\/election-information\/\">Informa\u00e7\u00f5es sobre elei\u00e7\u00f5es<\/a><\/li>\n<li id=\"menu-item-258836\"><a href=\"\/pt\/city-hall\/city-clerk\/notification-system\/\">Notifica\u00e7\u00f5es<\/a><\/li>\n<li id=\"menu-item-258837\"><a href=\"\/pt\/city-hall\/city-clerk\/public-records-request\/additional-contacts\/\">Contate-nos<\/a><\/li>\n<\/ul>\t\t\t\t\n\t<p>O Comit\u00ea da Rua 41 do Prefeito (&quot;Comit\u00ea&quot;) \u00e9 criado de acordo com a autoridade do Prefeito para estabelecer conselhos ou comit\u00eas presidenciais, nos termos da Se\u00e7\u00e3o 2-27(b)(2) do C\u00f3digo Municipal. O objetivo do Comit\u00ea \u00e9 estudar e fazer recomenda\u00e7\u00f5es sobre como melhorar a qualidade de vida dos moradores e visitantes da Rua 41, uma das principais portas de entrada para Miami Beach.<\/p>\n\t<p>O Comit\u00ea ser\u00e1 composto por no m\u00e1ximo doze (12) membros, todos nomeados pelo Prefeito para um mandato de no m\u00e1ximo um (1) ano.<\/p>\n\tRana Fl\u00f3rida\n<table>\n<tbody>\n<tr>\n<th><strong>Membros do Comit\u00ea da 41st Street<\/strong><\/th>\n<\/tr>\n<tr>\n<td>Yechiel Ciment, Presidente<\/td>\n<\/tr>\n<tr>\n<td>Bonnie Crabtree - Vice-presidente<\/td>\n<\/tr>\n<tr>\n<td>Jerry Bassuk<\/td>\n<\/tr>\n<tr>\n<td>Betty Behar<\/td>\n<\/tr>\n<tr>\n<td>Michael Burnstine<\/td>\n<\/tr>\n<tr>\n<td>Seth Gadinsky<\/td>\n<\/tr>\n<tr>\n<td>Eric Hankin<\/td>\n<\/tr>\n<tr>\n<td>Robin Jacobs<\/td>\n<\/tr>\n<tr>\n<td>Charlotte Tomic<\/td>\n<\/tr>\n<tr>\n<td>Jeremy Wachtel<\/td>\n<\/tr>\n<\/tbody>\n<\/table>\n\t<p>A pessoa de liga\u00e7\u00e3o que trabalhar\u00e1 diretamente com o Comit\u00ea \u00e9 Diana Fontani, Especialista em Desenvolvimento Econ\u00f4mico e Reestrutura\u00e7\u00e3o. Diana pode ser contatada em <strong><a href=\"mailto:DianaFontani@miamibeachfl.gov\">DianaFontani@miamibeachfl.gov<\/a><\/strong> ou em <strong><a href=\"tel:3056737000\">305.673.7000<\/a><\/strong> ramal 26722<\/p>\n\t<p>O Comit\u00e9 dever\u00e1:<\/p>\n<ul>\n<li>Reporte diretamente ao Prefeito;<\/li>\n<li>Realizar reuni\u00f5es p\u00fablicas que ser\u00e3o abertas ao p\u00fablico, conforme necess\u00e1rio;<\/li>\n<li>Ter autoridade para se reunir diretamente com a equipe da cidade, conforme necess\u00e1rio;<\/li>\n<li>Consultar e obter servi\u00e7os jur\u00eddicos do Minist\u00e9rio P\u00fablico Municipal;<\/li>\n<li>Fornecer atas das reuni\u00f5es do comit\u00ea (por meio de publica\u00e7\u00e3o na p\u00e1gina de Recursos do Comit\u00ea de Desenvolvimento Econ\u00f4mico da Cidade) para cada reuni\u00e3o;<\/li>\n<li>Fornecer relat\u00f3rios escritos ao Prefeito detalhando as atividades e recomenda\u00e7\u00f5es do Comit\u00ea, conforme necess\u00e1rio.<\/li>\n<\/ul>\n\t<p>O Minist\u00e9rio P\u00fablico da Cidade prestar\u00e1 servi\u00e7os jur\u00eddicos ao Comit\u00ea conforme necess\u00e1rio ou conforme solicitado pelo Comit\u00ea.<\/p>\n\t<p>O Comit\u00ea receber\u00e1 apoio de secretaria e de outros funcion\u00e1rios conforme necess\u00e1rio. O Administrador Municipal designar\u00e1 um membro da Administra\u00e7\u00e3o Municipal que ter\u00e1 a responsabilidade de trabalhar com o Comit\u00ea e cujas fun\u00e7\u00f5es incluir\u00e3o prestar assist\u00eancia, convocar reuni\u00f5es, preparar pautas de reuni\u00f5es e lavrar atas.<\/p>\n\t\t\t<a href=\"https:\/\/www.miamibeachfl.gov\/wp-content\/uploads\/2025\/08\/Searchable-Report.pdf\" target=\"_blank\" rel=\"noopener\">\n\t\t\t\t\t\tDetalhes da Associa\u00e7\u00e3o (Termos, Cargos, T\u00edtulos)\n\t\t\t\t\t<\/a>\n\t\t\t<a href=\"https:\/\/www.miamibeachfl.gov\/wp-content\/uploads\/2025\/08\/Vacancy-Report-1.pdf\" target=\"_blank\" rel=\"noopener\">\n\t\t\t\t\t\tVagas\n\t\t\t\t\t<\/a>\n\t\t\t<a href=\"https:\/\/www.miamibeachfl.gov\/wp-content\/uploads\/2025\/07\/Liaison-Contact-Information-4.pdf\" target=\"_blank\" rel=\"noopener\">\n\t\t\t\t\t\tInforma\u00e7\u00f5es de contato de liga\u00e7\u00e3o\n\t\t\t\t\t<\/a>\n\t\t\t<a href=\"https:\/\/www.miamibeachfl.gov\/pt\/city-hall\/economic-development\/committee-resources\/\" target=\"_blank\" rel=\"noopener\">\n\t\t\t\t\t\t\tVer atas e relat\u00f3rios de reuni\u00f5es anteriores\n\t\t\t<\/a>\n\t\t\t<a href=\"https:\/\/visitor.r20.constantcontact.com\/manage\/optin?v=001G3gQF_El_4o1UEbguheB5rRDdq-hnRAKhp2jliX-icWst1w-srITvYqNEQOSOP3nnf2ZNHEB5pEuMqJ81YPoddugpPXJGUHuUjnRo_mRhbYvq0TS35dr36uOVHyrV7URFRYjPOgjKJxWyuTRlOE8RP-qc3R0q77CpPnyYSSKPGtdayKTx4H6GZS-V9KKo4mN6xrn-plv0OrFQajifr4g2Usjsra2RpDSLYflLOYlRL_HpxUPS1uX-2fZ2g2BV04R-iydfMm5kVLFoogI7PPZxw==\" target=\"_blank\" rel=\"noopener\">\n\t\t\t\t\t\t\tReceba notifica\u00e7\u00f5es do Comit\u00ea da Rua 41\n\t\t\t<\/a>\n\t\t\t<a href=\"mailto:DianaFontani@miamibeachfl.gov\" target=\"_blank\" rel=\"noopener\">\n\t\t\t\t\t\t\tContato do painel \u2013 Diana Fontani Martinez DianaFontani@miamibeachfl.gov\n\t\t\t<\/a>\n\t\t\t<a href=\"\/wp-content\/uploads\/2022\/05\/Presentation-41st-ST-Committee-Community-Outreach-Session-1-Corridor-Streetscape-FINAL-5.18.22.pdf\" target=\"_blank\" rel=\"noopener\">\n\t\t\t\t\t\t\tComit\u00ea de Extens\u00e3o Comunit\u00e1ria do 41\u00ba ST \u2013 Paisagem Urbana do Corredor FINAL 18\/05\/22\n\t\t\t<\/a>\n\t\t\t<iframe loading=\"lazy\" src=\"https:\/\/docmgmt.miamibeachfl.gov\/WebLink\/Browse.aspx?id=120704&#038;dbid=0&#038;repo=CityClerk\" frameborder=\"0\" width=\"100%\" height=\"100%\" allowfullscreen><\/iframe>\t\t\t\n\t\t\t<a href=\"\" title=\"Clique aqui\" target=\"_self\"  data-modal=  \"role=\"button\"\" aria-label=\"Pesquisar Arquivos\">\n\t\t\t\t\t\t\t\t\t\t\tPesquisar Arquivos\n\t\t<\/a>\n\t\t\t<iframe loading=\"lazy\" src=\"https:\/\/miamibeach.novusagenda.com\/agendapublic\/meetingsgeneral.aspx\" frameborder=\"0\" width=\"100%\" height=\"100%\" allowfullscreen><\/iframe>\t\t\t\n\t\t\t<a href=\"\" title=\"Clique aqui\" target=\"_self\"  data-modal=  \"role=\"button\"\" aria-label=\"Pesquisar pautas e atas\">\n\t\t\t\t\t\t\t\t\t\t\tPesquisar pautas e atas\n\t\t<\/a>\n\t\t\t<a href=\"https:\/\/www.miamibeachfl.gov\/pt\/city-hall\/city-clerk-new\/contactus\/\" target=\"_self\">\n\t\t\t\t\t\tContate-nos\n\t\t\t\t\t<\/a>\n\t\t<h3>Solicita\u00e7\u00f5es de Registros P\u00fablicos<\/h3>\t\t\t\n\t\t\t\t<p>Acesse o site de Solicita\u00e7\u00e3o de Registros P\u00fablicos da Cidade de Miami Beach. Envie uma nova solicita\u00e7\u00e3o, verifique o status de uma solicita\u00e7\u00e3o enviada e pesquise no arquivo de solicita\u00e7\u00f5es de registros.<\/p>\n<p>Caso tenha alguma d\u00favida sobre registros p\u00fablicos, ligue para o cart\u00f3rio da cidade de Miami Beach pelo telefone 305-673-7411.\u00a0<\/p>\n\t\t\t<a href=\"https:\/\/miamibeachfl.justfoia.com\/publicportal\/home\/track\" title=\"Clique aqui\" target=\"_blank\" rel=\"noopener\"  role=\"button\" aria-label=\"Enviar uma solicita\u00e7\u00e3o\">\n\t\t\t\t\t\t\t\t\t\t\tEnviar uma solicita\u00e7\u00e3o\n\t\t<\/a>","protected":false},"excerpt":{"rendered":"<p>Mayor&#8217;s 41st Street Committee City Clerk Menu City Clerk Public Records Agendas Forms Boards &#038; Committees Election Information Notifications Contact [&hellip;]<\/p>\n","protected":false},"author":222,"featured_media":0,"parent":258819,"menu_order":32,"comment_status":"closed","ping_status":"closed","template":"","meta":{"_searchwp_excluded":"","site-sidebar-layout":"default","site-content-layout":"","ast-site-content-layout":"default","site-content-style":"default","site-sidebar-style":"default","ast-global-header-display":"","ast-banner-title-visibility":"","ast-main-header-display":"","ast-hfb-above-header-display":"","ast-hfb-below-header-display":"","ast-hfb-mobile-header-display":"","site-post-title":"","ast-breadcrumbs-content":"","ast-featured-img":"","footer-sml-layout":"","theme-transparent-header-meta":"","adv-header-id-meta":"","stick-header-meta":"","header-above-stick-meta":"","header-main-stick-meta":"","header-below-stick-meta":"","astra-migrate-meta-layouts":"default","ast-page-background-enabled":"default","ast-page-background-meta":{"desktop":{"background-color":"var(--ast-global-color-5)","background-image":"","background-repeat":"repeat","background-position":"center center","background-size":"auto","background-attachment":"scroll","background-type":"","background-media":"","overlay-type":"","overlay-color":"","overlay-opacity":"","overlay-gradient":""},"tablet":{"background-color":"","background-image":"","background-repeat":"repeat","background-position":"center center","background-size":"auto","background-attachment":"scroll","background-type":"","background-media":"","overlay-type":"","overlay-color":"","overlay-opacity":"","overlay-gradient":""},"mobile":{"background-color":"","background-image":"","background-repeat":"repeat","background-position":"center center","background-size":"auto","background-attachment":"scroll","background-type":"","background-media":"","overlay-type":"","overlay-color":"","overlay-opacity":"","overlay-gradient":""}},"ast-content-background-meta":{"desktop":{"background-color":"var(--ast-global-color-4)","background-image":"","background-repeat":"repeat","background-position":"center center","background-size":"auto","background-attachment":"scroll","background-type":"","background-media":"","overlay-type":"","overlay-color":"","overlay-opacity":"","overlay-gradient":""},"tablet":{"background-color":"var(--ast-global-color-4)","background-image":"","background-repeat":"repeat","background-position":"center center","background-size":"auto","background-attachment":"scroll","background-type":"","background-media":"","overlay-type":"","overlay-color":"","overlay-opacity":"","overlay-gradient":""},"mobile":{"background-color":"var(--ast-global-color-4)","background-image":"","background-repeat":"repeat","background-position":"center center","background-size":"auto","background-attachment":"scroll","background-type":"","background-media":"","overlay-type":"","overlay-color":"","overlay-opacity":"","overlay-gradient":""}},"footnotes":""},"categories":[],"tags":[1038,920],"class_list":["post-268955","page","type-page","status-publish","hentry","tag-bandc-committees","tag-boards-and-committees"],"yoast_head":"<!-- This site is optimized with the Yoast SEO Premium plugin v26.6 (Yoast SEO v26.6) - https:\/\/yoast.com\/wordpress\/plugins\/seo\/ -->\n<title>Mayor\u2019s 41 Street Committee - City of Miami Beach<\/title>\n<meta name=\"description\" content=\"%\" \/>\n<meta name=\"robots\" content=\"index, follow, max-snippet:-1, max-image-preview:large, max-video-preview:-1\" \/>\n<link rel=\"canonical\" href=\"https:\/\/www.miamibeachfl.gov\/pt\/city-hall\/city-clerk\/boards-and-committees\/mayors-41st-street-committee\/\" \/>\n<meta property=\"og:locale\" content=\"pt_BR\" \/>\n<meta property=\"og:type\" content=\"article\" \/>\n<meta property=\"og:title\" content=\"Mayor\u2019s 41 Street Committee\" \/>\n<meta property=\"og:description\" content=\"%\" \/>\n<meta property=\"og:url\" content=\"https:\/\/www.miamibeachfl.gov\/pt\/city-hall\/city-clerk\/boards-and-committees\/mayors-41st-street-committee\/\" \/>\n<meta property=\"og:site_name\" content=\"City of Miami Beach\" \/>\n<meta property=\"article:publisher\" content=\"https:\/\/www.facebook.com\/cityofmiamibeach\" \/>\n<meta property=\"article:modified_time\" content=\"2025-08-12T18:12:46+00:00\" \/>\n<meta property=\"og:image\" content=\"https:\/\/www.miamibeachfl.gov\/wp-content\/uploads\/2024\/01\/1000pxSquare-miamibeach-aerial-southpointview.jpeg\" \/>\n\t<meta property=\"og:image:width\" content=\"1000\" \/>\n\t<meta property=\"og:image:height\" content=\"1000\" \/>\n\t<meta property=\"og:image:type\" content=\"image\/jpeg\" \/>\n<meta name=\"twitter:card\" content=\"summary_large_image\" \/>\n<meta name=\"twitter:site\" content=\"@Miamibeachnews\" \/>\n<script type=\"application\/ld+json\" class=\"yoast-schema-graph\">{\"@context\":\"https:\/\/schema.org\",\"@graph\":[{\"@type\":\"WebPage\",\"@id\":\"https:\/\/www.miamibeachfl.gov\/city-hall\/city-clerk\/boards-and-committees\/mayors-41st-street-committee\/\",\"url\":\"https:\/\/www.miamibeachfl.gov\/city-hall\/city-clerk\/boards-and-committees\/mayors-41st-street-committee\/\",\"name\":\"Mayor\u2019s 41 Street Committee - City of Miami Beach\",\"isPartOf\":{\"@id\":\"https:\/\/www.miamibeachfl.gov\/#website\"},\"datePublished\":\"2023-08-18T14:15:03+00:00\",\"dateModified\":\"2025-08-12T18:12:46+00:00\",\"description\":\"%\",\"breadcrumb\":{\"@id\":\"https:\/\/www.miamibeachfl.gov\/city-hall\/city-clerk\/boards-and-committees\/mayors-41st-street-committee\/#breadcrumb\"},\"inLanguage\":\"pt-BR\",\"potentialAction\":[{\"@type\":\"ReadAction\",\"target\":[\"https:\/\/www.miamibeachfl.gov\/city-hall\/city-clerk\/boards-and-committees\/mayors-41st-street-committee\/\"]}]},{\"@type\":\"BreadcrumbList\",\"@id\":\"https:\/\/www.miamibeachfl.gov\/city-hall\/city-clerk\/boards-and-committees\/mayors-41st-street-committee\/#breadcrumb\",\"itemListElement\":[{\"@type\":\"ListItem\",\"position\":1,\"name\":\"Home\",\"item\":\"https:\/\/www.miamibeachfl.gov\/\"},{\"@type\":\"ListItem\",\"position\":2,\"name\":\"City Hall\",\"item\":\"https:\/\/www.miamibeachfl.gov\/city-hall\/\"},{\"@type\":\"ListItem\",\"position\":3,\"name\":\"City Clerk\",\"item\":\"https:\/\/www.miamibeachfl.gov\/city-hall\/city-clerk\/\"},{\"@type\":\"ListItem\",\"position\":4,\"name\":\"Boards and Committees\",\"item\":\"https:\/\/www.miamibeachfl.gov\/city-hall\/city-clerk\/boards-and-committees\/\"},{\"@type\":\"ListItem\",\"position\":5,\"name\":\"Mayor\u2019s 41 Street Committee\"}]},{\"@type\":\"WebSite\",\"@id\":\"https:\/\/www.miamibeachfl.gov\/#website\",\"url\":\"https:\/\/www.miamibeachfl.gov\/\",\"name\":\"City of Miami Beach\",\"description\":\"The official website of the City of Miami Beach. Stay informed, find important information on city services, news, alerts, events, trolley routes, government employment and more.\",\"publisher\":{\"@id\":\"https:\/\/www.miamibeachfl.gov\/#organization\"},\"potentialAction\":[{\"@type\":\"SearchAction\",\"target\":{\"@type\":\"EntryPoint\",\"urlTemplate\":\"https:\/\/www.miamibeachfl.gov\/?s={search_term_string}\"},\"query-input\":{\"@type\":\"PropertyValueSpecification\",\"valueRequired\":true,\"valueName\":\"search_term_string\"}}],\"inLanguage\":\"pt-BR\"},{\"@type\":\"Organization\",\"@id\":\"https:\/\/www.miamibeachfl.gov\/#organization\",\"name\":\"City of Miami Beach\",\"url\":\"https:\/\/www.miamibeachfl.gov\/\",\"logo\":{\"@type\":\"ImageObject\",\"inLanguage\":\"pt-BR\",\"@id\":\"https:\/\/www.miamibeachfl.gov\/#\/schema\/logo\/image\/\",\"url\":\"https:\/\/www.miamibeachfl.gov\/wp-content\/uploads\/2022\/06\/miamibeach-logoblue.png\",\"contentUrl\":\"https:\/\/www.miamibeachfl.gov\/wp-content\/uploads\/2022\/06\/miamibeach-logoblue.png\",\"width\":1962,\"height\":381,\"caption\":\"City of Miami Beach\"},\"image\":{\"@id\":\"https:\/\/www.miamibeachfl.gov\/#\/schema\/logo\/image\/\"},\"sameAs\":[\"https:\/\/www.facebook.com\/cityofmiamibeach\",\"https:\/\/x.com\/Miamibeachnews\",\"https:\/\/www.instagram.com\/miamibeachnews\/\"],\"description\":\"The official website of the City of Miami Beach. Stay informed, find important information on city services, news, alerts, events, trolley routes, government employment and more.\",\"telephone\":\"305.604.CITY(2489)\",\"legalName\":\"City of Miami Beach\"}]}<\/script>\n<!-- \/ Yoast SEO Premium plugin. -->","yoast_head_json":{"title":"Comit\u00ea da Rua 41 do Prefeito - Cidade de Miami Beach","description":"%","robots":{"index":"index","follow":"follow","max-snippet":"max-snippet:-1","max-image-preview":"max-image-preview:large","max-video-preview":"max-video-preview:-1"},"canonical":"https:\/\/www.miamibeachfl.gov\/pt\/city-hall\/city-clerk\/boards-and-committees\/mayors-41st-street-committee\/","og_locale":"pt_BR","og_type":"article","og_title":"Mayor\u2019s 41 Street Committee","og_description":"%","og_url":"https:\/\/www.miamibeachfl.gov\/pt\/city-hall\/city-clerk\/boards-and-committees\/mayors-41st-street-committee\/","og_site_name":"City of Miami Beach","article_publisher":"https:\/\/www.facebook.com\/cityofmiamibeach","article_modified_time":"2025-08-12T18:12:46+00:00","og_image":[{"width":1000,"height":1000,"url":"https:\/\/www.miamibeachfl.gov\/wp-content\/uploads\/2024\/01\/1000pxSquare-miamibeach-aerial-southpointview.jpeg","type":"image\/jpeg"}],"twitter_card":"summary_large_image","twitter_site":"@Miamibeachnews","schema":{"@context":"https:\/\/schema.org","@graph":[{"@type":"WebPage","@id":"https:\/\/www.miamibeachfl.gov\/city-hall\/city-clerk\/boards-and-committees\/mayors-41st-street-committee\/","url":"https:\/\/www.miamibeachfl.gov\/city-hall\/city-clerk\/boards-and-committees\/mayors-41st-street-committee\/","name":"Comit\u00ea da Rua 41 do Prefeito - Cidade de Miami Beach","isPartOf":{"@id":"https:\/\/www.miamibeachfl.gov\/#website"},"datePublished":"2023-08-18T14:15:03+00:00","dateModified":"2025-08-12T18:12:46+00:00","description":"%","breadcrumb":{"@id":"https:\/\/www.miamibeachfl.gov\/city-hall\/city-clerk\/boards-and-committees\/mayors-41st-street-committee\/#breadcrumb"},"inLanguage":"pt-BR","potentialAction":[{"@type":"ReadAction","target":["https:\/\/www.miamibeachfl.gov\/city-hall\/city-clerk\/boards-and-committees\/mayors-41st-street-committee\/"]}]},{"@type":"BreadcrumbList","@id":"https:\/\/www.miamibeachfl.gov\/city-hall\/city-clerk\/boards-and-committees\/mayors-41st-street-committee\/#breadcrumb","itemListElement":[{"@type":"ListItem","position":1,"name":"Home","item":"https:\/\/www.miamibeachfl.gov\/"},{"@type":"ListItem","position":2,"name":"City Hall","item":"https:\/\/www.miamibeachfl.gov\/city-hall\/"},{"@type":"ListItem","position":3,"name":"City Clerk","item":"https:\/\/www.miamibeachfl.gov\/city-hall\/city-clerk\/"},{"@type":"ListItem","position":4,"name":"Boards and Committees","item":"https:\/\/www.miamibeachfl.gov\/city-hall\/city-clerk\/boards-and-committees\/"},{"@type":"ListItem","position":5,"name":"Mayor\u2019s 41 Street Committee"}]},{"@type":"WebSite","@id":"https:\/\/www.miamibeachfl.gov\/#website","url":"https:\/\/www.miamibeachfl.gov\/","name":"Cidade de Miami Beach","description":"Site oficial da cidade de Miami Beach. Mantenha-se informado e encontre informa\u00e7\u00f5es importantes sobre servi\u00e7os municipais, not\u00edcias, alertas, eventos, rotas de bonde, empregos p\u00fablicos e muito mais.","publisher":{"@id":"https:\/\/www.miamibeachfl.gov\/#organization"},"potentialAction":[{"@type":"SearchAction","target":{"@type":"EntryPoint","urlTemplate":"https:\/\/www.miamibeachfl.gov\/?s={search_term_string}"},"query-input":{"@type":"PropertyValueSpecification","valueRequired":true,"valueName":"search_term_string"}}],"inLanguage":"pt-BR"},{"@type":"Organization","@id":"https:\/\/www.miamibeachfl.gov\/#organization","name":"Cidade de Miami Beach","url":"https:\/\/www.miamibeachfl.gov\/","logo":{"@type":"ImageObject","inLanguage":"pt-BR","@id":"https:\/\/www.miamibeachfl.gov\/#\/schema\/logo\/image\/","url":"https:\/\/www.miamibeachfl.gov\/wp-content\/uploads\/2022\/06\/miamibeach-logoblue.png","contentUrl":"https:\/\/www.miamibeachfl.gov\/wp-content\/uploads\/2022\/06\/miamibeach-logoblue.png","width":1962,"height":381,"caption":"City of Miami Beach"},"image":{"@id":"https:\/\/www.miamibeachfl.gov\/#\/schema\/logo\/image\/"},"sameAs":["https:\/\/www.facebook.com\/cityofmiamibeach","https:\/\/x.com\/Miamibeachnews","https:\/\/www.instagram.com\/miamibeachnews\/"],"description":"Site oficial da cidade de Miami Beach. Mantenha-se informado e encontre informa\u00e7\u00f5es importantes sobre servi\u00e7os municipais, not\u00edcias, alertas, eventos, rotas de bonde, empregos p\u00fablicos e muito mais.","telephone":"305.604.CITY(2489)","legalName":"City of Miami Beach"}]}},"_links":{"self":[{"href":"https:\/\/www.miamibeachfl.gov\/pt\/wp-json\/wp\/v2\/pages\/268955","targetHints":{"allow":["GET"]}}],"collection":[{"href":"https:\/\/www.miamibeachfl.gov\/pt\/wp-json\/wp\/v2\/pages"}],"about":[{"href":"https:\/\/www.miamibeachfl.gov\/pt\/wp-json\/wp\/v2\/types\/page"}],"author":[{"embeddable":true,"href":"https:\/\/www.miamibeachfl.gov\/pt\/wp-json\/wp\/v2\/users\/222"}],"replies":[{"embeddable":true,"href":"https:\/\/www.miamibeachfl.gov\/pt\/wp-json\/wp\/v2\/comments?post=268955"}],"version-history":[{"count":1,"href":"https:\/\/www.miamibeachfl.gov\/pt\/wp-json\/wp\/v2\/pages\/268955\/revisions"}],"predecessor-version":[{"id":387801,"href":"https:\/\/www.miamibeachfl.gov\/pt\/wp-json\/wp\/v2\/pages\/268955\/revisions\/387801"}],"up":[{"embeddable":true,"href":"https:\/\/www.miamibeachfl.gov\/pt\/wp-json\/wp\/v2\/pages\/258819"}],"wp:attachment":[{"href":"https:\/\/www.miamibeachfl.gov\/pt\/wp-json\/wp\/v2\/media?parent=268955"}],"wp:term":[{"taxonomy":"category","embeddable":true,"href":"https:\/\/www.miamibeachfl.gov\/pt\/wp-json\/wp\/v2\/categories?post=268955"},{"taxonomy":"post_tag","embeddable":true,"href":"https:\/\/www.miamibeachfl.gov\/pt\/wp-json\/wp\/v2\/tags?post=268955"}],"curies":[{"name":"wp","href":"https:\/\/api.w.org\/{rel}","templated":true}]}}