{"id":269107,"date":"2023-08-18T15:53:22","date_gmt":"2023-08-18T19:53:22","guid":{"rendered":"https:\/\/www.miamibeachfl.gov\/?page_id=269107"},"modified":"2023-08-18T15:56:19","modified_gmt":"2023-08-18T19:56:19","slug":"black-affairs-advisory-committee","status":"publish","type":"page","link":"https:\/\/www.miamibeachfl.gov\/pt\/city-hall\/city-clerk\/boards-and-committees\/black-affairs-advisory-committee\/","title":{"rendered":"Comit\u00ea Consultivo de Assuntos Negros"},"content":{"rendered":"<h1>\n\t\tComit\u00ea Consultivo de Assuntos Negros\n\t<\/h1>\nCard\u00e1pio do Secret\u00e1rio Municipal\t\t\t\n\t\t\t\t\t<ul id=\"menu-city-clerk\"><li id=\"menu-item-258831\"><a href=\"\/pt\/city-hall\/city-clerk\/public-records-request\/\">Registros P\u00fablicos<\/a><\/li>\n<li id=\"menu-item-258832\"><a href=\"\/pt\/city-hall\/city-clerk\/agenda-archive-main-page-2\/\">Agendas<\/a><\/li>\n<li id=\"menu-item-258833\"><a href=\"\/pt\/city-hall\/city-clerk\/forms\/\">Formul\u00e1rios<\/a><\/li>\n<li id=\"menu-item-258834\"><a href=\"\/pt\/city-hall\/city-clerk\/boards-and-committees\/\">Conselhos e Comit\u00eas<\/a><\/li>\n<li id=\"menu-item-258835\"><a href=\"\/pt\/city-hall\/city-clerk\/election-information\/\">Informa\u00e7\u00f5es sobre elei\u00e7\u00f5es<\/a><\/li>\n<li id=\"menu-item-258836\"><a href=\"\/pt\/city-hall\/city-clerk\/notification-system\/\">Notifica\u00e7\u00f5es<\/a><\/li>\n<li id=\"menu-item-258837\"><a href=\"\/pt\/city-hall\/city-clerk\/public-records-request\/additional-contacts\/\">Contate-nos<\/a><\/li>\n<\/ul>\t\nMenu do Secret\u00e1rio Municipal \u00d7\t\t\t\t\t\t<ul id=\"menu-city-clerk-1\"><li id=\"menu-item-258831\"><a href=\"\/pt\/city-hall\/city-clerk\/public-records-request\/\">Registros P\u00fablicos<\/a><\/li>\n<li id=\"menu-item-258832\"><a href=\"\/pt\/city-hall\/city-clerk\/agenda-archive-main-page-2\/\">Agendas<\/a><\/li>\n<li id=\"menu-item-258833\"><a href=\"\/pt\/city-hall\/city-clerk\/forms\/\">Formul\u00e1rios<\/a><\/li>\n<li id=\"menu-item-258834\"><a href=\"\/pt\/city-hall\/city-clerk\/boards-and-committees\/\">Conselhos e Comit\u00eas<\/a><\/li>\n<li id=\"menu-item-258835\"><a href=\"\/pt\/city-hall\/city-clerk\/election-information\/\">Informa\u00e7\u00f5es sobre elei\u00e7\u00f5es<\/a><\/li>\n<li id=\"menu-item-258836\"><a href=\"\/pt\/city-hall\/city-clerk\/notification-system\/\">Notifica\u00e7\u00f5es<\/a><\/li>\n<li id=\"menu-item-258837\"><a href=\"\/pt\/city-hall\/city-clerk\/public-records-request\/additional-contacts\/\">Contate-nos<\/a><\/li>\n<\/ul>\t\t\t\t\n\tO Comit\u00ea Consultivo de Assuntos Negros ter\u00e1 os seguintes poderes e deveres:<br \/>\n(a) Servir em car\u00e1ter consultivo ao Administrador Municipal e ao Prefeito e \u00e0 Comiss\u00e3o Municipal sobre quest\u00f5es e programas que afetam os moradores, empresas e visitantes negros da Cidade;<br \/>\n(b) Promover maior envolvimento da comunidade negra da cidade nos assuntos do governo municipal;<br \/>\n(c) Pesquisar, discutir e formular recomenda\u00e7\u00f5es sobre quest\u00f5es, atividades e preocupa\u00e7\u00f5es da comunidade negra e da di\u00e1spora na cidade;<br \/>\n(d) Comentar sobre legisla\u00e7\u00e3o, portarias, resolu\u00e7\u00f5es e pol\u00edticas existentes ou propostas que impactam a comunidade negra na cidade.\n<p>O Comit\u00ea Consultivo de Assuntos Negros ser\u00e1 composto por nove (9) membros votantes, conforme segue:<\/p>\n<p>O Prefeito e cada Comiss\u00e1rio da Cidade nomear\u00e3o um membro como nomea\u00e7\u00e3o direta, com os dois (2) membros restantes como nomea\u00e7\u00f5es gerais da Comiss\u00e3o da Cidade.<\/p>\n<p>As vagas no comit\u00ea ser\u00e3o preenchidas pela Comiss\u00e3o do Prefeito e da Cidade. Ao preencher qualquer vaga, a Comiss\u00e3o do Prefeito e da Cidade poder\u00e1 selecionar um membro substituto do comit\u00ea a partir de uma lista de tr\u00eas candidatos, que ser\u00e1 apresentada pelos membros restantes do comit\u00ea. Os membros individuais da Comiss\u00e3o da Cidade poder\u00e3o complementar a lista sugerida pelo comit\u00ea com nomes adicionais de candidatos ou, se nem os candidatos na lista sugerida pelo comit\u00ea nem os nomes adicionais apresentados pelos membros individuais da Comiss\u00e3o da Cidade forem aprovados, o comit\u00ea submeter\u00e1 uma lista totalmente diferente para considera\u00e7\u00e3o da Comiss\u00e3o do Prefeito e da Cidade. Este processo continuar\u00e1 at\u00e9 que um substituto adequado seja encontrado para preencher a vaga existente ou prevista. A lista sugerida submetida pelo comit\u00ea para considera\u00e7\u00e3o da Comiss\u00e3o do Prefeito e da Cidade ser\u00e1 submetida sem recomenda\u00e7\u00f5es ou endossos espec\u00edficos do comit\u00ea quanto a qualquer nome espec\u00edfico nela submetido, mas poder\u00e1, no caso de o nome de um membro atual do comit\u00ea ser submetido para recondu\u00e7\u00e3o, indicar, como ponto de informa\u00e7\u00e3o \u00e0 Comiss\u00e3o do Prefeito e da Cidade, que tal nome \u00e9 o de um membro existente do comit\u00ea.<\/p>\n<p>Conhecimento e experi\u00eancia:<\/p>\na) Um membro deve ser propriet\u00e1rio de empresa na Cidade;<br \/>\nb) Um membro deve ser licenciado e atuar ativamente na \u00e1rea imobili\u00e1ria, hotelaria\/turismo ou banc\u00e1ria;<br \/>\nc) Um membro deve ser licenciado e atuar ativamente na \u00e1rea de rela\u00e7\u00f5es humanas\/desenvolvimento de pessoas, comunica\u00e7\u00f5es\/entretenimento, arte\/cultura ou educa\u00e7\u00e3o;<br \/>\nd) Os seis (6) membros restantes devem possuir conhecimento ou experi\u00eancia pessoal ou profissional em pelo menos uma das seguintes \u00e1reas:<br \/>\n1. Educa\u00e7\u00e3o<br \/>\n2. Desenvolvimento Econ\u00f4mico\/Desenvolvimento Empresarial<br \/>\n3. Cultura\/Entretenimento\/Eventos<br \/>\n4. Hospitalidade\/Turismo<br \/>\n5. Sa\u00fade\/Tecnologia<br \/>\n6. Desenvolvimento de Pessoas\/Rela\u00e7\u00f5es Humanas<br \/>\n7. Finan\u00e7as\/Bancos<br \/>\n8. M\u00eddia\/Comunica\u00e7\u00e3o\/Rela\u00e7\u00f5es P\u00fablicas<br \/>\n9. Servi\u00e7o comunit\u00e1rio\/justi\u00e7a social.\n<p>O departamento de apoio ao Comit\u00ea Consultivo de Assuntos Negros ser\u00e1 o Departamento de Turismo e Cultura.<\/p>\n\t\t\t<a href=\"\/wp-content\/uploads\/2023\/07\/Board-and-Committees-Vacancy-Listing-by-Commissioners.pdf\" target=\"_blank\" role=\"button\" rel=\"noopener\">\n\t\t\t\t\t\tVagas\n\t\t\t\t\t<\/a>\n\t\t\t<a href=\"\/wp-content\/uploads\/2023\/07\/21-Board-Members-Directory-17-1.pdf\" target=\"_blank\" role=\"button\" rel=\"noopener\">\n\t\t\t\t\t\tInforma\u00e7\u00f5es de contato do membro\n\t\t\t\t\t<\/a>\n\t\t\t<a href=\"\/wp-content\/uploads\/2023\/07\/21-Board-Members-Directory-17-1.pdf\" target=\"_blank\" role=\"button\" rel=\"noopener\">\n\t\t\t\t\t\tDetalhes da Associa\u00e7\u00e3o (Termos, Cargos, T\u00edtulos)\n\t\t\t\t\t<\/a>\n\t\t\t<a href=\"\/wp-content\/uploads\/2023\/07\/Liaison-Contact-Information.pdf\" target=\"_blank\" role=\"button\" rel=\"noopener\">\n\t\t\t\t\t\tInforma\u00e7\u00f5es de contato de liga\u00e7\u00e3o\n\t\t\t\t\t<\/a>\n\t\t\t<iframe loading=\"lazy\" src=\"https:\/\/docmgmt.miamibeachfl.gov\/WebLink\/Browse.aspx?id=211300&#038;dbid=0&#038;repo=CityClerk\" frameborder=\"0\" width=\"100%\" height=\"100%\" allowfullscreen><\/iframe>\t\t\t\n\t\t\t<a href=\"\/pt\/void(0)\/\" target=\"_self\" aria-label=\"Pesquisar Arquivos\" rel=\"noopener\">\n\t\t\t\t\t\t\t\t\t\t\tPesquisar Arquivos\n\t\t<\/a>\n\t\t\t<iframe loading=\"lazy\" src=\"https:\/\/miamibeach.novusagenda.com\/agendapublic\/meetingsgeneral.aspx\" frameborder=\"0\" width=\"100%\" height=\"100%\" allowfullscreen><\/iframe>\t\t\t\n\t\t\t<a href=\"\/pt\/void(0)\/\" target=\"_self\" aria-label=\"Pesquisar pautas e atas\" rel=\"noopener\">\n\t\t\t\t\t\t\t\t\t\t\tPesquisar pautas e atas\n\t\t<\/a>\n\t\t\t<a href=\"https:\/\/www.miamibeachfl.gov\/pt\/city-hall\/city-clerk-new\/contactus\/\" target=\"_self\" role=\"button\" rel=\"noopener\">\n\t\t\t\t\t\tContate-nos\n\t\t\t\t\t<\/a>\n\t\t<h3>Solicita\u00e7\u00f5es de Registros P\u00fablicos<\/h3>\t\t\t\n\t\t\t\t<p>Acesse o site de Solicita\u00e7\u00e3o de Registros P\u00fablicos da Cidade de Miami Beach. Envie uma nova solicita\u00e7\u00e3o, verifique o status de uma solicita\u00e7\u00e3o enviada e pesquise no arquivo de solicita\u00e7\u00f5es de registros.<\/p>\n<p>Caso tenha alguma d\u00favida sobre registros p\u00fablicos, ligue para o cart\u00f3rio da cidade de Miami Beach pelo telefone 305-673-7411.\u00a0<\/p>\n\t\t\t<a href=\"https:\/\/miamibeachfl.justfoia.com\/publicportal\/home\/track\" target=\"_blank\" rel=\"noopener\" role=\"button\" aria-label=\"Enviar uma solicita\u00e7\u00e3o\">\n\t\t\t\t\t\t\t\t\t\t\tEnviar uma solicita\u00e7\u00e3o\n\t\t<\/a>","protected":false},"excerpt":{"rendered":"<p>Comit\u00ea Consultivo de Assuntos Negros Secret\u00e1rio da Cidade Menu Registros P\u00fablicos Agendas Formul\u00e1rios Conselhos e Comit\u00eas Informa\u00e7\u00f5es Eleitorais Notifica\u00e7\u00f5es Contate-nos Cidade [\u2026]<\/p>","protected":false},"author":222,"featured_media":0,"parent":258819,"menu_order":32,"comment_status":"closed","ping_status":"closed","template":"page-blank.php","meta":{"_searchwp_excluded":"","site-sidebar-layout":"default","site-content-layout":"","ast-site-content-layout":"default","site-content-style":"default","site-sidebar-style":"default","ast-global-header-display":"","ast-banner-title-visibility":"","ast-main-header-display":"","ast-hfb-above-header-display":"","ast-hfb-below-header-display":"","ast-hfb-mobile-header-display":"","site-post-title":"","ast-breadcrumbs-content":"","ast-featured-img":"","footer-sml-layout":"","theme-transparent-header-meta":"","adv-header-id-meta":"","stick-header-meta":"","header-above-stick-meta":"","header-main-stick-meta":"","header-below-stick-meta":"","astra-migrate-meta-layouts":"default","ast-page-background-enabled":"default","ast-page-background-meta":{"desktop":{"background-color":"var(--ast-global-color-5)","background-image":"","background-repeat":"repeat","background-position":"center center","background-size":"auto","background-attachment":"scroll","background-type":"","background-media":"","overlay-type":"","overlay-color":"","overlay-opacity":"","overlay-gradient":""},"tablet":{"background-color":"","background-image":"","background-repeat":"repeat","background-position":"center center","background-size":"auto","background-attachment":"scroll","background-type":"","background-media":"","overlay-type":"","overlay-color":"","overlay-opacity":"","overlay-gradient":""},"mobile":{"background-color":"","background-image":"","background-repeat":"repeat","background-position":"center center","background-size":"auto","background-attachment":"scroll","background-type":"","background-media":"","overlay-type":"","overlay-color":"","overlay-opacity":"","overlay-gradient":""}},"ast-content-background-meta":{"desktop":{"background-color":"var(--ast-global-color-4)","background-image":"","background-repeat":"repeat","background-position":"center center","background-size":"auto","background-attachment":"scroll","background-type":"","background-media":"","overlay-type":"","overlay-color":"","overlay-opacity":"","overlay-gradient":""},"tablet":{"background-color":"var(--ast-global-color-4)","background-image":"","background-repeat":"repeat","background-position":"center center","background-size":"auto","background-attachment":"scroll","background-type":"","background-media":"","overlay-type":"","overlay-color":"","overlay-opacity":"","overlay-gradient":""},"mobile":{"background-color":"var(--ast-global-color-4)","background-image":"","background-repeat":"repeat","background-position":"center center","background-size":"auto","background-attachment":"scroll","background-type":"","background-media":"","overlay-type":"","overlay-color":"","overlay-opacity":"","overlay-gradient":""}},"footnotes":""},"categories":[],"tags":[1038,920],"class_list":["post-269107","page","type-page","status-publish","hentry","tag-bandc-committees","tag-boards-and-committees"],"yoast_head":"<!-- This site is optimized with the Yoast SEO Premium plugin v26.6 (Yoast SEO v26.6) - https:\/\/yoast.com\/wordpress\/plugins\/seo\/ -->\n<title>Black Affairs Advisory Committee - City of Miami Beach<\/title>\n<meta name=\"description\" content=\"%\" \/>\n<meta name=\"robots\" content=\"index, follow, max-snippet:-1, max-image-preview:large, max-video-preview:-1\" \/>\n<link rel=\"canonical\" href=\"https:\/\/www.miamibeachfl.gov\/pt\/city-hall\/city-clerk\/boards-and-committees\/black-affairs-advisory-committee\/\" \/>\n<meta property=\"og:locale\" content=\"pt_BR\" \/>\n<meta property=\"og:type\" content=\"article\" \/>\n<meta property=\"og:title\" content=\"Black Affairs Advisory Committee\" \/>\n<meta property=\"og:description\" content=\"%\" \/>\n<meta property=\"og:url\" content=\"https:\/\/www.miamibeachfl.gov\/pt\/city-hall\/city-clerk\/boards-and-committees\/black-affairs-advisory-committee\/\" \/>\n<meta property=\"og:site_name\" content=\"City of Miami Beach\" \/>\n<meta property=\"article:publisher\" content=\"https:\/\/www.facebook.com\/cityofmiamibeach\" \/>\n<meta property=\"article:modified_time\" content=\"2023-08-18T19:56:19+00:00\" \/>\n<meta property=\"og:image\" content=\"https:\/\/www.miamibeachfl.gov\/wp-content\/uploads\/2024\/01\/1000pxSquare-miamibeach-aerial-southpointview.jpeg\" \/>\n\t<meta property=\"og:image:width\" content=\"1000\" \/>\n\t<meta property=\"og:image:height\" content=\"1000\" \/>\n\t<meta property=\"og:image:type\" content=\"image\/jpeg\" \/>\n<meta name=\"twitter:card\" content=\"summary_large_image\" \/>\n<meta name=\"twitter:site\" content=\"@Miamibeachnews\" \/>\n<script type=\"application\/ld+json\" class=\"yoast-schema-graph\">{\"@context\":\"https:\/\/schema.org\",\"@graph\":[{\"@type\":\"WebPage\",\"@id\":\"https:\/\/www.miamibeachfl.gov\/city-hall\/city-clerk\/boards-and-committees\/black-affairs-advisory-committee\/\",\"url\":\"https:\/\/www.miamibeachfl.gov\/city-hall\/city-clerk\/boards-and-committees\/black-affairs-advisory-committee\/\",\"name\":\"Black Affairs Advisory Committee - City of Miami Beach\",\"isPartOf\":{\"@id\":\"https:\/\/www.miamibeachfl.gov\/#website\"},\"datePublished\":\"2023-08-18T19:53:22+00:00\",\"dateModified\":\"2023-08-18T19:56:19+00:00\",\"description\":\"%\",\"breadcrumb\":{\"@id\":\"https:\/\/www.miamibeachfl.gov\/city-hall\/city-clerk\/boards-and-committees\/black-affairs-advisory-committee\/#breadcrumb\"},\"inLanguage\":\"pt-BR\",\"potentialAction\":[{\"@type\":\"ReadAction\",\"target\":[\"https:\/\/www.miamibeachfl.gov\/city-hall\/city-clerk\/boards-and-committees\/black-affairs-advisory-committee\/\"]}]},{\"@type\":\"BreadcrumbList\",\"@id\":\"https:\/\/www.miamibeachfl.gov\/city-hall\/city-clerk\/boards-and-committees\/black-affairs-advisory-committee\/#breadcrumb\",\"itemListElement\":[{\"@type\":\"ListItem\",\"position\":1,\"name\":\"Home\",\"item\":\"https:\/\/www.miamibeachfl.gov\/\"},{\"@type\":\"ListItem\",\"position\":2,\"name\":\"City Hall\",\"item\":\"https:\/\/www.miamibeachfl.gov\/city-hall\/\"},{\"@type\":\"ListItem\",\"position\":3,\"name\":\"City Clerk\",\"item\":\"https:\/\/www.miamibeachfl.gov\/city-hall\/city-clerk\/\"},{\"@type\":\"ListItem\",\"position\":4,\"name\":\"Boards and Committees\",\"item\":\"https:\/\/www.miamibeachfl.gov\/city-hall\/city-clerk\/boards-and-committees\/\"},{\"@type\":\"ListItem\",\"position\":5,\"name\":\"Black Affairs Advisory Committee\"}]},{\"@type\":\"WebSite\",\"@id\":\"https:\/\/www.miamibeachfl.gov\/#website\",\"url\":\"https:\/\/www.miamibeachfl.gov\/\",\"name\":\"City of Miami Beach\",\"description\":\"The official website of the City of Miami Beach. Stay informed, find important information on city services, news, alerts, events, trolley routes, government employment and more.\",\"publisher\":{\"@id\":\"https:\/\/www.miamibeachfl.gov\/#organization\"},\"potentialAction\":[{\"@type\":\"SearchAction\",\"target\":{\"@type\":\"EntryPoint\",\"urlTemplate\":\"https:\/\/www.miamibeachfl.gov\/?s={search_term_string}\"},\"query-input\":{\"@type\":\"PropertyValueSpecification\",\"valueRequired\":true,\"valueName\":\"search_term_string\"}}],\"inLanguage\":\"pt-BR\"},{\"@type\":\"Organization\",\"@id\":\"https:\/\/www.miamibeachfl.gov\/#organization\",\"name\":\"City of Miami Beach\",\"url\":\"https:\/\/www.miamibeachfl.gov\/\",\"logo\":{\"@type\":\"ImageObject\",\"inLanguage\":\"pt-BR\",\"@id\":\"https:\/\/www.miamibeachfl.gov\/#\/schema\/logo\/image\/\",\"url\":\"https:\/\/www.miamibeachfl.gov\/wp-content\/uploads\/2022\/06\/miamibeach-logoblue.png\",\"contentUrl\":\"https:\/\/www.miamibeachfl.gov\/wp-content\/uploads\/2022\/06\/miamibeach-logoblue.png\",\"width\":1962,\"height\":381,\"caption\":\"City of Miami Beach\"},\"image\":{\"@id\":\"https:\/\/www.miamibeachfl.gov\/#\/schema\/logo\/image\/\"},\"sameAs\":[\"https:\/\/www.facebook.com\/cityofmiamibeach\",\"https:\/\/x.com\/Miamibeachnews\",\"https:\/\/www.instagram.com\/miamibeachnews\/\"],\"description\":\"The official website of the City of Miami Beach. Stay informed, find important information on city services, news, alerts, events, trolley routes, government employment and more.\",\"telephone\":\"305.604.CITY(2489)\",\"legalName\":\"City of Miami Beach\"}]}<\/script>\n<!-- \/ Yoast SEO Premium plugin. -->","yoast_head_json":{"title":"Comit\u00ea Consultivo de Assuntos Negros - Cidade de Miami Beach","description":"%","robots":{"index":"index","follow":"follow","max-snippet":"max-snippet:-1","max-image-preview":"max-image-preview:large","max-video-preview":"max-video-preview:-1"},"canonical":"https:\/\/www.miamibeachfl.gov\/pt\/city-hall\/city-clerk\/boards-and-committees\/black-affairs-advisory-committee\/","og_locale":"pt_BR","og_type":"article","og_title":"Black Affairs Advisory Committee","og_description":"%","og_url":"https:\/\/www.miamibeachfl.gov\/pt\/city-hall\/city-clerk\/boards-and-committees\/black-affairs-advisory-committee\/","og_site_name":"City of Miami Beach","article_publisher":"https:\/\/www.facebook.com\/cityofmiamibeach","article_modified_time":"2023-08-18T19:56:19+00:00","og_image":[{"width":1000,"height":1000,"url":"https:\/\/www.miamibeachfl.gov\/wp-content\/uploads\/2024\/01\/1000pxSquare-miamibeach-aerial-southpointview.jpeg","type":"image\/jpeg"}],"twitter_card":"summary_large_image","twitter_site":"@Miamibeachnews","schema":{"@context":"https:\/\/schema.org","@graph":[{"@type":"WebPage","@id":"https:\/\/www.miamibeachfl.gov\/city-hall\/city-clerk\/boards-and-committees\/black-affairs-advisory-committee\/","url":"https:\/\/www.miamibeachfl.gov\/city-hall\/city-clerk\/boards-and-committees\/black-affairs-advisory-committee\/","name":"Comit\u00ea Consultivo de Assuntos Negros - Cidade de Miami Beach","isPartOf":{"@id":"https:\/\/www.miamibeachfl.gov\/#website"},"datePublished":"2023-08-18T19:53:22+00:00","dateModified":"2023-08-18T19:56:19+00:00","description":"%","breadcrumb":{"@id":"https:\/\/www.miamibeachfl.gov\/city-hall\/city-clerk\/boards-and-committees\/black-affairs-advisory-committee\/#breadcrumb"},"inLanguage":"pt-BR","potentialAction":[{"@type":"ReadAction","target":["https:\/\/www.miamibeachfl.gov\/city-hall\/city-clerk\/boards-and-committees\/black-affairs-advisory-committee\/"]}]},{"@type":"BreadcrumbList","@id":"https:\/\/www.miamibeachfl.gov\/city-hall\/city-clerk\/boards-and-committees\/black-affairs-advisory-committee\/#breadcrumb","itemListElement":[{"@type":"ListItem","position":1,"name":"Home","item":"https:\/\/www.miamibeachfl.gov\/"},{"@type":"ListItem","position":2,"name":"City Hall","item":"https:\/\/www.miamibeachfl.gov\/city-hall\/"},{"@type":"ListItem","position":3,"name":"City Clerk","item":"https:\/\/www.miamibeachfl.gov\/city-hall\/city-clerk\/"},{"@type":"ListItem","position":4,"name":"Boards and Committees","item":"https:\/\/www.miamibeachfl.gov\/city-hall\/city-clerk\/boards-and-committees\/"},{"@type":"ListItem","position":5,"name":"Black Affairs Advisory Committee"}]},{"@type":"WebSite","@id":"https:\/\/www.miamibeachfl.gov\/#website","url":"https:\/\/www.miamibeachfl.gov\/","name":"Cidade de Miami Beach","description":"Site oficial da cidade de Miami Beach. Mantenha-se informado e encontre informa\u00e7\u00f5es importantes sobre servi\u00e7os municipais, not\u00edcias, alertas, eventos, rotas de bonde, empregos p\u00fablicos e muito mais.","publisher":{"@id":"https:\/\/www.miamibeachfl.gov\/#organization"},"potentialAction":[{"@type":"SearchAction","target":{"@type":"EntryPoint","urlTemplate":"https:\/\/www.miamibeachfl.gov\/?s={search_term_string}"},"query-input":{"@type":"PropertyValueSpecification","valueRequired":true,"valueName":"search_term_string"}}],"inLanguage":"pt-BR"},{"@type":"Organization","@id":"https:\/\/www.miamibeachfl.gov\/#organization","name":"Cidade de Miami Beach","url":"https:\/\/www.miamibeachfl.gov\/","logo":{"@type":"ImageObject","inLanguage":"pt-BR","@id":"https:\/\/www.miamibeachfl.gov\/#\/schema\/logo\/image\/","url":"https:\/\/www.miamibeachfl.gov\/wp-content\/uploads\/2022\/06\/miamibeach-logoblue.png","contentUrl":"https:\/\/www.miamibeachfl.gov\/wp-content\/uploads\/2022\/06\/miamibeach-logoblue.png","width":1962,"height":381,"caption":"City of Miami Beach"},"image":{"@id":"https:\/\/www.miamibeachfl.gov\/#\/schema\/logo\/image\/"},"sameAs":["https:\/\/www.facebook.com\/cityofmiamibeach","https:\/\/x.com\/Miamibeachnews","https:\/\/www.instagram.com\/miamibeachnews\/"],"description":"Site oficial da cidade de Miami Beach. Mantenha-se informado e encontre informa\u00e7\u00f5es importantes sobre servi\u00e7os municipais, not\u00edcias, alertas, eventos, rotas de bonde, empregos p\u00fablicos e muito mais.","telephone":"305.604.CITY(2489)","legalName":"City of Miami Beach"}]}},"_links":{"self":[{"href":"https:\/\/www.miamibeachfl.gov\/pt\/wp-json\/wp\/v2\/pages\/269107","targetHints":{"allow":["GET"]}}],"collection":[{"href":"https:\/\/www.miamibeachfl.gov\/pt\/wp-json\/wp\/v2\/pages"}],"about":[{"href":"https:\/\/www.miamibeachfl.gov\/pt\/wp-json\/wp\/v2\/types\/page"}],"author":[{"embeddable":true,"href":"https:\/\/www.miamibeachfl.gov\/pt\/wp-json\/wp\/v2\/users\/222"}],"replies":[{"embeddable":true,"href":"https:\/\/www.miamibeachfl.gov\/pt\/wp-json\/wp\/v2\/comments?post=269107"}],"version-history":[{"count":0,"href":"https:\/\/www.miamibeachfl.gov\/pt\/wp-json\/wp\/v2\/pages\/269107\/revisions"}],"up":[{"embeddable":true,"href":"https:\/\/www.miamibeachfl.gov\/pt\/wp-json\/wp\/v2\/pages\/258819"}],"wp:attachment":[{"href":"https:\/\/www.miamibeachfl.gov\/pt\/wp-json\/wp\/v2\/media?parent=269107"}],"wp:term":[{"taxonomy":"category","embeddable":true,"href":"https:\/\/www.miamibeachfl.gov\/pt\/wp-json\/wp\/v2\/categories?post=269107"},{"taxonomy":"post_tag","embeddable":true,"href":"https:\/\/www.miamibeachfl.gov\/pt\/wp-json\/wp\/v2\/tags?post=269107"}],"curies":[{"name":"wp","href":"https:\/\/api.w.org\/{rel}","templated":true}]}}