{"id":269138,"date":"2023-08-18T16:32:26","date_gmt":"2023-08-18T20:32:26","guid":{"rendered":"https:\/\/www.miamibeachfl.gov\/?page_id=269138"},"modified":"2025-09-19T15:54:04","modified_gmt":"2025-09-19T19:54:04","slug":"housing-authority","status":"publish","type":"page","link":"https:\/\/www.miamibeachfl.gov\/pt\/city-hall\/city-clerk\/boards-and-committees\/housing-authority\/","title":{"rendered":"Autoridade de Habita\u00e7\u00e3o"},"content":{"rendered":"<h1>\n\t\t\tAutoridade de Habita\u00e7\u00e3o\t<\/h1>\nCard\u00e1pio do Secret\u00e1rio Municipal\t\t\t\n\t\t\t\t\t<ul id=\"menu-city-clerk\"><li id=\"menu-item-317005\"><a href=\"\/pt\/city-hall\/city-clerk\/\">Escriv\u00e3o da cidade<\/a><\/li>\n<li id=\"menu-item-258831\"><a href=\"\/pt\/city-hall\/city-clerk\/public-records-request\/\">Registros P\u00fablicos<\/a><\/li>\n<li id=\"menu-item-258832\"><a href=\"\/pt\/city-hall\/city-clerk\/meetings-and-agendas\/\">Agendas<\/a><\/li>\n<li id=\"menu-item-258833\"><a href=\"\/pt\/city-hall\/city-clerk\/forms\/\">Formul\u00e1rios<\/a><\/li>\n<li id=\"menu-item-258834\"><a href=\"\/pt\/city-hall\/city-clerk\/boards-and-committees\/\">Conselhos e Comit\u00eas<\/a><\/li>\n<li id=\"menu-item-258835\"><a href=\"\/pt\/city-hall\/city-clerk\/election-information\/\">Informa\u00e7\u00f5es sobre elei\u00e7\u00f5es<\/a><\/li>\n<li id=\"menu-item-258836\"><a href=\"\/pt\/city-hall\/city-clerk\/notification-system\/\">Notifica\u00e7\u00f5es<\/a><\/li>\n<li id=\"menu-item-258837\"><a href=\"\/pt\/city-hall\/city-clerk\/public-records-request\/additional-contacts\/\">Contate-nos<\/a><\/li>\n<\/ul>\t\nMenu do Secret\u00e1rio Municipal \u00d7\t\t\t\t\t\t<ul id=\"menu-city-clerk-1\"><li id=\"menu-item-317005\"><a href=\"\/pt\/city-hall\/city-clerk\/\">Escriv\u00e3o da cidade<\/a><\/li>\n<li id=\"menu-item-258831\"><a href=\"\/pt\/city-hall\/city-clerk\/public-records-request\/\">Registros P\u00fablicos<\/a><\/li>\n<li id=\"menu-item-258832\"><a href=\"\/pt\/city-hall\/city-clerk\/meetings-and-agendas\/\">Agendas<\/a><\/li>\n<li id=\"menu-item-258833\"><a href=\"\/pt\/city-hall\/city-clerk\/forms\/\">Formul\u00e1rios<\/a><\/li>\n<li id=\"menu-item-258834\"><a href=\"\/pt\/city-hall\/city-clerk\/boards-and-committees\/\">Conselhos e Comit\u00eas<\/a><\/li>\n<li id=\"menu-item-258835\"><a href=\"\/pt\/city-hall\/city-clerk\/election-information\/\">Informa\u00e7\u00f5es sobre elei\u00e7\u00f5es<\/a><\/li>\n<li id=\"menu-item-258836\"><a href=\"\/pt\/city-hall\/city-clerk\/notification-system\/\">Notifica\u00e7\u00f5es<\/a><\/li>\n<li id=\"menu-item-258837\"><a href=\"\/pt\/city-hall\/city-clerk\/public-records-request\/additional-contacts\/\">Contate-nos<\/a><\/li>\n<\/ul>\t\t\t\t\n\t<p>Nomea\u00e7\u00e3o de quatro anos. Cinco (5) membros nomeados pelo Prefeito. As nomea\u00e7\u00f5es devem ser confirmadas pela Comiss\u00e3o Municipal. Pelo menos um (1) membro dever\u00e1 ser morador com aluguel em dia em um projeto habitacional, ou pessoa de baixa ou muito baixa renda que resida na jurisdi\u00e7\u00e3o da Autoridade Habitacional e esteja recebendo subs\u00eddio de aluguel por meio de um programa administrado pela autoridade ou ag\u00eancia de habita\u00e7\u00e3o p\u00fablica com jurisdi\u00e7\u00e3o na mesma localidade atendida pela Autoridade Habitacional, sendo que este membro dever\u00e1 ser nomeado no momento da vac\u00e2ncia.<\/p>\n\t\t\t<a href=\"https:\/\/www.miamibeachfl.gov\/wp-content\/uploads\/2025\/09\/Searchable-Report-6.pdf\" target=\"_blank\" rel=\"noopener\">\n\t\t\t\t\t\tDetalhes da Associa\u00e7\u00e3o (Termos, Cargos, T\u00edtulos)\n\t\t\t\t\t<\/a>\n\t\t\t<a href=\"https:\/\/www.miamibeachfl.gov\/wp-content\/uploads\/2025\/09\/Vacancy-Report-3.pdf\" target=\"_blank\" rel=\"noopener\">\n\t\t\t\t\t\tVagas\n\t\t\t\t\t<\/a>\n\t\t\t<a href=\"https:\/\/www.miamibeachfl.gov\/wp-content\/uploads\/2025\/07\/Liaison-Contact-Information-4.pdf\" target=\"_blank\" rel=\"noopener\">\n\t\t\t\t\t\tInforma\u00e7\u00f5es de contato de liga\u00e7\u00e3o\n\t\t\t\t\t<\/a>\n\t\t\t<iframe loading=\"lazy\" src=\"https:\/\/docmgmt.miamibeachfl.gov\/WebLink\/Browse.aspx?id=120704&#038;dbid=0&#038;repo=CityClerk\" frameborder=\"0\" width=\"100%\" height=\"100%\" allowfullscreen><\/iframe>\t\t\t\n\t\t\t<a href=\"javascript:void(0)\" title=\"Clique aqui\" target=\"_self\"  data-modal=  \"role=\"button\"\" aria-label=\"Pesquisar Arquivos\">\n\t\t\t\t\t\t\t\t\t\t\tPesquisar Arquivos\n\t\t<\/a>\n\t\t\t<iframe loading=\"lazy\" src=\"https:\/\/miamibeach.novusagenda.com\/agendapublic\/meetingsgeneral.aspx\" frameborder=\"0\" width=\"100%\" height=\"100%\" allowfullscreen><\/iframe>\t\t\t\n\t\t\t<a href=\"javascript:void(0)\" title=\"Clique aqui\" target=\"_self\"  data-modal=  \"role=\"button\"\" aria-label=\"Pesquisar pautas e atas\">\n\t\t\t\t\t\t\t\t\t\t\tPesquisar pautas e atas\n\t\t<\/a>\n\t\t\t<a href=\"https:\/\/www.miamibeachfl.gov\/pt\/city-hall\/city-clerk-new\/contactus\/\" target=\"_self\">\n\t\t\t\t\t\tContate-nos\n\t\t\t\t\t<\/a>\n\t\t<h3>Solicita\u00e7\u00f5es de Registros P\u00fablicos<\/h3>\t\t\t\n\t\t\t\t<p>Acesse o site de Solicita\u00e7\u00e3o de Registros P\u00fablicos da Cidade de Miami Beach. Envie uma nova solicita\u00e7\u00e3o, verifique o status de uma solicita\u00e7\u00e3o enviada e pesquise no arquivo de solicita\u00e7\u00f5es de registros.<\/p>\n<p>Caso tenha alguma d\u00favida sobre registros p\u00fablicos, ligue para o cart\u00f3rio da cidade de Miami Beach pelo telefone 305-673-7411.\u00a0<\/p>\n\t\t\t<a href=\"https:\/\/miamibeachfl.justfoia.com\/publicportal\/home\/track\" title=\"Clique aqui\" target=\"_blank\" rel=\"noopener\"  role=\"button\" aria-label=\"Enviar uma solicita\u00e7\u00e3o\">\n\t\t\t\t\t\t\t\t\t\t\tEnviar uma solicita\u00e7\u00e3o\n\t\t<\/a>","protected":false},"excerpt":{"rendered":"<p>Housing Authority City Clerk Menu City Clerk Public Records Agendas Forms Boards &#038; Committees Election Information Notifications Contact Us City [&hellip;]<\/p>\n","protected":false},"author":222,"featured_media":0,"parent":258819,"menu_order":32,"comment_status":"closed","ping_status":"closed","template":"","meta":{"_searchwp_excluded":"","site-sidebar-layout":"default","site-content-layout":"","ast-site-content-layout":"default","site-content-style":"default","site-sidebar-style":"default","ast-global-header-display":"","ast-banner-title-visibility":"","ast-main-header-display":"","ast-hfb-above-header-display":"","ast-hfb-below-header-display":"","ast-hfb-mobile-header-display":"","site-post-title":"","ast-breadcrumbs-content":"","ast-featured-img":"","footer-sml-layout":"","theme-transparent-header-meta":"","adv-header-id-meta":"","stick-header-meta":"","header-above-stick-meta":"","header-main-stick-meta":"","header-below-stick-meta":"","astra-migrate-meta-layouts":"default","ast-page-background-enabled":"default","ast-page-background-meta":{"desktop":{"background-color":"var(--ast-global-color-5)","background-image":"","background-repeat":"repeat","background-position":"center center","background-size":"auto","background-attachment":"scroll","background-type":"","background-media":"","overlay-type":"","overlay-color":"","overlay-opacity":"","overlay-gradient":""},"tablet":{"background-color":"","background-image":"","background-repeat":"repeat","background-position":"center center","background-size":"auto","background-attachment":"scroll","background-type":"","background-media":"","overlay-type":"","overlay-color":"","overlay-opacity":"","overlay-gradient":""},"mobile":{"background-color":"","background-image":"","background-repeat":"repeat","background-position":"center center","background-size":"auto","background-attachment":"scroll","background-type":"","background-media":"","overlay-type":"","overlay-color":"","overlay-opacity":"","overlay-gradient":""}},"ast-content-background-meta":{"desktop":{"background-color":"var(--ast-global-color-4)","background-image":"","background-repeat":"repeat","background-position":"center center","background-size":"auto","background-attachment":"scroll","background-type":"","background-media":"","overlay-type":"","overlay-color":"","overlay-opacity":"","overlay-gradient":""},"tablet":{"background-color":"var(--ast-global-color-4)","background-image":"","background-repeat":"repeat","background-position":"center center","background-size":"auto","background-attachment":"scroll","background-type":"","background-media":"","overlay-type":"","overlay-color":"","overlay-opacity":"","overlay-gradient":""},"mobile":{"background-color":"var(--ast-global-color-4)","background-image":"","background-repeat":"repeat","background-position":"center center","background-size":"auto","background-attachment":"scroll","background-type":"","background-media":"","overlay-type":"","overlay-color":"","overlay-opacity":"","overlay-gradient":""}},"footnotes":""},"categories":[1],"tags":[1041,920],"class_list":["post-269138","page","type-page","status-publish","hentry","category-uncategorized","tag-bandc-auth-comm-and-council","tag-boards-and-committees"],"yoast_head":"<!-- This site is optimized with the Yoast SEO Premium plugin v27.4 (Yoast SEO v27.4) - https:\/\/yoast.com\/product\/yoast-seo-premium-wordpress\/ -->\n<title>Housing Authority - City of Miami Beach<\/title>\n<meta name=\"description\" content=\"%\" \/>\n<meta name=\"robots\" content=\"index, follow, max-snippet:-1, max-image-preview:large, max-video-preview:-1\" \/>\n<link rel=\"canonical\" href=\"https:\/\/www.miamibeachfl.gov\/pt\/city-hall\/city-clerk\/boards-and-committees\/housing-authority\/\" \/>\n<meta property=\"og:locale\" content=\"pt_BR\" \/>\n<meta property=\"og:type\" content=\"article\" \/>\n<meta property=\"og:title\" content=\"Housing Authority\" \/>\n<meta property=\"og:description\" content=\"%\" \/>\n<meta property=\"og:url\" content=\"https:\/\/www.miamibeachfl.gov\/pt\/city-hall\/city-clerk\/boards-and-committees\/housing-authority\/\" \/>\n<meta property=\"og:site_name\" content=\"City of Miami Beach\" \/>\n<meta property=\"article:publisher\" content=\"https:\/\/www.facebook.com\/cityofmiamibeach\" \/>\n<meta property=\"article:modified_time\" content=\"2025-09-19T19:54:04+00:00\" \/>\n<meta property=\"og:image\" content=\"https:\/\/www.miamibeachfl.gov\/wp-content\/uploads\/2024\/01\/1000pxSquare-miamibeach-aerial-southpointview.jpeg\" \/>\n\t<meta property=\"og:image:width\" content=\"1000\" \/>\n\t<meta property=\"og:image:height\" content=\"1000\" \/>\n\t<meta property=\"og:image:type\" content=\"image\/jpeg\" \/>\n<meta name=\"twitter:card\" content=\"summary_large_image\" \/>\n<meta name=\"twitter:site\" content=\"@Miamibeachnews\" \/>\n<script type=\"application\/ld+json\" class=\"yoast-schema-graph\">{\"@context\":\"https:\\\/\\\/schema.org\",\"@graph\":[{\"@type\":\"WebPage\",\"@id\":\"https:\\\/\\\/www.miamibeachfl.gov\\\/city-hall\\\/city-clerk\\\/boards-and-committees\\\/housing-authority\\\/\",\"url\":\"https:\\\/\\\/www.miamibeachfl.gov\\\/city-hall\\\/city-clerk\\\/boards-and-committees\\\/housing-authority\\\/\",\"name\":\"Housing Authority - City of Miami Beach\",\"isPartOf\":{\"@id\":\"https:\\\/\\\/www.miamibeachfl.gov\\\/#website\"},\"datePublished\":\"2023-08-18T20:32:26+00:00\",\"dateModified\":\"2025-09-19T19:54:04+00:00\",\"description\":\"%\",\"breadcrumb\":{\"@id\":\"https:\\\/\\\/www.miamibeachfl.gov\\\/city-hall\\\/city-clerk\\\/boards-and-committees\\\/housing-authority\\\/#breadcrumb\"},\"inLanguage\":\"pt-BR\",\"potentialAction\":[{\"@type\":\"ReadAction\",\"target\":[\"https:\\\/\\\/www.miamibeachfl.gov\\\/city-hall\\\/city-clerk\\\/boards-and-committees\\\/housing-authority\\\/\"]}]},{\"@type\":\"BreadcrumbList\",\"@id\":\"https:\\\/\\\/www.miamibeachfl.gov\\\/city-hall\\\/city-clerk\\\/boards-and-committees\\\/housing-authority\\\/#breadcrumb\",\"itemListElement\":[{\"@type\":\"ListItem\",\"position\":1,\"name\":\"Home\",\"item\":\"https:\\\/\\\/www.miamibeachfl.gov\\\/\"},{\"@type\":\"ListItem\",\"position\":2,\"name\":\"City Hall\",\"item\":\"https:\\\/\\\/www.miamibeachfl.gov\\\/city-hall\\\/\"},{\"@type\":\"ListItem\",\"position\":3,\"name\":\"City Clerk\",\"item\":\"https:\\\/\\\/www.miamibeachfl.gov\\\/city-hall\\\/city-clerk\\\/\"},{\"@type\":\"ListItem\",\"position\":4,\"name\":\"Boards and Committees\",\"item\":\"https:\\\/\\\/www.miamibeachfl.gov\\\/city-hall\\\/city-clerk\\\/boards-and-committees\\\/\"},{\"@type\":\"ListItem\",\"position\":5,\"name\":\"Housing Authority\"}]},{\"@type\":\"WebSite\",\"@id\":\"https:\\\/\\\/www.miamibeachfl.gov\\\/#website\",\"url\":\"https:\\\/\\\/www.miamibeachfl.gov\\\/\",\"name\":\"City of Miami Beach\",\"description\":\"The official website of the City of Miami Beach. Stay informed, find important information on city services, news, alerts, events, trolley routes, government employment and more.\",\"publisher\":{\"@id\":\"https:\\\/\\\/www.miamibeachfl.gov\\\/#organization\"},\"potentialAction\":[{\"@type\":\"SearchAction\",\"target\":{\"@type\":\"EntryPoint\",\"urlTemplate\":\"https:\\\/\\\/www.miamibeachfl.gov\\\/?s={search_term_string}\"},\"query-input\":{\"@type\":\"PropertyValueSpecification\",\"valueRequired\":true,\"valueName\":\"search_term_string\"}}],\"inLanguage\":\"pt-BR\"},{\"@type\":\"Organization\",\"@id\":\"https:\\\/\\\/www.miamibeachfl.gov\\\/#organization\",\"name\":\"City of Miami Beach\",\"url\":\"https:\\\/\\\/www.miamibeachfl.gov\\\/\",\"logo\":{\"@type\":\"ImageObject\",\"inLanguage\":\"pt-BR\",\"@id\":\"https:\\\/\\\/www.miamibeachfl.gov\\\/#\\\/schema\\\/logo\\\/image\\\/\",\"url\":\"https:\\\/\\\/www.miamibeachfl.gov\\\/wp-content\\\/uploads\\\/2022\\\/06\\\/miamibeach-logoblue.png\",\"contentUrl\":\"https:\\\/\\\/www.miamibeachfl.gov\\\/wp-content\\\/uploads\\\/2022\\\/06\\\/miamibeach-logoblue.png\",\"width\":1962,\"height\":381,\"caption\":\"City of Miami Beach\"},\"image\":{\"@id\":\"https:\\\/\\\/www.miamibeachfl.gov\\\/#\\\/schema\\\/logo\\\/image\\\/\"},\"sameAs\":[\"https:\\\/\\\/www.facebook.com\\\/cityofmiamibeach\",\"https:\\\/\\\/x.com\\\/Miamibeachnews\",\"https:\\\/\\\/www.instagram.com\\\/miamibeachnews\\\/\"],\"description\":\"The official website of the City of Miami Beach. Stay informed, find important information on city services, news, alerts, events, trolley routes, government employment and more.\",\"telephone\":\"305.604.CITY(2489)\",\"legalName\":\"City of Miami Beach\"}]}<\/script>\n<!-- \/ Yoast SEO Premium plugin. -->","yoast_head_json":{"title":"Autoridade Habitacional - Cidade de Miami Beach","description":"%","robots":{"index":"index","follow":"follow","max-snippet":"max-snippet:-1","max-image-preview":"max-image-preview:large","max-video-preview":"max-video-preview:-1"},"canonical":"https:\/\/www.miamibeachfl.gov\/pt\/city-hall\/city-clerk\/boards-and-committees\/housing-authority\/","og_locale":"pt_BR","og_type":"article","og_title":"Housing Authority","og_description":"%","og_url":"https:\/\/www.miamibeachfl.gov\/pt\/city-hall\/city-clerk\/boards-and-committees\/housing-authority\/","og_site_name":"City of Miami Beach","article_publisher":"https:\/\/www.facebook.com\/cityofmiamibeach","article_modified_time":"2025-09-19T19:54:04+00:00","og_image":[{"width":1000,"height":1000,"url":"https:\/\/www.miamibeachfl.gov\/wp-content\/uploads\/2024\/01\/1000pxSquare-miamibeach-aerial-southpointview.jpeg","type":"image\/jpeg"}],"twitter_card":"summary_large_image","twitter_site":"@Miamibeachnews","schema":{"@context":"https:\/\/schema.org","@graph":[{"@type":"WebPage","@id":"https:\/\/www.miamibeachfl.gov\/city-hall\/city-clerk\/boards-and-committees\/housing-authority\/","url":"https:\/\/www.miamibeachfl.gov\/city-hall\/city-clerk\/boards-and-committees\/housing-authority\/","name":"Autoridade Habitacional - Cidade de Miami Beach","isPartOf":{"@id":"https:\/\/www.miamibeachfl.gov\/#website"},"datePublished":"2023-08-18T20:32:26+00:00","dateModified":"2025-09-19T19:54:04+00:00","description":"%","breadcrumb":{"@id":"https:\/\/www.miamibeachfl.gov\/city-hall\/city-clerk\/boards-and-committees\/housing-authority\/#breadcrumb"},"inLanguage":"pt-BR","potentialAction":[{"@type":"ReadAction","target":["https:\/\/www.miamibeachfl.gov\/city-hall\/city-clerk\/boards-and-committees\/housing-authority\/"]}]},{"@type":"BreadcrumbList","@id":"https:\/\/www.miamibeachfl.gov\/city-hall\/city-clerk\/boards-and-committees\/housing-authority\/#breadcrumb","itemListElement":[{"@type":"ListItem","position":1,"name":"Home","item":"https:\/\/www.miamibeachfl.gov\/"},{"@type":"ListItem","position":2,"name":"City Hall","item":"https:\/\/www.miamibeachfl.gov\/city-hall\/"},{"@type":"ListItem","position":3,"name":"City Clerk","item":"https:\/\/www.miamibeachfl.gov\/city-hall\/city-clerk\/"},{"@type":"ListItem","position":4,"name":"Boards and Committees","item":"https:\/\/www.miamibeachfl.gov\/city-hall\/city-clerk\/boards-and-committees\/"},{"@type":"ListItem","position":5,"name":"Housing Authority"}]},{"@type":"WebSite","@id":"https:\/\/www.miamibeachfl.gov\/#website","url":"https:\/\/www.miamibeachfl.gov\/","name":"Cidade de Miami Beach","description":"Site oficial da cidade de Miami Beach. Mantenha-se informado e encontre informa\u00e7\u00f5es importantes sobre servi\u00e7os municipais, not\u00edcias, alertas, eventos, rotas de bonde, empregos p\u00fablicos e muito mais.","publisher":{"@id":"https:\/\/www.miamibeachfl.gov\/#organization"},"potentialAction":[{"@type":"SearchAction","target":{"@type":"EntryPoint","urlTemplate":"https:\/\/www.miamibeachfl.gov\/?s={search_term_string}"},"query-input":{"@type":"PropertyValueSpecification","valueRequired":true,"valueName":"search_term_string"}}],"inLanguage":"pt-BR"},{"@type":"Organization","@id":"https:\/\/www.miamibeachfl.gov\/#organization","name":"Cidade de Miami Beach","url":"https:\/\/www.miamibeachfl.gov\/","logo":{"@type":"ImageObject","inLanguage":"pt-BR","@id":"https:\/\/www.miamibeachfl.gov\/#\/schema\/logo\/image\/","url":"https:\/\/www.miamibeachfl.gov\/wp-content\/uploads\/2022\/06\/miamibeach-logoblue.png","contentUrl":"https:\/\/www.miamibeachfl.gov\/wp-content\/uploads\/2022\/06\/miamibeach-logoblue.png","width":1962,"height":381,"caption":"City of Miami Beach"},"image":{"@id":"https:\/\/www.miamibeachfl.gov\/#\/schema\/logo\/image\/"},"sameAs":["https:\/\/www.facebook.com\/cityofmiamibeach","https:\/\/x.com\/Miamibeachnews","https:\/\/www.instagram.com\/miamibeachnews\/"],"description":"Site oficial da cidade de Miami Beach. Mantenha-se informado e encontre informa\u00e7\u00f5es importantes sobre servi\u00e7os municipais, not\u00edcias, alertas, eventos, rotas de bonde, empregos p\u00fablicos e muito mais.","telephone":"305.604.CITY(2489)","legalName":"City of Miami Beach"}]}},"_links":{"self":[{"href":"https:\/\/www.miamibeachfl.gov\/pt\/wp-json\/wp\/v2\/pages\/269138","targetHints":{"allow":["GET"]}}],"collection":[{"href":"https:\/\/www.miamibeachfl.gov\/pt\/wp-json\/wp\/v2\/pages"}],"about":[{"href":"https:\/\/www.miamibeachfl.gov\/pt\/wp-json\/wp\/v2\/types\/page"}],"author":[{"embeddable":true,"href":"https:\/\/www.miamibeachfl.gov\/pt\/wp-json\/wp\/v2\/users\/222"}],"replies":[{"embeddable":true,"href":"https:\/\/www.miamibeachfl.gov\/pt\/wp-json\/wp\/v2\/comments?post=269138"}],"version-history":[{"count":1,"href":"https:\/\/www.miamibeachfl.gov\/pt\/wp-json\/wp\/v2\/pages\/269138\/revisions"}],"predecessor-version":[{"id":389222,"href":"https:\/\/www.miamibeachfl.gov\/pt\/wp-json\/wp\/v2\/pages\/269138\/revisions\/389222"}],"up":[{"embeddable":true,"href":"https:\/\/www.miamibeachfl.gov\/pt\/wp-json\/wp\/v2\/pages\/258819"}],"wp:attachment":[{"href":"https:\/\/www.miamibeachfl.gov\/pt\/wp-json\/wp\/v2\/media?parent=269138"}],"wp:term":[{"taxonomy":"category","embeddable":true,"href":"https:\/\/www.miamibeachfl.gov\/pt\/wp-json\/wp\/v2\/categories?post=269138"},{"taxonomy":"post_tag","embeddable":true,"href":"https:\/\/www.miamibeachfl.gov\/pt\/wp-json\/wp\/v2\/tags?post=269138"}],"curies":[{"name":"wp","href":"https:\/\/api.w.org\/{rel}","templated":true}]}}