{"id":270754,"date":"2023-09-04T16:33:44","date_gmt":"2023-09-04T20:33:44","guid":{"rendered":"https:\/\/www.miamibeachfl.gov\/?page_id=270754"},"modified":"2025-07-15T15:35:31","modified_gmt":"2025-07-15T19:35:31","slug":"records-management","status":"publish","type":"page","link":"https:\/\/www.miamibeachfl.gov\/pt\/city-hall\/building\/records-management\/","title":{"rendered":"Gerenciamento de Registros de Edif\u00edcios"},"content":{"rendered":"<h1>\n\t\t\tGest\u00e3o de Registros\t<\/h1>\nMenu de constru\u00e7\u00e3o\t\t\t\n\t\t\t\t\t<ul id=\"menu-building-department\"><li id=\"menu-item-270333\" aria-haspopup=\"true\"><a aria-expanded=\"false\" href=\"\/pt\/city-hall\/building\/permits\/\">Pedido de Permiss\u00e3o<\/a>\n<ul>\n\t<li id=\"menu-item-286727\"><a href=\"\/pt\/city-hall\/building\/permits\/\">O Processo de Permiss\u00e3o \u2013 Como se Candidatar<\/a><\/li>\n\t<li id=\"menu-item-271067\"><a href=\"\/pt\/city-hall\/building\/permits\/permitchecklists\/\">Listas de verifica\u00e7\u00e3o de permiss\u00e3o<\/a><\/li>\n\t<li id=\"menu-item-322770\"><a href=\"\/pt\/city-hall\/building\/permits\/same-day-services\/\">Servi\u00e7o no mesmo dia<\/a><\/li>\n\t<li id=\"menu-item-270341\"><a href=\"\/pt\/city-hall\/building\/onlinepermits\/\">Centro de Recursos de Permiss\u00e3o Online \u2013 Inscreva-se Online<\/a><\/li>\n\t<li id=\"menu-item-270340\"><a href=\"\/pt\/city-hall\/building\/permits\/interactive-permit-guide\/\">Guia de Permiss\u00e3o Interativo<\/a><\/li>\n\t<li id=\"menu-item-340585\"><a href=\"\/pt\/city-hall\/building\/permits\/expired-permits-and-permit-renewals\/\">Permiss\u00f5es expiradas e renova\u00e7\u00f5es de permiss\u00f5es<\/a><\/li>\n<\/ul>\n<\/li>\n<li id=\"menu-item-312699\" aria-haspopup=\"true\"><a aria-expanded=\"false\" href=\"#\">Recursos de permiss\u00e3o<\/a>\n<ul>\n\t<li id=\"menu-item-280603\"><a href=\"https:\/\/www.miamibeachfl.gov\/wp-content\/uploads\/2025\/03\/Fee-Schedule-10.01.2024_Update-3.3.2025.pdf\">Tabela de taxas<\/a><\/li>\n\t<li id=\"menu-item-272445\"><a href=\"\/pt\/city-hall\/building\/permits\/building-permits-not-required-work-list\/\">Lista de Permiss\u00f5es N\u00e3o Requeridas<\/a><\/li>\n\t<li id=\"menu-item-285785\"><a href=\"\/pt\/city-hall\/building\/permits\/permit-refunds\/\">Reembolsos de Permiss\u00e3o<\/a><\/li>\n\t<li id=\"menu-item-285786\"><a href=\"\/pt\/city-hall\/building\/permits\/building-permit-reprieve-program\/\">Programa de Anistia por Viola\u00e7\u00e3o do C\u00f3digo de Constru\u00e7\u00e3o<\/a><\/li>\n\t<li id=\"menu-item-270348\"><a href=\"\/pt\/city-hall\/building\/building-recert\/\">Recertifica\u00e7\u00e3o de Edif\u00edcios<\/a><\/li>\n\t<li id=\"menu-item-298042\"><a href=\"\/pt\/city-hall\/building\/permits\/fema-50-rule\/\">Regra Fema 50%<\/a><\/li>\n\t<li id=\"menu-item-270344\"><a href=\"\/pt\/city-hall\/building\/permits\/mdc\/\">Condado de Miami-Dade<\/a><\/li>\n\t<li id=\"menu-item-270345\"><a href=\"\/pt\/city-hall\/building\/permits\/phased-permits\/\">Permiss\u00f5es em fases<\/a><\/li>\n\t<li id=\"menu-item-270342\"><a href=\"\/pt\/city-hall\/building\/permits\/green\/\">Licen\u00e7as Verdes<\/a><\/li>\n\t<li id=\"menu-item-270346\"><a href=\"\/pt\/city-hall\/building\/statistics\/\">Pain\u00e9is de Estat\u00edsticas<\/a><\/li>\n\t<li id=\"menu-item-286018\"><a href=\"\/pt\/permits-search-dashboard\/\">Busca de Permiss\u00e3o de Arquivo<\/a><\/li>\n<\/ul>\n<\/li>\n<li id=\"menu-item-270334\"><a href=\"\/pt\/city-hall\/building\/forms\/\">Formul\u00e1rios<\/a><\/li>\n<li id=\"menu-item-270335\"><a href=\"\/pt\/city-hall\/building\/inspections\/\">Inspe\u00e7\u00f5es<\/a><\/li>\n<li id=\"menu-item-270336\"><a href=\"\/pt\/city-hall\/building\/violations\/\">Viola\u00e7\u00f5es<\/a><\/li>\n<li id=\"menu-item-270339\"><a href=\"\/pt\/city-hall\/building\/contractors\/\">Empreiteiros<\/a><\/li>\n<li id=\"menu-item-270338\" aria-haspopup=\"true\"><a aria-expanded=\"false\" href=\"\/pt\/city-hall\/building\/contact-us\/\">Contate-nos<\/a>\n<ul>\n\t<li id=\"menu-item-270351\"><a href=\"\/pt\/city-hall\/building\/web-booking-terms\/\">Agendamento de consulta online<\/a><\/li>\n<\/ul>\n<\/li>\n<li id=\"menu-item-270337\" aria-haspopup=\"true\"><a aria-expanded=\"false\" href=\"#\">Mais links<\/a>\n<ul>\n\t<li id=\"menu-item-270352\"><a href=\"\/pt\/city-hall\/building\/faq\/\">Perguntas frequentes<\/a><\/li>\n\t<li id=\"menu-item-270350\"><a href=\"\/pt\/city-hall\/building\/events\/\">Eventos e An\u00fancios<\/a><\/li>\n\t<li id=\"menu-item-270353\"><a href=\"\/pt\/city-hall\/building\/local-flood-hazard-info\/\">Gest\u00e3o de Plan\u00edcies de Inunda\u00e7\u00e3o<\/a><\/li>\n\t<li id=\"menu-item-270347\"><a href=\"\/pt\/city-hall\/building\/hurricane-preparedness\/\">Prepara\u00e7\u00e3o para furac\u00f5es<\/a><\/li>\n\t<li id=\"menu-item-270349\"><a href=\"\/pt\/city-hall\/building\/records-management\/\">Gest\u00e3o de Registros<\/a><\/li>\n\t<li id=\"menu-item-270343\"><a href=\"\/pt\/city-hall\/building\/permits\/private-provider-info\/\">Informa\u00e7\u00f5es do Provedor Privado<\/a><\/li>\n\t<li id=\"menu-item-280714\"><a href=\"\/pt\/city-hall\/building\/building-recert\/annual-maintenance-log\/\">Registro de Manuten\u00e7\u00e3o Anual<\/a><\/li>\n\t<li id=\"menu-item-285447\"><a href=\"\/pt\/city-hall\/building\/sop\/\">Procedimento Operacional Padr\u00e3o (POP)<\/a><\/li>\n<\/ul>\n<\/li>\n<\/ul>\t\nMenu de constru\u00e7\u00e3o \u00d7\t\t\t\t\t\t<ul id=\"menu-building-department-1\"><li id=\"menu-item-270333\" aria-haspopup=\"true\"><a aria-expanded=\"false\" href=\"\/pt\/city-hall\/building\/permits\/\">Pedido de Permiss\u00e3o<\/a>\n<ul>\n\t<li id=\"menu-item-286727\"><a href=\"\/pt\/city-hall\/building\/permits\/\">O Processo de Permiss\u00e3o \u2013 Como se Candidatar<\/a><\/li>\n\t<li id=\"menu-item-271067\"><a href=\"\/pt\/city-hall\/building\/permits\/permitchecklists\/\">Listas de verifica\u00e7\u00e3o de permiss\u00e3o<\/a><\/li>\n\t<li id=\"menu-item-322770\"><a href=\"\/pt\/city-hall\/building\/permits\/same-day-services\/\">Servi\u00e7o no mesmo dia<\/a><\/li>\n\t<li id=\"menu-item-270341\"><a href=\"\/pt\/city-hall\/building\/onlinepermits\/\">Centro de Recursos de Permiss\u00e3o Online \u2013 Inscreva-se Online<\/a><\/li>\n\t<li id=\"menu-item-270340\"><a href=\"\/pt\/city-hall\/building\/permits\/interactive-permit-guide\/\">Guia de Permiss\u00e3o Interativo<\/a><\/li>\n\t<li id=\"menu-item-340585\"><a href=\"\/pt\/city-hall\/building\/permits\/expired-permits-and-permit-renewals\/\">Permiss\u00f5es expiradas e renova\u00e7\u00f5es de permiss\u00f5es<\/a><\/li>\n<\/ul>\n<\/li>\n<li id=\"menu-item-312699\" aria-haspopup=\"true\"><a aria-expanded=\"false\" href=\"#\">Recursos de permiss\u00e3o<\/a>\n<ul>\n\t<li id=\"menu-item-280603\"><a href=\"https:\/\/www.miamibeachfl.gov\/wp-content\/uploads\/2025\/03\/Fee-Schedule-10.01.2024_Update-3.3.2025.pdf\">Tabela de taxas<\/a><\/li>\n\t<li id=\"menu-item-272445\"><a href=\"\/pt\/city-hall\/building\/permits\/building-permits-not-required-work-list\/\">Lista de Permiss\u00f5es N\u00e3o Requeridas<\/a><\/li>\n\t<li id=\"menu-item-285785\"><a href=\"\/pt\/city-hall\/building\/permits\/permit-refunds\/\">Reembolsos de Permiss\u00e3o<\/a><\/li>\n\t<li id=\"menu-item-285786\"><a href=\"\/pt\/city-hall\/building\/permits\/building-permit-reprieve-program\/\">Programa de Anistia por Viola\u00e7\u00e3o do C\u00f3digo de Constru\u00e7\u00e3o<\/a><\/li>\n\t<li id=\"menu-item-270348\"><a href=\"\/pt\/city-hall\/building\/building-recert\/\">Recertifica\u00e7\u00e3o de Edif\u00edcios<\/a><\/li>\n\t<li id=\"menu-item-298042\"><a href=\"\/pt\/city-hall\/building\/permits\/fema-50-rule\/\">Regra Fema 50%<\/a><\/li>\n\t<li id=\"menu-item-270344\"><a href=\"\/pt\/city-hall\/building\/permits\/mdc\/\">Condado de Miami-Dade<\/a><\/li>\n\t<li id=\"menu-item-270345\"><a href=\"\/pt\/city-hall\/building\/permits\/phased-permits\/\">Permiss\u00f5es em fases<\/a><\/li>\n\t<li id=\"menu-item-270342\"><a href=\"\/pt\/city-hall\/building\/permits\/green\/\">Licen\u00e7as Verdes<\/a><\/li>\n\t<li id=\"menu-item-270346\"><a href=\"\/pt\/city-hall\/building\/statistics\/\">Pain\u00e9is de Estat\u00edsticas<\/a><\/li>\n\t<li id=\"menu-item-286018\"><a href=\"\/pt\/permits-search-dashboard\/\">Busca de Permiss\u00e3o de Arquivo<\/a><\/li>\n<\/ul>\n<\/li>\n<li id=\"menu-item-270334\"><a href=\"\/pt\/city-hall\/building\/forms\/\">Formul\u00e1rios<\/a><\/li>\n<li id=\"menu-item-270335\"><a href=\"\/pt\/city-hall\/building\/inspections\/\">Inspe\u00e7\u00f5es<\/a><\/li>\n<li id=\"menu-item-270336\"><a href=\"\/pt\/city-hall\/building\/violations\/\">Viola\u00e7\u00f5es<\/a><\/li>\n<li id=\"menu-item-270339\"><a href=\"\/pt\/city-hall\/building\/contractors\/\">Empreiteiros<\/a><\/li>\n<li id=\"menu-item-270338\" aria-haspopup=\"true\"><a aria-expanded=\"false\" href=\"\/pt\/city-hall\/building\/contact-us\/\">Contate-nos<\/a>\n<ul>\n\t<li id=\"menu-item-270351\"><a href=\"\/pt\/city-hall\/building\/web-booking-terms\/\">Agendamento de consulta online<\/a><\/li>\n<\/ul>\n<\/li>\n<li id=\"menu-item-270337\" aria-haspopup=\"true\"><a aria-expanded=\"false\" href=\"#\">Mais links<\/a>\n<ul>\n\t<li id=\"menu-item-270352\"><a href=\"\/pt\/city-hall\/building\/faq\/\">Perguntas frequentes<\/a><\/li>\n\t<li id=\"menu-item-270350\"><a href=\"\/pt\/city-hall\/building\/events\/\">Eventos e An\u00fancios<\/a><\/li>\n\t<li id=\"menu-item-270353\"><a href=\"\/pt\/city-hall\/building\/local-flood-hazard-info\/\">Gest\u00e3o de Plan\u00edcies de Inunda\u00e7\u00e3o<\/a><\/li>\n\t<li id=\"menu-item-270347\"><a href=\"\/pt\/city-hall\/building\/hurricane-preparedness\/\">Prepara\u00e7\u00e3o para furac\u00f5es<\/a><\/li>\n\t<li id=\"menu-item-270349\"><a href=\"\/pt\/city-hall\/building\/records-management\/\">Gest\u00e3o de Registros<\/a><\/li>\n\t<li id=\"menu-item-270343\"><a href=\"\/pt\/city-hall\/building\/permits\/private-provider-info\/\">Informa\u00e7\u00f5es do Provedor Privado<\/a><\/li>\n\t<li id=\"menu-item-280714\"><a href=\"\/pt\/city-hall\/building\/building-recert\/annual-maintenance-log\/\">Registro de Manuten\u00e7\u00e3o Anual<\/a><\/li>\n\t<li id=\"menu-item-285447\"><a href=\"\/pt\/city-hall\/building\/sop\/\">Procedimento Operacional Padr\u00e3o (POP)<\/a><\/li>\n<\/ul>\n<\/li>\n<\/ul>\t\t\t\t\n\t\t\t\t\t<a href=\"#\"  id=\"fl-accordion--label-0\" tabindex=\"0\" aria-controls=\"fl-accordion--panel-0\">Como posso solicitar registros?<\/a>\n\t\t\t\t\t\t\t\t\t\t\t<a href=\"#\" id=\"fl-accordion--icon-0\"  tabindex=\"0\"><i title=\"Expandir\">Expandir<\/i><\/a>\n\t\t\t\t\t<p>Os pedidos podem ser feitos atrav\u00e9s do\u00a0<strong><a href=\"https:\/\/eservices.miamibeachfl.gov\/EnerGovProd\/SelfService#\/home\">Acesso C\u00edvico <\/a><\/strong> portal.\u00a0 <a href=\"http:\/\/www.miamibeachfl.gov\/wp-content\/uploads\/2021\/09\/Submitting-a-Building-Dept-Records-Request-via-CSS.pdf\"><strong>Veja as instru\u00e7\u00f5es para enviar uma solicita\u00e7\u00e3o de registros on-line. <\/strong><\/a><\/p>\n<p>O processo leva de cinco a sete dias \u00fateis. Os clientes ser\u00e3o notificados por e-mail ou telefone.<\/p>\n<p>As solicita\u00e7\u00f5es conclu\u00eddas ser\u00e3o disponibilizadas para download, CD ou impress\u00e3o. C\u00f3pias impressas podem ser solicitadas em papel tamanho carta, of\u00edcio ou papel-raz\u00e3o.<\/p>\n\t\t\t\t\t<a href=\"#\"  id=\"fl-accordion--label-1\" tabindex=\"0\" aria-controls=\"fl-accordion--panel-1\">Que tipos de registros s\u00e3o mantidos?<\/a>\n\t\t\t\t\t\t\t\t\t\t\t<a href=\"#\" id=\"fl-accordion--icon-1\"  tabindex=\"0\"><i title=\"Expandir\">Expandir<\/i><\/a>\n\t\t\t\t\t<p>Hist\u00f3rico de licen\u00e7as e inspe\u00e7\u00f5es, desenhos, solicita\u00e7\u00f5es e v\u00e1rios documentos relacionados \u00e0 constru\u00e7\u00e3o.<\/p>\n\t\t\t\t\t<a href=\"#\"  id=\"fl-accordion--label-2\" tabindex=\"0\" aria-controls=\"fl-accordion--panel-2\">Onde posso pagar a fatura?<\/a>\n\t\t\t\t\t\t\t\t\t\t\t<a href=\"#\" id=\"fl-accordion--icon-2\"  tabindex=\"0\"><i title=\"Expandir\">Expandir<\/i><\/a>\n\t\t\t\t\t<p><a href=\"https:\/\/secure.miamibeachfl.gov\/payments\/\"><strong>Os clientes podem fazer pagamentos on-line.\u00a0<\/strong><\/a> As taxas relacionadas a solicita\u00e7\u00f5es de registros p\u00fablicos podem ser encontradas na p\u00e1gina 10 do\u00a0<strong><a href=\"https:\/\/www.miamibeachfl.gov\/wp-content\/uploads\/2025\/03\/Fee-Schedule-10.01.2024_Update-3.3.2025.pdf\">Tabela de taxas <\/a>.<\/strong><\/p>","protected":false},"excerpt":{"rendered":"<p>Records Management Building Menu Permit Application The Permitting Process &#8211; How to Apply Permitting Checklists Same Day Service Online Permitting [&hellip;]<\/p>\n","protected":false},"author":222,"featured_media":0,"parent":251511,"menu_order":23,"comment_status":"closed","ping_status":"closed","template":"","meta":{"_searchwp_excluded":"","site-sidebar-layout":"default","site-content-layout":"","ast-site-content-layout":"default","site-content-style":"default","site-sidebar-style":"default","ast-global-header-display":"","ast-banner-title-visibility":"","ast-main-header-display":"","ast-hfb-above-header-display":"","ast-hfb-below-header-display":"","ast-hfb-mobile-header-display":"","site-post-title":"","ast-breadcrumbs-content":"","ast-featured-img":"","footer-sml-layout":"","theme-transparent-header-meta":"","adv-header-id-meta":"","stick-header-meta":"","header-above-stick-meta":"","header-main-stick-meta":"","header-below-stick-meta":"","astra-migrate-meta-layouts":"default","ast-page-background-enabled":"default","ast-page-background-meta":{"desktop":{"background-color":"var(--ast-global-color-5)","background-image":"","background-repeat":"repeat","background-position":"center center","background-size":"auto","background-attachment":"scroll","background-type":"","background-media":"","overlay-type":"","overlay-color":"","overlay-opacity":"","overlay-gradient":""},"tablet":{"background-color":"","background-image":"","background-repeat":"repeat","background-position":"center center","background-size":"auto","background-attachment":"scroll","background-type":"","background-media":"","overlay-type":"","overlay-color":"","overlay-opacity":"","overlay-gradient":""},"mobile":{"background-color":"","background-image":"","background-repeat":"repeat","background-position":"center center","background-size":"auto","background-attachment":"scroll","background-type":"","background-media":"","overlay-type":"","overlay-color":"","overlay-opacity":"","overlay-gradient":""}},"ast-content-background-meta":{"desktop":{"background-color":"var(--ast-global-color-4)","background-image":"","background-repeat":"repeat","background-position":"center center","background-size":"auto","background-attachment":"scroll","background-type":"","background-media":"","overlay-type":"","overlay-color":"","overlay-opacity":"","overlay-gradient":""},"tablet":{"background-color":"var(--ast-global-color-4)","background-image":"","background-repeat":"repeat","background-position":"center center","background-size":"auto","background-attachment":"scroll","background-type":"","background-media":"","overlay-type":"","overlay-color":"","overlay-opacity":"","overlay-gradient":""},"mobile":{"background-color":"var(--ast-global-color-4)","background-image":"","background-repeat":"repeat","background-position":"center center","background-size":"auto","background-attachment":"scroll","background-type":"","background-media":"","overlay-type":"","overlay-color":"","overlay-opacity":"","overlay-gradient":""}},"footnotes":""},"categories":[],"tags":[1044],"class_list":["post-270754","page","type-page","status-publish","hentry","tag-building-department"],"yoast_head":"<!-- This site is optimized with the Yoast SEO Premium plugin v27.4 (Yoast SEO v27.4) - https:\/\/yoast.com\/product\/yoast-seo-premium-wordpress\/ -->\n<title>Building Records Management - City of Miami Beach<\/title>\n<meta name=\"description\" content=\"Requests can be made via the\u00a0Civic Access portal.\u00a0 View instructions for submitting a records request online.The process takes between five to seven business days.\u00a0 Customers will be notified by email or phone.\" \/>\n<meta name=\"robots\" content=\"index, follow, max-snippet:-1, max-image-preview:large, max-video-preview:-1\" \/>\n<link rel=\"canonical\" href=\"https:\/\/www.miamibeachfl.gov\/pt\/city-hall\/building\/records-management\/\" \/>\n<meta property=\"og:locale\" content=\"pt_BR\" \/>\n<meta property=\"og:type\" content=\"article\" \/>\n<meta property=\"og:title\" content=\"Building Records Management\" \/>\n<meta property=\"og:description\" content=\"Requests can be made via the\u00a0Civic Access portal.\u00a0 View instructions for submitting a records request online.The process takes between five to seven business days.\u00a0 Customers will be notified by email or phone.\" \/>\n<meta property=\"og:url\" content=\"https:\/\/www.miamibeachfl.gov\/pt\/city-hall\/building\/records-management\/\" \/>\n<meta property=\"og:site_name\" content=\"City of Miami Beach\" \/>\n<meta property=\"article:publisher\" content=\"https:\/\/www.facebook.com\/cityofmiamibeach\" \/>\n<meta property=\"article:modified_time\" content=\"2025-07-15T19:35:31+00:00\" \/>\n<meta property=\"og:image\" content=\"https:\/\/www.miamibeachfl.gov\/wp-content\/uploads\/2023\/08\/Masterpermitcircle.jpeg\" \/>\n\t<meta property=\"og:image:width\" content=\"1200\" \/>\n\t<meta property=\"og:image:height\" content=\"1200\" \/>\n\t<meta property=\"og:image:type\" content=\"image\/jpeg\" \/>\n<meta name=\"twitter:card\" content=\"summary_large_image\" \/>\n<meta name=\"twitter:site\" content=\"@Miamibeachnews\" \/>\n<script type=\"application\/ld+json\" class=\"yoast-schema-graph\">{\"@context\":\"https:\\\/\\\/schema.org\",\"@graph\":[{\"@type\":\"WebPage\",\"@id\":\"https:\\\/\\\/www.miamibeachfl.gov\\\/city-hall\\\/building\\\/records-management\\\/\",\"url\":\"https:\\\/\\\/www.miamibeachfl.gov\\\/city-hall\\\/building\\\/records-management\\\/\",\"name\":\"Building Records Management - City of Miami Beach\",\"isPartOf\":{\"@id\":\"https:\\\/\\\/www.miamibeachfl.gov\\\/#website\"},\"datePublished\":\"2023-09-04T20:33:44+00:00\",\"dateModified\":\"2025-07-15T19:35:31+00:00\",\"description\":\"Requests can be made via the\u00a0Civic Access portal.\u00a0 View instructions for submitting a records request online.The process takes between five to seven business days.\u00a0 Customers will be notified by email or phone.\",\"breadcrumb\":{\"@id\":\"https:\\\/\\\/www.miamibeachfl.gov\\\/city-hall\\\/building\\\/records-management\\\/#breadcrumb\"},\"inLanguage\":\"pt-BR\",\"potentialAction\":[{\"@type\":\"ReadAction\",\"target\":[\"https:\\\/\\\/www.miamibeachfl.gov\\\/city-hall\\\/building\\\/records-management\\\/\"]}]},{\"@type\":\"BreadcrumbList\",\"@id\":\"https:\\\/\\\/www.miamibeachfl.gov\\\/city-hall\\\/building\\\/records-management\\\/#breadcrumb\",\"itemListElement\":[{\"@type\":\"ListItem\",\"position\":1,\"name\":\"Home\",\"item\":\"https:\\\/\\\/www.miamibeachfl.gov\\\/\"},{\"@type\":\"ListItem\",\"position\":2,\"name\":\"City Hall\",\"item\":\"https:\\\/\\\/www.miamibeachfl.gov\\\/city-hall\\\/\"},{\"@type\":\"ListItem\",\"position\":3,\"name\":\"Building\",\"item\":\"https:\\\/\\\/www.miamibeachfl.gov\\\/city-hall\\\/building\\\/\"},{\"@type\":\"ListItem\",\"position\":4,\"name\":\"Building Records Management\"}]},{\"@type\":\"WebSite\",\"@id\":\"https:\\\/\\\/www.miamibeachfl.gov\\\/#website\",\"url\":\"https:\\\/\\\/www.miamibeachfl.gov\\\/\",\"name\":\"City of Miami Beach\",\"description\":\"The official website of the City of Miami Beach. Stay informed, find important information on city services, news, alerts, events, trolley routes, government employment and more.\",\"publisher\":{\"@id\":\"https:\\\/\\\/www.miamibeachfl.gov\\\/#organization\"},\"potentialAction\":[{\"@type\":\"SearchAction\",\"target\":{\"@type\":\"EntryPoint\",\"urlTemplate\":\"https:\\\/\\\/www.miamibeachfl.gov\\\/?s={search_term_string}\"},\"query-input\":{\"@type\":\"PropertyValueSpecification\",\"valueRequired\":true,\"valueName\":\"search_term_string\"}}],\"inLanguage\":\"pt-BR\"},{\"@type\":\"Organization\",\"@id\":\"https:\\\/\\\/www.miamibeachfl.gov\\\/#organization\",\"name\":\"City of Miami Beach\",\"url\":\"https:\\\/\\\/www.miamibeachfl.gov\\\/\",\"logo\":{\"@type\":\"ImageObject\",\"inLanguage\":\"pt-BR\",\"@id\":\"https:\\\/\\\/www.miamibeachfl.gov\\\/#\\\/schema\\\/logo\\\/image\\\/\",\"url\":\"https:\\\/\\\/www.miamibeachfl.gov\\\/wp-content\\\/uploads\\\/2022\\\/06\\\/miamibeach-logoblue.png\",\"contentUrl\":\"https:\\\/\\\/www.miamibeachfl.gov\\\/wp-content\\\/uploads\\\/2022\\\/06\\\/miamibeach-logoblue.png\",\"width\":1962,\"height\":381,\"caption\":\"City of Miami Beach\"},\"image\":{\"@id\":\"https:\\\/\\\/www.miamibeachfl.gov\\\/#\\\/schema\\\/logo\\\/image\\\/\"},\"sameAs\":[\"https:\\\/\\\/www.facebook.com\\\/cityofmiamibeach\",\"https:\\\/\\\/x.com\\\/Miamibeachnews\",\"https:\\\/\\\/www.instagram.com\\\/miamibeachnews\\\/\"],\"description\":\"The official website of the City of Miami Beach. Stay informed, find important information on city services, news, alerts, events, trolley routes, government employment and more.\",\"telephone\":\"305.604.CITY(2489)\",\"legalName\":\"City of Miami Beach\"}]}<\/script>\n<!-- \/ Yoast SEO Premium plugin. -->","yoast_head_json":{"title":"Gest\u00e3o de Registros de Constru\u00e7\u00e3o - Cidade de Miami Beach","description":"As solicita\u00e7\u00f5es podem ser feitas pelo portal Civic Access. Veja as instru\u00e7\u00f5es para enviar uma solicita\u00e7\u00e3o de registros online. O processo leva de cinco a sete dias \u00fateis. Os clientes ser\u00e3o notificados por e-mail ou telefone.","robots":{"index":"index","follow":"follow","max-snippet":"max-snippet:-1","max-image-preview":"max-image-preview:large","max-video-preview":"max-video-preview:-1"},"canonical":"https:\/\/www.miamibeachfl.gov\/pt\/city-hall\/building\/records-management\/","og_locale":"pt_BR","og_type":"article","og_title":"Building Records Management","og_description":"Requests can be made via the\u00a0Civic Access portal.\u00a0 View instructions for submitting a records request online.The process takes between five to seven business days.\u00a0 Customers will be notified by email or phone.","og_url":"https:\/\/www.miamibeachfl.gov\/pt\/city-hall\/building\/records-management\/","og_site_name":"City of Miami Beach","article_publisher":"https:\/\/www.facebook.com\/cityofmiamibeach","article_modified_time":"2025-07-15T19:35:31+00:00","og_image":[{"width":1200,"height":1200,"url":"https:\/\/www.miamibeachfl.gov\/wp-content\/uploads\/2023\/08\/Masterpermitcircle.jpeg","type":"image\/jpeg"}],"twitter_card":"summary_large_image","twitter_site":"@Miamibeachnews","schema":{"@context":"https:\/\/schema.org","@graph":[{"@type":"WebPage","@id":"https:\/\/www.miamibeachfl.gov\/city-hall\/building\/records-management\/","url":"https:\/\/www.miamibeachfl.gov\/city-hall\/building\/records-management\/","name":"Gest\u00e3o de Registros de Constru\u00e7\u00e3o - Cidade de Miami Beach","isPartOf":{"@id":"https:\/\/www.miamibeachfl.gov\/#website"},"datePublished":"2023-09-04T20:33:44+00:00","dateModified":"2025-07-15T19:35:31+00:00","description":"As solicita\u00e7\u00f5es podem ser feitas pelo portal Civic Access. Veja as instru\u00e7\u00f5es para enviar uma solicita\u00e7\u00e3o de registros online. O processo leva de cinco a sete dias \u00fateis. Os clientes ser\u00e3o notificados por e-mail ou telefone.","breadcrumb":{"@id":"https:\/\/www.miamibeachfl.gov\/city-hall\/building\/records-management\/#breadcrumb"},"inLanguage":"pt-BR","potentialAction":[{"@type":"ReadAction","target":["https:\/\/www.miamibeachfl.gov\/city-hall\/building\/records-management\/"]}]},{"@type":"BreadcrumbList","@id":"https:\/\/www.miamibeachfl.gov\/city-hall\/building\/records-management\/#breadcrumb","itemListElement":[{"@type":"ListItem","position":1,"name":"Home","item":"https:\/\/www.miamibeachfl.gov\/"},{"@type":"ListItem","position":2,"name":"City Hall","item":"https:\/\/www.miamibeachfl.gov\/city-hall\/"},{"@type":"ListItem","position":3,"name":"Building","item":"https:\/\/www.miamibeachfl.gov\/city-hall\/building\/"},{"@type":"ListItem","position":4,"name":"Building Records Management"}]},{"@type":"WebSite","@id":"https:\/\/www.miamibeachfl.gov\/#website","url":"https:\/\/www.miamibeachfl.gov\/","name":"Cidade de Miami Beach","description":"Site oficial da cidade de Miami Beach. Mantenha-se informado e encontre informa\u00e7\u00f5es importantes sobre servi\u00e7os municipais, not\u00edcias, alertas, eventos, rotas de bonde, empregos p\u00fablicos e muito mais.","publisher":{"@id":"https:\/\/www.miamibeachfl.gov\/#organization"},"potentialAction":[{"@type":"SearchAction","target":{"@type":"EntryPoint","urlTemplate":"https:\/\/www.miamibeachfl.gov\/?s={search_term_string}"},"query-input":{"@type":"PropertyValueSpecification","valueRequired":true,"valueName":"search_term_string"}}],"inLanguage":"pt-BR"},{"@type":"Organization","@id":"https:\/\/www.miamibeachfl.gov\/#organization","name":"Cidade de Miami Beach","url":"https:\/\/www.miamibeachfl.gov\/","logo":{"@type":"ImageObject","inLanguage":"pt-BR","@id":"https:\/\/www.miamibeachfl.gov\/#\/schema\/logo\/image\/","url":"https:\/\/www.miamibeachfl.gov\/wp-content\/uploads\/2022\/06\/miamibeach-logoblue.png","contentUrl":"https:\/\/www.miamibeachfl.gov\/wp-content\/uploads\/2022\/06\/miamibeach-logoblue.png","width":1962,"height":381,"caption":"City of Miami Beach"},"image":{"@id":"https:\/\/www.miamibeachfl.gov\/#\/schema\/logo\/image\/"},"sameAs":["https:\/\/www.facebook.com\/cityofmiamibeach","https:\/\/x.com\/Miamibeachnews","https:\/\/www.instagram.com\/miamibeachnews\/"],"description":"Site oficial da cidade de Miami Beach. Mantenha-se informado e encontre informa\u00e7\u00f5es importantes sobre servi\u00e7os municipais, not\u00edcias, alertas, eventos, rotas de bonde, empregos p\u00fablicos e muito mais.","telephone":"305.604.CITY(2489)","legalName":"City of Miami Beach"}]}},"_links":{"self":[{"href":"https:\/\/www.miamibeachfl.gov\/pt\/wp-json\/wp\/v2\/pages\/270754","targetHints":{"allow":["GET"]}}],"collection":[{"href":"https:\/\/www.miamibeachfl.gov\/pt\/wp-json\/wp\/v2\/pages"}],"about":[{"href":"https:\/\/www.miamibeachfl.gov\/pt\/wp-json\/wp\/v2\/types\/page"}],"author":[{"embeddable":true,"href":"https:\/\/www.miamibeachfl.gov\/pt\/wp-json\/wp\/v2\/users\/222"}],"replies":[{"embeddable":true,"href":"https:\/\/www.miamibeachfl.gov\/pt\/wp-json\/wp\/v2\/comments?post=270754"}],"version-history":[{"count":1,"href":"https:\/\/www.miamibeachfl.gov\/pt\/wp-json\/wp\/v2\/pages\/270754\/revisions"}],"predecessor-version":[{"id":386778,"href":"https:\/\/www.miamibeachfl.gov\/pt\/wp-json\/wp\/v2\/pages\/270754\/revisions\/386778"}],"up":[{"embeddable":true,"href":"https:\/\/www.miamibeachfl.gov\/pt\/wp-json\/wp\/v2\/pages\/251511"}],"wp:attachment":[{"href":"https:\/\/www.miamibeachfl.gov\/pt\/wp-json\/wp\/v2\/media?parent=270754"}],"wp:term":[{"taxonomy":"category","embeddable":true,"href":"https:\/\/www.miamibeachfl.gov\/pt\/wp-json\/wp\/v2\/categories?post=270754"},{"taxonomy":"post_tag","embeddable":true,"href":"https:\/\/www.miamibeachfl.gov\/pt\/wp-json\/wp\/v2\/tags?post=270754"}],"curies":[{"name":"wp","href":"https:\/\/api.w.org\/{rel}","templated":true}]}}