{"id":274522,"date":"2023-10-05T15:54:18","date_gmt":"2023-10-05T19:54:18","guid":{"rendered":"https:\/\/www.miamibeachfl.gov\/city-hall\/housing-and-community-development-new\/community-services\/rent-and-utility-assistance\/"},"modified":"2026-01-13T14:04:47","modified_gmt":"2026-01-13T19:04:47","slug":"rent-and-utility-assistance","status":"publish","type":"page","link":"https:\/\/www.miamibeachfl.gov\/pt\/city-hall\/housing-and-community-development\/community-services\/rent-and-utility-assistance\/","title":{"rendered":"Assist\u00eancia para aluguel e servi\u00e7os p\u00fablicos"},"content":{"rendered":"<h1>\n\t\t\tAssist\u00eancia para aluguel e servi\u00e7os p\u00fablicos\t<\/h1>\n\t<p>O Escrit\u00f3rio de Servi\u00e7os Comunit\u00e1rios fornece assist\u00eancia para aluguel e servi\u00e7os p\u00fablicos, mediante disponibilidade de fundos.<\/p>\nHabita\u00e7\u00e3o e Comunidade\t\t\t\n\t\t\t\t\t<ul id=\"menu-housing-and-community-services\"><li id=\"menu-item-273929\"><a href=\"\/pt\/city-hall\/housing-and-community-development\/\">Casa H &amp; C<\/a><\/li>\n<li id=\"menu-item-273934\" aria-haspopup=\"true\"><a aria-expanded=\"false\" href=\"\/pt\/city-hall\/housing-and-community-development\/housing-and-community\/\">Habita\u00e7\u00e3o e Comunidade<\/a>\n<ul>\n\t<li id=\"menu-item-273935\" aria-haspopup=\"true\"><a aria-expanded=\"false\" href=\"\/pt\/city-hall\/housing-and-community-development\/housing-and-community\/community-development\/\">Desenvolvimento Comunit\u00e1rio<\/a>\n\t<ul>\n\t\t<li id=\"menu-item-295056\"><a href=\"\/pt\/city-hall\/housing-and-community-development\/housing-and-community\/community-development\/live-local-act-inventory-list\/\">Lista de invent\u00e1rio de atos locais ao vivo<\/a><\/li>\n\t<\/ul>\n<\/li>\n\t<li id=\"menu-item-273936\" aria-haspopup=\"true\"><a aria-expanded=\"false\" href=\"\/pt\/city-hall\/housing-and-community-development\/housing-and-community\/\/housing-services\/\">Servi\u00e7os de Habita\u00e7\u00e3o<\/a>\n\t<ul>\n\t\t<li id=\"menu-item-275063\"><a href=\"\/pt\/city-hall\/housing-and-community-development\/housing-and-community\/housing-services\/firsttimehomebuyer\/\">Comprador de casa pela primeira vez<\/a><\/li>\n\t\t<li id=\"menu-item-275064\"><a href=\"\/pt\/city-hall\/housing-and-community-development\/housing-and-community\/housing-services\/ship\/\">ENVIAR<\/a><\/li>\n\t\t<li id=\"menu-item-275065\"><a href=\"\/pt\/city-hall\/housing-and-community-development\/housing-and-community\/housing-services\/fairhousing\/\">Moradia Justa<\/a><\/li>\n\t\t<li id=\"menu-item-335207\"><a href=\"\/pt\/city-hall\/housing-and-community-development\/housing-and-community\/housing-services\/housing-program\/\">Programa de Reembolso de Taxa de Solicita\u00e7\u00e3o de Aluguel<\/a><\/li>\n\t<\/ul>\n<\/li>\n<\/ul>\n<\/li>\n<li id=\"menu-item-273937\"><a href=\"\/pt\/city-hall\/housing-and-community-development\/residential-housing\/\">Habita\u00e7\u00e3o Residencial<\/a><\/li>\n<li id=\"menu-item-273933\"><a href=\"\/pt\/city-hall\/housing-and-community-development\/homeless-outreach\/\">Aux\u00edlio a moradores de rua<\/a><\/li>\n<li id=\"menu-item-273930\" aria-haspopup=\"true\"><a aria-expanded=\"false\" href=\"\/pt\/city-hall\/housing-and-community-development\/community-services\/\">Servi\u00e7os Comunit\u00e1rios<\/a>\n<ul>\n\t<li id=\"menu-item-273931\" aria-haspopup=\"true\"><a aria-expanded=\"false\" href=\"\/pt\/city-hall\/housing-and-community-development\/community-services\/elder-services\/\">Servi\u00e7os para Idosos<\/a>\n\t<ul>\n\t\t<li id=\"menu-item-279801\"><a href=\"\/pt\/city-hall\/housing-and-community-development\/community-services\/elder-services\/senior-centers\/\">Centros para Idosos<\/a><\/li>\n\t<\/ul>\n<\/li>\n\t<li id=\"menu-item-273932\"><a href=\"\/pt\/city-hall\/housing-and-community-development\/community-services\/youth-services\/\">Servi\u00e7os para jovens<\/a><\/li>\n\t<li id=\"menu-item-274595\"><a href=\"\/pt\/city-hall\/housing-and-community-development\/community-services\/#communityserviceslocations\">Locais<\/a><\/li>\n<\/ul>\n<\/li>\n<\/ul>\t\nMoradia e Comunidade \u00d7\t\t\t\t\t\t<ul id=\"menu-housing-and-community-services-1\"><li id=\"menu-item-273929\"><a href=\"\/pt\/city-hall\/housing-and-community-development\/\">Casa H &amp; C<\/a><\/li>\n<li id=\"menu-item-273934\" aria-haspopup=\"true\"><a aria-expanded=\"false\" href=\"\/pt\/city-hall\/housing-and-community-development\/housing-and-community\/\">Habita\u00e7\u00e3o e Comunidade<\/a>\n<ul>\n\t<li id=\"menu-item-273935\" aria-haspopup=\"true\"><a aria-expanded=\"false\" href=\"\/pt\/city-hall\/housing-and-community-development\/housing-and-community\/community-development\/\">Desenvolvimento Comunit\u00e1rio<\/a>\n\t<ul>\n\t\t<li id=\"menu-item-295056\"><a href=\"\/pt\/city-hall\/housing-and-community-development\/housing-and-community\/community-development\/live-local-act-inventory-list\/\">Lista de invent\u00e1rio de atos locais ao vivo<\/a><\/li>\n\t<\/ul>\n<\/li>\n\t<li id=\"menu-item-273936\" aria-haspopup=\"true\"><a aria-expanded=\"false\" href=\"\/pt\/city-hall\/housing-and-community-development\/housing-and-community\/\/housing-services\/\">Servi\u00e7os de Habita\u00e7\u00e3o<\/a>\n\t<ul>\n\t\t<li id=\"menu-item-275063\"><a href=\"\/pt\/city-hall\/housing-and-community-development\/housing-and-community\/housing-services\/firsttimehomebuyer\/\">Comprador de casa pela primeira vez<\/a><\/li>\n\t\t<li id=\"menu-item-275064\"><a href=\"\/pt\/city-hall\/housing-and-community-development\/housing-and-community\/housing-services\/ship\/\">ENVIAR<\/a><\/li>\n\t\t<li id=\"menu-item-275065\"><a href=\"\/pt\/city-hall\/housing-and-community-development\/housing-and-community\/housing-services\/fairhousing\/\">Moradia Justa<\/a><\/li>\n\t\t<li id=\"menu-item-335207\"><a href=\"\/pt\/city-hall\/housing-and-community-development\/housing-and-community\/housing-services\/housing-program\/\">Programa de Reembolso de Taxa de Solicita\u00e7\u00e3o de Aluguel<\/a><\/li>\n\t<\/ul>\n<\/li>\n<\/ul>\n<\/li>\n<li id=\"menu-item-273937\"><a href=\"\/pt\/city-hall\/housing-and-community-development\/residential-housing\/\">Habita\u00e7\u00e3o Residencial<\/a><\/li>\n<li id=\"menu-item-273933\"><a href=\"\/pt\/city-hall\/housing-and-community-development\/homeless-outreach\/\">Aux\u00edlio a moradores de rua<\/a><\/li>\n<li id=\"menu-item-273930\" aria-haspopup=\"true\"><a aria-expanded=\"false\" href=\"\/pt\/city-hall\/housing-and-community-development\/community-services\/\">Servi\u00e7os Comunit\u00e1rios<\/a>\n<ul>\n\t<li id=\"menu-item-273931\" aria-haspopup=\"true\"><a aria-expanded=\"false\" href=\"\/pt\/city-hall\/housing-and-community-development\/community-services\/elder-services\/\">Servi\u00e7os para Idosos<\/a>\n\t<ul>\n\t\t<li id=\"menu-item-279801\"><a href=\"\/pt\/city-hall\/housing-and-community-development\/community-services\/elder-services\/senior-centers\/\">Centros para Idosos<\/a><\/li>\n\t<\/ul>\n<\/li>\n\t<li id=\"menu-item-273932\"><a href=\"\/pt\/city-hall\/housing-and-community-development\/community-services\/youth-services\/\">Servi\u00e7os para jovens<\/a><\/li>\n\t<li id=\"menu-item-274595\"><a href=\"\/pt\/city-hall\/housing-and-community-development\/community-services\/#communityserviceslocations\">Locais<\/a><\/li>\n<\/ul>\n<\/li>\n<\/ul>\t\t\t\t\n\t<p><strong><a href=\"https:\/\/www.miamibeachfl.gov\/pt\/city-hall\/housing-and-community-development\/community-services\/assistance-funds-information\/\">Caso haja verba dispon\u00edvel, os candidatos devem se inscrever para receber uma nomea\u00e7\u00e3o. Saiba mais sobre o programa.<\/a><\/strong><\/p>\n<h3>\n\t\t\tDurante a nomea\u00e7\u00e3o os candidatos devem trazer:\t<\/h3>\n\t\t\t<h3> Aviso de despejo (despejo em tr\u00eas dias ou judicial)<\/h3>\t\t\n\t\t\t<h3> Aviso final (para assist\u00eancia de utilidade p\u00fablica)<\/h3>\t\t\n\t\t\t<h3> Documento de identifica\u00e7\u00e3o com foto v\u00e1lido para todos os membros da fam\u00edlia com endere\u00e7o atual<\/h3>\t\t\n\t\t\t<h3> Cart\u00f5es de Seguran\u00e7a Social para todos os membros do agregado familiar<\/h3>\t\t\n\t\t\t<h3> Extratos banc\u00e1rios<\/h3>\t\t\n\t\t\t<h3> Comprovante de renda<\/h3>\t\t\n\t\t\t<h3> Prova de direitos<\/h3>\t\t\n\t\t\t<h3> Loca\u00e7\u00e3o (se aplic\u00e1vel)<\/h3>\t\t\n\t<h2>\n\t\t\tTodos os candidatos precisar\u00e3o passar por um processo de admiss\u00e3o para receber assist\u00eancia. Para mais informa\u00e7\u00f5es, ligue para 305.673.7491.\t<\/h2>\n\t<p>Para obter mais recursos de assist\u00eancia para aluguel, ligue para a Linha de Ajuda para Moradores de Rua pelo telefone 1.877.994.4357. <em>(*Observa\u00e7\u00e3o: este n\u00e3o \u00e9 um n\u00famero de telefone da cidade de Miami Beach.)<\/em><\/p>\n<p>Para obter assist\u00eancia com servi\u00e7os p\u00fablicos, ligue para o Miami-Dade County Community Action and Human Services em 305.672.1705 <a href=\"http:\/\/www.miamidade.gov\/socialservices\/housing-assistance-energy.asp\">ou visite o site deles.<\/a> <em>(*Observa\u00e7\u00e3o: este n\u00e3o \u00e9 um n\u00famero de telefone da cidade de Miami Beach.)<\/em><\/p>","protected":false},"excerpt":{"rendered":"<p>Rent &#038; Utility Assistance The Office of Community Services provides rental and utility assistance, upon fund availability. Housing &#038; Community [&hellip;]<\/p>\n","protected":false},"author":222,"featured_media":260999,"parent":273896,"menu_order":29,"comment_status":"closed","ping_status":"closed","template":"","meta":{"_searchwp_excluded":"","site-sidebar-layout":"default","site-content-layout":"","ast-site-content-layout":"default","site-content-style":"default","site-sidebar-style":"default","ast-global-header-display":"","ast-banner-title-visibility":"","ast-main-header-display":"","ast-hfb-above-header-display":"","ast-hfb-below-header-display":"","ast-hfb-mobile-header-display":"","site-post-title":"","ast-breadcrumbs-content":"","ast-featured-img":"","footer-sml-layout":"","theme-transparent-header-meta":"","adv-header-id-meta":"","stick-header-meta":"","header-above-stick-meta":"","header-main-stick-meta":"","header-below-stick-meta":"","astra-migrate-meta-layouts":"default","ast-page-background-enabled":"default","ast-page-background-meta":{"desktop":{"background-color":"var(--ast-global-color-5)","background-image":"","background-repeat":"repeat","background-position":"center center","background-size":"auto","background-attachment":"scroll","background-type":"","background-media":"","overlay-type":"","overlay-color":"","overlay-opacity":"","overlay-gradient":""},"tablet":{"background-color":"","background-image":"","background-repeat":"repeat","background-position":"center center","background-size":"auto","background-attachment":"scroll","background-type":"","background-media":"","overlay-type":"","overlay-color":"","overlay-opacity":"","overlay-gradient":""},"mobile":{"background-color":"","background-image":"","background-repeat":"repeat","background-position":"center center","background-size":"auto","background-attachment":"scroll","background-type":"","background-media":"","overlay-type":"","overlay-color":"","overlay-opacity":"","overlay-gradient":""}},"ast-content-background-meta":{"desktop":{"background-color":"var(--ast-global-color-4)","background-image":"","background-repeat":"repeat","background-position":"center center","background-size":"auto","background-attachment":"scroll","background-type":"","background-media":"","overlay-type":"","overlay-color":"","overlay-opacity":"","overlay-gradient":""},"tablet":{"background-color":"var(--ast-global-color-4)","background-image":"","background-repeat":"repeat","background-position":"center center","background-size":"auto","background-attachment":"scroll","background-type":"","background-media":"","overlay-type":"","overlay-color":"","overlay-opacity":"","overlay-gradient":""},"mobile":{"background-color":"var(--ast-global-color-4)","background-image":"","background-repeat":"repeat","background-position":"center center","background-size":"auto","background-attachment":"scroll","background-type":"","background-media":"","overlay-type":"","overlay-color":"","overlay-opacity":"","overlay-gradient":""}},"footnotes":""},"categories":[],"tags":[],"class_list":["post-274522","page","type-page","status-publish","has-post-thumbnail","hentry"],"yoast_head":"<!-- This site is optimized with the Yoast SEO Premium plugin v27.4 (Yoast SEO v27.4) - https:\/\/yoast.com\/product\/yoast-seo-premium-wordpress\/ -->\n<title>Rent and Utility Assistance - City of Miami Beach<\/title>\n<meta name=\"description\" content=\"The Office of Community Services provides rental and utility assistance, upon fund availability.\" \/>\n<meta name=\"robots\" content=\"index, follow, max-snippet:-1, max-image-preview:large, max-video-preview:-1\" \/>\n<link rel=\"canonical\" href=\"https:\/\/www.miamibeachfl.gov\/pt\/city-hall\/housing-and-community-development\/community-services\/rent-and-utility-assistance\/\" \/>\n<meta property=\"og:locale\" content=\"pt_BR\" \/>\n<meta property=\"og:type\" content=\"article\" \/>\n<meta property=\"og:title\" content=\"Rent and Utility Assistance\" \/>\n<meta property=\"og:description\" content=\"The Office of Community Services provides rental and utility assistance, upon fund availability.\" \/>\n<meta property=\"og:url\" content=\"https:\/\/www.miamibeachfl.gov\/pt\/city-hall\/housing-and-community-development\/community-services\/rent-and-utility-assistance\/\" \/>\n<meta property=\"og:site_name\" content=\"City of Miami Beach\" \/>\n<meta property=\"article:publisher\" content=\"https:\/\/www.facebook.com\/cityofmiamibeach\" \/>\n<meta property=\"article:modified_time\" content=\"2026-01-13T19:04:47+00:00\" \/>\n<meta property=\"og:image\" content=\"https:\/\/www.miamibeachfl.gov\/wp-content\/uploads\/2023\/05\/homeowners.jpg\" \/>\n\t<meta property=\"og:image:width\" content=\"300\" \/>\n\t<meta property=\"og:image:height\" content=\"300\" \/>\n\t<meta property=\"og:image:type\" content=\"image\/jpeg\" \/>\n<meta name=\"twitter:card\" content=\"summary_large_image\" \/>\n<meta name=\"twitter:site\" content=\"@Miamibeachnews\" \/>\n<script type=\"application\/ld+json\" class=\"yoast-schema-graph\">{\"@context\":\"https:\\\/\\\/schema.org\",\"@graph\":[{\"@type\":\"WebPage\",\"@id\":\"https:\\\/\\\/www.miamibeachfl.gov\\\/city-hall\\\/housing-and-community-development\\\/community-services\\\/rent-and-utility-assistance\\\/\",\"url\":\"https:\\\/\\\/www.miamibeachfl.gov\\\/city-hall\\\/housing-and-community-development\\\/community-services\\\/rent-and-utility-assistance\\\/\",\"name\":\"Rent and Utility Assistance - City of Miami Beach\",\"isPartOf\":{\"@id\":\"https:\\\/\\\/www.miamibeachfl.gov\\\/#website\"},\"primaryImageOfPage\":{\"@id\":\"https:\\\/\\\/www.miamibeachfl.gov\\\/city-hall\\\/housing-and-community-development\\\/community-services\\\/rent-and-utility-assistance\\\/#primaryimage\"},\"image\":{\"@id\":\"https:\\\/\\\/www.miamibeachfl.gov\\\/city-hall\\\/housing-and-community-development\\\/community-services\\\/rent-and-utility-assistance\\\/#primaryimage\"},\"thumbnailUrl\":\"https:\\\/\\\/www.miamibeachfl.gov\\\/wp-content\\\/uploads\\\/2023\\\/05\\\/homeowners.jpg\",\"datePublished\":\"2023-10-05T19:54:18+00:00\",\"dateModified\":\"2026-01-13T19:04:47+00:00\",\"description\":\"The Office of Community Services provides rental and utility assistance, upon fund availability.\",\"breadcrumb\":{\"@id\":\"https:\\\/\\\/www.miamibeachfl.gov\\\/city-hall\\\/housing-and-community-development\\\/community-services\\\/rent-and-utility-assistance\\\/#breadcrumb\"},\"inLanguage\":\"pt-BR\",\"potentialAction\":[{\"@type\":\"ReadAction\",\"target\":[\"https:\\\/\\\/www.miamibeachfl.gov\\\/city-hall\\\/housing-and-community-development\\\/community-services\\\/rent-and-utility-assistance\\\/\"]}]},{\"@type\":\"ImageObject\",\"inLanguage\":\"pt-BR\",\"@id\":\"https:\\\/\\\/www.miamibeachfl.gov\\\/city-hall\\\/housing-and-community-development\\\/community-services\\\/rent-and-utility-assistance\\\/#primaryimage\",\"url\":\"https:\\\/\\\/www.miamibeachfl.gov\\\/wp-content\\\/uploads\\\/2023\\\/05\\\/homeowners.jpg\",\"contentUrl\":\"https:\\\/\\\/www.miamibeachfl.gov\\\/wp-content\\\/uploads\\\/2023\\\/05\\\/homeowners.jpg\",\"width\":300,\"height\":300,\"caption\":\"New Homeowners\"},{\"@type\":\"BreadcrumbList\",\"@id\":\"https:\\\/\\\/www.miamibeachfl.gov\\\/city-hall\\\/housing-and-community-development\\\/community-services\\\/rent-and-utility-assistance\\\/#breadcrumb\",\"itemListElement\":[{\"@type\":\"ListItem\",\"position\":1,\"name\":\"Home\",\"item\":\"https:\\\/\\\/www.miamibeachfl.gov\\\/\"},{\"@type\":\"ListItem\",\"position\":2,\"name\":\"City Hall\",\"item\":\"https:\\\/\\\/www.miamibeachfl.gov\\\/city-hall\\\/\"},{\"@type\":\"ListItem\",\"position\":3,\"name\":\"Housing &#038; Community Services\",\"item\":\"https:\\\/\\\/www.miamibeachfl.gov\\\/city-hall\\\/housing-and-community-development\\\/\"},{\"@type\":\"ListItem\",\"position\":4,\"name\":\"Community Services\",\"item\":\"https:\\\/\\\/www.miamibeachfl.gov\\\/city-hall\\\/housing-and-community-development\\\/community-services\\\/\"},{\"@type\":\"ListItem\",\"position\":5,\"name\":\"Rent and Utility Assistance\"}]},{\"@type\":\"WebSite\",\"@id\":\"https:\\\/\\\/www.miamibeachfl.gov\\\/#website\",\"url\":\"https:\\\/\\\/www.miamibeachfl.gov\\\/\",\"name\":\"City of Miami Beach\",\"description\":\"The official website of the City of Miami Beach. Stay informed, find important information on city services, news, alerts, events, trolley routes, government employment and more.\",\"publisher\":{\"@id\":\"https:\\\/\\\/www.miamibeachfl.gov\\\/#organization\"},\"potentialAction\":[{\"@type\":\"SearchAction\",\"target\":{\"@type\":\"EntryPoint\",\"urlTemplate\":\"https:\\\/\\\/www.miamibeachfl.gov\\\/?s={search_term_string}\"},\"query-input\":{\"@type\":\"PropertyValueSpecification\",\"valueRequired\":true,\"valueName\":\"search_term_string\"}}],\"inLanguage\":\"pt-BR\"},{\"@type\":\"Organization\",\"@id\":\"https:\\\/\\\/www.miamibeachfl.gov\\\/#organization\",\"name\":\"City of Miami Beach\",\"url\":\"https:\\\/\\\/www.miamibeachfl.gov\\\/\",\"logo\":{\"@type\":\"ImageObject\",\"inLanguage\":\"pt-BR\",\"@id\":\"https:\\\/\\\/www.miamibeachfl.gov\\\/#\\\/schema\\\/logo\\\/image\\\/\",\"url\":\"https:\\\/\\\/www.miamibeachfl.gov\\\/wp-content\\\/uploads\\\/2022\\\/06\\\/miamibeach-logoblue.png\",\"contentUrl\":\"https:\\\/\\\/www.miamibeachfl.gov\\\/wp-content\\\/uploads\\\/2022\\\/06\\\/miamibeach-logoblue.png\",\"width\":1962,\"height\":381,\"caption\":\"City of Miami Beach\"},\"image\":{\"@id\":\"https:\\\/\\\/www.miamibeachfl.gov\\\/#\\\/schema\\\/logo\\\/image\\\/\"},\"sameAs\":[\"https:\\\/\\\/www.facebook.com\\\/cityofmiamibeach\",\"https:\\\/\\\/x.com\\\/Miamibeachnews\",\"https:\\\/\\\/www.instagram.com\\\/miamibeachnews\\\/\"],\"description\":\"The official website of the City of Miami Beach. Stay informed, find important information on city services, news, alerts, events, trolley routes, government employment and more.\",\"telephone\":\"305.604.CITY(2489)\",\"legalName\":\"City of Miami Beach\"}]}<\/script>\n<!-- \/ Yoast SEO Premium plugin. -->","yoast_head_json":{"title":"Assist\u00eancia para Aluguel e Servi\u00e7os P\u00fablicos - Cidade de Miami Beach","description":"O Escrit\u00f3rio de Servi\u00e7os Comunit\u00e1rios fornece assist\u00eancia para aluguel e servi\u00e7os p\u00fablicos, mediante disponibilidade de fundos.","robots":{"index":"index","follow":"follow","max-snippet":"max-snippet:-1","max-image-preview":"max-image-preview:large","max-video-preview":"max-video-preview:-1"},"canonical":"https:\/\/www.miamibeachfl.gov\/pt\/city-hall\/housing-and-community-development\/community-services\/rent-and-utility-assistance\/","og_locale":"pt_BR","og_type":"article","og_title":"Rent and Utility Assistance","og_description":"The Office of Community Services provides rental and utility assistance, upon fund availability.","og_url":"https:\/\/www.miamibeachfl.gov\/pt\/city-hall\/housing-and-community-development\/community-services\/rent-and-utility-assistance\/","og_site_name":"City of Miami Beach","article_publisher":"https:\/\/www.facebook.com\/cityofmiamibeach","article_modified_time":"2026-01-13T19:04:47+00:00","og_image":[{"width":300,"height":300,"url":"https:\/\/www.miamibeachfl.gov\/wp-content\/uploads\/2023\/05\/homeowners.jpg","type":"image\/jpeg"}],"twitter_card":"summary_large_image","twitter_site":"@Miamibeachnews","schema":{"@context":"https:\/\/schema.org","@graph":[{"@type":"WebPage","@id":"https:\/\/www.miamibeachfl.gov\/city-hall\/housing-and-community-development\/community-services\/rent-and-utility-assistance\/","url":"https:\/\/www.miamibeachfl.gov\/city-hall\/housing-and-community-development\/community-services\/rent-and-utility-assistance\/","name":"Assist\u00eancia para Aluguel e Servi\u00e7os P\u00fablicos - Cidade de Miami Beach","isPartOf":{"@id":"https:\/\/www.miamibeachfl.gov\/#website"},"primaryImageOfPage":{"@id":"https:\/\/www.miamibeachfl.gov\/city-hall\/housing-and-community-development\/community-services\/rent-and-utility-assistance\/#primaryimage"},"image":{"@id":"https:\/\/www.miamibeachfl.gov\/city-hall\/housing-and-community-development\/community-services\/rent-and-utility-assistance\/#primaryimage"},"thumbnailUrl":"https:\/\/www.miamibeachfl.gov\/wp-content\/uploads\/2023\/05\/homeowners.jpg","datePublished":"2023-10-05T19:54:18+00:00","dateModified":"2026-01-13T19:04:47+00:00","description":"O Escrit\u00f3rio de Servi\u00e7os Comunit\u00e1rios fornece assist\u00eancia para aluguel e servi\u00e7os p\u00fablicos, mediante disponibilidade de fundos.","breadcrumb":{"@id":"https:\/\/www.miamibeachfl.gov\/city-hall\/housing-and-community-development\/community-services\/rent-and-utility-assistance\/#breadcrumb"},"inLanguage":"pt-BR","potentialAction":[{"@type":"ReadAction","target":["https:\/\/www.miamibeachfl.gov\/city-hall\/housing-and-community-development\/community-services\/rent-and-utility-assistance\/"]}]},{"@type":"ImageObject","inLanguage":"pt-BR","@id":"https:\/\/www.miamibeachfl.gov\/city-hall\/housing-and-community-development\/community-services\/rent-and-utility-assistance\/#primaryimage","url":"https:\/\/www.miamibeachfl.gov\/wp-content\/uploads\/2023\/05\/homeowners.jpg","contentUrl":"https:\/\/www.miamibeachfl.gov\/wp-content\/uploads\/2023\/05\/homeowners.jpg","width":300,"height":300,"caption":"New Homeowners"},{"@type":"BreadcrumbList","@id":"https:\/\/www.miamibeachfl.gov\/city-hall\/housing-and-community-development\/community-services\/rent-and-utility-assistance\/#breadcrumb","itemListElement":[{"@type":"ListItem","position":1,"name":"Home","item":"https:\/\/www.miamibeachfl.gov\/"},{"@type":"ListItem","position":2,"name":"City Hall","item":"https:\/\/www.miamibeachfl.gov\/city-hall\/"},{"@type":"ListItem","position":3,"name":"Housing &#038; Community Services","item":"https:\/\/www.miamibeachfl.gov\/city-hall\/housing-and-community-development\/"},{"@type":"ListItem","position":4,"name":"Community Services","item":"https:\/\/www.miamibeachfl.gov\/city-hall\/housing-and-community-development\/community-services\/"},{"@type":"ListItem","position":5,"name":"Rent and Utility Assistance"}]},{"@type":"WebSite","@id":"https:\/\/www.miamibeachfl.gov\/#website","url":"https:\/\/www.miamibeachfl.gov\/","name":"Cidade de Miami Beach","description":"Site oficial da cidade de Miami Beach. Mantenha-se informado e encontre informa\u00e7\u00f5es importantes sobre servi\u00e7os municipais, not\u00edcias, alertas, eventos, rotas de bonde, empregos p\u00fablicos e muito mais.","publisher":{"@id":"https:\/\/www.miamibeachfl.gov\/#organization"},"potentialAction":[{"@type":"SearchAction","target":{"@type":"EntryPoint","urlTemplate":"https:\/\/www.miamibeachfl.gov\/?s={search_term_string}"},"query-input":{"@type":"PropertyValueSpecification","valueRequired":true,"valueName":"search_term_string"}}],"inLanguage":"pt-BR"},{"@type":"Organization","@id":"https:\/\/www.miamibeachfl.gov\/#organization","name":"Cidade de Miami Beach","url":"https:\/\/www.miamibeachfl.gov\/","logo":{"@type":"ImageObject","inLanguage":"pt-BR","@id":"https:\/\/www.miamibeachfl.gov\/#\/schema\/logo\/image\/","url":"https:\/\/www.miamibeachfl.gov\/wp-content\/uploads\/2022\/06\/miamibeach-logoblue.png","contentUrl":"https:\/\/www.miamibeachfl.gov\/wp-content\/uploads\/2022\/06\/miamibeach-logoblue.png","width":1962,"height":381,"caption":"City of Miami Beach"},"image":{"@id":"https:\/\/www.miamibeachfl.gov\/#\/schema\/logo\/image\/"},"sameAs":["https:\/\/www.facebook.com\/cityofmiamibeach","https:\/\/x.com\/Miamibeachnews","https:\/\/www.instagram.com\/miamibeachnews\/"],"description":"Site oficial da cidade de Miami Beach. Mantenha-se informado e encontre informa\u00e7\u00f5es importantes sobre servi\u00e7os municipais, not\u00edcias, alertas, eventos, rotas de bonde, empregos p\u00fablicos e muito mais.","telephone":"305.604.CITY(2489)","legalName":"City of Miami Beach"}]}},"_links":{"self":[{"href":"https:\/\/www.miamibeachfl.gov\/pt\/wp-json\/wp\/v2\/pages\/274522","targetHints":{"allow":["GET"]}}],"collection":[{"href":"https:\/\/www.miamibeachfl.gov\/pt\/wp-json\/wp\/v2\/pages"}],"about":[{"href":"https:\/\/www.miamibeachfl.gov\/pt\/wp-json\/wp\/v2\/types\/page"}],"author":[{"embeddable":true,"href":"https:\/\/www.miamibeachfl.gov\/pt\/wp-json\/wp\/v2\/users\/222"}],"replies":[{"embeddable":true,"href":"https:\/\/www.miamibeachfl.gov\/pt\/wp-json\/wp\/v2\/comments?post=274522"}],"version-history":[{"count":2,"href":"https:\/\/www.miamibeachfl.gov\/pt\/wp-json\/wp\/v2\/pages\/274522\/revisions"}],"predecessor-version":[{"id":395029,"href":"https:\/\/www.miamibeachfl.gov\/pt\/wp-json\/wp\/v2\/pages\/274522\/revisions\/395029"}],"up":[{"embeddable":true,"href":"https:\/\/www.miamibeachfl.gov\/pt\/wp-json\/wp\/v2\/pages\/273896"}],"wp:featuredmedia":[{"embeddable":true,"href":"https:\/\/www.miamibeachfl.gov\/pt\/wp-json\/wp\/v2\/media\/260999"}],"wp:attachment":[{"href":"https:\/\/www.miamibeachfl.gov\/pt\/wp-json\/wp\/v2\/media?parent=274522"}],"wp:term":[{"taxonomy":"category","embeddable":true,"href":"https:\/\/www.miamibeachfl.gov\/pt\/wp-json\/wp\/v2\/categories?post=274522"},{"taxonomy":"post_tag","embeddable":true,"href":"https:\/\/www.miamibeachfl.gov\/pt\/wp-json\/wp\/v2\/tags?post=274522"}],"curies":[{"name":"wp","href":"https:\/\/api.w.org\/{rel}","templated":true}]}}