{"id":278557,"date":"2023-10-23T16:09:41","date_gmt":"2023-10-23T20:09:41","guid":{"rendered":"https:\/\/www.miamibeachfl.gov\/city-hall\/building\/forms\/three-times-review-meeting-request\/"},"modified":"2023-10-26T06:31:55","modified_gmt":"2023-10-26T10:31:55","slug":"three-times-review-meeting-request","status":"publish","type":"page","link":"https:\/\/www.miamibeachfl.gov\/pt\/city-hall\/building\/forms\/three-times-review-meeting-request\/","title":{"rendered":"Solicita\u00e7\u00e3o de reuni\u00e3o de revis\u00e3o tripla"},"content":{"rendered":"<p>Pr\u00e9dio<\/p>\r\n<ul id=\"menu-building-department\">\r\n<li id=\"menu-item-270332\"><a href=\"\/pt\/city-hall\/building\/\">Construindo uma casa<\/a><\/li>\r\n<li id=\"menu-item-270333\"><a href=\"\/pt\/city-hall\/building\/permits\/\">Permiss\u00f5es<\/a>\r\n<ul>\r\n<li id=\"menu-item-270342\"><a href=\"\/pt\/city-hall\/building\/permits\/green\/\">Licen\u00e7as Verdes<\/a><\/li>\r\n<li id=\"menu-item-270340\"><a href=\"\/pt\/city-hall\/building\/permits\/interactive-permit-guide\/\">Guia de Permiss\u00e3o Interativo<\/a><\/li>\r\n<li id=\"menu-item-271067\"><a href=\"\/pt\/city-hall\/building\/permits\/permitchecklists\/\">Processo de Permiss\u00e3o e Listas de Verifica\u00e7\u00e3o<\/a><\/li>\r\n<li id=\"menu-item-272445\"><a href=\"\/pt\/city-hall\/building\/permits\/building-permits-not-required-work-list\/\">Lista de Permiss\u00e3o de Trabalho N\u00e3o Exigida<\/a><\/li>\r\n<li id=\"menu-item-270341\"><a href=\"\/pt\/city-hall\/building\/onlinepermits\/\">Centro de Recursos de Permiss\u00e3o Online<\/a><\/li>\r\n<li id=\"menu-item-270344\"><a href=\"\/pt\/city-hall\/building\/permits\/mdc\/\">Condado de Miami-Dade<\/a><\/li>\r\n<li id=\"menu-item-270345\"><a href=\"\/pt\/city-hall\/building\/permits\/phased-permits\/\">Permiss\u00f5es em fases<\/a><\/li>\r\n<li id=\"menu-item-270343\"><a href=\"\/pt\/city-hall\/building\/permits\/private-provider-info\/\">Informa\u00e7\u00f5es do Provedor Privado<\/a><\/li>\r\n<\/ul>\r\n<\/li>\r\n<li id=\"menu-item-270334\"><a href=\"\/pt\/city-hall\/building\/forms\/\">Formul\u00e1rios<\/a><\/li>\r\n<li id=\"menu-item-270335\"><a href=\"\/pt\/city-hall\/building\/inspections\/\">Inspe\u00e7\u00f5es<\/a><\/li>\r\n<li id=\"menu-item-270336\"><a href=\"\/pt\/city-hall\/building\/violations\/\">Viola\u00e7\u00f5es<\/a><\/li>\r\n<li id=\"menu-item-270339\"><a href=\"\/pt\/city-hall\/building\/contractors\/\">Empreiteiros<\/a><\/li>\r\n<li id=\"menu-item-270337\"><a href=\"#\">Links r\u00e1pidos<\/a>\r\n<ul>\r\n<li id=\"menu-item-270348\"><a href=\"\/pt\/city-hall\/building\/building-recert\/\">Recertifica\u00e7\u00e3o de Edif\u00edcios<\/a><\/li>\r\n<li id=\"menu-item-270350\"><a href=\"\/pt\/city-hall\/building\/events\/\">Eventos e An\u00fancios<\/a><\/li>\r\n<li id=\"menu-item-270352\"><a href=\"\/pt\/city-hall\/building\/faq\/\">Perguntas frequentes<\/a><\/li>\r\n<li id=\"menu-item-270353\"><a href=\"\/pt\/city-hall\/building\/local-flood-hazard-info\/\">Conscientiza\u00e7\u00e3o sobre enchentes<\/a><\/li>\r\n<li id=\"menu-item-270347\"><a href=\"\/pt\/city-hall\/building\/hurricane-preparedness\/\">Prepara\u00e7\u00e3o para furac\u00f5es<\/a><\/li>\r\n<li id=\"menu-item-270349\"><a href=\"\/pt\/city-hall\/building\/records-management\/\">Gest\u00e3o de Registros<\/a><\/li>\r\n<li id=\"menu-item-270346\"><a href=\"\/pt\/city-hall\/building\/statistics\/\">Pain\u00e9is de Estat\u00edsticas<\/a><\/li>\r\n<\/ul>\r\n<\/li>\r\n<li id=\"menu-item-270338\"><a href=\"\/pt\/city-hall\/building\/contact-us\/\">Contate-nos<\/a>\r\n<ul>\r\n<li id=\"menu-item-270351\"><a href=\"\/pt\/city-hall\/building\/web-booking-terms\/\">Reserva Online<\/a><\/li>\r\n<\/ul>\r\n<\/li>\r\n<\/ul>\r\n<p>Edif\u00edcio \u00d7<\/p>\r\n<ul id=\"menu-building-department-1\">\r\n<li id=\"menu-item-270332\"><a href=\"\/pt\/city-hall\/building\/\">Construindo uma casa<\/a><\/li>\r\n<li id=\"menu-item-270333\"><a href=\"\/pt\/city-hall\/building\/permits\/\">Permiss\u00f5es<\/a>\r\n<ul>\r\n<li id=\"menu-item-270342\"><a href=\"\/pt\/city-hall\/building\/permits\/green\/\">Licen\u00e7as Verdes<\/a><\/li>\r\n<li id=\"menu-item-270340\"><a href=\"\/pt\/city-hall\/building\/permits\/interactive-permit-guide\/\">Guia de Permiss\u00e3o Interativo<\/a><\/li>\r\n<li id=\"menu-item-271067\"><a href=\"\/pt\/city-hall\/building\/permits\/permitchecklists\/\">Processo de Permiss\u00e3o e Listas de Verifica\u00e7\u00e3o<\/a><\/li>\r\n<li id=\"menu-item-272445\"><a href=\"\/pt\/city-hall\/building\/permits\/building-permits-not-required-work-list\/\">Lista de Permiss\u00e3o de Trabalho N\u00e3o Exigida<\/a><\/li>\r\n<li id=\"menu-item-270341\"><a href=\"\/pt\/city-hall\/building\/onlinepermits\/\">Centro de Recursos de Permiss\u00e3o Online<\/a><\/li>\r\n<li id=\"menu-item-270344\"><a href=\"\/pt\/city-hall\/building\/permits\/mdc\/\">Condado de Miami-Dade<\/a><\/li>\r\n<li id=\"menu-item-270345\"><a href=\"\/pt\/city-hall\/building\/permits\/phased-permits\/\">Permiss\u00f5es em fases<\/a><\/li>\r\n<li id=\"menu-item-270343\"><a href=\"\/pt\/city-hall\/building\/permits\/private-provider-info\/\">Informa\u00e7\u00f5es do Provedor Privado<\/a><\/li>\r\n<\/ul>\r\n<\/li>\r\n<li id=\"menu-item-270334\"><a href=\"\/pt\/city-hall\/building\/forms\/\">Formul\u00e1rios<\/a><\/li>\r\n<li id=\"menu-item-270335\"><a href=\"\/pt\/city-hall\/building\/inspections\/\">Inspe\u00e7\u00f5es<\/a><\/li>\r\n<li id=\"menu-item-270336\"><a href=\"\/pt\/city-hall\/building\/violations\/\">Viola\u00e7\u00f5es<\/a><\/li>\r\n<li id=\"menu-item-270339\"><a href=\"\/pt\/city-hall\/building\/contractors\/\">Empreiteiros<\/a><\/li>\r\n<li id=\"menu-item-270337\"><a href=\"#\">Links r\u00e1pidos<\/a>\r\n<ul>\r\n<li id=\"menu-item-270348\"><a href=\"\/pt\/city-hall\/building\/building-recert\/\">Recertifica\u00e7\u00e3o de Edif\u00edcios<\/a><\/li>\r\n<li id=\"menu-item-270350\"><a href=\"\/pt\/city-hall\/building\/events\/\">Eventos e An\u00fancios<\/a><\/li>\r\n<li id=\"menu-item-270352\"><a href=\"\/pt\/city-hall\/building\/faq\/\">Perguntas frequentes<\/a><\/li>\r\n<li id=\"menu-item-270353\"><a href=\"\/pt\/city-hall\/building\/local-flood-hazard-info\/\">Conscientiza\u00e7\u00e3o sobre enchentes<\/a><\/li>\r\n<li id=\"menu-item-270347\"><a href=\"\/pt\/city-hall\/building\/hurricane-preparedness\/\">Prepara\u00e7\u00e3o para furac\u00f5es<\/a><\/li>\r\n<li id=\"menu-item-270349\"><a href=\"\/pt\/city-hall\/building\/records-management\/\">Gest\u00e3o de Registros<\/a><\/li>\r\n<li id=\"menu-item-270346\"><a href=\"\/pt\/city-hall\/building\/statistics\/\">Pain\u00e9is de Estat\u00edsticas<\/a><\/li>\r\n<\/ul>\r\n<\/li>\r\n<li id=\"menu-item-270338\"><a href=\"\/pt\/city-hall\/building\/contact-us\/\">Contate-nos<\/a>\r\n<ul>\r\n<li id=\"menu-item-270351\"><a href=\"\/pt\/city-hall\/building\/web-booking-terms\/\">Reserva Online<\/a><\/li>\r\n<\/ul>\r\n<\/li>\r\n<\/ul>\r\n<p>[ivory-search id=\u201d270757\u2033 title=\u201dPesquisa do Departamento de Constru\u00e7\u00e3o\u201d]<\/p>\r\n<p><strong>Seus planos foram revisados por uma ou mais disciplinas e foram negados 3 ou mais vezes.<\/strong><\/p>\r\n<p>Qualquer revis\u00e3o de plano do Departamento Municipal que tenha falhado tr\u00eas vezes ser\u00e1 interrompida no sistema ap\u00f3s a conclus\u00e3o do fluxo de trabalho atual. O propriet\u00e1rio, o arquiteto\/engenheiro (profissional de design que assina e sela os planos) e os revisores precisar\u00e3o se reunir com a equipe do Departamento Municipal para analisar os coment\u00e1rios. Caso o propriet\u00e1rio n\u00e3o possa comparecer, ser\u00e1 necess\u00e1ria uma carta autenticada em cart\u00f3rio designando seu representante. As tr\u00eas partes devem comparecer \u00e0 reuni\u00e3o, ou ela ser\u00e1 adiada para uma data posterior, quando todas as partes estiverem dispon\u00edveis.<\/p>\r\n<p>De acordo com a Pol\u00edtica da Cidade de Miami Beach, os funcion\u00e1rios devem ser notificados caso os clientes estejam ou venham a estar acompanhados por um advogado. Caso n\u00e3o nos notifique com anteced\u00eancia sobre a presen\u00e7a de um advogado, reservamo-nos o direito de encerrar a reuni\u00e3o e remarc\u00e1-la posteriormente.<\/p>\r\n<p>Ap\u00f3s a reuni\u00e3o, os arquivos de desenho corrigidos devem ser enviados ao sistema. Todos os coment\u00e1rios de rejei\u00e7\u00e3o devem ser respondidos, e uma narrativa preparada pelo profissional de design deve ser enviada juntamente com os planos revisados. As taxas de reavalia\u00e7\u00e3o ser\u00e3o cobradas por projeto.<\/p>","protected":false},"excerpt":{"rendered":"<p>Constru\u00e7\u00e3o Constru\u00e7\u00e3o Permiss\u00f5es para resid\u00eancias Permiss\u00f5es verdes Guia interativo de permiss\u00f5es Processo de permiss\u00e3o e listas de verifica\u00e7\u00e3o Nenhuma permiss\u00e3o de trabalho necess\u00e1ria Lista de permiss\u00f5es on-line [\u2026]<\/p>","protected":false},"author":222,"featured_media":0,"parent":270393,"menu_order":18,"comment_status":"closed","ping_status":"closed","template":"page-blank.php","meta":{"_searchwp_excluded":"","site-sidebar-layout":"default","site-content-layout":"","ast-site-content-layout":"default","site-content-style":"default","site-sidebar-style":"default","ast-global-header-display":"","ast-banner-title-visibility":"","ast-main-header-display":"","ast-hfb-above-header-display":"","ast-hfb-below-header-display":"","ast-hfb-mobile-header-display":"","site-post-title":"","ast-breadcrumbs-content":"","ast-featured-img":"","footer-sml-layout":"","theme-transparent-header-meta":"","adv-header-id-meta":"","stick-header-meta":"","header-above-stick-meta":"","header-main-stick-meta":"","header-below-stick-meta":"","astra-migrate-meta-layouts":"default","ast-page-background-enabled":"default","ast-page-background-meta":{"desktop":{"background-color":"var(--ast-global-color-5)","background-image":"","background-repeat":"repeat","background-position":"center center","background-size":"auto","background-attachment":"scroll","background-type":"","background-media":"","overlay-type":"","overlay-color":"","overlay-opacity":"","overlay-gradient":""},"tablet":{"background-color":"","background-image":"","background-repeat":"repeat","background-position":"center center","background-size":"auto","background-attachment":"scroll","background-type":"","background-media":"","overlay-type":"","overlay-color":"","overlay-opacity":"","overlay-gradient":""},"mobile":{"background-color":"","background-image":"","background-repeat":"repeat","background-position":"center center","background-size":"auto","background-attachment":"scroll","background-type":"","background-media":"","overlay-type":"","overlay-color":"","overlay-opacity":"","overlay-gradient":""}},"ast-content-background-meta":{"desktop":{"background-color":"var(--ast-global-color-4)","background-image":"","background-repeat":"repeat","background-position":"center center","background-size":"auto","background-attachment":"scroll","background-type":"","background-media":"","overlay-type":"","overlay-color":"","overlay-opacity":"","overlay-gradient":""},"tablet":{"background-color":"var(--ast-global-color-4)","background-image":"","background-repeat":"repeat","background-position":"center center","background-size":"auto","background-attachment":"scroll","background-type":"","background-media":"","overlay-type":"","overlay-color":"","overlay-opacity":"","overlay-gradient":""},"mobile":{"background-color":"var(--ast-global-color-4)","background-image":"","background-repeat":"repeat","background-position":"center center","background-size":"auto","background-attachment":"scroll","background-type":"","background-media":"","overlay-type":"","overlay-color":"","overlay-opacity":"","overlay-gradient":""}},"footnotes":""},"categories":[],"tags":[],"class_list":["post-278557","page","type-page","status-publish","hentry"],"yoast_head":"<!-- This site is optimized with the Yoast SEO Premium plugin v26.6 (Yoast SEO v26.6) - https:\/\/yoast.com\/wordpress\/plugins\/seo\/ -->\n<title>Three Times Review Meeting Request - City of Miami Beach<\/title>\n<meta name=\"description\" content=\"%\" \/>\n<meta name=\"robots\" content=\"index, follow, max-snippet:-1, max-image-preview:large, max-video-preview:-1\" \/>\n<link rel=\"canonical\" href=\"https:\/\/www.miamibeachfl.gov\/pt\/city-hall\/building\/forms\/three-times-review-meeting-request\/\" \/>\n<meta property=\"og:locale\" content=\"pt_BR\" \/>\n<meta property=\"og:type\" content=\"article\" \/>\n<meta property=\"og:title\" content=\"Three Times Review Meeting Request\" \/>\n<meta property=\"og:description\" content=\"%\" \/>\n<meta property=\"og:url\" content=\"https:\/\/www.miamibeachfl.gov\/pt\/city-hall\/building\/forms\/three-times-review-meeting-request\/\" \/>\n<meta property=\"og:site_name\" content=\"City of Miami Beach\" \/>\n<meta property=\"article:publisher\" content=\"https:\/\/www.facebook.com\/cityofmiamibeach\" \/>\n<meta property=\"article:modified_time\" content=\"2023-10-26T10:31:55+00:00\" \/>\n<meta property=\"og:image\" content=\"https:\/\/www.miamibeachfl.gov\/wp-content\/uploads\/2024\/01\/1000pxSquare-miamibeach-aerial-southpointview.jpeg\" \/>\n\t<meta property=\"og:image:width\" content=\"1000\" \/>\n\t<meta property=\"og:image:height\" content=\"1000\" \/>\n\t<meta property=\"og:image:type\" content=\"image\/jpeg\" \/>\n<meta name=\"twitter:card\" content=\"summary_large_image\" \/>\n<meta name=\"twitter:site\" content=\"@Miamibeachnews\" \/>\n<script type=\"application\/ld+json\" class=\"yoast-schema-graph\">{\"@context\":\"https:\/\/schema.org\",\"@graph\":[{\"@type\":\"WebPage\",\"@id\":\"https:\/\/www.miamibeachfl.gov\/city-hall\/building\/forms\/three-times-review-meeting-request\/\",\"url\":\"https:\/\/www.miamibeachfl.gov\/city-hall\/building\/forms\/three-times-review-meeting-request\/\",\"name\":\"Three Times Review Meeting Request - City of Miami Beach\",\"isPartOf\":{\"@id\":\"https:\/\/www.miamibeachfl.gov\/#website\"},\"datePublished\":\"2023-10-23T20:09:41+00:00\",\"dateModified\":\"2023-10-26T10:31:55+00:00\",\"description\":\"%\",\"breadcrumb\":{\"@id\":\"https:\/\/www.miamibeachfl.gov\/city-hall\/building\/forms\/three-times-review-meeting-request\/#breadcrumb\"},\"inLanguage\":\"pt-BR\",\"potentialAction\":[{\"@type\":\"ReadAction\",\"target\":[\"https:\/\/www.miamibeachfl.gov\/city-hall\/building\/forms\/three-times-review-meeting-request\/\"]}]},{\"@type\":\"BreadcrumbList\",\"@id\":\"https:\/\/www.miamibeachfl.gov\/city-hall\/building\/forms\/three-times-review-meeting-request\/#breadcrumb\",\"itemListElement\":[{\"@type\":\"ListItem\",\"position\":1,\"name\":\"Home\",\"item\":\"https:\/\/www.miamibeachfl.gov\/\"},{\"@type\":\"ListItem\",\"position\":2,\"name\":\"City Hall\",\"item\":\"https:\/\/www.miamibeachfl.gov\/city-hall\/\"},{\"@type\":\"ListItem\",\"position\":3,\"name\":\"Building\",\"item\":\"https:\/\/www.miamibeachfl.gov\/city-hall\/building\/\"},{\"@type\":\"ListItem\",\"position\":4,\"name\":\"Building Forms\",\"item\":\"https:\/\/www.miamibeachfl.gov\/city-hall\/building\/forms\/\"},{\"@type\":\"ListItem\",\"position\":5,\"name\":\"Three Times Review Meeting Request\"}]},{\"@type\":\"WebSite\",\"@id\":\"https:\/\/www.miamibeachfl.gov\/#website\",\"url\":\"https:\/\/www.miamibeachfl.gov\/\",\"name\":\"City of Miami Beach\",\"description\":\"The official website of the City of Miami Beach. Stay informed, find important information on city services, news, alerts, events, trolley routes, government employment and more.\",\"publisher\":{\"@id\":\"https:\/\/www.miamibeachfl.gov\/#organization\"},\"potentialAction\":[{\"@type\":\"SearchAction\",\"target\":{\"@type\":\"EntryPoint\",\"urlTemplate\":\"https:\/\/www.miamibeachfl.gov\/?s={search_term_string}\"},\"query-input\":{\"@type\":\"PropertyValueSpecification\",\"valueRequired\":true,\"valueName\":\"search_term_string\"}}],\"inLanguage\":\"pt-BR\"},{\"@type\":\"Organization\",\"@id\":\"https:\/\/www.miamibeachfl.gov\/#organization\",\"name\":\"City of Miami Beach\",\"url\":\"https:\/\/www.miamibeachfl.gov\/\",\"logo\":{\"@type\":\"ImageObject\",\"inLanguage\":\"pt-BR\",\"@id\":\"https:\/\/www.miamibeachfl.gov\/#\/schema\/logo\/image\/\",\"url\":\"https:\/\/www.miamibeachfl.gov\/wp-content\/uploads\/2022\/06\/miamibeach-logoblue.png\",\"contentUrl\":\"https:\/\/www.miamibeachfl.gov\/wp-content\/uploads\/2022\/06\/miamibeach-logoblue.png\",\"width\":1962,\"height\":381,\"caption\":\"City of Miami Beach\"},\"image\":{\"@id\":\"https:\/\/www.miamibeachfl.gov\/#\/schema\/logo\/image\/\"},\"sameAs\":[\"https:\/\/www.facebook.com\/cityofmiamibeach\",\"https:\/\/x.com\/Miamibeachnews\",\"https:\/\/www.instagram.com\/miamibeachnews\/\"],\"description\":\"The official website of the City of Miami Beach. Stay informed, find important information on city services, news, alerts, events, trolley routes, government employment and more.\",\"telephone\":\"305.604.CITY(2489)\",\"legalName\":\"City of Miami Beach\"}]}<\/script>\n<!-- \/ Yoast SEO Premium plugin. -->","yoast_head_json":{"title":"Solicita\u00e7\u00e3o de reuni\u00e3o de revis\u00e3o tripla - Cidade de Miami Beach","description":"%","robots":{"index":"index","follow":"follow","max-snippet":"max-snippet:-1","max-image-preview":"max-image-preview:large","max-video-preview":"max-video-preview:-1"},"canonical":"https:\/\/www.miamibeachfl.gov\/pt\/city-hall\/building\/forms\/three-times-review-meeting-request\/","og_locale":"pt_BR","og_type":"article","og_title":"Three Times Review Meeting Request","og_description":"%","og_url":"https:\/\/www.miamibeachfl.gov\/pt\/city-hall\/building\/forms\/three-times-review-meeting-request\/","og_site_name":"City of Miami Beach","article_publisher":"https:\/\/www.facebook.com\/cityofmiamibeach","article_modified_time":"2023-10-26T10:31:55+00:00","og_image":[{"width":1000,"height":1000,"url":"https:\/\/www.miamibeachfl.gov\/wp-content\/uploads\/2024\/01\/1000pxSquare-miamibeach-aerial-southpointview.jpeg","type":"image\/jpeg"}],"twitter_card":"summary_large_image","twitter_site":"@Miamibeachnews","schema":{"@context":"https:\/\/schema.org","@graph":[{"@type":"WebPage","@id":"https:\/\/www.miamibeachfl.gov\/city-hall\/building\/forms\/three-times-review-meeting-request\/","url":"https:\/\/www.miamibeachfl.gov\/city-hall\/building\/forms\/three-times-review-meeting-request\/","name":"Solicita\u00e7\u00e3o de reuni\u00e3o de revis\u00e3o tripla - Cidade de Miami Beach","isPartOf":{"@id":"https:\/\/www.miamibeachfl.gov\/#website"},"datePublished":"2023-10-23T20:09:41+00:00","dateModified":"2023-10-26T10:31:55+00:00","description":"%","breadcrumb":{"@id":"https:\/\/www.miamibeachfl.gov\/city-hall\/building\/forms\/three-times-review-meeting-request\/#breadcrumb"},"inLanguage":"pt-BR","potentialAction":[{"@type":"ReadAction","target":["https:\/\/www.miamibeachfl.gov\/city-hall\/building\/forms\/three-times-review-meeting-request\/"]}]},{"@type":"BreadcrumbList","@id":"https:\/\/www.miamibeachfl.gov\/city-hall\/building\/forms\/three-times-review-meeting-request\/#breadcrumb","itemListElement":[{"@type":"ListItem","position":1,"name":"Home","item":"https:\/\/www.miamibeachfl.gov\/"},{"@type":"ListItem","position":2,"name":"City Hall","item":"https:\/\/www.miamibeachfl.gov\/city-hall\/"},{"@type":"ListItem","position":3,"name":"Building","item":"https:\/\/www.miamibeachfl.gov\/city-hall\/building\/"},{"@type":"ListItem","position":4,"name":"Building Forms","item":"https:\/\/www.miamibeachfl.gov\/city-hall\/building\/forms\/"},{"@type":"ListItem","position":5,"name":"Three Times Review Meeting Request"}]},{"@type":"WebSite","@id":"https:\/\/www.miamibeachfl.gov\/#website","url":"https:\/\/www.miamibeachfl.gov\/","name":"Cidade de Miami Beach","description":"Site oficial da cidade de Miami Beach. Mantenha-se informado e encontre informa\u00e7\u00f5es importantes sobre servi\u00e7os municipais, not\u00edcias, alertas, eventos, rotas de bonde, empregos p\u00fablicos e muito mais.","publisher":{"@id":"https:\/\/www.miamibeachfl.gov\/#organization"},"potentialAction":[{"@type":"SearchAction","target":{"@type":"EntryPoint","urlTemplate":"https:\/\/www.miamibeachfl.gov\/?s={search_term_string}"},"query-input":{"@type":"PropertyValueSpecification","valueRequired":true,"valueName":"search_term_string"}}],"inLanguage":"pt-BR"},{"@type":"Organization","@id":"https:\/\/www.miamibeachfl.gov\/#organization","name":"Cidade de Miami Beach","url":"https:\/\/www.miamibeachfl.gov\/","logo":{"@type":"ImageObject","inLanguage":"pt-BR","@id":"https:\/\/www.miamibeachfl.gov\/#\/schema\/logo\/image\/","url":"https:\/\/www.miamibeachfl.gov\/wp-content\/uploads\/2022\/06\/miamibeach-logoblue.png","contentUrl":"https:\/\/www.miamibeachfl.gov\/wp-content\/uploads\/2022\/06\/miamibeach-logoblue.png","width":1962,"height":381,"caption":"City of Miami Beach"},"image":{"@id":"https:\/\/www.miamibeachfl.gov\/#\/schema\/logo\/image\/"},"sameAs":["https:\/\/www.facebook.com\/cityofmiamibeach","https:\/\/x.com\/Miamibeachnews","https:\/\/www.instagram.com\/miamibeachnews\/"],"description":"Site oficial da cidade de Miami Beach. Mantenha-se informado e encontre informa\u00e7\u00f5es importantes sobre servi\u00e7os municipais, not\u00edcias, alertas, eventos, rotas de bonde, empregos p\u00fablicos e muito mais.","telephone":"305.604.CITY(2489)","legalName":"City of Miami Beach"}]}},"_links":{"self":[{"href":"https:\/\/www.miamibeachfl.gov\/pt\/wp-json\/wp\/v2\/pages\/278557","targetHints":{"allow":["GET"]}}],"collection":[{"href":"https:\/\/www.miamibeachfl.gov\/pt\/wp-json\/wp\/v2\/pages"}],"about":[{"href":"https:\/\/www.miamibeachfl.gov\/pt\/wp-json\/wp\/v2\/types\/page"}],"author":[{"embeddable":true,"href":"https:\/\/www.miamibeachfl.gov\/pt\/wp-json\/wp\/v2\/users\/222"}],"replies":[{"embeddable":true,"href":"https:\/\/www.miamibeachfl.gov\/pt\/wp-json\/wp\/v2\/comments?post=278557"}],"version-history":[{"count":0,"href":"https:\/\/www.miamibeachfl.gov\/pt\/wp-json\/wp\/v2\/pages\/278557\/revisions"}],"up":[{"embeddable":true,"href":"https:\/\/www.miamibeachfl.gov\/pt\/wp-json\/wp\/v2\/pages\/270393"}],"wp:attachment":[{"href":"https:\/\/www.miamibeachfl.gov\/pt\/wp-json\/wp\/v2\/media?parent=278557"}],"wp:term":[{"taxonomy":"category","embeddable":true,"href":"https:\/\/www.miamibeachfl.gov\/pt\/wp-json\/wp\/v2\/categories?post=278557"},{"taxonomy":"post_tag","embeddable":true,"href":"https:\/\/www.miamibeachfl.gov\/pt\/wp-json\/wp\/v2\/tags?post=278557"}],"curies":[{"name":"wp","href":"https:\/\/api.w.org\/{rel}","templated":true}]}}