{"id":280279,"date":"2023-11-13T12:09:32","date_gmt":"2023-11-13T17:09:32","guid":{"rendered":"https:\/\/www.miamibeachfl.gov\/?page_id=280279"},"modified":"2025-06-02T21:48:55","modified_gmt":"2025-06-03T01:48:55","slug":"november2023-artweekmiamibeach-copy","status":"publish","type":"page","link":"https:\/\/www.miamibeachfl.gov\/pt\/spotlight\/november2023-artweekmiamibeach-copy\/","title":{"rendered":"Benef\u00edcios comerciais da Art Week Miami Beach 2023"},"content":{"rendered":"\n<h5>\n\t\t<a href=\"https:\/\/www.miamibeachfl.gov\/mbbiznews\/\" title=\"Subscribe here to receive the City's business newsletter to your inbox monthly.\"  target=\"_blank\"  rel=\"noopener\">\n\t\t\tSubscribe here to receive the City&#8217;s business newsletter to your inbox monthly.\t\t<\/a>\n\t<\/h5>\n<h5>\n\t\t<a href=\"https:\/\/myemail.constantcontact.com\/Stay-connected-with-MB-Biz--.html?soid=1011085968389&#038;aid=S0mHBwwl4Fs\" title=\"Business Newsletter\"  target=\"_blank\"  rel=\"noopener\">\n\t\t\tBusiness Newsletter\t\t<\/a>\n\t<\/h5>\n\t<h3><strong>Business Benefits of Art Week Miami Beach 2023<\/strong><\/h3>\n<p>&nbsp;<\/p>\n<p>Art season commences in Miami Beach in early December, with people arriving from all over the world. Everyone from art handlers, art dealers, artists, event planners, entertainers, celebrities, and more come to Miami Beach to enjoy Art Week Miami Beach.<\/p>\n<p>Art Week Miami Beach 2023 is a global premier art celebration which brings leading local, national and international galleries, collectors, educators and influencers to Miami Beach to showcase the masters of fine art, including, but not limited to painting, sculpture, architecture, poetry, music, literature, and dance by artistic masters and the new generation of contemporary and emerging creative stars. Art Basel and Art Week Miami Beach attract more than 100,000 people to Miami Beach in one weekend. The impact is felt throughout Miami-Dade County and beyond. Economists estimate $400 million to $500 million in economic impact annually.<strong><a href=\"#_ftn1\" name=\"_ftnref1\">[1]<\/a><\/strong><\/p>\n<p>The economic infusion of Art Week Miami Beach 2023 is an auspicious opportunity for our business community to leverage the national and international exposure, and the increased visitor foot traffic. Below are a few ways local businesses can benefit from Art Week Miami Beach 2023.<\/p>\n<ul>\n<li><strong>Collaborate with artists and galleries <\/strong>&#8211; partner with local artists or galleries and host exhibitions or art-related events aligned with business; attract art enthusiasts and welcome new and existing customers; create marketplace buzz;<\/li>\n<li><strong>Curate special Art Week Miami Beach menus and promotions <\/strong>&#8211; be more creative with themed libations and culinary options, discounts, entertainment, and more;<\/li>\n<li><strong>Extend operating hours (as permitted) <\/strong>&#8211; modify hours of operation to compliment the Art Week show hours, and accommodate the lunch, evening, and after-hours appetites; many Art Week \u00a0events continue into the evening;<\/li>\n<li><strong>Showcase local art <\/strong>&#8211; showcase local artists or artisans inside your business; hang fine art on walls, sculpture in storefronts, create a meet the artist event; draw on the artists&#8217; followers and engage your new and long-standing customers;<\/li>\n<li><strong>Host Pop-Up Shops <\/strong>&#8211; collaborate with artists or artistic brands to set up temporary pop-up shops in your business; Pop-Up Shops are a favored trend during Art Week Miami Beach; build brand awareness, cultivate your customer base, generate sales and introduce your business as an artistic destination;<\/li>\n<li><strong>Offer art-related workshops <\/strong>&#8211; artistic workshops or events are fun opportunities to engage with and develop new customers and expand business by offering art-inspired learning and memorable experiences;<\/li>\n<li><strong>Social Media and Online Marketing <\/strong>&#8211; maximize your business&#8217; online presence and drive website traffic by creating new artistic hashtags, posting your Art Week Miami Beach-related offerings, events, photos and partnerships;<\/li>\n<\/ul>\n<p>8)<strong> \u00a0\u00a0Network and Build Relationships <\/strong>&#8211; attend Art Week Miami Beach 2023 events and network with artists, collectors, and influencers; start building relationships that could result in future engagements or business opportunities;<\/p>\n<p>9)<strong> \u00a0\u00a0Update or enhance the d\u00e9cor of storefronts and interior <\/strong>&#8211; temporarily restyle interior, furnishings or color schemes to align with the art-themed week or create an immersive creative experience to drive interest, awareness and sales; and<\/p>\n<ul>\n<li><strong>Collaborate with hotels\/restaurants <\/strong>&#8211; partner with local hotels and restaurants to offer package deals\/discounts with a purchase or social media mention or any other element that can enhance the reach of the business.<\/li>\n<\/ul>\n<p>&#8220;I have worked with Art Basel since its inception in 2002, and all the above Art Week Miami Beach ideas are achievable, fun, fantastic, and can assist in the promotion of your business, products and\/or brand,&#8221; shared Nick D&#8217;Annunzio, Principal at Tara Ink and member of the Miami Beach Art in Public Places Committee. &#8220;Even though the influence of Art Basel (in the Miami Beach Convention Center) has expanded to Art Week in Miami (Brickell, Downtown, Design District, Wynwood, and beyond) and in Miami Beach (South Beach, Mid-Beach, and North Beach), every entrepreneur and business considers Miami Beach to be the destination for artistic expression in December.&#8221;<\/p>\n<p>If you have not started planning, there is still time to enjoy a successful and productive Art Week Miami Beach. December will be here next month, and it brings large crowds of art and Miami Beach enthusiasts. Be inspired, be creative, be imaginative, and boldly tailor your Art Week Miami Beach strategy to fit your business plan, customers, strengths, and capitalize on this unique Miami Beach opportunity to take your business to the next level and Make A Bold Move.<\/p>\n<p>&nbsp;<\/p>\n<p>&nbsp;<\/p>\n<p><a href=\"#_ftnref1\" name=\"_ftn1\"><strong>[1]<\/strong><\/a> <u>Financial Times<\/u>. &#8220;The Evolution of Art Basel Miami Beach and Miami&#8217;s Art Scene.&#8221; <strong><a href=\"https:\/\/www.ft.com\/partnercontent\/art-basel\/the-evolution-of-art-basel-miami-beach-and-miamis-art-scene.html\">https:\/\/www.ft.com\/partnercontent\/art-basel\/the-evolution-of-art-basel-miami-beach-and-miamis-art-scene.html<\/a><\/strong><\/p>\n\n","protected":false},"excerpt":{"rendered":"<p>Subscribe here to receive the City&#8217;s business newsletter to your inbox monthly. Business Newsletter Business Benefits of Art Week Miami [&hellip;]<\/p>\n","protected":false},"author":329,"featured_media":0,"parent":253255,"menu_order":0,"comment_status":"closed","ping_status":"closed","template":"","meta":{"_searchwp_excluded":"","site-sidebar-layout":"default","site-content-layout":"","ast-site-content-layout":"default","site-content-style":"default","site-sidebar-style":"default","ast-global-header-display":"","ast-banner-title-visibility":"","ast-main-header-display":"","ast-hfb-above-header-display":"","ast-hfb-below-header-display":"","ast-hfb-mobile-header-display":"","site-post-title":"","ast-breadcrumbs-content":"","ast-featured-img":"","footer-sml-layout":"","theme-transparent-header-meta":"","adv-header-id-meta":"","stick-header-meta":"","header-above-stick-meta":"","header-main-stick-meta":"","header-below-stick-meta":"","astra-migrate-meta-layouts":"default","ast-page-background-enabled":"default","ast-page-background-meta":{"desktop":{"background-color":"var(--ast-global-color-5)","background-image":"","background-repeat":"repeat","background-position":"center center","background-size":"auto","background-attachment":"scroll","background-type":"","background-media":"","overlay-type":"","overlay-color":"","overlay-opacity":"","overlay-gradient":""},"tablet":{"background-color":"","background-image":"","background-repeat":"repeat","background-position":"center center","background-size":"auto","background-attachment":"scroll","background-type":"","background-media":"","overlay-type":"","overlay-color":"","overlay-opacity":"","overlay-gradient":""},"mobile":{"background-color":"","background-image":"","background-repeat":"repeat","background-position":"center center","background-size":"auto","background-attachment":"scroll","background-type":"","background-media":"","overlay-type":"","overlay-color":"","overlay-opacity":"","overlay-gradient":""}},"ast-content-background-meta":{"desktop":{"background-color":"var(--ast-global-color-4)","background-image":"","background-repeat":"repeat","background-position":"center center","background-size":"auto","background-attachment":"scroll","background-type":"","background-media":"","overlay-type":"","overlay-color":"","overlay-opacity":"","overlay-gradient":""},"tablet":{"background-color":"var(--ast-global-color-4)","background-image":"","background-repeat":"repeat","background-position":"center center","background-size":"auto","background-attachment":"scroll","background-type":"","background-media":"","overlay-type":"","overlay-color":"","overlay-opacity":"","overlay-gradient":""},"mobile":{"background-color":"var(--ast-global-color-4)","background-image":"","background-repeat":"repeat","background-position":"center center","background-size":"auto","background-attachment":"scroll","background-type":"","background-media":"","overlay-type":"","overlay-color":"","overlay-opacity":"","overlay-gradient":""}},"footnotes":""},"categories":[],"tags":[],"class_list":["post-280279","page","type-page","status-publish","hentry"],"yoast_head":"<!-- This site is optimized with the Yoast SEO Premium plugin v26.6 (Yoast SEO v26.6) - https:\/\/yoast.com\/wordpress\/plugins\/seo\/ -->\n<title>Business Benefits of Art Week Miami Beach 2023 - City of Miami Beach<\/title>\n<meta name=\"description\" content=\"%\" \/>\n<meta name=\"robots\" content=\"index, follow, max-snippet:-1, max-image-preview:large, max-video-preview:-1\" \/>\n<link rel=\"canonical\" href=\"https:\/\/www.miamibeachfl.gov\/pt\/spotlight\/november2023-artweekmiamibeach-copy\/\" \/>\n<meta property=\"og:locale\" content=\"pt_BR\" \/>\n<meta property=\"og:type\" content=\"article\" \/>\n<meta property=\"og:title\" content=\"Business Benefits of Art Week Miami Beach 2023\" \/>\n<meta property=\"og:description\" content=\"%\" \/>\n<meta property=\"og:url\" content=\"https:\/\/www.miamibeachfl.gov\/pt\/spotlight\/november2023-artweekmiamibeach-copy\/\" \/>\n<meta property=\"og:site_name\" content=\"City of Miami Beach\" \/>\n<meta property=\"article:publisher\" content=\"https:\/\/www.facebook.com\/cityofmiamibeach\" \/>\n<meta property=\"article:modified_time\" content=\"2025-06-03T01:48:55+00:00\" \/>\n<meta property=\"og:image\" content=\"https:\/\/www.miamibeachfl.gov\/wp-content\/uploads\/2024\/01\/1000pxSquare-miamibeach-aerial-southpointview.jpeg\" \/>\n\t<meta property=\"og:image:width\" content=\"1000\" \/>\n\t<meta property=\"og:image:height\" content=\"1000\" \/>\n\t<meta property=\"og:image:type\" content=\"image\/jpeg\" \/>\n<meta name=\"twitter:card\" content=\"summary_large_image\" \/>\n<meta name=\"twitter:site\" content=\"@Miamibeachnews\" \/>\n<script type=\"application\/ld+json\" class=\"yoast-schema-graph\">{\"@context\":\"https:\/\/schema.org\",\"@graph\":[{\"@type\":\"WebPage\",\"@id\":\"https:\/\/www.miamibeachfl.gov\/spotlight\/november2023-artweekmiamibeach-copy\/\",\"url\":\"https:\/\/www.miamibeachfl.gov\/spotlight\/november2023-artweekmiamibeach-copy\/\",\"name\":\"Business Benefits of Art Week Miami Beach 2023 - City of Miami Beach\",\"isPartOf\":{\"@id\":\"https:\/\/www.miamibeachfl.gov\/#website\"},\"datePublished\":\"2023-11-13T17:09:32+00:00\",\"dateModified\":\"2025-06-03T01:48:55+00:00\",\"description\":\"%\",\"breadcrumb\":{\"@id\":\"https:\/\/www.miamibeachfl.gov\/spotlight\/november2023-artweekmiamibeach-copy\/#breadcrumb\"},\"inLanguage\":\"pt-BR\",\"potentialAction\":[{\"@type\":\"ReadAction\",\"target\":[\"https:\/\/www.miamibeachfl.gov\/spotlight\/november2023-artweekmiamibeach-copy\/\"]}]},{\"@type\":\"BreadcrumbList\",\"@id\":\"https:\/\/www.miamibeachfl.gov\/spotlight\/november2023-artweekmiamibeach-copy\/#breadcrumb\",\"itemListElement\":[{\"@type\":\"ListItem\",\"position\":1,\"name\":\"Home\",\"item\":\"https:\/\/www.miamibeachfl.gov\/\"},{\"@type\":\"ListItem\",\"position\":2,\"name\":\"Business Newsletters and Spotlights\",\"item\":\"https:\/\/www.miamibeachfl.gov\/spotlight\/\"},{\"@type\":\"ListItem\",\"position\":3,\"name\":\"Business Benefits of Art Week Miami Beach 2023\"}]},{\"@type\":\"WebSite\",\"@id\":\"https:\/\/www.miamibeachfl.gov\/#website\",\"url\":\"https:\/\/www.miamibeachfl.gov\/\",\"name\":\"City of Miami Beach\",\"description\":\"The official website of the City of Miami Beach. Stay informed, find important information on city services, news, alerts, events, trolley routes, government employment and more.\",\"publisher\":{\"@id\":\"https:\/\/www.miamibeachfl.gov\/#organization\"},\"potentialAction\":[{\"@type\":\"SearchAction\",\"target\":{\"@type\":\"EntryPoint\",\"urlTemplate\":\"https:\/\/www.miamibeachfl.gov\/?s={search_term_string}\"},\"query-input\":{\"@type\":\"PropertyValueSpecification\",\"valueRequired\":true,\"valueName\":\"search_term_string\"}}],\"inLanguage\":\"pt-BR\"},{\"@type\":\"Organization\",\"@id\":\"https:\/\/www.miamibeachfl.gov\/#organization\",\"name\":\"City of Miami Beach\",\"url\":\"https:\/\/www.miamibeachfl.gov\/\",\"logo\":{\"@type\":\"ImageObject\",\"inLanguage\":\"pt-BR\",\"@id\":\"https:\/\/www.miamibeachfl.gov\/#\/schema\/logo\/image\/\",\"url\":\"https:\/\/www.miamibeachfl.gov\/wp-content\/uploads\/2022\/06\/miamibeach-logoblue.png\",\"contentUrl\":\"https:\/\/www.miamibeachfl.gov\/wp-content\/uploads\/2022\/06\/miamibeach-logoblue.png\",\"width\":1962,\"height\":381,\"caption\":\"City of Miami Beach\"},\"image\":{\"@id\":\"https:\/\/www.miamibeachfl.gov\/#\/schema\/logo\/image\/\"},\"sameAs\":[\"https:\/\/www.facebook.com\/cityofmiamibeach\",\"https:\/\/x.com\/Miamibeachnews\",\"https:\/\/www.instagram.com\/miamibeachnews\/\"],\"description\":\"The official website of the City of Miami Beach. Stay informed, find important information on city services, news, alerts, events, trolley routes, government employment and more.\",\"telephone\":\"305.604.CITY(2489)\",\"legalName\":\"City of Miami Beach\"}]}<\/script>\n<!-- \/ Yoast SEO Premium plugin. -->","yoast_head_json":{"title":"Benef\u00edcios comerciais da Semana de Arte de Miami Beach 2023 - Cidade de Miami Beach","description":"%","robots":{"index":"index","follow":"follow","max-snippet":"max-snippet:-1","max-image-preview":"max-image-preview:large","max-video-preview":"max-video-preview:-1"},"canonical":"https:\/\/www.miamibeachfl.gov\/pt\/spotlight\/november2023-artweekmiamibeach-copy\/","og_locale":"pt_BR","og_type":"article","og_title":"Business Benefits of Art Week Miami Beach 2023","og_description":"%","og_url":"https:\/\/www.miamibeachfl.gov\/pt\/spotlight\/november2023-artweekmiamibeach-copy\/","og_site_name":"City of Miami Beach","article_publisher":"https:\/\/www.facebook.com\/cityofmiamibeach","article_modified_time":"2025-06-03T01:48:55+00:00","og_image":[{"width":1000,"height":1000,"url":"https:\/\/www.miamibeachfl.gov\/wp-content\/uploads\/2024\/01\/1000pxSquare-miamibeach-aerial-southpointview.jpeg","type":"image\/jpeg"}],"twitter_card":"summary_large_image","twitter_site":"@Miamibeachnews","schema":{"@context":"https:\/\/schema.org","@graph":[{"@type":"WebPage","@id":"https:\/\/www.miamibeachfl.gov\/spotlight\/november2023-artweekmiamibeach-copy\/","url":"https:\/\/www.miamibeachfl.gov\/spotlight\/november2023-artweekmiamibeach-copy\/","name":"Benef\u00edcios comerciais da Semana de Arte de Miami Beach 2023 - Cidade de Miami Beach","isPartOf":{"@id":"https:\/\/www.miamibeachfl.gov\/#website"},"datePublished":"2023-11-13T17:09:32+00:00","dateModified":"2025-06-03T01:48:55+00:00","description":"%","breadcrumb":{"@id":"https:\/\/www.miamibeachfl.gov\/spotlight\/november2023-artweekmiamibeach-copy\/#breadcrumb"},"inLanguage":"pt-BR","potentialAction":[{"@type":"ReadAction","target":["https:\/\/www.miamibeachfl.gov\/spotlight\/november2023-artweekmiamibeach-copy\/"]}]},{"@type":"BreadcrumbList","@id":"https:\/\/www.miamibeachfl.gov\/spotlight\/november2023-artweekmiamibeach-copy\/#breadcrumb","itemListElement":[{"@type":"ListItem","position":1,"name":"Home","item":"https:\/\/www.miamibeachfl.gov\/"},{"@type":"ListItem","position":2,"name":"Business Newsletters and Spotlights","item":"https:\/\/www.miamibeachfl.gov\/spotlight\/"},{"@type":"ListItem","position":3,"name":"Business Benefits of Art Week Miami Beach 2023"}]},{"@type":"WebSite","@id":"https:\/\/www.miamibeachfl.gov\/#website","url":"https:\/\/www.miamibeachfl.gov\/","name":"Cidade de Miami Beach","description":"Site oficial da cidade de Miami Beach. Mantenha-se informado e encontre informa\u00e7\u00f5es importantes sobre servi\u00e7os municipais, not\u00edcias, alertas, eventos, rotas de bonde, empregos p\u00fablicos e muito mais.","publisher":{"@id":"https:\/\/www.miamibeachfl.gov\/#organization"},"potentialAction":[{"@type":"SearchAction","target":{"@type":"EntryPoint","urlTemplate":"https:\/\/www.miamibeachfl.gov\/?s={search_term_string}"},"query-input":{"@type":"PropertyValueSpecification","valueRequired":true,"valueName":"search_term_string"}}],"inLanguage":"pt-BR"},{"@type":"Organization","@id":"https:\/\/www.miamibeachfl.gov\/#organization","name":"Cidade de Miami Beach","url":"https:\/\/www.miamibeachfl.gov\/","logo":{"@type":"ImageObject","inLanguage":"pt-BR","@id":"https:\/\/www.miamibeachfl.gov\/#\/schema\/logo\/image\/","url":"https:\/\/www.miamibeachfl.gov\/wp-content\/uploads\/2022\/06\/miamibeach-logoblue.png","contentUrl":"https:\/\/www.miamibeachfl.gov\/wp-content\/uploads\/2022\/06\/miamibeach-logoblue.png","width":1962,"height":381,"caption":"City of Miami Beach"},"image":{"@id":"https:\/\/www.miamibeachfl.gov\/#\/schema\/logo\/image\/"},"sameAs":["https:\/\/www.facebook.com\/cityofmiamibeach","https:\/\/x.com\/Miamibeachnews","https:\/\/www.instagram.com\/miamibeachnews\/"],"description":"Site oficial da cidade de Miami Beach. Mantenha-se informado e encontre informa\u00e7\u00f5es importantes sobre servi\u00e7os municipais, not\u00edcias, alertas, eventos, rotas de bonde, empregos p\u00fablicos e muito mais.","telephone":"305.604.CITY(2489)","legalName":"City of Miami Beach"}]}},"_links":{"self":[{"href":"https:\/\/www.miamibeachfl.gov\/pt\/wp-json\/wp\/v2\/pages\/280279","targetHints":{"allow":["GET"]}}],"collection":[{"href":"https:\/\/www.miamibeachfl.gov\/pt\/wp-json\/wp\/v2\/pages"}],"about":[{"href":"https:\/\/www.miamibeachfl.gov\/pt\/wp-json\/wp\/v2\/types\/page"}],"author":[{"embeddable":true,"href":"https:\/\/www.miamibeachfl.gov\/pt\/wp-json\/wp\/v2\/users\/329"}],"replies":[{"embeddable":true,"href":"https:\/\/www.miamibeachfl.gov\/pt\/wp-json\/wp\/v2\/comments?post=280279"}],"version-history":[{"count":1,"href":"https:\/\/www.miamibeachfl.gov\/pt\/wp-json\/wp\/v2\/pages\/280279\/revisions"}],"predecessor-version":[{"id":375041,"href":"https:\/\/www.miamibeachfl.gov\/pt\/wp-json\/wp\/v2\/pages\/280279\/revisions\/375041"}],"up":[{"embeddable":true,"href":"https:\/\/www.miamibeachfl.gov\/pt\/wp-json\/wp\/v2\/pages\/253255"}],"wp:attachment":[{"href":"https:\/\/www.miamibeachfl.gov\/pt\/wp-json\/wp\/v2\/media?parent=280279"}],"wp:term":[{"taxonomy":"category","embeddable":true,"href":"https:\/\/www.miamibeachfl.gov\/pt\/wp-json\/wp\/v2\/categories?post=280279"},{"taxonomy":"post_tag","embeddable":true,"href":"https:\/\/www.miamibeachfl.gov\/pt\/wp-json\/wp\/v2\/tags?post=280279"}],"curies":[{"name":"wp","href":"https:\/\/api.w.org\/{rel}","templated":true}]}}