{"id":280565,"date":"2023-11-16T11:43:20","date_gmt":"2023-11-16T16:43:20","guid":{"rendered":"https:\/\/www.miamibeachfl.gov\/?page_id=280565"},"modified":"2025-06-01T22:10:44","modified_gmt":"2025-06-02T02:10:44","slug":"stormrecovery","status":"publish","type":"page","link":"https:\/\/www.miamibeachfl.gov\/pt\/stormrecovery\/","title":{"rendered":"Recupera\u00e7\u00e3o de tempestade"},"content":{"rendered":"<h3>\n\t\t\tInforma\u00e7\u00f5es importantes sobre recupera\u00e7\u00e3o de tempestades\t<\/h3>\n\t\t\t\t<a href=\"tel:3056737625\"  target=\"_self\" itemprop=\"url\">\n\t\t\t\t<img decoding=\"async\" src=\"https:\/\/www.miamibeachfl.gov\/wp-content\/uploads\/2023\/11\/flooding.gif\" alt=\"flooding\" itemprop=\"image\" title=\"inunda\u00e7\u00e3o\" onerror=\"this.style.display='none'\" loading='lazy' \/>\n\t\t\t\t<\/a>\n\t<p>Se voc\u00ea encontrar algum entulho ou inunda\u00e7\u00e3o que obstrua o acesso a propriedades p\u00fablicas ou privadas, ligue para <a href=\"tel:3056737625\"><strong>305.673.7625<\/strong><\/a>, denuncie atrav\u00e9s do\u00a0<strong><a href=\"https:\/\/r20.rs6.net\/tn.jsp?f=001Qu8495JoeoHvexJvFECxCjkDf2UQBREir1QnfZ9B4SCDq2d24A7g0Z1H2OXLug_1wuY0uW4L0JB_qQ7HZezveRXXi49LMJVqe92kOnS2XSbFntw48o51pMUGN58PB2u5z8u_OZeMimIZvmOqGM6y-pS2V55NBHBNbaZhurVLjPFQrmJMpMVzRgidSgVgOp79YGWxmMr021dLzSuXR5MfIw==&amp;c=k1sNWfwUjok0FDFyzU5PPB1lwi5LUM1JSP4AUBZtZVKGsqxkn9kcsw==&amp;ch=2dZhZAeyHn82weTbBreYrDiJKhpijVbdxvB0vF0wN-mXVLORI5fP2A==\" target=\"_blank\" rel=\"noopener\">Aplicativo e-Gov de Miami Beach<\/a>\u00a0<\/strong>ou e-mail\u00a0<strong><a href=\"mailto:flooding@miamibeachfl.gov\" target=\"_blank\" rel=\"noopener\">flooding@miamibeachfl.gov<\/a>.\u00a0<\/strong><\/p>\n\t\t\t\t<a href=\"tel:18004688243\"  target=\"_self\" itemprop=\"url\">\n\t\t\t\t<img decoding=\"async\" src=\"https:\/\/www.miamibeachfl.gov\/wp-content\/uploads\/2023\/11\/report-power-outages-to-FPL.png\" alt=\"report power outages to FPL\" itemprop=\"image\" title=\"relatar cortes de energia \u00e0 FPL\" onerror=\"this.style.display='none'\" loading='lazy' \/>\n\t\t\t\t<\/a>\n<h2>\n\t\t\t Quedas de energia\t<\/h2>\n\t<p>Por favor, informe todas as quedas de energia e linhas de energia ca\u00eddas\/danificadas \u00e0 Florida Power &amp; Light (FPL) ligando para <a href=\"tel:18004688243\"><strong>1.800.4OUTAGE (1.800.468.8243)<\/strong><\/a>. N\u00e3o ligue para a Pol\u00edcia ou o Corpo de Bombeiros de Miami Beach para relatar falta de energia.<\/p>\n<p>Muitas \u00e1reas da nossa cidade est\u00e3o com falta de energia. Alguns sem\u00e1foros podem ser afetados. Tenha cuidado ao dirigir, caminhar ou andar de bicicleta. Evite \u00e1gua parada e trate os cruzamentos como locais de parada obrigat\u00f3ria se os sem\u00e1foros estiverem desativados.<\/p>\n<p>Baixe o <a href=\"https:\/\/www.fpl.com\/landing\/mobile-app.html\">Aplicativo FPL<\/a> para recuperar informa\u00e7\u00f5es sobre sua conta espec\u00edfica. Visite <a href=\"https:\/\/www.fplmaps.com\/\">www.fplmaps.com<\/a> para uma vis\u00e3o geral das interrup\u00e7\u00f5es em uma \u00e1rea e para informa\u00e7\u00f5es de restaura\u00e7\u00e3o de \u00e1reas espec\u00edficas.<\/p>\n\t\t\t\t\t<a href=\"#\"  id=\"fl-accordion--label-0\" tabindex=\"0\" aria-controls=\"fl-accordion--panel-0\">Coleta gratuita de res\u00edduos de jardim<\/a>\n\t\t\t\t\t\t\t\t\t\t\t<a href=\"#\" id=\"fl-accordion--icon-0\"  tabindex=\"0\"><i title=\"Expandir\">Expandir<\/i><\/a>\n\t\t\t\t\t<p><img loading=\"lazy\" decoding=\"async\" src=\"https:\/\/www.miamibeachfl.gov\/wp-content\/uploads\/2023\/11\/402079088_757783753063040_7175118607854269112_n-300x251.jpg\" alt=\"\" width=\"300\" height=\"251\" \/>Nossa equipe de saneamento est\u00e1 trabalhando com a parceira de coleta de res\u00edduos Waste Connections para oferecer coleta gratuita de res\u00edduos de jardim a partir de sexta-feira, 17 de novembro, para moradores de Miami Beach em casas unifamiliares e pr\u00e9dios com 8 unidades ou menos.<\/p>\n<p>Os moradores podem deixar todos os res\u00edduos de jardim, incluindo galhos de \u00e1rvores, ramos, folhas de palmeira e outros detritos da tempestade, em pilhas na \u00e1rea da vala para serem recolhidos. Por favor, deixe os detritos em pilhas soltas - n\u00e3o os coloque em sacos de lixo.<\/p>\n<p>&nbsp;<\/p>\n\t\t\t\t\t<a href=\"#\"  id=\"fl-accordion--label-1\" tabindex=\"0\" aria-controls=\"fl-accordion--panel-1\">Fechamento de parques e instala\u00e7\u00f5es recreativas<\/a>\n\t\t\t\t\t\t\t\t\t\t\t<a href=\"#\" id=\"fl-accordion--icon-1\"  tabindex=\"0\"><i title=\"Expandir\">Expandir<\/i><\/a>\n\t\t\t\t\t<p>Os seguintes parques e instala\u00e7\u00f5es recreativas est\u00e3o temporariamente fechados para recupera\u00e7\u00e3o ap\u00f3s a tempestade:<\/p>\n<p><strong>Parques<\/strong><\/p>\n<ul>\n<li>Parque para c\u00e3es Fairway Park<\/li>\n<li>Est\u00e1dio de beisebol Flamingo Park<\/li>\n<li>Parque Infantil Mid-beach Park<\/li>\n<\/ul>\n<p><strong>Instala\u00e7\u00f5es<\/strong><\/p>\n<ul>\n<li>Clube de golfe de Miami Beach<\/li>\n<li>Campo de golfe Normandy Shores<\/li>\n<\/ul>\n\t\t\t\t\t<a href=\"#\"  id=\"fl-accordion--label-2\" tabindex=\"0\" aria-controls=\"fl-accordion--panel-2\">Dicas de seguran\u00e7a em caso de enchentes<\/a>\n\t\t\t\t\t\t\t\t\t\t\t<a href=\"#\" id=\"fl-accordion--icon-2\"  tabindex=\"0\"><i title=\"Expandir\">Expandir<\/i><\/a>\n\t\t\t\t\t<p>Nossa equipe de Obras P\u00fablicas est\u00e1 na comunidade respondendo a relatos de inunda\u00e7\u00f5es o mais r\u00e1pido poss\u00edvel e removendo entulhos de ruas e cal\u00e7adas. Os moradores devem ter cuidado ao sair de casa. Al\u00e9m da nossa infraestrutura de \u00e1guas pluviais existente, que inclui 48 esta\u00e7\u00f5es de bombeamento permanentes, a equipe de Obras P\u00fablicas possui esta\u00e7\u00f5es de bombeamento tempor\u00e1rias instaladas em \u00e1reas baixas.\u00a0<strong><a href=\"https:\/\/www.miamibeachfl.gov\/wp-content\/uploads\/2022\/11\/Fact-Sheet-Why-Extreme-Rain-Event-12.2019.pdf\" target=\"_blank\" rel=\"noopener\">Saiba mais sobre por que eventos extremos de chuva causam inunda\u00e7\u00f5es e como a chuva \u00e9 drenada atrav\u00e9s de nossos sistemas de bombeamento.<\/a><\/strong><\/p>\n<ul>\n<li>Podem ocorrer fechamentos de estradas devido a inunda\u00e7\u00f5es. Inscreva-se para receber nossas atualiza\u00e7\u00f5es de tr\u00e2nsito enviando uma mensagem de texto <strong>MBAlert<\/strong> para <strong>888777<\/strong>.<\/li>\n<li>N\u00e3o deixe de ter seguro contra enchentes para sua casa ou empresa.<strong>\u00a0<\/strong><a href=\"https:\/\/www.miamibeachfl.gov\/pt\/city-hall\/building\/local-flood-hazard-info\/flood-insurance\/\" target=\"_blank\" rel=\"noopener\"><strong>Saber mais<\/strong><\/a>.<\/li>\n<li>Evite o contato com \u00e1guas de enchentes. Pode haver perigos, como poluentes e detritos, que n\u00e3o s\u00e3o vis\u00edveis.<\/li>\n<li>Evite dirigir em \u00e1reas de enchentes para sua seguran\u00e7a e para evitar danos ao ve\u00edculo.<\/li>\n<li>Lave seu carro, incluindo a parte inferior, se ele entrar em contato com \u00e1guas de enchentes. As \u00e1guas das enchentes s\u00e3o muito salinas e podem danificar seu ve\u00edculo.<\/li>\n<li>Saber mais:\u00a0<strong><a href=\"https:\/\/www.miamibeachfl.gov\/wp-content\/uploads\/2020\/01\/Fact-Sheet-Floods-12.2019.pdf\" target=\"_blank\" rel=\"noopener\">O que fazer antes, durante e depois de uma inunda\u00e7\u00e3o<\/a><\/strong>.<\/li>\n<\/ul>\n\t\t\t\t\t<a href=\"#\"  id=\"fl-accordion--label-3\" tabindex=\"0\" aria-controls=\"fl-accordion--panel-3\">Estacionamento<\/a>\n\t\t\t\t\t\t\t\t\t\t\t<a href=\"#\" id=\"fl-accordion--icon-3\"  tabindex=\"0\"><i title=\"Expandir\">Expandir<\/i><\/a>\n\t\t\t\t\t<p>O Programa de Assist\u00eancia a Inunda\u00e7\u00f5es em Estacionamentos, que oferece acomoda\u00e7\u00f5es tempor\u00e1rias gratuitas para estacionamento, foi ativado.<\/p>\n<p>Os moradores registrados no programa devem ter recebido um e-mail com detalhes sobre o local de estacionamento atribu\u00eddo a eles.<\/p>\n<p><a href=\"https:\/\/www.miamibeachfl.gov\/pt\/city-hall\/parking\/residents-only\/parking-flood-relief-program\/\"><strong>Clique aqui<\/strong> <\/a>para mais informa\u00e7\u00f5es sobre o programa.<\/p>\n<p>&nbsp;<\/p>\n\t\t\t\t\t<a href=\"#\"  id=\"fl-accordion--label-4\" tabindex=\"0\" aria-controls=\"fl-accordion--panel-4\">E-mails<\/a>\n\t\t\t\t\t\t\t\t\t\t\t<a href=\"#\" id=\"fl-accordion--icon-4\"  tabindex=\"0\"><i title=\"Expandir\">Expandir<\/i><\/a>\n\t\t\t\t\t<p><a href=\"https:\/\/myemail.constantcontact.com\/Stay-Safe-and-Report-Flooding.html?soid=1011085968389&amp;aid=Q-8L61yu_DU\">Mantenha-se em seguran\u00e7a e reporte inunda\u00e7\u00f5es \u2013 16\/11\/2023\u00a0<\/a><\/p>\n<p><a href=\"https:\/\/myemail.constantcontact.com\/Storm-Recovery--Closures-and-Other-Important-Information.html?soid=1011085968389&amp;aid=QA9tQeDbud8\">Recupera\u00e7\u00e3o ap\u00f3s a tempestade: Fechamentos e outras informa\u00e7\u00f5es importantes \u2013 Atualiza\u00e7\u00e3o da tarde de 16\/11\/2023<\/a><\/p>\n\t\t\t<a href=\"\" target=\"_blank\" rel=\"noopener\">\n\t\t\t\t\t\t\tMantenha-se conectado e informado \n\t\t\t\t\t<\/a>\n\t<p>Siga-nos em\u00a0<strong><a href=\"http:\/\/www.facebook.com\/CityofMiamiBeach\" target=\"_blank\" rel=\"noopener\">Facebook<\/a><\/strong>,\u00a0<strong><a href=\"https:\/\/nextdoor.com\/agency-detail\/fl\/miami-beach\/city-of-miami-beach\/\" target=\"_blank\" rel=\"noopener\">Ao lado<\/a><\/strong>\u00a0e<strong>\u00a0<a href=\"http:\/\/www.twitter.com\/MiamiBeachNews\" target=\"_blank\" rel=\"noopener\">X<\/a> <\/strong>para atualiza\u00e7\u00f5es em tempo real.<\/p>\n<p>Texto <strong>MBAlert<\/strong> para <strong>888777<\/strong> para receber alertas de emerg\u00eancia por mensagem de texto.<\/p>","protected":false},"excerpt":{"rendered":"<p>Storm Recovery Important Information If you come across any debris or flooding that obstructs access to public or private property, [&hellip;]<\/p>\n","protected":false},"author":222,"featured_media":0,"parent":0,"menu_order":62,"comment_status":"closed","ping_status":"closed","template":"","meta":{"_searchwp_excluded":"","site-sidebar-layout":"default","site-content-layout":"","ast-site-content-layout":"default","site-content-style":"default","site-sidebar-style":"default","ast-global-header-display":"","ast-banner-title-visibility":"","ast-main-header-display":"","ast-hfb-above-header-display":"","ast-hfb-below-header-display":"","ast-hfb-mobile-header-display":"","site-post-title":"","ast-breadcrumbs-content":"","ast-featured-img":"","footer-sml-layout":"","ast-disable-related-posts":"","theme-transparent-header-meta":"","adv-header-id-meta":"","stick-header-meta":"","header-above-stick-meta":"","header-main-stick-meta":"","header-below-stick-meta":"","astra-migrate-meta-layouts":"default","ast-page-background-enabled":"default","ast-page-background-meta":{"desktop":{"background-color":"var(--ast-global-color-5)","background-image":"","background-repeat":"repeat","background-position":"center center","background-size":"auto","background-attachment":"scroll","background-type":"","background-media":"","overlay-type":"","overlay-color":"","overlay-opacity":"","overlay-gradient":""},"tablet":{"background-color":"","background-image":"","background-repeat":"repeat","background-position":"center center","background-size":"auto","background-attachment":"scroll","background-type":"","background-media":"","overlay-type":"","overlay-color":"","overlay-opacity":"","overlay-gradient":""},"mobile":{"background-color":"","background-image":"","background-repeat":"repeat","background-position":"center center","background-size":"auto","background-attachment":"scroll","background-type":"","background-media":"","overlay-type":"","overlay-color":"","overlay-opacity":"","overlay-gradient":""}},"ast-content-background-meta":{"desktop":{"background-color":"var(--ast-global-color-4)","background-image":"","background-repeat":"repeat","background-position":"center center","background-size":"auto","background-attachment":"scroll","background-type":"","background-media":"","overlay-type":"","overlay-color":"","overlay-opacity":"","overlay-gradient":""},"tablet":{"background-color":"var(--ast-global-color-4)","background-image":"","background-repeat":"repeat","background-position":"center center","background-size":"auto","background-attachment":"scroll","background-type":"","background-media":"","overlay-type":"","overlay-color":"","overlay-opacity":"","overlay-gradient":""},"mobile":{"background-color":"var(--ast-global-color-4)","background-image":"","background-repeat":"repeat","background-position":"center center","background-size":"auto","background-attachment":"scroll","background-type":"","background-media":"","overlay-type":"","overlay-color":"","overlay-opacity":"","overlay-gradient":""}},"footnotes":""},"categories":[],"tags":[],"class_list":["post-280565","page","type-page","status-publish","hentry"],"yoast_head":"<!-- This site is optimized with the Yoast SEO Premium plugin v27.4 (Yoast SEO v27.4) - https:\/\/yoast.com\/product\/yoast-seo-premium-wordpress\/ -->\n<title>Storm Recovery - City of Miami Beach<\/title>\n<meta name=\"description\" content=\"Hurricane season still runs through Nov. 1. It is important to stay prepared.\" \/>\n<meta name=\"robots\" content=\"index, follow, max-snippet:-1, max-image-preview:large, max-video-preview:-1\" \/>\n<link rel=\"canonical\" href=\"https:\/\/www.miamibeachfl.gov\/pt\/stormrecovery\/\" \/>\n<meta property=\"og:locale\" content=\"pt_BR\" \/>\n<meta property=\"og:type\" content=\"article\" \/>\n<meta property=\"og:title\" content=\"Storm Recovery\" \/>\n<meta property=\"og:description\" content=\"Hurricane season still runs through Nov. 1. It is important to stay prepared.\" \/>\n<meta property=\"og:url\" content=\"https:\/\/www.miamibeachfl.gov\/pt\/stormrecovery\/\" \/>\n<meta property=\"og:site_name\" content=\"City of Miami Beach\" \/>\n<meta property=\"article:publisher\" content=\"https:\/\/www.facebook.com\/cityofmiamibeach\" \/>\n<meta property=\"article:modified_time\" content=\"2025-06-02T02:10:44+00:00\" \/>\n<meta property=\"og:image\" content=\"https:\/\/www.miamibeachfl.gov\/wp-content\/uploads\/2023\/11\/flooding.gif\" \/>\n<meta name=\"twitter:card\" content=\"summary_large_image\" \/>\n<meta name=\"twitter:site\" content=\"@Miamibeachnews\" \/>\n<script type=\"application\/ld+json\" class=\"yoast-schema-graph\">{\"@context\":\"https:\\\/\\\/schema.org\",\"@graph\":[{\"@type\":\"WebPage\",\"@id\":\"https:\\\/\\\/www.miamibeachfl.gov\\\/stormrecovery\\\/\",\"url\":\"https:\\\/\\\/www.miamibeachfl.gov\\\/stormrecovery\\\/\",\"name\":\"Storm Recovery - City of Miami Beach\",\"isPartOf\":{\"@id\":\"https:\\\/\\\/www.miamibeachfl.gov\\\/#website\"},\"primaryImageOfPage\":{\"@id\":\"https:\\\/\\\/www.miamibeachfl.gov\\\/stormrecovery\\\/#primaryimage\"},\"image\":{\"@id\":\"https:\\\/\\\/www.miamibeachfl.gov\\\/stormrecovery\\\/#primaryimage\"},\"thumbnailUrl\":\"https:\\\/\\\/www.miamibeachfl.gov\\\/wp-content\\\/uploads\\\/2023\\\/11\\\/flooding.gif\",\"datePublished\":\"2023-11-16T16:43:20+00:00\",\"dateModified\":\"2025-06-02T02:10:44+00:00\",\"description\":\"Hurricane season still runs through Nov. 1. It is important to stay prepared.\",\"breadcrumb\":{\"@id\":\"https:\\\/\\\/www.miamibeachfl.gov\\\/stormrecovery\\\/#breadcrumb\"},\"inLanguage\":\"pt-BR\",\"potentialAction\":[{\"@type\":\"ReadAction\",\"target\":[\"https:\\\/\\\/www.miamibeachfl.gov\\\/stormrecovery\\\/\"]}]},{\"@type\":\"ImageObject\",\"inLanguage\":\"pt-BR\",\"@id\":\"https:\\\/\\\/www.miamibeachfl.gov\\\/stormrecovery\\\/#primaryimage\",\"url\":\"https:\\\/\\\/www.miamibeachfl.gov\\\/wp-content\\\/uploads\\\/2023\\\/11\\\/flooding.gif\",\"contentUrl\":\"https:\\\/\\\/www.miamibeachfl.gov\\\/wp-content\\\/uploads\\\/2023\\\/11\\\/flooding.gif\"},{\"@type\":\"BreadcrumbList\",\"@id\":\"https:\\\/\\\/www.miamibeachfl.gov\\\/stormrecovery\\\/#breadcrumb\",\"itemListElement\":[{\"@type\":\"ListItem\",\"position\":1,\"name\":\"Home\",\"item\":\"https:\\\/\\\/www.miamibeachfl.gov\\\/\"},{\"@type\":\"ListItem\",\"position\":2,\"name\":\"Storm Recovery\"}]},{\"@type\":\"WebSite\",\"@id\":\"https:\\\/\\\/www.miamibeachfl.gov\\\/#website\",\"url\":\"https:\\\/\\\/www.miamibeachfl.gov\\\/\",\"name\":\"City of Miami Beach\",\"description\":\"The official website of the City of Miami Beach. Stay informed, find important information on city services, news, alerts, events, trolley routes, government employment and more.\",\"publisher\":{\"@id\":\"https:\\\/\\\/www.miamibeachfl.gov\\\/#organization\"},\"potentialAction\":[{\"@type\":\"SearchAction\",\"target\":{\"@type\":\"EntryPoint\",\"urlTemplate\":\"https:\\\/\\\/www.miamibeachfl.gov\\\/?s={search_term_string}\"},\"query-input\":{\"@type\":\"PropertyValueSpecification\",\"valueRequired\":true,\"valueName\":\"search_term_string\"}}],\"inLanguage\":\"pt-BR\"},{\"@type\":\"Organization\",\"@id\":\"https:\\\/\\\/www.miamibeachfl.gov\\\/#organization\",\"name\":\"City of Miami Beach\",\"url\":\"https:\\\/\\\/www.miamibeachfl.gov\\\/\",\"logo\":{\"@type\":\"ImageObject\",\"inLanguage\":\"pt-BR\",\"@id\":\"https:\\\/\\\/www.miamibeachfl.gov\\\/#\\\/schema\\\/logo\\\/image\\\/\",\"url\":\"https:\\\/\\\/www.miamibeachfl.gov\\\/wp-content\\\/uploads\\\/2022\\\/06\\\/miamibeach-logoblue.png\",\"contentUrl\":\"https:\\\/\\\/www.miamibeachfl.gov\\\/wp-content\\\/uploads\\\/2022\\\/06\\\/miamibeach-logoblue.png\",\"width\":1962,\"height\":381,\"caption\":\"City of Miami Beach\"},\"image\":{\"@id\":\"https:\\\/\\\/www.miamibeachfl.gov\\\/#\\\/schema\\\/logo\\\/image\\\/\"},\"sameAs\":[\"https:\\\/\\\/www.facebook.com\\\/cityofmiamibeach\",\"https:\\\/\\\/x.com\\\/Miamibeachnews\",\"https:\\\/\\\/www.instagram.com\\\/miamibeachnews\\\/\"],\"description\":\"The official website of the City of Miami Beach. Stay informed, find important information on city services, news, alerts, events, trolley routes, government employment and more.\",\"telephone\":\"305.604.CITY(2489)\",\"legalName\":\"City of Miami Beach\"}]}<\/script>\n<!-- \/ Yoast SEO Premium plugin. -->","yoast_head_json":{"title":"Recupera\u00e7\u00e3o p\u00f3s-tempestade - Cidade de Miami Beach","description":"A temporada de furac\u00f5es continua at\u00e9 1\u00ba de novembro. \u00c9 importante estar preparado.","robots":{"index":"index","follow":"follow","max-snippet":"max-snippet:-1","max-image-preview":"max-image-preview:large","max-video-preview":"max-video-preview:-1"},"canonical":"https:\/\/www.miamibeachfl.gov\/pt\/stormrecovery\/","og_locale":"pt_BR","og_type":"article","og_title":"Storm Recovery","og_description":"Hurricane season still runs through Nov. 1. It is important to stay prepared.","og_url":"https:\/\/www.miamibeachfl.gov\/pt\/stormrecovery\/","og_site_name":"City of Miami Beach","article_publisher":"https:\/\/www.facebook.com\/cityofmiamibeach","article_modified_time":"2025-06-02T02:10:44+00:00","og_image":[{"url":"https:\/\/www.miamibeachfl.gov\/wp-content\/uploads\/2023\/11\/flooding.gif","type":"","width":"","height":""}],"twitter_card":"summary_large_image","twitter_site":"@Miamibeachnews","schema":{"@context":"https:\/\/schema.org","@graph":[{"@type":"WebPage","@id":"https:\/\/www.miamibeachfl.gov\/stormrecovery\/","url":"https:\/\/www.miamibeachfl.gov\/stormrecovery\/","name":"Recupera\u00e7\u00e3o p\u00f3s-tempestade - Cidade de Miami Beach","isPartOf":{"@id":"https:\/\/www.miamibeachfl.gov\/#website"},"primaryImageOfPage":{"@id":"https:\/\/www.miamibeachfl.gov\/stormrecovery\/#primaryimage"},"image":{"@id":"https:\/\/www.miamibeachfl.gov\/stormrecovery\/#primaryimage"},"thumbnailUrl":"https:\/\/www.miamibeachfl.gov\/wp-content\/uploads\/2023\/11\/flooding.gif","datePublished":"2023-11-16T16:43:20+00:00","dateModified":"2025-06-02T02:10:44+00:00","description":"A temporada de furac\u00f5es continua at\u00e9 1\u00ba de novembro. \u00c9 importante estar preparado.","breadcrumb":{"@id":"https:\/\/www.miamibeachfl.gov\/stormrecovery\/#breadcrumb"},"inLanguage":"pt-BR","potentialAction":[{"@type":"ReadAction","target":["https:\/\/www.miamibeachfl.gov\/stormrecovery\/"]}]},{"@type":"ImageObject","inLanguage":"pt-BR","@id":"https:\/\/www.miamibeachfl.gov\/stormrecovery\/#primaryimage","url":"https:\/\/www.miamibeachfl.gov\/wp-content\/uploads\/2023\/11\/flooding.gif","contentUrl":"https:\/\/www.miamibeachfl.gov\/wp-content\/uploads\/2023\/11\/flooding.gif"},{"@type":"BreadcrumbList","@id":"https:\/\/www.miamibeachfl.gov\/stormrecovery\/#breadcrumb","itemListElement":[{"@type":"ListItem","position":1,"name":"Home","item":"https:\/\/www.miamibeachfl.gov\/"},{"@type":"ListItem","position":2,"name":"Storm Recovery"}]},{"@type":"WebSite","@id":"https:\/\/www.miamibeachfl.gov\/#website","url":"https:\/\/www.miamibeachfl.gov\/","name":"Cidade de Miami Beach","description":"Site oficial da cidade de Miami Beach. Mantenha-se informado e encontre informa\u00e7\u00f5es importantes sobre servi\u00e7os municipais, not\u00edcias, alertas, eventos, rotas de bonde, empregos p\u00fablicos e muito mais.","publisher":{"@id":"https:\/\/www.miamibeachfl.gov\/#organization"},"potentialAction":[{"@type":"SearchAction","target":{"@type":"EntryPoint","urlTemplate":"https:\/\/www.miamibeachfl.gov\/?s={search_term_string}"},"query-input":{"@type":"PropertyValueSpecification","valueRequired":true,"valueName":"search_term_string"}}],"inLanguage":"pt-BR"},{"@type":"Organization","@id":"https:\/\/www.miamibeachfl.gov\/#organization","name":"Cidade de Miami Beach","url":"https:\/\/www.miamibeachfl.gov\/","logo":{"@type":"ImageObject","inLanguage":"pt-BR","@id":"https:\/\/www.miamibeachfl.gov\/#\/schema\/logo\/image\/","url":"https:\/\/www.miamibeachfl.gov\/wp-content\/uploads\/2022\/06\/miamibeach-logoblue.png","contentUrl":"https:\/\/www.miamibeachfl.gov\/wp-content\/uploads\/2022\/06\/miamibeach-logoblue.png","width":1962,"height":381,"caption":"City of Miami Beach"},"image":{"@id":"https:\/\/www.miamibeachfl.gov\/#\/schema\/logo\/image\/"},"sameAs":["https:\/\/www.facebook.com\/cityofmiamibeach","https:\/\/x.com\/Miamibeachnews","https:\/\/www.instagram.com\/miamibeachnews\/"],"description":"Site oficial da cidade de Miami Beach. Mantenha-se informado e encontre informa\u00e7\u00f5es importantes sobre servi\u00e7os municipais, not\u00edcias, alertas, eventos, rotas de bonde, empregos p\u00fablicos e muito mais.","telephone":"305.604.CITY(2489)","legalName":"City of Miami Beach"}]}},"_links":{"self":[{"href":"https:\/\/www.miamibeachfl.gov\/pt\/wp-json\/wp\/v2\/pages\/280565","targetHints":{"allow":["GET"]}}],"collection":[{"href":"https:\/\/www.miamibeachfl.gov\/pt\/wp-json\/wp\/v2\/pages"}],"about":[{"href":"https:\/\/www.miamibeachfl.gov\/pt\/wp-json\/wp\/v2\/types\/page"}],"author":[{"embeddable":true,"href":"https:\/\/www.miamibeachfl.gov\/pt\/wp-json\/wp\/v2\/users\/222"}],"replies":[{"embeddable":true,"href":"https:\/\/www.miamibeachfl.gov\/pt\/wp-json\/wp\/v2\/comments?post=280565"}],"version-history":[{"count":2,"href":"https:\/\/www.miamibeachfl.gov\/pt\/wp-json\/wp\/v2\/pages\/280565\/revisions"}],"predecessor-version":[{"id":387197,"href":"https:\/\/www.miamibeachfl.gov\/pt\/wp-json\/wp\/v2\/pages\/280565\/revisions\/387197"}],"wp:attachment":[{"href":"https:\/\/www.miamibeachfl.gov\/pt\/wp-json\/wp\/v2\/media?parent=280565"}],"wp:term":[{"taxonomy":"category","embeddable":true,"href":"https:\/\/www.miamibeachfl.gov\/pt\/wp-json\/wp\/v2\/categories?post=280565"},{"taxonomy":"post_tag","embeddable":true,"href":"https:\/\/www.miamibeachfl.gov\/pt\/wp-json\/wp\/v2\/tags?post=280565"}],"curies":[{"name":"wp","href":"https:\/\/api.w.org\/{rel}","templated":true}]}}