{"id":281409,"date":"2023-12-01T09:26:25","date_gmt":"2023-12-01T14:26:25","guid":{"rendered":"https:\/\/www.miamibeachfl.gov\/?page_id=281409"},"modified":"2025-05-25T10:49:29","modified_gmt":"2025-05-25T14:49:29","slug":"stevenhrothstein","status":"publish","type":"page","link":"https:\/\/www.miamibeachfl.gov\/pt\/city-hall\/city-attorney\/attorneys\/stevenhrothstein\/","title":{"rendered":"Steven H. Rothstein <br> Procurador-adjunto da cidade"},"content":{"rendered":"<h1>\n\t\t\tSteven H. Rothstein\t<\/h1>\n<h1>\n\t\t\tProcurador-adjunto da cidade\t<\/h1>\nProcurador da Cidade\t\t\t\n\t\t\t\t\t<ul id=\"menu-city-attorney\"><li id=\"menu-item-281297\"><a href=\"\/pt\/city-hall\/city-attorney\/\">P\u00e1gina inicial do procurador da cidade<\/a><\/li>\n<li id=\"menu-item-281298\"><a href=\"\/pt\/city-hall\/city-attorney\/attorneys\/\">Advogados<\/a><\/li>\n<li id=\"menu-item-281299\"><a href=\"\/pt\/city-hall\/city-attorney\/internships\/\">Est\u00e1gios<\/a><\/li>\n<li id=\"menu-item-281302\"><a href=\"\/pt\/city-hall\/city-attorney\/history-of-previous-attorneys\/\">Ex-procuradores da cidade<\/a><\/li>\n<\/ul>\t\nProcurador da Cidade \u00d7\t\t\t\t\t\t<ul id=\"menu-city-attorney-1\"><li id=\"menu-item-281297\"><a href=\"\/pt\/city-hall\/city-attorney\/\">P\u00e1gina inicial do procurador da cidade<\/a><\/li>\n<li id=\"menu-item-281298\"><a href=\"\/pt\/city-hall\/city-attorney\/attorneys\/\">Advogados<\/a><\/li>\n<li id=\"menu-item-281299\"><a href=\"\/pt\/city-hall\/city-attorney\/internships\/\">Est\u00e1gios<\/a><\/li>\n<li id=\"menu-item-281302\"><a href=\"\/pt\/city-hall\/city-attorney\/history-of-previous-attorneys\/\">Ex-procuradores da cidade<\/a><\/li>\n<\/ul>\t\t\t\t\n\t\t\t\t<img decoding=\"async\" src=\"https:\/\/www.miamibeachfl.gov\/wp-content\/uploads\/bb-plugin\/cache\/StevenHRothstein-Circle-circle.png\" alt=\"Steven Rothstein\" title=\"StevenHRothstein-Circle\" itemprop=\"image\"\/>\n\t\t<h2>\n\t\t\tNovos Uniformes\t<\/h2>\n\t<p><strong>Educa\u00e7\u00e3o:\u00a0<\/strong>SUNY Albany, (BS, 1984 com honras); Universidade de Miami, (JD, 1987)<\/p>\n<strong>Membro:\u00a0<\/strong>Ordem dos Advogados da Fl\u00f3rida (1987); Associa\u00e7\u00e3o Americana de Advogados; Tribunal Distrital dos EUA, Distrito Sul da Fl\u00f3rida. Ap\u00f3s se formar pela Faculdade de Direito da Universidade de Miami, o Sr. Rothstein iniciou sua carreira jur\u00eddica como associado no escrit\u00f3rio Freshman, Freshman &amp; Traitz (1987-1989), onde atuou na \u00e1rea de contencioso c\u00edvel. De 1989 a 1997, o Sr. Rothstein foi associado no escrit\u00f3rio de advocacia Robert A. Romagna, Pensilv\u00e2nia, onde continuou a atuar na \u00e1rea de contencioso c\u00edvel. Antes de ingressar no escrit\u00f3rio do Procurador da Cidade, o Sr. Rothstein foi associado no escrit\u00f3rio Smith &amp; Supraski, Pensilv\u00e2nia (1997-2006), onde atuou na \u00e1rea de contencioso c\u00edvel, de financiamento de empr\u00e9stimos, de constru\u00e7\u00e3o e comercial, direito condominial, direito locat\u00edcio e direito imobili\u00e1rio.","protected":false},"excerpt":{"rendered":"<p>Steven H. Rothstein Deputy City Attorney City Attorney City Attorney Home Attorneys Internships Past City Attorneys City Attorney \u00d7 City [&hellip;]<\/p>\n","protected":false},"author":222,"featured_media":281410,"parent":281293,"menu_order":10,"comment_status":"closed","ping_status":"closed","template":"","meta":{"_searchwp_excluded":"","site-sidebar-layout":"default","site-content-layout":"","ast-site-content-layout":"default","site-content-style":"default","site-sidebar-style":"default","ast-global-header-display":"","ast-banner-title-visibility":"","ast-main-header-display":"","ast-hfb-above-header-display":"","ast-hfb-below-header-display":"","ast-hfb-mobile-header-display":"","site-post-title":"","ast-breadcrumbs-content":"","ast-featured-img":"","footer-sml-layout":"","theme-transparent-header-meta":"","adv-header-id-meta":"","stick-header-meta":"","header-above-stick-meta":"","header-main-stick-meta":"","header-below-stick-meta":"","astra-migrate-meta-layouts":"default","ast-page-background-enabled":"default","ast-page-background-meta":{"desktop":{"background-color":"var(--ast-global-color-5)","background-image":"","background-repeat":"repeat","background-position":"center center","background-size":"auto","background-attachment":"scroll","background-type":"","background-media":"","overlay-type":"","overlay-color":"","overlay-opacity":"","overlay-gradient":""},"tablet":{"background-color":"","background-image":"","background-repeat":"repeat","background-position":"center center","background-size":"auto","background-attachment":"scroll","background-type":"","background-media":"","overlay-type":"","overlay-color":"","overlay-opacity":"","overlay-gradient":""},"mobile":{"background-color":"","background-image":"","background-repeat":"repeat","background-position":"center center","background-size":"auto","background-attachment":"scroll","background-type":"","background-media":"","overlay-type":"","overlay-color":"","overlay-opacity":"","overlay-gradient":""}},"ast-content-background-meta":{"desktop":{"background-color":"var(--ast-global-color-4)","background-image":"","background-repeat":"repeat","background-position":"center center","background-size":"auto","background-attachment":"scroll","background-type":"","background-media":"","overlay-type":"","overlay-color":"","overlay-opacity":"","overlay-gradient":""},"tablet":{"background-color":"var(--ast-global-color-4)","background-image":"","background-repeat":"repeat","background-position":"center center","background-size":"auto","background-attachment":"scroll","background-type":"","background-media":"","overlay-type":"","overlay-color":"","overlay-opacity":"","overlay-gradient":""},"mobile":{"background-color":"var(--ast-global-color-4)","background-image":"","background-repeat":"repeat","background-position":"center center","background-size":"auto","background-attachment":"scroll","background-type":"","background-media":"","overlay-type":"","overlay-color":"","overlay-opacity":"","overlay-gradient":""}},"footnotes":""},"categories":[],"tags":[1132,1135],"class_list":["post-281409","page","type-page","status-publish","has-post-thumbnail","hentry","tag-city-attorneys","tag-steven-rothstein-attorney"],"yoast_head":"<!-- This site is optimized with the Yoast SEO Premium plugin v27.4 (Yoast SEO v27.4) - https:\/\/yoast.com\/product\/yoast-seo-premium-wordpress\/ -->\n<title>Steven H. Rothstein  Deputy City Attorney - City of Miami Beach<\/title>\n<meta name=\"description\" content=\"City of Miami Beach Attorney\" \/>\n<meta name=\"robots\" content=\"index, follow, max-snippet:-1, max-image-preview:large, max-video-preview:-1\" \/>\n<link rel=\"canonical\" href=\"https:\/\/www.miamibeachfl.gov\/pt\/city-hall\/city-attorney\/attorneys\/stevenhrothstein\/\" \/>\n<meta property=\"og:locale\" content=\"pt_BR\" \/>\n<meta property=\"og:type\" content=\"article\" \/>\n<meta property=\"og:title\" content=\"Steven H. Rothstein  Deputy City Attorney\" \/>\n<meta property=\"og:description\" content=\"City of Miami Beach Attorney\" \/>\n<meta property=\"og:url\" content=\"https:\/\/www.miamibeachfl.gov\/pt\/city-hall\/city-attorney\/attorneys\/stevenhrothstein\/\" \/>\n<meta property=\"og:site_name\" content=\"City of Miami Beach\" \/>\n<meta property=\"article:publisher\" content=\"https:\/\/www.facebook.com\/cityofmiamibeach\" \/>\n<meta property=\"article:modified_time\" content=\"2025-05-25T14:49:29+00:00\" \/>\n<meta property=\"og:image\" content=\"https:\/\/www.miamibeachfl.gov\/wp-content\/uploads\/2023\/12\/StevenHRothstein-Circle.png\" \/>\n\t<meta property=\"og:image:width\" content=\"250\" \/>\n\t<meta property=\"og:image:height\" content=\"250\" \/>\n\t<meta property=\"og:image:type\" content=\"image\/png\" \/>\n<meta name=\"twitter:card\" content=\"summary_large_image\" \/>\n<meta name=\"twitter:site\" content=\"@Miamibeachnews\" \/>\n<script type=\"application\/ld+json\" class=\"yoast-schema-graph\">{\"@context\":\"https:\\\/\\\/schema.org\",\"@graph\":[{\"@type\":\"WebPage\",\"@id\":\"https:\\\/\\\/www.miamibeachfl.gov\\\/city-hall\\\/city-attorney\\\/attorneys\\\/stevenhrothstein\\\/\",\"url\":\"https:\\\/\\\/www.miamibeachfl.gov\\\/city-hall\\\/city-attorney\\\/attorneys\\\/stevenhrothstein\\\/\",\"name\":\"Steven H. Rothstein Deputy City Attorney - City of Miami Beach\",\"isPartOf\":{\"@id\":\"https:\\\/\\\/www.miamibeachfl.gov\\\/#website\"},\"primaryImageOfPage\":{\"@id\":\"https:\\\/\\\/www.miamibeachfl.gov\\\/city-hall\\\/city-attorney\\\/attorneys\\\/stevenhrothstein\\\/#primaryimage\"},\"image\":{\"@id\":\"https:\\\/\\\/www.miamibeachfl.gov\\\/city-hall\\\/city-attorney\\\/attorneys\\\/stevenhrothstein\\\/#primaryimage\"},\"thumbnailUrl\":\"https:\\\/\\\/www.miamibeachfl.gov\\\/wp-content\\\/uploads\\\/2023\\\/12\\\/StevenHRothstein-Circle.png\",\"datePublished\":\"2023-12-01T14:26:25+00:00\",\"dateModified\":\"2025-05-25T14:49:29+00:00\",\"description\":\"City of Miami Beach Attorney\",\"breadcrumb\":{\"@id\":\"https:\\\/\\\/www.miamibeachfl.gov\\\/city-hall\\\/city-attorney\\\/attorneys\\\/stevenhrothstein\\\/#breadcrumb\"},\"inLanguage\":\"pt-BR\",\"potentialAction\":[{\"@type\":\"ReadAction\",\"target\":[\"https:\\\/\\\/www.miamibeachfl.gov\\\/city-hall\\\/city-attorney\\\/attorneys\\\/stevenhrothstein\\\/\"]}]},{\"@type\":\"ImageObject\",\"inLanguage\":\"pt-BR\",\"@id\":\"https:\\\/\\\/www.miamibeachfl.gov\\\/city-hall\\\/city-attorney\\\/attorneys\\\/stevenhrothstein\\\/#primaryimage\",\"url\":\"https:\\\/\\\/www.miamibeachfl.gov\\\/wp-content\\\/uploads\\\/2023\\\/12\\\/StevenHRothstein-Circle.png\",\"contentUrl\":\"https:\\\/\\\/www.miamibeachfl.gov\\\/wp-content\\\/uploads\\\/2023\\\/12\\\/StevenHRothstein-Circle.png\",\"width\":250,\"height\":250,\"caption\":\"Steven Rothstein\"},{\"@type\":\"BreadcrumbList\",\"@id\":\"https:\\\/\\\/www.miamibeachfl.gov\\\/city-hall\\\/city-attorney\\\/attorneys\\\/stevenhrothstein\\\/#breadcrumb\",\"itemListElement\":[{\"@type\":\"ListItem\",\"position\":1,\"name\":\"Home\",\"item\":\"https:\\\/\\\/www.miamibeachfl.gov\\\/\"},{\"@type\":\"ListItem\",\"position\":2,\"name\":\"City Hall\",\"item\":\"https:\\\/\\\/www.miamibeachfl.gov\\\/city-hall\\\/\"},{\"@type\":\"ListItem\",\"position\":3,\"name\":\"City Attorney\",\"item\":\"https:\\\/\\\/www.miamibeachfl.gov\\\/city-hall\\\/city-attorney\\\/\"},{\"@type\":\"ListItem\",\"position\":4,\"name\":\"City of Miami Beach Attorneys\",\"item\":\"https:\\\/\\\/www.miamibeachfl.gov\\\/city-hall\\\/city-attorney\\\/attorneys\\\/\"},{\"@type\":\"ListItem\",\"position\":5,\"name\":\"Steven H. Rothstein Deputy City Attorney\"}]},{\"@type\":\"WebSite\",\"@id\":\"https:\\\/\\\/www.miamibeachfl.gov\\\/#website\",\"url\":\"https:\\\/\\\/www.miamibeachfl.gov\\\/\",\"name\":\"City of Miami Beach\",\"description\":\"The official website of the City of Miami Beach. Stay informed, find important information on city services, news, alerts, events, trolley routes, government employment and more.\",\"publisher\":{\"@id\":\"https:\\\/\\\/www.miamibeachfl.gov\\\/#organization\"},\"potentialAction\":[{\"@type\":\"SearchAction\",\"target\":{\"@type\":\"EntryPoint\",\"urlTemplate\":\"https:\\\/\\\/www.miamibeachfl.gov\\\/?s={search_term_string}\"},\"query-input\":{\"@type\":\"PropertyValueSpecification\",\"valueRequired\":true,\"valueName\":\"search_term_string\"}}],\"inLanguage\":\"pt-BR\"},{\"@type\":\"Organization\",\"@id\":\"https:\\\/\\\/www.miamibeachfl.gov\\\/#organization\",\"name\":\"City of Miami Beach\",\"url\":\"https:\\\/\\\/www.miamibeachfl.gov\\\/\",\"logo\":{\"@type\":\"ImageObject\",\"inLanguage\":\"pt-BR\",\"@id\":\"https:\\\/\\\/www.miamibeachfl.gov\\\/#\\\/schema\\\/logo\\\/image\\\/\",\"url\":\"https:\\\/\\\/www.miamibeachfl.gov\\\/wp-content\\\/uploads\\\/2022\\\/06\\\/miamibeach-logoblue.png\",\"contentUrl\":\"https:\\\/\\\/www.miamibeachfl.gov\\\/wp-content\\\/uploads\\\/2022\\\/06\\\/miamibeach-logoblue.png\",\"width\":1962,\"height\":381,\"caption\":\"City of Miami Beach\"},\"image\":{\"@id\":\"https:\\\/\\\/www.miamibeachfl.gov\\\/#\\\/schema\\\/logo\\\/image\\\/\"},\"sameAs\":[\"https:\\\/\\\/www.facebook.com\\\/cityofmiamibeach\",\"https:\\\/\\\/x.com\\\/Miamibeachnews\",\"https:\\\/\\\/www.instagram.com\\\/miamibeachnews\\\/\"],\"description\":\"The official website of the City of Miami Beach. Stay informed, find important information on city services, news, alerts, events, trolley routes, government employment and more.\",\"telephone\":\"305.604.CITY(2489)\",\"legalName\":\"City of Miami Beach\"}]}<\/script>\n<!-- \/ Yoast SEO Premium plugin. -->","yoast_head_json":{"title":"Steven H. Rothstein Procurador-Geral Adjunto da Cidade - Cidade de Miami Beach","description":"Advogado da Cidade de Miami Beach","robots":{"index":"index","follow":"follow","max-snippet":"max-snippet:-1","max-image-preview":"max-image-preview:large","max-video-preview":"max-video-preview:-1"},"canonical":"https:\/\/www.miamibeachfl.gov\/pt\/city-hall\/city-attorney\/attorneys\/stevenhrothstein\/","og_locale":"pt_BR","og_type":"article","og_title":"Steven H. Rothstein  Deputy City Attorney","og_description":"City of Miami Beach Attorney","og_url":"https:\/\/www.miamibeachfl.gov\/pt\/city-hall\/city-attorney\/attorneys\/stevenhrothstein\/","og_site_name":"City of Miami Beach","article_publisher":"https:\/\/www.facebook.com\/cityofmiamibeach","article_modified_time":"2025-05-25T14:49:29+00:00","og_image":[{"width":250,"height":250,"url":"https:\/\/www.miamibeachfl.gov\/wp-content\/uploads\/2023\/12\/StevenHRothstein-Circle.png","type":"image\/png"}],"twitter_card":"summary_large_image","twitter_site":"@Miamibeachnews","schema":{"@context":"https:\/\/schema.org","@graph":[{"@type":"WebPage","@id":"https:\/\/www.miamibeachfl.gov\/city-hall\/city-attorney\/attorneys\/stevenhrothstein\/","url":"https:\/\/www.miamibeachfl.gov\/city-hall\/city-attorney\/attorneys\/stevenhrothstein\/","name":"Steven H. Rothstein Procurador-Geral Adjunto da Cidade - Cidade de Miami Beach","isPartOf":{"@id":"https:\/\/www.miamibeachfl.gov\/#website"},"primaryImageOfPage":{"@id":"https:\/\/www.miamibeachfl.gov\/city-hall\/city-attorney\/attorneys\/stevenhrothstein\/#primaryimage"},"image":{"@id":"https:\/\/www.miamibeachfl.gov\/city-hall\/city-attorney\/attorneys\/stevenhrothstein\/#primaryimage"},"thumbnailUrl":"https:\/\/www.miamibeachfl.gov\/wp-content\/uploads\/2023\/12\/StevenHRothstein-Circle.png","datePublished":"2023-12-01T14:26:25+00:00","dateModified":"2025-05-25T14:49:29+00:00","description":"Advogado da Cidade de Miami Beach","breadcrumb":{"@id":"https:\/\/www.miamibeachfl.gov\/city-hall\/city-attorney\/attorneys\/stevenhrothstein\/#breadcrumb"},"inLanguage":"pt-BR","potentialAction":[{"@type":"ReadAction","target":["https:\/\/www.miamibeachfl.gov\/city-hall\/city-attorney\/attorneys\/stevenhrothstein\/"]}]},{"@type":"ImageObject","inLanguage":"pt-BR","@id":"https:\/\/www.miamibeachfl.gov\/city-hall\/city-attorney\/attorneys\/stevenhrothstein\/#primaryimage","url":"https:\/\/www.miamibeachfl.gov\/wp-content\/uploads\/2023\/12\/StevenHRothstein-Circle.png","contentUrl":"https:\/\/www.miamibeachfl.gov\/wp-content\/uploads\/2023\/12\/StevenHRothstein-Circle.png","width":250,"height":250,"caption":"Steven Rothstein"},{"@type":"BreadcrumbList","@id":"https:\/\/www.miamibeachfl.gov\/city-hall\/city-attorney\/attorneys\/stevenhrothstein\/#breadcrumb","itemListElement":[{"@type":"ListItem","position":1,"name":"Home","item":"https:\/\/www.miamibeachfl.gov\/"},{"@type":"ListItem","position":2,"name":"City Hall","item":"https:\/\/www.miamibeachfl.gov\/city-hall\/"},{"@type":"ListItem","position":3,"name":"City Attorney","item":"https:\/\/www.miamibeachfl.gov\/city-hall\/city-attorney\/"},{"@type":"ListItem","position":4,"name":"City of Miami Beach Attorneys","item":"https:\/\/www.miamibeachfl.gov\/city-hall\/city-attorney\/attorneys\/"},{"@type":"ListItem","position":5,"name":"Steven H. Rothstein Deputy City Attorney"}]},{"@type":"WebSite","@id":"https:\/\/www.miamibeachfl.gov\/#website","url":"https:\/\/www.miamibeachfl.gov\/","name":"Cidade de Miami Beach","description":"Site oficial da cidade de Miami Beach. Mantenha-se informado e encontre informa\u00e7\u00f5es importantes sobre servi\u00e7os municipais, not\u00edcias, alertas, eventos, rotas de bonde, empregos p\u00fablicos e muito mais.","publisher":{"@id":"https:\/\/www.miamibeachfl.gov\/#organization"},"potentialAction":[{"@type":"SearchAction","target":{"@type":"EntryPoint","urlTemplate":"https:\/\/www.miamibeachfl.gov\/?s={search_term_string}"},"query-input":{"@type":"PropertyValueSpecification","valueRequired":true,"valueName":"search_term_string"}}],"inLanguage":"pt-BR"},{"@type":"Organization","@id":"https:\/\/www.miamibeachfl.gov\/#organization","name":"Cidade de Miami Beach","url":"https:\/\/www.miamibeachfl.gov\/","logo":{"@type":"ImageObject","inLanguage":"pt-BR","@id":"https:\/\/www.miamibeachfl.gov\/#\/schema\/logo\/image\/","url":"https:\/\/www.miamibeachfl.gov\/wp-content\/uploads\/2022\/06\/miamibeach-logoblue.png","contentUrl":"https:\/\/www.miamibeachfl.gov\/wp-content\/uploads\/2022\/06\/miamibeach-logoblue.png","width":1962,"height":381,"caption":"City of Miami Beach"},"image":{"@id":"https:\/\/www.miamibeachfl.gov\/#\/schema\/logo\/image\/"},"sameAs":["https:\/\/www.facebook.com\/cityofmiamibeach","https:\/\/x.com\/Miamibeachnews","https:\/\/www.instagram.com\/miamibeachnews\/"],"description":"Site oficial da cidade de Miami Beach. Mantenha-se informado e encontre informa\u00e7\u00f5es importantes sobre servi\u00e7os municipais, not\u00edcias, alertas, eventos, rotas de bonde, empregos p\u00fablicos e muito mais.","telephone":"305.604.CITY(2489)","legalName":"City of Miami Beach"}]}},"_links":{"self":[{"href":"https:\/\/www.miamibeachfl.gov\/pt\/wp-json\/wp\/v2\/pages\/281409","targetHints":{"allow":["GET"]}}],"collection":[{"href":"https:\/\/www.miamibeachfl.gov\/pt\/wp-json\/wp\/v2\/pages"}],"about":[{"href":"https:\/\/www.miamibeachfl.gov\/pt\/wp-json\/wp\/v2\/types\/page"}],"author":[{"embeddable":true,"href":"https:\/\/www.miamibeachfl.gov\/pt\/wp-json\/wp\/v2\/users\/222"}],"replies":[{"embeddable":true,"href":"https:\/\/www.miamibeachfl.gov\/pt\/wp-json\/wp\/v2\/comments?post=281409"}],"version-history":[{"count":0,"href":"https:\/\/www.miamibeachfl.gov\/pt\/wp-json\/wp\/v2\/pages\/281409\/revisions"}],"up":[{"embeddable":true,"href":"https:\/\/www.miamibeachfl.gov\/pt\/wp-json\/wp\/v2\/pages\/281293"}],"wp:featuredmedia":[{"embeddable":true,"href":"https:\/\/www.miamibeachfl.gov\/pt\/wp-json\/wp\/v2\/media\/281410"}],"wp:attachment":[{"href":"https:\/\/www.miamibeachfl.gov\/pt\/wp-json\/wp\/v2\/media?parent=281409"}],"wp:term":[{"taxonomy":"category","embeddable":true,"href":"https:\/\/www.miamibeachfl.gov\/pt\/wp-json\/wp\/v2\/categories?post=281409"},{"taxonomy":"post_tag","embeddable":true,"href":"https:\/\/www.miamibeachfl.gov\/pt\/wp-json\/wp\/v2\/tags?post=281409"}],"curies":[{"name":"wp","href":"https:\/\/api.w.org\/{rel}","templated":true}]}}