{"id":281474,"date":"2023-12-01T10:56:22","date_gmt":"2023-12-01T15:56:22","guid":{"rendered":"https:\/\/www.miamibeachfl.gov\/?page_id=281474"},"modified":"2025-05-25T10:51:55","modified_gmt":"2025-05-25T14:51:55","slug":"anthonymaneiro","status":"publish","type":"page","link":"https:\/\/www.miamibeachfl.gov\/pt\/city-hall\/city-attorney\/attorneys\/anthonymaneiro\/","title":{"rendered":"Anthony Maneiro <br> Minist\u00e9rio P\u00fablico Municipal"},"content":{"rendered":"<h1>\n\t\t\tAnthony Maneiro\t<\/h1>\n<h1>\n\t\t\tMinist\u00e9rio P\u00fablico Municipal\t<\/h1>\nProcurador da Cidade\t\t\t\n\t\t\t\t\t<ul id=\"menu-city-attorney\"><li id=\"menu-item-281297\"><a href=\"\/pt\/city-hall\/city-attorney\/\">P\u00e1gina inicial do procurador da cidade<\/a><\/li>\n<li id=\"menu-item-281298\"><a href=\"\/pt\/city-hall\/city-attorney\/attorneys\/\">Advogados<\/a><\/li>\n<li id=\"menu-item-281299\"><a href=\"\/pt\/city-hall\/city-attorney\/internships\/\">Est\u00e1gios<\/a><\/li>\n<li id=\"menu-item-281302\"><a href=\"\/pt\/city-hall\/city-attorney\/history-of-previous-attorneys\/\">Ex-procuradores da cidade<\/a><\/li>\n<\/ul>\t\nProcurador da Cidade \u00d7\t\t\t\t\t\t<ul id=\"menu-city-attorney-1\"><li id=\"menu-item-281297\"><a href=\"\/pt\/city-hall\/city-attorney\/\">P\u00e1gina inicial do procurador da cidade<\/a><\/li>\n<li id=\"menu-item-281298\"><a href=\"\/pt\/city-hall\/city-attorney\/attorneys\/\">Advogados<\/a><\/li>\n<li id=\"menu-item-281299\"><a href=\"\/pt\/city-hall\/city-attorney\/internships\/\">Est\u00e1gios<\/a><\/li>\n<li id=\"menu-item-281302\"><a href=\"\/pt\/city-hall\/city-attorney\/history-of-previous-attorneys\/\">Ex-procuradores da cidade<\/a><\/li>\n<\/ul>\t\t\t\t\n\t\t\t\t<img decoding=\"async\" src=\"https:\/\/www.miamibeachfl.gov\/wp-content\/uploads\/bb-plugin\/cache\/Anthony-Maneiro-CityAttorney-YellowOutline-circle.png\" alt=\"Anthony Maneiro\" title=\"Anthony-Maneiro-CityAdvogado-YellowOutline\" itemprop=\"image\"\/>\n\t\t<h2>\n\t\t\tNovos Uniformes\t<\/h2>\n\t<p><strong>Educa\u00e7\u00e3o<\/strong>: Faculdade de Direito Shepard Broad da Universidade Nova Southeastern (JD 2016); Universidade Internacional da Fl\u00f3rida (BA 2013)<\/p>\n<p><strong>Membro<\/strong>: Bar da Fl\u00f3rida<\/p>\n<p>Anthony Maneiro ingressou no Minist\u00e9rio P\u00fablico Municipal em 2024 como Promotor P\u00fablico Municipal. Como tal, ele \u00e9 respons\u00e1vel por processar e julgar infra\u00e7\u00f5es criminais ao C\u00f3digo de Ordenan\u00e7as da Cidade perante o Tribunal Distrital do Condado de Miami-Dade, Fl\u00f3rida. Antes de ingressar na Prefeitura, o Sr. Maneiro trabalhou na iniciativa privada como advogado de defesa criminal, representando clientes em todo o Estado da Fl\u00f3rida, em diversas jurisdi\u00e7\u00f5es.<\/p>\n<p>Antes de ingressar no setor privado, o Sr. Maneiro atuou como Promotor P\u00fablico Assistente no D\u00e9cimo Primeiro Circuito Judicial do Condado de Miami-Dade. Enquanto esteve no Minist\u00e9rio P\u00fablico, o Sr. Maneiro atuou, entre outros cargos, como Chefe Assistente (AC) do Tribunal Distrital, supervisionando uma equipe de advogados no \u00e2mbito do Tribunal Distrital. Ele tamb\u00e9m lidou com diversos casos de crimes graves enquanto atuava na divis\u00e3o de crimes graves do Escrit\u00f3rio.<\/p>","protected":false},"excerpt":{"rendered":"<p>Anthony Maneiro Municipal Prosecutor City Attorney City Attorney Home Attorneys Internships Past City Attorneys City Attorney \u00d7 City Attorney Home [&hellip;]<\/p>\n","protected":false},"author":222,"featured_media":312650,"parent":281293,"menu_order":19,"comment_status":"closed","ping_status":"closed","template":"","meta":{"_searchwp_excluded":"","site-sidebar-layout":"default","site-content-layout":"","ast-site-content-layout":"default","site-content-style":"default","site-sidebar-style":"default","ast-global-header-display":"","ast-banner-title-visibility":"","ast-main-header-display":"","ast-hfb-above-header-display":"","ast-hfb-below-header-display":"","ast-hfb-mobile-header-display":"","site-post-title":"","ast-breadcrumbs-content":"","ast-featured-img":"","footer-sml-layout":"","theme-transparent-header-meta":"","adv-header-id-meta":"","stick-header-meta":"","header-above-stick-meta":"","header-main-stick-meta":"","header-below-stick-meta":"","astra-migrate-meta-layouts":"default","ast-page-background-enabled":"default","ast-page-background-meta":{"desktop":{"background-color":"var(--ast-global-color-5)","background-image":"","background-repeat":"repeat","background-position":"center center","background-size":"auto","background-attachment":"scroll","background-type":"","background-media":"","overlay-type":"","overlay-color":"","overlay-opacity":"","overlay-gradient":""},"tablet":{"background-color":"","background-image":"","background-repeat":"repeat","background-position":"center center","background-size":"auto","background-attachment":"scroll","background-type":"","background-media":"","overlay-type":"","overlay-color":"","overlay-opacity":"","overlay-gradient":""},"mobile":{"background-color":"","background-image":"","background-repeat":"repeat","background-position":"center center","background-size":"auto","background-attachment":"scroll","background-type":"","background-media":"","overlay-type":"","overlay-color":"","overlay-opacity":"","overlay-gradient":""}},"ast-content-background-meta":{"desktop":{"background-color":"var(--ast-global-color-4)","background-image":"","background-repeat":"repeat","background-position":"center center","background-size":"auto","background-attachment":"scroll","background-type":"","background-media":"","overlay-type":"","overlay-color":"","overlay-opacity":"","overlay-gradient":""},"tablet":{"background-color":"var(--ast-global-color-4)","background-image":"","background-repeat":"repeat","background-position":"center center","background-size":"auto","background-attachment":"scroll","background-type":"","background-media":"","overlay-type":"","overlay-color":"","overlay-opacity":"","overlay-gradient":""},"mobile":{"background-color":"var(--ast-global-color-4)","background-image":"","background-repeat":"repeat","background-position":"center center","background-size":"auto","background-attachment":"scroll","background-type":"","background-media":"","overlay-type":"","overlay-color":"","overlay-opacity":"","overlay-gradient":""}},"footnotes":""},"categories":[],"tags":[1464,1132],"class_list":["post-281474","page","type-page","status-publish","has-post-thumbnail","hentry","tag-anthony-maneiro-attorney","tag-city-attorneys"],"yoast_head":"<!-- This site is optimized with the Yoast SEO Premium plugin v27.4 (Yoast SEO v27.4) - https:\/\/yoast.com\/product\/yoast-seo-premium-wordpress\/ -->\n<title>Anthony Maneiro  Municipal Prosecutor - City of Miami Beach<\/title>\n<meta name=\"description\" content=\"Nahum Joseph joined the City Attorney&#039;s Office in June 2022 as the City&#039;s Municipal Prosecutor. Mr. Joseph is responsible for the prosecution of criminal violations of the City&#039;s code of ordinances before the County Court in and for Miami-Dade County, Florida.\" \/>\n<meta name=\"robots\" content=\"index, follow, max-snippet:-1, max-image-preview:large, max-video-preview:-1\" \/>\n<link rel=\"canonical\" href=\"https:\/\/www.miamibeachfl.gov\/pt\/city-hall\/city-attorney\/attorneys\/anthonymaneiro\/\" \/>\n<meta property=\"og:locale\" content=\"pt_BR\" \/>\n<meta property=\"og:type\" content=\"article\" \/>\n<meta property=\"og:title\" content=\"Anthony Maneiro  Municipal Prosecutor\" \/>\n<meta property=\"og:description\" content=\"Nahum Joseph joined the City Attorney&#039;s Office in June 2022 as the City&#039;s Municipal Prosecutor. Mr. Joseph is responsible for the prosecution of criminal violations of the City&#039;s code of ordinances before the County Court in and for Miami-Dade County, Florida.\" \/>\n<meta property=\"og:url\" content=\"https:\/\/www.miamibeachfl.gov\/pt\/city-hall\/city-attorney\/attorneys\/anthonymaneiro\/\" \/>\n<meta property=\"og:site_name\" content=\"City of Miami Beach\" \/>\n<meta property=\"article:publisher\" content=\"https:\/\/www.facebook.com\/cityofmiamibeach\" \/>\n<meta property=\"article:modified_time\" content=\"2025-05-25T14:51:55+00:00\" \/>\n<meta property=\"og:image\" content=\"https:\/\/www.miamibeachfl.gov\/wp-content\/uploads\/2024\/05\/Anthony-Maneiro-CityAttorney-YellowOutline.png\" \/>\n\t<meta property=\"og:image:width\" content=\"249\" \/>\n\t<meta property=\"og:image:height\" content=\"250\" \/>\n\t<meta property=\"og:image:type\" content=\"image\/png\" \/>\n<meta name=\"twitter:card\" content=\"summary_large_image\" \/>\n<meta name=\"twitter:site\" content=\"@Miamibeachnews\" \/>\n<script type=\"application\/ld+json\" class=\"yoast-schema-graph\">{\"@context\":\"https:\\\/\\\/schema.org\",\"@graph\":[{\"@type\":\"WebPage\",\"@id\":\"https:\\\/\\\/www.miamibeachfl.gov\\\/city-hall\\\/city-attorney\\\/attorneys\\\/anthonymaneiro\\\/\",\"url\":\"https:\\\/\\\/www.miamibeachfl.gov\\\/city-hall\\\/city-attorney\\\/attorneys\\\/anthonymaneiro\\\/\",\"name\":\"Anthony Maneiro Municipal Prosecutor - City of Miami Beach\",\"isPartOf\":{\"@id\":\"https:\\\/\\\/www.miamibeachfl.gov\\\/#website\"},\"primaryImageOfPage\":{\"@id\":\"https:\\\/\\\/www.miamibeachfl.gov\\\/city-hall\\\/city-attorney\\\/attorneys\\\/anthonymaneiro\\\/#primaryimage\"},\"image\":{\"@id\":\"https:\\\/\\\/www.miamibeachfl.gov\\\/city-hall\\\/city-attorney\\\/attorneys\\\/anthonymaneiro\\\/#primaryimage\"},\"thumbnailUrl\":\"https:\\\/\\\/www.miamibeachfl.gov\\\/wp-content\\\/uploads\\\/2024\\\/05\\\/Anthony-Maneiro-CityAttorney-YellowOutline.png\",\"datePublished\":\"2023-12-01T15:56:22+00:00\",\"dateModified\":\"2025-05-25T14:51:55+00:00\",\"description\":\"Nahum Joseph joined the City Attorney's Office in June 2022 as the City's Municipal Prosecutor. Mr. Joseph is responsible for the prosecution of criminal violations of the City's code of ordinances before the County Court in and for Miami-Dade County, Florida.\",\"breadcrumb\":{\"@id\":\"https:\\\/\\\/www.miamibeachfl.gov\\\/city-hall\\\/city-attorney\\\/attorneys\\\/anthonymaneiro\\\/#breadcrumb\"},\"inLanguage\":\"pt-BR\",\"potentialAction\":[{\"@type\":\"ReadAction\",\"target\":[\"https:\\\/\\\/www.miamibeachfl.gov\\\/city-hall\\\/city-attorney\\\/attorneys\\\/anthonymaneiro\\\/\"]}]},{\"@type\":\"ImageObject\",\"inLanguage\":\"pt-BR\",\"@id\":\"https:\\\/\\\/www.miamibeachfl.gov\\\/city-hall\\\/city-attorney\\\/attorneys\\\/anthonymaneiro\\\/#primaryimage\",\"url\":\"https:\\\/\\\/www.miamibeachfl.gov\\\/wp-content\\\/uploads\\\/2024\\\/05\\\/Anthony-Maneiro-CityAttorney-YellowOutline.png\",\"contentUrl\":\"https:\\\/\\\/www.miamibeachfl.gov\\\/wp-content\\\/uploads\\\/2024\\\/05\\\/Anthony-Maneiro-CityAttorney-YellowOutline.png\",\"width\":249,\"height\":250,\"caption\":\"Anthony Maneiro\"},{\"@type\":\"BreadcrumbList\",\"@id\":\"https:\\\/\\\/www.miamibeachfl.gov\\\/city-hall\\\/city-attorney\\\/attorneys\\\/anthonymaneiro\\\/#breadcrumb\",\"itemListElement\":[{\"@type\":\"ListItem\",\"position\":1,\"name\":\"Home\",\"item\":\"https:\\\/\\\/www.miamibeachfl.gov\\\/\"},{\"@type\":\"ListItem\",\"position\":2,\"name\":\"City Hall\",\"item\":\"https:\\\/\\\/www.miamibeachfl.gov\\\/city-hall\\\/\"},{\"@type\":\"ListItem\",\"position\":3,\"name\":\"City Attorney\",\"item\":\"https:\\\/\\\/www.miamibeachfl.gov\\\/city-hall\\\/city-attorney\\\/\"},{\"@type\":\"ListItem\",\"position\":4,\"name\":\"City of Miami Beach Attorneys\",\"item\":\"https:\\\/\\\/www.miamibeachfl.gov\\\/city-hall\\\/city-attorney\\\/attorneys\\\/\"},{\"@type\":\"ListItem\",\"position\":5,\"name\":\"Anthony Maneiro Municipal Prosecutor\"}]},{\"@type\":\"WebSite\",\"@id\":\"https:\\\/\\\/www.miamibeachfl.gov\\\/#website\",\"url\":\"https:\\\/\\\/www.miamibeachfl.gov\\\/\",\"name\":\"City of Miami Beach\",\"description\":\"The official website of the City of Miami Beach. Stay informed, find important information on city services, news, alerts, events, trolley routes, government employment and more.\",\"publisher\":{\"@id\":\"https:\\\/\\\/www.miamibeachfl.gov\\\/#organization\"},\"potentialAction\":[{\"@type\":\"SearchAction\",\"target\":{\"@type\":\"EntryPoint\",\"urlTemplate\":\"https:\\\/\\\/www.miamibeachfl.gov\\\/?s={search_term_string}\"},\"query-input\":{\"@type\":\"PropertyValueSpecification\",\"valueRequired\":true,\"valueName\":\"search_term_string\"}}],\"inLanguage\":\"pt-BR\"},{\"@type\":\"Organization\",\"@id\":\"https:\\\/\\\/www.miamibeachfl.gov\\\/#organization\",\"name\":\"City of Miami Beach\",\"url\":\"https:\\\/\\\/www.miamibeachfl.gov\\\/\",\"logo\":{\"@type\":\"ImageObject\",\"inLanguage\":\"pt-BR\",\"@id\":\"https:\\\/\\\/www.miamibeachfl.gov\\\/#\\\/schema\\\/logo\\\/image\\\/\",\"url\":\"https:\\\/\\\/www.miamibeachfl.gov\\\/wp-content\\\/uploads\\\/2022\\\/06\\\/miamibeach-logoblue.png\",\"contentUrl\":\"https:\\\/\\\/www.miamibeachfl.gov\\\/wp-content\\\/uploads\\\/2022\\\/06\\\/miamibeach-logoblue.png\",\"width\":1962,\"height\":381,\"caption\":\"City of Miami Beach\"},\"image\":{\"@id\":\"https:\\\/\\\/www.miamibeachfl.gov\\\/#\\\/schema\\\/logo\\\/image\\\/\"},\"sameAs\":[\"https:\\\/\\\/www.facebook.com\\\/cityofmiamibeach\",\"https:\\\/\\\/x.com\\\/Miamibeachnews\",\"https:\\\/\\\/www.instagram.com\\\/miamibeachnews\\\/\"],\"description\":\"The official website of the City of Miami Beach. Stay informed, find important information on city services, news, alerts, events, trolley routes, government employment and more.\",\"telephone\":\"305.604.CITY(2489)\",\"legalName\":\"City of Miami Beach\"}]}<\/script>\n<!-- \/ Yoast SEO Premium plugin. -->","yoast_head_json":{"title":"Anthony Maneiro, Procurador Municipal - Cidade de Miami Beach","description":"Nahum Joseph ingressou no Gabinete do Procurador Municipal em junho de 2022 como Promotor Municipal. O Sr. Joseph \u00e9 respons\u00e1vel pela acusa\u00e7\u00e3o de viola\u00e7\u00f5es criminais do c\u00f3digo de leis municipais perante o Tribunal do Condado de Miami-Dade, Fl\u00f3rida.","robots":{"index":"index","follow":"follow","max-snippet":"max-snippet:-1","max-image-preview":"max-image-preview:large","max-video-preview":"max-video-preview:-1"},"canonical":"https:\/\/www.miamibeachfl.gov\/pt\/city-hall\/city-attorney\/attorneys\/anthonymaneiro\/","og_locale":"pt_BR","og_type":"article","og_title":"Anthony Maneiro  Municipal Prosecutor","og_description":"Nahum Joseph joined the City Attorney's Office in June 2022 as the City's Municipal Prosecutor. Mr. Joseph is responsible for the prosecution of criminal violations of the City's code of ordinances before the County Court in and for Miami-Dade County, Florida.","og_url":"https:\/\/www.miamibeachfl.gov\/pt\/city-hall\/city-attorney\/attorneys\/anthonymaneiro\/","og_site_name":"City of Miami Beach","article_publisher":"https:\/\/www.facebook.com\/cityofmiamibeach","article_modified_time":"2025-05-25T14:51:55+00:00","og_image":[{"width":249,"height":250,"url":"https:\/\/www.miamibeachfl.gov\/wp-content\/uploads\/2024\/05\/Anthony-Maneiro-CityAttorney-YellowOutline.png","type":"image\/png"}],"twitter_card":"summary_large_image","twitter_site":"@Miamibeachnews","schema":{"@context":"https:\/\/schema.org","@graph":[{"@type":"WebPage","@id":"https:\/\/www.miamibeachfl.gov\/city-hall\/city-attorney\/attorneys\/anthonymaneiro\/","url":"https:\/\/www.miamibeachfl.gov\/city-hall\/city-attorney\/attorneys\/anthonymaneiro\/","name":"Anthony Maneiro, Procurador Municipal - Cidade de Miami Beach","isPartOf":{"@id":"https:\/\/www.miamibeachfl.gov\/#website"},"primaryImageOfPage":{"@id":"https:\/\/www.miamibeachfl.gov\/city-hall\/city-attorney\/attorneys\/anthonymaneiro\/#primaryimage"},"image":{"@id":"https:\/\/www.miamibeachfl.gov\/city-hall\/city-attorney\/attorneys\/anthonymaneiro\/#primaryimage"},"thumbnailUrl":"https:\/\/www.miamibeachfl.gov\/wp-content\/uploads\/2024\/05\/Anthony-Maneiro-CityAttorney-YellowOutline.png","datePublished":"2023-12-01T15:56:22+00:00","dateModified":"2025-05-25T14:51:55+00:00","description":"Nahum Joseph ingressou no Gabinete do Procurador Municipal em junho de 2022 como Promotor Municipal. O Sr. Joseph \u00e9 respons\u00e1vel pela acusa\u00e7\u00e3o de viola\u00e7\u00f5es criminais do c\u00f3digo de leis municipais perante o Tribunal do Condado de Miami-Dade, Fl\u00f3rida.","breadcrumb":{"@id":"https:\/\/www.miamibeachfl.gov\/city-hall\/city-attorney\/attorneys\/anthonymaneiro\/#breadcrumb"},"inLanguage":"pt-BR","potentialAction":[{"@type":"ReadAction","target":["https:\/\/www.miamibeachfl.gov\/city-hall\/city-attorney\/attorneys\/anthonymaneiro\/"]}]},{"@type":"ImageObject","inLanguage":"pt-BR","@id":"https:\/\/www.miamibeachfl.gov\/city-hall\/city-attorney\/attorneys\/anthonymaneiro\/#primaryimage","url":"https:\/\/www.miamibeachfl.gov\/wp-content\/uploads\/2024\/05\/Anthony-Maneiro-CityAttorney-YellowOutline.png","contentUrl":"https:\/\/www.miamibeachfl.gov\/wp-content\/uploads\/2024\/05\/Anthony-Maneiro-CityAttorney-YellowOutline.png","width":249,"height":250,"caption":"Anthony Maneiro"},{"@type":"BreadcrumbList","@id":"https:\/\/www.miamibeachfl.gov\/city-hall\/city-attorney\/attorneys\/anthonymaneiro\/#breadcrumb","itemListElement":[{"@type":"ListItem","position":1,"name":"Home","item":"https:\/\/www.miamibeachfl.gov\/"},{"@type":"ListItem","position":2,"name":"City Hall","item":"https:\/\/www.miamibeachfl.gov\/city-hall\/"},{"@type":"ListItem","position":3,"name":"City Attorney","item":"https:\/\/www.miamibeachfl.gov\/city-hall\/city-attorney\/"},{"@type":"ListItem","position":4,"name":"City of Miami Beach Attorneys","item":"https:\/\/www.miamibeachfl.gov\/city-hall\/city-attorney\/attorneys\/"},{"@type":"ListItem","position":5,"name":"Anthony Maneiro Municipal Prosecutor"}]},{"@type":"WebSite","@id":"https:\/\/www.miamibeachfl.gov\/#website","url":"https:\/\/www.miamibeachfl.gov\/","name":"Cidade de Miami Beach","description":"Site oficial da cidade de Miami Beach. Mantenha-se informado e encontre informa\u00e7\u00f5es importantes sobre servi\u00e7os municipais, not\u00edcias, alertas, eventos, rotas de bonde, empregos p\u00fablicos e muito mais.","publisher":{"@id":"https:\/\/www.miamibeachfl.gov\/#organization"},"potentialAction":[{"@type":"SearchAction","target":{"@type":"EntryPoint","urlTemplate":"https:\/\/www.miamibeachfl.gov\/?s={search_term_string}"},"query-input":{"@type":"PropertyValueSpecification","valueRequired":true,"valueName":"search_term_string"}}],"inLanguage":"pt-BR"},{"@type":"Organization","@id":"https:\/\/www.miamibeachfl.gov\/#organization","name":"Cidade de Miami Beach","url":"https:\/\/www.miamibeachfl.gov\/","logo":{"@type":"ImageObject","inLanguage":"pt-BR","@id":"https:\/\/www.miamibeachfl.gov\/#\/schema\/logo\/image\/","url":"https:\/\/www.miamibeachfl.gov\/wp-content\/uploads\/2022\/06\/miamibeach-logoblue.png","contentUrl":"https:\/\/www.miamibeachfl.gov\/wp-content\/uploads\/2022\/06\/miamibeach-logoblue.png","width":1962,"height":381,"caption":"City of Miami Beach"},"image":{"@id":"https:\/\/www.miamibeachfl.gov\/#\/schema\/logo\/image\/"},"sameAs":["https:\/\/www.facebook.com\/cityofmiamibeach","https:\/\/x.com\/Miamibeachnews","https:\/\/www.instagram.com\/miamibeachnews\/"],"description":"Site oficial da cidade de Miami Beach. Mantenha-se informado e encontre informa\u00e7\u00f5es importantes sobre servi\u00e7os municipais, not\u00edcias, alertas, eventos, rotas de bonde, empregos p\u00fablicos e muito mais.","telephone":"305.604.CITY(2489)","legalName":"City of Miami Beach"}]}},"_links":{"self":[{"href":"https:\/\/www.miamibeachfl.gov\/pt\/wp-json\/wp\/v2\/pages\/281474","targetHints":{"allow":["GET"]}}],"collection":[{"href":"https:\/\/www.miamibeachfl.gov\/pt\/wp-json\/wp\/v2\/pages"}],"about":[{"href":"https:\/\/www.miamibeachfl.gov\/pt\/wp-json\/wp\/v2\/types\/page"}],"author":[{"embeddable":true,"href":"https:\/\/www.miamibeachfl.gov\/pt\/wp-json\/wp\/v2\/users\/222"}],"replies":[{"embeddable":true,"href":"https:\/\/www.miamibeachfl.gov\/pt\/wp-json\/wp\/v2\/comments?post=281474"}],"version-history":[{"count":0,"href":"https:\/\/www.miamibeachfl.gov\/pt\/wp-json\/wp\/v2\/pages\/281474\/revisions"}],"up":[{"embeddable":true,"href":"https:\/\/www.miamibeachfl.gov\/pt\/wp-json\/wp\/v2\/pages\/281293"}],"wp:featuredmedia":[{"embeddable":true,"href":"https:\/\/www.miamibeachfl.gov\/pt\/wp-json\/wp\/v2\/media\/312650"}],"wp:attachment":[{"href":"https:\/\/www.miamibeachfl.gov\/pt\/wp-json\/wp\/v2\/media?parent=281474"}],"wp:term":[{"taxonomy":"category","embeddable":true,"href":"https:\/\/www.miamibeachfl.gov\/pt\/wp-json\/wp\/v2\/categories?post=281474"},{"taxonomy":"post_tag","embeddable":true,"href":"https:\/\/www.miamibeachfl.gov\/pt\/wp-json\/wp\/v2\/tags?post=281474"}],"curies":[{"name":"wp","href":"https:\/\/api.w.org\/{rel}","templated":true}]}}