{"id":282025,"date":"2023-12-11T06:53:53","date_gmt":"2023-12-11T11:53:53","guid":{"rendered":"https:\/\/www.miamibeachfl.gov\/city-hall\/building\/permits\/pre-submittal-meeting\/"},"modified":"2024-03-19T16:34:57","modified_gmt":"2024-03-19T20:34:57","slug":"pre-submittal-meeting","status":"publish","type":"page","link":"https:\/\/www.miamibeachfl.gov\/pt\/city-hall\/building\/permits\/pre-submittal-meeting\/","title":{"rendered":"Reuni\u00e3o de pr\u00e9-submiss\u00e3o de constru\u00e7\u00e3o"},"content":{"rendered":"<h2>\n\t\tReuni\u00e3o de pr\u00e9-submiss\u00e3o\n\t<\/h2>\n\t<p>O Departamento de Constru\u00e7\u00e3o oferece aos seus clientes uma consulta pr\u00e9via gratuita. A consulta envolve reuni\u00f5es com os Chefes do Departamento, o Arquiteto, o Propriet\u00e1rio e a Contratada do projeto para discutir os cronogramas e identificar a melhor abordagem para obter a licen\u00e7a do projeto proposto. Com base nessa reuni\u00e3o e dependendo do escopo do projeto, a equipe ser\u00e1 orientada sobre como preparar e enviar os pacotes de licen\u00e7a de forma eficaz. <strong><a href=\"https:\/\/www.miamibeachfl.gov\/wp-content\/uploads\/2023\/12\/Pre-submittal-4-7-2020-1.pdf\">Para solicitar a reuni\u00e3o de consulta pr\u00e9-envio, siga as instru\u00e7\u00f5es listadas neste formul\u00e1rio.<\/a><\/strong><\/p>\n<p>Um dos t\u00f3picos da reuni\u00e3o de consulta pr\u00e9-submiss\u00e3o \u00e9 a discuss\u00e3o sobre o processo de licenciamento mais eficaz com base no escopo do projeto. Por exemplo, projetos que consistem em mais de uma estrutura ou edif\u00edcio dentro do canteiro de obras podem ser divididos em fases ou etapas de constru\u00e7\u00e3o, ou as estruturas podem ser constru\u00eddas mediante a obten\u00e7\u00e3o de licen\u00e7as-mestras separadas para cada estrutura. Ao dividir um projeto em fases ou etapas, o Oficial de Obras pode permitir a concess\u00e3o de Certificados Tempor\u00e1rios de Habita\u00e7\u00e3o. Informamos que a estrutura programada para inaugurar primeiro deve incluir em seu escopo os elementos comuns e o paisagismo do local do projeto.<\/p>\n<p>Se forem emitidas licen\u00e7as separadas para cada edif\u00edcio, cada licen\u00e7a ter\u00e1 que receber o status &quot;Finalizada&quot; antes que a pr\u00f3xima possa iniciar a constru\u00e7\u00e3o. Essas alternativas permitem que a equipe do Projeto tenha m\u00e1xima flexibilidade em rela\u00e7\u00e3o \u00e0 emiss\u00e3o do Habite-se.<\/p>\n<p>Entende-se que os coment\u00e1rios da reuni\u00e3o de pr\u00e9-submiss\u00e3o n\u00e3o s\u00e3o abrangentes, mas sim preliminares. Coment\u00e1rios adicionais n\u00e3o discutidos na reuni\u00e3o poder\u00e3o ser gerados quando o projeto for formalmente submetido para uma revis\u00e3o completa do plano.<\/p>","protected":false},"excerpt":{"rendered":"<p>Pre-Submittal Meeting The Building Department offers a free pre-submittal consultation to its Customers. The consultation entails meeting with the Department&#8217;s [&hellip;]<\/p>\n","protected":false},"author":222,"featured_media":0,"parent":268879,"menu_order":0,"comment_status":"closed","ping_status":"closed","template":"page-blank.php","meta":{"_searchwp_excluded":"","site-sidebar-layout":"default","site-content-layout":"","ast-site-content-layout":"default","site-content-style":"default","site-sidebar-style":"default","ast-global-header-display":"","ast-banner-title-visibility":"","ast-main-header-display":"","ast-hfb-above-header-display":"","ast-hfb-below-header-display":"","ast-hfb-mobile-header-display":"","site-post-title":"","ast-breadcrumbs-content":"","ast-featured-img":"","footer-sml-layout":"","theme-transparent-header-meta":"","adv-header-id-meta":"","stick-header-meta":"","header-above-stick-meta":"","header-main-stick-meta":"","header-below-stick-meta":"","astra-migrate-meta-layouts":"default","ast-page-background-enabled":"default","ast-page-background-meta":{"desktop":{"background-color":"var(--ast-global-color-5)","background-image":"","background-repeat":"repeat","background-position":"center center","background-size":"auto","background-attachment":"scroll","background-type":"","background-media":"","overlay-type":"","overlay-color":"","overlay-opacity":"","overlay-gradient":""},"tablet":{"background-color":"","background-image":"","background-repeat":"repeat","background-position":"center center","background-size":"auto","background-attachment":"scroll","background-type":"","background-media":"","overlay-type":"","overlay-color":"","overlay-opacity":"","overlay-gradient":""},"mobile":{"background-color":"","background-image":"","background-repeat":"repeat","background-position":"center center","background-size":"auto","background-attachment":"scroll","background-type":"","background-media":"","overlay-type":"","overlay-color":"","overlay-opacity":"","overlay-gradient":""}},"ast-content-background-meta":{"desktop":{"background-color":"var(--ast-global-color-4)","background-image":"","background-repeat":"repeat","background-position":"center center","background-size":"auto","background-attachment":"scroll","background-type":"","background-media":"","overlay-type":"","overlay-color":"","overlay-opacity":"","overlay-gradient":""},"tablet":{"background-color":"var(--ast-global-color-4)","background-image":"","background-repeat":"repeat","background-position":"center center","background-size":"auto","background-attachment":"scroll","background-type":"","background-media":"","overlay-type":"","overlay-color":"","overlay-opacity":"","overlay-gradient":""},"mobile":{"background-color":"var(--ast-global-color-4)","background-image":"","background-repeat":"repeat","background-position":"center center","background-size":"auto","background-attachment":"scroll","background-type":"","background-media":"","overlay-type":"","overlay-color":"","overlay-opacity":"","overlay-gradient":""}},"footnotes":""},"categories":[],"tags":[],"class_list":["post-282025","page","type-page","status-publish","hentry"],"yoast_head":"<!-- This site is optimized with the Yoast SEO Premium plugin v27.4 (Yoast SEO v27.4) - https:\/\/yoast.com\/product\/yoast-seo-premium-wordpress\/ -->\n<title>Building Pre-Submittal Meeting - City of Miami Beach<\/title>\n<meta name=\"description\" content=\"Applicants may request a Pre-Submittal Meeting and reduce the time it takes to get a permit by receiving a preliminary review of your plans. In order to qualify, plans must be 75% complete and the design professional must be present\" \/>\n<meta name=\"robots\" content=\"index, follow, max-snippet:-1, max-image-preview:large, max-video-preview:-1\" \/>\n<link rel=\"canonical\" href=\"https:\/\/www.miamibeachfl.gov\/pt\/city-hall\/building\/permits\/pre-submittal-meeting\/\" \/>\n<meta property=\"og:locale\" content=\"pt_BR\" \/>\n<meta property=\"og:type\" content=\"article\" \/>\n<meta property=\"og:title\" content=\"Building Pre-Submittal Meeting\" \/>\n<meta property=\"og:description\" content=\"Applicants may request a Pre-Submittal Meeting and reduce the time it takes to get a permit by receiving a preliminary review of your plans. In order to qualify, plans must be 75% complete and the design professional must be present\" \/>\n<meta property=\"og:url\" content=\"https:\/\/www.miamibeachfl.gov\/pt\/city-hall\/building\/permits\/pre-submittal-meeting\/\" \/>\n<meta property=\"og:site_name\" content=\"City of Miami Beach\" \/>\n<meta property=\"article:publisher\" content=\"https:\/\/www.facebook.com\/cityofmiamibeach\" \/>\n<meta property=\"article:modified_time\" content=\"2024-03-19T20:34:57+00:00\" \/>\n<meta property=\"og:image\" content=\"https:\/\/www.miamibeachfl.gov\/wp-content\/uploads\/2024\/01\/1000pxSquare-miamibeach-aerial-southpointview.jpeg\" \/>\n\t<meta property=\"og:image:width\" content=\"1000\" \/>\n\t<meta property=\"og:image:height\" content=\"1000\" \/>\n\t<meta property=\"og:image:type\" content=\"image\/jpeg\" \/>\n<meta name=\"twitter:card\" content=\"summary_large_image\" \/>\n<meta name=\"twitter:site\" content=\"@Miamibeachnews\" \/>\n<script type=\"application\/ld+json\" class=\"yoast-schema-graph\">{\"@context\":\"https:\\\/\\\/schema.org\",\"@graph\":[{\"@type\":\"WebPage\",\"@id\":\"https:\\\/\\\/www.miamibeachfl.gov\\\/city-hall\\\/building\\\/permits\\\/pre-submittal-meeting\\\/\",\"url\":\"https:\\\/\\\/www.miamibeachfl.gov\\\/city-hall\\\/building\\\/permits\\\/pre-submittal-meeting\\\/\",\"name\":\"Building Pre-Submittal Meeting - City of Miami Beach\",\"isPartOf\":{\"@id\":\"https:\\\/\\\/www.miamibeachfl.gov\\\/#website\"},\"datePublished\":\"2023-12-11T11:53:53+00:00\",\"dateModified\":\"2024-03-19T20:34:57+00:00\",\"description\":\"Applicants may request a Pre-Submittal Meeting and reduce the time it takes to get a permit by receiving a preliminary review of your plans. In order to qualify, plans must be 75% complete and the design professional must be present\",\"breadcrumb\":{\"@id\":\"https:\\\/\\\/www.miamibeachfl.gov\\\/city-hall\\\/building\\\/permits\\\/pre-submittal-meeting\\\/#breadcrumb\"},\"inLanguage\":\"pt-BR\",\"potentialAction\":[{\"@type\":\"ReadAction\",\"target\":[\"https:\\\/\\\/www.miamibeachfl.gov\\\/city-hall\\\/building\\\/permits\\\/pre-submittal-meeting\\\/\"]}]},{\"@type\":\"BreadcrumbList\",\"@id\":\"https:\\\/\\\/www.miamibeachfl.gov\\\/city-hall\\\/building\\\/permits\\\/pre-submittal-meeting\\\/#breadcrumb\",\"itemListElement\":[{\"@type\":\"ListItem\",\"position\":1,\"name\":\"Home\",\"item\":\"https:\\\/\\\/www.miamibeachfl.gov\\\/\"},{\"@type\":\"ListItem\",\"position\":2,\"name\":\"City Hall\",\"item\":\"https:\\\/\\\/www.miamibeachfl.gov\\\/city-hall\\\/\"},{\"@type\":\"ListItem\",\"position\":3,\"name\":\"Building\",\"item\":\"https:\\\/\\\/www.miamibeachfl.gov\\\/city-hall\\\/building\\\/\"},{\"@type\":\"ListItem\",\"position\":4,\"name\":\"Building Permits\",\"item\":\"https:\\\/\\\/www.miamibeachfl.gov\\\/city-hall\\\/building\\\/permits\\\/\"},{\"@type\":\"ListItem\",\"position\":5,\"name\":\"Building Pre-Submittal Meeting\"}]},{\"@type\":\"WebSite\",\"@id\":\"https:\\\/\\\/www.miamibeachfl.gov\\\/#website\",\"url\":\"https:\\\/\\\/www.miamibeachfl.gov\\\/\",\"name\":\"City of Miami Beach\",\"description\":\"The official website of the City of Miami Beach. Stay informed, find important information on city services, news, alerts, events, trolley routes, government employment and more.\",\"publisher\":{\"@id\":\"https:\\\/\\\/www.miamibeachfl.gov\\\/#organization\"},\"potentialAction\":[{\"@type\":\"SearchAction\",\"target\":{\"@type\":\"EntryPoint\",\"urlTemplate\":\"https:\\\/\\\/www.miamibeachfl.gov\\\/?s={search_term_string}\"},\"query-input\":{\"@type\":\"PropertyValueSpecification\",\"valueRequired\":true,\"valueName\":\"search_term_string\"}}],\"inLanguage\":\"pt-BR\"},{\"@type\":\"Organization\",\"@id\":\"https:\\\/\\\/www.miamibeachfl.gov\\\/#organization\",\"name\":\"City of Miami Beach\",\"url\":\"https:\\\/\\\/www.miamibeachfl.gov\\\/\",\"logo\":{\"@type\":\"ImageObject\",\"inLanguage\":\"pt-BR\",\"@id\":\"https:\\\/\\\/www.miamibeachfl.gov\\\/#\\\/schema\\\/logo\\\/image\\\/\",\"url\":\"https:\\\/\\\/www.miamibeachfl.gov\\\/wp-content\\\/uploads\\\/2022\\\/06\\\/miamibeach-logoblue.png\",\"contentUrl\":\"https:\\\/\\\/www.miamibeachfl.gov\\\/wp-content\\\/uploads\\\/2022\\\/06\\\/miamibeach-logoblue.png\",\"width\":1962,\"height\":381,\"caption\":\"City of Miami Beach\"},\"image\":{\"@id\":\"https:\\\/\\\/www.miamibeachfl.gov\\\/#\\\/schema\\\/logo\\\/image\\\/\"},\"sameAs\":[\"https:\\\/\\\/www.facebook.com\\\/cityofmiamibeach\",\"https:\\\/\\\/x.com\\\/Miamibeachnews\",\"https:\\\/\\\/www.instagram.com\\\/miamibeachnews\\\/\"],\"description\":\"The official website of the City of Miami Beach. Stay informed, find important information on city services, news, alerts, events, trolley routes, government employment and more.\",\"telephone\":\"305.604.CITY(2489)\",\"legalName\":\"City of Miami Beach\"}]}<\/script>\n<!-- \/ Yoast SEO Premium plugin. -->","yoast_head_json":{"title":"Reuni\u00e3o de pr\u00e9-submiss\u00e3o de projetos - Cidade de Miami Beach","description":"Os candidatos podem solicitar uma Reuni\u00e3o Pr\u00e9-Apresenta\u00e7\u00e3o e reduzir o tempo necess\u00e1rio para obter a licen\u00e7a, recebendo uma an\u00e1lise preliminar dos seus projetos. Para se qualificar, os projetos devem estar completos (75%) e o profissional de design deve estar presente.","robots":{"index":"index","follow":"follow","max-snippet":"max-snippet:-1","max-image-preview":"max-image-preview:large","max-video-preview":"max-video-preview:-1"},"canonical":"https:\/\/www.miamibeachfl.gov\/pt\/city-hall\/building\/permits\/pre-submittal-meeting\/","og_locale":"pt_BR","og_type":"article","og_title":"Building Pre-Submittal Meeting","og_description":"Applicants may request a Pre-Submittal Meeting and reduce the time it takes to get a permit by receiving a preliminary review of your plans. In order to qualify, plans must be 75% complete and the design professional must be present","og_url":"https:\/\/www.miamibeachfl.gov\/pt\/city-hall\/building\/permits\/pre-submittal-meeting\/","og_site_name":"City of Miami Beach","article_publisher":"https:\/\/www.facebook.com\/cityofmiamibeach","article_modified_time":"2024-03-19T20:34:57+00:00","og_image":[{"width":1000,"height":1000,"url":"https:\/\/www.miamibeachfl.gov\/wp-content\/uploads\/2024\/01\/1000pxSquare-miamibeach-aerial-southpointview.jpeg","type":"image\/jpeg"}],"twitter_card":"summary_large_image","twitter_site":"@Miamibeachnews","schema":{"@context":"https:\/\/schema.org","@graph":[{"@type":"WebPage","@id":"https:\/\/www.miamibeachfl.gov\/city-hall\/building\/permits\/pre-submittal-meeting\/","url":"https:\/\/www.miamibeachfl.gov\/city-hall\/building\/permits\/pre-submittal-meeting\/","name":"Reuni\u00e3o de pr\u00e9-submiss\u00e3o de projetos - Cidade de Miami Beach","isPartOf":{"@id":"https:\/\/www.miamibeachfl.gov\/#website"},"datePublished":"2023-12-11T11:53:53+00:00","dateModified":"2024-03-19T20:34:57+00:00","description":"Os candidatos podem solicitar uma Reuni\u00e3o Pr\u00e9-Apresenta\u00e7\u00e3o e reduzir o tempo necess\u00e1rio para obter a licen\u00e7a, recebendo uma an\u00e1lise preliminar dos seus projetos. Para se qualificar, os projetos devem estar completos (75%) e o profissional de design deve estar presente.","breadcrumb":{"@id":"https:\/\/www.miamibeachfl.gov\/city-hall\/building\/permits\/pre-submittal-meeting\/#breadcrumb"},"inLanguage":"pt-BR","potentialAction":[{"@type":"ReadAction","target":["https:\/\/www.miamibeachfl.gov\/city-hall\/building\/permits\/pre-submittal-meeting\/"]}]},{"@type":"BreadcrumbList","@id":"https:\/\/www.miamibeachfl.gov\/city-hall\/building\/permits\/pre-submittal-meeting\/#breadcrumb","itemListElement":[{"@type":"ListItem","position":1,"name":"Home","item":"https:\/\/www.miamibeachfl.gov\/"},{"@type":"ListItem","position":2,"name":"City Hall","item":"https:\/\/www.miamibeachfl.gov\/city-hall\/"},{"@type":"ListItem","position":3,"name":"Building","item":"https:\/\/www.miamibeachfl.gov\/city-hall\/building\/"},{"@type":"ListItem","position":4,"name":"Building Permits","item":"https:\/\/www.miamibeachfl.gov\/city-hall\/building\/permits\/"},{"@type":"ListItem","position":5,"name":"Building Pre-Submittal Meeting"}]},{"@type":"WebSite","@id":"https:\/\/www.miamibeachfl.gov\/#website","url":"https:\/\/www.miamibeachfl.gov\/","name":"Cidade de Miami Beach","description":"Site oficial da cidade de Miami Beach. Mantenha-se informado e encontre informa\u00e7\u00f5es importantes sobre servi\u00e7os municipais, not\u00edcias, alertas, eventos, rotas de bonde, empregos p\u00fablicos e muito mais.","publisher":{"@id":"https:\/\/www.miamibeachfl.gov\/#organization"},"potentialAction":[{"@type":"SearchAction","target":{"@type":"EntryPoint","urlTemplate":"https:\/\/www.miamibeachfl.gov\/?s={search_term_string}"},"query-input":{"@type":"PropertyValueSpecification","valueRequired":true,"valueName":"search_term_string"}}],"inLanguage":"pt-BR"},{"@type":"Organization","@id":"https:\/\/www.miamibeachfl.gov\/#organization","name":"Cidade de Miami Beach","url":"https:\/\/www.miamibeachfl.gov\/","logo":{"@type":"ImageObject","inLanguage":"pt-BR","@id":"https:\/\/www.miamibeachfl.gov\/#\/schema\/logo\/image\/","url":"https:\/\/www.miamibeachfl.gov\/wp-content\/uploads\/2022\/06\/miamibeach-logoblue.png","contentUrl":"https:\/\/www.miamibeachfl.gov\/wp-content\/uploads\/2022\/06\/miamibeach-logoblue.png","width":1962,"height":381,"caption":"City of Miami Beach"},"image":{"@id":"https:\/\/www.miamibeachfl.gov\/#\/schema\/logo\/image\/"},"sameAs":["https:\/\/www.facebook.com\/cityofmiamibeach","https:\/\/x.com\/Miamibeachnews","https:\/\/www.instagram.com\/miamibeachnews\/"],"description":"Site oficial da cidade de Miami Beach. Mantenha-se informado e encontre informa\u00e7\u00f5es importantes sobre servi\u00e7os municipais, not\u00edcias, alertas, eventos, rotas de bonde, empregos p\u00fablicos e muito mais.","telephone":"305.604.CITY(2489)","legalName":"City of Miami Beach"}]}},"_links":{"self":[{"href":"https:\/\/www.miamibeachfl.gov\/pt\/wp-json\/wp\/v2\/pages\/282025","targetHints":{"allow":["GET"]}}],"collection":[{"href":"https:\/\/www.miamibeachfl.gov\/pt\/wp-json\/wp\/v2\/pages"}],"about":[{"href":"https:\/\/www.miamibeachfl.gov\/pt\/wp-json\/wp\/v2\/types\/page"}],"author":[{"embeddable":true,"href":"https:\/\/www.miamibeachfl.gov\/pt\/wp-json\/wp\/v2\/users\/222"}],"replies":[{"embeddable":true,"href":"https:\/\/www.miamibeachfl.gov\/pt\/wp-json\/wp\/v2\/comments?post=282025"}],"version-history":[{"count":0,"href":"https:\/\/www.miamibeachfl.gov\/pt\/wp-json\/wp\/v2\/pages\/282025\/revisions"}],"up":[{"embeddable":true,"href":"https:\/\/www.miamibeachfl.gov\/pt\/wp-json\/wp\/v2\/pages\/268879"}],"wp:attachment":[{"href":"https:\/\/www.miamibeachfl.gov\/pt\/wp-json\/wp\/v2\/media?parent=282025"}],"wp:term":[{"taxonomy":"category","embeddable":true,"href":"https:\/\/www.miamibeachfl.gov\/pt\/wp-json\/wp\/v2\/categories?post=282025"},{"taxonomy":"post_tag","embeddable":true,"href":"https:\/\/www.miamibeachfl.gov\/pt\/wp-json\/wp\/v2\/tags?post=282025"}],"curies":[{"name":"wp","href":"https:\/\/api.w.org\/{rel}","templated":true}]}}