{"id":28259,"date":"2017-08-11T00:02:26","date_gmt":"2017-08-11T00:02:26","guid":{"rendered":"http:\/\/www.miamibeachfl.gov\/city-hall\/finance\/"},"modified":"2025-12-30T11:26:22","modified_gmt":"2025-12-30T16:26:22","slug":"finance","status":"publish","type":"page","link":"https:\/\/www.miamibeachfl.gov\/pt\/city-hall\/finance\/","title":{"rendered":"Financiar"},"content":{"rendered":"<h1>\n\t\t\tFinanciar\t<\/h1>\n\t<nav id=\"breadcrumbs\" aria-label=\"Migalhas de p\u00e3o\"><a href=\"https:\/\/www.miamibeachfl.gov\/pt\/\">Lar<\/a> &gt; <a href=\"https:\/\/www.miamibeachfl.gov\/pt\/city-hall\/\">Prefeitura<\/a> &gt; <strong>Financiar<\/strong><\/nav>\n\t<p>O Departamento Financeiro fornece suporte de gest\u00e3o e pol\u00edticas financeiras, servi\u00e7os anal\u00edticos e informa\u00e7\u00f5es financeiras ao Administrador Municipal, departamentos, ao p\u00fablico e outros; busca o uso mais eficiente e eficaz dos fundos da Cidade; desenvolve, analisa e apresenta informa\u00e7\u00f5es sobre as finan\u00e7as da Cidade ao p\u00fablico, \u00e0 imprensa, \u00e0s ag\u00eancias de classifica\u00e7\u00e3o de t\u00edtulos e a outras partes interessadas.<\/p>\n<p>O departamento financeiro tamb\u00e9m coleta e relata o imposto de resort; fatura e coleta todas as contas de servi\u00e7os p\u00fablicos da cidade; planeja, prepara e implementa todas as taxas de servi\u00e7os p\u00fablicos; fatura e coleta todas as avalia\u00e7\u00f5es especiais; planeja, desenvolve, administra e monitora a cidade\u00a0<a href=\"https:\/\/www.miamibeachfl.gov\/pt\/city-hall\/cip\/\"><strong>Programa de Melhoria de Capital<\/strong><\/a>\u00a0(CIP) e trabalha com os consultores financeiros, subscritores e consultores de t\u00edtulos da cidade para preparar e implementar as estrat\u00e9gias de financiamento da cidade.\u00a0<strong><a href=\"https:\/\/www.miamibeachfl.gov\/pt\/city-hall\/finance\/administration\/\">Ler mais<\/a><\/strong><\/p>\n\t\t\t\t<a href=\"\/pt\/staff\/jason-greene\/\"  target=\"_self\" itemprop=\"url\">\n\t\t\t\t<img decoding=\"async\" src=\"https:\/\/www.miamibeachfl.gov\/wp-content\/uploads\/2024\/09\/Jason-Greene-roundupdated.png\" alt=\"Jason Greene\" itemprop=\"image\" height=\"250\" width=\"250\" title=\"Jason-Greene-round atualizado\" onerror=\"this.style.display='none'\" loading=\"lazy\" \/>\n\t\t\t\t<\/a>\n<h2>\n\t\t<a href=\"\/pt\/staff\/jason-greene\/\" title=\"Jason Greene\"  target=\"_self\">\n\t\t\tJason Greene\t\t<\/a>\n\t<\/h2>\n<h2>\n\t\t\tPrincipais links\t<\/h2>\n\t\t\t<a href=\"\/pt\/city-hall\/finance\/administration\/\" target=\"_self\">\n\t\t\t\t\t\t\tAdministra\u00e7\u00e3o\n\t\t\t<\/a>\n\t\t\t<a href=\"\/pt\/city-hall\/finance\/business-tax-receipts-btr\/\" target=\"_self\">\n\t\t\t\t\t\t\tRecibo de imposto comercial, certificado de uso e inspe\u00e7\u00e3o anual de inc\u00eandio\n\t\t\t<\/a>\n\t\t\t<a href=\"\/pt\/city-hall\/finance\/financial-documents\/\" target=\"_self\">\n\t\t\t\t\t\t\tRelat\u00f3rios Financeiros\n\t\t\t<\/a>\n\t\t\t<a href=\"\/pt\/city-hall\/finance\/general-ledger\/\" target=\"_self\">\n\t\t\t\t\t\t\tServi\u00e7os Financeiros\n\t\t\t<\/a>\n\t\t\t<a href=\"\/pt\/city-hall\/finance\/grants-management\/\" target=\"_self\">\n\t\t\t\t\t\t\tGest\u00e3o de Subs\u00eddios\n\t\t\t<\/a>\n\t\t\t<a href=\"\/pt\/city-hall\/finance\/passport-information\/\" target=\"_self\">\n\t\t\t\t\t\t\tInforma\u00e7\u00f5es do passaporte\n\t\t\t<\/a>\n<h2>\n\t\t\tRecursos relacionados\t<\/h2>\n\t\t<ul>\n\t\t\t\t\t<li>\n\t\t\t\t\t<a href=\"https:\/\/resorttax.miamibeachfl.gov\/app\" target=\"_self\">\n\t\t\t\t<h3>Pagar\/Arquivar Imposto de Resort<\/h3>\n\t<\/a>\n\t\t\t<\/li>\n\t\t\t\t\t<li>\n\t\t\t\t\t<a href=\"http:\/\/lien.miamibeachfl.gov\/LienResearch\" target=\"_blank\">\n\t\t\t\t<h3>Solicitar pesquisa de penhor<\/h3>\n\t<\/a>\n\t\t\t<\/li>\n\t\t\t\t\t<li>\n\t\t\t\t\t<a href=\"https:\/\/mbservices.miamibeachfl.gov\/css\" target=\"_blank\">\n\t\t\t\t<h3>Pagar conta da cidade<\/h3>\n\t<\/a>\n\t\t\t<\/li>\n\t\t\t\t\t<li>\n\t\t\t\t\t<a href=\"https:\/\/utility.miamibeachfl.gov\/Utb\" target=\"_self\">\n\t\t\t\t<h3>Pagar\/Ver conta de servi\u00e7os p\u00fablicos<\/h3>\n\t<\/a>\n\t\t\t<\/li>\n\t\t\t\t\t<li>\n\t\t\t\t\t<a href=\"mailto:payables@miamibeachfl.gov\" target=\"_blank\">\n\t\t\t\t<h3>Envio de fatura do fornecedor<\/h3>\n\t<\/a>\n\t\t\t<\/li>\n\t\t\t\t<\/ul>\n\t\t<ul>\n\t\t\t\t\t<li>\n\t\t\t\t\t<a href=\"\/wp-content\/uploads\/2018\/07\/A-Sewer-fee-adjustment-revised.pdf\" target=\"_self\">\n\t\t\t\t<h3>Ajuste de taxa de esgoto<\/h3>\n\t<\/a>\n\t\t\t<\/li>\n\t\t\t\t\t<li>\n\t\t\t\t\t<a href=\"\/wp-content\/uploads\/2018\/07\/A-Sewer-fee-adjustment-pool-filling-revised.pdf\" target=\"_blank\">\n\t\t\t\t<h3>Ajuste de tarifa de esgoto e enchimento de piscina<\/h3>\n\t<\/a>\n\t\t\t<\/li>\n\t\t\t\t<\/ul>","protected":false},"excerpt":{"rendered":"<p><a href=\"tel:3056737000\" style=\"text-decoration:none; color:#004896;\"><br \/>\n    <i class=\"fa-solid fa-phone\"><\/i> 305.673.7000<br \/>\n<\/a><a href=\"https:\/\/www.miamibeachfl.gov\/pt\/city-hall\/finance\/additional-information\/\" style=\"text-decoration:none; color:#004896;\"><br \/>\n    <i class=\"fa-solid fa-circle-info\"><\/i> Informa\u00e7\u00f5es de contato<br \/>\n<\/a><\/p>","protected":false},"author":222,"featured_media":244204,"parent":28206,"menu_order":155,"comment_status":"closed","ping_status":"closed","template":"","meta":{"_searchwp_excluded":"","site-sidebar-layout":"default","site-content-layout":"","ast-site-content-layout":"default","site-content-style":"default","site-sidebar-style":"default","ast-global-header-display":"","ast-banner-title-visibility":"","ast-main-header-display":"","ast-hfb-above-header-display":"","ast-hfb-below-header-display":"","ast-hfb-mobile-header-display":"","site-post-title":"","ast-breadcrumbs-content":"","ast-featured-img":"","footer-sml-layout":"","theme-transparent-header-meta":"","adv-header-id-meta":"","stick-header-meta":"","header-above-stick-meta":"","header-main-stick-meta":"","header-below-stick-meta":"","astra-migrate-meta-layouts":"default","ast-page-background-enabled":"default","ast-page-background-meta":{"desktop":{"background-color":"var(--ast-global-color-5)","background-image":"","background-repeat":"repeat","background-position":"center center","background-size":"auto","background-attachment":"scroll","background-type":"","background-media":"","overlay-type":"","overlay-color":"","overlay-opacity":"","overlay-gradient":""},"tablet":{"background-color":"","background-image":"","background-repeat":"repeat","background-position":"center center","background-size":"auto","background-attachment":"scroll","background-type":"","background-media":"","overlay-type":"","overlay-color":"","overlay-opacity":"","overlay-gradient":""},"mobile":{"background-color":"","background-image":"","background-repeat":"repeat","background-position":"center center","background-size":"auto","background-attachment":"scroll","background-type":"","background-media":"","overlay-type":"","overlay-color":"","overlay-opacity":"","overlay-gradient":""}},"ast-content-background-meta":{"desktop":{"background-color":"var(--ast-global-color-4)","background-image":"","background-repeat":"repeat","background-position":"center center","background-size":"auto","background-attachment":"scroll","background-type":"","background-media":"","overlay-type":"","overlay-color":"","overlay-opacity":"","overlay-gradient":""},"tablet":{"background-color":"var(--ast-global-color-4)","background-image":"","background-repeat":"repeat","background-position":"center center","background-size":"auto","background-attachment":"scroll","background-type":"","background-media":"","overlay-type":"","overlay-color":"","overlay-opacity":"","overlay-gradient":""},"mobile":{"background-color":"var(--ast-global-color-4)","background-image":"","background-repeat":"repeat","background-position":"center center","background-size":"auto","background-attachment":"scroll","background-type":"","background-media":"","overlay-type":"","overlay-color":"","overlay-opacity":"","overlay-gradient":""}},"footnotes":""},"categories":[],"tags":[1727,1728],"class_list":["post-28259","page","type-page","status-publish","has-post-thumbnail","hentry","tag-administrative","tag-business"],"yoast_head":"<!-- This site is optimized with the Yoast SEO Premium plugin v26.6 (Yoast SEO v26.6) - https:\/\/yoast.com\/wordpress\/plugins\/seo\/ -->\n<title>Finance - City of Miami Beach<\/title>\n<meta name=\"description\" content=\"The Finance Department provides financial management and policy support, analytical services, and financial information regarding City funds.\" \/>\n<meta name=\"robots\" content=\"index, follow, max-snippet:-1, max-image-preview:large, max-video-preview:-1\" \/>\n<link rel=\"canonical\" href=\"https:\/\/www.miamibeachfl.gov\/pt\/city-hall\/finance\/\" \/>\n<meta property=\"og:locale\" content=\"pt_BR\" \/>\n<meta property=\"og:type\" content=\"article\" \/>\n<meta property=\"og:title\" content=\"Finance\" \/>\n<meta property=\"og:description\" content=\"The Finance Department provides financial management and policy support, analytical services, and financial information regarding City funds.\" \/>\n<meta property=\"og:url\" content=\"https:\/\/www.miamibeachfl.gov\/pt\/city-hall\/finance\/\" \/>\n<meta property=\"og:site_name\" content=\"City of Miami Beach\" \/>\n<meta property=\"article:publisher\" content=\"https:\/\/www.facebook.com\/cityofmiamibeach\" \/>\n<meta property=\"article:modified_time\" content=\"2025-12-30T16:26:22+00:00\" \/>\n<meta property=\"og:image\" content=\"https:\/\/www.miamibeachfl.gov\/wp-content\/uploads\/2023\/01\/businesspeople-tablet.jpg\" \/>\n\t<meta property=\"og:image:width\" content=\"1000\" \/>\n\t<meta property=\"og:image:height\" content=\"1000\" \/>\n\t<meta property=\"og:image:type\" content=\"image\/jpeg\" \/>\n<meta name=\"twitter:card\" content=\"summary_large_image\" \/>\n<meta name=\"twitter:site\" content=\"@Miamibeachnews\" \/>\n<script type=\"application\/ld+json\" class=\"yoast-schema-graph\">{\"@context\":\"https:\/\/schema.org\",\"@graph\":[{\"@type\":\"WebPage\",\"@id\":\"https:\/\/www.miamibeachfl.gov\/city-hall\/finance\/\",\"url\":\"https:\/\/www.miamibeachfl.gov\/city-hall\/finance\/\",\"name\":\"Finance - City of Miami Beach\",\"isPartOf\":{\"@id\":\"https:\/\/www.miamibeachfl.gov\/#website\"},\"primaryImageOfPage\":{\"@id\":\"https:\/\/www.miamibeachfl.gov\/city-hall\/finance\/#primaryimage\"},\"image\":{\"@id\":\"https:\/\/www.miamibeachfl.gov\/city-hall\/finance\/#primaryimage\"},\"thumbnailUrl\":\"https:\/\/www.miamibeachfl.gov\/wp-content\/uploads\/2023\/01\/businesspeople-tablet.jpg\",\"datePublished\":\"2017-08-11T00:02:26+00:00\",\"dateModified\":\"2025-12-30T16:26:22+00:00\",\"description\":\"The Finance Department provides financial management and policy support, analytical services, and financial information regarding City funds.\",\"breadcrumb\":{\"@id\":\"https:\/\/www.miamibeachfl.gov\/city-hall\/finance\/#breadcrumb\"},\"inLanguage\":\"pt-BR\",\"potentialAction\":[{\"@type\":\"ReadAction\",\"target\":[\"https:\/\/www.miamibeachfl.gov\/city-hall\/finance\/\"]}]},{\"@type\":\"ImageObject\",\"inLanguage\":\"pt-BR\",\"@id\":\"https:\/\/www.miamibeachfl.gov\/city-hall\/finance\/#primaryimage\",\"url\":\"https:\/\/www.miamibeachfl.gov\/wp-content\/uploads\/2023\/01\/businesspeople-tablet.jpg\",\"contentUrl\":\"https:\/\/www.miamibeachfl.gov\/wp-content\/uploads\/2023\/01\/businesspeople-tablet.jpg\",\"width\":1000,\"height\":1000,\"caption\":\"Business People looking at Tablet\"},{\"@type\":\"BreadcrumbList\",\"@id\":\"https:\/\/www.miamibeachfl.gov\/city-hall\/finance\/#breadcrumb\",\"itemListElement\":[{\"@type\":\"ListItem\",\"position\":1,\"name\":\"Home\",\"item\":\"https:\/\/www.miamibeachfl.gov\/\"},{\"@type\":\"ListItem\",\"position\":2,\"name\":\"City Hall\",\"item\":\"https:\/\/www.miamibeachfl.gov\/city-hall\/\"},{\"@type\":\"ListItem\",\"position\":3,\"name\":\"Finance\"}]},{\"@type\":\"WebSite\",\"@id\":\"https:\/\/www.miamibeachfl.gov\/#website\",\"url\":\"https:\/\/www.miamibeachfl.gov\/\",\"name\":\"City of Miami Beach\",\"description\":\"The official website of the City of Miami Beach. Stay informed, find important information on city services, news, alerts, events, trolley routes, government employment and more.\",\"publisher\":{\"@id\":\"https:\/\/www.miamibeachfl.gov\/#organization\"},\"potentialAction\":[{\"@type\":\"SearchAction\",\"target\":{\"@type\":\"EntryPoint\",\"urlTemplate\":\"https:\/\/www.miamibeachfl.gov\/?s={search_term_string}\"},\"query-input\":{\"@type\":\"PropertyValueSpecification\",\"valueRequired\":true,\"valueName\":\"search_term_string\"}}],\"inLanguage\":\"pt-BR\"},{\"@type\":\"Organization\",\"@id\":\"https:\/\/www.miamibeachfl.gov\/#organization\",\"name\":\"City of Miami Beach\",\"url\":\"https:\/\/www.miamibeachfl.gov\/\",\"logo\":{\"@type\":\"ImageObject\",\"inLanguage\":\"pt-BR\",\"@id\":\"https:\/\/www.miamibeachfl.gov\/#\/schema\/logo\/image\/\",\"url\":\"https:\/\/www.miamibeachfl.gov\/wp-content\/uploads\/2022\/06\/miamibeach-logoblue.png\",\"contentUrl\":\"https:\/\/www.miamibeachfl.gov\/wp-content\/uploads\/2022\/06\/miamibeach-logoblue.png\",\"width\":1962,\"height\":381,\"caption\":\"City of Miami Beach\"},\"image\":{\"@id\":\"https:\/\/www.miamibeachfl.gov\/#\/schema\/logo\/image\/\"},\"sameAs\":[\"https:\/\/www.facebook.com\/cityofmiamibeach\",\"https:\/\/x.com\/Miamibeachnews\",\"https:\/\/www.instagram.com\/miamibeachnews\/\"],\"description\":\"The official website of the City of Miami Beach. Stay informed, find important information on city services, news, alerts, events, trolley routes, government employment and more.\",\"telephone\":\"305.604.CITY(2489)\",\"legalName\":\"City of Miami Beach\"}]}<\/script>\n<!-- \/ Yoast SEO Premium plugin. -->","yoast_head_json":{"title":"Finan\u00e7as - Cidade de Miami Beach","description":"O Departamento Financeiro fornece suporte de gest\u00e3o e pol\u00edticas financeiras, servi\u00e7os anal\u00edticos e informa\u00e7\u00f5es financeiras sobre fundos da cidade.","robots":{"index":"index","follow":"follow","max-snippet":"max-snippet:-1","max-image-preview":"max-image-preview:large","max-video-preview":"max-video-preview:-1"},"canonical":"https:\/\/www.miamibeachfl.gov\/pt\/city-hall\/finance\/","og_locale":"pt_BR","og_type":"article","og_title":"Finance","og_description":"The Finance Department provides financial management and policy support, analytical services, and financial information regarding City funds.","og_url":"https:\/\/www.miamibeachfl.gov\/pt\/city-hall\/finance\/","og_site_name":"City of Miami Beach","article_publisher":"https:\/\/www.facebook.com\/cityofmiamibeach","article_modified_time":"2025-12-30T16:26:22+00:00","og_image":[{"width":1000,"height":1000,"url":"https:\/\/www.miamibeachfl.gov\/wp-content\/uploads\/2023\/01\/businesspeople-tablet.jpg","type":"image\/jpeg"}],"twitter_card":"summary_large_image","twitter_site":"@Miamibeachnews","schema":{"@context":"https:\/\/schema.org","@graph":[{"@type":"WebPage","@id":"https:\/\/www.miamibeachfl.gov\/city-hall\/finance\/","url":"https:\/\/www.miamibeachfl.gov\/city-hall\/finance\/","name":"Finan\u00e7as - Cidade de Miami Beach","isPartOf":{"@id":"https:\/\/www.miamibeachfl.gov\/#website"},"primaryImageOfPage":{"@id":"https:\/\/www.miamibeachfl.gov\/city-hall\/finance\/#primaryimage"},"image":{"@id":"https:\/\/www.miamibeachfl.gov\/city-hall\/finance\/#primaryimage"},"thumbnailUrl":"https:\/\/www.miamibeachfl.gov\/wp-content\/uploads\/2023\/01\/businesspeople-tablet.jpg","datePublished":"2017-08-11T00:02:26+00:00","dateModified":"2025-12-30T16:26:22+00:00","description":"O Departamento Financeiro fornece suporte de gest\u00e3o e pol\u00edticas financeiras, servi\u00e7os anal\u00edticos e informa\u00e7\u00f5es financeiras sobre fundos da cidade.","breadcrumb":{"@id":"https:\/\/www.miamibeachfl.gov\/city-hall\/finance\/#breadcrumb"},"inLanguage":"pt-BR","potentialAction":[{"@type":"ReadAction","target":["https:\/\/www.miamibeachfl.gov\/city-hall\/finance\/"]}]},{"@type":"ImageObject","inLanguage":"pt-BR","@id":"https:\/\/www.miamibeachfl.gov\/city-hall\/finance\/#primaryimage","url":"https:\/\/www.miamibeachfl.gov\/wp-content\/uploads\/2023\/01\/businesspeople-tablet.jpg","contentUrl":"https:\/\/www.miamibeachfl.gov\/wp-content\/uploads\/2023\/01\/businesspeople-tablet.jpg","width":1000,"height":1000,"caption":"Business People looking at Tablet"},{"@type":"BreadcrumbList","@id":"https:\/\/www.miamibeachfl.gov\/city-hall\/finance\/#breadcrumb","itemListElement":[{"@type":"ListItem","position":1,"name":"Home","item":"https:\/\/www.miamibeachfl.gov\/"},{"@type":"ListItem","position":2,"name":"City Hall","item":"https:\/\/www.miamibeachfl.gov\/city-hall\/"},{"@type":"ListItem","position":3,"name":"Finance"}]},{"@type":"WebSite","@id":"https:\/\/www.miamibeachfl.gov\/#website","url":"https:\/\/www.miamibeachfl.gov\/","name":"Cidade de Miami Beach","description":"Site oficial da cidade de Miami Beach. Mantenha-se informado e encontre informa\u00e7\u00f5es importantes sobre servi\u00e7os municipais, not\u00edcias, alertas, eventos, rotas de bonde, empregos p\u00fablicos e muito mais.","publisher":{"@id":"https:\/\/www.miamibeachfl.gov\/#organization"},"potentialAction":[{"@type":"SearchAction","target":{"@type":"EntryPoint","urlTemplate":"https:\/\/www.miamibeachfl.gov\/?s={search_term_string}"},"query-input":{"@type":"PropertyValueSpecification","valueRequired":true,"valueName":"search_term_string"}}],"inLanguage":"pt-BR"},{"@type":"Organization","@id":"https:\/\/www.miamibeachfl.gov\/#organization","name":"Cidade de Miami Beach","url":"https:\/\/www.miamibeachfl.gov\/","logo":{"@type":"ImageObject","inLanguage":"pt-BR","@id":"https:\/\/www.miamibeachfl.gov\/#\/schema\/logo\/image\/","url":"https:\/\/www.miamibeachfl.gov\/wp-content\/uploads\/2022\/06\/miamibeach-logoblue.png","contentUrl":"https:\/\/www.miamibeachfl.gov\/wp-content\/uploads\/2022\/06\/miamibeach-logoblue.png","width":1962,"height":381,"caption":"City of Miami Beach"},"image":{"@id":"https:\/\/www.miamibeachfl.gov\/#\/schema\/logo\/image\/"},"sameAs":["https:\/\/www.facebook.com\/cityofmiamibeach","https:\/\/x.com\/Miamibeachnews","https:\/\/www.instagram.com\/miamibeachnews\/"],"description":"Site oficial da cidade de Miami Beach. Mantenha-se informado e encontre informa\u00e7\u00f5es importantes sobre servi\u00e7os municipais, not\u00edcias, alertas, eventos, rotas de bonde, empregos p\u00fablicos e muito mais.","telephone":"305.604.CITY(2489)","legalName":"City of Miami Beach"}]}},"_links":{"self":[{"href":"https:\/\/www.miamibeachfl.gov\/pt\/wp-json\/wp\/v2\/pages\/28259","targetHints":{"allow":["GET"]}}],"collection":[{"href":"https:\/\/www.miamibeachfl.gov\/pt\/wp-json\/wp\/v2\/pages"}],"about":[{"href":"https:\/\/www.miamibeachfl.gov\/pt\/wp-json\/wp\/v2\/types\/page"}],"author":[{"embeddable":true,"href":"https:\/\/www.miamibeachfl.gov\/pt\/wp-json\/wp\/v2\/users\/222"}],"replies":[{"embeddable":true,"href":"https:\/\/www.miamibeachfl.gov\/pt\/wp-json\/wp\/v2\/comments?post=28259"}],"version-history":[{"count":0,"href":"https:\/\/www.miamibeachfl.gov\/pt\/wp-json\/wp\/v2\/pages\/28259\/revisions"}],"up":[{"embeddable":true,"href":"https:\/\/www.miamibeachfl.gov\/pt\/wp-json\/wp\/v2\/pages\/28206"}],"wp:featuredmedia":[{"embeddable":true,"href":"https:\/\/www.miamibeachfl.gov\/pt\/wp-json\/wp\/v2\/media\/244204"}],"wp:attachment":[{"href":"https:\/\/www.miamibeachfl.gov\/pt\/wp-json\/wp\/v2\/media?parent=28259"}],"wp:term":[{"taxonomy":"category","embeddable":true,"href":"https:\/\/www.miamibeachfl.gov\/pt\/wp-json\/wp\/v2\/categories?post=28259"},{"taxonomy":"post_tag","embeddable":true,"href":"https:\/\/www.miamibeachfl.gov\/pt\/wp-json\/wp\/v2\/tags?post=28259"}],"curies":[{"name":"wp","href":"https:\/\/api.w.org\/{rel}","templated":true}]}}