{"id":28262,"date":"2017-08-11T00:02:29","date_gmt":"2017-08-11T00:02:29","guid":{"rendered":"http:\/\/www.miamibeachfl.gov\/city-hall\/finance\/filepay-resort-tax\/"},"modified":"2026-01-07T09:59:24","modified_gmt":"2026-01-07T14:59:24","slug":"filepay-resort-tax","status":"publish","type":"page","link":"https:\/\/www.miamibeachfl.gov\/pt\/city-hall\/finance\/filepay-resort-tax\/","title":{"rendered":"Arquivar\/Pagar Imposto de Resort"},"content":{"rendered":"<img decoding=\"async\" src=\"https:\/\/www.miamibeachfl.gov\/wp-content\/uploads\/2022\/07\/hero-small.jpg\" alt=\"ocean drive art deco buildings\" itemprop=\"image\" height=\"211\" width=\"2395\" title=\"her\u00f3i-pequeno\" onerror=\"this.style.display='none'\" loading=\"lazy\" \/>\n<h1>\n\t\t\tArquivar\/Pagar Imposto de Resort\t<\/h1>\n\t<nav id=\"breadcrumbs\" aria-label=\"Migalhas de p\u00e3o\"><a href=\"https:\/\/www.miamibeachfl.gov\/pt\/\">Lar<\/a> &gt; <a href=\"https:\/\/www.miamibeachfl.gov\/pt\/city-hall\/\">Prefeitura<\/a> &gt; <a href=\"https:\/\/www.miamibeachfl.gov\/pt\/city-hall\/finance\/\">Financiar<\/a> &gt; <strong>Arquivar\/Pagar Imposto de Resort<\/strong><\/nav>\n\t<p>Para perguntas sobre atendimento ao cliente, ligue para nossa linha principal no n\u00famero 305.673.7420, de segunda a sexta, das 8h30 \u00e0s 18h ou envie um e-mail para <a href=\"mailto: mbhelp@miamibeachfl.gov\">mbhelp@miamibeachfl.gov <\/a><\/p>\n\t<p>Qualquer aluguel de quartos em hot\u00e9is, mot\u00e9is, pens\u00f5es, apartamentos ou restaurantes que vendam alimentos, bebidas e bebidas alco\u00f3licas deve ser registrado e remeter o imposto de resort \u00e0 Prefeitura de Miami Beach. H\u00e1 um imposto 4% sobre o aluguel de um quarto ou quartos em hot\u00e9is, mot\u00e9is, pens\u00f5es ou apartamentos, e um imposto 2% sobre o pre\u00e7o total de venda de todos os alimentos, bebidas e bebidas alco\u00f3licas (incluindo cerveja e vinho) vendidos em restaurantes, bares ou casas noturnas.<\/p>\n<strong><a href=\"https:\/\/resorttax.miamibeachfl.gov\/app\/calculator\" target=\"_blank\" rel=\"noopener\">Calculadora de impostos de resort<\/a><\/strong><br \/>\n<strong><a href=\"https:\/\/resorttax.miamibeachfl.gov\/app\" target=\"_blank\" rel=\"noopener\">Entrar com o arquivo\/pagamento do imposto do resort<\/a><\/strong>\n<h2><b>Formul\u00e1rios:<\/b><\/h2>\n<strong><a href=\"https:\/\/www.miamibeachfl.gov\/wp-content\/uploads\/2022\/09\/RESORT-TAX-REGISTRATION-FRONT-2.pdf\"> Formul\u00e1rio de registro de imposto de resort <\/a><\/strong><br \/>\n<strong><a href=\"http:\/\/www.miamibeachfl.gov\/wp-content\/uploads\/2020\/05\/Instructions-Resort-Tax-Online-System.pdf\">Instru\u00e7\u00f5es de inscri\u00e7\u00e3o para o imposto de resort<\/a><\/strong>\n<h3><b>Metas e Objetivos<\/b><\/h3>\n<p>Continue a impor o cumprimento do artigo iv, se\u00e7\u00e3o 102 do c\u00f3digo da cidade por meio de:<\/p>\n<ul>\n<li>Fornecendo um servi\u00e7o mais eficiente aos nossos clientes por meio de:\n<ul type=\"square\">\n<li>Utilizando fich\u00e1rio a laser para manuten\u00e7\u00e3o de registros de documentos de clientes.<\/li>\n<\/ul>\n<\/li>\n<li>Melhoria cont\u00ednua dos esfor\u00e7os de cobran\u00e7a por meio de:\n<ul type=\"square\">\n<li>Continuando o trabalho com o Departamento Jur\u00eddico para cobran\u00e7as mais eficazes.<\/li>\n<li>Continuar trabalhando com o Departamento de Auditoria Interna para melhorar a efici\u00eancia da avalia\u00e7\u00e3o de auditoria.<\/li>\n<\/ul>\n<\/li>\n<\/ul>\n\t\t\t\t\t<a href=\"#\"  id=\"fl-accordion--label-0\" tabindex=\"0\" aria-controls=\"fl-accordion--panel-0\">Como trato as vendas de fornecedores terceirizados, como AirBNB, Uber Eats, Grub-hub e Postmates?<\/a>\n\t\t\t\t\t\t\t\t\t\t\t<a href=\"#\" id=\"fl-accordion--icon-0\" tabindex=\"-1\"><i title=\"Expandir\">Expandir<\/i><\/a>\n\t\t\t\t\t<p>Voc\u00ea precisa relatar\/incluir essas vendas em seus registros mensais.<\/p>\n\t\t\t\t\t<a href=\"#\"  id=\"fl-accordion--label-1\" tabindex=\"0\" aria-controls=\"fl-accordion--panel-1\">Qual \u00e9 o valor do Imposto de Resort cobrado dos clientes pelo aluguel tempor\u00e1rio de quartos?<\/a>\n\t\t\t\t\t\t\t\t\t\t\t<a href=\"#\" id=\"fl-accordion--icon-1\" tabindex=\"-1\"><i title=\"Expandir\">Expandir<\/i><\/a>\n\t\t\t\t\t<p>Quatro por cento (4%) para todos os alugu\u00e9is tempor\u00e1rios por seis (6) meses ou menos.<\/p>\n\t\t\t\t\t<a href=\"#\"  id=\"fl-accordion--label-2\" tabindex=\"0\" aria-controls=\"fl-accordion--panel-2\">Qual \u00e9 o valor do Imposto de Resort cobrado dos clientes pela venda de alimentos, bebidas e bebidas alco\u00f3licas?<\/a>\n\t\t\t\t\t\t\t\t\t\t\t<a href=\"#\" id=\"fl-accordion--icon-2\" tabindex=\"-1\"><i title=\"Expandir\">Expandir<\/i><\/a>\n\t\t\t\t\t<p>Dois por cento (2%).<\/p>\n\t\t\t\t\t<a href=\"#\"  id=\"fl-accordion--label-3\" tabindex=\"0\" aria-controls=\"fl-accordion--panel-3\">Qual se\u00e7\u00e3o do C\u00f3digo da Cidade rege os impostos de resort?<\/a>\n\t\t\t\t\t\t\t\t\t\t\t<a href=\"#\" id=\"fl-accordion--icon-3\" tabindex=\"-1\"><i title=\"Expandir\">Expandir<\/i><\/a>\n\t\t\t\t\t<p>O C\u00f3digo da Cidade, Cap\u00edtulo 102, Artigo IV, Se\u00e7\u00f5es 246 a 254, aplica-se ao Imposto de Resort. O C\u00f3digo da Cidade completo pode ser encontrado no site da cidade em https:\/\/www.miamibeachfl.gov\/ e, em seguida: \u2022 Selecionando \u201cLocalizar\u201d na caixa suspensa em 1. Preciso\u2026 \u2022 Selecionando \u201cC\u00f3digo da Cidade\u201d na caixa suspensa em 2. Localizar\u2026 \u2022 Pressionando Localizar Agora<\/p>\n\t\t\t\t\t<a href=\"#\"  id=\"fl-accordion--label-4\" tabindex=\"0\" aria-controls=\"fl-accordion--panel-4\">Como uma empresa pode se envolver em uma atividade qualificada para o Imposto de Resort na Cidade de Miami Beach?<\/a>\n\t\t\t\t\t\t\t\t\t\t\t<a href=\"#\" id=\"fl-accordion--icon-4\" tabindex=\"-1\"><i title=\"Expandir\">Expandir<\/i><\/a>\n\t\t\t\t\t<p>A empresa teria que solicitar um Recibo de Imposto Comercial e uma Conta de Imposto de Resort.<\/p>\n<p>O requerimento de Recibo de Imposto Comercial ser\u00e1 encaminhado aos seguintes departamentos regulat\u00f3rios:<\/p>\n<ul>\n<li>Planejamento e Zoneamento;<\/li>\n<li>Pr\u00e9dio;<\/li>\n<li>Fogo;<\/li>\n<li>Conformidade com o C\u00f3digo;<\/li>\n<li>Financiar<\/li>\n<\/ul>\n\t\t\t\t\t<a href=\"#\"  id=\"fl-accordion--label-5\" tabindex=\"0\" aria-controls=\"fl-accordion--panel-5\">O que \u00e9 necess\u00e1rio para um recibo de imposto comercial?<\/a>\n\t\t\t\t\t\t\t\t\t\t\t<a href=\"#\" id=\"fl-accordion--icon-5\" tabindex=\"-1\"><i title=\"Expandir\">Expandir<\/i><\/a>\n\t\t\t\t\t<p>Os seguintes itens s\u00e3o necess\u00e1rios:<\/p>\n<ol>\n<li>N\u00famero de Identifica\u00e7\u00e3o Fiscal Federal ou N\u00famero de Seguro Social;<\/li>\n<li>Estatuto Social;<\/li>\n<li>Declara\u00e7\u00e3o de loca\u00e7\u00e3o\/encerramento;<\/li>\n<li>Registro de nome fict\u00edcio;<\/li>\n<li>Licen\u00e7a Estadual;<\/li>\n<li>Aplica\u00e7\u00e3o RT;<\/li>\n<li>Para unidades de condom\u00ednio individuais: uma carta da Associa\u00e7\u00e3o de Condom\u00ednio da unidade informando que atividades de aluguel tempor\u00e1rio s\u00e3o permitidas no endere\u00e7o.<\/li>\n<\/ol>\n\t\t\t\t\t<a href=\"#\"  id=\"fl-accordion--label-6\" tabindex=\"0\" aria-controls=\"fl-accordion--panel-6\">Existem situa\u00e7\u00f5es em que voc\u00ea pode legalmente se envolver em uma opera\u00e7\u00e3o de aluguel tempor\u00e1rio sem um recibo de imposto comercial ou uma conta de imposto de resort?<\/a>\n\t\t\t\t\t\t\t\t\t\t\t<a href=\"#\" id=\"fl-accordion--icon-6\" tabindex=\"-1\"><i title=\"Expandir\">Expandir<\/i><\/a>\n\t\t\t\t\t<p>Nenhum.<\/p>\n\t\t\t\t\t<a href=\"#\"  id=\"fl-accordion--label-7\" tabindex=\"0\" aria-controls=\"fl-accordion--panel-7\">Um inquilino pode obter um recibo de imposto comercial para alugu\u00e9is tempor\u00e1rios em um condom\u00ednio?<\/a>\n\t\t\t\t\t\t\t\t\t\t\t<a href=\"#\" id=\"fl-accordion--icon-7\" tabindex=\"-1\"><i title=\"Expandir\">Expandir<\/i><\/a>\n\t\t\t\t\t<p>N\u00e3o. Os recibos de imposto comercial para atividades de aluguel tempor\u00e1rio s\u00e3o emitidos apenas para propriet\u00e1rios de unidades<\/p>\n\t\t\t\t\t<a href=\"#\"  id=\"fl-accordion--label-8\" tabindex=\"0\" aria-controls=\"fl-accordion--panel-8\">As listas de todos os recibos de impostos comerciais aprovados est\u00e3o dispon\u00edveis on-line?<\/a>\n\t\t\t\t\t\t\t\t\t\t\t<a href=\"#\" id=\"fl-accordion--icon-8\" tabindex=\"-1\"><i title=\"Expandir\">Expandir<\/i><\/a>\n\t\t\t\t\t<p>Sim, a lista est\u00e1 dispon\u00edvel no seguinte link: <a href=\"https:\/\/apps.miamibeachfl.gov\/businessdirectory\">https:\/\/apps.miamibeachfl.gov\/businessdirectory<\/a><\/p>\n\t\t\t\t\t<a href=\"#\"  id=\"fl-accordion--label-9\" tabindex=\"0\" aria-controls=\"fl-accordion--panel-9\">Qual \u00e9 a data de vencimento para remessa das Taxas de Resort coletadas?<\/a>\n\t\t\t\t\t\t\t\t\t\t\t<a href=\"#\" id=\"fl-accordion--icon-9\" tabindex=\"-1\"><i title=\"Expandir\">Expandir<\/i><\/a>\n\t\t\t\t\t<p>Todas as contas mensais devem ser entregues at\u00e9 o dia 20 de cada m\u00eas, referentes \u00e0s arrecada\u00e7\u00f5es do m\u00eas anterior. Todos os contribuintes anuais devem entregar at\u00e9 20 de maio, referentes \u00e0s arrecada\u00e7\u00f5es do ano anterior (maio-abril).<\/p>\n\t\t\t\t\t<a href=\"#\"  id=\"fl-accordion--label-10\" tabindex=\"0\" aria-controls=\"fl-accordion--panel-10\">Posso registrar e remeter meus impostos de resort on-line?<\/a>\n\t\t\t\t\t\t\t\t\t\t\t<a href=\"#\" id=\"fl-accordion--icon-10\" tabindex=\"-1\"><i title=\"Expandir\">Expandir<\/i><\/a>\n\t\t\t\t\t<p>Sim, acessando o portal on-line do Resort Tax da cidade:\u00a0<a href=\"https:\/\/resorttax.miamibeachfl.gov\/app\" target=\"_blank\" rel=\"noopener\">https:\/\/resorttax.miamibeachfl.gov\/app<\/a><\/p>\n<p>&nbsp;<\/p>\n\t\t\t\t\t<a href=\"#\"  id=\"fl-accordion--label-11\" tabindex=\"0\" aria-controls=\"fl-accordion--panel-11\"> Posso pagar uma avalia\u00e7\u00e3o de auditoria on-line?<\/a>\n\t\t\t\t\t\t\t\t\t\t\t<a href=\"#\" id=\"fl-accordion--icon-11\" tabindex=\"-1\"><i title=\"Expandir\">Expandir<\/i><\/a>\n\t\t\t\t\t<p>Sim, ao acessar o portal do Imposto de Resort on-line da cidade, voc\u00ea pode pagar a avalia\u00e7\u00e3o:<\/p>\n<p>\u2022 Selecionar o status da conta; e<\/p>\n<p>\u2022 Selecionando avalia\u00e7\u00e3o.<\/p>\n\t\t\t\t\t<a href=\"#\"  id=\"fl-accordion--label-12\" tabindex=\"0\" aria-controls=\"fl-accordion--panel-12\">Posso alterar uma declara\u00e7\u00e3o de imposto de resort?<\/a>\n\t\t\t\t\t\t\t\t\t\t\t<a href=\"#\" id=\"fl-accordion--icon-12\" tabindex=\"-1\"><i title=\"Expandir\">Expandir<\/i><\/a>\n\t\t\t\t\t<p>Sim, acessando o site online da cidade <a href=\"https:\/\/resorttax.miamibeachfl.gov\/app\">Portal de impostos de resort<\/a>, voc\u00ea pode alterar sua declara\u00e7\u00e3o.<\/p>\n\t\t\t\t\t<a href=\"#\"  id=\"fl-accordion--label-13\" tabindex=\"0\" aria-controls=\"fl-accordion--panel-13\">Esqueci minha senha on-line. Como fa\u00e7o para alterar\/redefinir minha senha?<\/a>\n\t\t\t\t\t\t\t\t\t\t\t<a href=\"#\" id=\"fl-accordion--icon-13\" tabindex=\"-1\"><i title=\"Expandir\">Expandir<\/i><\/a>\n\t\t\t\t\t<p>Voc\u00ea precisar\u00e1 ligar para o departamento de atendimento ao cliente pelo telefone 305-673-7420.<\/p>\n\t\t\t\t\t<a href=\"#\"  id=\"fl-accordion--label-14\" tabindex=\"0\" aria-controls=\"fl-accordion--panel-14\">Posso enviar minha declara\u00e7\u00e3o de imposto de renda pelo correio?<\/a>\n\t\t\t\t\t\t\t\t\t\t\t<a href=\"#\" id=\"fl-accordion--icon-14\" tabindex=\"-1\"><i title=\"Expandir\">Expandir<\/i><\/a>\n\t\t\t\t\t<p>Sim, voc\u00ea pode optar por enviar sua declara\u00e7\u00e3o de imposto de renda e o pagamento pelo correio, desde que a declara\u00e7\u00e3o tenha o carimbo postal at\u00e9 o dia 20 de cada m\u00eas. H\u00e1 uma taxa de declara\u00e7\u00e3o manual de $25 adicionada \u00e0 declara\u00e7\u00e3o de imposto de renda.<\/p>\n\t\tNavegar para\u2026\t\t\t\n\t\t\t\t\t<ul id=\"menu-finance-old\"><li id=\"menu-item-364725\"><a href=\"\/pt\/city-hall\/finance\/administration\/\">Administra\u00e7\u00e3o<\/a><\/li>\n<li id=\"menu-item-364726\"><a href=\"\/pt\/city-hall\/finance\/business-tax-receipts-btr\/\">Recibo de imposto comercial, certificado de uso e inspe\u00e7\u00e3o anual de inc\u00eandio<\/a><\/li>\n<li id=\"menu-item-364727\"><a href=\"\/pt\/city-hall\/finance\/filepay-resort-tax\/\">Arquivar\/Pagar Imposto de Resort<\/a><\/li>\n<li id=\"menu-item-364728\"><a href=\"\/pt\/city-hall\/finance\/financial-documents\/\">Relat\u00f3rios Financeiros<\/a><\/li>\n<li id=\"menu-item-364729\"><a href=\"\/pt\/city-hall\/finance\/general-ledger\/\">Servi\u00e7os Financeiros<\/a><\/li>\n<li id=\"menu-item-364730\"><a href=\"\/pt\/city-hall\/finance\/grants-management\/\">Gest\u00e3o de Subs\u00eddios<\/a><\/li>\n<li id=\"menu-item-364731\"><a href=\"\/pt\/city-hall\/finance\/passport-information\/\">Informa\u00e7\u00f5es do passaporte<\/a><\/li>\n<li id=\"menu-item-364732\"><a href=\"\/pt\/city-hall\/finance\/pay-city-bill\/\">Pagar conta da cidade<\/a><\/li>\n<\/ul>\t\n\t<div class=\"page-navigation\"><a class=\"prev-page\" href=\"https:\/\/www.miamibeachfl.gov\/pt\/city-hall\/finance\/payview-utility-bill\/\">\u2190 Pagar\/Ver Conta de Servi\u00e7os P\u00fablicos<\/a> <a class=\"next-page\" href=\"https:\/\/www.miamibeachfl.gov\/pt\/city-hall\/finance\/pay-city-bill\/\">Pagar conta da cidade \u2192<\/a><\/div>","protected":false},"excerpt":{"rendered":"<p>Arquivar\/Pagar Imposto de Resort Home &gt; Prefeitura &gt; Finan\u00e7as &gt; Arquivar\/Pagar Imposto de Resort Para perguntas sobre atendimento ao cliente, ligue para nosso [\u2026]<\/p>","protected":false},"author":222,"featured_media":0,"parent":28259,"menu_order":260,"comment_status":"closed","ping_status":"closed","template":"","meta":{"_searchwp_excluded":"","site-sidebar-layout":"default","site-content-layout":"","ast-site-content-layout":"default","site-content-style":"default","site-sidebar-style":"default","ast-global-header-display":"","ast-banner-title-visibility":"","ast-main-header-display":"","ast-hfb-above-header-display":"","ast-hfb-below-header-display":"","ast-hfb-mobile-header-display":"","site-post-title":"","ast-breadcrumbs-content":"","ast-featured-img":"","footer-sml-layout":"","theme-transparent-header-meta":"","adv-header-id-meta":"","stick-header-meta":"","header-above-stick-meta":"","header-main-stick-meta":"","header-below-stick-meta":"","astra-migrate-meta-layouts":"default","ast-page-background-enabled":"default","ast-page-background-meta":{"desktop":{"background-color":"var(--ast-global-color-5)","background-image":"","background-repeat":"repeat","background-position":"center center","background-size":"auto","background-attachment":"scroll","background-type":"","background-media":"","overlay-type":"","overlay-color":"","overlay-opacity":"","overlay-gradient":""},"tablet":{"background-color":"","background-image":"","background-repeat":"repeat","background-position":"center center","background-size":"auto","background-attachment":"scroll","background-type":"","background-media":"","overlay-type":"","overlay-color":"","overlay-opacity":"","overlay-gradient":""},"mobile":{"background-color":"","background-image":"","background-repeat":"repeat","background-position":"center center","background-size":"auto","background-attachment":"scroll","background-type":"","background-media":"","overlay-type":"","overlay-color":"","overlay-opacity":"","overlay-gradient":""}},"ast-content-background-meta":{"desktop":{"background-color":"var(--ast-global-color-4)","background-image":"","background-repeat":"repeat","background-position":"center center","background-size":"auto","background-attachment":"scroll","background-type":"","background-media":"","overlay-type":"","overlay-color":"","overlay-opacity":"","overlay-gradient":""},"tablet":{"background-color":"var(--ast-global-color-4)","background-image":"","background-repeat":"repeat","background-position":"center center","background-size":"auto","background-attachment":"scroll","background-type":"","background-media":"","overlay-type":"","overlay-color":"","overlay-opacity":"","overlay-gradient":""},"mobile":{"background-color":"var(--ast-global-color-4)","background-image":"","background-repeat":"repeat","background-position":"center center","background-size":"auto","background-attachment":"scroll","background-type":"","background-media":"","overlay-type":"","overlay-color":"","overlay-opacity":"","overlay-gradient":""}},"footnotes":""},"categories":[],"tags":[1203],"class_list":["post-28262","page","type-page","status-publish","hentry","tag-exclude-from-permit-page"],"yoast_head":"<!-- This site is optimized with the Yoast SEO Premium plugin v26.6 (Yoast SEO v26.6) - https:\/\/yoast.com\/wordpress\/plugins\/seo\/ -->\n<title>File\/Pay Resort Tax - City of Miami Beach<\/title>\n<meta name=\"description\" content=\"%\" \/>\n<meta name=\"robots\" content=\"index, follow, max-snippet:-1, max-image-preview:large, max-video-preview:-1\" \/>\n<link rel=\"canonical\" href=\"https:\/\/www.miamibeachfl.gov\/pt\/city-hall\/finance\/filepay-resort-tax\/\" \/>\n<meta property=\"og:locale\" content=\"pt_BR\" \/>\n<meta property=\"og:type\" content=\"article\" \/>\n<meta property=\"og:title\" content=\"File\/Pay Resort Tax\" \/>\n<meta property=\"og:description\" content=\"%\" \/>\n<meta property=\"og:url\" content=\"https:\/\/www.miamibeachfl.gov\/pt\/city-hall\/finance\/filepay-resort-tax\/\" \/>\n<meta property=\"og:site_name\" content=\"City of Miami Beach\" \/>\n<meta property=\"article:publisher\" content=\"https:\/\/www.facebook.com\/cityofmiamibeach\" \/>\n<meta property=\"article:modified_time\" content=\"2026-01-07T14:59:24+00:00\" \/>\n<meta property=\"og:image\" content=\"https:\/\/www.miamibeachfl.gov\/wp-content\/uploads\/2022\/07\/hero-small.jpg\" \/>\n<meta name=\"twitter:card\" content=\"summary_large_image\" \/>\n<meta name=\"twitter:site\" content=\"@Miamibeachnews\" \/>\n<script type=\"application\/ld+json\" class=\"yoast-schema-graph\">{\"@context\":\"https:\/\/schema.org\",\"@graph\":[{\"@type\":\"WebPage\",\"@id\":\"https:\/\/www.miamibeachfl.gov\/city-hall\/finance\/filepay-resort-tax\/\",\"url\":\"https:\/\/www.miamibeachfl.gov\/city-hall\/finance\/filepay-resort-tax\/\",\"name\":\"File\/Pay Resort Tax - City of Miami Beach\",\"isPartOf\":{\"@id\":\"https:\/\/www.miamibeachfl.gov\/#website\"},\"primaryImageOfPage\":{\"@id\":\"https:\/\/www.miamibeachfl.gov\/city-hall\/finance\/filepay-resort-tax\/#primaryimage\"},\"image\":{\"@id\":\"https:\/\/www.miamibeachfl.gov\/city-hall\/finance\/filepay-resort-tax\/#primaryimage\"},\"thumbnailUrl\":\"https:\/\/www.miamibeachfl.gov\/wp-content\/uploads\/2022\/07\/hero-small.jpg\",\"datePublished\":\"2017-08-11T00:02:29+00:00\",\"dateModified\":\"2026-01-07T14:59:24+00:00\",\"description\":\"%\",\"breadcrumb\":{\"@id\":\"https:\/\/www.miamibeachfl.gov\/city-hall\/finance\/filepay-resort-tax\/#breadcrumb\"},\"inLanguage\":\"pt-BR\",\"potentialAction\":[{\"@type\":\"ReadAction\",\"target\":[\"https:\/\/www.miamibeachfl.gov\/city-hall\/finance\/filepay-resort-tax\/\"]}]},{\"@type\":\"ImageObject\",\"inLanguage\":\"pt-BR\",\"@id\":\"https:\/\/www.miamibeachfl.gov\/city-hall\/finance\/filepay-resort-tax\/#primaryimage\",\"url\":\"https:\/\/www.miamibeachfl.gov\/wp-content\/uploads\/2022\/07\/hero-small.jpg\",\"contentUrl\":\"https:\/\/www.miamibeachfl.gov\/wp-content\/uploads\/2022\/07\/hero-small.jpg\"},{\"@type\":\"BreadcrumbList\",\"@id\":\"https:\/\/www.miamibeachfl.gov\/city-hall\/finance\/filepay-resort-tax\/#breadcrumb\",\"itemListElement\":[{\"@type\":\"ListItem\",\"position\":1,\"name\":\"Home\",\"item\":\"https:\/\/www.miamibeachfl.gov\/\"},{\"@type\":\"ListItem\",\"position\":2,\"name\":\"City Hall\",\"item\":\"https:\/\/www.miamibeachfl.gov\/city-hall\/\"},{\"@type\":\"ListItem\",\"position\":3,\"name\":\"Finance\",\"item\":\"https:\/\/www.miamibeachfl.gov\/city-hall\/finance\/\"},{\"@type\":\"ListItem\",\"position\":4,\"name\":\"File\/Pay Resort Tax\"}]},{\"@type\":\"WebSite\",\"@id\":\"https:\/\/www.miamibeachfl.gov\/#website\",\"url\":\"https:\/\/www.miamibeachfl.gov\/\",\"name\":\"City of Miami Beach\",\"description\":\"The official website of the City of Miami Beach. Stay informed, find important information on city services, news, alerts, events, trolley routes, government employment and more.\",\"publisher\":{\"@id\":\"https:\/\/www.miamibeachfl.gov\/#organization\"},\"potentialAction\":[{\"@type\":\"SearchAction\",\"target\":{\"@type\":\"EntryPoint\",\"urlTemplate\":\"https:\/\/www.miamibeachfl.gov\/?s={search_term_string}\"},\"query-input\":{\"@type\":\"PropertyValueSpecification\",\"valueRequired\":true,\"valueName\":\"search_term_string\"}}],\"inLanguage\":\"pt-BR\"},{\"@type\":\"Organization\",\"@id\":\"https:\/\/www.miamibeachfl.gov\/#organization\",\"name\":\"City of Miami Beach\",\"url\":\"https:\/\/www.miamibeachfl.gov\/\",\"logo\":{\"@type\":\"ImageObject\",\"inLanguage\":\"pt-BR\",\"@id\":\"https:\/\/www.miamibeachfl.gov\/#\/schema\/logo\/image\/\",\"url\":\"https:\/\/www.miamibeachfl.gov\/wp-content\/uploads\/2022\/06\/miamibeach-logoblue.png\",\"contentUrl\":\"https:\/\/www.miamibeachfl.gov\/wp-content\/uploads\/2022\/06\/miamibeach-logoblue.png\",\"width\":1962,\"height\":381,\"caption\":\"City of Miami Beach\"},\"image\":{\"@id\":\"https:\/\/www.miamibeachfl.gov\/#\/schema\/logo\/image\/\"},\"sameAs\":[\"https:\/\/www.facebook.com\/cityofmiamibeach\",\"https:\/\/x.com\/Miamibeachnews\",\"https:\/\/www.instagram.com\/miamibeachnews\/\"],\"description\":\"The official website of the City of Miami Beach. Stay informed, find important information on city services, news, alerts, events, trolley routes, government employment and more.\",\"telephone\":\"305.604.CITY(2489)\",\"legalName\":\"City of Miami Beach\"}]}<\/script>\n<!-- \/ Yoast SEO Premium plugin. -->","yoast_head_json":{"title":"Arquivar\/Pagar Imposto de Resort - Cidade de Miami Beach","description":"%","robots":{"index":"index","follow":"follow","max-snippet":"max-snippet:-1","max-image-preview":"max-image-preview:large","max-video-preview":"max-video-preview:-1"},"canonical":"https:\/\/www.miamibeachfl.gov\/pt\/city-hall\/finance\/filepay-resort-tax\/","og_locale":"pt_BR","og_type":"article","og_title":"File\/Pay Resort Tax","og_description":"%","og_url":"https:\/\/www.miamibeachfl.gov\/pt\/city-hall\/finance\/filepay-resort-tax\/","og_site_name":"City of Miami Beach","article_publisher":"https:\/\/www.facebook.com\/cityofmiamibeach","article_modified_time":"2026-01-07T14:59:24+00:00","og_image":[{"url":"https:\/\/www.miamibeachfl.gov\/wp-content\/uploads\/2022\/07\/hero-small.jpg","type":"","width":"","height":""}],"twitter_card":"summary_large_image","twitter_site":"@Miamibeachnews","schema":{"@context":"https:\/\/schema.org","@graph":[{"@type":"WebPage","@id":"https:\/\/www.miamibeachfl.gov\/city-hall\/finance\/filepay-resort-tax\/","url":"https:\/\/www.miamibeachfl.gov\/city-hall\/finance\/filepay-resort-tax\/","name":"Arquivar\/Pagar Imposto de Resort - Cidade de Miami Beach","isPartOf":{"@id":"https:\/\/www.miamibeachfl.gov\/#website"},"primaryImageOfPage":{"@id":"https:\/\/www.miamibeachfl.gov\/city-hall\/finance\/filepay-resort-tax\/#primaryimage"},"image":{"@id":"https:\/\/www.miamibeachfl.gov\/city-hall\/finance\/filepay-resort-tax\/#primaryimage"},"thumbnailUrl":"https:\/\/www.miamibeachfl.gov\/wp-content\/uploads\/2022\/07\/hero-small.jpg","datePublished":"2017-08-11T00:02:29+00:00","dateModified":"2026-01-07T14:59:24+00:00","description":"%","breadcrumb":{"@id":"https:\/\/www.miamibeachfl.gov\/city-hall\/finance\/filepay-resort-tax\/#breadcrumb"},"inLanguage":"pt-BR","potentialAction":[{"@type":"ReadAction","target":["https:\/\/www.miamibeachfl.gov\/city-hall\/finance\/filepay-resort-tax\/"]}]},{"@type":"ImageObject","inLanguage":"pt-BR","@id":"https:\/\/www.miamibeachfl.gov\/city-hall\/finance\/filepay-resort-tax\/#primaryimage","url":"https:\/\/www.miamibeachfl.gov\/wp-content\/uploads\/2022\/07\/hero-small.jpg","contentUrl":"https:\/\/www.miamibeachfl.gov\/wp-content\/uploads\/2022\/07\/hero-small.jpg"},{"@type":"BreadcrumbList","@id":"https:\/\/www.miamibeachfl.gov\/city-hall\/finance\/filepay-resort-tax\/#breadcrumb","itemListElement":[{"@type":"ListItem","position":1,"name":"Home","item":"https:\/\/www.miamibeachfl.gov\/"},{"@type":"ListItem","position":2,"name":"City Hall","item":"https:\/\/www.miamibeachfl.gov\/city-hall\/"},{"@type":"ListItem","position":3,"name":"Finance","item":"https:\/\/www.miamibeachfl.gov\/city-hall\/finance\/"},{"@type":"ListItem","position":4,"name":"File\/Pay Resort Tax"}]},{"@type":"WebSite","@id":"https:\/\/www.miamibeachfl.gov\/#website","url":"https:\/\/www.miamibeachfl.gov\/","name":"Cidade de Miami Beach","description":"Site oficial da cidade de Miami Beach. Mantenha-se informado e encontre informa\u00e7\u00f5es importantes sobre servi\u00e7os municipais, not\u00edcias, alertas, eventos, rotas de bonde, empregos p\u00fablicos e muito mais.","publisher":{"@id":"https:\/\/www.miamibeachfl.gov\/#organization"},"potentialAction":[{"@type":"SearchAction","target":{"@type":"EntryPoint","urlTemplate":"https:\/\/www.miamibeachfl.gov\/?s={search_term_string}"},"query-input":{"@type":"PropertyValueSpecification","valueRequired":true,"valueName":"search_term_string"}}],"inLanguage":"pt-BR"},{"@type":"Organization","@id":"https:\/\/www.miamibeachfl.gov\/#organization","name":"Cidade de Miami Beach","url":"https:\/\/www.miamibeachfl.gov\/","logo":{"@type":"ImageObject","inLanguage":"pt-BR","@id":"https:\/\/www.miamibeachfl.gov\/#\/schema\/logo\/image\/","url":"https:\/\/www.miamibeachfl.gov\/wp-content\/uploads\/2022\/06\/miamibeach-logoblue.png","contentUrl":"https:\/\/www.miamibeachfl.gov\/wp-content\/uploads\/2022\/06\/miamibeach-logoblue.png","width":1962,"height":381,"caption":"City of Miami Beach"},"image":{"@id":"https:\/\/www.miamibeachfl.gov\/#\/schema\/logo\/image\/"},"sameAs":["https:\/\/www.facebook.com\/cityofmiamibeach","https:\/\/x.com\/Miamibeachnews","https:\/\/www.instagram.com\/miamibeachnews\/"],"description":"Site oficial da cidade de Miami Beach. Mantenha-se informado e encontre informa\u00e7\u00f5es importantes sobre servi\u00e7os municipais, not\u00edcias, alertas, eventos, rotas de bonde, empregos p\u00fablicos e muito mais.","telephone":"305.604.CITY(2489)","legalName":"City of Miami Beach"}]}},"_links":{"self":[{"href":"https:\/\/www.miamibeachfl.gov\/pt\/wp-json\/wp\/v2\/pages\/28262","targetHints":{"allow":["GET"]}}],"collection":[{"href":"https:\/\/www.miamibeachfl.gov\/pt\/wp-json\/wp\/v2\/pages"}],"about":[{"href":"https:\/\/www.miamibeachfl.gov\/pt\/wp-json\/wp\/v2\/types\/page"}],"author":[{"embeddable":true,"href":"https:\/\/www.miamibeachfl.gov\/pt\/wp-json\/wp\/v2\/users\/222"}],"replies":[{"embeddable":true,"href":"https:\/\/www.miamibeachfl.gov\/pt\/wp-json\/wp\/v2\/comments?post=28262"}],"version-history":[{"count":0,"href":"https:\/\/www.miamibeachfl.gov\/pt\/wp-json\/wp\/v2\/pages\/28262\/revisions"}],"up":[{"embeddable":true,"href":"https:\/\/www.miamibeachfl.gov\/pt\/wp-json\/wp\/v2\/pages\/28259"}],"wp:attachment":[{"href":"https:\/\/www.miamibeachfl.gov\/pt\/wp-json\/wp\/v2\/media?parent=28262"}],"wp:term":[{"taxonomy":"category","embeddable":true,"href":"https:\/\/www.miamibeachfl.gov\/pt\/wp-json\/wp\/v2\/categories?post=28262"},{"taxonomy":"post_tag","embeddable":true,"href":"https:\/\/www.miamibeachfl.gov\/pt\/wp-json\/wp\/v2\/tags?post=28262"}],"curies":[{"name":"wp","href":"https:\/\/api.w.org\/{rel}","templated":true}]}}