{"id":28272,"date":"2017-08-11T00:02:36","date_gmt":"2017-08-11T00:02:36","guid":{"rendered":"http:\/\/www.miamibeachfl.gov\/city-hall\/finance\/financial-documents\/miami-beach-redevelopment-agency\/"},"modified":"2025-06-26T09:38:55","modified_gmt":"2025-06-26T13:38:55","slug":"miami-beach-redevelopment-agency","status":"publish","type":"page","link":"https:\/\/www.miamibeachfl.gov\/pt\/city-hall\/finance\/financial-documents\/miami-beach-redevelopment-agency\/","title":{"rendered":"Ag\u00eancia de Redesenvolvimento de Miami Beach"},"content":{"rendered":"<img decoding=\"async\" src=\"https:\/\/www.miamibeachfl.gov\/wp-content\/uploads\/2022\/07\/hero-small.jpg\" alt=\"ocean drive art deco buildings\" itemprop=\"image\" title=\"her\u00f3i-pequeno\" onerror=\"this.style.display='none'\" loading='lazy' \/>\n<h1>\n\t\t\tAg\u00eancia de Redesenvolvimento de Miami Beach\t<\/h1>\n\t<nav id=\"breadcrumbs\" aria-label=\"Migalhas de p\u00e3o\"><a href=\"https:\/\/www.miamibeachfl.gov\/pt\/\">Lar<\/a> &gt; <a href=\"https:\/\/www.miamibeachfl.gov\/pt\/city-hall\/\">Prefeitura<\/a> &gt; <a href=\"https:\/\/www.miamibeachfl.gov\/pt\/city-hall\/finance\/\">Financiar<\/a> &gt; <a href=\"https:\/\/www.miamibeachfl.gov\/pt\/city-hall\/finance\/financial-documents\/\">Relat\u00f3rios Financeiros<\/a> &gt; <strong>Ag\u00eancia de Redesenvolvimento de Miami Beach<\/strong><\/nav>\n\t<p><a title=\"Ag\u00eancia de Redesenvolvimento de Miami Beach - Relat\u00f3rio Financeiro Anual Abrangente de 2011 (CAFR)\u00a0\" href=\"\/wp-content\/uploads\/2017\/08\/Miami-Beach-Redevelopment-Agency-2011.pdf\" target=\"_blank\" rel=\"noopener\">Ag\u00eancia de Redesenvolvimento de Miami Beach \u2013 Relat\u00f3rio Financeiro Anual Abrangente de 2011 (CAFR)\u00a0<\/a><\/p>\n<p><a title=\"Ag\u00eancia de Redesenvolvimento de Miami Beach - 2010\" href=\"\/wp-content\/uploads\/2017\/08\/Miami-Beach-Redevelopment-Agency-2010.pdf\" target=\"_blank\" rel=\"noopener\">Ag\u00eancia de Redesenvolvimento de Miami Beach \u2013 Relat\u00f3rio Financeiro Anual Abrangente de 2010 (CAFR)<\/a>\u00a0 <img decoding=\"async\" title=\"Adobe PDF\" src=\"\/wp-content\/uploads\/2017\/08\/c13c0208-63f5-4f6d-8b60-95eb316f802e.jpg\" alt=\"Adobe PDF\" \/><\/p>\n<p><a title=\"Ag\u00eancia de Redesenvolvimento de Miami Beach - 2009\" href=\"\/wp-content\/uploads\/2017\/08\/Miami-Beach-Redevelopment-Agency-2009.pdf\" target=\"_blank\" rel=\"noopener\">Ag\u00eancia de Redesenvolvimento de Miami Beach \u2013 Relat\u00f3rio Financeiro Anual Abrangente de 2009 (CAFR)<\/a>\u00a0<img decoding=\"async\" title=\"Adobe PDF\" src=\"\/wp-content\/uploads\/2017\/08\/c13c0208-63f5-4f6d-8b60-95eb316f802e.jpg\" alt=\"Adobe PDF\" \/><\/p>\n<p><a title=\"Ag\u00eancia de Redesenvolvimento de Miami Beach - 2008\" href=\"\/wp-content\/uploads\/2017\/08\/Miami-Beach-Redevelopment-Agency-2008.pdf\" target=\"_blank\" rel=\"noopener\">Ag\u00eancia de Redesenvolvimento de Miami Beach \u2013 Relat\u00f3rio Financeiro Anual Abrangente de 2008 (CAFR)<\/a>\u00a0\u00a0<img decoding=\"async\" title=\"Adobe PDF\" src=\"\/wp-content\/uploads\/2017\/08\/c13c0208-63f5-4f6d-8b60-95eb316f802e.jpg\" alt=\"Adobe PDF\" \/><\/p>\n<p><a title=\"Ag\u00eancia de Redesenvolvimento de Miami Beach - Relat\u00f3rio Financeiro Anual Abrangente de 2007 (CAFR)\" href=\"\/wp-content\/uploads\/2017\/08\/miami-20beach-20redevelopment-20agency-20-202007.pdf\" target=\"_blank\" rel=\"noopener\">Ag\u00eancia de Redesenvolvimento de Miami Beach \u2013 Relat\u00f3rio Financeiro Anual Abrangente de 2007 (CAFR)<\/a>\u00a0<img decoding=\"async\" title=\"Adobe PDF\" src=\"\/wp-content\/uploads\/2017\/08\/c13c0208-63f5-4f6d-8b60-95eb316f802e.jpg\" alt=\"Adobe PDF\" \/><\/p>\n<p><a title=\"Ag\u00eancia de Redesenvolvimento de Miami Beach - Relat\u00f3rio Financeiro Anual Abrangente de 2006 (CAFR)\" href=\"\/wp-content\/uploads\/2017\/08\/miami-20beach-20redevelopment-20agency-202006.pdf\" target=\"_blank\" rel=\"noopener\">Ag\u00eancia de Redesenvolvimento de Miami Beach \u2013 Relat\u00f3rio Financeiro Anual Abrangente de 2006 (CAFR)<\/a>\u00a0<img decoding=\"async\" title=\"Adobe PDF\" src=\"\/wp-content\/uploads\/2017\/08\/c13c0208-63f5-4f6d-8b60-95eb316f802e.jpg\" alt=\"Adobe PDF\" \/><\/p>\n<p><a title=\"Ag\u00eancia de Redesenvolvimento de Miami Beach - Relat\u00f3rio Financeiro Anual Abrangente de 2005 (CAFR)\" href=\"\/wp-content\/uploads\/2017\/08\/rda-20fs-20fy-202005.pdf\" target=\"_blank\" rel=\"noopener\">Ag\u00eancia de Redesenvolvimento de Miami Beach \u2013 Relat\u00f3rio Financeiro Anual Abrangente de 2005 (CAFR)<\/a>\u00a0 <img decoding=\"async\" title=\"Adobe PDF\" src=\"\/wp-content\/uploads\/2017\/08\/c13c0208-63f5-4f6d-8b60-95eb316f802e.jpg\" alt=\"Adobe PDF\" \/><\/p>\n\t\tNavegar para\u2026\t\t\t\n\t\t\t\t\t<ul id=\"menu-finance-reports\"><li id=\"menu-item-364745\"><a href=\"\/pt\/city-hall\/finance\/financial-documents\/comprehensive-annual-reports\/\">Relat\u00f3rios Anuais<\/a><\/li>\n<li id=\"menu-item-364746\"><a href=\"\/pt\/city-hall\/finance\/financial-documents\/archive-financial-documents\/\">Arquivar documentos financeiros<\/a><\/li>\n<li id=\"menu-item-364747\"><a href=\"\/pt\/city-hall\/finance\/financial-documents\/miami-beach-redevelopment-agency\/\">Ag\u00eancia de Redesenvolvimento de Miami Beach<\/a><\/li>\n<li id=\"menu-item-364748\"><a href=\"\/pt\/city-hall\/finance\/financial-documents\/management\/\">Escrit\u00f3rio de Gest\u00e3o e Or\u00e7amento<\/a><\/li>\n<li id=\"menu-item-364749\"><a href=\"\/pt\/city-hall\/finance\/financial-documents\/single-audit-report\/\">Relat\u00f3rio de Auditoria \u00danica<\/a><\/li>\n<\/ul>\t\n\t<div class=\"page-navigation\"><a class=\"prev-page\" href=\"https:\/\/www.miamibeachfl.gov\/pt\/city-hall\/finance\/financial-documents\/2020-financial-reports\/\">\u2190 Relat\u00f3rios financeiros para o ano fiscal encerrado em 30 de setembro de 2020<\/a> <a class=\"next-page\" href=\"https:\/\/www.miamibeachfl.gov\/pt\/staff\/eric-carpenter\/\">Eric Carpenter <br><span style=\"font-size:18px\">Gerente da cidade<\/span> \u2192<\/a><\/div>","protected":false},"excerpt":{"rendered":"<p>Miami Beach Redevelopment Agency Home &gt; City Hall &gt; Finance &gt; Financial Reports &gt; Miami Beach Redevelopment Agency Miami Beach [&hellip;]<\/p>\n","protected":false},"author":222,"featured_media":0,"parent":385210,"menu_order":8,"comment_status":"closed","ping_status":"closed","template":"","meta":{"_searchwp_excluded":"","site-sidebar-layout":"default","site-content-layout":"","ast-site-content-layout":"default","site-content-style":"default","site-sidebar-style":"default","ast-global-header-display":"","ast-banner-title-visibility":"","ast-main-header-display":"","ast-hfb-above-header-display":"","ast-hfb-below-header-display":"","ast-hfb-mobile-header-display":"","site-post-title":"","ast-breadcrumbs-content":"","ast-featured-img":"","footer-sml-layout":"","theme-transparent-header-meta":"","adv-header-id-meta":"","stick-header-meta":"","header-above-stick-meta":"","header-main-stick-meta":"","header-below-stick-meta":"","astra-migrate-meta-layouts":"default","ast-page-background-enabled":"default","ast-page-background-meta":{"desktop":{"background-color":"var(--ast-global-color-5)","background-image":"","background-repeat":"repeat","background-position":"center center","background-size":"auto","background-attachment":"scroll","background-type":"","background-media":"","overlay-type":"","overlay-color":"","overlay-opacity":"","overlay-gradient":""},"tablet":{"background-color":"","background-image":"","background-repeat":"repeat","background-position":"center center","background-size":"auto","background-attachment":"scroll","background-type":"","background-media":"","overlay-type":"","overlay-color":"","overlay-opacity":"","overlay-gradient":""},"mobile":{"background-color":"","background-image":"","background-repeat":"repeat","background-position":"center center","background-size":"auto","background-attachment":"scroll","background-type":"","background-media":"","overlay-type":"","overlay-color":"","overlay-opacity":"","overlay-gradient":""}},"ast-content-background-meta":{"desktop":{"background-color":"var(--ast-global-color-4)","background-image":"","background-repeat":"repeat","background-position":"center center","background-size":"auto","background-attachment":"scroll","background-type":"","background-media":"","overlay-type":"","overlay-color":"","overlay-opacity":"","overlay-gradient":""},"tablet":{"background-color":"var(--ast-global-color-4)","background-image":"","background-repeat":"repeat","background-position":"center center","background-size":"auto","background-attachment":"scroll","background-type":"","background-media":"","overlay-type":"","overlay-color":"","overlay-opacity":"","overlay-gradient":""},"mobile":{"background-color":"var(--ast-global-color-4)","background-image":"","background-repeat":"repeat","background-position":"center center","background-size":"auto","background-attachment":"scroll","background-type":"","background-media":"","overlay-type":"","overlay-color":"","overlay-opacity":"","overlay-gradient":""}},"footnotes":""},"categories":[],"tags":[],"class_list":["post-28272","page","type-page","status-publish","hentry"],"yoast_head":"<!-- This site is optimized with the Yoast SEO Premium plugin v27.4 (Yoast SEO v27.4) - https:\/\/yoast.com\/product\/yoast-seo-premium-wordpress\/ -->\n<title>Miami Beach Redevelopment Agency - City of Miami Beach<\/title>\n<meta name=\"description\" content=\"%\" \/>\n<meta name=\"robots\" content=\"index, follow, max-snippet:-1, max-image-preview:large, max-video-preview:-1\" \/>\n<link rel=\"canonical\" href=\"https:\/\/www.miamibeachfl.gov\/pt\/city-hall\/finance\/financial-documents\/miami-beach-redevelopment-agency\/\" \/>\n<meta property=\"og:locale\" content=\"pt_BR\" \/>\n<meta property=\"og:type\" content=\"article\" \/>\n<meta property=\"og:title\" content=\"Miami Beach Redevelopment Agency\" \/>\n<meta property=\"og:description\" content=\"%\" \/>\n<meta property=\"og:url\" content=\"https:\/\/www.miamibeachfl.gov\/pt\/city-hall\/finance\/financial-documents\/miami-beach-redevelopment-agency\/\" \/>\n<meta property=\"og:site_name\" content=\"City of Miami Beach\" \/>\n<meta property=\"article:publisher\" content=\"https:\/\/www.facebook.com\/cityofmiamibeach\" \/>\n<meta property=\"article:modified_time\" content=\"2025-06-26T13:38:55+00:00\" \/>\n<meta property=\"og:image\" content=\"https:\/\/www.miamibeachfl.gov\/wp-content\/uploads\/2022\/07\/hero-small.jpg\" \/>\n<meta name=\"twitter:card\" content=\"summary_large_image\" \/>\n<meta name=\"twitter:site\" content=\"@Miamibeachnews\" \/>\n<script type=\"application\/ld+json\" class=\"yoast-schema-graph\">{\"@context\":\"https:\\\/\\\/schema.org\",\"@graph\":[{\"@type\":\"WebPage\",\"@id\":\"https:\\\/\\\/www.miamibeachfl.gov\\\/city-hall\\\/finance\\\/financial-documents\\\/miami-beach-redevelopment-agency\\\/\",\"url\":\"https:\\\/\\\/www.miamibeachfl.gov\\\/city-hall\\\/finance\\\/financial-documents\\\/miami-beach-redevelopment-agency\\\/\",\"name\":\"Miami Beach Redevelopment Agency - City of Miami Beach\",\"isPartOf\":{\"@id\":\"https:\\\/\\\/www.miamibeachfl.gov\\\/#website\"},\"primaryImageOfPage\":{\"@id\":\"https:\\\/\\\/www.miamibeachfl.gov\\\/city-hall\\\/finance\\\/financial-documents\\\/miami-beach-redevelopment-agency\\\/#primaryimage\"},\"image\":{\"@id\":\"https:\\\/\\\/www.miamibeachfl.gov\\\/city-hall\\\/finance\\\/financial-documents\\\/miami-beach-redevelopment-agency\\\/#primaryimage\"},\"thumbnailUrl\":\"https:\\\/\\\/www.miamibeachfl.gov\\\/wp-content\\\/uploads\\\/2022\\\/07\\\/hero-small.jpg\",\"datePublished\":\"2017-08-11T00:02:36+00:00\",\"dateModified\":\"2025-06-26T13:38:55+00:00\",\"description\":\"%\",\"breadcrumb\":{\"@id\":\"https:\\\/\\\/www.miamibeachfl.gov\\\/city-hall\\\/finance\\\/financial-documents\\\/miami-beach-redevelopment-agency\\\/#breadcrumb\"},\"inLanguage\":\"pt-BR\",\"potentialAction\":[{\"@type\":\"ReadAction\",\"target\":[\"https:\\\/\\\/www.miamibeachfl.gov\\\/city-hall\\\/finance\\\/financial-documents\\\/miami-beach-redevelopment-agency\\\/\"]}]},{\"@type\":\"ImageObject\",\"inLanguage\":\"pt-BR\",\"@id\":\"https:\\\/\\\/www.miamibeachfl.gov\\\/city-hall\\\/finance\\\/financial-documents\\\/miami-beach-redevelopment-agency\\\/#primaryimage\",\"url\":\"https:\\\/\\\/www.miamibeachfl.gov\\\/wp-content\\\/uploads\\\/2022\\\/07\\\/hero-small.jpg\",\"contentUrl\":\"https:\\\/\\\/www.miamibeachfl.gov\\\/wp-content\\\/uploads\\\/2022\\\/07\\\/hero-small.jpg\"},{\"@type\":\"BreadcrumbList\",\"@id\":\"https:\\\/\\\/www.miamibeachfl.gov\\\/city-hall\\\/finance\\\/financial-documents\\\/miami-beach-redevelopment-agency\\\/#breadcrumb\",\"itemListElement\":[{\"@type\":\"ListItem\",\"position\":1,\"name\":\"Home\",\"item\":\"https:\\\/\\\/www.miamibeachfl.gov\\\/\"},{\"@type\":\"ListItem\",\"position\":2,\"name\":\"City Hall\",\"item\":\"https:\\\/\\\/www.miamibeachfl.gov\\\/city-hall\\\/\"},{\"@type\":\"ListItem\",\"position\":3,\"name\":\"Finance\",\"item\":\"https:\\\/\\\/www.miamibeachfl.gov\\\/city-hall\\\/finance\\\/\"},{\"@type\":\"ListItem\",\"position\":4,\"name\":\"Financial Reports\",\"item\":\"https:\\\/\\\/www.miamibeachfl.gov\\\/city-hall\\\/finance\\\/financial-documents\\\/\"},{\"@type\":\"ListItem\",\"position\":5,\"name\":\"Miami Beach Redevelopment Agency\"}]},{\"@type\":\"WebSite\",\"@id\":\"https:\\\/\\\/www.miamibeachfl.gov\\\/#website\",\"url\":\"https:\\\/\\\/www.miamibeachfl.gov\\\/\",\"name\":\"City of Miami Beach\",\"description\":\"The official website of the City of Miami Beach. Stay informed, find important information on city services, news, alerts, events, trolley routes, government employment and more.\",\"publisher\":{\"@id\":\"https:\\\/\\\/www.miamibeachfl.gov\\\/#organization\"},\"potentialAction\":[{\"@type\":\"SearchAction\",\"target\":{\"@type\":\"EntryPoint\",\"urlTemplate\":\"https:\\\/\\\/www.miamibeachfl.gov\\\/?s={search_term_string}\"},\"query-input\":{\"@type\":\"PropertyValueSpecification\",\"valueRequired\":true,\"valueName\":\"search_term_string\"}}],\"inLanguage\":\"pt-BR\"},{\"@type\":\"Organization\",\"@id\":\"https:\\\/\\\/www.miamibeachfl.gov\\\/#organization\",\"name\":\"City of Miami Beach\",\"url\":\"https:\\\/\\\/www.miamibeachfl.gov\\\/\",\"logo\":{\"@type\":\"ImageObject\",\"inLanguage\":\"pt-BR\",\"@id\":\"https:\\\/\\\/www.miamibeachfl.gov\\\/#\\\/schema\\\/logo\\\/image\\\/\",\"url\":\"https:\\\/\\\/www.miamibeachfl.gov\\\/wp-content\\\/uploads\\\/2022\\\/06\\\/miamibeach-logoblue.png\",\"contentUrl\":\"https:\\\/\\\/www.miamibeachfl.gov\\\/wp-content\\\/uploads\\\/2022\\\/06\\\/miamibeach-logoblue.png\",\"width\":1962,\"height\":381,\"caption\":\"City of Miami Beach\"},\"image\":{\"@id\":\"https:\\\/\\\/www.miamibeachfl.gov\\\/#\\\/schema\\\/logo\\\/image\\\/\"},\"sameAs\":[\"https:\\\/\\\/www.facebook.com\\\/cityofmiamibeach\",\"https:\\\/\\\/x.com\\\/Miamibeachnews\",\"https:\\\/\\\/www.instagram.com\\\/miamibeachnews\\\/\"],\"description\":\"The official website of the City of Miami Beach. Stay informed, find important information on city services, news, alerts, events, trolley routes, government employment and more.\",\"telephone\":\"305.604.CITY(2489)\",\"legalName\":\"City of Miami Beach\"}]}<\/script>\n<!-- \/ Yoast SEO Premium plugin. -->","yoast_head_json":{"title":"Ag\u00eancia de Redesenvolvimento de Miami Beach - Cidade de Miami Beach","description":"%","robots":{"index":"index","follow":"follow","max-snippet":"max-snippet:-1","max-image-preview":"max-image-preview:large","max-video-preview":"max-video-preview:-1"},"canonical":"https:\/\/www.miamibeachfl.gov\/pt\/city-hall\/finance\/financial-documents\/miami-beach-redevelopment-agency\/","og_locale":"pt_BR","og_type":"article","og_title":"Miami Beach Redevelopment Agency","og_description":"%","og_url":"https:\/\/www.miamibeachfl.gov\/pt\/city-hall\/finance\/financial-documents\/miami-beach-redevelopment-agency\/","og_site_name":"City of Miami Beach","article_publisher":"https:\/\/www.facebook.com\/cityofmiamibeach","article_modified_time":"2025-06-26T13:38:55+00:00","og_image":[{"url":"https:\/\/www.miamibeachfl.gov\/wp-content\/uploads\/2022\/07\/hero-small.jpg","type":"","width":"","height":""}],"twitter_card":"summary_large_image","twitter_site":"@Miamibeachnews","schema":{"@context":"https:\/\/schema.org","@graph":[{"@type":"WebPage","@id":"https:\/\/www.miamibeachfl.gov\/city-hall\/finance\/financial-documents\/miami-beach-redevelopment-agency\/","url":"https:\/\/www.miamibeachfl.gov\/city-hall\/finance\/financial-documents\/miami-beach-redevelopment-agency\/","name":"Ag\u00eancia de Redesenvolvimento de Miami Beach - Cidade de Miami Beach","isPartOf":{"@id":"https:\/\/www.miamibeachfl.gov\/#website"},"primaryImageOfPage":{"@id":"https:\/\/www.miamibeachfl.gov\/city-hall\/finance\/financial-documents\/miami-beach-redevelopment-agency\/#primaryimage"},"image":{"@id":"https:\/\/www.miamibeachfl.gov\/city-hall\/finance\/financial-documents\/miami-beach-redevelopment-agency\/#primaryimage"},"thumbnailUrl":"https:\/\/www.miamibeachfl.gov\/wp-content\/uploads\/2022\/07\/hero-small.jpg","datePublished":"2017-08-11T00:02:36+00:00","dateModified":"2025-06-26T13:38:55+00:00","description":"%","breadcrumb":{"@id":"https:\/\/www.miamibeachfl.gov\/city-hall\/finance\/financial-documents\/miami-beach-redevelopment-agency\/#breadcrumb"},"inLanguage":"pt-BR","potentialAction":[{"@type":"ReadAction","target":["https:\/\/www.miamibeachfl.gov\/city-hall\/finance\/financial-documents\/miami-beach-redevelopment-agency\/"]}]},{"@type":"ImageObject","inLanguage":"pt-BR","@id":"https:\/\/www.miamibeachfl.gov\/city-hall\/finance\/financial-documents\/miami-beach-redevelopment-agency\/#primaryimage","url":"https:\/\/www.miamibeachfl.gov\/wp-content\/uploads\/2022\/07\/hero-small.jpg","contentUrl":"https:\/\/www.miamibeachfl.gov\/wp-content\/uploads\/2022\/07\/hero-small.jpg"},{"@type":"BreadcrumbList","@id":"https:\/\/www.miamibeachfl.gov\/city-hall\/finance\/financial-documents\/miami-beach-redevelopment-agency\/#breadcrumb","itemListElement":[{"@type":"ListItem","position":1,"name":"Home","item":"https:\/\/www.miamibeachfl.gov\/"},{"@type":"ListItem","position":2,"name":"City Hall","item":"https:\/\/www.miamibeachfl.gov\/city-hall\/"},{"@type":"ListItem","position":3,"name":"Finance","item":"https:\/\/www.miamibeachfl.gov\/city-hall\/finance\/"},{"@type":"ListItem","position":4,"name":"Financial Reports","item":"https:\/\/www.miamibeachfl.gov\/city-hall\/finance\/financial-documents\/"},{"@type":"ListItem","position":5,"name":"Miami Beach Redevelopment Agency"}]},{"@type":"WebSite","@id":"https:\/\/www.miamibeachfl.gov\/#website","url":"https:\/\/www.miamibeachfl.gov\/","name":"Cidade de Miami Beach","description":"Site oficial da cidade de Miami Beach. Mantenha-se informado e encontre informa\u00e7\u00f5es importantes sobre servi\u00e7os municipais, not\u00edcias, alertas, eventos, rotas de bonde, empregos p\u00fablicos e muito mais.","publisher":{"@id":"https:\/\/www.miamibeachfl.gov\/#organization"},"potentialAction":[{"@type":"SearchAction","target":{"@type":"EntryPoint","urlTemplate":"https:\/\/www.miamibeachfl.gov\/?s={search_term_string}"},"query-input":{"@type":"PropertyValueSpecification","valueRequired":true,"valueName":"search_term_string"}}],"inLanguage":"pt-BR"},{"@type":"Organization","@id":"https:\/\/www.miamibeachfl.gov\/#organization","name":"Cidade de Miami Beach","url":"https:\/\/www.miamibeachfl.gov\/","logo":{"@type":"ImageObject","inLanguage":"pt-BR","@id":"https:\/\/www.miamibeachfl.gov\/#\/schema\/logo\/image\/","url":"https:\/\/www.miamibeachfl.gov\/wp-content\/uploads\/2022\/06\/miamibeach-logoblue.png","contentUrl":"https:\/\/www.miamibeachfl.gov\/wp-content\/uploads\/2022\/06\/miamibeach-logoblue.png","width":1962,"height":381,"caption":"City of Miami Beach"},"image":{"@id":"https:\/\/www.miamibeachfl.gov\/#\/schema\/logo\/image\/"},"sameAs":["https:\/\/www.facebook.com\/cityofmiamibeach","https:\/\/x.com\/Miamibeachnews","https:\/\/www.instagram.com\/miamibeachnews\/"],"description":"Site oficial da cidade de Miami Beach. Mantenha-se informado e encontre informa\u00e7\u00f5es importantes sobre servi\u00e7os municipais, not\u00edcias, alertas, eventos, rotas de bonde, empregos p\u00fablicos e muito mais.","telephone":"305.604.CITY(2489)","legalName":"City of Miami Beach"}]}},"_links":{"self":[{"href":"https:\/\/www.miamibeachfl.gov\/pt\/wp-json\/wp\/v2\/pages\/28272","targetHints":{"allow":["GET"]}}],"collection":[{"href":"https:\/\/www.miamibeachfl.gov\/pt\/wp-json\/wp\/v2\/pages"}],"about":[{"href":"https:\/\/www.miamibeachfl.gov\/pt\/wp-json\/wp\/v2\/types\/page"}],"author":[{"embeddable":true,"href":"https:\/\/www.miamibeachfl.gov\/pt\/wp-json\/wp\/v2\/users\/222"}],"replies":[{"embeddable":true,"href":"https:\/\/www.miamibeachfl.gov\/pt\/wp-json\/wp\/v2\/comments?post=28272"}],"version-history":[{"count":1,"href":"https:\/\/www.miamibeachfl.gov\/pt\/wp-json\/wp\/v2\/pages\/28272\/revisions"}],"predecessor-version":[{"id":385302,"href":"https:\/\/www.miamibeachfl.gov\/pt\/wp-json\/wp\/v2\/pages\/28272\/revisions\/385302"}],"up":[{"embeddable":true,"href":"https:\/\/www.miamibeachfl.gov\/pt\/wp-json\/wp\/v2\/pages\/385210"}],"wp:attachment":[{"href":"https:\/\/www.miamibeachfl.gov\/pt\/wp-json\/wp\/v2\/media?parent=28272"}],"wp:term":[{"taxonomy":"category","embeddable":true,"href":"https:\/\/www.miamibeachfl.gov\/pt\/wp-json\/wp\/v2\/categories?post=28272"},{"taxonomy":"post_tag","embeddable":true,"href":"https:\/\/www.miamibeachfl.gov\/pt\/wp-json\/wp\/v2\/tags?post=28272"}],"curies":[{"name":"wp","href":"https:\/\/api.w.org\/{rel}","templated":true}]}}