{"id":28327,"date":"2017-08-11T00:03:13","date_gmt":"2017-08-11T00:03:13","guid":{"rendered":"http:\/\/www.miamibeachfl.gov\/city-hall\/city-manager\/mission-vision-and-values\/"},"modified":"2025-05-25T15:36:32","modified_gmt":"2025-05-25T19:36:32","slug":"mission-vision-and-values","status":"publish","type":"page","link":"https:\/\/www.miamibeachfl.gov\/pt\/city-hall\/city-manager\/mission-vision-and-values\/","title":{"rendered":"Miss\u00e3o, Vis\u00e3o e Valores"},"content":{"rendered":"<h1  data-animation-delay=\"0\" data-animation-duration=\"1\">\n\t\t\tNossa Miss\u00e3o\t<\/h1>\n<h2>\n\t\t\t Estamos comprometidos em fornecer excelente servi\u00e7o p\u00fablico e seguran\u00e7a a todos que vivem, trabalham e se divertem em nossa vibrante comunidade tropical e hist\u00f3rica.  \t<\/h2>\nMenu do Gerente da Cidade\t\t\t\n\t\t\t\t\t<ul id=\"menu-city-manager\"><li id=\"menu-item-261275\" aria-haspopup=\"true\"><a aria-expanded=\"false\" href=\"\/pt\/city-hall\/city-manager\/\">P\u00e1gina inicial do gerente da cidade<\/a>\n<ul>\n\t<li id=\"menu-item-261286\"><a href=\"\/pt\/city-hall\/city-manager\/#citymanagerteam\">Equipe<\/a><\/li>\n\t<li id=\"menu-item-261591\"><a href=\"\/pt\/city-hall\/city-manager\/organizational-chart\/\">Organograma<\/a><\/li>\n<\/ul>\n<\/li>\n<li id=\"menu-item-261277\"><a href=\"\/pt\/city-hall\/city-manager\/mission-vision-and-values\/\">Miss\u00e3o\/Vis\u00e3o<\/a><\/li>\n<li id=\"menu-item-261276\"><a href=\"\/pt\/city-hall\/city-manager\/master-plans\/\">Planos Diretores<\/a><\/li>\n<li id=\"menu-item-261278\"><a href=\"https:\/\/www.gombinfo.com\/\">T\u00edtulos GO<\/a><\/li>\n<li id=\"menu-item-261280\"><a href=\"\/pt\/residents\/neighborhood-affairs-division\/\">Assuntos de Bairro<\/a><\/li>\n<\/ul>\t\nMenu do Gerente da Cidade \u00d7\t\t\t\t\t\t<ul id=\"menu-city-manager-1\"><li id=\"menu-item-261275\" aria-haspopup=\"true\"><a aria-expanded=\"false\" href=\"\/pt\/city-hall\/city-manager\/\">P\u00e1gina inicial do gerente da cidade<\/a>\n<ul>\n\t<li id=\"menu-item-261286\"><a href=\"\/pt\/city-hall\/city-manager\/#citymanagerteam\">Equipe<\/a><\/li>\n\t<li id=\"menu-item-261591\"><a href=\"\/pt\/city-hall\/city-manager\/organizational-chart\/\">Organograma<\/a><\/li>\n<\/ul>\n<\/li>\n<li id=\"menu-item-261277\"><a href=\"\/pt\/city-hall\/city-manager\/mission-vision-and-values\/\">Miss\u00e3o\/Vis\u00e3o<\/a><\/li>\n<li id=\"menu-item-261276\"><a href=\"\/pt\/city-hall\/city-manager\/master-plans\/\">Planos Diretores<\/a><\/li>\n<li id=\"menu-item-261278\"><a href=\"https:\/\/www.gombinfo.com\/\">T\u00edtulos GO<\/a><\/li>\n<li id=\"menu-item-261280\"><a href=\"\/pt\/residents\/neighborhood-affairs-division\/\">Assuntos de Bairro<\/a><\/li>\n<\/ul>\t\t\t\t\n\t\t\t<h1  data-animation-delay=\"0\" data-animation-duration=\"1\">\n\t\t\tA Vis\u00e3o\t<\/h1>\n\t<a href=\"https:\/\/www.miamibeachfl.gov\/pt\/business\/\" target=\"_blank\" rel=\"noopener\" aria-label=\"Acesse https:\/\/www.miamibeachfl.gov\/business\"><\/a>\n\t\t\t\t<img decoding=\"async\" src=\"https:\/\/www.miamibeachfl.gov\/wp-content\/uploads\/2023\/05\/icon-vision-properous.png\" alt=\"icon-vision-properous\" title=\"\u00edcone-vis\u00e3o-pr\u00f3prio\" itemprop=\"image\"\/>\n\t\t<h3>Uma cidade pr\u00f3spera<\/h3>\t\t\t\n\t\t\t\t<p>Com um toque especial de artes, cultura, educa\u00e7\u00e3o e neg\u00f3cios.<\/p>\n\t<a href=\"https:\/\/www.miamibeachfl.gov\/pt\/residents\/\" target=\"_self\"  aria-label=\"Acesse https:\/\/www.miamibeachfl.gov\/residents\"><\/a>\n\t\t\t\t<img decoding=\"async\" src=\"https:\/\/www.miamibeachfl.gov\/wp-content\/uploads\/2023\/05\/icon-vision-safecity.png\" alt=\"icon-vision-safecity\" title=\"\u00edcone-vis\u00e3o-seguran\u00e7a\" itemprop=\"image\"\/>\n\t\t<h3>Uma Cidade Segura<\/h3>\t\t\t\n\t\t\t\t<p>Com um mosaico de moradores aproveitando a vida em lugares ic\u00f4nicos e hist\u00f3ricos <b>bairros<\/b>.<\/p>\n\t<a href=\"https:\/\/www.mbrisingabove.com\/\" target=\"_blank\" rel=\"noopener\" aria-label=\"Acesse https:\/\/www.mbrisingabove.com\/\"><\/a>\n\t\t\t\t<img decoding=\"async\" src=\"https:\/\/www.miamibeachfl.gov\/wp-content\/uploads\/2023\/05\/icon-resilient-resilient.png\" alt=\"icon-resilient-resilient\" title=\"\u00edcone-resiliente-resiliente\" itemprop=\"image\"\/>\n\t\t<h3>Uma cidade costeira resiliente<\/h3>\t\t\t\n\t\t\t\t<p>Com um ambiente pr\u00f3spero e infraestrutura moderna.<\/p>\n\t<a href=\"https:\/\/www.miamibeachfl.gov\/pt\/city-hall\/\" target=\"_blank\" rel=\"noopener\" aria-label=\"Acesse https:\/\/www.miamibeachfl.gov\/city-hall\/\"><\/a>\n\t\t\t\t<img decoding=\"async\" src=\"https:\/\/www.miamibeachfl.gov\/wp-content\/uploads\/2023\/05\/icon-vision-peoplefirst.png\" alt=\"icon-vision-peoplefirst\" title=\"\u00edcone-vis\u00e3o-pessoas-primeiro\" itemprop=\"image\"\/>\n\t\t<h3>Uma cidade que prioriza as pessoas<\/h3>\t\t\t\n\t\t\t\t<p>Onde o pedestre \u00e9 priorizado nas op\u00e7\u00f5es de mobilidade e os servi\u00e7os comunit\u00e1rios s\u00e3o caminhos para a prosperidade. <\/p>\n\t<a href=\"https:\/\/www.miamibeachfl.gov\/pt\/services\/\" target=\"_blank\" rel=\"noopener\" aria-label=\"Acesse https:\/\/www.miamibeachfl.gov\/services\/\"><\/a>\n\t\t\t\t<img decoding=\"async\" src=\"https:\/\/www.miamibeachfl.gov\/wp-content\/uploads\/2023\/05\/icon-vision-smartcity.png\" alt=\"icon-vision-smartcity\" title=\"\u00edcone-vis\u00e3o-cidade-inteligente\" itemprop=\"image\"\/>\n\t\t<h3>Uma cidade inteligente<\/h3>\t\t\t\n\t\t\t\t<p>De servi\u00e7os e funcion\u00e1rios de alta qualidade e efici\u00eancia.<\/p>\n<h2>\n\t\t\tMiami Beach \u2013 a cidade que evoca todos os sentidos\t<\/h2>","protected":false},"excerpt":{"rendered":"<p>Our Mission We are committed to providing excellent public service and safety to all who live, work, and play in [&hellip;]<\/p>\n","protected":false},"author":222,"featured_media":0,"parent":28325,"menu_order":0,"comment_status":"closed","ping_status":"closed","template":"","meta":{"_searchwp_excluded":"","site-sidebar-layout":"default","site-content-layout":"","ast-site-content-layout":"default","site-content-style":"default","site-sidebar-style":"default","ast-global-header-display":"","ast-banner-title-visibility":"","ast-main-header-display":"","ast-hfb-above-header-display":"","ast-hfb-below-header-display":"","ast-hfb-mobile-header-display":"","site-post-title":"","ast-breadcrumbs-content":"","ast-featured-img":"","footer-sml-layout":"","theme-transparent-header-meta":"","adv-header-id-meta":"","stick-header-meta":"","header-above-stick-meta":"","header-main-stick-meta":"","header-below-stick-meta":"","astra-migrate-meta-layouts":"default","ast-page-background-enabled":"default","ast-page-background-meta":{"desktop":{"background-color":"var(--ast-global-color-5)","background-image":"","background-repeat":"repeat","background-position":"center center","background-size":"auto","background-attachment":"scroll","background-type":"","background-media":"","overlay-type":"","overlay-color":"","overlay-opacity":"","overlay-gradient":""},"tablet":{"background-color":"","background-image":"","background-repeat":"repeat","background-position":"center center","background-size":"auto","background-attachment":"scroll","background-type":"","background-media":"","overlay-type":"","overlay-color":"","overlay-opacity":"","overlay-gradient":""},"mobile":{"background-color":"","background-image":"","background-repeat":"repeat","background-position":"center center","background-size":"auto","background-attachment":"scroll","background-type":"","background-media":"","overlay-type":"","overlay-color":"","overlay-opacity":"","overlay-gradient":""}},"ast-content-background-meta":{"desktop":{"background-color":"var(--ast-global-color-4)","background-image":"","background-repeat":"repeat","background-position":"center center","background-size":"auto","background-attachment":"scroll","background-type":"","background-media":"","overlay-type":"","overlay-color":"","overlay-opacity":"","overlay-gradient":""},"tablet":{"background-color":"var(--ast-global-color-4)","background-image":"","background-repeat":"repeat","background-position":"center center","background-size":"auto","background-attachment":"scroll","background-type":"","background-media":"","overlay-type":"","overlay-color":"","overlay-opacity":"","overlay-gradient":""},"mobile":{"background-color":"var(--ast-global-color-4)","background-image":"","background-repeat":"repeat","background-position":"center center","background-size":"auto","background-attachment":"scroll","background-type":"","background-media":"","overlay-type":"","overlay-color":"","overlay-opacity":"","overlay-gradient":""}},"footnotes":""},"categories":[],"tags":[],"class_list":["post-28327","page","type-page","status-publish","hentry"],"yoast_head":"<!-- This site is optimized with the Yoast SEO Premium plugin v27.4 (Yoast SEO v27.4) - https:\/\/yoast.com\/product\/yoast-seo-premium-wordpress\/ -->\n<title>Mission, Vision, And Values - City of Miami Beach<\/title>\n<meta name=\"description\" content=\"%\" \/>\n<meta name=\"robots\" content=\"index, follow, max-snippet:-1, max-image-preview:large, max-video-preview:-1\" \/>\n<link rel=\"canonical\" href=\"https:\/\/www.miamibeachfl.gov\/pt\/city-hall\/city-manager\/mission-vision-and-values\/\" \/>\n<meta property=\"og:locale\" content=\"pt_BR\" \/>\n<meta property=\"og:type\" content=\"article\" \/>\n<meta property=\"og:title\" content=\"Mission, Vision, And Values\" \/>\n<meta property=\"og:description\" content=\"%\" \/>\n<meta property=\"og:url\" content=\"https:\/\/www.miamibeachfl.gov\/pt\/city-hall\/city-manager\/mission-vision-and-values\/\" \/>\n<meta property=\"og:site_name\" content=\"City of Miami Beach\" \/>\n<meta property=\"article:publisher\" content=\"https:\/\/www.facebook.com\/cityofmiamibeach\" \/>\n<meta property=\"article:modified_time\" content=\"2025-05-25T19:36:32+00:00\" \/>\n<meta property=\"og:image\" content=\"https:\/\/www.miamibeachfl.gov\/wp-content\/uploads\/2023\/05\/icon-vision-properous.png\" \/>\n<meta name=\"twitter:card\" content=\"summary_large_image\" \/>\n<meta name=\"twitter:site\" content=\"@Miamibeachnews\" \/>\n<script type=\"application\/ld+json\" class=\"yoast-schema-graph\">{\"@context\":\"https:\\\/\\\/schema.org\",\"@graph\":[{\"@type\":\"WebPage\",\"@id\":\"https:\\\/\\\/www.miamibeachfl.gov\\\/city-hall\\\/city-manager\\\/mission-vision-and-values\\\/\",\"url\":\"https:\\\/\\\/www.miamibeachfl.gov\\\/city-hall\\\/city-manager\\\/mission-vision-and-values\\\/\",\"name\":\"Mission, Vision, And Values - City of Miami Beach\",\"isPartOf\":{\"@id\":\"https:\\\/\\\/www.miamibeachfl.gov\\\/#website\"},\"primaryImageOfPage\":{\"@id\":\"https:\\\/\\\/www.miamibeachfl.gov\\\/city-hall\\\/city-manager\\\/mission-vision-and-values\\\/#primaryimage\"},\"image\":{\"@id\":\"https:\\\/\\\/www.miamibeachfl.gov\\\/city-hall\\\/city-manager\\\/mission-vision-and-values\\\/#primaryimage\"},\"thumbnailUrl\":\"https:\\\/\\\/www.miamibeachfl.gov\\\/wp-content\\\/uploads\\\/2023\\\/05\\\/icon-vision-properous.png\",\"datePublished\":\"2017-08-11T00:03:13+00:00\",\"dateModified\":\"2025-05-25T19:36:32+00:00\",\"description\":\"%\",\"breadcrumb\":{\"@id\":\"https:\\\/\\\/www.miamibeachfl.gov\\\/city-hall\\\/city-manager\\\/mission-vision-and-values\\\/#breadcrumb\"},\"inLanguage\":\"pt-BR\",\"potentialAction\":[{\"@type\":\"ReadAction\",\"target\":[\"https:\\\/\\\/www.miamibeachfl.gov\\\/city-hall\\\/city-manager\\\/mission-vision-and-values\\\/\"]}]},{\"@type\":\"ImageObject\",\"inLanguage\":\"pt-BR\",\"@id\":\"https:\\\/\\\/www.miamibeachfl.gov\\\/city-hall\\\/city-manager\\\/mission-vision-and-values\\\/#primaryimage\",\"url\":\"https:\\\/\\\/www.miamibeachfl.gov\\\/wp-content\\\/uploads\\\/2023\\\/05\\\/icon-vision-properous.png\",\"contentUrl\":\"https:\\\/\\\/www.miamibeachfl.gov\\\/wp-content\\\/uploads\\\/2023\\\/05\\\/icon-vision-properous.png\"},{\"@type\":\"BreadcrumbList\",\"@id\":\"https:\\\/\\\/www.miamibeachfl.gov\\\/city-hall\\\/city-manager\\\/mission-vision-and-values\\\/#breadcrumb\",\"itemListElement\":[{\"@type\":\"ListItem\",\"position\":1,\"name\":\"Home\",\"item\":\"https:\\\/\\\/www.miamibeachfl.gov\\\/\"},{\"@type\":\"ListItem\",\"position\":2,\"name\":\"City Hall\",\"item\":\"https:\\\/\\\/www.miamibeachfl.gov\\\/city-hall\\\/\"},{\"@type\":\"ListItem\",\"position\":3,\"name\":\"City Manager\",\"item\":\"https:\\\/\\\/www.miamibeachfl.gov\\\/city-hall\\\/city-manager\\\/\"},{\"@type\":\"ListItem\",\"position\":4,\"name\":\"Mission, Vision, And Values\"}]},{\"@type\":\"WebSite\",\"@id\":\"https:\\\/\\\/www.miamibeachfl.gov\\\/#website\",\"url\":\"https:\\\/\\\/www.miamibeachfl.gov\\\/\",\"name\":\"City of Miami Beach\",\"description\":\"The official website of the City of Miami Beach. Stay informed, find important information on city services, news, alerts, events, trolley routes, government employment and more.\",\"publisher\":{\"@id\":\"https:\\\/\\\/www.miamibeachfl.gov\\\/#organization\"},\"potentialAction\":[{\"@type\":\"SearchAction\",\"target\":{\"@type\":\"EntryPoint\",\"urlTemplate\":\"https:\\\/\\\/www.miamibeachfl.gov\\\/?s={search_term_string}\"},\"query-input\":{\"@type\":\"PropertyValueSpecification\",\"valueRequired\":true,\"valueName\":\"search_term_string\"}}],\"inLanguage\":\"pt-BR\"},{\"@type\":\"Organization\",\"@id\":\"https:\\\/\\\/www.miamibeachfl.gov\\\/#organization\",\"name\":\"City of Miami Beach\",\"url\":\"https:\\\/\\\/www.miamibeachfl.gov\\\/\",\"logo\":{\"@type\":\"ImageObject\",\"inLanguage\":\"pt-BR\",\"@id\":\"https:\\\/\\\/www.miamibeachfl.gov\\\/#\\\/schema\\\/logo\\\/image\\\/\",\"url\":\"https:\\\/\\\/www.miamibeachfl.gov\\\/wp-content\\\/uploads\\\/2022\\\/06\\\/miamibeach-logoblue.png\",\"contentUrl\":\"https:\\\/\\\/www.miamibeachfl.gov\\\/wp-content\\\/uploads\\\/2022\\\/06\\\/miamibeach-logoblue.png\",\"width\":1962,\"height\":381,\"caption\":\"City of Miami Beach\"},\"image\":{\"@id\":\"https:\\\/\\\/www.miamibeachfl.gov\\\/#\\\/schema\\\/logo\\\/image\\\/\"},\"sameAs\":[\"https:\\\/\\\/www.facebook.com\\\/cityofmiamibeach\",\"https:\\\/\\\/x.com\\\/Miamibeachnews\",\"https:\\\/\\\/www.instagram.com\\\/miamibeachnews\\\/\"],\"description\":\"The official website of the City of Miami Beach. Stay informed, find important information on city services, news, alerts, events, trolley routes, government employment and more.\",\"telephone\":\"305.604.CITY(2489)\",\"legalName\":\"City of Miami Beach\"}]}<\/script>\n<!-- \/ Yoast SEO Premium plugin. -->","yoast_head_json":{"title":"Miss\u00e3o, Vis\u00e3o e Valores - Cidade de Miami Beach","description":"%","robots":{"index":"index","follow":"follow","max-snippet":"max-snippet:-1","max-image-preview":"max-image-preview:large","max-video-preview":"max-video-preview:-1"},"canonical":"https:\/\/www.miamibeachfl.gov\/pt\/city-hall\/city-manager\/mission-vision-and-values\/","og_locale":"pt_BR","og_type":"article","og_title":"Mission, Vision, And Values","og_description":"%","og_url":"https:\/\/www.miamibeachfl.gov\/pt\/city-hall\/city-manager\/mission-vision-and-values\/","og_site_name":"City of Miami Beach","article_publisher":"https:\/\/www.facebook.com\/cityofmiamibeach","article_modified_time":"2025-05-25T19:36:32+00:00","og_image":[{"url":"https:\/\/www.miamibeachfl.gov\/wp-content\/uploads\/2023\/05\/icon-vision-properous.png","type":"","width":"","height":""}],"twitter_card":"summary_large_image","twitter_site":"@Miamibeachnews","schema":{"@context":"https:\/\/schema.org","@graph":[{"@type":"WebPage","@id":"https:\/\/www.miamibeachfl.gov\/city-hall\/city-manager\/mission-vision-and-values\/","url":"https:\/\/www.miamibeachfl.gov\/city-hall\/city-manager\/mission-vision-and-values\/","name":"Miss\u00e3o, Vis\u00e3o e Valores - Cidade de Miami Beach","isPartOf":{"@id":"https:\/\/www.miamibeachfl.gov\/#website"},"primaryImageOfPage":{"@id":"https:\/\/www.miamibeachfl.gov\/city-hall\/city-manager\/mission-vision-and-values\/#primaryimage"},"image":{"@id":"https:\/\/www.miamibeachfl.gov\/city-hall\/city-manager\/mission-vision-and-values\/#primaryimage"},"thumbnailUrl":"https:\/\/www.miamibeachfl.gov\/wp-content\/uploads\/2023\/05\/icon-vision-properous.png","datePublished":"2017-08-11T00:03:13+00:00","dateModified":"2025-05-25T19:36:32+00:00","description":"%","breadcrumb":{"@id":"https:\/\/www.miamibeachfl.gov\/city-hall\/city-manager\/mission-vision-and-values\/#breadcrumb"},"inLanguage":"pt-BR","potentialAction":[{"@type":"ReadAction","target":["https:\/\/www.miamibeachfl.gov\/city-hall\/city-manager\/mission-vision-and-values\/"]}]},{"@type":"ImageObject","inLanguage":"pt-BR","@id":"https:\/\/www.miamibeachfl.gov\/city-hall\/city-manager\/mission-vision-and-values\/#primaryimage","url":"https:\/\/www.miamibeachfl.gov\/wp-content\/uploads\/2023\/05\/icon-vision-properous.png","contentUrl":"https:\/\/www.miamibeachfl.gov\/wp-content\/uploads\/2023\/05\/icon-vision-properous.png"},{"@type":"BreadcrumbList","@id":"https:\/\/www.miamibeachfl.gov\/city-hall\/city-manager\/mission-vision-and-values\/#breadcrumb","itemListElement":[{"@type":"ListItem","position":1,"name":"Home","item":"https:\/\/www.miamibeachfl.gov\/"},{"@type":"ListItem","position":2,"name":"City Hall","item":"https:\/\/www.miamibeachfl.gov\/city-hall\/"},{"@type":"ListItem","position":3,"name":"City Manager","item":"https:\/\/www.miamibeachfl.gov\/city-hall\/city-manager\/"},{"@type":"ListItem","position":4,"name":"Mission, Vision, And Values"}]},{"@type":"WebSite","@id":"https:\/\/www.miamibeachfl.gov\/#website","url":"https:\/\/www.miamibeachfl.gov\/","name":"Cidade de Miami Beach","description":"Site oficial da cidade de Miami Beach. Mantenha-se informado e encontre informa\u00e7\u00f5es importantes sobre servi\u00e7os municipais, not\u00edcias, alertas, eventos, rotas de bonde, empregos p\u00fablicos e muito mais.","publisher":{"@id":"https:\/\/www.miamibeachfl.gov\/#organization"},"potentialAction":[{"@type":"SearchAction","target":{"@type":"EntryPoint","urlTemplate":"https:\/\/www.miamibeachfl.gov\/?s={search_term_string}"},"query-input":{"@type":"PropertyValueSpecification","valueRequired":true,"valueName":"search_term_string"}}],"inLanguage":"pt-BR"},{"@type":"Organization","@id":"https:\/\/www.miamibeachfl.gov\/#organization","name":"Cidade de Miami Beach","url":"https:\/\/www.miamibeachfl.gov\/","logo":{"@type":"ImageObject","inLanguage":"pt-BR","@id":"https:\/\/www.miamibeachfl.gov\/#\/schema\/logo\/image\/","url":"https:\/\/www.miamibeachfl.gov\/wp-content\/uploads\/2022\/06\/miamibeach-logoblue.png","contentUrl":"https:\/\/www.miamibeachfl.gov\/wp-content\/uploads\/2022\/06\/miamibeach-logoblue.png","width":1962,"height":381,"caption":"City of Miami Beach"},"image":{"@id":"https:\/\/www.miamibeachfl.gov\/#\/schema\/logo\/image\/"},"sameAs":["https:\/\/www.facebook.com\/cityofmiamibeach","https:\/\/x.com\/Miamibeachnews","https:\/\/www.instagram.com\/miamibeachnews\/"],"description":"Site oficial da cidade de Miami Beach. Mantenha-se informado e encontre informa\u00e7\u00f5es importantes sobre servi\u00e7os municipais, not\u00edcias, alertas, eventos, rotas de bonde, empregos p\u00fablicos e muito mais.","telephone":"305.604.CITY(2489)","legalName":"City of Miami Beach"}]}},"_links":{"self":[{"href":"https:\/\/www.miamibeachfl.gov\/pt\/wp-json\/wp\/v2\/pages\/28327","targetHints":{"allow":["GET"]}}],"collection":[{"href":"https:\/\/www.miamibeachfl.gov\/pt\/wp-json\/wp\/v2\/pages"}],"about":[{"href":"https:\/\/www.miamibeachfl.gov\/pt\/wp-json\/wp\/v2\/types\/page"}],"author":[{"embeddable":true,"href":"https:\/\/www.miamibeachfl.gov\/pt\/wp-json\/wp\/v2\/users\/222"}],"replies":[{"embeddable":true,"href":"https:\/\/www.miamibeachfl.gov\/pt\/wp-json\/wp\/v2\/comments?post=28327"}],"version-history":[{"count":0,"href":"https:\/\/www.miamibeachfl.gov\/pt\/wp-json\/wp\/v2\/pages\/28327\/revisions"}],"up":[{"embeddable":true,"href":"https:\/\/www.miamibeachfl.gov\/pt\/wp-json\/wp\/v2\/pages\/28325"}],"wp:attachment":[{"href":"https:\/\/www.miamibeachfl.gov\/pt\/wp-json\/wp\/v2\/media?parent=28327"}],"wp:term":[{"taxonomy":"category","embeddable":true,"href":"https:\/\/www.miamibeachfl.gov\/pt\/wp-json\/wp\/v2\/categories?post=28327"},{"taxonomy":"post_tag","embeddable":true,"href":"https:\/\/www.miamibeachfl.gov\/pt\/wp-json\/wp\/v2\/tags?post=28327"}],"curies":[{"name":"wp","href":"https:\/\/api.w.org\/{rel}","templated":true}]}}