{"id":28331,"date":"2017-08-11T00:03:15","date_gmt":"2017-08-11T00:03:15","guid":{"rendered":"http:\/\/www.miamibeachfl.gov\/city-hall\/code-compliance\/code-violations\/appeal-violations\/"},"modified":"2025-11-18T05:49:36","modified_gmt":"2025-11-18T10:49:36","slug":"appeal-violations","status":"publish","type":"page","link":"https:\/\/www.miamibeachfl.gov\/pt\/city-hall\/code-compliance\/appeal-violations\/","title":{"rendered":"Viola\u00e7\u00f5es de Apela\u00e7\u00e3o"},"content":{"rendered":"<h1>\n\t\t\tViola\u00e7\u00f5es de Apela\u00e7\u00e3o\t<\/h1>\nMenu de Conformidade do C\u00f3digo\t\t\t\n\t\t\t\t\t<ul id=\"menu-code-compliance\"><li id=\"menu-item-257356\"><a href=\"\/pt\/city-hall\/code-compliance\/\">Conformidade com o C\u00f3digo<\/a><\/li>\n<li id=\"menu-item-257357\"><a href=\"\/pt\/city-hall\/code-compliance\/code-violations\/\">Viola\u00e7\u00f5es de C\u00f3digo<\/a><\/li>\n<li id=\"menu-item-257358\"><a href=\"\/pt\/city-hall\/code-compliance\/code-invoice-request\/\">Solicita\u00e7\u00e3o de fatura de c\u00f3digo<\/a><\/li>\n<li id=\"menu-item-257359\"><a href=\"\/pt\/city-hall\/code-compliance\/appeal-violations\/\">Viola\u00e7\u00e3o de Apela\u00e7\u00e3o<\/a><\/li>\n<li id=\"menu-item-360398\"><a href=\"https:\/\/www.miamibeachfl.gov\/pt\/city-hall\/code-compliance\/administrators\/\">Administradores de conformidade de c\u00f3digo<\/a><\/li>\n<li id=\"menu-item-254588\"><a href=\"\/pt\/city-hall\/code-compliance\/#codecompliancehours\">Conformidade com o C\u00f3digo de Contato<\/a><\/li>\n<\/ul>\t\nMenu de conformidade do c\u00f3digo \u00d7\t\t\t\t\t\t<ul id=\"menu-code-compliance-1\"><li id=\"menu-item-257356\"><a href=\"\/pt\/city-hall\/code-compliance\/\">Conformidade com o C\u00f3digo<\/a><\/li>\n<li id=\"menu-item-257357\"><a href=\"\/pt\/city-hall\/code-compliance\/code-violations\/\">Viola\u00e7\u00f5es de C\u00f3digo<\/a><\/li>\n<li id=\"menu-item-257358\"><a href=\"\/pt\/city-hall\/code-compliance\/code-invoice-request\/\">Solicita\u00e7\u00e3o de fatura de c\u00f3digo<\/a><\/li>\n<li id=\"menu-item-257359\"><a href=\"\/pt\/city-hall\/code-compliance\/appeal-violations\/\">Viola\u00e7\u00e3o de Apela\u00e7\u00e3o<\/a><\/li>\n<li id=\"menu-item-360398\"><a href=\"https:\/\/www.miamibeachfl.gov\/pt\/city-hall\/code-compliance\/administrators\/\">Administradores de conformidade de c\u00f3digo<\/a><\/li>\n<li id=\"menu-item-254588\"><a href=\"\/pt\/city-hall\/code-compliance\/#codecompliancehours\">Conformidade com o C\u00f3digo de Contato<\/a><\/li>\n<\/ul>\t\t\t\t\n\t<p>Informamos que, a partir de 2 de maio de 2024, todas as audi\u00eancias do Magistrado Especial ocorrer\u00e3o pessoalmente na Sala de Comiss\u00f5es do Terceiro Andar da Prefeitura.<\/p>\n\t<p>Qualquer pessoa prejudicada pela decis\u00e3o de um agente de conformidade do c\u00f3digo em emitir uma viola\u00e7\u00e3o pode solicitar uma audi\u00eancia administrativa perante o magistrado especial enviando uma solicita\u00e7\u00e3o por escrito no Cart\u00f3rio do Munic\u00edpio, localizado em 1700 Convention Center Drive, Miami Beach, FL 33139.<\/p>\n<p>Verifique a infra\u00e7\u00e3o para obter informa\u00e7\u00f5es espec\u00edficas sobre quantos dias voc\u00ea tem ap\u00f3s o recebimento da infra\u00e7\u00e3o para apresentar um pedido de recurso em tempo h\u00e1bil, pois os dias para recurso podem variar de acordo com a infra\u00e7\u00e3o. O valor de $128 deve acompanhar o pedido de recurso por escrito. Cheque, cart\u00e3o de cr\u00e9dito ou dinheiro s\u00e3o formas de pagamento aceit\u00e1veis. Caso o apelante seja bem-sucedido na audi\u00eancia, o $128 ser\u00e1 devolvido.<\/p>\n<p><strong>O Secret\u00e1rio Municipal notificar\u00e1 o apelante sobre a data e hora da audi\u00eancia. Caso tenha alguma d\u00favida sobre como apelar de uma viola\u00e7\u00e3o do c\u00f3digo, entre em contato com o Magistrado Especial pelo telefone\u00a0<a href=\"tel:3056737181\">305.673.7181<\/a>.\u00a0<\/strong><\/p>\n\t\t\t<a href=\"http:\/\/docmgmt.miamibeachfl.gov\/weblink\/0\/fol\/149039\/Row1.aspx\" target=\"_blank\" rel=\"noopener\">\n\t\t\t\t\t\tPara a pauta do magistrado especial, clique aqui.\n\t\t\t\t\t<\/a>\n\t\t<a href=\"https:\/\/www.miamibeachfl.gov\/pt\/city-hall\/code-compliance\/hernan-cardeno\/\" target =\"_self\" aria-label=\"Acesse https:\/\/www.miamibeachfl.gov\/city-hall\/code-compliance\/hernan-cardeno\/\">\t\t\n\t\t\t\t<img decoding=\"async\" src=\"https:\/\/www.miamibeachfl.gov\/wp-content\/uploads\/bb-plugin\/cache\/HernanCordero100sq-circle.jpg\" alt=\"Hernan Cordero\" title=\"HernanCordero100sq\" itemprop=\"image\"\/>\n\t\t<\/a>\t\t \n\t\t<h3><a href=\"https:\/\/www.miamibeachfl.gov\/pt\/city-hall\/code-compliance\/hernan-cardeno\/\" target =\"_self\">Hernan D. Cardeno, Esq. | Biografia<\/a><\/h3>O diretor de conformidade do c\u00f3digo, Hernan Cardeno, \u00e9 um veterano de 34 anos na aplica\u00e7\u00e3o da lei, tendo servido primeiro no Departamento de Pol\u00edcia de Bal Harbour, onde foi promovido a chefe assistente de pol\u00edcia. \t\t\t\t\t\n\t<ul>\n\t\t<li><a href=\"https:\/\/goo.gl\/maps\/VnaR71PysNf7E2wy5\" target=\"_blank\" rel=\"noopener\" aria-label=\"Acesse https:\/\/goo.gl\/maps\/VnaR71PysNf7E2wy5\">\t\t\t\t\n\t\t<h3>Localiza\u00e7\u00e3o do escrit\u00f3rio:<\/h3><p>1680 Meridian Avenue | Su\u00edte 602<br \/>Miami Beach, FL 33139<\/p><\/a><\/li><li><a href=\"tel:3056737555\" target=\"_self\"  aria-label=\"Acesse o telefone: 3056737555\">\t\t\t\t\n\t\t<h3>N\u00famero principal:<\/h3><p>305.673.7555<\/p><\/a><\/li>\t<\/ul>\n\t\t\t\t Hor\u00e1rio da recep\u00e7\u00e3o: <br \/>Ter\u00e7a a sexta-feira (exceto feriados): 8h30 \u00e0s 12h <br \/> E das 13h00 \u00e0s 15h30 <br \/>(Fechado das 12:00 \u00e0s 13:00) Em servi\u00e7o<br \/>Hor\u00e1rio de execu\u00e7\u00e3o:\t\t\t\t\n\t\t\t\t <strong>Segunda, ter\u00e7a, quarta e domingo:<\/strong><br \/>6h00 \u00e0s 1h00<br \/><strong>Quinta-feira:<\/strong><br \/>6h00 \u00e0s 3h00<br \/><strong>Sexta e s\u00e1bado:<\/strong><br \/>24 horas Para d\u00favidas ou informa\u00e7\u00f5es durante<br \/>hor\u00e1rio comercial normal:\t\t\t\t\n\t\t\t\t <strong>Chamar: <a href=\"tel:3056737555\">305.673.7555<\/a><\/strong>\t\t\t\t\n\t\t\t\t Para denunciar uma viola\u00e7\u00e3o, a qualquer momento:\t\t\t\t\n\t\t\t\t <strong>Chamar: <a href=\"tel:3056738285\">(305) 673-8285<\/a><\/strong>\t\t\t\t\n\t\t\t\t Para relatar uma viola\u00e7\u00e3o ou falar com um supervisor de plant\u00e3o durante o fim de semana e \u00e0 noite:\t\t\t\t\n\t\t\t\t <strong>Chamar: <a href=\"tel:3056738285\">(305) 673-8285<\/a><\/strong>\t\t\t\t\n\t\t\t<a href=\"https:\/\/www.miamibeachfl.gov\/wp-content\/uploads\/2024\/11\/Additional-Contact-Info.pdf\" target=\"_blank\" rel=\"noopener\">\n\t\t\t\t\t\tInforma\u00e7\u00f5es adicionais de contato\n\t\t\t\t\t<\/a>","protected":false},"excerpt":{"rendered":"<p>Appeal Violations Code Compliance Menu Code Compliance Code Violations Code Invoice Request Appeal Violation Code Compliance Administrators Contact Code Compliance [&hellip;]<\/p>\n","protected":false},"author":222,"featured_media":0,"parent":28329,"menu_order":0,"comment_status":"closed","ping_status":"closed","template":"","meta":{"_searchwp_excluded":"","site-sidebar-layout":"default","site-content-layout":"","ast-site-content-layout":"default","site-content-style":"default","site-sidebar-style":"default","ast-global-header-display":"","ast-banner-title-visibility":"","ast-main-header-display":"","ast-hfb-above-header-display":"","ast-hfb-below-header-display":"","ast-hfb-mobile-header-display":"","site-post-title":"","ast-breadcrumbs-content":"","ast-featured-img":"","footer-sml-layout":"","theme-transparent-header-meta":"","adv-header-id-meta":"","stick-header-meta":"","header-above-stick-meta":"","header-main-stick-meta":"","header-below-stick-meta":"","astra-migrate-meta-layouts":"default","ast-page-background-enabled":"default","ast-page-background-meta":{"desktop":{"background-color":"var(--ast-global-color-5)","background-image":"","background-repeat":"repeat","background-position":"center center","background-size":"auto","background-attachment":"scroll","background-type":"","background-media":"","overlay-type":"","overlay-color":"","overlay-opacity":"","overlay-gradient":""},"tablet":{"background-color":"","background-image":"","background-repeat":"repeat","background-position":"center center","background-size":"auto","background-attachment":"scroll","background-type":"","background-media":"","overlay-type":"","overlay-color":"","overlay-opacity":"","overlay-gradient":""},"mobile":{"background-color":"","background-image":"","background-repeat":"repeat","background-position":"center center","background-size":"auto","background-attachment":"scroll","background-type":"","background-media":"","overlay-type":"","overlay-color":"","overlay-opacity":"","overlay-gradient":""}},"ast-content-background-meta":{"desktop":{"background-color":"var(--ast-global-color-4)","background-image":"","background-repeat":"repeat","background-position":"center center","background-size":"auto","background-attachment":"scroll","background-type":"","background-media":"","overlay-type":"","overlay-color":"","overlay-opacity":"","overlay-gradient":""},"tablet":{"background-color":"var(--ast-global-color-4)","background-image":"","background-repeat":"repeat","background-position":"center center","background-size":"auto","background-attachment":"scroll","background-type":"","background-media":"","overlay-type":"","overlay-color":"","overlay-opacity":"","overlay-gradient":""},"mobile":{"background-color":"var(--ast-global-color-4)","background-image":"","background-repeat":"repeat","background-position":"center center","background-size":"auto","background-attachment":"scroll","background-type":"","background-media":"","overlay-type":"","overlay-color":"","overlay-opacity":"","overlay-gradient":""}},"footnotes":""},"categories":[],"tags":[],"class_list":["post-28331","page","type-page","status-publish","hentry"],"yoast_head":"<!-- This site is optimized with the Yoast SEO Premium plugin v27.4 (Yoast SEO v27.4) - https:\/\/yoast.com\/product\/yoast-seo-premium-wordpress\/ -->\n<title>Appeal\u00a0 Violations - City of Miami Beach<\/title>\n<meta name=\"description\" content=\"Any person aggrieved by the decision of a Code Compliance officer in issuing a violation, may request an administrative hearing before the Special Magistrate by submitting a written request in the City Clerk\u2019s Office located at 1700 Convention Center Drive, Miami Beach, FL 33139.\" \/>\n<meta name=\"robots\" content=\"index, follow, max-snippet:-1, max-image-preview:large, max-video-preview:-1\" \/>\n<link rel=\"canonical\" href=\"https:\/\/www.miamibeachfl.gov\/pt\/city-hall\/code-compliance\/appeal-violations\/\" \/>\n<meta property=\"og:locale\" content=\"pt_BR\" \/>\n<meta property=\"og:type\" content=\"article\" \/>\n<meta property=\"og:title\" content=\"Appeal\u00a0 Violations\" \/>\n<meta property=\"og:description\" content=\"Any person aggrieved by the decision of a Code Compliance officer in issuing a violation, may request an administrative hearing before the Special Magistrate by submitting a written request in the City Clerk\u2019s Office located at 1700 Convention Center Drive, Miami Beach, FL 33139.\" \/>\n<meta property=\"og:url\" content=\"https:\/\/www.miamibeachfl.gov\/pt\/city-hall\/code-compliance\/appeal-violations\/\" \/>\n<meta property=\"og:site_name\" content=\"City of Miami Beach\" \/>\n<meta property=\"article:publisher\" content=\"https:\/\/www.facebook.com\/cityofmiamibeach\" \/>\n<meta property=\"article:modified_time\" content=\"2025-11-18T10:49:36+00:00\" \/>\n<meta property=\"og:image\" content=\"https:\/\/www.miamibeachfl.gov\/wp-content\/uploads\/bb-plugin\/cache\/HernanCordero100sq-circle.jpg\" \/>\n<meta name=\"twitter:card\" content=\"summary_large_image\" \/>\n<meta name=\"twitter:site\" content=\"@Miamibeachnews\" \/>\n<script type=\"application\/ld+json\" class=\"yoast-schema-graph\">{\"@context\":\"https:\\\/\\\/schema.org\",\"@graph\":[{\"@type\":\"WebPage\",\"@id\":\"https:\\\/\\\/www.miamibeachfl.gov\\\/city-hall\\\/code-compliance\\\/appeal-violations\\\/\",\"url\":\"https:\\\/\\\/www.miamibeachfl.gov\\\/city-hall\\\/code-compliance\\\/appeal-violations\\\/\",\"name\":\"Appeal\u00a0 Violations - City of Miami Beach\",\"isPartOf\":{\"@id\":\"https:\\\/\\\/www.miamibeachfl.gov\\\/#website\"},\"primaryImageOfPage\":{\"@id\":\"https:\\\/\\\/www.miamibeachfl.gov\\\/city-hall\\\/code-compliance\\\/appeal-violations\\\/#primaryimage\"},\"image\":{\"@id\":\"https:\\\/\\\/www.miamibeachfl.gov\\\/city-hall\\\/code-compliance\\\/appeal-violations\\\/#primaryimage\"},\"thumbnailUrl\":\"https:\\\/\\\/www.miamibeachfl.gov\\\/wp-content\\\/uploads\\\/bb-plugin\\\/cache\\\/HernanCordero100sq-circle.jpg\",\"datePublished\":\"2017-08-11T00:03:15+00:00\",\"dateModified\":\"2025-11-18T10:49:36+00:00\",\"description\":\"Any person aggrieved by the decision of a Code Compliance officer in issuing a violation, may request an administrative hearing before the Special Magistrate by submitting a written request in the City Clerk\u2019s Office located at 1700 Convention Center Drive, Miami Beach, FL 33139.\",\"breadcrumb\":{\"@id\":\"https:\\\/\\\/www.miamibeachfl.gov\\\/city-hall\\\/code-compliance\\\/appeal-violations\\\/#breadcrumb\"},\"inLanguage\":\"pt-BR\",\"potentialAction\":[{\"@type\":\"ReadAction\",\"target\":[\"https:\\\/\\\/www.miamibeachfl.gov\\\/city-hall\\\/code-compliance\\\/appeal-violations\\\/\"]}]},{\"@type\":\"ImageObject\",\"inLanguage\":\"pt-BR\",\"@id\":\"https:\\\/\\\/www.miamibeachfl.gov\\\/city-hall\\\/code-compliance\\\/appeal-violations\\\/#primaryimage\",\"url\":\"https:\\\/\\\/www.miamibeachfl.gov\\\/wp-content\\\/uploads\\\/bb-plugin\\\/cache\\\/HernanCordero100sq-circle.jpg\",\"contentUrl\":\"https:\\\/\\\/www.miamibeachfl.gov\\\/wp-content\\\/uploads\\\/bb-plugin\\\/cache\\\/HernanCordero100sq-circle.jpg\"},{\"@type\":\"BreadcrumbList\",\"@id\":\"https:\\\/\\\/www.miamibeachfl.gov\\\/city-hall\\\/code-compliance\\\/appeal-violations\\\/#breadcrumb\",\"itemListElement\":[{\"@type\":\"ListItem\",\"position\":1,\"name\":\"Home\",\"item\":\"https:\\\/\\\/www.miamibeachfl.gov\\\/\"},{\"@type\":\"ListItem\",\"position\":2,\"name\":\"City Hall\",\"item\":\"https:\\\/\\\/www.miamibeachfl.gov\\\/city-hall\\\/\"},{\"@type\":\"ListItem\",\"position\":3,\"name\":\"Code Compliance\",\"item\":\"https:\\\/\\\/www.miamibeachfl.gov\\\/city-hall\\\/code-compliance\\\/\"},{\"@type\":\"ListItem\",\"position\":4,\"name\":\"Appeal\u00a0 Violations\"}]},{\"@type\":\"WebSite\",\"@id\":\"https:\\\/\\\/www.miamibeachfl.gov\\\/#website\",\"url\":\"https:\\\/\\\/www.miamibeachfl.gov\\\/\",\"name\":\"City of Miami Beach\",\"description\":\"The official website of the City of Miami Beach. Stay informed, find important information on city services, news, alerts, events, trolley routes, government employment and more.\",\"publisher\":{\"@id\":\"https:\\\/\\\/www.miamibeachfl.gov\\\/#organization\"},\"potentialAction\":[{\"@type\":\"SearchAction\",\"target\":{\"@type\":\"EntryPoint\",\"urlTemplate\":\"https:\\\/\\\/www.miamibeachfl.gov\\\/?s={search_term_string}\"},\"query-input\":{\"@type\":\"PropertyValueSpecification\",\"valueRequired\":true,\"valueName\":\"search_term_string\"}}],\"inLanguage\":\"pt-BR\"},{\"@type\":\"Organization\",\"@id\":\"https:\\\/\\\/www.miamibeachfl.gov\\\/#organization\",\"name\":\"City of Miami Beach\",\"url\":\"https:\\\/\\\/www.miamibeachfl.gov\\\/\",\"logo\":{\"@type\":\"ImageObject\",\"inLanguage\":\"pt-BR\",\"@id\":\"https:\\\/\\\/www.miamibeachfl.gov\\\/#\\\/schema\\\/logo\\\/image\\\/\",\"url\":\"https:\\\/\\\/www.miamibeachfl.gov\\\/wp-content\\\/uploads\\\/2022\\\/06\\\/miamibeach-logoblue.png\",\"contentUrl\":\"https:\\\/\\\/www.miamibeachfl.gov\\\/wp-content\\\/uploads\\\/2022\\\/06\\\/miamibeach-logoblue.png\",\"width\":1962,\"height\":381,\"caption\":\"City of Miami Beach\"},\"image\":{\"@id\":\"https:\\\/\\\/www.miamibeachfl.gov\\\/#\\\/schema\\\/logo\\\/image\\\/\"},\"sameAs\":[\"https:\\\/\\\/www.facebook.com\\\/cityofmiamibeach\",\"https:\\\/\\\/x.com\\\/Miamibeachnews\",\"https:\\\/\\\/www.instagram.com\\\/miamibeachnews\\\/\"],\"description\":\"The official website of the City of Miami Beach. Stay informed, find important information on city services, news, alerts, events, trolley routes, government employment and more.\",\"telephone\":\"305.604.CITY(2489)\",\"legalName\":\"City of Miami Beach\"}]}<\/script>\n<!-- \/ Yoast SEO Premium plugin. -->","yoast_head_json":{"title":"Viola\u00e7\u00f5es de Apela\u00e7\u00e3o - Cidade de Miami Beach","description":"Qualquer pessoa prejudicada pela decis\u00e3o de um agente de conformidade do c\u00f3digo em emitir uma viola\u00e7\u00e3o pode solicitar uma audi\u00eancia administrativa perante o magistrado especial enviando uma solicita\u00e7\u00e3o por escrito no Cart\u00f3rio do Munic\u00edpio, localizado em 1700 Convention Center Drive, Miami Beach, FL 33139.","robots":{"index":"index","follow":"follow","max-snippet":"max-snippet:-1","max-image-preview":"max-image-preview:large","max-video-preview":"max-video-preview:-1"},"canonical":"https:\/\/www.miamibeachfl.gov\/pt\/city-hall\/code-compliance\/appeal-violations\/","og_locale":"pt_BR","og_type":"article","og_title":"Appeal\u00a0 Violations","og_description":"Any person aggrieved by the decision of a Code Compliance officer in issuing a violation, may request an administrative hearing before the Special Magistrate by submitting a written request in the City Clerk\u2019s Office located at 1700 Convention Center Drive, Miami Beach, FL 33139.","og_url":"https:\/\/www.miamibeachfl.gov\/pt\/city-hall\/code-compliance\/appeal-violations\/","og_site_name":"City of Miami Beach","article_publisher":"https:\/\/www.facebook.com\/cityofmiamibeach","article_modified_time":"2025-11-18T10:49:36+00:00","og_image":[{"url":"https:\/\/www.miamibeachfl.gov\/wp-content\/uploads\/bb-plugin\/cache\/HernanCordero100sq-circle.jpg","type":"","width":"","height":""}],"twitter_card":"summary_large_image","twitter_site":"@Miamibeachnews","schema":{"@context":"https:\/\/schema.org","@graph":[{"@type":"WebPage","@id":"https:\/\/www.miamibeachfl.gov\/city-hall\/code-compliance\/appeal-violations\/","url":"https:\/\/www.miamibeachfl.gov\/city-hall\/code-compliance\/appeal-violations\/","name":"Viola\u00e7\u00f5es de Apela\u00e7\u00e3o - Cidade de Miami Beach","isPartOf":{"@id":"https:\/\/www.miamibeachfl.gov\/#website"},"primaryImageOfPage":{"@id":"https:\/\/www.miamibeachfl.gov\/city-hall\/code-compliance\/appeal-violations\/#primaryimage"},"image":{"@id":"https:\/\/www.miamibeachfl.gov\/city-hall\/code-compliance\/appeal-violations\/#primaryimage"},"thumbnailUrl":"https:\/\/www.miamibeachfl.gov\/wp-content\/uploads\/bb-plugin\/cache\/HernanCordero100sq-circle.jpg","datePublished":"2017-08-11T00:03:15+00:00","dateModified":"2025-11-18T10:49:36+00:00","description":"Qualquer pessoa prejudicada pela decis\u00e3o de um agente de conformidade do c\u00f3digo em emitir uma viola\u00e7\u00e3o pode solicitar uma audi\u00eancia administrativa perante o magistrado especial enviando uma solicita\u00e7\u00e3o por escrito no Cart\u00f3rio do Munic\u00edpio, localizado em 1700 Convention Center Drive, Miami Beach, FL 33139.","breadcrumb":{"@id":"https:\/\/www.miamibeachfl.gov\/city-hall\/code-compliance\/appeal-violations\/#breadcrumb"},"inLanguage":"pt-BR","potentialAction":[{"@type":"ReadAction","target":["https:\/\/www.miamibeachfl.gov\/city-hall\/code-compliance\/appeal-violations\/"]}]},{"@type":"ImageObject","inLanguage":"pt-BR","@id":"https:\/\/www.miamibeachfl.gov\/city-hall\/code-compliance\/appeal-violations\/#primaryimage","url":"https:\/\/www.miamibeachfl.gov\/wp-content\/uploads\/bb-plugin\/cache\/HernanCordero100sq-circle.jpg","contentUrl":"https:\/\/www.miamibeachfl.gov\/wp-content\/uploads\/bb-plugin\/cache\/HernanCordero100sq-circle.jpg"},{"@type":"BreadcrumbList","@id":"https:\/\/www.miamibeachfl.gov\/city-hall\/code-compliance\/appeal-violations\/#breadcrumb","itemListElement":[{"@type":"ListItem","position":1,"name":"Home","item":"https:\/\/www.miamibeachfl.gov\/"},{"@type":"ListItem","position":2,"name":"City Hall","item":"https:\/\/www.miamibeachfl.gov\/city-hall\/"},{"@type":"ListItem","position":3,"name":"Code Compliance","item":"https:\/\/www.miamibeachfl.gov\/city-hall\/code-compliance\/"},{"@type":"ListItem","position":4,"name":"Appeal\u00a0 Violations"}]},{"@type":"WebSite","@id":"https:\/\/www.miamibeachfl.gov\/#website","url":"https:\/\/www.miamibeachfl.gov\/","name":"Cidade de Miami Beach","description":"Site oficial da cidade de Miami Beach. Mantenha-se informado e encontre informa\u00e7\u00f5es importantes sobre servi\u00e7os municipais, not\u00edcias, alertas, eventos, rotas de bonde, empregos p\u00fablicos e muito mais.","publisher":{"@id":"https:\/\/www.miamibeachfl.gov\/#organization"},"potentialAction":[{"@type":"SearchAction","target":{"@type":"EntryPoint","urlTemplate":"https:\/\/www.miamibeachfl.gov\/?s={search_term_string}"},"query-input":{"@type":"PropertyValueSpecification","valueRequired":true,"valueName":"search_term_string"}}],"inLanguage":"pt-BR"},{"@type":"Organization","@id":"https:\/\/www.miamibeachfl.gov\/#organization","name":"Cidade de Miami Beach","url":"https:\/\/www.miamibeachfl.gov\/","logo":{"@type":"ImageObject","inLanguage":"pt-BR","@id":"https:\/\/www.miamibeachfl.gov\/#\/schema\/logo\/image\/","url":"https:\/\/www.miamibeachfl.gov\/wp-content\/uploads\/2022\/06\/miamibeach-logoblue.png","contentUrl":"https:\/\/www.miamibeachfl.gov\/wp-content\/uploads\/2022\/06\/miamibeach-logoblue.png","width":1962,"height":381,"caption":"City of Miami Beach"},"image":{"@id":"https:\/\/www.miamibeachfl.gov\/#\/schema\/logo\/image\/"},"sameAs":["https:\/\/www.facebook.com\/cityofmiamibeach","https:\/\/x.com\/Miamibeachnews","https:\/\/www.instagram.com\/miamibeachnews\/"],"description":"Site oficial da cidade de Miami Beach. Mantenha-se informado e encontre informa\u00e7\u00f5es importantes sobre servi\u00e7os municipais, not\u00edcias, alertas, eventos, rotas de bonde, empregos p\u00fablicos e muito mais.","telephone":"305.604.CITY(2489)","legalName":"City of Miami Beach"}]}},"_links":{"self":[{"href":"https:\/\/www.miamibeachfl.gov\/pt\/wp-json\/wp\/v2\/pages\/28331","targetHints":{"allow":["GET"]}}],"collection":[{"href":"https:\/\/www.miamibeachfl.gov\/pt\/wp-json\/wp\/v2\/pages"}],"about":[{"href":"https:\/\/www.miamibeachfl.gov\/pt\/wp-json\/wp\/v2\/types\/page"}],"author":[{"embeddable":true,"href":"https:\/\/www.miamibeachfl.gov\/pt\/wp-json\/wp\/v2\/users\/222"}],"replies":[{"embeddable":true,"href":"https:\/\/www.miamibeachfl.gov\/pt\/wp-json\/wp\/v2\/comments?post=28331"}],"version-history":[{"count":1,"href":"https:\/\/www.miamibeachfl.gov\/pt\/wp-json\/wp\/v2\/pages\/28331\/revisions"}],"predecessor-version":[{"id":392181,"href":"https:\/\/www.miamibeachfl.gov\/pt\/wp-json\/wp\/v2\/pages\/28331\/revisions\/392181"}],"up":[{"embeddable":true,"href":"https:\/\/www.miamibeachfl.gov\/pt\/wp-json\/wp\/v2\/pages\/28329"}],"wp:attachment":[{"href":"https:\/\/www.miamibeachfl.gov\/pt\/wp-json\/wp\/v2\/media?parent=28331"}],"wp:term":[{"taxonomy":"category","embeddable":true,"href":"https:\/\/www.miamibeachfl.gov\/pt\/wp-json\/wp\/v2\/categories?post=28331"},{"taxonomy":"post_tag","embeddable":true,"href":"https:\/\/www.miamibeachfl.gov\/pt\/wp-json\/wp\/v2\/tags?post=28331"}],"curies":[{"name":"wp","href":"https:\/\/api.w.org\/{rel}","templated":true}]}}