{"id":28337,"date":"2017-08-11T00:03:18","date_gmt":"2017-08-11T00:03:18","guid":{"rendered":"http:\/\/www.miamibeachfl.gov\/city-hall\/city-clerk\/"},"modified":"2026-04-24T10:07:40","modified_gmt":"2026-04-24T14:07:40","slug":"city-clerk","status":"publish","type":"page","link":"https:\/\/www.miamibeachfl.gov\/pt\/city-hall\/city-clerk\/","title":{"rendered":"Escriv\u00e3o da cidade"},"content":{"rendered":"<h1>\n\t\t\tEscriv\u00e3o da cidade\t<\/h1>\n\t<nav id=\"breadcrumbs\" aria-label=\"Migalhas de p\u00e3o\"><a href=\"https:\/\/www.miamibeachfl.gov\/pt\/\">Lar<\/a> &gt; <a href=\"https:\/\/www.miamibeachfl.gov\/pt\/city-hall\/\">Prefeitura<\/a> &gt; <strong>Escriv\u00e3o da cidade<\/strong><\/nav>\n\t<p>O Gabinete do Escriv\u00e3o da Cidade atua como Secret\u00e1rio Municipal da Cidade, Secret\u00e1rio Oficial do corpo legislativo e Supervisor Eleitoral da Cidade de Miami Beach. O Gabinete do Escriv\u00e3o da Cidade tamb\u00e9m \u00e9 a sede corporativa da Cidade e serve como deposit\u00e1rio de todos os contratos e registros corporativos.<\/p>\n<p>N\u00f3s nos dedicamos a servir como secret\u00e1rio e guardi\u00e3o do Selo da Cidade, compilando agendas e atas oficiais da Comiss\u00e3o da Cidade e da Ag\u00eancia de Redesenvolvimento, fornecendo servi\u00e7os de impress\u00e3o, c\u00f3pia e correio de qualidade e servindo como facilitador no fornecimento de registros e informa\u00e7\u00f5es p\u00fablicas rapidamente \u00e0 Comiss\u00e3o da Cidade, ao p\u00fablico, \u00e0 equipe da Cidade e a outras ag\u00eancias governamentais e a todos os Departamentos da Cidade.<\/p>\n<figure itemscope=\"\" itemtype=\"https:\/\/schema.org\/ImageObject\">\n\t\t\t\t<img decoding=\"async\" src=\"https:\/\/www.miamibeachfl.gov\/wp-content\/uploads\/2017\/08\/rafael-e-granado.jpg\" alt=\"Rafael Granado City Clerk\" height=\"139\" width=\"139\" title=\"rafael-e-granado\" onerror=\"this.style.display='none'\" loading=\"lazy\">\n\t<\/figure>\n<h2>\n\t\t\tRafael E. Granado\t<\/h2>\n\t<p>Rafael E. Granado, secret\u00e1rio municipal, atua como secret\u00e1rio oficial da Comiss\u00e3o Municipal e da Ag\u00eancia de Redesenvolvimento de Miami Beach.<\/p>\n\t\t\t<a href=\"https:\/\/miamibeachfl.justfoia.com\/publicportal\/home\/newrequest\" target=\"_blank\" rel=\"noopener\">\n\t\t\t\t\t\t\tEnviar uma solicita\u00e7\u00e3o de registros p\u00fablicos\n\t\t\t\t\t<\/a>\n<h2>\n\t\t\tPrincipais links\t<\/h2>\n\t\t\t<a href=\"\/pt\/city-hall\/city-clerk\/boards-and-committees\/\" target=\"_self\">\n\t\t\t\t\t\t\t Conselhos e Comit\u00eas\n\t\t\t<\/a>\n\t\t\t<a href=\"\/pt\/city-hall\/city-clerk\/meetings-and-agendas\/\" target=\"_self\">\n\t\t\t\t\t\t\tReuni\u00f5es e agendas da cidade de Miami Beach\n\t\t\t<\/a>\n\t\t\t<a href=\"\/pt\/city-hall\/city-clerk\/election-information\/\" target=\"_self\">\n\t\t\t\t\t\t\tInforma\u00e7\u00f5es sobre elei\u00e7\u00f5es\n\t\t\t<\/a>\n\t\t\t<a href=\"\/pt\/city-hall\/city-clerk\/forms\/\" target=\"_self\">\n\t\t\t\t\t\t\tFormul\u00e1rios\n\t\t\t<\/a>\n\t\t\t<a href=\"\/pt\/city-hall\/city-clerk\/meeting-notices\/\" target=\"_self\">\n\t\t\t\t\t\t\tAn\u00fancios Legais e Avisos P\u00fablicos\n\t\t\t<\/a>\n\t\t\t<a href=\"https:\/\/docmgmt.miamibeachfl.gov\/WebLink\/Browse.aspx?id=315498&amp;dbid=0&amp;repo=CityClerk\" target=\"_blank\" rel=\"noopener\">\n\t\t\t\t\t\t\tCartas \u00e0 Comiss\u00e3o (LTC)\n\t\t\t<\/a>\n\t\t\t<a href=\"\/pt\/city-hall\/city-clerk\/lobbyist-information\/\" target=\"_self\">\n\t\t\t\t\t\t\tInforma\u00e7\u00f5es para lobistas\n\t\t\t<\/a>\n\t\t\t<a href=\"\/pt\/city-hall\/city-clerk\/marriage-license\/\" target=\"_self\">\n\t\t\t\t\t\t\tLicen\u00e7a de casamento\n\t\t\t<\/a>\n\t\t\t<a href=\"\/pt\/city-hall\/city-clerk\/public-records-request\/\" target=\"_self\">\n\t\t\t\t\t\t\tRegistros P\u00fablicos \/ Laserfiche\n\t\t\t<\/a>\n\t\t\t<a href=\"\/pt\/city-hall\/city-clerk\/digital-archives\/\" target=\"_self\">\n\t\t\t\t\t\t\tArquivos Digitais\n\t\t\t<\/a>\n\t\t\t<a href=\"\/pt\/city-hall\/city-clerk\/home-solicitation-ordinance\/\" target=\"_self\">\n\t\t\t\t\t\t\tLista de locais proibidos para vendedores ambulantes da cidade\n\t\t\t<\/a>\n\t\t\t<a href=\"\/pt\/city-hall\/city-clerk\/residents-right-to-know\/\" target=\"_self\">\n\t\t\t\t\t\t\tDireito dos moradores de saber\n\t\t\t<\/a>\n\t\t\t<a href=\"\/pt\/city-hall\/city-clerk\/special-magistrate\/\" target=\"_self\">\n\t\t\t\t\t\t\tMagistrado Especial\n\t\t\t<\/a>\n\t\t\t<a href=\"\/pt\/city-hall\/planning\/land-development-dashboard\/\" target=\"_self\">\n\t\t\t\t\t\t\tPainel de Empoderamento e Responsabiliza\u00e7\u00e3o dos Moradores\n\t\t\t<\/a>\n<h2>\n\t\t\tRecursos relacionados\t<\/h2>\n\t\t<ul>\n\t\t\t\t\t<li>\n\t\t\t\t\t<a href=\"http:\/\/docmgmt.miamibeachfl.gov\/weblink\/browse.aspx?id=120704&amp;dbid=0&amp;repo=CityClerk\" target=\"_self\">\n\t\t\t\t<h3>Resolutions &amp; Ordinances<\/h3>\n\t<\/a>\n\t\t\t<\/li>\n\t\t\t\t\t<li>\n\t\t\t\t\t<a href=\"https:\/\/dpanther.fiu.edu\/search?cc=City+of+Miami+Beach+Digital+Archives&amp;ln=en\" target=\"_blank\">\n\t\t\t\t<h3>Imagens Hist\u00f3ricas<\/h3>\n\t<\/a>\n\t\t\t<\/li>\n\t\t\t\t\t<li>\n\t\t\t\t\t<a href=\"https:\/\/miamibeachfl.justfoia.com\/publicportal\/home\/newrequest\" target=\"_blank\">\n\t\t\t\t<h3>Solicitar Registros P\u00fablicos<\/h3>\n\t<\/a>\n\t\t\t<\/li>\n\t\t\t\t\t<li>\n\t\t\t\t\t<a href=\"\/pt\/city-hall\/city-clerk\/public-records-request\/states-of-emergency\/\" target=\"_self\">\n\t\t\t\t<h3>Estado de emerg\u00eancia<\/h3>\n\t<\/a>\n\t\t\t<\/li>\n\t\t\t\t\t<li>\n\t\t\t\t\t<a href=\"\/pt\/city-hall\/city-clerk\/election-information\/november-2-2027-general-and-special-elections\/\" target=\"_blank\">\n\t\t\t\t<h3>2 de novembro de 2027: Elei\u00e7\u00f5es Gerais<\/h3>\n\t<\/a>\n\t\t\t<\/li>\n\t\t\t\t<\/ul>","protected":false},"excerpt":{"rendered":"<p><a href=\"tel:3056737411\" style=\"text-decoration:none; color:#004896;\"><br \/>\n    <i class=\"fa-solid fa-phone\"><\/i> 305.673.7411<br \/>\n<\/a><a href=\"\/pt\/city-hall\/city-clerk\/public-records-request\/additional-contacts\/\" style=\"text-decoration:none; color:#004896;\"><br \/>\n    <i class=\"fa-solid fa-circle-info\"><\/i> Informa\u00e7\u00f5es de contato<br \/>\n<\/a><\/p>","protected":false},"author":222,"featured_media":260519,"parent":28206,"menu_order":99,"comment_status":"closed","ping_status":"closed","template":"","meta":{"_searchwp_excluded":"","site-sidebar-layout":"default","site-content-layout":"","ast-site-content-layout":"default","site-content-style":"default","site-sidebar-style":"default","ast-global-header-display":"","ast-banner-title-visibility":"","ast-main-header-display":"","ast-hfb-above-header-display":"","ast-hfb-below-header-display":"","ast-hfb-mobile-header-display":"","site-post-title":"","ast-breadcrumbs-content":"","ast-featured-img":"","footer-sml-layout":"","theme-transparent-header-meta":"","adv-header-id-meta":"","stick-header-meta":"","header-above-stick-meta":"","header-main-stick-meta":"","header-below-stick-meta":"","astra-migrate-meta-layouts":"default","ast-page-background-enabled":"default","ast-page-background-meta":{"desktop":{"background-color":"var(--ast-global-color-5)","background-image":"","background-repeat":"repeat","background-position":"center center","background-size":"auto","background-attachment":"scroll","background-type":"","background-media":"","overlay-type":"","overlay-color":"","overlay-opacity":"","overlay-gradient":""},"tablet":{"background-color":"","background-image":"","background-repeat":"repeat","background-position":"center center","background-size":"auto","background-attachment":"scroll","background-type":"","background-media":"","overlay-type":"","overlay-color":"","overlay-opacity":"","overlay-gradient":""},"mobile":{"background-color":"","background-image":"","background-repeat":"repeat","background-position":"center center","background-size":"auto","background-attachment":"scroll","background-type":"","background-media":"","overlay-type":"","overlay-color":"","overlay-opacity":"","overlay-gradient":""}},"ast-content-background-meta":{"desktop":{"background-color":"var(--ast-global-color-4)","background-image":"","background-repeat":"repeat","background-position":"center center","background-size":"auto","background-attachment":"scroll","background-type":"","background-media":"","overlay-type":"","overlay-color":"","overlay-opacity":"","overlay-gradient":""},"tablet":{"background-color":"var(--ast-global-color-4)","background-image":"","background-repeat":"repeat","background-position":"center center","background-size":"auto","background-attachment":"scroll","background-type":"","background-media":"","overlay-type":"","overlay-color":"","overlay-opacity":"","overlay-gradient":""},"mobile":{"background-color":"var(--ast-global-color-4)","background-image":"","background-repeat":"repeat","background-position":"center center","background-size":"auto","background-attachment":"scroll","background-type":"","background-media":"","overlay-type":"","overlay-color":"","overlay-opacity":"","overlay-gradient":""}},"footnotes":""},"categories":[1761],"tags":[1724,1732],"class_list":["post-28337","page","type-page","status-publish","has-post-thumbnail","hentry","category-government","tag-city-hall","tag-government"],"yoast_head":"<!-- This site is optimized with the Yoast SEO Premium plugin v27.4 (Yoast SEO v27.4) - https:\/\/yoast.com\/product\/yoast-seo-premium-wordpress\/ -->\n<title>City of Miami Beach City Clerk Official Duties Explained - City of Miami Beach<\/title>\n<meta name=\"description\" content=\"Learn about the City of Miami Beach City Clerk&#039;s responsibilities, including agenda compilation and public records management.\" \/>\n<meta name=\"robots\" content=\"index, follow, max-snippet:-1, max-image-preview:large, max-video-preview:-1\" \/>\n<link rel=\"canonical\" href=\"https:\/\/www.miamibeachfl.gov\/pt\/city-hall\/city-clerk\/\" \/>\n<meta property=\"og:locale\" content=\"pt_BR\" \/>\n<meta property=\"og:type\" content=\"article\" \/>\n<meta property=\"og:title\" content=\"City Clerk\" \/>\n<meta property=\"og:description\" content=\"Learn about the City of Miami Beach City Clerk&#039;s responsibilities, including agenda compilation and public records management.\" \/>\n<meta property=\"og:url\" content=\"https:\/\/www.miamibeachfl.gov\/pt\/city-hall\/city-clerk\/\" \/>\n<meta property=\"og:site_name\" content=\"City of Miami Beach\" \/>\n<meta property=\"article:publisher\" content=\"https:\/\/www.facebook.com\/cityofmiamibeach\" \/>\n<meta property=\"article:modified_time\" content=\"2026-04-24T14:07:40+00:00\" \/>\n<meta property=\"og:image\" content=\"https:\/\/www.miamibeachfl.gov\/wp-content\/uploads\/2023\/05\/500sq-PublicRecords.jpg\" \/>\n\t<meta property=\"og:image:width\" content=\"300\" \/>\n\t<meta property=\"og:image:height\" content=\"300\" \/>\n\t<meta property=\"og:image:type\" content=\"image\/jpeg\" \/>\n<meta name=\"twitter:card\" content=\"summary_large_image\" \/>\n<meta name=\"twitter:site\" content=\"@Miamibeachnews\" \/>\n<script type=\"application\/ld+json\" class=\"yoast-schema-graph\">{\"@context\":\"https:\\\/\\\/schema.org\",\"@graph\":[{\"@type\":\"WebPage\",\"@id\":\"https:\\\/\\\/www.miamibeachfl.gov\\\/city-hall\\\/city-clerk\\\/\",\"url\":\"https:\\\/\\\/www.miamibeachfl.gov\\\/city-hall\\\/city-clerk\\\/\",\"name\":\"City of Miami Beach City Clerk Official Duties Explained - City of Miami Beach\",\"isPartOf\":{\"@id\":\"https:\\\/\\\/www.miamibeachfl.gov\\\/#website\"},\"primaryImageOfPage\":{\"@id\":\"https:\\\/\\\/www.miamibeachfl.gov\\\/city-hall\\\/city-clerk\\\/#primaryimage\"},\"image\":{\"@id\":\"https:\\\/\\\/www.miamibeachfl.gov\\\/city-hall\\\/city-clerk\\\/#primaryimage\"},\"thumbnailUrl\":\"https:\\\/\\\/www.miamibeachfl.gov\\\/wp-content\\\/uploads\\\/2023\\\/05\\\/500sq-PublicRecords.jpg\",\"datePublished\":\"2017-08-11T00:03:18+00:00\",\"dateModified\":\"2026-04-24T14:07:40+00:00\",\"description\":\"Learn about the City of Miami Beach City Clerk's responsibilities, including agenda compilation and public records management.\",\"breadcrumb\":{\"@id\":\"https:\\\/\\\/www.miamibeachfl.gov\\\/city-hall\\\/city-clerk\\\/#breadcrumb\"},\"inLanguage\":\"pt-BR\",\"potentialAction\":[{\"@type\":\"ReadAction\",\"target\":[\"https:\\\/\\\/www.miamibeachfl.gov\\\/city-hall\\\/city-clerk\\\/\"]}]},{\"@type\":\"ImageObject\",\"inLanguage\":\"pt-BR\",\"@id\":\"https:\\\/\\\/www.miamibeachfl.gov\\\/city-hall\\\/city-clerk\\\/#primaryimage\",\"url\":\"https:\\\/\\\/www.miamibeachfl.gov\\\/wp-content\\\/uploads\\\/2023\\\/05\\\/500sq-PublicRecords.jpg\",\"contentUrl\":\"https:\\\/\\\/www.miamibeachfl.gov\\\/wp-content\\\/uploads\\\/2023\\\/05\\\/500sq-PublicRecords.jpg\",\"width\":300,\"height\":300,\"caption\":\"Public Records Online\"},{\"@type\":\"BreadcrumbList\",\"@id\":\"https:\\\/\\\/www.miamibeachfl.gov\\\/city-hall\\\/city-clerk\\\/#breadcrumb\",\"itemListElement\":[{\"@type\":\"ListItem\",\"position\":1,\"name\":\"Home\",\"item\":\"https:\\\/\\\/www.miamibeachfl.gov\\\/\"},{\"@type\":\"ListItem\",\"position\":2,\"name\":\"City Hall\",\"item\":\"https:\\\/\\\/www.miamibeachfl.gov\\\/city-hall\\\/\"},{\"@type\":\"ListItem\",\"position\":3,\"name\":\"City Clerk\"}]},{\"@type\":\"WebSite\",\"@id\":\"https:\\\/\\\/www.miamibeachfl.gov\\\/#website\",\"url\":\"https:\\\/\\\/www.miamibeachfl.gov\\\/\",\"name\":\"City of Miami Beach\",\"description\":\"The official website of the City of Miami Beach. Stay informed, find important information on city services, news, alerts, events, trolley routes, government employment and more.\",\"publisher\":{\"@id\":\"https:\\\/\\\/www.miamibeachfl.gov\\\/#organization\"},\"potentialAction\":[{\"@type\":\"SearchAction\",\"target\":{\"@type\":\"EntryPoint\",\"urlTemplate\":\"https:\\\/\\\/www.miamibeachfl.gov\\\/?s={search_term_string}\"},\"query-input\":{\"@type\":\"PropertyValueSpecification\",\"valueRequired\":true,\"valueName\":\"search_term_string\"}}],\"inLanguage\":\"pt-BR\"},{\"@type\":\"Organization\",\"@id\":\"https:\\\/\\\/www.miamibeachfl.gov\\\/#organization\",\"name\":\"City of Miami Beach\",\"url\":\"https:\\\/\\\/www.miamibeachfl.gov\\\/\",\"logo\":{\"@type\":\"ImageObject\",\"inLanguage\":\"pt-BR\",\"@id\":\"https:\\\/\\\/www.miamibeachfl.gov\\\/#\\\/schema\\\/logo\\\/image\\\/\",\"url\":\"https:\\\/\\\/www.miamibeachfl.gov\\\/wp-content\\\/uploads\\\/2022\\\/06\\\/miamibeach-logoblue.png\",\"contentUrl\":\"https:\\\/\\\/www.miamibeachfl.gov\\\/wp-content\\\/uploads\\\/2022\\\/06\\\/miamibeach-logoblue.png\",\"width\":1962,\"height\":381,\"caption\":\"City of Miami Beach\"},\"image\":{\"@id\":\"https:\\\/\\\/www.miamibeachfl.gov\\\/#\\\/schema\\\/logo\\\/image\\\/\"},\"sameAs\":[\"https:\\\/\\\/www.facebook.com\\\/cityofmiamibeach\",\"https:\\\/\\\/x.com\\\/Miamibeachnews\",\"https:\\\/\\\/www.instagram.com\\\/miamibeachnews\\\/\"],\"description\":\"The official website of the City of Miami Beach. Stay informed, find important information on city services, news, alerts, events, trolley routes, government employment and more.\",\"telephone\":\"305.604.CITY(2489)\",\"legalName\":\"City of Miami Beach\"}]}<\/script>\n<!-- \/ Yoast SEO Premium plugin. -->","yoast_head_json":{"title":"City of Miami Beach City Clerk Official Duties Explained - City of Miami Beach","description":"Learn about the City of Miami Beach City Clerk's responsibilities, including agenda compilation and public records management.","robots":{"index":"index","follow":"follow","max-snippet":"max-snippet:-1","max-image-preview":"max-image-preview:large","max-video-preview":"max-video-preview:-1"},"canonical":"https:\/\/www.miamibeachfl.gov\/pt\/city-hall\/city-clerk\/","og_locale":"pt_BR","og_type":"article","og_title":"City Clerk","og_description":"Learn about the City of Miami Beach City Clerk's responsibilities, including agenda compilation and public records management.","og_url":"https:\/\/www.miamibeachfl.gov\/pt\/city-hall\/city-clerk\/","og_site_name":"City of Miami Beach","article_publisher":"https:\/\/www.facebook.com\/cityofmiamibeach","article_modified_time":"2026-04-24T14:07:40+00:00","og_image":[{"width":300,"height":300,"url":"https:\/\/www.miamibeachfl.gov\/wp-content\/uploads\/2023\/05\/500sq-PublicRecords.jpg","type":"image\/jpeg"}],"twitter_card":"summary_large_image","twitter_site":"@Miamibeachnews","schema":{"@context":"https:\/\/schema.org","@graph":[{"@type":"WebPage","@id":"https:\/\/www.miamibeachfl.gov\/city-hall\/city-clerk\/","url":"https:\/\/www.miamibeachfl.gov\/city-hall\/city-clerk\/","name":"City of Miami Beach City Clerk Official Duties Explained - City of Miami Beach","isPartOf":{"@id":"https:\/\/www.miamibeachfl.gov\/#website"},"primaryImageOfPage":{"@id":"https:\/\/www.miamibeachfl.gov\/city-hall\/city-clerk\/#primaryimage"},"image":{"@id":"https:\/\/www.miamibeachfl.gov\/city-hall\/city-clerk\/#primaryimage"},"thumbnailUrl":"https:\/\/www.miamibeachfl.gov\/wp-content\/uploads\/2023\/05\/500sq-PublicRecords.jpg","datePublished":"2017-08-11T00:03:18+00:00","dateModified":"2026-04-24T14:07:40+00:00","description":"Learn about the City of Miami Beach City Clerk's responsibilities, including agenda compilation and public records management.","breadcrumb":{"@id":"https:\/\/www.miamibeachfl.gov\/city-hall\/city-clerk\/#breadcrumb"},"inLanguage":"pt-BR","potentialAction":[{"@type":"ReadAction","target":["https:\/\/www.miamibeachfl.gov\/city-hall\/city-clerk\/"]}]},{"@type":"ImageObject","inLanguage":"pt-BR","@id":"https:\/\/www.miamibeachfl.gov\/city-hall\/city-clerk\/#primaryimage","url":"https:\/\/www.miamibeachfl.gov\/wp-content\/uploads\/2023\/05\/500sq-PublicRecords.jpg","contentUrl":"https:\/\/www.miamibeachfl.gov\/wp-content\/uploads\/2023\/05\/500sq-PublicRecords.jpg","width":300,"height":300,"caption":"Public Records Online"},{"@type":"BreadcrumbList","@id":"https:\/\/www.miamibeachfl.gov\/city-hall\/city-clerk\/#breadcrumb","itemListElement":[{"@type":"ListItem","position":1,"name":"Home","item":"https:\/\/www.miamibeachfl.gov\/"},{"@type":"ListItem","position":2,"name":"City Hall","item":"https:\/\/www.miamibeachfl.gov\/city-hall\/"},{"@type":"ListItem","position":3,"name":"City Clerk"}]},{"@type":"WebSite","@id":"https:\/\/www.miamibeachfl.gov\/#website","url":"https:\/\/www.miamibeachfl.gov\/","name":"Cidade de Miami Beach","description":"Site oficial da cidade de Miami Beach. Mantenha-se informado e encontre informa\u00e7\u00f5es importantes sobre servi\u00e7os municipais, not\u00edcias, alertas, eventos, rotas de bonde, empregos p\u00fablicos e muito mais.","publisher":{"@id":"https:\/\/www.miamibeachfl.gov\/#organization"},"potentialAction":[{"@type":"SearchAction","target":{"@type":"EntryPoint","urlTemplate":"https:\/\/www.miamibeachfl.gov\/?s={search_term_string}"},"query-input":{"@type":"PropertyValueSpecification","valueRequired":true,"valueName":"search_term_string"}}],"inLanguage":"pt-BR"},{"@type":"Organization","@id":"https:\/\/www.miamibeachfl.gov\/#organization","name":"Cidade de Miami Beach","url":"https:\/\/www.miamibeachfl.gov\/","logo":{"@type":"ImageObject","inLanguage":"pt-BR","@id":"https:\/\/www.miamibeachfl.gov\/#\/schema\/logo\/image\/","url":"https:\/\/www.miamibeachfl.gov\/wp-content\/uploads\/2022\/06\/miamibeach-logoblue.png","contentUrl":"https:\/\/www.miamibeachfl.gov\/wp-content\/uploads\/2022\/06\/miamibeach-logoblue.png","width":1962,"height":381,"caption":"City of Miami Beach"},"image":{"@id":"https:\/\/www.miamibeachfl.gov\/#\/schema\/logo\/image\/"},"sameAs":["https:\/\/www.facebook.com\/cityofmiamibeach","https:\/\/x.com\/Miamibeachnews","https:\/\/www.instagram.com\/miamibeachnews\/"],"description":"Site oficial da cidade de Miami Beach. Mantenha-se informado e encontre informa\u00e7\u00f5es importantes sobre servi\u00e7os municipais, not\u00edcias, alertas, eventos, rotas de bonde, empregos p\u00fablicos e muito mais.","telephone":"305.604.CITY(2489)","legalName":"City of Miami Beach"}]}},"_links":{"self":[{"href":"https:\/\/www.miamibeachfl.gov\/pt\/wp-json\/wp\/v2\/pages\/28337","targetHints":{"allow":["GET"]}}],"collection":[{"href":"https:\/\/www.miamibeachfl.gov\/pt\/wp-json\/wp\/v2\/pages"}],"about":[{"href":"https:\/\/www.miamibeachfl.gov\/pt\/wp-json\/wp\/v2\/types\/page"}],"author":[{"embeddable":true,"href":"https:\/\/www.miamibeachfl.gov\/pt\/wp-json\/wp\/v2\/users\/222"}],"replies":[{"embeddable":true,"href":"https:\/\/www.miamibeachfl.gov\/pt\/wp-json\/wp\/v2\/comments?post=28337"}],"version-history":[{"count":14,"href":"https:\/\/www.miamibeachfl.gov\/pt\/wp-json\/wp\/v2\/pages\/28337\/revisions"}],"predecessor-version":[{"id":399464,"href":"https:\/\/www.miamibeachfl.gov\/pt\/wp-json\/wp\/v2\/pages\/28337\/revisions\/399464"}],"up":[{"embeddable":true,"href":"https:\/\/www.miamibeachfl.gov\/pt\/wp-json\/wp\/v2\/pages\/28206"}],"wp:featuredmedia":[{"embeddable":true,"href":"https:\/\/www.miamibeachfl.gov\/pt\/wp-json\/wp\/v2\/media\/260519"}],"wp:attachment":[{"href":"https:\/\/www.miamibeachfl.gov\/pt\/wp-json\/wp\/v2\/media?parent=28337"}],"wp:term":[{"taxonomy":"category","embeddable":true,"href":"https:\/\/www.miamibeachfl.gov\/pt\/wp-json\/wp\/v2\/categories?post=28337"},{"taxonomy":"post_tag","embeddable":true,"href":"https:\/\/www.miamibeachfl.gov\/pt\/wp-json\/wp\/v2\/tags?post=28337"}],"curies":[{"name":"wp","href":"https:\/\/api.w.org\/{rel}","templated":true}]}}