{"id":28365,"date":"2017-08-11T00:03:41","date_gmt":"2017-08-11T00:03:41","guid":{"rendered":"http:\/\/www.miamibeachfl.gov\/city-hall\/city-clerk\/lobbyist-information\/"},"modified":"2026-04-24T13:18:27","modified_gmt":"2026-04-24T17:18:27","slug":"lobbyist-information","status":"publish","type":"page","link":"https:\/\/www.miamibeachfl.gov\/pt\/city-hall\/city-clerk\/lobbyist-information\/","title":{"rendered":"Informa\u00e7\u00f5es para lobistas"},"content":{"rendered":"<figure itemscope itemtype=\"https:\/\/schema.org\/ImageObject\">\n\t\t\t\t<img decoding=\"async\" src=\"https:\/\/www.miamibeachfl.gov\/wp-content\/uploads\/2022\/07\/hero-small.jpg\" alt=\"ocean drive art deco buildings\" height=\"211\" width=\"2395\" title=\"her\u00f3i-pequeno\" onerror=\"this.style.display='none'\" loading=\"lazy\" \/>\n\t<\/figure>\n<h1>\n\t\t\tInforma\u00e7\u00f5es para lobistas\t<\/h1>\n\t<nav id=\"breadcrumbs\" aria-label=\"Migalhas de p\u00e3o\"><a href=\"https:\/\/www.miamibeachfl.gov\/pt\/\">Lar<\/a> &gt; <a href=\"https:\/\/www.miamibeachfl.gov\/pt\/city-hall\/\">Prefeitura<\/a> &gt; <a href=\"https:\/\/www.miamibeachfl.gov\/pt\/city-hall\/city-clerk\/\">Escriv\u00e3o da cidade<\/a> &gt; <strong>Informa\u00e7\u00f5es para lobistas<\/strong><\/nav>\n\t<p>Lobista significa todas as pessoas empregadas ou contratadas, remuneradas ou n\u00e3o, por um diretor que busca encorajar a aprova\u00e7\u00e3o, rejei\u00e7\u00e3o ou modifica\u00e7\u00e3o de qualquer portaria, resolu\u00e7\u00e3o, a\u00e7\u00e3o ou decis\u00e3o de qualquer comiss\u00e1rio; qualquer a\u00e7\u00e3o, decis\u00e3o, recomenda\u00e7\u00e3o do Administrador Municipal ou de qualquer conselho ou comit\u00ea Municipal; ou qualquer a\u00e7\u00e3o, decis\u00e3o ou recomenda\u00e7\u00e3o de qualquer funcion\u00e1rio da Cidade durante todo o per\u00edodo de todo o processo decis\u00f3rio sobre tal a\u00e7\u00e3o, decis\u00e3o ou recomenda\u00e7\u00e3o que previsivelmente ser\u00e1 ouvida ou revisada pela Comiss\u00e3o Municipal, ou por um conselho ou comit\u00ea Municipal. O termo inclui especificamente o diretor, bem como qualquer funcion\u00e1rio envolvido em atividades de lobby. O termo &quot;Lobistas&quot; tem exclus\u00f5es espec\u00edficas. Consulte o C\u00f3digo Municipal, Cap\u00edtulo 2, Artigo VII, Divis\u00e3o 3, intitulado &quot;Lobistas&quot;, para obter informa\u00e7\u00f5es adicionais.<\/p>\n<p><strong>Informa\u00e7\u00f5es de contato<\/strong><\/p>\n<p>E-mail: lobbyists@miamibeachfl.gov<\/p>\n<p>Telefone: (305) 673-7411<\/p>\n<h4>Formul\u00e1rios usados com frequ\u00eancia<\/h4>\n<p><b><em><a href=\"https:\/\/www.miamibeachfl.gov\/wp-content\/uploads\/2025\/10\/Registration-Form-100225-edit-2.1-copy-10.7-a.pdf\">Formul\u00e1rio de Registro de Lobista<\/a> Revisado em 1\u00ba de outubro de 2025<\/em><\/b><\/p>\n<p><strong>AVISO: Cadastros incompletos de lobistas n\u00e3o ser\u00e3o aceitos. Quaisquer cadastros incompletos enviados ser\u00e3o devolvidos ao endere\u00e7o comercial listado no formul\u00e1rio.<\/strong><\/p>\n<a href=\"https:\/\/www.miamibeachfl.gov\/wp-content\/uploads\/2025\/09\/CMB-LFEaCS.pdf\">Declara\u00e7\u00e3o de Despesas com Honor\u00e1rios de Lobistas e Compensa\u00e7\u00e3o (\u201cDeclara\u00e7\u00e3o\u201d)<\/a> <b><em>Revisado em 4 de janeiro de 2016<br \/>\n<\/em><\/b>\n<p>Em 28 de fevereiro de cada ano, cada lobista dever\u00e1 apresentar ao Gabinete do Secret\u00e1rio da Cidade uma Declara\u00e7\u00e3o assinada sob juramento, listando as despesas de lobby, bem como a remunera\u00e7\u00e3o recebida, referente ao ano civil anterior, referente \u00e0 quest\u00e3o espec\u00edfica para a qual o lobista foi contratado. Uma Declara\u00e7\u00e3o dever\u00e1 ser apresentada mesmo que n\u00e3o tenha havido despesa ou remunera\u00e7\u00e3o durante o per\u00edodo de relat\u00f3rio. O termo &quot;lobista&quot; exclui especificamente as seguintes pessoas: Testemunhas especialistas que fornecem apenas informa\u00e7\u00f5es ou depoimentos cient\u00edficos, t\u00e9cnicos ou outros, especializados, em reuni\u00f5es p\u00fablicas; qualquer pessoa que compare\u00e7a apenas como representante de uma associa\u00e7\u00e3o de bairro sem remunera\u00e7\u00e3o ou reembolso pela presen\u00e7a, seja direta, indireta ou contingente, para expressar apoio ou oposi\u00e7\u00e3o a qualquer item; e qualquer pessoa que compare\u00e7a apenas como representante de uma organiza\u00e7\u00e3o comunit\u00e1ria sem fins lucrativos com a finalidade de solicitar uma subven\u00e7\u00e3o, sem remunera\u00e7\u00e3o especial ou reembolso pela presen\u00e7a.<\/p>\n<p><a href=\"http:\/\/www.miamibeachfl.gov\/wp-content\/uploads\/2019\/03\/ANNUAL-LOBBYIST-REGISTRATION-FORM-reg.pdf\">Formul\u00e1rio de Taxa de Inscri\u00e7\u00e3o Anual<\/a><\/p>\n<p><strong><a href=\"https:\/\/www.miamibeachfl.gov\/wp-content\/uploads\/2026\/03\/Neighborhood-Homeowner-Association-Representative-Registration-Form-MARCH-2026-REG-RB-FILLABLE.pdf\">Formul\u00e1rio de inscri\u00e7\u00e3o para representante da associa\u00e7\u00e3o de moradores do bairro<\/a><\/strong><\/p>\n<p><a href=\"https:\/\/www.miamibeachfl.gov\/wp-content\/uploads\/2025\/09\/Change-to-Lobbyist-Registration-Form-2024-Fillable-Format.pdf\">Altera\u00e7\u00e3o no Formul\u00e1rio de Registro de Lobista<\/a> <b><em>Revisado em 11 de janeiro de 2024<\/em><\/b><\/p>\n<h4><strong>Se\u00e7\u00f5es do C\u00f3digo da Cidade Aplic\u00e1veis a Lobistas<\/strong><\/h4>\n<p><a title=\"C\u00f3digo da Cidade, Cap\u00edtulo 2, Artigo VII, Divis\u00e3o 3, intitulado &quot;Lobistas&quot;\" href=\"https:\/\/www.municode.com\/library\/fl\/miami_beach\/codes\/code_of_ordinances?nodeId=SPAGEOR_CH2AD_ARTVIISTCO_DIV3LO\" target=\"_blank\" rel=\"noopener\">C\u00f3digo da Cidade, Cap\u00edtulo 2, Artigo VII, Divis\u00e3o 3, intitulado \u201cLobistas\u201d<\/a><\/p>\n<p><a href=\"https:\/\/www.miamibeachfl.gov\/wp-content\/uploads\/2025\/09\/Ordinance-2025-4775.pdf\">Portaria 2025-4775<\/a><\/p>\n<p><b>Observa\u00e7\u00e3o:<\/b>\u00a0De acordo com a Se\u00e7\u00e3o 2-482(a)(4) do C\u00f3digo da Cidade, um lobista que, no ciclo eleitoral anterior, prestou servi\u00e7os de consultoria de campanha a um membro titular da Comiss\u00e3o da Cidade dever\u00e1 divulgar esse servi\u00e7o espec\u00edfico em seu formul\u00e1rio de registro de lobista e dever\u00e1 divulgar oralmente esse servi\u00e7o espec\u00edfico antes de fazer lobby na Comiss\u00e3o da Cidade em uma reuni\u00e3o p\u00fablica.<\/p>\n<h4><strong>Formul\u00e1rios de Registro de Lobistas<\/strong><\/h4>\n<p><strong><a href=\"https:\/\/www.miamibeachfl.gov\/wp-content\/uploads\/2026\/04\/Lobbyist-List-With-Active-Issues-as-of-04-24-2026.pdf\">Lista de lobistas com quest\u00f5es ativas em 24\/04\/2026<\/a><\/strong><\/p>\n<p><strong><a href=\"https:\/\/www.miamibeachfl.gov\/wp-content\/uploads\/2026\/04\/Suspended-Lobbyist-List-as-of-04-24-2026.pdf\">Lista de lobistas suspensos a partir de 24\/04\/2026<\/a><\/strong><\/p>\n<p><strong><a href=\"https:\/\/docmgmt.miamibeachfl.gov\/WebLink\/Browse.aspx?id=248442&amp;dbid=0&amp;repo=CityClerk\">Clique aqui para ver os registros anteriores de lobistas<\/a><\/strong><\/p>\n\t\tNavegar para\u2026\t\t\t\n\t\t\t\t\t<ul id=\"menu-city-clerk-main-menu\"><li id=\"menu-item-363744\"><a href=\"\/pt\/city-hall\/city-clerk\/boards-and-committees\/\">Conselhos e Comit\u00eas<\/a><\/li>\n<li id=\"menu-item-395126\"><a href=\"\/pt\/city-hall\/city-clerk\/city-commission-meeting-dates\/\">Datas das reuni\u00f5es da Comiss\u00e3o Municipal<\/a><\/li>\n<li id=\"menu-item-363745\"><a href=\"\/pt\/city-hall\/city-clerk\/meetings-and-agendas\/\">Reuni\u00f5es e agendas da cidade de Miami Beach<\/a><\/li>\n<li id=\"menu-item-363746\"><a href=\"\/pt\/city-hall\/city-clerk\/discrimination-in-employment\/\">Discrimina\u00e7\u00e3o no Emprego<\/a><\/li>\n<li id=\"menu-item-363747\"><a href=\"\/pt\/city-hall\/city-clerk\/election-information\/\">Informa\u00e7\u00f5es sobre elei\u00e7\u00f5es<\/a><\/li>\n<li id=\"menu-item-363748\"><a href=\"\/pt\/city-hall\/city-clerk\/forms\/\">Formul\u00e1rios<\/a><\/li>\n<li id=\"menu-item-363749\"><a href=\"\/pt\/city-hall\/city-clerk\/meeting-notices\/\">An\u00fancios Legais e Avisos P\u00fablicos<\/a><\/li>\n<li id=\"menu-item-363750\"><a href=\"\/pt\/city-hall\/city-clerk\/lobbyist-information\/\">Informa\u00e7\u00f5es para lobistas<\/a><\/li>\n<li id=\"menu-item-363751\"><a href=\"\/pt\/city-hall\/city-clerk\/marriage-license\/\">Licen\u00e7a de casamento<\/a><\/li>\n<li id=\"menu-item-363752\"><a href=\"\/pt\/city-hall\/city-clerk\/public-records-request\/\">Registros P\u00fablicos \/ Laserfiche<\/a><\/li>\n<li id=\"menu-item-363753\"><a href=\"\/pt\/city-hall\/city-clerk\/public-records-portal\/\">Portal de Registros P\u00fablicos<\/a><\/li>\n<li id=\"menu-item-363754\"><a href=\"\/pt\/city-hall\/city-clerk\/residents-right-to-know\/\">Direito dos moradores de saber<\/a><\/li>\n<li id=\"menu-item-363755\"><a href=\"\/pt\/city-hall\/city-clerk\/special-magistrate\/\">Magistrado Especial<\/a><\/li>\n<\/ul>\t\n\t<div class=\"page-navigation\"><a class=\"prev-page\" href=\"https:\/\/www.miamibeachfl.gov\/pt\/city-hall\/city-clerk\/public-records-request\/\">\u2190 Registros P\u00fablicos \/ Laserfiche<\/a> <a class=\"next-page\" href=\"https:\/\/www.miamibeachfl.gov\/pt\/city-hall\/city-clerk\/meeting-notices\/\">An\u00fancios Legais e Avisos P\u00fablicos - Reuni\u00f5es de Comiss\u00e3o \u2192<\/a><\/div>","protected":false},"excerpt":{"rendered":"<p>Lobbyist Information Home &gt; City Hall &gt; City Clerk &gt; Lobbyist Information Lobbyist means all persons employed or retained, whether [&hellip;]<\/p>\n","protected":false},"author":222,"featured_media":0,"parent":28337,"menu_order":94,"comment_status":"closed","ping_status":"closed","template":"","meta":{"_searchwp_excluded":"","site-sidebar-layout":"default","site-content-layout":"","ast-site-content-layout":"default","site-content-style":"default","site-sidebar-style":"default","ast-global-header-display":"","ast-banner-title-visibility":"","ast-main-header-display":"","ast-hfb-above-header-display":"","ast-hfb-below-header-display":"","ast-hfb-mobile-header-display":"","site-post-title":"","ast-breadcrumbs-content":"","ast-featured-img":"","footer-sml-layout":"","theme-transparent-header-meta":"","adv-header-id-meta":"","stick-header-meta":"","header-above-stick-meta":"","header-main-stick-meta":"","header-below-stick-meta":"","astra-migrate-meta-layouts":"default","ast-page-background-enabled":"default","ast-page-background-meta":{"desktop":{"background-color":"var(--ast-global-color-5)","background-image":"","background-repeat":"repeat","background-position":"center center","background-size":"auto","background-attachment":"scroll","background-type":"","background-media":"","overlay-type":"","overlay-color":"","overlay-opacity":"","overlay-gradient":""},"tablet":{"background-color":"","background-image":"","background-repeat":"repeat","background-position":"center center","background-size":"auto","background-attachment":"scroll","background-type":"","background-media":"","overlay-type":"","overlay-color":"","overlay-opacity":"","overlay-gradient":""},"mobile":{"background-color":"","background-image":"","background-repeat":"repeat","background-position":"center center","background-size":"auto","background-attachment":"scroll","background-type":"","background-media":"","overlay-type":"","overlay-color":"","overlay-opacity":"","overlay-gradient":""}},"ast-content-background-meta":{"desktop":{"background-color":"var(--ast-global-color-4)","background-image":"","background-repeat":"repeat","background-position":"center center","background-size":"auto","background-attachment":"scroll","background-type":"","background-media":"","overlay-type":"","overlay-color":"","overlay-opacity":"","overlay-gradient":""},"tablet":{"background-color":"var(--ast-global-color-4)","background-image":"","background-repeat":"repeat","background-position":"center center","background-size":"auto","background-attachment":"scroll","background-type":"","background-media":"","overlay-type":"","overlay-color":"","overlay-opacity":"","overlay-gradient":""},"mobile":{"background-color":"var(--ast-global-color-4)","background-image":"","background-repeat":"repeat","background-position":"center center","background-size":"auto","background-attachment":"scroll","background-type":"","background-media":"","overlay-type":"","overlay-color":"","overlay-opacity":"","overlay-gradient":""}},"footnotes":""},"categories":[1],"tags":[],"class_list":["post-28365","page","type-page","status-publish","hentry","category-uncategorized"],"yoast_head":"<!-- This site is optimized with the Yoast SEO Premium plugin v27.4 (Yoast SEO v27.4) - https:\/\/yoast.com\/product\/yoast-seo-premium-wordpress\/ -->\n<title>Lobbyist Information - City of Miami Beach<\/title>\n<meta name=\"description\" content=\"%\" \/>\n<meta name=\"robots\" content=\"index, follow, max-snippet:-1, max-image-preview:large, max-video-preview:-1\" \/>\n<link rel=\"canonical\" href=\"https:\/\/www.miamibeachfl.gov\/pt\/city-hall\/city-clerk\/lobbyist-information\/\" \/>\n<meta property=\"og:locale\" content=\"pt_BR\" \/>\n<meta property=\"og:type\" content=\"article\" \/>\n<meta property=\"og:title\" content=\"Lobbyist Information\" \/>\n<meta property=\"og:description\" content=\"%\" \/>\n<meta property=\"og:url\" content=\"https:\/\/www.miamibeachfl.gov\/pt\/city-hall\/city-clerk\/lobbyist-information\/\" \/>\n<meta property=\"og:site_name\" content=\"City of Miami Beach\" \/>\n<meta property=\"article:publisher\" content=\"https:\/\/www.facebook.com\/cityofmiamibeach\" \/>\n<meta property=\"article:modified_time\" content=\"2026-04-24T17:18:27+00:00\" \/>\n<meta property=\"og:image\" content=\"https:\/\/www.miamibeachfl.gov\/wp-content\/uploads\/2022\/07\/hero-small.jpg\" \/>\n<meta name=\"twitter:card\" content=\"summary_large_image\" \/>\n<meta name=\"twitter:site\" content=\"@Miamibeachnews\" \/>\n<script type=\"application\/ld+json\" class=\"yoast-schema-graph\">{\"@context\":\"https:\\\/\\\/schema.org\",\"@graph\":[{\"@type\":\"WebPage\",\"@id\":\"https:\\\/\\\/www.miamibeachfl.gov\\\/city-hall\\\/city-clerk\\\/lobbyist-information\\\/\",\"url\":\"https:\\\/\\\/www.miamibeachfl.gov\\\/city-hall\\\/city-clerk\\\/lobbyist-information\\\/\",\"name\":\"Lobbyist Information - City of Miami Beach\",\"isPartOf\":{\"@id\":\"https:\\\/\\\/www.miamibeachfl.gov\\\/#website\"},\"primaryImageOfPage\":{\"@id\":\"https:\\\/\\\/www.miamibeachfl.gov\\\/city-hall\\\/city-clerk\\\/lobbyist-information\\\/#primaryimage\"},\"image\":{\"@id\":\"https:\\\/\\\/www.miamibeachfl.gov\\\/city-hall\\\/city-clerk\\\/lobbyist-information\\\/#primaryimage\"},\"thumbnailUrl\":\"https:\\\/\\\/www.miamibeachfl.gov\\\/wp-content\\\/uploads\\\/2022\\\/07\\\/hero-small.jpg\",\"datePublished\":\"2017-08-11T00:03:41+00:00\",\"dateModified\":\"2026-04-24T17:18:27+00:00\",\"description\":\"%\",\"breadcrumb\":{\"@id\":\"https:\\\/\\\/www.miamibeachfl.gov\\\/city-hall\\\/city-clerk\\\/lobbyist-information\\\/#breadcrumb\"},\"inLanguage\":\"pt-BR\",\"potentialAction\":[{\"@type\":\"ReadAction\",\"target\":[\"https:\\\/\\\/www.miamibeachfl.gov\\\/city-hall\\\/city-clerk\\\/lobbyist-information\\\/\"]}]},{\"@type\":\"ImageObject\",\"inLanguage\":\"pt-BR\",\"@id\":\"https:\\\/\\\/www.miamibeachfl.gov\\\/city-hall\\\/city-clerk\\\/lobbyist-information\\\/#primaryimage\",\"url\":\"https:\\\/\\\/www.miamibeachfl.gov\\\/wp-content\\\/uploads\\\/2022\\\/07\\\/hero-small.jpg\",\"contentUrl\":\"https:\\\/\\\/www.miamibeachfl.gov\\\/wp-content\\\/uploads\\\/2022\\\/07\\\/hero-small.jpg\"},{\"@type\":\"BreadcrumbList\",\"@id\":\"https:\\\/\\\/www.miamibeachfl.gov\\\/city-hall\\\/city-clerk\\\/lobbyist-information\\\/#breadcrumb\",\"itemListElement\":[{\"@type\":\"ListItem\",\"position\":1,\"name\":\"Home\",\"item\":\"https:\\\/\\\/www.miamibeachfl.gov\\\/\"},{\"@type\":\"ListItem\",\"position\":2,\"name\":\"City Hall\",\"item\":\"https:\\\/\\\/www.miamibeachfl.gov\\\/city-hall\\\/\"},{\"@type\":\"ListItem\",\"position\":3,\"name\":\"City Clerk\",\"item\":\"https:\\\/\\\/www.miamibeachfl.gov\\\/city-hall\\\/city-clerk\\\/\"},{\"@type\":\"ListItem\",\"position\":4,\"name\":\"Lobbyist Information\"}]},{\"@type\":\"WebSite\",\"@id\":\"https:\\\/\\\/www.miamibeachfl.gov\\\/#website\",\"url\":\"https:\\\/\\\/www.miamibeachfl.gov\\\/\",\"name\":\"City of Miami Beach\",\"description\":\"The official website of the City of Miami Beach. Stay informed, find important information on city services, news, alerts, events, trolley routes, government employment and more.\",\"publisher\":{\"@id\":\"https:\\\/\\\/www.miamibeachfl.gov\\\/#organization\"},\"potentialAction\":[{\"@type\":\"SearchAction\",\"target\":{\"@type\":\"EntryPoint\",\"urlTemplate\":\"https:\\\/\\\/www.miamibeachfl.gov\\\/?s={search_term_string}\"},\"query-input\":{\"@type\":\"PropertyValueSpecification\",\"valueRequired\":true,\"valueName\":\"search_term_string\"}}],\"inLanguage\":\"pt-BR\"},{\"@type\":\"Organization\",\"@id\":\"https:\\\/\\\/www.miamibeachfl.gov\\\/#organization\",\"name\":\"City of Miami Beach\",\"url\":\"https:\\\/\\\/www.miamibeachfl.gov\\\/\",\"logo\":{\"@type\":\"ImageObject\",\"inLanguage\":\"pt-BR\",\"@id\":\"https:\\\/\\\/www.miamibeachfl.gov\\\/#\\\/schema\\\/logo\\\/image\\\/\",\"url\":\"https:\\\/\\\/www.miamibeachfl.gov\\\/wp-content\\\/uploads\\\/2022\\\/06\\\/miamibeach-logoblue.png\",\"contentUrl\":\"https:\\\/\\\/www.miamibeachfl.gov\\\/wp-content\\\/uploads\\\/2022\\\/06\\\/miamibeach-logoblue.png\",\"width\":1962,\"height\":381,\"caption\":\"City of Miami Beach\"},\"image\":{\"@id\":\"https:\\\/\\\/www.miamibeachfl.gov\\\/#\\\/schema\\\/logo\\\/image\\\/\"},\"sameAs\":[\"https:\\\/\\\/www.facebook.com\\\/cityofmiamibeach\",\"https:\\\/\\\/x.com\\\/Miamibeachnews\",\"https:\\\/\\\/www.instagram.com\\\/miamibeachnews\\\/\"],\"description\":\"The official website of the City of Miami Beach. Stay informed, find important information on city services, news, alerts, events, trolley routes, government employment and more.\",\"telephone\":\"305.604.CITY(2489)\",\"legalName\":\"City of Miami Beach\"}]}<\/script>\n<!-- \/ Yoast SEO Premium plugin. -->","yoast_head_json":{"title":"Informa\u00e7\u00f5es para lobistas - Cidade de Miami Beach","description":"%","robots":{"index":"index","follow":"follow","max-snippet":"max-snippet:-1","max-image-preview":"max-image-preview:large","max-video-preview":"max-video-preview:-1"},"canonical":"https:\/\/www.miamibeachfl.gov\/pt\/city-hall\/city-clerk\/lobbyist-information\/","og_locale":"pt_BR","og_type":"article","og_title":"Lobbyist Information","og_description":"%","og_url":"https:\/\/www.miamibeachfl.gov\/pt\/city-hall\/city-clerk\/lobbyist-information\/","og_site_name":"City of Miami Beach","article_publisher":"https:\/\/www.facebook.com\/cityofmiamibeach","article_modified_time":"2026-04-24T17:18:27+00:00","og_image":[{"url":"https:\/\/www.miamibeachfl.gov\/wp-content\/uploads\/2022\/07\/hero-small.jpg","type":"","width":"","height":""}],"twitter_card":"summary_large_image","twitter_site":"@Miamibeachnews","schema":{"@context":"https:\/\/schema.org","@graph":[{"@type":"WebPage","@id":"https:\/\/www.miamibeachfl.gov\/city-hall\/city-clerk\/lobbyist-information\/","url":"https:\/\/www.miamibeachfl.gov\/city-hall\/city-clerk\/lobbyist-information\/","name":"Informa\u00e7\u00f5es para lobistas - Cidade de Miami Beach","isPartOf":{"@id":"https:\/\/www.miamibeachfl.gov\/#website"},"primaryImageOfPage":{"@id":"https:\/\/www.miamibeachfl.gov\/city-hall\/city-clerk\/lobbyist-information\/#primaryimage"},"image":{"@id":"https:\/\/www.miamibeachfl.gov\/city-hall\/city-clerk\/lobbyist-information\/#primaryimage"},"thumbnailUrl":"https:\/\/www.miamibeachfl.gov\/wp-content\/uploads\/2022\/07\/hero-small.jpg","datePublished":"2017-08-11T00:03:41+00:00","dateModified":"2026-04-24T17:18:27+00:00","description":"%","breadcrumb":{"@id":"https:\/\/www.miamibeachfl.gov\/city-hall\/city-clerk\/lobbyist-information\/#breadcrumb"},"inLanguage":"pt-BR","potentialAction":[{"@type":"ReadAction","target":["https:\/\/www.miamibeachfl.gov\/city-hall\/city-clerk\/lobbyist-information\/"]}]},{"@type":"ImageObject","inLanguage":"pt-BR","@id":"https:\/\/www.miamibeachfl.gov\/city-hall\/city-clerk\/lobbyist-information\/#primaryimage","url":"https:\/\/www.miamibeachfl.gov\/wp-content\/uploads\/2022\/07\/hero-small.jpg","contentUrl":"https:\/\/www.miamibeachfl.gov\/wp-content\/uploads\/2022\/07\/hero-small.jpg"},{"@type":"BreadcrumbList","@id":"https:\/\/www.miamibeachfl.gov\/city-hall\/city-clerk\/lobbyist-information\/#breadcrumb","itemListElement":[{"@type":"ListItem","position":1,"name":"Home","item":"https:\/\/www.miamibeachfl.gov\/"},{"@type":"ListItem","position":2,"name":"City Hall","item":"https:\/\/www.miamibeachfl.gov\/city-hall\/"},{"@type":"ListItem","position":3,"name":"City Clerk","item":"https:\/\/www.miamibeachfl.gov\/city-hall\/city-clerk\/"},{"@type":"ListItem","position":4,"name":"Lobbyist Information"}]},{"@type":"WebSite","@id":"https:\/\/www.miamibeachfl.gov\/#website","url":"https:\/\/www.miamibeachfl.gov\/","name":"Cidade de Miami Beach","description":"Site oficial da cidade de Miami Beach. Mantenha-se informado e encontre informa\u00e7\u00f5es importantes sobre servi\u00e7os municipais, not\u00edcias, alertas, eventos, rotas de bonde, empregos p\u00fablicos e muito mais.","publisher":{"@id":"https:\/\/www.miamibeachfl.gov\/#organization"},"potentialAction":[{"@type":"SearchAction","target":{"@type":"EntryPoint","urlTemplate":"https:\/\/www.miamibeachfl.gov\/?s={search_term_string}"},"query-input":{"@type":"PropertyValueSpecification","valueRequired":true,"valueName":"search_term_string"}}],"inLanguage":"pt-BR"},{"@type":"Organization","@id":"https:\/\/www.miamibeachfl.gov\/#organization","name":"Cidade de Miami Beach","url":"https:\/\/www.miamibeachfl.gov\/","logo":{"@type":"ImageObject","inLanguage":"pt-BR","@id":"https:\/\/www.miamibeachfl.gov\/#\/schema\/logo\/image\/","url":"https:\/\/www.miamibeachfl.gov\/wp-content\/uploads\/2022\/06\/miamibeach-logoblue.png","contentUrl":"https:\/\/www.miamibeachfl.gov\/wp-content\/uploads\/2022\/06\/miamibeach-logoblue.png","width":1962,"height":381,"caption":"City of Miami Beach"},"image":{"@id":"https:\/\/www.miamibeachfl.gov\/#\/schema\/logo\/image\/"},"sameAs":["https:\/\/www.facebook.com\/cityofmiamibeach","https:\/\/x.com\/Miamibeachnews","https:\/\/www.instagram.com\/miamibeachnews\/"],"description":"Site oficial da cidade de Miami Beach. Mantenha-se informado e encontre informa\u00e7\u00f5es importantes sobre servi\u00e7os municipais, not\u00edcias, alertas, eventos, rotas de bonde, empregos p\u00fablicos e muito mais.","telephone":"305.604.CITY(2489)","legalName":"City of Miami Beach"}]}},"_links":{"self":[{"href":"https:\/\/www.miamibeachfl.gov\/pt\/wp-json\/wp\/v2\/pages\/28365","targetHints":{"allow":["GET"]}}],"collection":[{"href":"https:\/\/www.miamibeachfl.gov\/pt\/wp-json\/wp\/v2\/pages"}],"about":[{"href":"https:\/\/www.miamibeachfl.gov\/pt\/wp-json\/wp\/v2\/types\/page"}],"author":[{"embeddable":true,"href":"https:\/\/www.miamibeachfl.gov\/pt\/wp-json\/wp\/v2\/users\/222"}],"replies":[{"embeddable":true,"href":"https:\/\/www.miamibeachfl.gov\/pt\/wp-json\/wp\/v2\/comments?post=28365"}],"version-history":[{"count":15,"href":"https:\/\/www.miamibeachfl.gov\/pt\/wp-json\/wp\/v2\/pages\/28365\/revisions"}],"predecessor-version":[{"id":399481,"href":"https:\/\/www.miamibeachfl.gov\/pt\/wp-json\/wp\/v2\/pages\/28365\/revisions\/399481"}],"up":[{"embeddable":true,"href":"https:\/\/www.miamibeachfl.gov\/pt\/wp-json\/wp\/v2\/pages\/28337"}],"wp:attachment":[{"href":"https:\/\/www.miamibeachfl.gov\/pt\/wp-json\/wp\/v2\/media?parent=28365"}],"wp:term":[{"taxonomy":"category","embeddable":true,"href":"https:\/\/www.miamibeachfl.gov\/pt\/wp-json\/wp\/v2\/categories?post=28365"},{"taxonomy":"post_tag","embeddable":true,"href":"https:\/\/www.miamibeachfl.gov\/pt\/wp-json\/wp\/v2\/tags?post=28365"}],"curies":[{"name":"wp","href":"https:\/\/api.w.org\/{rel}","templated":true}]}}