{"id":28391,"date":"2017-08-11T00:03:58","date_gmt":"2017-08-11T00:03:58","guid":{"rendered":"http:\/\/www.miamibeachfl.gov\/city-hall\/communications\/"},"modified":"2026-01-05T13:11:00","modified_gmt":"2026-01-05T18:11:00","slug":"communications","status":"publish","type":"page","link":"https:\/\/www.miamibeachfl.gov\/pt\/city-hall\/communications\/","title":{"rendered":"Marketing e Comunica\u00e7\u00f5es"},"content":{"rendered":"<h1>\n\t\t\tMarketing e Comunica\u00e7\u00f5es\t<\/h1>\n\t\t\t\t\t\t<h2>O Escrit\u00f3rio de Marketing e Comunica\u00e7\u00e3o atua como uma superestrada que conecta a cidade de Miami Beach com moradores, grupos comunit\u00e1rios, nossos muitos visitantes e a m\u00eddia. O escrit\u00f3rio acompanha as partes interessadas da cidade para cumprir nosso papel como ag\u00eancia de marketing interno e motor de comunica\u00e7\u00e3o para todos os departamentos da cidade. Leia mais\u2026<\/h2>\n\t\t\t<p>O departamento de Marketing e Comunica\u00e7\u00e3o possui um conjunto de ferramentas que inclui comunicados \u00e0 imprensa, m\u00eddias sociais em diversas plataformas, newsletters por e-mail personalizadas para p\u00fablicos selecionados, publica\u00e7\u00f5es impressas, televis\u00e3o, mala direta, alertas por SMS, intera\u00e7\u00f5es pessoais com grupos comunit\u00e1rios, comunica\u00e7\u00f5es de crise e publicidade externa, incluindo outdoors, abrigos de \u00f4nibus e adesivos para bondes. Produzimos milhares de pe\u00e7as de conte\u00fado criativo todos os anos. O escrit\u00f3rio n\u00e3o \u00e9 respons\u00e1vel pela promo\u00e7\u00e3o do turismo e da hospitalidade, uma vez que essas iniciativas s\u00e3o contratadas pelo Greater Miami Convention &amp; Visitors Bureau, mas, ainda assim, desempenha um papel importante na dissemina\u00e7\u00e3o de informa\u00e7\u00f5es sobre eventos com forte componente tur\u00edstico.<\/p>\n\t<a href=\"\/pt\/engagementtoolbox\/\" target=\"_self\"  aria-label=\"Acesse \/engagementtoolbox\/\"><\/a>\n\t\t<h3>Caixa de ferramentas de engajamento<\/h3>\t\t\t\n\t\t\t\t<p>Todas as maneiras de<br \/>Fique conectado<\/p>\n\t<a href=\"\/pt\/city-hall\/communications\/subscriptions\/\" target=\"_self\"  aria-label=\"Acesse \/city-hall\/communications\/subscriptions\"><\/a>\n\t\t<h3>E-News<\/h3>\t\t\t\n\t\t\t\t<p>Assine para receber<br \/>Atualiza\u00e7\u00f5es da cidade por e-mail<\/p>\n\t<a href=\"\/pt\/city-hall\/communications\/logos\/\" target=\"_self\"  aria-label=\"Acesse \/city-hall\/communications\/logos\"><\/a>\n\t\t<h3>Logotipos<\/h3>\t\t\t\n\t\t\t\t<p>Solicita\u00e7\u00e3o Oficial<br \/>Logotipos da cidade<\/p>\n\t<a href=\"\/pt\/city-hall\/communications\/advertising-rates\/\" target=\"_self\"  aria-label=\"Acesse \/prefeitura\/comunica\u00e7\u00f5es\/tarifas-de-publicidade\"><\/a>\n\t\t<h3>Taxas de publicidade<\/h3>\t\t\t\n\t\t\t\t<p>Anunciar<br \/>Conosco<\/p>\n\t<a href=\"https:\/\/www.facebook.com\/cityofmiamibeach\/\" target=\"_self\"  aria-label=\"Acesse https:\/\/www.facebook.com\/cityofmiamibeach\/\"><\/a>\n\t\t<h3>Facebook<\/h3>\t\t\t\n<h2>\n\t\t\t\u00daltimos comunicados de imprensa\t<\/h2>\n\t\t\t<a href=\"https:\/\/www.miamibeachfl.gov\/pt\/city-hall\/communications\/press-releases\/\" target=\"_self\">\n\t\t\t\t\t\t\tTodos os comunicados de imprensa\n\t\t\t<\/a>\n\t<iframe allow=\"clipboard-write\" sandbox=\"allow-top-navigation allow-top-navigation-by-user-activation allow-downloads allow-scripts allow-same-origin allow-popups allow-modals allow-popups-to-escape-sandbox allow-forms\" allowfullscreen=\"true\" src=\"https:\/\/e.issuu.com\/embed.html?d=mb_magazine_winter_2026_volume_21_issue_number_1_&#038;u=cityofmiamibeach\"><\/iframe>\n<h2>\n\t\t\tMBTV\t<\/h2>\n<iframe loading=\"lazy\" title=\"Reprodutor de v\u00eddeo Swagit\" src=\"https:\/\/miamibeachfl.new.swagit.com\/views\/42?autoplay=1\" width=\"100%\" height=\"800px\" frameborder=\"0\" allowfullscreen=\"allowfullscreen\"><\/iframe>\n\t<ul>\n\t\t<li>\t\t\n\t\t\t\t<img decoding=\"async\" src=\"https:\/\/www.miamibeachfl.gov\/wp-content\/uploads\/bb-plugin\/cache\/icon-viewpayapply-circle.png\" alt=\"Permits\" title=\"\u00edcone-visualizarpagaraplicar\" itemprop=\"image\"\/>\n\t\t<h3>Assine nossa newsletter eletr\u00f4nica<\/h3><p><strong><a href=\"https:\/\/visitor.r20.constantcontact.com\/manage\/optin?v=001G3gQF_El_4o1UEbguheB5mmzfG7onDdMWh1j1h9a2GsYhO3lonlhDSUJFN_o5P9wC0vRAaCeLeZPSQUtU24d15ThoaXBqAVUR9PeN6M6eUc%3D\">Leia as edi\u00e7\u00f5es mais recentes e anteriores da publica\u00e7\u00e3o trimestral da cidade. Clique aqui para assinar.<\/a><\/strong><\/p><\/li>\t<\/ul>\n\t\t<h2>Divis\u00e3o de Assuntos de Bairro<\/h2>\n\t\t<p>A Divis\u00e3o de Assuntos de Bairro trabalha em estreita colabora\u00e7\u00e3o com os departamentos de servi\u00e7os operacionais da cidade para coordenar a presta\u00e7\u00e3o aprimorada de servi\u00e7os municipais de uma maneira que atenda \u00e0s necessidades e solicita\u00e7\u00f5es espec\u00edficas dos bairros em toda a cidade.<\/p>\n\t\t\t<a href=\"\/pt\/residents\/neighborhood-affairs-division\/\" target=\"_self\">\n\t\t\t\t\t\t\tSaber mais\n\t\t\t<\/a>\n\t\t<a href=\"https:\/\/www.miamibeachfl.gov\/pt\/city-hall\/communications\/melissa-berthier\/\" target =\"_self\" aria-label=\"Acesse https:\/\/www.miamibeachfl.gov\/city-hall\/communications\/melissa-berthier\/\">\t\t\n\t\t\t\t<img decoding=\"async\" src=\"https:\/\/www.miamibeachfl.gov\/wp-content\/uploads\/bb-plugin\/cache\/IMG_1581Cropped-circle.jpg\" alt=\"Melissa Berthier\" title=\"IMG_1581Cortado\" itemprop=\"image\"\/>\n\t\t<\/a>\t\t \n\t\t<h3><a href=\"https:\/\/www.miamibeachfl.gov\/pt\/city-hall\/communications\/melissa-berthier\/\" target =\"_self\">Melissa Berthier | Biografia<\/a><\/h3>A carreira da diretora Melissa Berthier abrange uma variedade de setores, desde organiza\u00e7\u00f5es sem fins lucrativos a revistas, de beleza a transporte p\u00fablico e, nos \u00faltimos dez anos, governo local. \t\t\t\t\t\n\t<ul>\n\t\t<li>\t\t\t\t\n\t\t<h3>Escrit\u00f3rio principal:<\/h3><p><a href=\"https:\/\/goo.gl\/maps\/6gS89fYMKwgryvmc9\"><strong>1700 Convention Center Drive<\/strong><\/a><br \/><strong>Miami Beach, FL 33139<\/strong><\/p><\/li><li>\t\t\t\t\n\t\t<h3>N\u00famero principal:<\/h3><p><strong><a href=\"tel:3056737575\">305.673.7575<\/a><\/strong><\/p><\/li><li>\t\t\t\t\n\t\t<h3>E-mail:<\/h3><p><strong><a href=\"mailto:MelissaBerthier@miamibeachfl.gov\">MelissaBerthier@miamibeachfl.gov<\/a><\/strong><\/p><\/li><li>\t\t\t\t\n\t\t<h3>Hor\u00e1rio de funcionamento:<\/h3><p><strong>Segunda a sexta<\/strong><br \/>9h \u00e0s 17h<\/p><\/li>\t<\/ul>\n\t\t\t<a href=\"#backtotop\" target=\"_self\">\n\t\t\t\t\t\tVoltar ao topo\n\t\t\t\t\t<\/a>","protected":false},"excerpt":{"rendered":"<p><a href=\"tel:3056737575\" style=\"text-decoration:none; color:#004896;\"><br \/>\n    <i class=\"fa-solid fa-phone\"><\/i> 305.673.7575<br \/>\n<\/a><a href=\"https:\/\/www.miamibeachfl.gov\/wp-content\/uploads\/2024\/11\/Additional-Contact-Info.pdf\" style=\"text-decoration:none; color:#004896;\"><br \/>\n    <i class=\"fa-solid fa-circle-info\"><\/i> Informa\u00e7\u00f5es de contato<br \/>\n<\/a><\/p>","protected":false},"author":222,"featured_media":226053,"parent":28206,"menu_order":250,"comment_status":"closed","ping_status":"closed","template":"","meta":{"_searchwp_excluded":"","site-sidebar-layout":"default","site-content-layout":"","ast-site-content-layout":"default","site-content-style":"default","site-sidebar-style":"default","ast-global-header-display":"","ast-banner-title-visibility":"","ast-main-header-display":"","ast-hfb-above-header-display":"","ast-hfb-below-header-display":"","ast-hfb-mobile-header-display":"","site-post-title":"","ast-breadcrumbs-content":"","ast-featured-img":"","footer-sml-layout":"","theme-transparent-header-meta":"","adv-header-id-meta":"","stick-header-meta":"","header-above-stick-meta":"","header-main-stick-meta":"","header-below-stick-meta":"","astra-migrate-meta-layouts":"default","ast-page-background-enabled":"default","ast-page-background-meta":{"desktop":{"background-color":"var(--ast-global-color-5)","background-image":"","background-repeat":"repeat","background-position":"center center","background-size":"auto","background-attachment":"scroll","background-type":"","background-media":"","overlay-type":"","overlay-color":"","overlay-opacity":"","overlay-gradient":""},"tablet":{"background-color":"","background-image":"","background-repeat":"repeat","background-position":"center center","background-size":"auto","background-attachment":"scroll","background-type":"","background-media":"","overlay-type":"","overlay-color":"","overlay-opacity":"","overlay-gradient":""},"mobile":{"background-color":"","background-image":"","background-repeat":"repeat","background-position":"center center","background-size":"auto","background-attachment":"scroll","background-type":"","background-media":"","overlay-type":"","overlay-color":"","overlay-opacity":"","overlay-gradient":""}},"ast-content-background-meta":{"desktop":{"background-color":"var(--ast-global-color-4)","background-image":"","background-repeat":"repeat","background-position":"center center","background-size":"auto","background-attachment":"scroll","background-type":"","background-media":"","overlay-type":"","overlay-color":"","overlay-opacity":"","overlay-gradient":""},"tablet":{"background-color":"var(--ast-global-color-4)","background-image":"","background-repeat":"repeat","background-position":"center center","background-size":"auto","background-attachment":"scroll","background-type":"","background-media":"","overlay-type":"","overlay-color":"","overlay-opacity":"","overlay-gradient":""},"mobile":{"background-color":"var(--ast-global-color-4)","background-image":"","background-repeat":"repeat","background-position":"center center","background-size":"auto","background-attachment":"scroll","background-type":"","background-media":"","overlay-type":"","overlay-color":"","overlay-opacity":"","overlay-gradient":""}},"footnotes":""},"categories":[],"tags":[1727],"class_list":["post-28391","page","type-page","status-publish","has-post-thumbnail","hentry","tag-administrative"],"yoast_head":"<!-- This site is optimized with the Yoast SEO Premium plugin v27.4 (Yoast SEO v27.4) - https:\/\/yoast.com\/product\/yoast-seo-premium-wordpress\/ -->\n<title>Marketing &amp; Communications - City of Miami Beach<\/title>\n<meta name=\"description\" content=\"The City of Miami Beach Office of Marketing &amp; Communications connects the City of Miami Beach with residents, community groups, our many visitors, and the media. The Marketing and Communications Department directs press releases, social media across multiple platforms, and email newsletters.\" \/>\n<meta name=\"robots\" content=\"index, follow, max-snippet:-1, max-image-preview:large, max-video-preview:-1\" \/>\n<link rel=\"canonical\" href=\"https:\/\/www.miamibeachfl.gov\/pt\/city-hall\/communications\/\" \/>\n<meta property=\"og:locale\" content=\"pt_BR\" \/>\n<meta property=\"og:type\" content=\"article\" \/>\n<meta property=\"og:title\" content=\"Marketing &amp; Communications\" \/>\n<meta property=\"og:description\" content=\"The City of Miami Beach Office of Marketing &amp; Communications connects the City of Miami Beach with residents, community groups, our many visitors, and the media. The Marketing and Communications Department directs press releases, social media across multiple platforms, and email newsletters.\" \/>\n<meta property=\"og:url\" content=\"https:\/\/www.miamibeachfl.gov\/pt\/city-hall\/communications\/\" \/>\n<meta property=\"og:site_name\" content=\"City of Miami Beach\" \/>\n<meta property=\"article:publisher\" content=\"https:\/\/www.facebook.com\/cityofmiamibeach\" \/>\n<meta property=\"article:modified_time\" content=\"2026-01-05T18:11:00+00:00\" \/>\n<meta property=\"og:image\" content=\"https:\/\/www.miamibeachfl.gov\/wp-content\/uploads\/2022\/10\/MiamiBeach-visitor-aerial2.jpg\" \/>\n\t<meta property=\"og:image:width\" content=\"2200\" \/>\n\t<meta property=\"og:image:height\" content=\"865\" \/>\n\t<meta property=\"og:image:type\" content=\"image\/jpeg\" \/>\n<meta name=\"twitter:card\" content=\"summary_large_image\" \/>\n<meta name=\"twitter:site\" content=\"@Miamibeachnews\" \/>\n<script type=\"application\/ld+json\" class=\"yoast-schema-graph\">{\"@context\":\"https:\\\/\\\/schema.org\",\"@graph\":[{\"@type\":\"WebPage\",\"@id\":\"https:\\\/\\\/www.miamibeachfl.gov\\\/city-hall\\\/communications\\\/\",\"url\":\"https:\\\/\\\/www.miamibeachfl.gov\\\/city-hall\\\/communications\\\/\",\"name\":\"Marketing & Communications - City of Miami Beach\",\"isPartOf\":{\"@id\":\"https:\\\/\\\/www.miamibeachfl.gov\\\/#website\"},\"primaryImageOfPage\":{\"@id\":\"https:\\\/\\\/www.miamibeachfl.gov\\\/city-hall\\\/communications\\\/#primaryimage\"},\"image\":{\"@id\":\"https:\\\/\\\/www.miamibeachfl.gov\\\/city-hall\\\/communications\\\/#primaryimage\"},\"thumbnailUrl\":\"https:\\\/\\\/www.miamibeachfl.gov\\\/wp-content\\\/uploads\\\/2022\\\/10\\\/MiamiBeach-visitor-aerial2.jpg\",\"datePublished\":\"2017-08-11T00:03:58+00:00\",\"dateModified\":\"2026-01-05T18:11:00+00:00\",\"description\":\"The City of Miami Beach Office of Marketing & Communications connects the City of Miami Beach with residents, community groups, our many visitors, and the media. The Marketing and Communications Department directs press releases, social media across multiple platforms, and email newsletters.\",\"breadcrumb\":{\"@id\":\"https:\\\/\\\/www.miamibeachfl.gov\\\/city-hall\\\/communications\\\/#breadcrumb\"},\"inLanguage\":\"pt-BR\",\"potentialAction\":[{\"@type\":\"ReadAction\",\"target\":[\"https:\\\/\\\/www.miamibeachfl.gov\\\/city-hall\\\/communications\\\/\"]}]},{\"@type\":\"ImageObject\",\"inLanguage\":\"pt-BR\",\"@id\":\"https:\\\/\\\/www.miamibeachfl.gov\\\/city-hall\\\/communications\\\/#primaryimage\",\"url\":\"https:\\\/\\\/www.miamibeachfl.gov\\\/wp-content\\\/uploads\\\/2022\\\/10\\\/MiamiBeach-visitor-aerial2.jpg\",\"contentUrl\":\"https:\\\/\\\/www.miamibeachfl.gov\\\/wp-content\\\/uploads\\\/2022\\\/10\\\/MiamiBeach-visitor-aerial2.jpg\",\"width\":2200,\"height\":865,\"caption\":\"miami Beach aerial\"},{\"@type\":\"BreadcrumbList\",\"@id\":\"https:\\\/\\\/www.miamibeachfl.gov\\\/city-hall\\\/communications\\\/#breadcrumb\",\"itemListElement\":[{\"@type\":\"ListItem\",\"position\":1,\"name\":\"Home\",\"item\":\"https:\\\/\\\/www.miamibeachfl.gov\\\/\"},{\"@type\":\"ListItem\",\"position\":2,\"name\":\"City Hall\",\"item\":\"https:\\\/\\\/www.miamibeachfl.gov\\\/city-hall\\\/\"},{\"@type\":\"ListItem\",\"position\":3,\"name\":\"Marketing &#038; Communications\"}]},{\"@type\":\"WebSite\",\"@id\":\"https:\\\/\\\/www.miamibeachfl.gov\\\/#website\",\"url\":\"https:\\\/\\\/www.miamibeachfl.gov\\\/\",\"name\":\"City of Miami Beach\",\"description\":\"The official website of the City of Miami Beach. Stay informed, find important information on city services, news, alerts, events, trolley routes, government employment and more.\",\"publisher\":{\"@id\":\"https:\\\/\\\/www.miamibeachfl.gov\\\/#organization\"},\"potentialAction\":[{\"@type\":\"SearchAction\",\"target\":{\"@type\":\"EntryPoint\",\"urlTemplate\":\"https:\\\/\\\/www.miamibeachfl.gov\\\/?s={search_term_string}\"},\"query-input\":{\"@type\":\"PropertyValueSpecification\",\"valueRequired\":true,\"valueName\":\"search_term_string\"}}],\"inLanguage\":\"pt-BR\"},{\"@type\":\"Organization\",\"@id\":\"https:\\\/\\\/www.miamibeachfl.gov\\\/#organization\",\"name\":\"City of Miami Beach\",\"url\":\"https:\\\/\\\/www.miamibeachfl.gov\\\/\",\"logo\":{\"@type\":\"ImageObject\",\"inLanguage\":\"pt-BR\",\"@id\":\"https:\\\/\\\/www.miamibeachfl.gov\\\/#\\\/schema\\\/logo\\\/image\\\/\",\"url\":\"https:\\\/\\\/www.miamibeachfl.gov\\\/wp-content\\\/uploads\\\/2022\\\/06\\\/miamibeach-logoblue.png\",\"contentUrl\":\"https:\\\/\\\/www.miamibeachfl.gov\\\/wp-content\\\/uploads\\\/2022\\\/06\\\/miamibeach-logoblue.png\",\"width\":1962,\"height\":381,\"caption\":\"City of Miami Beach\"},\"image\":{\"@id\":\"https:\\\/\\\/www.miamibeachfl.gov\\\/#\\\/schema\\\/logo\\\/image\\\/\"},\"sameAs\":[\"https:\\\/\\\/www.facebook.com\\\/cityofmiamibeach\",\"https:\\\/\\\/x.com\\\/Miamibeachnews\",\"https:\\\/\\\/www.instagram.com\\\/miamibeachnews\\\/\"],\"description\":\"The official website of the City of Miami Beach. Stay informed, find important information on city services, news, alerts, events, trolley routes, government employment and more.\",\"telephone\":\"305.604.CITY(2489)\",\"legalName\":\"City of Miami Beach\"}]}<\/script>\n<!-- \/ Yoast SEO Premium plugin. -->","yoast_head_json":{"title":"Marketing e Comunica\u00e7\u00f5es - Cidade de Miami Beach","description":"O Escrit\u00f3rio de Marketing e Comunica\u00e7\u00e3o da Prefeitura de Miami Beach conecta a cidade com moradores, grupos comunit\u00e1rios, nossos muitos visitantes e a m\u00eddia. O Departamento de Marketing e Comunica\u00e7\u00e3o coordena comunicados \u00e0 imprensa, m\u00eddias sociais em diversas plataformas e boletins informativos por e-mail.","robots":{"index":"index","follow":"follow","max-snippet":"max-snippet:-1","max-image-preview":"max-image-preview:large","max-video-preview":"max-video-preview:-1"},"canonical":"https:\/\/www.miamibeachfl.gov\/pt\/city-hall\/communications\/","og_locale":"pt_BR","og_type":"article","og_title":"Marketing & Communications","og_description":"The City of Miami Beach Office of Marketing & Communications connects the City of Miami Beach with residents, community groups, our many visitors, and the media. The Marketing and Communications Department directs press releases, social media across multiple platforms, and email newsletters.","og_url":"https:\/\/www.miamibeachfl.gov\/pt\/city-hall\/communications\/","og_site_name":"City of Miami Beach","article_publisher":"https:\/\/www.facebook.com\/cityofmiamibeach","article_modified_time":"2026-01-05T18:11:00+00:00","og_image":[{"width":2200,"height":865,"url":"https:\/\/www.miamibeachfl.gov\/wp-content\/uploads\/2022\/10\/MiamiBeach-visitor-aerial2.jpg","type":"image\/jpeg"}],"twitter_card":"summary_large_image","twitter_site":"@Miamibeachnews","schema":{"@context":"https:\/\/schema.org","@graph":[{"@type":"WebPage","@id":"https:\/\/www.miamibeachfl.gov\/city-hall\/communications\/","url":"https:\/\/www.miamibeachfl.gov\/city-hall\/communications\/","name":"Marketing e Comunica\u00e7\u00f5es - Cidade de Miami Beach","isPartOf":{"@id":"https:\/\/www.miamibeachfl.gov\/#website"},"primaryImageOfPage":{"@id":"https:\/\/www.miamibeachfl.gov\/city-hall\/communications\/#primaryimage"},"image":{"@id":"https:\/\/www.miamibeachfl.gov\/city-hall\/communications\/#primaryimage"},"thumbnailUrl":"https:\/\/www.miamibeachfl.gov\/wp-content\/uploads\/2022\/10\/MiamiBeach-visitor-aerial2.jpg","datePublished":"2017-08-11T00:03:58+00:00","dateModified":"2026-01-05T18:11:00+00:00","description":"O Escrit\u00f3rio de Marketing e Comunica\u00e7\u00e3o da Prefeitura de Miami Beach conecta a cidade com moradores, grupos comunit\u00e1rios, nossos muitos visitantes e a m\u00eddia. O Departamento de Marketing e Comunica\u00e7\u00e3o coordena comunicados \u00e0 imprensa, m\u00eddias sociais em diversas plataformas e boletins informativos por e-mail.","breadcrumb":{"@id":"https:\/\/www.miamibeachfl.gov\/city-hall\/communications\/#breadcrumb"},"inLanguage":"pt-BR","potentialAction":[{"@type":"ReadAction","target":["https:\/\/www.miamibeachfl.gov\/city-hall\/communications\/"]}]},{"@type":"ImageObject","inLanguage":"pt-BR","@id":"https:\/\/www.miamibeachfl.gov\/city-hall\/communications\/#primaryimage","url":"https:\/\/www.miamibeachfl.gov\/wp-content\/uploads\/2022\/10\/MiamiBeach-visitor-aerial2.jpg","contentUrl":"https:\/\/www.miamibeachfl.gov\/wp-content\/uploads\/2022\/10\/MiamiBeach-visitor-aerial2.jpg","width":2200,"height":865,"caption":"miami Beach aerial"},{"@type":"BreadcrumbList","@id":"https:\/\/www.miamibeachfl.gov\/city-hall\/communications\/#breadcrumb","itemListElement":[{"@type":"ListItem","position":1,"name":"Home","item":"https:\/\/www.miamibeachfl.gov\/"},{"@type":"ListItem","position":2,"name":"City Hall","item":"https:\/\/www.miamibeachfl.gov\/city-hall\/"},{"@type":"ListItem","position":3,"name":"Marketing &#038; Communications"}]},{"@type":"WebSite","@id":"https:\/\/www.miamibeachfl.gov\/#website","url":"https:\/\/www.miamibeachfl.gov\/","name":"Cidade de Miami Beach","description":"Site oficial da cidade de Miami Beach. Mantenha-se informado e encontre informa\u00e7\u00f5es importantes sobre servi\u00e7os municipais, not\u00edcias, alertas, eventos, rotas de bonde, empregos p\u00fablicos e muito mais.","publisher":{"@id":"https:\/\/www.miamibeachfl.gov\/#organization"},"potentialAction":[{"@type":"SearchAction","target":{"@type":"EntryPoint","urlTemplate":"https:\/\/www.miamibeachfl.gov\/?s={search_term_string}"},"query-input":{"@type":"PropertyValueSpecification","valueRequired":true,"valueName":"search_term_string"}}],"inLanguage":"pt-BR"},{"@type":"Organization","@id":"https:\/\/www.miamibeachfl.gov\/#organization","name":"Cidade de Miami Beach","url":"https:\/\/www.miamibeachfl.gov\/","logo":{"@type":"ImageObject","inLanguage":"pt-BR","@id":"https:\/\/www.miamibeachfl.gov\/#\/schema\/logo\/image\/","url":"https:\/\/www.miamibeachfl.gov\/wp-content\/uploads\/2022\/06\/miamibeach-logoblue.png","contentUrl":"https:\/\/www.miamibeachfl.gov\/wp-content\/uploads\/2022\/06\/miamibeach-logoblue.png","width":1962,"height":381,"caption":"City of Miami Beach"},"image":{"@id":"https:\/\/www.miamibeachfl.gov\/#\/schema\/logo\/image\/"},"sameAs":["https:\/\/www.facebook.com\/cityofmiamibeach","https:\/\/x.com\/Miamibeachnews","https:\/\/www.instagram.com\/miamibeachnews\/"],"description":"Site oficial da cidade de Miami Beach. Mantenha-se informado e encontre informa\u00e7\u00f5es importantes sobre servi\u00e7os municipais, not\u00edcias, alertas, eventos, rotas de bonde, empregos p\u00fablicos e muito mais.","telephone":"305.604.CITY(2489)","legalName":"City of Miami Beach"}]}},"_links":{"self":[{"href":"https:\/\/www.miamibeachfl.gov\/pt\/wp-json\/wp\/v2\/pages\/28391","targetHints":{"allow":["GET"]}}],"collection":[{"href":"https:\/\/www.miamibeachfl.gov\/pt\/wp-json\/wp\/v2\/pages"}],"about":[{"href":"https:\/\/www.miamibeachfl.gov\/pt\/wp-json\/wp\/v2\/types\/page"}],"author":[{"embeddable":true,"href":"https:\/\/www.miamibeachfl.gov\/pt\/wp-json\/wp\/v2\/users\/222"}],"replies":[{"embeddable":true,"href":"https:\/\/www.miamibeachfl.gov\/pt\/wp-json\/wp\/v2\/comments?post=28391"}],"version-history":[{"count":6,"href":"https:\/\/www.miamibeachfl.gov\/pt\/wp-json\/wp\/v2\/pages\/28391\/revisions"}],"predecessor-version":[{"id":394488,"href":"https:\/\/www.miamibeachfl.gov\/pt\/wp-json\/wp\/v2\/pages\/28391\/revisions\/394488"}],"up":[{"embeddable":true,"href":"https:\/\/www.miamibeachfl.gov\/pt\/wp-json\/wp\/v2\/pages\/28206"}],"wp:featuredmedia":[{"embeddable":true,"href":"https:\/\/www.miamibeachfl.gov\/pt\/wp-json\/wp\/v2\/media\/226053"}],"wp:attachment":[{"href":"https:\/\/www.miamibeachfl.gov\/pt\/wp-json\/wp\/v2\/media?parent=28391"}],"wp:term":[{"taxonomy":"category","embeddable":true,"href":"https:\/\/www.miamibeachfl.gov\/pt\/wp-json\/wp\/v2\/categories?post=28391"},{"taxonomy":"post_tag","embeddable":true,"href":"https:\/\/www.miamibeachfl.gov\/pt\/wp-json\/wp\/v2\/tags?post=28391"}],"curies":[{"name":"wp","href":"https:\/\/api.w.org\/{rel}","templated":true}]}}