{"id":28459,"date":"2017-08-11T00:04:48","date_gmt":"2017-08-11T00:04:48","guid":{"rendered":"http:\/\/www.miamibeachfl.gov\/city-hall\/cip\/about-us\/message-from-the-director\/"},"modified":"2025-12-05T07:31:20","modified_gmt":"2025-12-05T12:31:20","slug":"message-from-the-director","status":"publish","type":"page","link":"https:\/\/www.miamibeachfl.gov\/pt\/city-hall\/cip\/message-from-the-director\/","title":{"rendered":"Mensagem do Diretor"},"content":{"rendered":"<h1>\n\t\t\tMensagem do Diretor\t<\/h1>\nCard\u00e1pio CIP\t\t\t\n\t\t\t\t\t<ul id=\"menu-cip\"><li id=\"menu-item-259054\"><a href=\"\/pt\/city-hall\/cip\/\">P\u00e1gina inicial do CIP<\/a><\/li>\n<li id=\"menu-item-259053\"><a href=\"\/pt\/city-hall\/cip\/#capitalbudget\">Or\u00e7amento de Capital<\/a><\/li>\n<li id=\"menu-item-259055\"><a href=\"\/pt\/city-hall\/cip\/what-to-expect\/\">Perguntas frequentes<\/a><\/li>\n<li id=\"menu-item-259056\"><a href=\"\/pt\/city-hall\/cip\/#cipuserfullinks\">Links \u00fateis<\/a><\/li>\n<li id=\"menu-item-259057\"><a href=\"\/pt\/city-hall\/cip\/glossary-of-terms\/\">Gloss\u00e1rio de Termos<\/a><\/li>\n<li id=\"menu-item-259058\"><a target=\"_blank\"rel=\"noopener\" href=\"\/pt\/city-hall\/cip\/active-projects\/\">Projetos Ativos<\/a><\/li>\n<\/ul>\t\nMenu CIP \u00d7\t\t\t\t\t\t<ul id=\"menu-cip-1\"><li id=\"menu-item-259054\"><a href=\"\/pt\/city-hall\/cip\/\">P\u00e1gina inicial do CIP<\/a><\/li>\n<li id=\"menu-item-259053\"><a href=\"\/pt\/city-hall\/cip\/#capitalbudget\">Or\u00e7amento de Capital<\/a><\/li>\n<li id=\"menu-item-259055\"><a href=\"\/pt\/city-hall\/cip\/what-to-expect\/\">Perguntas frequentes<\/a><\/li>\n<li id=\"menu-item-259056\"><a href=\"\/pt\/city-hall\/cip\/#cipuserfullinks\">Links \u00fateis<\/a><\/li>\n<li id=\"menu-item-259057\"><a href=\"\/pt\/city-hall\/cip\/glossary-of-terms\/\">Gloss\u00e1rio de Termos<\/a><\/li>\n<li id=\"menu-item-259058\"><a target=\"_blank\"rel=\"noopener\" href=\"\/pt\/city-hall\/cip\/active-projects\/\">Projetos Ativos<\/a><\/li>\n<\/ul>\t\t\t\t\n\t\t\t<h2>\n\t\t\tNovos Uniformes\t<\/h2>\n\t<p>A cidade de Miami Beach criou o Escrit\u00f3rio de Projetos de Melhoria de Capital (CIP) no ver\u00e3o de 2001 para consolidar os esfor\u00e7os de constru\u00e7\u00e3o de capital da cidade em uma \u00fanica entidade que serviria como ponto focal para as atividades de planejamento e gest\u00e3o do programa de constru\u00e7\u00e3o. O programa atual do CIP inclui investimentos inigual\u00e1veis em infraestrutura para qualidade de vida, incluindo a prioriza\u00e7\u00e3o da eleva\u00e7\u00e3o do n\u00edvel do mar com projetos de melhoria do sistema de \u00e1guas pluviais e do direito de passagem (ROW), estacionamentos, projetos de melhoria de parques e projetos de sustentabilidade e resili\u00eancia necess\u00e1rios para melhorar, aprimorar e manter as instala\u00e7\u00f5es e a infraestrutura para atender \u00e0s demandas de servi\u00e7os de moradores e visitantes na cidade de Miami Beach. O programa de Melhoria de Capital \u00e9 financiado principalmente por t\u00edtulos autorizados, incluindo Obriga\u00e7\u00e3o Geral, \u00e1gua\/esgoto e financiamento de \u00e1guas pluviais. Outras fontes de financiamento podem incluir subs\u00eddios, imposto de resort, t\u00edtulos de estacionamento, etc. A qualquer momento, a equipe do CIP gerencia aproximadamente 50 projetos ativos nas fases de planejamento, projeto e constru\u00e7\u00e3o. O objetivo do CIP \u00e9 levar a maioria desses projetos \u00e0 conclus\u00e3o dentro de seus respectivos cronogramas e or\u00e7amentos.<\/p>","protected":false},"excerpt":{"rendered":"<p>Message From The Director CIP Menu CIP Home Capital Budget FAQs Useful Links Glossary of Terms Active Projects CIP Menu [&hellip;]<\/p>\n","protected":false},"author":222,"featured_media":0,"parent":28457,"menu_order":240,"comment_status":"closed","ping_status":"closed","template":"","meta":{"_searchwp_excluded":"","site-sidebar-layout":"default","site-content-layout":"","ast-site-content-layout":"default","site-content-style":"default","site-sidebar-style":"default","ast-global-header-display":"","ast-banner-title-visibility":"","ast-main-header-display":"","ast-hfb-above-header-display":"","ast-hfb-below-header-display":"","ast-hfb-mobile-header-display":"","site-post-title":"","ast-breadcrumbs-content":"","ast-featured-img":"","footer-sml-layout":"","theme-transparent-header-meta":"","adv-header-id-meta":"","stick-header-meta":"","header-above-stick-meta":"","header-main-stick-meta":"","header-below-stick-meta":"","astra-migrate-meta-layouts":"default","ast-page-background-enabled":"default","ast-page-background-meta":{"desktop":{"background-color":"var(--ast-global-color-5)","background-image":"","background-repeat":"repeat","background-position":"center center","background-size":"auto","background-attachment":"scroll","background-type":"","background-media":"","overlay-type":"","overlay-color":"","overlay-opacity":"","overlay-gradient":""},"tablet":{"background-color":"","background-image":"","background-repeat":"repeat","background-position":"center center","background-size":"auto","background-attachment":"scroll","background-type":"","background-media":"","overlay-type":"","overlay-color":"","overlay-opacity":"","overlay-gradient":""},"mobile":{"background-color":"","background-image":"","background-repeat":"repeat","background-position":"center center","background-size":"auto","background-attachment":"scroll","background-type":"","background-media":"","overlay-type":"","overlay-color":"","overlay-opacity":"","overlay-gradient":""}},"ast-content-background-meta":{"desktop":{"background-color":"var(--ast-global-color-4)","background-image":"","background-repeat":"repeat","background-position":"center center","background-size":"auto","background-attachment":"scroll","background-type":"","background-media":"","overlay-type":"","overlay-color":"","overlay-opacity":"","overlay-gradient":""},"tablet":{"background-color":"var(--ast-global-color-4)","background-image":"","background-repeat":"repeat","background-position":"center center","background-size":"auto","background-attachment":"scroll","background-type":"","background-media":"","overlay-type":"","overlay-color":"","overlay-opacity":"","overlay-gradient":""},"mobile":{"background-color":"var(--ast-global-color-4)","background-image":"","background-repeat":"repeat","background-position":"center center","background-size":"auto","background-attachment":"scroll","background-type":"","background-media":"","overlay-type":"","overlay-color":"","overlay-opacity":"","overlay-gradient":""}},"footnotes":""},"categories":[],"tags":[1203],"class_list":["post-28459","page","type-page","status-publish","hentry","tag-exclude-from-permit-page"],"yoast_head":"<!-- This site is optimized with the Yoast SEO Premium plugin v27.4 (Yoast SEO v27.4) - https:\/\/yoast.com\/product\/yoast-seo-premium-wordpress\/ -->\n<title>Message From The Director - City of Miami Beach<\/title>\n<meta name=\"description\" content=\"At any given time, The City of Miami Capital Improvement Projects Department staff manages approximately 50 active projects.\" \/>\n<meta name=\"robots\" content=\"index, follow, max-snippet:-1, max-image-preview:large, max-video-preview:-1\" \/>\n<link rel=\"canonical\" href=\"https:\/\/www.miamibeachfl.gov\/pt\/city-hall\/cip\/message-from-the-director\/\" \/>\n<meta property=\"og:locale\" content=\"pt_BR\" \/>\n<meta property=\"og:type\" content=\"article\" \/>\n<meta property=\"og:title\" content=\"Message From The Director\" \/>\n<meta property=\"og:description\" content=\"At any given time, The City of Miami Capital Improvement Projects Department staff manages approximately 50 active projects.\" \/>\n<meta property=\"og:url\" content=\"https:\/\/www.miamibeachfl.gov\/pt\/city-hall\/cip\/message-from-the-director\/\" \/>\n<meta property=\"og:site_name\" content=\"City of Miami Beach\" \/>\n<meta property=\"article:publisher\" content=\"https:\/\/www.facebook.com\/cityofmiamibeach\" \/>\n<meta property=\"article:modified_time\" content=\"2025-12-05T12:31:20+00:00\" \/>\n<meta property=\"og:image\" content=\"https:\/\/www.miamibeachfl.gov\/wp-content\/uploads\/2024\/01\/1000pxSquare-miamibeach-aerial-southpointview.jpeg\" \/>\n\t<meta property=\"og:image:width\" content=\"1000\" \/>\n\t<meta property=\"og:image:height\" content=\"1000\" \/>\n\t<meta property=\"og:image:type\" content=\"image\/jpeg\" \/>\n<meta name=\"twitter:card\" content=\"summary_large_image\" \/>\n<meta name=\"twitter:site\" content=\"@Miamibeachnews\" \/>\n<script type=\"application\/ld+json\" class=\"yoast-schema-graph\">{\"@context\":\"https:\\\/\\\/schema.org\",\"@graph\":[{\"@type\":\"WebPage\",\"@id\":\"https:\\\/\\\/www.miamibeachfl.gov\\\/city-hall\\\/cip\\\/message-from-the-director\\\/\",\"url\":\"https:\\\/\\\/www.miamibeachfl.gov\\\/city-hall\\\/cip\\\/message-from-the-director\\\/\",\"name\":\"Message From The Director - City of Miami Beach\",\"isPartOf\":{\"@id\":\"https:\\\/\\\/www.miamibeachfl.gov\\\/#website\"},\"datePublished\":\"2017-08-11T00:04:48+00:00\",\"dateModified\":\"2025-12-05T12:31:20+00:00\",\"description\":\"At any given time, The City of Miami Capital Improvement Projects Department staff manages approximately 50 active projects.\",\"breadcrumb\":{\"@id\":\"https:\\\/\\\/www.miamibeachfl.gov\\\/city-hall\\\/cip\\\/message-from-the-director\\\/#breadcrumb\"},\"inLanguage\":\"pt-BR\",\"potentialAction\":[{\"@type\":\"ReadAction\",\"target\":[\"https:\\\/\\\/www.miamibeachfl.gov\\\/city-hall\\\/cip\\\/message-from-the-director\\\/\"]}]},{\"@type\":\"BreadcrumbList\",\"@id\":\"https:\\\/\\\/www.miamibeachfl.gov\\\/city-hall\\\/cip\\\/message-from-the-director\\\/#breadcrumb\",\"itemListElement\":[{\"@type\":\"ListItem\",\"position\":1,\"name\":\"Home\",\"item\":\"https:\\\/\\\/www.miamibeachfl.gov\\\/\"},{\"@type\":\"ListItem\",\"position\":2,\"name\":\"City Hall\",\"item\":\"https:\\\/\\\/www.miamibeachfl.gov\\\/city-hall\\\/\"},{\"@type\":\"ListItem\",\"position\":3,\"name\":\"Capital Improvement Projects\",\"item\":\"https:\\\/\\\/www.miamibeachfl.gov\\\/city-hall\\\/cip\\\/\"},{\"@type\":\"ListItem\",\"position\":4,\"name\":\"Message From The Director\"}]},{\"@type\":\"WebSite\",\"@id\":\"https:\\\/\\\/www.miamibeachfl.gov\\\/#website\",\"url\":\"https:\\\/\\\/www.miamibeachfl.gov\\\/\",\"name\":\"City of Miami Beach\",\"description\":\"The official website of the City of Miami Beach. Stay informed, find important information on city services, news, alerts, events, trolley routes, government employment and more.\",\"publisher\":{\"@id\":\"https:\\\/\\\/www.miamibeachfl.gov\\\/#organization\"},\"potentialAction\":[{\"@type\":\"SearchAction\",\"target\":{\"@type\":\"EntryPoint\",\"urlTemplate\":\"https:\\\/\\\/www.miamibeachfl.gov\\\/?s={search_term_string}\"},\"query-input\":{\"@type\":\"PropertyValueSpecification\",\"valueRequired\":true,\"valueName\":\"search_term_string\"}}],\"inLanguage\":\"pt-BR\"},{\"@type\":\"Organization\",\"@id\":\"https:\\\/\\\/www.miamibeachfl.gov\\\/#organization\",\"name\":\"City of Miami Beach\",\"url\":\"https:\\\/\\\/www.miamibeachfl.gov\\\/\",\"logo\":{\"@type\":\"ImageObject\",\"inLanguage\":\"pt-BR\",\"@id\":\"https:\\\/\\\/www.miamibeachfl.gov\\\/#\\\/schema\\\/logo\\\/image\\\/\",\"url\":\"https:\\\/\\\/www.miamibeachfl.gov\\\/wp-content\\\/uploads\\\/2022\\\/06\\\/miamibeach-logoblue.png\",\"contentUrl\":\"https:\\\/\\\/www.miamibeachfl.gov\\\/wp-content\\\/uploads\\\/2022\\\/06\\\/miamibeach-logoblue.png\",\"width\":1962,\"height\":381,\"caption\":\"City of Miami Beach\"},\"image\":{\"@id\":\"https:\\\/\\\/www.miamibeachfl.gov\\\/#\\\/schema\\\/logo\\\/image\\\/\"},\"sameAs\":[\"https:\\\/\\\/www.facebook.com\\\/cityofmiamibeach\",\"https:\\\/\\\/x.com\\\/Miamibeachnews\",\"https:\\\/\\\/www.instagram.com\\\/miamibeachnews\\\/\"],\"description\":\"The official website of the City of Miami Beach. Stay informed, find important information on city services, news, alerts, events, trolley routes, government employment and more.\",\"telephone\":\"305.604.CITY(2489)\",\"legalName\":\"City of Miami Beach\"}]}<\/script>\n<!-- \/ Yoast SEO Premium plugin. -->","yoast_head_json":{"title":"Mensagem do Diretor - Cidade de Miami Beach","description":"A qualquer momento, a equipe do Departamento de Projetos de Melhorias de Capital da Cidade de Miami gerencia aproximadamente 50 projetos ativos.","robots":{"index":"index","follow":"follow","max-snippet":"max-snippet:-1","max-image-preview":"max-image-preview:large","max-video-preview":"max-video-preview:-1"},"canonical":"https:\/\/www.miamibeachfl.gov\/pt\/city-hall\/cip\/message-from-the-director\/","og_locale":"pt_BR","og_type":"article","og_title":"Message From The Director","og_description":"At any given time, The City of Miami Capital Improvement Projects Department staff manages approximately 50 active projects.","og_url":"https:\/\/www.miamibeachfl.gov\/pt\/city-hall\/cip\/message-from-the-director\/","og_site_name":"City of Miami Beach","article_publisher":"https:\/\/www.facebook.com\/cityofmiamibeach","article_modified_time":"2025-12-05T12:31:20+00:00","og_image":[{"width":1000,"height":1000,"url":"https:\/\/www.miamibeachfl.gov\/wp-content\/uploads\/2024\/01\/1000pxSquare-miamibeach-aerial-southpointview.jpeg","type":"image\/jpeg"}],"twitter_card":"summary_large_image","twitter_site":"@Miamibeachnews","schema":{"@context":"https:\/\/schema.org","@graph":[{"@type":"WebPage","@id":"https:\/\/www.miamibeachfl.gov\/city-hall\/cip\/message-from-the-director\/","url":"https:\/\/www.miamibeachfl.gov\/city-hall\/cip\/message-from-the-director\/","name":"Mensagem do Diretor - Cidade de Miami Beach","isPartOf":{"@id":"https:\/\/www.miamibeachfl.gov\/#website"},"datePublished":"2017-08-11T00:04:48+00:00","dateModified":"2025-12-05T12:31:20+00:00","description":"A qualquer momento, a equipe do Departamento de Projetos de Melhorias de Capital da Cidade de Miami gerencia aproximadamente 50 projetos ativos.","breadcrumb":{"@id":"https:\/\/www.miamibeachfl.gov\/city-hall\/cip\/message-from-the-director\/#breadcrumb"},"inLanguage":"pt-BR","potentialAction":[{"@type":"ReadAction","target":["https:\/\/www.miamibeachfl.gov\/city-hall\/cip\/message-from-the-director\/"]}]},{"@type":"BreadcrumbList","@id":"https:\/\/www.miamibeachfl.gov\/city-hall\/cip\/message-from-the-director\/#breadcrumb","itemListElement":[{"@type":"ListItem","position":1,"name":"Home","item":"https:\/\/www.miamibeachfl.gov\/"},{"@type":"ListItem","position":2,"name":"City Hall","item":"https:\/\/www.miamibeachfl.gov\/city-hall\/"},{"@type":"ListItem","position":3,"name":"Capital Improvement Projects","item":"https:\/\/www.miamibeachfl.gov\/city-hall\/cip\/"},{"@type":"ListItem","position":4,"name":"Message From The Director"}]},{"@type":"WebSite","@id":"https:\/\/www.miamibeachfl.gov\/#website","url":"https:\/\/www.miamibeachfl.gov\/","name":"Cidade de Miami Beach","description":"Site oficial da cidade de Miami Beach. Mantenha-se informado e encontre informa\u00e7\u00f5es importantes sobre servi\u00e7os municipais, not\u00edcias, alertas, eventos, rotas de bonde, empregos p\u00fablicos e muito mais.","publisher":{"@id":"https:\/\/www.miamibeachfl.gov\/#organization"},"potentialAction":[{"@type":"SearchAction","target":{"@type":"EntryPoint","urlTemplate":"https:\/\/www.miamibeachfl.gov\/?s={search_term_string}"},"query-input":{"@type":"PropertyValueSpecification","valueRequired":true,"valueName":"search_term_string"}}],"inLanguage":"pt-BR"},{"@type":"Organization","@id":"https:\/\/www.miamibeachfl.gov\/#organization","name":"Cidade de Miami Beach","url":"https:\/\/www.miamibeachfl.gov\/","logo":{"@type":"ImageObject","inLanguage":"pt-BR","@id":"https:\/\/www.miamibeachfl.gov\/#\/schema\/logo\/image\/","url":"https:\/\/www.miamibeachfl.gov\/wp-content\/uploads\/2022\/06\/miamibeach-logoblue.png","contentUrl":"https:\/\/www.miamibeachfl.gov\/wp-content\/uploads\/2022\/06\/miamibeach-logoblue.png","width":1962,"height":381,"caption":"City of Miami Beach"},"image":{"@id":"https:\/\/www.miamibeachfl.gov\/#\/schema\/logo\/image\/"},"sameAs":["https:\/\/www.facebook.com\/cityofmiamibeach","https:\/\/x.com\/Miamibeachnews","https:\/\/www.instagram.com\/miamibeachnews\/"],"description":"Site oficial da cidade de Miami Beach. Mantenha-se informado e encontre informa\u00e7\u00f5es importantes sobre servi\u00e7os municipais, not\u00edcias, alertas, eventos, rotas de bonde, empregos p\u00fablicos e muito mais.","telephone":"305.604.CITY(2489)","legalName":"City of Miami Beach"}]}},"_links":{"self":[{"href":"https:\/\/www.miamibeachfl.gov\/pt\/wp-json\/wp\/v2\/pages\/28459","targetHints":{"allow":["GET"]}}],"collection":[{"href":"https:\/\/www.miamibeachfl.gov\/pt\/wp-json\/wp\/v2\/pages"}],"about":[{"href":"https:\/\/www.miamibeachfl.gov\/pt\/wp-json\/wp\/v2\/types\/page"}],"author":[{"embeddable":true,"href":"https:\/\/www.miamibeachfl.gov\/pt\/wp-json\/wp\/v2\/users\/222"}],"replies":[{"embeddable":true,"href":"https:\/\/www.miamibeachfl.gov\/pt\/wp-json\/wp\/v2\/comments?post=28459"}],"version-history":[{"count":1,"href":"https:\/\/www.miamibeachfl.gov\/pt\/wp-json\/wp\/v2\/pages\/28459\/revisions"}],"predecessor-version":[{"id":392962,"href":"https:\/\/www.miamibeachfl.gov\/pt\/wp-json\/wp\/v2\/pages\/28459\/revisions\/392962"}],"up":[{"embeddable":true,"href":"https:\/\/www.miamibeachfl.gov\/pt\/wp-json\/wp\/v2\/pages\/28457"}],"wp:attachment":[{"href":"https:\/\/www.miamibeachfl.gov\/pt\/wp-json\/wp\/v2\/media?parent=28459"}],"wp:term":[{"taxonomy":"category","embeddable":true,"href":"https:\/\/www.miamibeachfl.gov\/pt\/wp-json\/wp\/v2\/categories?post=28459"},{"taxonomy":"post_tag","embeddable":true,"href":"https:\/\/www.miamibeachfl.gov\/pt\/wp-json\/wp\/v2\/tags?post=28459"}],"curies":[{"name":"wp","href":"https:\/\/api.w.org\/{rel}","templated":true}]}}