{"id":28511,"date":"2017-08-11T00:05:27","date_gmt":"2017-08-11T00:05:27","guid":{"rendered":"http:\/\/www.miamibeachfl.gov\/city-hall\/cip\/what-to-expect\/"},"modified":"2026-02-17T09:54:07","modified_gmt":"2026-02-17T14:54:07","slug":"what-to-expect","status":"publish","type":"page","link":"https:\/\/www.miamibeachfl.gov\/pt\/city-hall\/cip\/what-to-expect\/","title":{"rendered":"Perguntas frequentes"},"content":{"rendered":"<h1>\n\t\t\tPerguntas frequentes sobre CIP\t<\/h1>\nCard\u00e1pio CIP\t\t\t\n\t\t\t\t\t<ul id=\"menu-cip\"><li id=\"menu-item-259054\"><a href=\"\/pt\/city-hall\/cip\/\">P\u00e1gina inicial do CIP<\/a><\/li>\n<li id=\"menu-item-259053\"><a href=\"\/pt\/city-hall\/cip\/#capitalbudget\">Or\u00e7amento de Capital<\/a><\/li>\n<li id=\"menu-item-259055\"><a href=\"\/pt\/city-hall\/cip\/what-to-expect\/\">Perguntas frequentes<\/a><\/li>\n<li id=\"menu-item-259056\"><a href=\"\/pt\/city-hall\/cip\/#cipuserfullinks\">Links \u00fateis<\/a><\/li>\n<li id=\"menu-item-259057\"><a href=\"\/pt\/city-hall\/cip\/glossary-of-terms\/\">Gloss\u00e1rio de Termos<\/a><\/li>\n<li id=\"menu-item-259058\"><a target=\"_blank\"rel=\"noopener\" href=\"\/pt\/city-hall\/cip\/active-projects\/\">Projetos Ativos<\/a><\/li>\n<\/ul>\t\nMenu CIP \u00d7\t\t\t\t\t\t<ul id=\"menu-cip-1\"><li id=\"menu-item-259054\"><a href=\"\/pt\/city-hall\/cip\/\">P\u00e1gina inicial do CIP<\/a><\/li>\n<li id=\"menu-item-259053\"><a href=\"\/pt\/city-hall\/cip\/#capitalbudget\">Or\u00e7amento de Capital<\/a><\/li>\n<li id=\"menu-item-259055\"><a href=\"\/pt\/city-hall\/cip\/what-to-expect\/\">Perguntas frequentes<\/a><\/li>\n<li id=\"menu-item-259056\"><a href=\"\/pt\/city-hall\/cip\/#cipuserfullinks\">Links \u00fateis<\/a><\/li>\n<li id=\"menu-item-259057\"><a href=\"\/pt\/city-hall\/cip\/glossary-of-terms\/\">Gloss\u00e1rio de Termos<\/a><\/li>\n<li id=\"menu-item-259058\"><a target=\"_blank\"rel=\"noopener\" href=\"\/pt\/city-hall\/cip\/active-projects\/\">Projetos Ativos<\/a><\/li>\n<\/ul>\t\t\t\t\n\t<p><strong>\u201cN\u00e3o se fazem omeletes sem quebrar os ovos\u201d \u2013 Maximilien Francois Robespierre<\/strong><\/p>\n<p>Se o seu bairro est\u00e1 prestes a passar por melhorias, voc\u00ea provavelmente est\u00e1 se perguntando como a obra impactar\u00e1 voc\u00ea, sua casa, seu neg\u00f3cio e sua qualidade de vida. Embora nossos empreiteiros fa\u00e7am todo o poss\u00edvel para minimizar os impactos associados \u00e0 constru\u00e7\u00e3o, projetos de melhoria do bairro \u2013 especialmente aqueles que envolvem grandes mudan\u00e7as na infraestrutura \u2013 trazem alguns inconvenientes. Agradecemos sua paci\u00eancia durante o trabalho.<\/p>\n<h2>\n\t\t\tAbaixo, voc\u00ea encontrar\u00e1 uma vis\u00e3o geral do que voc\u00ea pode esperar pelo tipo de projeto de constru\u00e7\u00e3o e processos adicionais que o departamento possui:\t<\/h2>\n\t\t\t\t\t\t<h3>Como a constru\u00e7\u00e3o afetar\u00e1 o acesso de e para minha propriedade?<\/h3>\n\t\t\t<p>A cidade se esfor\u00e7a para manter o acesso a empresas e resid\u00eancias em todos os momentos. H\u00e1 ocasi\u00f5es em que \u00e9 necess\u00e1rio fechar temporariamente uma entrada de ve\u00edculos para realizar trabalhos relacionados ao projeto. Sempre que necess\u00e1rio, a equipe do projeto se esfor\u00e7a para coordenar com o propriet\u00e1rio do im\u00f3vel com anteced\u00eancia para minimizar os impactos.<\/p>\n\t\t\t\t\t\t<h3>Como foram identificadas as melhorias no meu bairro?<\/h3>\n\t\t\t<p>No final da d\u00e9cada de 1990, a Prefeitura realizou reuni\u00f5es com os moradores, nas quais eles eram convidados a apresentar &quot;listas de desejos&quot; para melhorias na paisagem urbana de seus bairros. Essa lista de desejos foi transformada em um documento denominado Relat\u00f3rio de Bases do Projeto. Simultaneamente, a Prefeitura encomendou um Plano Diretor de \u00c1gua e um Plano Diretor Abrangente de \u00c1guas Pluviais, que identificaram ainda mais as necessidades de infraestrutura nos bairros. Os planos de paisagem urbana foram incorporados aos planos para a adi\u00e7\u00e3o de linhas de \u00e1gua pot\u00e1vel e melhor drenagem de \u00e1guas pluviais. Ao longo dos anos, necessidades adicionais foram identificadas e alguns planos &quot;voltaram \u00e0 prancheta&quot; para que as necessidades de cada bairro fossem atendidas.<\/p>\n\t\t\t\t\t\t<h3>Como foram decididas as aloca\u00e7\u00f5es espec\u00edficas de financiamento?<\/h3>\n\t\t\t<p>As aloca\u00e7\u00f5es espec\u00edficas de financiamento foram originalmente identificadas nas s\u00e9ries de T\u00edtulos de Obriga\u00e7\u00e3o Geral, T\u00edtulos de Receita de \u00c1gua e Esgoto e T\u00edtulos de Receita de \u00c1guas Pluviais. Como o programa atendeu a mais necessidades do que o inicialmente previsto, fontes adicionais de financiamento s\u00e3o identificadas \u00e0 medida que nos aproximamos de cada ano fiscal.<\/p>\n\t\t\t\t\t\t<h3>Como as d\u00edvidas de t\u00edtulos est\u00e3o sendo pagas?<\/h3>\n\t\t\t<p><strong>O General O Bond<\/strong> a emiss\u00e3o est\u00e1 sendo paga com impostos sobre a propriedade.<\/p>\n<p><strong>Obriga\u00e7\u00e3o de Receita de \u00c1gua e Esgoto<\/strong> \u00e9 pago a partir de uma parcela das tarifas de \u00e1gua e esgoto cobradas de cada propriet\u00e1rio e empresa.<\/p>\n<p><strong>Obriga\u00e7\u00e3o de Receita de \u00c1guas Pluviais<\/strong> \u00e9 reembolsado por meio de uma taxa mensal de servi\u00e7os p\u00fablicos de \u00e1guas pluviais que \u00e9 cobrada de cada propriet\u00e1rio e empresa.<\/p>\n\t\t\t\t\t\t<h3>As novas e reformadas redes de \u00e1gua melhorar\u00e3o a qualidade da minha \u00e1gua pot\u00e1vel e a press\u00e3o da \u00e1gua?<\/h3>\n\t\t\t<p>A cidade de Miami Beach recebe \u00e1gua pot\u00e1vel do Departamento de \u00c1gua e Esgoto de Miami-Dade. Eles t\u00eam fornecido \u00e1gua de alt\u00edssima qualidade \u00e0 cidade de forma consistente. Testes mensais comprovam que a \u00e1gua na cidade de Miami Beach \u00e9 confi\u00e1vel e segura para consumo. Novas tubula\u00e7\u00f5es podem melhorar a cor da \u00e1gua, mas isso depende dos encanamentos particulares que a levam at\u00e9 a sua torneira. Na maioria dos casos, quando reformamos as tubula\u00e7\u00f5es, a press\u00e3o da \u00e1gua melhora devido ao aumento da capacidade.<\/p>\n\t\t\t\t\t\t<h3>Onde posso relatar um ralo entupido?<\/h3>\n\t\t\t<p>Se voc\u00ea suspeitar que um ralo est\u00e1 entupido com detritos ou testemunhar despejo ilegal, ligue para a linha de atendimento de Obras P\u00fablicas pelo telefone 305.673.7625. Se notar despejo ilegal no ralo que resulte em entupimento, entre em contato com o departamento de conformidade do c\u00f3digo pelo telefone 305.673.7555.<\/p>\n\t\t\t\t\t\t<h3>O que devo fazer se a constru\u00e7\u00e3o parecer ter causado danos \u00e0 minha propriedade privada?<\/h3>\n\t\t\t<p>Os empreiteiros da cidade s\u00e3o respons\u00e1veis por reparar ou restaurar qualquer propriedade privada danificada durante a constru\u00e7\u00e3o. Se voc\u00ea conseguir localizar um representante da empresa, pe\u00e7a para falar com o superintendente. Informe-os sobre sua reivindica\u00e7\u00e3o e eles fornecer\u00e3o informa\u00e7\u00f5es sobre como entrar em contato com a seguradora. Se voc\u00ea n\u00e3o conseguir localizar o membro adequado da equipe de contrata\u00e7\u00e3o, entre em contato com o Escrit\u00f3rio de Projetos de Melhorias de Capital pelo telefone 305.673.7071 para verificar se este trabalho \u00e9 gerenciado pela CIP. Em caso afirmativo, voc\u00ea ser\u00e1 direcionado ao gerente de projeto ou ao Especialista em Informa\u00e7\u00f5es P\u00fablicas, que poder\u00e1 coloc\u00e1-lo em contato com o representante adequado da empreiteira. Se o projeto for gerenciado pela Obras P\u00fablicas ou outro departamento, voc\u00ea tamb\u00e9m ser\u00e1 direcionado ao gerente de projeto ou ao Oficial de Informa\u00e7\u00f5es P\u00fablicas. Se for uma constru\u00e7\u00e3o privada, a cidade n\u00e3o pode atuar como mediadora. \u00c9 importante que voc\u00ea entre em contato com o representante adequado da empreiteira para que sua reivindica\u00e7\u00e3o possa ser tratada pelos canais adequados.<\/p>","protected":false},"excerpt":{"rendered":"<p>CIP FAQs CIP Menu CIP Home Capital Budget FAQs Useful Links Glossary of Terms Active Projects CIP Menu \u00d7 CIP [&hellip;]<\/p>\n","protected":false},"author":222,"featured_media":0,"parent":28457,"menu_order":230,"comment_status":"closed","ping_status":"closed","template":"","meta":{"_searchwp_excluded":"","site-sidebar-layout":"default","site-content-layout":"","ast-site-content-layout":"default","site-content-style":"default","site-sidebar-style":"default","ast-global-header-display":"","ast-banner-title-visibility":"","ast-main-header-display":"","ast-hfb-above-header-display":"","ast-hfb-below-header-display":"","ast-hfb-mobile-header-display":"","site-post-title":"","ast-breadcrumbs-content":"","ast-featured-img":"","footer-sml-layout":"","theme-transparent-header-meta":"","adv-header-id-meta":"","stick-header-meta":"","header-above-stick-meta":"","header-main-stick-meta":"","header-below-stick-meta":"","astra-migrate-meta-layouts":"default","ast-page-background-enabled":"default","ast-page-background-meta":{"desktop":{"background-color":"var(--ast-global-color-5)","background-image":"","background-repeat":"repeat","background-position":"center center","background-size":"auto","background-attachment":"scroll","background-type":"","background-media":"","overlay-type":"","overlay-color":"","overlay-opacity":"","overlay-gradient":""},"tablet":{"background-color":"","background-image":"","background-repeat":"repeat","background-position":"center center","background-size":"auto","background-attachment":"scroll","background-type":"","background-media":"","overlay-type":"","overlay-color":"","overlay-opacity":"","overlay-gradient":""},"mobile":{"background-color":"","background-image":"","background-repeat":"repeat","background-position":"center center","background-size":"auto","background-attachment":"scroll","background-type":"","background-media":"","overlay-type":"","overlay-color":"","overlay-opacity":"","overlay-gradient":""}},"ast-content-background-meta":{"desktop":{"background-color":"var(--ast-global-color-4)","background-image":"","background-repeat":"repeat","background-position":"center center","background-size":"auto","background-attachment":"scroll","background-type":"","background-media":"","overlay-type":"","overlay-color":"","overlay-opacity":"","overlay-gradient":""},"tablet":{"background-color":"var(--ast-global-color-4)","background-image":"","background-repeat":"repeat","background-position":"center center","background-size":"auto","background-attachment":"scroll","background-type":"","background-media":"","overlay-type":"","overlay-color":"","overlay-opacity":"","overlay-gradient":""},"mobile":{"background-color":"var(--ast-global-color-4)","background-image":"","background-repeat":"repeat","background-position":"center center","background-size":"auto","background-attachment":"scroll","background-type":"","background-media":"","overlay-type":"","overlay-color":"","overlay-opacity":"","overlay-gradient":""}},"footnotes":""},"categories":[],"tags":[],"class_list":["post-28511","page","type-page","status-publish","hentry"],"yoast_head":"<!-- This site is optimized with the Yoast SEO Premium plugin v27.4 (Yoast SEO v27.4) - https:\/\/yoast.com\/product\/yoast-seo-premium-wordpress\/ -->\n<title>FAQ&#039;s - City of Miami Beach<\/title>\n<meta name=\"description\" content=\"Please find overviews of what you can expect by the type of construction project and additional processes that the department has.\" \/>\n<meta name=\"robots\" content=\"index, follow, max-snippet:-1, max-image-preview:large, max-video-preview:-1\" \/>\n<link rel=\"canonical\" href=\"https:\/\/www.miamibeachfl.gov\/pt\/city-hall\/cip\/what-to-expect\/\" \/>\n<meta property=\"og:locale\" content=\"pt_BR\" \/>\n<meta property=\"og:type\" content=\"article\" \/>\n<meta property=\"og:title\" content=\"FAQ&#039;s\" \/>\n<meta property=\"og:description\" content=\"Please find overviews of what you can expect by the type of construction project and additional processes that the department has.\" \/>\n<meta property=\"og:url\" content=\"https:\/\/www.miamibeachfl.gov\/pt\/city-hall\/cip\/what-to-expect\/\" \/>\n<meta property=\"og:site_name\" content=\"City of Miami Beach\" \/>\n<meta property=\"article:publisher\" content=\"https:\/\/www.facebook.com\/cityofmiamibeach\" \/>\n<meta property=\"article:modified_time\" content=\"2026-02-17T14:54:07+00:00\" \/>\n<meta property=\"og:image\" content=\"https:\/\/www.miamibeachfl.gov\/wp-content\/uploads\/2024\/01\/1000pxSquare-miamibeach-aerial-southpointview.jpeg\" \/>\n\t<meta property=\"og:image:width\" content=\"1000\" \/>\n\t<meta property=\"og:image:height\" content=\"1000\" \/>\n\t<meta property=\"og:image:type\" content=\"image\/jpeg\" \/>\n<meta name=\"twitter:card\" content=\"summary_large_image\" \/>\n<meta name=\"twitter:site\" content=\"@Miamibeachnews\" \/>\n<script type=\"application\/ld+json\" class=\"yoast-schema-graph\">{\"@context\":\"https:\\\/\\\/schema.org\",\"@graph\":[{\"@type\":\"WebPage\",\"@id\":\"https:\\\/\\\/www.miamibeachfl.gov\\\/city-hall\\\/cip\\\/what-to-expect\\\/\",\"url\":\"https:\\\/\\\/www.miamibeachfl.gov\\\/city-hall\\\/cip\\\/what-to-expect\\\/\",\"name\":\"FAQ's - City of Miami Beach\",\"isPartOf\":{\"@id\":\"https:\\\/\\\/www.miamibeachfl.gov\\\/#website\"},\"datePublished\":\"2017-08-11T00:05:27+00:00\",\"dateModified\":\"2026-02-17T14:54:07+00:00\",\"description\":\"Please find overviews of what you can expect by the type of construction project and additional processes that the department has.\",\"breadcrumb\":{\"@id\":\"https:\\\/\\\/www.miamibeachfl.gov\\\/city-hall\\\/cip\\\/what-to-expect\\\/#breadcrumb\"},\"inLanguage\":\"pt-BR\",\"potentialAction\":[{\"@type\":\"ReadAction\",\"target\":[\"https:\\\/\\\/www.miamibeachfl.gov\\\/city-hall\\\/cip\\\/what-to-expect\\\/\"]}]},{\"@type\":\"BreadcrumbList\",\"@id\":\"https:\\\/\\\/www.miamibeachfl.gov\\\/city-hall\\\/cip\\\/what-to-expect\\\/#breadcrumb\",\"itemListElement\":[{\"@type\":\"ListItem\",\"position\":1,\"name\":\"Home\",\"item\":\"https:\\\/\\\/www.miamibeachfl.gov\\\/\"},{\"@type\":\"ListItem\",\"position\":2,\"name\":\"City Hall\",\"item\":\"https:\\\/\\\/www.miamibeachfl.gov\\\/city-hall\\\/\"},{\"@type\":\"ListItem\",\"position\":3,\"name\":\"Capital Improvement Projects\",\"item\":\"https:\\\/\\\/www.miamibeachfl.gov\\\/city-hall\\\/cip\\\/\"},{\"@type\":\"ListItem\",\"position\":4,\"name\":\"FAQ&#8217;s\"}]},{\"@type\":\"WebSite\",\"@id\":\"https:\\\/\\\/www.miamibeachfl.gov\\\/#website\",\"url\":\"https:\\\/\\\/www.miamibeachfl.gov\\\/\",\"name\":\"City of Miami Beach\",\"description\":\"The official website of the City of Miami Beach. Stay informed, find important information on city services, news, alerts, events, trolley routes, government employment and more.\",\"publisher\":{\"@id\":\"https:\\\/\\\/www.miamibeachfl.gov\\\/#organization\"},\"potentialAction\":[{\"@type\":\"SearchAction\",\"target\":{\"@type\":\"EntryPoint\",\"urlTemplate\":\"https:\\\/\\\/www.miamibeachfl.gov\\\/?s={search_term_string}\"},\"query-input\":{\"@type\":\"PropertyValueSpecification\",\"valueRequired\":true,\"valueName\":\"search_term_string\"}}],\"inLanguage\":\"pt-BR\"},{\"@type\":\"Organization\",\"@id\":\"https:\\\/\\\/www.miamibeachfl.gov\\\/#organization\",\"name\":\"City of Miami Beach\",\"url\":\"https:\\\/\\\/www.miamibeachfl.gov\\\/\",\"logo\":{\"@type\":\"ImageObject\",\"inLanguage\":\"pt-BR\",\"@id\":\"https:\\\/\\\/www.miamibeachfl.gov\\\/#\\\/schema\\\/logo\\\/image\\\/\",\"url\":\"https:\\\/\\\/www.miamibeachfl.gov\\\/wp-content\\\/uploads\\\/2022\\\/06\\\/miamibeach-logoblue.png\",\"contentUrl\":\"https:\\\/\\\/www.miamibeachfl.gov\\\/wp-content\\\/uploads\\\/2022\\\/06\\\/miamibeach-logoblue.png\",\"width\":1962,\"height\":381,\"caption\":\"City of Miami Beach\"},\"image\":{\"@id\":\"https:\\\/\\\/www.miamibeachfl.gov\\\/#\\\/schema\\\/logo\\\/image\\\/\"},\"sameAs\":[\"https:\\\/\\\/www.facebook.com\\\/cityofmiamibeach\",\"https:\\\/\\\/x.com\\\/Miamibeachnews\",\"https:\\\/\\\/www.instagram.com\\\/miamibeachnews\\\/\"],\"description\":\"The official website of the City of Miami Beach. Stay informed, find important information on city services, news, alerts, events, trolley routes, government employment and more.\",\"telephone\":\"305.604.CITY(2489)\",\"legalName\":\"City of Miami Beach\"}]}<\/script>\n<!-- \/ Yoast SEO Premium plugin. -->","yoast_head_json":{"title":"Perguntas frequentes - Cidade de Miami Beach","description":"Encontre vis\u00f5es gerais do que voc\u00ea pode esperar pelo tipo de projeto de constru\u00e7\u00e3o e processos adicionais que o departamento possui.","robots":{"index":"index","follow":"follow","max-snippet":"max-snippet:-1","max-image-preview":"max-image-preview:large","max-video-preview":"max-video-preview:-1"},"canonical":"https:\/\/www.miamibeachfl.gov\/pt\/city-hall\/cip\/what-to-expect\/","og_locale":"pt_BR","og_type":"article","og_title":"FAQ's","og_description":"Please find overviews of what you can expect by the type of construction project and additional processes that the department has.","og_url":"https:\/\/www.miamibeachfl.gov\/pt\/city-hall\/cip\/what-to-expect\/","og_site_name":"City of Miami Beach","article_publisher":"https:\/\/www.facebook.com\/cityofmiamibeach","article_modified_time":"2026-02-17T14:54:07+00:00","og_image":[{"width":1000,"height":1000,"url":"https:\/\/www.miamibeachfl.gov\/wp-content\/uploads\/2024\/01\/1000pxSquare-miamibeach-aerial-southpointview.jpeg","type":"image\/jpeg"}],"twitter_card":"summary_large_image","twitter_site":"@Miamibeachnews","schema":{"@context":"https:\/\/schema.org","@graph":[{"@type":"WebPage","@id":"https:\/\/www.miamibeachfl.gov\/city-hall\/cip\/what-to-expect\/","url":"https:\/\/www.miamibeachfl.gov\/city-hall\/cip\/what-to-expect\/","name":"Perguntas frequentes - Cidade de Miami Beach","isPartOf":{"@id":"https:\/\/www.miamibeachfl.gov\/#website"},"datePublished":"2017-08-11T00:05:27+00:00","dateModified":"2026-02-17T14:54:07+00:00","description":"Encontre vis\u00f5es gerais do que voc\u00ea pode esperar pelo tipo de projeto de constru\u00e7\u00e3o e processos adicionais que o departamento possui.","breadcrumb":{"@id":"https:\/\/www.miamibeachfl.gov\/city-hall\/cip\/what-to-expect\/#breadcrumb"},"inLanguage":"pt-BR","potentialAction":[{"@type":"ReadAction","target":["https:\/\/www.miamibeachfl.gov\/city-hall\/cip\/what-to-expect\/"]}]},{"@type":"BreadcrumbList","@id":"https:\/\/www.miamibeachfl.gov\/city-hall\/cip\/what-to-expect\/#breadcrumb","itemListElement":[{"@type":"ListItem","position":1,"name":"Home","item":"https:\/\/www.miamibeachfl.gov\/"},{"@type":"ListItem","position":2,"name":"City Hall","item":"https:\/\/www.miamibeachfl.gov\/city-hall\/"},{"@type":"ListItem","position":3,"name":"Capital Improvement Projects","item":"https:\/\/www.miamibeachfl.gov\/city-hall\/cip\/"},{"@type":"ListItem","position":4,"name":"FAQ&#8217;s"}]},{"@type":"WebSite","@id":"https:\/\/www.miamibeachfl.gov\/#website","url":"https:\/\/www.miamibeachfl.gov\/","name":"Cidade de Miami Beach","description":"Site oficial da cidade de Miami Beach. Mantenha-se informado e encontre informa\u00e7\u00f5es importantes sobre servi\u00e7os municipais, not\u00edcias, alertas, eventos, rotas de bonde, empregos p\u00fablicos e muito mais.","publisher":{"@id":"https:\/\/www.miamibeachfl.gov\/#organization"},"potentialAction":[{"@type":"SearchAction","target":{"@type":"EntryPoint","urlTemplate":"https:\/\/www.miamibeachfl.gov\/?s={search_term_string}"},"query-input":{"@type":"PropertyValueSpecification","valueRequired":true,"valueName":"search_term_string"}}],"inLanguage":"pt-BR"},{"@type":"Organization","@id":"https:\/\/www.miamibeachfl.gov\/#organization","name":"Cidade de Miami Beach","url":"https:\/\/www.miamibeachfl.gov\/","logo":{"@type":"ImageObject","inLanguage":"pt-BR","@id":"https:\/\/www.miamibeachfl.gov\/#\/schema\/logo\/image\/","url":"https:\/\/www.miamibeachfl.gov\/wp-content\/uploads\/2022\/06\/miamibeach-logoblue.png","contentUrl":"https:\/\/www.miamibeachfl.gov\/wp-content\/uploads\/2022\/06\/miamibeach-logoblue.png","width":1962,"height":381,"caption":"City of Miami Beach"},"image":{"@id":"https:\/\/www.miamibeachfl.gov\/#\/schema\/logo\/image\/"},"sameAs":["https:\/\/www.facebook.com\/cityofmiamibeach","https:\/\/x.com\/Miamibeachnews","https:\/\/www.instagram.com\/miamibeachnews\/"],"description":"Site oficial da cidade de Miami Beach. Mantenha-se informado e encontre informa\u00e7\u00f5es importantes sobre servi\u00e7os municipais, not\u00edcias, alertas, eventos, rotas de bonde, empregos p\u00fablicos e muito mais.","telephone":"305.604.CITY(2489)","legalName":"City of Miami Beach"}]}},"_links":{"self":[{"href":"https:\/\/www.miamibeachfl.gov\/pt\/wp-json\/wp\/v2\/pages\/28511","targetHints":{"allow":["GET"]}}],"collection":[{"href":"https:\/\/www.miamibeachfl.gov\/pt\/wp-json\/wp\/v2\/pages"}],"about":[{"href":"https:\/\/www.miamibeachfl.gov\/pt\/wp-json\/wp\/v2\/types\/page"}],"author":[{"embeddable":true,"href":"https:\/\/www.miamibeachfl.gov\/pt\/wp-json\/wp\/v2\/users\/222"}],"replies":[{"embeddable":true,"href":"https:\/\/www.miamibeachfl.gov\/pt\/wp-json\/wp\/v2\/comments?post=28511"}],"version-history":[{"count":2,"href":"https:\/\/www.miamibeachfl.gov\/pt\/wp-json\/wp\/v2\/pages\/28511\/revisions"}],"predecessor-version":[{"id":396476,"href":"https:\/\/www.miamibeachfl.gov\/pt\/wp-json\/wp\/v2\/pages\/28511\/revisions\/396476"}],"up":[{"embeddable":true,"href":"https:\/\/www.miamibeachfl.gov\/pt\/wp-json\/wp\/v2\/pages\/28457"}],"wp:attachment":[{"href":"https:\/\/www.miamibeachfl.gov\/pt\/wp-json\/wp\/v2\/media?parent=28511"}],"wp:term":[{"taxonomy":"category","embeddable":true,"href":"https:\/\/www.miamibeachfl.gov\/pt\/wp-json\/wp\/v2\/categories?post=28511"},{"taxonomy":"post_tag","embeddable":true,"href":"https:\/\/www.miamibeachfl.gov\/pt\/wp-json\/wp\/v2\/tags?post=28511"}],"curies":[{"name":"wp","href":"https:\/\/api.w.org\/{rel}","templated":true}]}}