{"id":28533,"date":"2017-08-11T00:05:42","date_gmt":"2017-08-11T00:05:42","guid":{"rendered":"http:\/\/www.miamibeachfl.gov\/city-hall\/emergency-management\/know-your-hazards\/flooding\/hurricane-guide-flooding-hazards\/"},"modified":"2023-12-20T11:10:35","modified_gmt":"2023-12-20T16:10:35","slug":"hurricane-guide-flooding-hazards","status":"publish","type":"page","link":"https:\/\/www.miamibeachfl.gov\/pt\/hurricane-guide-flooding-hazards\/","title":{"rendered":"Riscos de inunda\u00e7\u00e3o"},"content":{"rendered":"<h4>UM PLANO \u2013 TODOS OS RISCOS<\/h4>\n<h3 dir=\"LTR\" align=\"JUSTIFY\"><strong>Inunda\u00e7\u00e3o<\/strong><\/h3>\n<p>Como uma comunidade costeira que enfrenta a realidade das mudan\u00e7as clim\u00e1ticas, o termo &quot;eleva\u00e7\u00e3o do n\u00edvel do mar&quot; tornou-se parte do nosso vocabul\u00e1rio. Na cidade de Miami Beach, n\u00e3o apenas falamos sobre inunda\u00e7\u00f5es; buscamos e implementamos ativamente solu\u00e7\u00f5es que abordem tanto as preocupa\u00e7\u00f5es imediatas com inunda\u00e7\u00f5es quanto a mitiga\u00e7\u00e3o a longo prazo da eleva\u00e7\u00e3o das mar\u00e9s.<\/p>\n<p dir=\"LTR\" align=\"JUSTIFY\">\u00c0 medida que nossos investimentos em infraestrutura come\u00e7am a dar frutos, com melhorias na drenagem e redu\u00e7\u00e3o de riscos, ainda enfrentamos o aumento projetado do n\u00edvel do mar. Existem algumas medidas que voc\u00ea pode tomar para se preparar para inunda\u00e7\u00f5es.<\/p>\n<h3>\u00a0Conhe\u00e7a seu risco de inunda\u00e7\u00e3o<\/h3>\n<p>De acordo com o Programa Nacional de Seguro contra Inunda\u00e7\u00f5es (NFIP), muitas \u00e1reas da cidade de Miami Beach s\u00e3o consideradas de risco moderado a alto de inunda\u00e7\u00e3o. Voc\u00ea pode verificar o n\u00edvel de risco da sua propriedade acessando o site [inserir link aqui]. <a href=\"http:\/\/www.floodsmart.gov\">www.floodsmart.gov<\/a><\/p>\n<h3>\u00a0Tenha um plano, defina um ponto de encontro.<\/h3>\n<p>Consulte as p\u00e1ginas deste guia para obter informa\u00e7\u00f5es sobre como elaborar um plano de emerg\u00eancia para sua casa ou empresa. Grande parte do planejamento para tempestades tamb\u00e9m pode ser aplicada a inunda\u00e7\u00f5es e outros riscos. O mais importante \u00e9 comunicar-se com todos os membros da sua fam\u00edlia ou empresa para que, caso se separem e n\u00e3o possam retornar \u00e0 propriedade devido a uma inunda\u00e7\u00e3o, j\u00e1 tenham definido um ponto de encontro.<\/p>\n<p dir=\"LTR\" align=\"JUSTIFY\">ALERTA DE INUNDA\u00c7\u00c3O significa que h\u00e1 possibilidade de inunda\u00e7\u00e3o em uma \u00e1rea espec\u00edfica.<\/p>\n<p dir=\"LTR\" align=\"JUSTIFY\">AVISO DE INUNDA\u00c7\u00c3O significa que est\u00e1 ocorrendo ou \u00e9 prov\u00e1vel que ocorra uma inunda\u00e7\u00e3o.<\/p>\n<h3>Dicas b\u00e1sicas de seguran\u00e7a<\/h3>\n<ul>\n<li>Uma rua alagada n\u00e3o \u00e9 \u00e1rea de lazer! Mantenha as crian\u00e7as longe da \u00e1gua parada. \u00c1gua parada pode ser enganosa. Pode ser mais profunda do que parece e, se a \u00e1gua estiver parada h\u00e1 v\u00e1rios dias, caminhar por ela pode representar um risco \u00e0 sa\u00fade. \u00c9 um criadouro de mosquitos e tamb\u00e9m pode abrigar doen\u00e7as.<\/li>\n<li>Conhe\u00e7a a rota mais segura para sair da \u00e1rea. Se forem emitidos alertas de inunda\u00e7\u00e3o repentina, a Prefeitura enviar\u00e1 notifica\u00e7\u00f5es por diversos meios, incluindo redes sociais e mensagens de texto (consulte a p\u00e1gina X com informa\u00e7\u00f5es sobre o cadastro). Siga todas as instru\u00e7\u00f5es de seguran\u00e7a.<\/li>\n<li>Eletricidade e \u00e1gua n\u00e3o combinam. Desligue os servi\u00e7os p\u00fablicos nos disjuntores principais e desconecte os aparelhos el\u00e9tricos se instru\u00eddo a faz\u00ea-lo. N\u00e3o toque em equipamentos el\u00e9tricos se estiver molhado ou em contato com \u00e1gua. Cabos de energia ca\u00eddos podem estar submersos em \u00e1reas alagadas.<\/li>\n<li>Ap\u00f3s a \u00e1gua baixar, limpe e desinfete tudo o que ficou molhado.<\/li>\n<\/ul>","protected":false},"excerpt":{"rendered":"<p>ONE PLAN &#8211; ALL HAZARDS Flooding As a coastal community facing the reality of climate change, the term &#8220;sea-level rise&#8221; [&hellip;]<\/p>\n","protected":false},"author":222,"featured_media":0,"parent":0,"menu_order":19,"comment_status":"closed","ping_status":"closed","template":"","meta":{"_searchwp_excluded":"","site-sidebar-layout":"default","site-content-layout":"","ast-site-content-layout":"default","site-content-style":"default","site-sidebar-style":"default","ast-global-header-display":"","ast-banner-title-visibility":"","ast-main-header-display":"","ast-hfb-above-header-display":"","ast-hfb-below-header-display":"","ast-hfb-mobile-header-display":"","site-post-title":"","ast-breadcrumbs-content":"","ast-featured-img":"","footer-sml-layout":"","ast-disable-related-posts":"","theme-transparent-header-meta":"","adv-header-id-meta":"","stick-header-meta":"","header-above-stick-meta":"","header-main-stick-meta":"","header-below-stick-meta":"","astra-migrate-meta-layouts":"default","ast-page-background-enabled":"default","ast-page-background-meta":{"desktop":{"background-color":"var(--ast-global-color-5)","background-image":"","background-repeat":"repeat","background-position":"center center","background-size":"auto","background-attachment":"scroll","background-type":"","background-media":"","overlay-type":"","overlay-color":"","overlay-opacity":"","overlay-gradient":""},"tablet":{"background-color":"","background-image":"","background-repeat":"repeat","background-position":"center center","background-size":"auto","background-attachment":"scroll","background-type":"","background-media":"","overlay-type":"","overlay-color":"","overlay-opacity":"","overlay-gradient":""},"mobile":{"background-color":"","background-image":"","background-repeat":"repeat","background-position":"center center","background-size":"auto","background-attachment":"scroll","background-type":"","background-media":"","overlay-type":"","overlay-color":"","overlay-opacity":"","overlay-gradient":""}},"ast-content-background-meta":{"desktop":{"background-color":"var(--ast-global-color-4)","background-image":"","background-repeat":"repeat","background-position":"center center","background-size":"auto","background-attachment":"scroll","background-type":"","background-media":"","overlay-type":"","overlay-color":"","overlay-opacity":"","overlay-gradient":""},"tablet":{"background-color":"var(--ast-global-color-4)","background-image":"","background-repeat":"repeat","background-position":"center center","background-size":"auto","background-attachment":"scroll","background-type":"","background-media":"","overlay-type":"","overlay-color":"","overlay-opacity":"","overlay-gradient":""},"mobile":{"background-color":"var(--ast-global-color-4)","background-image":"","background-repeat":"repeat","background-position":"center center","background-size":"auto","background-attachment":"scroll","background-type":"","background-media":"","overlay-type":"","overlay-color":"","overlay-opacity":"","overlay-gradient":""}},"footnotes":""},"categories":[],"tags":[1203],"class_list":["post-28533","page","type-page","status-publish","hentry","tag-exclude-from-permit-page"],"yoast_head":"<!-- This site is optimized with the Yoast SEO Premium plugin v27.4 (Yoast SEO v27.4) - https:\/\/yoast.com\/product\/yoast-seo-premium-wordpress\/ -->\n<title>Flooding Hazards - City of Miami Beach<\/title>\n<meta name=\"description\" content=\"%\" \/>\n<meta name=\"robots\" content=\"index, follow, max-snippet:-1, max-image-preview:large, max-video-preview:-1\" \/>\n<link rel=\"canonical\" href=\"https:\/\/www.miamibeachfl.gov\/pt\/hurricane-guide-flooding-hazards\/\" \/>\n<meta property=\"og:locale\" content=\"pt_BR\" \/>\n<meta property=\"og:type\" content=\"article\" \/>\n<meta property=\"og:title\" content=\"Flooding Hazards\" \/>\n<meta property=\"og:description\" content=\"%\" \/>\n<meta property=\"og:url\" content=\"https:\/\/www.miamibeachfl.gov\/pt\/hurricane-guide-flooding-hazards\/\" \/>\n<meta property=\"og:site_name\" content=\"City of Miami Beach\" \/>\n<meta property=\"article:publisher\" content=\"https:\/\/www.facebook.com\/cityofmiamibeach\" \/>\n<meta property=\"article:modified_time\" content=\"2023-12-20T16:10:35+00:00\" \/>\n<meta property=\"og:image\" content=\"https:\/\/www.miamibeachfl.gov\/wp-content\/uploads\/2024\/01\/1000pxSquare-miamibeach-aerial-southpointview.jpeg\" \/>\n\t<meta property=\"og:image:width\" content=\"1000\" \/>\n\t<meta property=\"og:image:height\" content=\"1000\" \/>\n\t<meta property=\"og:image:type\" content=\"image\/jpeg\" \/>\n<meta name=\"twitter:card\" content=\"summary_large_image\" \/>\n<meta name=\"twitter:site\" content=\"@Miamibeachnews\" \/>\n<script type=\"application\/ld+json\" class=\"yoast-schema-graph\">{\"@context\":\"https:\\\/\\\/schema.org\",\"@graph\":[{\"@type\":\"WebPage\",\"@id\":\"https:\\\/\\\/www.miamibeachfl.gov\\\/hurricane-guide-flooding-hazards\\\/\",\"url\":\"https:\\\/\\\/www.miamibeachfl.gov\\\/hurricane-guide-flooding-hazards\\\/\",\"name\":\"Flooding Hazards - City of Miami Beach\",\"isPartOf\":{\"@id\":\"https:\\\/\\\/www.miamibeachfl.gov\\\/#website\"},\"datePublished\":\"2017-08-11T00:05:42+00:00\",\"dateModified\":\"2023-12-20T16:10:35+00:00\",\"description\":\"%\",\"breadcrumb\":{\"@id\":\"https:\\\/\\\/www.miamibeachfl.gov\\\/hurricane-guide-flooding-hazards\\\/#breadcrumb\"},\"inLanguage\":\"pt-BR\",\"potentialAction\":[{\"@type\":\"ReadAction\",\"target\":[\"https:\\\/\\\/www.miamibeachfl.gov\\\/hurricane-guide-flooding-hazards\\\/\"]}]},{\"@type\":\"BreadcrumbList\",\"@id\":\"https:\\\/\\\/www.miamibeachfl.gov\\\/hurricane-guide-flooding-hazards\\\/#breadcrumb\",\"itemListElement\":[{\"@type\":\"ListItem\",\"position\":1,\"name\":\"Home\",\"item\":\"https:\\\/\\\/www.miamibeachfl.gov\\\/\"},{\"@type\":\"ListItem\",\"position\":2,\"name\":\"Flooding Hazards\"}]},{\"@type\":\"WebSite\",\"@id\":\"https:\\\/\\\/www.miamibeachfl.gov\\\/#website\",\"url\":\"https:\\\/\\\/www.miamibeachfl.gov\\\/\",\"name\":\"City of Miami Beach\",\"description\":\"The official website of the City of Miami Beach. Stay informed, find important information on city services, news, alerts, events, trolley routes, government employment and more.\",\"publisher\":{\"@id\":\"https:\\\/\\\/www.miamibeachfl.gov\\\/#organization\"},\"potentialAction\":[{\"@type\":\"SearchAction\",\"target\":{\"@type\":\"EntryPoint\",\"urlTemplate\":\"https:\\\/\\\/www.miamibeachfl.gov\\\/?s={search_term_string}\"},\"query-input\":{\"@type\":\"PropertyValueSpecification\",\"valueRequired\":true,\"valueName\":\"search_term_string\"}}],\"inLanguage\":\"pt-BR\"},{\"@type\":\"Organization\",\"@id\":\"https:\\\/\\\/www.miamibeachfl.gov\\\/#organization\",\"name\":\"City of Miami Beach\",\"url\":\"https:\\\/\\\/www.miamibeachfl.gov\\\/\",\"logo\":{\"@type\":\"ImageObject\",\"inLanguage\":\"pt-BR\",\"@id\":\"https:\\\/\\\/www.miamibeachfl.gov\\\/#\\\/schema\\\/logo\\\/image\\\/\",\"url\":\"https:\\\/\\\/www.miamibeachfl.gov\\\/wp-content\\\/uploads\\\/2022\\\/06\\\/miamibeach-logoblue.png\",\"contentUrl\":\"https:\\\/\\\/www.miamibeachfl.gov\\\/wp-content\\\/uploads\\\/2022\\\/06\\\/miamibeach-logoblue.png\",\"width\":1962,\"height\":381,\"caption\":\"City of Miami Beach\"},\"image\":{\"@id\":\"https:\\\/\\\/www.miamibeachfl.gov\\\/#\\\/schema\\\/logo\\\/image\\\/\"},\"sameAs\":[\"https:\\\/\\\/www.facebook.com\\\/cityofmiamibeach\",\"https:\\\/\\\/x.com\\\/Miamibeachnews\",\"https:\\\/\\\/www.instagram.com\\\/miamibeachnews\\\/\"],\"description\":\"The official website of the City of Miami Beach. Stay informed, find important information on city services, news, alerts, events, trolley routes, government employment and more.\",\"telephone\":\"305.604.CITY(2489)\",\"legalName\":\"City of Miami Beach\"}]}<\/script>\n<!-- \/ Yoast SEO Premium plugin. -->","yoast_head_json":{"title":"Flooding Hazards - City of Miami Beach","description":"%","robots":{"index":"index","follow":"follow","max-snippet":"max-snippet:-1","max-image-preview":"max-image-preview:large","max-video-preview":"max-video-preview:-1"},"canonical":"https:\/\/www.miamibeachfl.gov\/pt\/hurricane-guide-flooding-hazards\/","og_locale":"pt_BR","og_type":"article","og_title":"Flooding Hazards","og_description":"%","og_url":"https:\/\/www.miamibeachfl.gov\/pt\/hurricane-guide-flooding-hazards\/","og_site_name":"City of Miami Beach","article_publisher":"https:\/\/www.facebook.com\/cityofmiamibeach","article_modified_time":"2023-12-20T16:10:35+00:00","og_image":[{"width":1000,"height":1000,"url":"https:\/\/www.miamibeachfl.gov\/wp-content\/uploads\/2024\/01\/1000pxSquare-miamibeach-aerial-southpointview.jpeg","type":"image\/jpeg"}],"twitter_card":"summary_large_image","twitter_site":"@Miamibeachnews","schema":{"@context":"https:\/\/schema.org","@graph":[{"@type":"WebPage","@id":"https:\/\/www.miamibeachfl.gov\/hurricane-guide-flooding-hazards\/","url":"https:\/\/www.miamibeachfl.gov\/hurricane-guide-flooding-hazards\/","name":"Flooding Hazards - City of Miami Beach","isPartOf":{"@id":"https:\/\/www.miamibeachfl.gov\/#website"},"datePublished":"2017-08-11T00:05:42+00:00","dateModified":"2023-12-20T16:10:35+00:00","description":"%","breadcrumb":{"@id":"https:\/\/www.miamibeachfl.gov\/hurricane-guide-flooding-hazards\/#breadcrumb"},"inLanguage":"pt-BR","potentialAction":[{"@type":"ReadAction","target":["https:\/\/www.miamibeachfl.gov\/hurricane-guide-flooding-hazards\/"]}]},{"@type":"BreadcrumbList","@id":"https:\/\/www.miamibeachfl.gov\/hurricane-guide-flooding-hazards\/#breadcrumb","itemListElement":[{"@type":"ListItem","position":1,"name":"Home","item":"https:\/\/www.miamibeachfl.gov\/"},{"@type":"ListItem","position":2,"name":"Flooding Hazards"}]},{"@type":"WebSite","@id":"https:\/\/www.miamibeachfl.gov\/#website","url":"https:\/\/www.miamibeachfl.gov\/","name":"Cidade de Miami Beach","description":"Site oficial da cidade de Miami Beach. Mantenha-se informado e encontre informa\u00e7\u00f5es importantes sobre servi\u00e7os municipais, not\u00edcias, alertas, eventos, rotas de bonde, empregos p\u00fablicos e muito mais.","publisher":{"@id":"https:\/\/www.miamibeachfl.gov\/#organization"},"potentialAction":[{"@type":"SearchAction","target":{"@type":"EntryPoint","urlTemplate":"https:\/\/www.miamibeachfl.gov\/?s={search_term_string}"},"query-input":{"@type":"PropertyValueSpecification","valueRequired":true,"valueName":"search_term_string"}}],"inLanguage":"pt-BR"},{"@type":"Organization","@id":"https:\/\/www.miamibeachfl.gov\/#organization","name":"Cidade de Miami Beach","url":"https:\/\/www.miamibeachfl.gov\/","logo":{"@type":"ImageObject","inLanguage":"pt-BR","@id":"https:\/\/www.miamibeachfl.gov\/#\/schema\/logo\/image\/","url":"https:\/\/www.miamibeachfl.gov\/wp-content\/uploads\/2022\/06\/miamibeach-logoblue.png","contentUrl":"https:\/\/www.miamibeachfl.gov\/wp-content\/uploads\/2022\/06\/miamibeach-logoblue.png","width":1962,"height":381,"caption":"City of Miami Beach"},"image":{"@id":"https:\/\/www.miamibeachfl.gov\/#\/schema\/logo\/image\/"},"sameAs":["https:\/\/www.facebook.com\/cityofmiamibeach","https:\/\/x.com\/Miamibeachnews","https:\/\/www.instagram.com\/miamibeachnews\/"],"description":"Site oficial da cidade de Miami Beach. Mantenha-se informado e encontre informa\u00e7\u00f5es importantes sobre servi\u00e7os municipais, not\u00edcias, alertas, eventos, rotas de bonde, empregos p\u00fablicos e muito mais.","telephone":"305.604.CITY(2489)","legalName":"City of Miami Beach"}]}},"_links":{"self":[{"href":"https:\/\/www.miamibeachfl.gov\/pt\/wp-json\/wp\/v2\/pages\/28533","targetHints":{"allow":["GET"]}}],"collection":[{"href":"https:\/\/www.miamibeachfl.gov\/pt\/wp-json\/wp\/v2\/pages"}],"about":[{"href":"https:\/\/www.miamibeachfl.gov\/pt\/wp-json\/wp\/v2\/types\/page"}],"author":[{"embeddable":true,"href":"https:\/\/www.miamibeachfl.gov\/pt\/wp-json\/wp\/v2\/users\/222"}],"replies":[{"embeddable":true,"href":"https:\/\/www.miamibeachfl.gov\/pt\/wp-json\/wp\/v2\/comments?post=28533"}],"version-history":[{"count":0,"href":"https:\/\/www.miamibeachfl.gov\/pt\/wp-json\/wp\/v2\/pages\/28533\/revisions"}],"wp:attachment":[{"href":"https:\/\/www.miamibeachfl.gov\/pt\/wp-json\/wp\/v2\/media?parent=28533"}],"wp:term":[{"taxonomy":"category","embeddable":true,"href":"https:\/\/www.miamibeachfl.gov\/pt\/wp-json\/wp\/v2\/categories?post=28533"},{"taxonomy":"post_tag","embeddable":true,"href":"https:\/\/www.miamibeachfl.gov\/pt\/wp-json\/wp\/v2\/tags?post=28533"}],"curies":[{"name":"wp","href":"https:\/\/api.w.org\/{rel}","templated":true}]}}