{"id":28598,"date":"2017-08-11T00:06:23","date_gmt":"2017-08-11T00:06:23","guid":{"rendered":"http:\/\/www.miamibeachfl.gov\/city-hall\/environmental-sustainability\/"},"modified":"2025-12-30T12:00:42","modified_gmt":"2025-12-30T17:00:42","slug":"environmental-sustainability","status":"publish","type":"page","link":"https:\/\/www.miamibeachfl.gov\/pt\/city-hall\/environmental-sustainability\/","title":{"rendered":"Meio Ambiente e Sustentabilidade"},"content":{"rendered":"<img decoding=\"async\" src=\"https:\/\/www.miamibeachfl.gov\/wp-content\/uploads\/2022\/07\/hero-small.jpg\" alt=\"ocean drive art deco buildings\" itemprop=\"image\" height=\"211\" width=\"2395\" title=\"her\u00f3i-pequeno\" onerror=\"this.style.display='none'\" loading=\"lazy\" \/>\n<h1>\n\t\t\tMeio Ambiente e Sustentabilidade\t<\/h1>\n\t<nav id=\"breadcrumbs\" aria-label=\"Migalhas de p\u00e3o\"><a href=\"https:\/\/www.miamibeachfl.gov\/pt\/\">Lar<\/a> &gt; <a href=\"https:\/\/www.miamibeachfl.gov\/pt\/city-hall\/\">Prefeitura<\/a> &gt; <strong>Meio Ambiente e Sustentabilidade<\/strong><\/nav>\n\t<p>\u201cEstamos dedicados a fornecer servi\u00e7os da mais alta qualidade \u00e0 nossa comunidade, desenvolvendo e implementando iniciativas de adapta\u00e7\u00e3o e mitiga\u00e7\u00e3o para preservar, proteger e melhorar nossos recursos naturais.\u201d<\/p>\n<p>\u200b\u200b\u200b\u200b\u200b\u200b\u200bO Departamento de Meio Ambiente e Sustentabilidade \u00e9 representado por profissionais e licenciados que atuam em Administra\u00e7\u00e3o, Recursos Ambientais, Sustentabilidade e Resili\u00eancia e Silvicultura Urbana.<\/p>\n<p>Explorar <a href=\"http:\/\/MBRisingAbove.com\"><strong>MBRisingAbove.com<\/strong><\/a> para descobrir como nossa equipe dedicada de profissionais est\u00e1 trabalhando ativamente em projetos de adapta\u00e7\u00e3o e mitiga\u00e7\u00e3o clim\u00e1tica que causam um impacto positivo em nosso meio ambiente<\/p>\n<strong>Divis\u00e3o de Gest\u00e3o de Recursos Ambientais<\/strong><br \/>\nFornece suporte interno a todos os departamentos da Cidade para garantir que todos os projetos p\u00fablicos, n\u00e3o apenas aqueles rotulados como ambientais, evitem, minimizem e mitiguem impactos ambientais, bem como valorizem o meio ambiente por meio de sua concep\u00e7\u00e3o. Esta Divis\u00e3o atua como consultora ambiental interna da Cidade e \u00e9 o elo entre a Cidade e outras ag\u00eancias governamentais para quest\u00f5es ambientais.\n<strong>Divis\u00e3o de Sustentabilidade e Resili\u00eancia<br \/>\n<\/strong>Trabalha com Departamentos Municipais, parceiros governamentais e parceiros comunit\u00e1rios para ajudar a Cidade a responder aos desafios impostos pelas mudan\u00e7as clim\u00e1ticas por meio de estrat\u00e9gias de mitiga\u00e7\u00e3o e adapta\u00e7\u00e3o. A equipe de sustentabilidade concentra-se em programas, pol\u00edticas e planos que promovam a mitiga\u00e7\u00e3o e reduzam o impacto ambiental das opera\u00e7\u00f5es da Cidade e da comunidade. As estrat\u00e9gias da equipe concentram-se na redu\u00e7\u00e3o de res\u00edduos, na promo\u00e7\u00e3o da efici\u00eancia energ\u00e9tica e na promo\u00e7\u00e3o de a\u00e7\u00f5es de conscientiza\u00e7\u00e3o e educa\u00e7\u00e3o comunit\u00e1rias envolventes. A equipe de resili\u00eancia concentra-se em programas, pol\u00edticas e planos que promovam a adapta\u00e7\u00e3o e ajudem a Cidade e a comunidade a planejar e se adaptar aos choques repentinos e estresses de longo prazo exacerbados pelas mudan\u00e7as clim\u00e1ticas. Essas atividades concentram-se na mitiga\u00e7\u00e3o do risco de inunda\u00e7\u00f5es nos \u00e2mbitos p\u00fablico e privado, com interesse adicional em calor extremo.\n<strong>Divis\u00e3o de Silvicultura Urbana<\/strong><br \/>\nSupervisiona a floresta urbana, fornecendo supervis\u00e3o e gest\u00e3o regulat\u00f3ria. Esta divis\u00e3o emite licen\u00e7as para \u00e1rvores, supervisiona a mitiga\u00e7\u00e3o de \u00e1rvores, realiza avalia\u00e7\u00f5es de \u00e1rvores patrimoniais, realiza inspe\u00e7\u00f5es de barreiras de prote\u00e7\u00e3o de \u00e1rvores, realiza avalia\u00e7\u00f5es de risco de \u00e1rvores e analisa planos para sele\u00e7\u00e3o\/instala\u00e7\u00e3o de \u00e1rvores em toda a cidade. A divis\u00e3o tamb\u00e9m supervisiona o Plano Diretor de Silvicultura Urbana, o Plano de Ruas do Projeto GOB #33 e o Programa de \u00c1rvores Patrimoniais.\n<p><strong><a href=\"\/wp-content\/uploads\/2022\/10\/QUALITY_POLICY_Signage-003.pdf\">Pol\u00edtica de Qualidade<\/a><\/strong><\/p>\n\t\t\t\t<img decoding=\"async\" src=\"https:\/\/www.miamibeachfl.gov\/wp-content\/uploads\/2020\/08\/AmyKnowles-WEB-2.jpg\" alt=\"AmyKnowles-WEB (2)\" itemprop=\"image\" height=\"1000\" width=\"1000\" title=\"AmyKnowles-WEB (2)\" onerror=\"this.style.display='none'\" loading=\"lazy\" \/>\n<h2>\n\t\t\tAmy Knowles\t<\/h2>\n\t<p>Amy Knowles atua como Diretora de Resili\u00eancia e Diretora de Meio Ambiente e Sustentabilidade da cidade de Miami Beach. A Sra. Knowles trabalha em estreita colabora\u00e7\u00e3o com uma equipe de lideran\u00e7a em resili\u00eancia hol\u00edstica para implementar pol\u00edticas e projetos que visam construir uma Miami Beach resiliente.\u00a0<strong><a href=\"\/pt\/staff\/amy-knowles\/\">Leia mais\u2026<\/a><\/strong><\/p>\n<h2>\n\t\t\tPrincipais links\t<\/h2>\n\t\t\t<a href=\"\/pt\/city-hall\/environmental-sustainability\/contact-us\/\" target=\"_self\">\n\t\t\t\t\t\t\tContate-nos\n\t\t\t\t\t<\/a>\n\t\t\t<a href=\"\/pt\/city-hall\/environmental-sustainability\/environmental-resources\/\" target=\"_self\">\n\t\t\t\t\t\t\tRecursos Ambientais\n\t\t\t\t\t<\/a>\n\t\t\t<a href=\"\/pt\/city-hall\/environmental-sustainability\/events\/\" target=\"_self\">\n\t\t\t\t\t\t\tEventos\n\t\t\t\t\t<\/a>\n\t\t\t<a href=\"\/pt\/city-hall\/environmental-sustainability\/faqs\/\" target=\"_self\">\n\t\t\t\t\t\t\tPerguntas frequentes\n\t\t\t\t\t<\/a>\n\t\t\t<a href=\"https:\/\/www.mbrisingabove.com\/\" target=\"_self\">\n\t\t\t\t\t\t\tSaiba mais sobre a resili\u00eancia \u00e0s mudan\u00e7as clim\u00e1ticas\n\t\t\t\t\t<\/a>\n\t\t\t<a href=\"\/pt\/city-hall\/environmental-sustainability\/sustainability\/\" target=\"_self\">\n\t\t\t\t\t\t\tDivis\u00e3o de Sustentabilidade e Resili\u00eancia\n\t\t\t\t\t<\/a>\n\t\t\t<a href=\"\/pt\/city-hall\/environmental-sustainability\/urban-forestry\/\" target=\"_self\">\n\t\t\t\t\t\t\tSilvicultura urbana\n\t\t\t\t\t<\/a>\n\t\t\t<a href=\"\/pt\/city-hall\/city-clerk\/boards-and-committees\/sustainability-resiliency-committee\/\" target=\"_self\">\n\t\t\t\t\t\t\tComit\u00ea de uso do solo e sustentabilidade\n\t\t\t\t\t<\/a>","protected":false},"excerpt":{"rendered":"<p><a href=\"tel:3056737084\" style=\"text-decoration:none; color:#004896;\"><br \/>\n    <i class=\"fa-solid fa-phone\"><\/i> 305.673.7084<br \/>\n<\/a><a href=\"https:\/\/www.miamibeachfl.gov\/pt\/city-hall\/environmental-sustainability\/contact-us\/\" style=\"text-decoration:none; color:#004896;\"><br \/>\n    <i class=\"fa-solid fa-circle-info\"><\/i> Informa\u00e7\u00f5es de contato<br \/>\n<\/a><\/p>","protected":false},"author":222,"featured_media":260864,"parent":28206,"menu_order":164,"comment_status":"closed","ping_status":"closed","template":"","meta":{"_searchwp_excluded":"","site-sidebar-layout":"default","site-content-layout":"","ast-site-content-layout":"default","site-content-style":"default","site-sidebar-style":"default","ast-global-header-display":"","ast-banner-title-visibility":"","ast-main-header-display":"","ast-hfb-above-header-display":"","ast-hfb-below-header-display":"","ast-hfb-mobile-header-display":"","site-post-title":"","ast-breadcrumbs-content":"","ast-featured-img":"","footer-sml-layout":"","ast-disable-related-posts":"","theme-transparent-header-meta":"","adv-header-id-meta":"","stick-header-meta":"","header-above-stick-meta":"","header-main-stick-meta":"","header-below-stick-meta":"","astra-migrate-meta-layouts":"default","ast-page-background-enabled":"default","ast-page-background-meta":{"desktop":{"background-color":"var(--ast-global-color-5)","background-image":"","background-repeat":"repeat","background-position":"center center","background-size":"auto","background-attachment":"scroll","background-type":"","background-media":"","overlay-type":"","overlay-color":"","overlay-opacity":"","overlay-gradient":""},"tablet":{"background-color":"","background-image":"","background-repeat":"repeat","background-position":"center center","background-size":"auto","background-attachment":"scroll","background-type":"","background-media":"","overlay-type":"","overlay-color":"","overlay-opacity":"","overlay-gradient":""},"mobile":{"background-color":"","background-image":"","background-repeat":"repeat","background-position":"center center","background-size":"auto","background-attachment":"scroll","background-type":"","background-media":"","overlay-type":"","overlay-color":"","overlay-opacity":"","overlay-gradient":""}},"ast-content-background-meta":{"desktop":{"background-color":"var(--ast-global-color-4)","background-image":"","background-repeat":"repeat","background-position":"center center","background-size":"auto","background-attachment":"scroll","background-type":"","background-media":"","overlay-type":"","overlay-color":"","overlay-opacity":"","overlay-gradient":""},"tablet":{"background-color":"var(--ast-global-color-4)","background-image":"","background-repeat":"repeat","background-position":"center center","background-size":"auto","background-attachment":"scroll","background-type":"","background-media":"","overlay-type":"","overlay-color":"","overlay-opacity":"","overlay-gradient":""},"mobile":{"background-color":"var(--ast-global-color-4)","background-image":"","background-repeat":"repeat","background-position":"center center","background-size":"auto","background-attachment":"scroll","background-type":"","background-media":"","overlay-type":"","overlay-color":"","overlay-opacity":"","overlay-gradient":""}},"footnotes":""},"categories":[],"tags":[1730],"class_list":["post-28598","page","type-page","status-publish","has-post-thumbnail","hentry","tag-city-services"],"yoast_head":"<!-- This site is optimized with the Yoast SEO Premium plugin v27.4 (Yoast SEO v27.4) - https:\/\/yoast.com\/product\/yoast-seo-premium-wordpress\/ -->\n<title>Environment &amp; Sustainability - City of Miami Beach<\/title>\n<meta name=\"description\" content=\"The Miami Beach Environment and Sustainability Department supports public projects, avoid, minimize, and mitigate environmental impacts.\" \/>\n<meta name=\"robots\" content=\"index, follow, max-snippet:-1, max-image-preview:large, max-video-preview:-1\" \/>\n<link rel=\"canonical\" href=\"https:\/\/www.miamibeachfl.gov\/pt\/city-hall\/environmental-sustainability\/\" \/>\n<meta property=\"og:locale\" content=\"pt_BR\" \/>\n<meta property=\"og:type\" content=\"article\" \/>\n<meta property=\"og:title\" content=\"Environment &amp; Sustainability\" \/>\n<meta property=\"og:description\" content=\"The Miami Beach Environment and Sustainability Department supports public projects, avoid, minimize, and mitigate environmental impacts.\" \/>\n<meta property=\"og:url\" content=\"https:\/\/www.miamibeachfl.gov\/pt\/city-hall\/environmental-sustainability\/\" \/>\n<meta property=\"og:site_name\" content=\"City of Miami Beach\" \/>\n<meta property=\"article:publisher\" content=\"https:\/\/www.facebook.com\/cityofmiamibeach\" \/>\n<meta property=\"article:modified_time\" content=\"2025-12-30T17:00:42+00:00\" \/>\n<meta property=\"og:image\" content=\"https:\/\/www.miamibeachfl.gov\/wp-content\/uploads\/2023\/05\/SouthPointeAerial.jpg\" \/>\n\t<meta property=\"og:image:width\" content=\"500\" \/>\n\t<meta property=\"og:image:height\" content=\"500\" \/>\n\t<meta property=\"og:image:type\" content=\"image\/jpeg\" \/>\n<meta name=\"twitter:card\" content=\"summary_large_image\" \/>\n<meta name=\"twitter:site\" content=\"@Miamibeachnews\" \/>\n<script type=\"application\/ld+json\" class=\"yoast-schema-graph\">{\"@context\":\"https:\\\/\\\/schema.org\",\"@graph\":[{\"@type\":\"WebPage\",\"@id\":\"https:\\\/\\\/www.miamibeachfl.gov\\\/city-hall\\\/environmental-sustainability\\\/\",\"url\":\"https:\\\/\\\/www.miamibeachfl.gov\\\/city-hall\\\/environmental-sustainability\\\/\",\"name\":\"Environment & Sustainability - City of Miami Beach\",\"isPartOf\":{\"@id\":\"https:\\\/\\\/www.miamibeachfl.gov\\\/#website\"},\"primaryImageOfPage\":{\"@id\":\"https:\\\/\\\/www.miamibeachfl.gov\\\/city-hall\\\/environmental-sustainability\\\/#primaryimage\"},\"image\":{\"@id\":\"https:\\\/\\\/www.miamibeachfl.gov\\\/city-hall\\\/environmental-sustainability\\\/#primaryimage\"},\"thumbnailUrl\":\"https:\\\/\\\/www.miamibeachfl.gov\\\/wp-content\\\/uploads\\\/2023\\\/05\\\/SouthPointeAerial.jpg\",\"datePublished\":\"2017-08-11T00:06:23+00:00\",\"dateModified\":\"2025-12-30T17:00:42+00:00\",\"description\":\"The Miami Beach Environment and Sustainability Department supports public projects, avoid, minimize, and mitigate environmental impacts.\",\"breadcrumb\":{\"@id\":\"https:\\\/\\\/www.miamibeachfl.gov\\\/city-hall\\\/environmental-sustainability\\\/#breadcrumb\"},\"inLanguage\":\"pt-BR\",\"potentialAction\":[{\"@type\":\"ReadAction\",\"target\":[\"https:\\\/\\\/www.miamibeachfl.gov\\\/city-hall\\\/environmental-sustainability\\\/\"]}]},{\"@type\":\"ImageObject\",\"inLanguage\":\"pt-BR\",\"@id\":\"https:\\\/\\\/www.miamibeachfl.gov\\\/city-hall\\\/environmental-sustainability\\\/#primaryimage\",\"url\":\"https:\\\/\\\/www.miamibeachfl.gov\\\/wp-content\\\/uploads\\\/2023\\\/05\\\/SouthPointeAerial.jpg\",\"contentUrl\":\"https:\\\/\\\/www.miamibeachfl.gov\\\/wp-content\\\/uploads\\\/2023\\\/05\\\/SouthPointeAerial.jpg\",\"width\":500,\"height\":500,\"caption\":\"SouthPointe Environmental Aerial Shot\"},{\"@type\":\"BreadcrumbList\",\"@id\":\"https:\\\/\\\/www.miamibeachfl.gov\\\/city-hall\\\/environmental-sustainability\\\/#breadcrumb\",\"itemListElement\":[{\"@type\":\"ListItem\",\"position\":1,\"name\":\"Home\",\"item\":\"https:\\\/\\\/www.miamibeachfl.gov\\\/\"},{\"@type\":\"ListItem\",\"position\":2,\"name\":\"City Hall\",\"item\":\"https:\\\/\\\/www.miamibeachfl.gov\\\/city-hall\\\/\"},{\"@type\":\"ListItem\",\"position\":3,\"name\":\"Environment &#038; Sustainability\"}]},{\"@type\":\"WebSite\",\"@id\":\"https:\\\/\\\/www.miamibeachfl.gov\\\/#website\",\"url\":\"https:\\\/\\\/www.miamibeachfl.gov\\\/\",\"name\":\"City of Miami Beach\",\"description\":\"The official website of the City of Miami Beach. Stay informed, find important information on city services, news, alerts, events, trolley routes, government employment and more.\",\"publisher\":{\"@id\":\"https:\\\/\\\/www.miamibeachfl.gov\\\/#organization\"},\"potentialAction\":[{\"@type\":\"SearchAction\",\"target\":{\"@type\":\"EntryPoint\",\"urlTemplate\":\"https:\\\/\\\/www.miamibeachfl.gov\\\/?s={search_term_string}\"},\"query-input\":{\"@type\":\"PropertyValueSpecification\",\"valueRequired\":true,\"valueName\":\"search_term_string\"}}],\"inLanguage\":\"pt-BR\"},{\"@type\":\"Organization\",\"@id\":\"https:\\\/\\\/www.miamibeachfl.gov\\\/#organization\",\"name\":\"City of Miami Beach\",\"url\":\"https:\\\/\\\/www.miamibeachfl.gov\\\/\",\"logo\":{\"@type\":\"ImageObject\",\"inLanguage\":\"pt-BR\",\"@id\":\"https:\\\/\\\/www.miamibeachfl.gov\\\/#\\\/schema\\\/logo\\\/image\\\/\",\"url\":\"https:\\\/\\\/www.miamibeachfl.gov\\\/wp-content\\\/uploads\\\/2022\\\/06\\\/miamibeach-logoblue.png\",\"contentUrl\":\"https:\\\/\\\/www.miamibeachfl.gov\\\/wp-content\\\/uploads\\\/2022\\\/06\\\/miamibeach-logoblue.png\",\"width\":1962,\"height\":381,\"caption\":\"City of Miami Beach\"},\"image\":{\"@id\":\"https:\\\/\\\/www.miamibeachfl.gov\\\/#\\\/schema\\\/logo\\\/image\\\/\"},\"sameAs\":[\"https:\\\/\\\/www.facebook.com\\\/cityofmiamibeach\",\"https:\\\/\\\/x.com\\\/Miamibeachnews\",\"https:\\\/\\\/www.instagram.com\\\/miamibeachnews\\\/\"],\"description\":\"The official website of the City of Miami Beach. Stay informed, find important information on city services, news, alerts, events, trolley routes, government employment and more.\",\"telephone\":\"305.604.CITY(2489)\",\"legalName\":\"City of Miami Beach\"}]}<\/script>\n<!-- \/ Yoast SEO Premium plugin. -->","yoast_head_json":{"title":"Meio Ambiente e Sustentabilidade - Cidade de Miami Beach","description":"O Departamento de Meio Ambiente e Sustentabilidade de Miami Beach apoia projetos p\u00fablicos, evitando, minimizando e mitigando impactos ambientais.","robots":{"index":"index","follow":"follow","max-snippet":"max-snippet:-1","max-image-preview":"max-image-preview:large","max-video-preview":"max-video-preview:-1"},"canonical":"https:\/\/www.miamibeachfl.gov\/pt\/city-hall\/environmental-sustainability\/","og_locale":"pt_BR","og_type":"article","og_title":"Environment & Sustainability","og_description":"The Miami Beach Environment and Sustainability Department supports public projects, avoid, minimize, and mitigate environmental impacts.","og_url":"https:\/\/www.miamibeachfl.gov\/pt\/city-hall\/environmental-sustainability\/","og_site_name":"City of Miami Beach","article_publisher":"https:\/\/www.facebook.com\/cityofmiamibeach","article_modified_time":"2025-12-30T17:00:42+00:00","og_image":[{"width":500,"height":500,"url":"https:\/\/www.miamibeachfl.gov\/wp-content\/uploads\/2023\/05\/SouthPointeAerial.jpg","type":"image\/jpeg"}],"twitter_card":"summary_large_image","twitter_site":"@Miamibeachnews","schema":{"@context":"https:\/\/schema.org","@graph":[{"@type":"WebPage","@id":"https:\/\/www.miamibeachfl.gov\/city-hall\/environmental-sustainability\/","url":"https:\/\/www.miamibeachfl.gov\/city-hall\/environmental-sustainability\/","name":"Meio Ambiente e Sustentabilidade - Cidade de Miami Beach","isPartOf":{"@id":"https:\/\/www.miamibeachfl.gov\/#website"},"primaryImageOfPage":{"@id":"https:\/\/www.miamibeachfl.gov\/city-hall\/environmental-sustainability\/#primaryimage"},"image":{"@id":"https:\/\/www.miamibeachfl.gov\/city-hall\/environmental-sustainability\/#primaryimage"},"thumbnailUrl":"https:\/\/www.miamibeachfl.gov\/wp-content\/uploads\/2023\/05\/SouthPointeAerial.jpg","datePublished":"2017-08-11T00:06:23+00:00","dateModified":"2025-12-30T17:00:42+00:00","description":"O Departamento de Meio Ambiente e Sustentabilidade de Miami Beach apoia projetos p\u00fablicos, evitando, minimizando e mitigando impactos ambientais.","breadcrumb":{"@id":"https:\/\/www.miamibeachfl.gov\/city-hall\/environmental-sustainability\/#breadcrumb"},"inLanguage":"pt-BR","potentialAction":[{"@type":"ReadAction","target":["https:\/\/www.miamibeachfl.gov\/city-hall\/environmental-sustainability\/"]}]},{"@type":"ImageObject","inLanguage":"pt-BR","@id":"https:\/\/www.miamibeachfl.gov\/city-hall\/environmental-sustainability\/#primaryimage","url":"https:\/\/www.miamibeachfl.gov\/wp-content\/uploads\/2023\/05\/SouthPointeAerial.jpg","contentUrl":"https:\/\/www.miamibeachfl.gov\/wp-content\/uploads\/2023\/05\/SouthPointeAerial.jpg","width":500,"height":500,"caption":"SouthPointe Environmental Aerial Shot"},{"@type":"BreadcrumbList","@id":"https:\/\/www.miamibeachfl.gov\/city-hall\/environmental-sustainability\/#breadcrumb","itemListElement":[{"@type":"ListItem","position":1,"name":"Home","item":"https:\/\/www.miamibeachfl.gov\/"},{"@type":"ListItem","position":2,"name":"City Hall","item":"https:\/\/www.miamibeachfl.gov\/city-hall\/"},{"@type":"ListItem","position":3,"name":"Environment &#038; Sustainability"}]},{"@type":"WebSite","@id":"https:\/\/www.miamibeachfl.gov\/#website","url":"https:\/\/www.miamibeachfl.gov\/","name":"Cidade de Miami Beach","description":"Site oficial da cidade de Miami Beach. Mantenha-se informado e encontre informa\u00e7\u00f5es importantes sobre servi\u00e7os municipais, not\u00edcias, alertas, eventos, rotas de bonde, empregos p\u00fablicos e muito mais.","publisher":{"@id":"https:\/\/www.miamibeachfl.gov\/#organization"},"potentialAction":[{"@type":"SearchAction","target":{"@type":"EntryPoint","urlTemplate":"https:\/\/www.miamibeachfl.gov\/?s={search_term_string}"},"query-input":{"@type":"PropertyValueSpecification","valueRequired":true,"valueName":"search_term_string"}}],"inLanguage":"pt-BR"},{"@type":"Organization","@id":"https:\/\/www.miamibeachfl.gov\/#organization","name":"Cidade de Miami Beach","url":"https:\/\/www.miamibeachfl.gov\/","logo":{"@type":"ImageObject","inLanguage":"pt-BR","@id":"https:\/\/www.miamibeachfl.gov\/#\/schema\/logo\/image\/","url":"https:\/\/www.miamibeachfl.gov\/wp-content\/uploads\/2022\/06\/miamibeach-logoblue.png","contentUrl":"https:\/\/www.miamibeachfl.gov\/wp-content\/uploads\/2022\/06\/miamibeach-logoblue.png","width":1962,"height":381,"caption":"City of Miami Beach"},"image":{"@id":"https:\/\/www.miamibeachfl.gov\/#\/schema\/logo\/image\/"},"sameAs":["https:\/\/www.facebook.com\/cityofmiamibeach","https:\/\/x.com\/Miamibeachnews","https:\/\/www.instagram.com\/miamibeachnews\/"],"description":"Site oficial da cidade de Miami Beach. Mantenha-se informado e encontre informa\u00e7\u00f5es importantes sobre servi\u00e7os municipais, not\u00edcias, alertas, eventos, rotas de bonde, empregos p\u00fablicos e muito mais.","telephone":"305.604.CITY(2489)","legalName":"City of Miami Beach"}]}},"_links":{"self":[{"href":"https:\/\/www.miamibeachfl.gov\/pt\/wp-json\/wp\/v2\/pages\/28598","targetHints":{"allow":["GET"]}}],"collection":[{"href":"https:\/\/www.miamibeachfl.gov\/pt\/wp-json\/wp\/v2\/pages"}],"about":[{"href":"https:\/\/www.miamibeachfl.gov\/pt\/wp-json\/wp\/v2\/types\/page"}],"author":[{"embeddable":true,"href":"https:\/\/www.miamibeachfl.gov\/pt\/wp-json\/wp\/v2\/users\/222"}],"replies":[{"embeddable":true,"href":"https:\/\/www.miamibeachfl.gov\/pt\/wp-json\/wp\/v2\/comments?post=28598"}],"version-history":[{"count":2,"href":"https:\/\/www.miamibeachfl.gov\/pt\/wp-json\/wp\/v2\/pages\/28598\/revisions"}],"predecessor-version":[{"id":394001,"href":"https:\/\/www.miamibeachfl.gov\/pt\/wp-json\/wp\/v2\/pages\/28598\/revisions\/394001"}],"up":[{"embeddable":true,"href":"https:\/\/www.miamibeachfl.gov\/pt\/wp-json\/wp\/v2\/pages\/28206"}],"wp:featuredmedia":[{"embeddable":true,"href":"https:\/\/www.miamibeachfl.gov\/pt\/wp-json\/wp\/v2\/media\/260864"}],"wp:attachment":[{"href":"https:\/\/www.miamibeachfl.gov\/pt\/wp-json\/wp\/v2\/media?parent=28598"}],"wp:term":[{"taxonomy":"category","embeddable":true,"href":"https:\/\/www.miamibeachfl.gov\/pt\/wp-json\/wp\/v2\/categories?post=28598"},{"taxonomy":"post_tag","embeddable":true,"href":"https:\/\/www.miamibeachfl.gov\/pt\/wp-json\/wp\/v2\/tags?post=28598"}],"curies":[{"name":"wp","href":"https:\/\/api.w.org\/{rel}","templated":true}]}}