{"id":28604,"date":"2017-08-11T00:06:26","date_gmt":"2017-08-11T00:06:26","guid":{"rendered":"http:\/\/www.miamibeachfl.gov\/city-hall\/environmental-sustainability\/environmental-resources\/natural-resources-management\/wildlife\/turtles\/"},"modified":"2024-03-19T15:21:54","modified_gmt":"2024-03-19T19:21:54","slug":"turtles","status":"publish","type":"page","link":"https:\/\/www.miamibeachfl.gov\/pt\/city-hall\/environmental-sustainability\/environmental-resources\/natural-resources-management\/turtles\/","title":{"rendered":"Tartarugas"},"content":{"rendered":"<p><b>AMBIENTAL \u2013 TARTARUGAS<\/b><\/p>\n<p><b>TARTARUGAS MARINHAS E O ECOSSISTEMA DE PRAIA<\/b><\/p>\n<p>As tartarugas marinhas s\u00e3o protegidas pela Lei de Esp\u00e9cies Amea\u00e7adas de Extin\u00e7\u00e3o dos EUA de 1973 e pelo Estatuto da Fl\u00f3rida, Cap\u00edtulo 370. \u00c9 ilegal ferir ou assediar tartarugas marinhas, seus ninhos ou filhotes. A cidade de Miami Beach \u00e9 um habitat de nidifica\u00e7\u00e3o para tr\u00eas esp\u00e9cies de tartarugas marinhas protegidas: a cabe\u00e7uda, a verde e a de couro. Anualmente, come\u00e7ando em abril e se estendendo at\u00e9 o in\u00edcio de novembro, as tartarugas marinhas nativas v\u00eam nidificar em nossas praias. As tartarugas marinhas p\u00f5em cerca de 100 ovos em um ninho e p\u00f5em entre 3 e 7 ninhos durante a temporada de nidifica\u00e7\u00e3o de ver\u00e3o. \u00c9 importante n\u00e3o perturbar filhotes, ovos ou ninhos, pois os filhotes precisam rastejar at\u00e9 o mar sem impedimentos. Tocar em f\u00eameas nidificando, tirar fotos com flash de f\u00eameas ou filhotes nidificando, ou cavar em ninhos \u00e9 proibido por lei. Se voc\u00ea observar algu\u00e9m assediando uma tartaruga marinha em fase de nidifica\u00e7\u00e3o ou filhote, entre em contato com a Pol\u00edcia de FWC pelo telefone 888.404.FWCC (3922) ou *FWC em telefones celulares.<\/p>\n<p><b>A AMEA\u00c7A DA ILUMINA\u00c7\u00c3O ARTIFICIAL<\/b><\/p>\n<p>A temporada de nidifica\u00e7\u00e3o de tartarugas no estado da Fl\u00f3rida ocorre entre 1\u00ba de maio e 31 de outubro. No entanto, a temporada de nidifica\u00e7\u00e3o de tartarugas come\u00e7a em <b>1 de abril<\/b> para Miami Beach, considerando a temporada de nidifica\u00e7\u00e3o mais precoce das tartarugas-de-couro. Outras \u00e1reas do estado n\u00e3o registram a nidifica\u00e7\u00e3o de tartarugas marinhas at\u00e9 aproximadamente 1\u00ba de maio. Embora as tartarugas prefiram praias escuras, muitas nidificam em praias iluminadas devido \u00e0 falta de praias escuras. Isso coloca em risco os filhotes, que s\u00e3o instintivamente atra\u00eddos por luzes brilhantes. Normalmente, a luz para a qual eles se deslocam \u00e9 criada pelo reflexo da lua ou das estrelas nas ondas. No entanto, a ilumina\u00e7\u00e3o artificial \u00e0 beira-mar representa uma s\u00e9ria amea\u00e7a aos filhotes, desorientando-os, fazendo-os rastejar para longe do oceano e em dire\u00e7\u00e3o \u00e0 luz artificial. Em praias onde a ilumina\u00e7\u00e3o artificial \u00e9 vis\u00edvel, as f\u00eameas que nidificam podem ser dissuadidas de nidificar e a importante jornada dos filhotes at\u00e9 o mar pode ser interrompida. Para evitar desorienta\u00e7\u00e3o e impactos adversos sobre as tartarugas que nidificam, a instala\u00e7\u00e3o de ilumina\u00e7\u00e3o externa \u00e0 beira-mar que seja perturbadora para as tartarugas marinhas \u00e9 proibida por lei estadual (Cap\u00edtulo 62B-55, C\u00f3digo Administrativo da Fl\u00f3rida). A cidade de Miami Beach adotou uma Lei de Prote\u00e7\u00e3o \u00e0 Nidifica\u00e7\u00e3o de Tartarugas para minimizar o impacto da ilumina\u00e7\u00e3o artificial sobre filhotes e tartarugas marinhas em nidifica\u00e7\u00e3o, protegendo assim as esp\u00e9cies amea\u00e7adas de extin\u00e7\u00e3o que frequentemente visitam suas praias. A Lei incentiva o gerenciamento da ilumina\u00e7\u00e3o em terras p\u00fablicas e privadas, prevenindo a polui\u00e7\u00e3o luminosa, que \u00e9 problem\u00e1tica para tartarugas marinhas e outros animais noturnos.<\/p>\n<p>&#8212;&#8212;&#8212;&#8212;&#8212;&#8212;&#8212;&#8212;&#8212;&#8212;&#8212;&#8212;&#8212;&#8212;&#8212;&#8212;&#8212;&#8212;&#8212;&#8212;&#8212;&#8212;&#8211;<\/p>\n<b>TARTARUGA VERDE<br \/>\n<\/b>Chelonia mydas\n<p><b>DESCRI\u00c7\u00c3O:<\/b> As tartarugas-verdes s\u00e3o facilmente distinguidas de outras tartarugas marinhas por um \u00fanico par de escamas \u2013 em vez de duplo \u2013 na frente dos olhos. A cabe\u00e7a da tartaruga-verde \u00e9 pequena e rombuda, com uma mand\u00edbula serrilhada. Os cascos s\u00e3o ovais e a cor varia do verde-claro ao verde-escuro, do amarelo-claro ao amarelo-vivo, e do marrom e verde com listras. Os filhotes s\u00e3o verde-oliva escuro ou quase pretos, com a barriga branca.<\/p>\n<p><b>TAMANHO:<\/b> Os adultos t\u00eam de 3,5 a 4 p\u00e9s de comprimento e pesam entre 300 e 400 libras.<\/p>\n<p><b>ANINHA\u00c7\u00c3O:<\/b> Cada f\u00eamea nidifica de 3 a 5 vezes a cada dois anos e p\u00f5e em m\u00e9dia 115 ovos em cada ninho. Os ovos s\u00e3o incubados em cerca de 60 dias.<\/p>\n<p><b>STATUS:<\/b> Em perigo: esta esp\u00e9cie est\u00e1 em perigo de extin\u00e7\u00e3o num futuro pr\u00f3ximo.<\/p>\n<p>&#8212;&#8212;&#8212;&#8212;&#8212;&#8212;&#8212;&#8212;&#8212;&#8212;&#8212;&#8212;&#8212;&#8212;&#8212;&#8212;&#8212;&#8212;&#8212;&#8212;&#8212;&#8212;&#8211;<\/p>\n<b>CABE\u00c7A-DE-BOI<br \/>\n<\/b>Caretta caretta\n<p><b>DESCRI\u00c7\u00c3O:<\/b> As tartarugas-cabe\u00e7udas t\u00eam cabe\u00e7as grandes, mand\u00edbulas fortes e pesadas, e conchas sem sulcos em formato de cora\u00e7\u00e3o. A cor da concha \u00e9 geralmente marrom-avermelhada, com ventre marrom-amarelado. Os filhotes s\u00e3o tipicamente marrom-escuros com uma borda marrom-clara nas nadadeiras.<\/p>\n<p><b>TAMANHO:<\/b> Os adultos t\u00eam de 2,5 a 3,5 p\u00e9s de comprimento e pesam at\u00e9 350 libras.<\/p>\n<p><b>ANINHA\u00c7\u00c3O:<\/b> Cada f\u00eamea nidifica de 5 a 7 vezes a cada 2 a 3 anos e p\u00f5e em m\u00e9dia de 80 a 120 ovos em cada ninho. A incuba\u00e7\u00e3o dos ovos leva cerca de 55 dias. As tartarugas-cabe\u00e7udas s\u00e3o a esp\u00e9cie de tartaruga marinha que nidifica com mais frequ\u00eancia na Fl\u00f3rida.<\/p>\n<p><b>STATUS:<\/b> Amea\u00e7ada: Esta esp\u00e9cie provavelmente estar\u00e1 em perigo de extin\u00e7\u00e3o em um futuro pr\u00f3ximo.<\/p>\n<p>&#8212;&#8212;&#8212;&#8212;&#8212;&#8212;&#8212;&#8212;&#8212;&#8212;&#8212;&#8212;&#8212;&#8212;&#8212;&#8212;&#8212;&#8212;&#8212;&#8212;&#8212;&#8212;&#8211;<\/p>\n<b>TARTARUGA MARINHA DE COURO<br \/>\n<\/b>Dermochelys coriacea\n<p><b>DESCRI\u00c7\u00c3O:<\/b> As tartarugas-de-couro s\u00e3o as maiores tartarugas e os maiores r\u00e9pteis vivos do mundo. S\u00e3o as \u00fanicas tartarugas marinhas sem casco externo \u00f3sseo. Os adultos s\u00e3o predominantemente pretos, com casco lateral manchado de branco-rosado e estriado, e apresentam manchas branco-claras e rosadas na cabe\u00e7a. Os filhotes t\u00eam listras brancas ao longo do dorso, medem cerca de 7,5 a 10 cm de comprimento e pesam entre 30 e 38 gramas.<\/p>\n<p><b>TAMANHO:<\/b> Os adultos t\u00eam entre 1,8 e 2,0 metros de comprimento e pesam entre 680 e 900 quilos.<\/p>\n<p><b>ANINHA\u00c7\u00c3O:<\/b> Cada f\u00eamea nidifica v\u00e1rias vezes durante a temporada e p\u00f5e em m\u00e9dia de 80 a 100 ovos em cada ninho. Os ovos s\u00e3o incubados em cerca de 70 dias.<\/p>\n<p><b>STATUS: EM PERIGO:<\/b> Esta esp\u00e9cie est\u00e1 em perigo de extin\u00e7\u00e3o num futuro pr\u00f3ximo.<\/p>\n<p>&#8212;&#8212;&#8212;&#8212;&#8212;&#8212;&#8212;&#8212;&#8212;&#8212;&#8212;&#8212;&#8212;&#8212;&#8212;&#8212;&#8212;&#8212;&#8212;&#8212;&#8212;&#8212;&#8211;<\/p>\n<p><b>O QUE<\/b> <b>PODE<\/b> <b>VOC\u00ca<\/b> <b>FAZER<\/b>?<\/p>\nN\u00e3o<br \/>\ntocar nas tartarugas. Sabemos que muitos moradores s\u00e3o apaixonados por essa quest\u00e3o<br \/>\ne querem ajudar, principalmente salvando filhotes desorientados.<br \/>\nInfelizmente, as leis de prote\u00e7\u00e3o das tartarugas marinhas na Fl\u00f3rida limitam estritamente a capacidade<br \/>\nde n\u00e3o detentores de licen\u00e7as para participar em esfor\u00e7os de conserva\u00e7\u00e3o de tartarugas marinhas. \u00c9<br \/>\n\u00c9 ilegal para o p\u00fablico recolher filhotes de tartarugas marinhas, mesmo que estejam desorientados. Em vez disso,<br \/>\nmoradores apaixonados por esse assunto devem denunciar as tartarugas marinhas<br \/>\nincidentes para (888) 404-FWCC (3922) ou *FWC em telefones celulares. Temos<br \/>\nsolicitou orienta\u00e7\u00e3o do Condado, FWC e USFWS sobre como podemos melhorar<br \/>\nenvolver nossos residentes enquanto trabalhamos para melhorar as iniciativas de prote\u00e7\u00e3o das tartarugas marinhas<br \/>\nem Miami Beach e incentivar todos os interessados a se inscreverem para o evento da cidade<br \/>\nBoletim eletr\u00f4nico de Sustentabilidade e Meio Ambiente para receber mais informa\u00e7\u00f5es<br \/>\nfica dispon\u00edvel.\n<p><b>\u00a0<\/b><b>QUER INFORMA\u00c7\u00d5ES MAIS DETALHADAS SOBRE NOSSOS ESFOR\u00c7OS EM 2017?<\/b><\/p>\n<p>Confira a Carta \u00e0 Comiss\u00e3o que foi distribu\u00edda em 04 de agosto de 2017:<strong><a title=\"Carta da Tartaruga Marinha\" href=\"\/wp-content\/uploads\/2017\/08\/LTC-397-2017-Sea-Turtle-Protection-in-Miami-Beach.pdf\" target=\"_blank\" rel=\"noopener\">Carta da Tartaruga Marinha<\/a><\/strong><\/p>\n<p><b>Liga\u00e7\u00f5es:<\/b><\/p>\n<strong><a title=\"Portaria de Prote\u00e7\u00e3o \u00e0s Tartarugas Marinhas da Cidade de Miami Beach\" href=\"https:\/\/library.municode.com\/fl\/miami_beach\/codes\/code_of_ordinances?nodeId=SPAGEOR_CH46EN_ARTVTUNEPR\" target=\"_blank\" rel=\"noopener\">Portaria de Prote\u00e7\u00e3o \u00e0s Tartarugas Marinhas da Cidade de Miami Beach<\/a>\u00a0<\/strong><br \/>\n<b><a title=\"Programa de nidifica\u00e7\u00e3o e realoca\u00e7\u00e3o de tartarugas marinhas do Condado de Miami-Dade\" href=\"http:\/\/www.miamidade.gov\/ecoadventures\/sea-turtle-research-program.asp\" target=\"_blank\" rel=\"noopener\">Programa de Tartarugas Marinhas do Condado de Miami-Dade<\/a><br \/>\n<\/b><b><a title=\"Placa de licen\u00e7a de tartaruga marinha da Fl\u00f3rida\" href=\"http:\/\/www.helpingseaturtles.org\/\" target=\"_blank\" rel=\"noopener\">Placa de licen\u00e7a de tartaruga marinha da Fl\u00f3rida<\/a><br \/>\n<\/b><b><a title=\"Instituto de Pesquisa de Peixes e Vida Selvagem da Fl\u00f3rida\" href=\"https:\/\/myfwc.com\/research\/\" target=\"_blank\" rel=\"noopener\">Instituto de Pesquisa de Peixes e Vida Selvagem da Fl\u00f3rida<\/a>\u00a0<\/b>\n<p><b>\u00a0<\/b><\/p>","protected":false},"excerpt":{"rendered":"<p>ENVIRONMENTAL &#8211; TURTLES SEA TURTLES AND THE BEACH ECOSYSTEM Sea Turtles are protected by the US Endangered Species Act of [&hellip;]<\/p>\n","protected":false},"author":222,"featured_media":0,"parent":28600,"menu_order":0,"comment_status":"closed","ping_status":"closed","template":"","meta":{"_searchwp_excluded":"","site-sidebar-layout":"default","site-content-layout":"","ast-site-content-layout":"default","site-content-style":"default","site-sidebar-style":"default","ast-global-header-display":"","ast-banner-title-visibility":"","ast-main-header-display":"","ast-hfb-above-header-display":"","ast-hfb-below-header-display":"","ast-hfb-mobile-header-display":"","site-post-title":"","ast-breadcrumbs-content":"","ast-featured-img":"","footer-sml-layout":"","theme-transparent-header-meta":"","adv-header-id-meta":"","stick-header-meta":"","header-above-stick-meta":"","header-main-stick-meta":"","header-below-stick-meta":"","astra-migrate-meta-layouts":"default","ast-page-background-enabled":"default","ast-page-background-meta":{"desktop":{"background-color":"var(--ast-global-color-5)","background-image":"","background-repeat":"repeat","background-position":"center center","background-size":"auto","background-attachment":"scroll","background-type":"","background-media":"","overlay-type":"","overlay-color":"","overlay-opacity":"","overlay-gradient":""},"tablet":{"background-color":"","background-image":"","background-repeat":"repeat","background-position":"center center","background-size":"auto","background-attachment":"scroll","background-type":"","background-media":"","overlay-type":"","overlay-color":"","overlay-opacity":"","overlay-gradient":""},"mobile":{"background-color":"","background-image":"","background-repeat":"repeat","background-position":"center center","background-size":"auto","background-attachment":"scroll","background-type":"","background-media":"","overlay-type":"","overlay-color":"","overlay-opacity":"","overlay-gradient":""}},"ast-content-background-meta":{"desktop":{"background-color":"var(--ast-global-color-4)","background-image":"","background-repeat":"repeat","background-position":"center center","background-size":"auto","background-attachment":"scroll","background-type":"","background-media":"","overlay-type":"","overlay-color":"","overlay-opacity":"","overlay-gradient":""},"tablet":{"background-color":"var(--ast-global-color-4)","background-image":"","background-repeat":"repeat","background-position":"center center","background-size":"auto","background-attachment":"scroll","background-type":"","background-media":"","overlay-type":"","overlay-color":"","overlay-opacity":"","overlay-gradient":""},"mobile":{"background-color":"var(--ast-global-color-4)","background-image":"","background-repeat":"repeat","background-position":"center center","background-size":"auto","background-attachment":"scroll","background-type":"","background-media":"","overlay-type":"","overlay-color":"","overlay-opacity":"","overlay-gradient":""}},"footnotes":""},"categories":[],"tags":[],"class_list":["post-28604","page","type-page","status-publish","hentry"],"yoast_head":"<!-- This site is optimized with the Yoast SEO Premium plugin v26.6 (Yoast SEO v26.6) - https:\/\/yoast.com\/wordpress\/plugins\/seo\/ -->\n<title>Turtles - City of Miami Beach<\/title>\n<meta name=\"description\" content=\"%\" \/>\n<meta name=\"robots\" content=\"index, follow, max-snippet:-1, max-image-preview:large, max-video-preview:-1\" \/>\n<link rel=\"canonical\" href=\"https:\/\/www.miamibeachfl.gov\/pt\/city-hall\/environmental-sustainability\/environmental-resources\/natural-resources-management\/turtles\/\" \/>\n<meta property=\"og:locale\" content=\"pt_BR\" \/>\n<meta property=\"og:type\" content=\"article\" \/>\n<meta property=\"og:title\" content=\"Turtles\" \/>\n<meta property=\"og:description\" content=\"%\" \/>\n<meta property=\"og:url\" content=\"https:\/\/www.miamibeachfl.gov\/pt\/city-hall\/environmental-sustainability\/environmental-resources\/natural-resources-management\/turtles\/\" \/>\n<meta property=\"og:site_name\" content=\"City of Miami Beach\" \/>\n<meta property=\"article:publisher\" content=\"https:\/\/www.facebook.com\/cityofmiamibeach\" \/>\n<meta property=\"article:modified_time\" content=\"2024-03-19T19:21:54+00:00\" \/>\n<meta property=\"og:image\" content=\"https:\/\/www.miamibeachfl.gov\/wp-content\/uploads\/2024\/01\/1000pxSquare-miamibeach-aerial-southpointview.jpeg\" \/>\n\t<meta property=\"og:image:width\" content=\"1000\" \/>\n\t<meta property=\"og:image:height\" content=\"1000\" \/>\n\t<meta property=\"og:image:type\" content=\"image\/jpeg\" \/>\n<meta name=\"twitter:card\" content=\"summary_large_image\" \/>\n<meta name=\"twitter:site\" content=\"@Miamibeachnews\" \/>\n<script type=\"application\/ld+json\" class=\"yoast-schema-graph\">{\"@context\":\"https:\/\/schema.org\",\"@graph\":[{\"@type\":\"WebPage\",\"@id\":\"https:\/\/www.miamibeachfl.gov\/city-hall\/environmental-sustainability\/environmental-resources\/natural-resources-management\/turtles\/\",\"url\":\"https:\/\/www.miamibeachfl.gov\/city-hall\/environmental-sustainability\/environmental-resources\/natural-resources-management\/turtles\/\",\"name\":\"Turtles - City of Miami Beach\",\"isPartOf\":{\"@id\":\"https:\/\/www.miamibeachfl.gov\/#website\"},\"datePublished\":\"2017-08-11T00:06:26+00:00\",\"dateModified\":\"2024-03-19T19:21:54+00:00\",\"description\":\"%\",\"breadcrumb\":{\"@id\":\"https:\/\/www.miamibeachfl.gov\/city-hall\/environmental-sustainability\/environmental-resources\/natural-resources-management\/turtles\/#breadcrumb\"},\"inLanguage\":\"pt-BR\",\"potentialAction\":[{\"@type\":\"ReadAction\",\"target\":[\"https:\/\/www.miamibeachfl.gov\/city-hall\/environmental-sustainability\/environmental-resources\/natural-resources-management\/turtles\/\"]}]},{\"@type\":\"BreadcrumbList\",\"@id\":\"https:\/\/www.miamibeachfl.gov\/city-hall\/environmental-sustainability\/environmental-resources\/natural-resources-management\/turtles\/#breadcrumb\",\"itemListElement\":[{\"@type\":\"ListItem\",\"position\":1,\"name\":\"Home\",\"item\":\"https:\/\/www.miamibeachfl.gov\/\"},{\"@type\":\"ListItem\",\"position\":2,\"name\":\"City Hall\",\"item\":\"https:\/\/www.miamibeachfl.gov\/city-hall\/\"},{\"@type\":\"ListItem\",\"position\":3,\"name\":\"Environment &#038; Sustainability\",\"item\":\"https:\/\/www.miamibeachfl.gov\/city-hall\/environmental-sustainability\/\"},{\"@type\":\"ListItem\",\"position\":4,\"name\":\"Environmental Resources\",\"item\":\"https:\/\/www.miamibeachfl.gov\/city-hall\/environmental-sustainability\/environmental-resources\/\"},{\"@type\":\"ListItem\",\"position\":5,\"name\":\"Natural Resources Management\",\"item\":\"https:\/\/www.miamibeachfl.gov\/city-hall\/environmental-sustainability\/environmental-resources\/natural-resources-management\/\"},{\"@type\":\"ListItem\",\"position\":6,\"name\":\"Turtles\"}]},{\"@type\":\"WebSite\",\"@id\":\"https:\/\/www.miamibeachfl.gov\/#website\",\"url\":\"https:\/\/www.miamibeachfl.gov\/\",\"name\":\"City of Miami Beach\",\"description\":\"The official website of the City of Miami Beach. Stay informed, find important information on city services, news, alerts, events, trolley routes, government employment and more.\",\"publisher\":{\"@id\":\"https:\/\/www.miamibeachfl.gov\/#organization\"},\"potentialAction\":[{\"@type\":\"SearchAction\",\"target\":{\"@type\":\"EntryPoint\",\"urlTemplate\":\"https:\/\/www.miamibeachfl.gov\/?s={search_term_string}\"},\"query-input\":{\"@type\":\"PropertyValueSpecification\",\"valueRequired\":true,\"valueName\":\"search_term_string\"}}],\"inLanguage\":\"pt-BR\"},{\"@type\":\"Organization\",\"@id\":\"https:\/\/www.miamibeachfl.gov\/#organization\",\"name\":\"City of Miami Beach\",\"url\":\"https:\/\/www.miamibeachfl.gov\/\",\"logo\":{\"@type\":\"ImageObject\",\"inLanguage\":\"pt-BR\",\"@id\":\"https:\/\/www.miamibeachfl.gov\/#\/schema\/logo\/image\/\",\"url\":\"https:\/\/www.miamibeachfl.gov\/wp-content\/uploads\/2022\/06\/miamibeach-logoblue.png\",\"contentUrl\":\"https:\/\/www.miamibeachfl.gov\/wp-content\/uploads\/2022\/06\/miamibeach-logoblue.png\",\"width\":1962,\"height\":381,\"caption\":\"City of Miami Beach\"},\"image\":{\"@id\":\"https:\/\/www.miamibeachfl.gov\/#\/schema\/logo\/image\/\"},\"sameAs\":[\"https:\/\/www.facebook.com\/cityofmiamibeach\",\"https:\/\/x.com\/Miamibeachnews\",\"https:\/\/www.instagram.com\/miamibeachnews\/\"],\"description\":\"The official website of the City of Miami Beach. Stay informed, find important information on city services, news, alerts, events, trolley routes, government employment and more.\",\"telephone\":\"305.604.CITY(2489)\",\"legalName\":\"City of Miami Beach\"}]}<\/script>\n<!-- \/ Yoast SEO Premium plugin. -->","yoast_head_json":{"title":"Turtles - City of Miami Beach","description":"%","robots":{"index":"index","follow":"follow","max-snippet":"max-snippet:-1","max-image-preview":"max-image-preview:large","max-video-preview":"max-video-preview:-1"},"canonical":"https:\/\/www.miamibeachfl.gov\/pt\/city-hall\/environmental-sustainability\/environmental-resources\/natural-resources-management\/turtles\/","og_locale":"pt_BR","og_type":"article","og_title":"Turtles","og_description":"%","og_url":"https:\/\/www.miamibeachfl.gov\/pt\/city-hall\/environmental-sustainability\/environmental-resources\/natural-resources-management\/turtles\/","og_site_name":"City of Miami Beach","article_publisher":"https:\/\/www.facebook.com\/cityofmiamibeach","article_modified_time":"2024-03-19T19:21:54+00:00","og_image":[{"width":1000,"height":1000,"url":"https:\/\/www.miamibeachfl.gov\/wp-content\/uploads\/2024\/01\/1000pxSquare-miamibeach-aerial-southpointview.jpeg","type":"image\/jpeg"}],"twitter_card":"summary_large_image","twitter_site":"@Miamibeachnews","schema":{"@context":"https:\/\/schema.org","@graph":[{"@type":"WebPage","@id":"https:\/\/www.miamibeachfl.gov\/city-hall\/environmental-sustainability\/environmental-resources\/natural-resources-management\/turtles\/","url":"https:\/\/www.miamibeachfl.gov\/city-hall\/environmental-sustainability\/environmental-resources\/natural-resources-management\/turtles\/","name":"Turtles - City of Miami Beach","isPartOf":{"@id":"https:\/\/www.miamibeachfl.gov\/#website"},"datePublished":"2017-08-11T00:06:26+00:00","dateModified":"2024-03-19T19:21:54+00:00","description":"%","breadcrumb":{"@id":"https:\/\/www.miamibeachfl.gov\/city-hall\/environmental-sustainability\/environmental-resources\/natural-resources-management\/turtles\/#breadcrumb"},"inLanguage":"pt-BR","potentialAction":[{"@type":"ReadAction","target":["https:\/\/www.miamibeachfl.gov\/city-hall\/environmental-sustainability\/environmental-resources\/natural-resources-management\/turtles\/"]}]},{"@type":"BreadcrumbList","@id":"https:\/\/www.miamibeachfl.gov\/city-hall\/environmental-sustainability\/environmental-resources\/natural-resources-management\/turtles\/#breadcrumb","itemListElement":[{"@type":"ListItem","position":1,"name":"Home","item":"https:\/\/www.miamibeachfl.gov\/"},{"@type":"ListItem","position":2,"name":"City Hall","item":"https:\/\/www.miamibeachfl.gov\/city-hall\/"},{"@type":"ListItem","position":3,"name":"Environment &#038; Sustainability","item":"https:\/\/www.miamibeachfl.gov\/city-hall\/environmental-sustainability\/"},{"@type":"ListItem","position":4,"name":"Environmental Resources","item":"https:\/\/www.miamibeachfl.gov\/city-hall\/environmental-sustainability\/environmental-resources\/"},{"@type":"ListItem","position":5,"name":"Natural Resources Management","item":"https:\/\/www.miamibeachfl.gov\/city-hall\/environmental-sustainability\/environmental-resources\/natural-resources-management\/"},{"@type":"ListItem","position":6,"name":"Turtles"}]},{"@type":"WebSite","@id":"https:\/\/www.miamibeachfl.gov\/#website","url":"https:\/\/www.miamibeachfl.gov\/","name":"Cidade de Miami Beach","description":"Site oficial da cidade de Miami Beach. Mantenha-se informado e encontre informa\u00e7\u00f5es importantes sobre servi\u00e7os municipais, not\u00edcias, alertas, eventos, rotas de bonde, empregos p\u00fablicos e muito mais.","publisher":{"@id":"https:\/\/www.miamibeachfl.gov\/#organization"},"potentialAction":[{"@type":"SearchAction","target":{"@type":"EntryPoint","urlTemplate":"https:\/\/www.miamibeachfl.gov\/?s={search_term_string}"},"query-input":{"@type":"PropertyValueSpecification","valueRequired":true,"valueName":"search_term_string"}}],"inLanguage":"pt-BR"},{"@type":"Organization","@id":"https:\/\/www.miamibeachfl.gov\/#organization","name":"Cidade de Miami Beach","url":"https:\/\/www.miamibeachfl.gov\/","logo":{"@type":"ImageObject","inLanguage":"pt-BR","@id":"https:\/\/www.miamibeachfl.gov\/#\/schema\/logo\/image\/","url":"https:\/\/www.miamibeachfl.gov\/wp-content\/uploads\/2022\/06\/miamibeach-logoblue.png","contentUrl":"https:\/\/www.miamibeachfl.gov\/wp-content\/uploads\/2022\/06\/miamibeach-logoblue.png","width":1962,"height":381,"caption":"City of Miami Beach"},"image":{"@id":"https:\/\/www.miamibeachfl.gov\/#\/schema\/logo\/image\/"},"sameAs":["https:\/\/www.facebook.com\/cityofmiamibeach","https:\/\/x.com\/Miamibeachnews","https:\/\/www.instagram.com\/miamibeachnews\/"],"description":"Site oficial da cidade de Miami Beach. Mantenha-se informado e encontre informa\u00e7\u00f5es importantes sobre servi\u00e7os municipais, not\u00edcias, alertas, eventos, rotas de bonde, empregos p\u00fablicos e muito mais.","telephone":"305.604.CITY(2489)","legalName":"City of Miami Beach"}]}},"_links":{"self":[{"href":"https:\/\/www.miamibeachfl.gov\/pt\/wp-json\/wp\/v2\/pages\/28604","targetHints":{"allow":["GET"]}}],"collection":[{"href":"https:\/\/www.miamibeachfl.gov\/pt\/wp-json\/wp\/v2\/pages"}],"about":[{"href":"https:\/\/www.miamibeachfl.gov\/pt\/wp-json\/wp\/v2\/types\/page"}],"author":[{"embeddable":true,"href":"https:\/\/www.miamibeachfl.gov\/pt\/wp-json\/wp\/v2\/users\/222"}],"replies":[{"embeddable":true,"href":"https:\/\/www.miamibeachfl.gov\/pt\/wp-json\/wp\/v2\/comments?post=28604"}],"version-history":[{"count":0,"href":"https:\/\/www.miamibeachfl.gov\/pt\/wp-json\/wp\/v2\/pages\/28604\/revisions"}],"up":[{"embeddable":true,"href":"https:\/\/www.miamibeachfl.gov\/pt\/wp-json\/wp\/v2\/pages\/28600"}],"wp:attachment":[{"href":"https:\/\/www.miamibeachfl.gov\/pt\/wp-json\/wp\/v2\/media?parent=28604"}],"wp:term":[{"taxonomy":"category","embeddable":true,"href":"https:\/\/www.miamibeachfl.gov\/pt\/wp-json\/wp\/v2\/categories?post=28604"},{"taxonomy":"post_tag","embeddable":true,"href":"https:\/\/www.miamibeachfl.gov\/pt\/wp-json\/wp\/v2\/tags?post=28604"}],"curies":[{"name":"wp","href":"https:\/\/api.w.org\/{rel}","templated":true}]}}