{"id":28606,"date":"2017-08-11T00:06:28","date_gmt":"2017-08-11T00:06:28","guid":{"rendered":"http:\/\/www.miamibeachfl.gov\/city-hall\/environmental-sustainability\/environmental-resources\/regulatory-compliance\/for-residents\/"},"modified":"2025-05-28T10:25:09","modified_gmt":"2025-05-28T14:25:09","slug":"for-residents","status":"publish","type":"page","link":"https:\/\/www.miamibeachfl.gov\/pt\/city-hall\/environmental-sustainability\/environmental-resources\/regulatory-compliance\/for-residents\/","title":{"rendered":"Moradores"},"content":{"rendered":"<img decoding=\"async\" src=\"https:\/\/www.miamibeachfl.gov\/wp-content\/uploads\/2022\/07\/hero-small.jpg\" alt=\"ocean drive art deco buildings\" itemprop=\"image\" title=\"her\u00f3i-pequeno\" onerror=\"this.style.display='none'\" loading='lazy' \/>\n<h1>\n\t\t\tMoradores\t<\/h1>\n\t<nav id=\"breadcrumbs\" aria-label=\"Migalhas de p\u00e3o\"><a href=\"https:\/\/www.miamibeachfl.gov\/pt\/\">Lar<\/a> &gt; <a href=\"https:\/\/www.miamibeachfl.gov\/pt\/city-hall\/\">Prefeitura<\/a> &gt; <a href=\"https:\/\/www.miamibeachfl.gov\/pt\/city-hall\/environmental-sustainability\/\">Meio Ambiente e Sustentabilidade<\/a> &gt; <a href=\"https:\/\/www.miamibeachfl.gov\/pt\/city-hall\/environmental-sustainability\/environmental-resources\/\">Recursos Ambientais<\/a> &gt; <a href=\"https:\/\/www.miamibeachfl.gov\/pt\/city-hall\/environmental-sustainability\/environmental-resources\/regulatory-compliance\/\">Conformidade regulat\u00f3ria<\/a> &gt; <strong>Moradores<\/strong><\/nav>\n\t<p><strong>AMBIENTAL \u2013 PARA MORADORES<\/strong><\/p>\n<p>A miss\u00e3o da Divis\u00e3o de Meio Ambiente e Sustentabilidade \u00e9 preservar, proteger, restaurar e aprimorar o meio ambiente da cidade de Miami Beach por meio da gest\u00e3o de programas de conformidade regulat\u00f3ria para os sistemas de \u00e1gua pot\u00e1vel e pluvial, tanques de armazenamento e instala\u00e7\u00f5es de manuten\u00e7\u00e3o da cidade; implementa\u00e7\u00e3o de programas de prote\u00e7\u00e3o de recursos naturais e programas de gest\u00e3o de recursos costeiros; projetos de restaura\u00e7\u00e3o de cursos d&#039;\u00e1gua e litoral; e por meio do desenvolvimento de projetos de restaura\u00e7\u00e3o de habitats, cria\u00e7\u00e3o de espa\u00e7os verdes urbanos e melhoria do acesso p\u00fablico. A qualidade de vida na cidade de Miami Beach est\u00e1 intimamente ligada ao nosso meio ambiente. A Divis\u00e3o de Gest\u00e3o de Recursos Ambientais de Miami Beach coordena rotineiramente com o Departamento de Gest\u00e3o de Recursos Ambientais (DERM) do Condado de Miami-Dade para manter os padr\u00f5es ambientais em toda a cidade. Para obter mais informa\u00e7\u00f5es sobre quaisquer problemas ou programas, ou para relatar outros problemas ambientais, entre em contato com a Divis\u00e3o de Meio Ambiente e Sustentabilidade da cidade de Miami Beach, localizada em:<\/p>\nDepartamento de Meio Ambiente e Sustentabilidade<br \/>\n1700 Convention Center Drive, 3\u00ba andar<br \/>\nMiami Beach, Fl\u00f3rida 33139<br \/>\nHor\u00e1rio: Segunda a sexta, das 8h30 \u00e0s 17h<br \/>\nTelefone: (305) 673-7084<br \/>\nE-mail:\u00a0<strong><a title=\"ypineda@miamibeachfl.gov\" href=\"mailto:environment_sustainability@miamibeachfl.gov\" target=\"_blank\" rel=\"noopener\">environment_sustainability@miamibeachfl.gov<\/a><\/strong>\n<p>Clique nas seguintes ag\u00eancias para saber mais:<\/p>\n<p><strong><em><a title=\"Departamento de Gest\u00e3o de Recursos Ambientais do Condado de Miami-Dade (DERM)\" href=\"http:\/\/www.miamidade.gov\/environment\/\">Departamento de Gest\u00e3o de Recursos Ambientais do Condado de Miami-Dade (DERM)<\/a><\/em><\/strong><\/p>\n<p><strong><em><a title=\"Departamento de Prote\u00e7\u00e3o Ambiental da Fl\u00f3rida (FDEP)\" href=\"https:\/\/floridadep.gov\/\">Departamento de Prote\u00e7\u00e3o Ambiental da Fl\u00f3rida (FDEP)<\/a><\/em><\/strong><\/p>\n<p><strong><em><a title=\"Comiss\u00e3o de Conserva\u00e7\u00e3o de Peixes e Vida Selvagem da Fl\u00f3rida (FWC)\" href=\"http:\/\/myfwc.com\/\">Comiss\u00e3o de Conserva\u00e7\u00e3o de Peixes e Vida Selvagem da Fl\u00f3rida (FWC)<\/a><\/em><\/strong><strong>\u00a0<\/strong><\/p>\n\t\tNavegar para\u2026\t\t\t\n\t\t\t\t\t<ul id=\"menu-environmental-regulatory-comp\"><li id=\"menu-item-362580\"><a href=\"\/pt\/city-hall\/environmental-sustainability\/environmental-resources\/regulatory-compliance\/permitting\/\">Divis\u00e3o Ambiental de Licenciamento<\/a><\/li>\n<li id=\"menu-item-362583\"><a href=\"\/pt\/city-hall\/environmental-sustainability\/environmental-resources\/regulatory-compliance\/for-residents\/\">Moradores<\/a><\/li>\n<li id=\"menu-item-362584\"><a href=\"\/pt\/city-hall\/environmental-sustainability\/environmental-resources\/regulatory-compliance\/water-quality-monitoring\/\">Monitoramento da Qualidade da \u00c1gua<\/a><\/li>\n<\/ul>\t\n\t<div class=\"page-navigation\"><a class=\"prev-page\" href=\"https:\/\/www.miamibeachfl.gov\/pt\/city-hall\/environmental-sustainability\/environmental-resources\/regulatory-compliance\/\">\u2190 Conformidade regulat\u00f3ria<\/a> <a class=\"next-page\" href=\"https:\/\/www.miamibeachfl.gov\/pt\/city-hall\/environmental-sustainability\/environmental-resources\/regulatory-compliance\/water-quality-monitoring\/\">Monitoramento da Qualidade da \u00c1gua \u2192<\/a><\/div>","protected":false},"excerpt":{"rendered":"<p>Moradores In\u00edcio &gt; Prefeitura &gt; Meio Ambiente e Sustentabilidade &gt; Recursos Ambientais &gt; Conformidade Regulat\u00f3ria &gt; Moradores AMBIENTAL \u2013 PARA [\u2026]<\/p>","protected":false},"author":222,"featured_media":0,"parent":28605,"menu_order":0,"comment_status":"closed","ping_status":"closed","template":"","meta":{"_searchwp_excluded":"","site-sidebar-layout":"default","site-content-layout":"","ast-site-content-layout":"default","site-content-style":"default","site-sidebar-style":"default","ast-global-header-display":"","ast-banner-title-visibility":"","ast-main-header-display":"","ast-hfb-above-header-display":"","ast-hfb-below-header-display":"","ast-hfb-mobile-header-display":"","site-post-title":"","ast-breadcrumbs-content":"","ast-featured-img":"","footer-sml-layout":"","theme-transparent-header-meta":"","adv-header-id-meta":"","stick-header-meta":"","header-above-stick-meta":"","header-main-stick-meta":"","header-below-stick-meta":"","astra-migrate-meta-layouts":"default","ast-page-background-enabled":"default","ast-page-background-meta":{"desktop":{"background-color":"var(--ast-global-color-5)","background-image":"","background-repeat":"repeat","background-position":"center center","background-size":"auto","background-attachment":"scroll","background-type":"","background-media":"","overlay-type":"","overlay-color":"","overlay-opacity":"","overlay-gradient":""},"tablet":{"background-color":"","background-image":"","background-repeat":"repeat","background-position":"center center","background-size":"auto","background-attachment":"scroll","background-type":"","background-media":"","overlay-type":"","overlay-color":"","overlay-opacity":"","overlay-gradient":""},"mobile":{"background-color":"","background-image":"","background-repeat":"repeat","background-position":"center center","background-size":"auto","background-attachment":"scroll","background-type":"","background-media":"","overlay-type":"","overlay-color":"","overlay-opacity":"","overlay-gradient":""}},"ast-content-background-meta":{"desktop":{"background-color":"var(--ast-global-color-4)","background-image":"","background-repeat":"repeat","background-position":"center center","background-size":"auto","background-attachment":"scroll","background-type":"","background-media":"","overlay-type":"","overlay-color":"","overlay-opacity":"","overlay-gradient":""},"tablet":{"background-color":"var(--ast-global-color-4)","background-image":"","background-repeat":"repeat","background-position":"center center","background-size":"auto","background-attachment":"scroll","background-type":"","background-media":"","overlay-type":"","overlay-color":"","overlay-opacity":"","overlay-gradient":""},"mobile":{"background-color":"var(--ast-global-color-4)","background-image":"","background-repeat":"repeat","background-position":"center center","background-size":"auto","background-attachment":"scroll","background-type":"","background-media":"","overlay-type":"","overlay-color":"","overlay-opacity":"","overlay-gradient":""}},"footnotes":""},"categories":[],"tags":[],"class_list":["post-28606","page","type-page","status-publish","hentry"],"yoast_head":"<!-- This site is optimized with the Yoast SEO Premium plugin v26.6 (Yoast SEO v26.6) - https:\/\/yoast.com\/wordpress\/plugins\/seo\/ -->\n<title>Residents - City of Miami Beach<\/title>\n<meta name=\"description\" content=\"%\" \/>\n<meta name=\"robots\" content=\"index, follow, max-snippet:-1, max-image-preview:large, max-video-preview:-1\" \/>\n<link rel=\"canonical\" href=\"https:\/\/www.miamibeachfl.gov\/pt\/city-hall\/environmental-sustainability\/environmental-resources\/regulatory-compliance\/for-residents\/\" \/>\n<meta property=\"og:locale\" content=\"pt_BR\" \/>\n<meta property=\"og:type\" content=\"article\" \/>\n<meta property=\"og:title\" content=\"Residents\" \/>\n<meta property=\"og:description\" content=\"%\" \/>\n<meta property=\"og:url\" content=\"https:\/\/www.miamibeachfl.gov\/pt\/city-hall\/environmental-sustainability\/environmental-resources\/regulatory-compliance\/for-residents\/\" \/>\n<meta property=\"og:site_name\" content=\"City of Miami Beach\" \/>\n<meta property=\"article:publisher\" content=\"https:\/\/www.facebook.com\/cityofmiamibeach\" \/>\n<meta property=\"article:modified_time\" content=\"2025-05-28T14:25:09+00:00\" \/>\n<meta property=\"og:image\" content=\"https:\/\/www.miamibeachfl.gov\/wp-content\/uploads\/2022\/07\/hero-small.jpg\" \/>\n<meta name=\"twitter:card\" content=\"summary_large_image\" \/>\n<meta name=\"twitter:site\" content=\"@Miamibeachnews\" \/>\n<script type=\"application\/ld+json\" class=\"yoast-schema-graph\">{\"@context\":\"https:\/\/schema.org\",\"@graph\":[{\"@type\":\"WebPage\",\"@id\":\"https:\/\/www.miamibeachfl.gov\/city-hall\/environmental-sustainability\/environmental-resources\/regulatory-compliance\/for-residents\/\",\"url\":\"https:\/\/www.miamibeachfl.gov\/city-hall\/environmental-sustainability\/environmental-resources\/regulatory-compliance\/for-residents\/\",\"name\":\"Residents - City of Miami Beach\",\"isPartOf\":{\"@id\":\"https:\/\/www.miamibeachfl.gov\/#website\"},\"primaryImageOfPage\":{\"@id\":\"https:\/\/www.miamibeachfl.gov\/city-hall\/environmental-sustainability\/environmental-resources\/regulatory-compliance\/for-residents\/#primaryimage\"},\"image\":{\"@id\":\"https:\/\/www.miamibeachfl.gov\/city-hall\/environmental-sustainability\/environmental-resources\/regulatory-compliance\/for-residents\/#primaryimage\"},\"thumbnailUrl\":\"https:\/\/www.miamibeachfl.gov\/wp-content\/uploads\/2022\/07\/hero-small.jpg\",\"datePublished\":\"2017-08-11T00:06:28+00:00\",\"dateModified\":\"2025-05-28T14:25:09+00:00\",\"description\":\"%\",\"breadcrumb\":{\"@id\":\"https:\/\/www.miamibeachfl.gov\/city-hall\/environmental-sustainability\/environmental-resources\/regulatory-compliance\/for-residents\/#breadcrumb\"},\"inLanguage\":\"pt-BR\",\"potentialAction\":[{\"@type\":\"ReadAction\",\"target\":[\"https:\/\/www.miamibeachfl.gov\/city-hall\/environmental-sustainability\/environmental-resources\/regulatory-compliance\/for-residents\/\"]}]},{\"@type\":\"ImageObject\",\"inLanguage\":\"pt-BR\",\"@id\":\"https:\/\/www.miamibeachfl.gov\/city-hall\/environmental-sustainability\/environmental-resources\/regulatory-compliance\/for-residents\/#primaryimage\",\"url\":\"https:\/\/www.miamibeachfl.gov\/wp-content\/uploads\/2022\/07\/hero-small.jpg\",\"contentUrl\":\"https:\/\/www.miamibeachfl.gov\/wp-content\/uploads\/2022\/07\/hero-small.jpg\"},{\"@type\":\"BreadcrumbList\",\"@id\":\"https:\/\/www.miamibeachfl.gov\/city-hall\/environmental-sustainability\/environmental-resources\/regulatory-compliance\/for-residents\/#breadcrumb\",\"itemListElement\":[{\"@type\":\"ListItem\",\"position\":1,\"name\":\"Home\",\"item\":\"https:\/\/www.miamibeachfl.gov\/\"},{\"@type\":\"ListItem\",\"position\":2,\"name\":\"City Hall\",\"item\":\"https:\/\/www.miamibeachfl.gov\/city-hall\/\"},{\"@type\":\"ListItem\",\"position\":3,\"name\":\"Environment &#038; Sustainability\",\"item\":\"https:\/\/www.miamibeachfl.gov\/city-hall\/environmental-sustainability\/\"},{\"@type\":\"ListItem\",\"position\":4,\"name\":\"Environmental Resources\",\"item\":\"https:\/\/www.miamibeachfl.gov\/city-hall\/environmental-sustainability\/environmental-resources\/\"},{\"@type\":\"ListItem\",\"position\":5,\"name\":\"Regulatory Compliance\",\"item\":\"https:\/\/www.miamibeachfl.gov\/city-hall\/environmental-sustainability\/environmental-resources\/regulatory-compliance\/\"},{\"@type\":\"ListItem\",\"position\":6,\"name\":\"Residents\"}]},{\"@type\":\"WebSite\",\"@id\":\"https:\/\/www.miamibeachfl.gov\/#website\",\"url\":\"https:\/\/www.miamibeachfl.gov\/\",\"name\":\"City of Miami Beach\",\"description\":\"The official website of the City of Miami Beach. Stay informed, find important information on city services, news, alerts, events, trolley routes, government employment and more.\",\"publisher\":{\"@id\":\"https:\/\/www.miamibeachfl.gov\/#organization\"},\"potentialAction\":[{\"@type\":\"SearchAction\",\"target\":{\"@type\":\"EntryPoint\",\"urlTemplate\":\"https:\/\/www.miamibeachfl.gov\/?s={search_term_string}\"},\"query-input\":{\"@type\":\"PropertyValueSpecification\",\"valueRequired\":true,\"valueName\":\"search_term_string\"}}],\"inLanguage\":\"pt-BR\"},{\"@type\":\"Organization\",\"@id\":\"https:\/\/www.miamibeachfl.gov\/#organization\",\"name\":\"City of Miami Beach\",\"url\":\"https:\/\/www.miamibeachfl.gov\/\",\"logo\":{\"@type\":\"ImageObject\",\"inLanguage\":\"pt-BR\",\"@id\":\"https:\/\/www.miamibeachfl.gov\/#\/schema\/logo\/image\/\",\"url\":\"https:\/\/www.miamibeachfl.gov\/wp-content\/uploads\/2022\/06\/miamibeach-logoblue.png\",\"contentUrl\":\"https:\/\/www.miamibeachfl.gov\/wp-content\/uploads\/2022\/06\/miamibeach-logoblue.png\",\"width\":1962,\"height\":381,\"caption\":\"City of Miami Beach\"},\"image\":{\"@id\":\"https:\/\/www.miamibeachfl.gov\/#\/schema\/logo\/image\/\"},\"sameAs\":[\"https:\/\/www.facebook.com\/cityofmiamibeach\",\"https:\/\/x.com\/Miamibeachnews\",\"https:\/\/www.instagram.com\/miamibeachnews\/\"],\"description\":\"The official website of the City of Miami Beach. Stay informed, find important information on city services, news, alerts, events, trolley routes, government employment and more.\",\"telephone\":\"305.604.CITY(2489)\",\"legalName\":\"City of Miami Beach\"}]}<\/script>\n<!-- \/ Yoast SEO Premium plugin. -->","yoast_head_json":{"title":"Moradores - Cidade de Miami Beach","description":"%","robots":{"index":"index","follow":"follow","max-snippet":"max-snippet:-1","max-image-preview":"max-image-preview:large","max-video-preview":"max-video-preview:-1"},"canonical":"https:\/\/www.miamibeachfl.gov\/pt\/city-hall\/environmental-sustainability\/environmental-resources\/regulatory-compliance\/for-residents\/","og_locale":"pt_BR","og_type":"article","og_title":"Residents","og_description":"%","og_url":"https:\/\/www.miamibeachfl.gov\/pt\/city-hall\/environmental-sustainability\/environmental-resources\/regulatory-compliance\/for-residents\/","og_site_name":"City of Miami Beach","article_publisher":"https:\/\/www.facebook.com\/cityofmiamibeach","article_modified_time":"2025-05-28T14:25:09+00:00","og_image":[{"url":"https:\/\/www.miamibeachfl.gov\/wp-content\/uploads\/2022\/07\/hero-small.jpg","type":"","width":"","height":""}],"twitter_card":"summary_large_image","twitter_site":"@Miamibeachnews","schema":{"@context":"https:\/\/schema.org","@graph":[{"@type":"WebPage","@id":"https:\/\/www.miamibeachfl.gov\/city-hall\/environmental-sustainability\/environmental-resources\/regulatory-compliance\/for-residents\/","url":"https:\/\/www.miamibeachfl.gov\/city-hall\/environmental-sustainability\/environmental-resources\/regulatory-compliance\/for-residents\/","name":"Moradores - Cidade de Miami Beach","isPartOf":{"@id":"https:\/\/www.miamibeachfl.gov\/#website"},"primaryImageOfPage":{"@id":"https:\/\/www.miamibeachfl.gov\/city-hall\/environmental-sustainability\/environmental-resources\/regulatory-compliance\/for-residents\/#primaryimage"},"image":{"@id":"https:\/\/www.miamibeachfl.gov\/city-hall\/environmental-sustainability\/environmental-resources\/regulatory-compliance\/for-residents\/#primaryimage"},"thumbnailUrl":"https:\/\/www.miamibeachfl.gov\/wp-content\/uploads\/2022\/07\/hero-small.jpg","datePublished":"2017-08-11T00:06:28+00:00","dateModified":"2025-05-28T14:25:09+00:00","description":"%","breadcrumb":{"@id":"https:\/\/www.miamibeachfl.gov\/city-hall\/environmental-sustainability\/environmental-resources\/regulatory-compliance\/for-residents\/#breadcrumb"},"inLanguage":"pt-BR","potentialAction":[{"@type":"ReadAction","target":["https:\/\/www.miamibeachfl.gov\/city-hall\/environmental-sustainability\/environmental-resources\/regulatory-compliance\/for-residents\/"]}]},{"@type":"ImageObject","inLanguage":"pt-BR","@id":"https:\/\/www.miamibeachfl.gov\/city-hall\/environmental-sustainability\/environmental-resources\/regulatory-compliance\/for-residents\/#primaryimage","url":"https:\/\/www.miamibeachfl.gov\/wp-content\/uploads\/2022\/07\/hero-small.jpg","contentUrl":"https:\/\/www.miamibeachfl.gov\/wp-content\/uploads\/2022\/07\/hero-small.jpg"},{"@type":"BreadcrumbList","@id":"https:\/\/www.miamibeachfl.gov\/city-hall\/environmental-sustainability\/environmental-resources\/regulatory-compliance\/for-residents\/#breadcrumb","itemListElement":[{"@type":"ListItem","position":1,"name":"Home","item":"https:\/\/www.miamibeachfl.gov\/"},{"@type":"ListItem","position":2,"name":"City Hall","item":"https:\/\/www.miamibeachfl.gov\/city-hall\/"},{"@type":"ListItem","position":3,"name":"Environment &#038; Sustainability","item":"https:\/\/www.miamibeachfl.gov\/city-hall\/environmental-sustainability\/"},{"@type":"ListItem","position":4,"name":"Environmental Resources","item":"https:\/\/www.miamibeachfl.gov\/city-hall\/environmental-sustainability\/environmental-resources\/"},{"@type":"ListItem","position":5,"name":"Regulatory Compliance","item":"https:\/\/www.miamibeachfl.gov\/city-hall\/environmental-sustainability\/environmental-resources\/regulatory-compliance\/"},{"@type":"ListItem","position":6,"name":"Residents"}]},{"@type":"WebSite","@id":"https:\/\/www.miamibeachfl.gov\/#website","url":"https:\/\/www.miamibeachfl.gov\/","name":"Cidade de Miami Beach","description":"Site oficial da cidade de Miami Beach. Mantenha-se informado e encontre informa\u00e7\u00f5es importantes sobre servi\u00e7os municipais, not\u00edcias, alertas, eventos, rotas de bonde, empregos p\u00fablicos e muito mais.","publisher":{"@id":"https:\/\/www.miamibeachfl.gov\/#organization"},"potentialAction":[{"@type":"SearchAction","target":{"@type":"EntryPoint","urlTemplate":"https:\/\/www.miamibeachfl.gov\/?s={search_term_string}"},"query-input":{"@type":"PropertyValueSpecification","valueRequired":true,"valueName":"search_term_string"}}],"inLanguage":"pt-BR"},{"@type":"Organization","@id":"https:\/\/www.miamibeachfl.gov\/#organization","name":"Cidade de Miami Beach","url":"https:\/\/www.miamibeachfl.gov\/","logo":{"@type":"ImageObject","inLanguage":"pt-BR","@id":"https:\/\/www.miamibeachfl.gov\/#\/schema\/logo\/image\/","url":"https:\/\/www.miamibeachfl.gov\/wp-content\/uploads\/2022\/06\/miamibeach-logoblue.png","contentUrl":"https:\/\/www.miamibeachfl.gov\/wp-content\/uploads\/2022\/06\/miamibeach-logoblue.png","width":1962,"height":381,"caption":"City of Miami Beach"},"image":{"@id":"https:\/\/www.miamibeachfl.gov\/#\/schema\/logo\/image\/"},"sameAs":["https:\/\/www.facebook.com\/cityofmiamibeach","https:\/\/x.com\/Miamibeachnews","https:\/\/www.instagram.com\/miamibeachnews\/"],"description":"Site oficial da cidade de Miami Beach. Mantenha-se informado e encontre informa\u00e7\u00f5es importantes sobre servi\u00e7os municipais, not\u00edcias, alertas, eventos, rotas de bonde, empregos p\u00fablicos e muito mais.","telephone":"305.604.CITY(2489)","legalName":"City of Miami Beach"}]}},"_links":{"self":[{"href":"https:\/\/www.miamibeachfl.gov\/pt\/wp-json\/wp\/v2\/pages\/28606","targetHints":{"allow":["GET"]}}],"collection":[{"href":"https:\/\/www.miamibeachfl.gov\/pt\/wp-json\/wp\/v2\/pages"}],"about":[{"href":"https:\/\/www.miamibeachfl.gov\/pt\/wp-json\/wp\/v2\/types\/page"}],"author":[{"embeddable":true,"href":"https:\/\/www.miamibeachfl.gov\/pt\/wp-json\/wp\/v2\/users\/222"}],"replies":[{"embeddable":true,"href":"https:\/\/www.miamibeachfl.gov\/pt\/wp-json\/wp\/v2\/comments?post=28606"}],"version-history":[{"count":0,"href":"https:\/\/www.miamibeachfl.gov\/pt\/wp-json\/wp\/v2\/pages\/28606\/revisions"}],"up":[{"embeddable":true,"href":"https:\/\/www.miamibeachfl.gov\/pt\/wp-json\/wp\/v2\/pages\/28605"}],"wp:attachment":[{"href":"https:\/\/www.miamibeachfl.gov\/pt\/wp-json\/wp\/v2\/media?parent=28606"}],"wp:term":[{"taxonomy":"category","embeddable":true,"href":"https:\/\/www.miamibeachfl.gov\/pt\/wp-json\/wp\/v2\/categories?post=28606"},{"taxonomy":"post_tag","embeddable":true,"href":"https:\/\/www.miamibeachfl.gov\/pt\/wp-json\/wp\/v2\/tags?post=28606"}],"curies":[{"name":"wp","href":"https:\/\/api.w.org\/{rel}","templated":true}]}}