{"id":28642,"date":"2017-08-11T00:06:55","date_gmt":"2017-08-11T00:06:55","guid":{"rendered":"http:\/\/www.miamibeachfl.gov\/city-hall\/human-resources\/"},"modified":"2025-12-18T17:20:51","modified_gmt":"2025-12-18T22:20:51","slug":"human-resources","status":"publish","type":"page","link":"https:\/\/www.miamibeachfl.gov\/pt\/city-hall\/human-resources\/","title":{"rendered":"Recursos Humanos"},"content":{"rendered":"<img decoding=\"async\" src=\"https:\/\/www.miamibeachfl.gov\/wp-content\/uploads\/2022\/07\/hero-small.jpg\" alt=\"ocean drive art deco buildings\" itemprop=\"image\" height=\"211\" width=\"2395\" title=\"her\u00f3i-pequeno\" onerror=\"this.style.display='none'\" loading=\"lazy\" \/>\n<h1>\n\t\t\tRecursos Humanos\t<\/h1>\n\t<nav id=\"breadcrumbs\" aria-label=\"Migalhas de p\u00e3o\"><a href=\"https:\/\/www.miamibeachfl.gov\/pt\/\">Lar<\/a> &gt; <a href=\"https:\/\/www.miamibeachfl.gov\/pt\/city-hall\/\">Prefeitura<\/a> &gt; <strong>Recursos Humanos<\/strong><\/nav>\n\t<p>O Departamento de Recursos Humanos da Cidade de Miami Beach \u00e9 respons\u00e1vel por todas as atividades relacionadas a pessoal e \u00e9 composto pelas seguintes \u00e1reas funcionais: Divis\u00e3o de Benef\u00edcios e Gest\u00e3o de Riscos, Recrutamento e Testes, Rela\u00e7\u00f5es Trabalhistas, Treinamento e Desenvolvimento e Remunera\u00e7\u00e3o. Para garantir um suporte de Recursos Humanos mais eficaz, que reflita nosso papel estrat\u00e9gico vital no crescimento e sucesso da Cidade de Miami Beach, estamos otimizando os processos de Recursos Humanos, utilizando tecnologias atualizadas, redefinindo fun\u00e7\u00f5es e esclarecendo e consolidando pol\u00edticas. Estamos comprometidos em proporcionar aos nossos funcion\u00e1rios um ambiente de trabalho est\u00e1vel e oportunidades iguais de aprendizado e crescimento pessoal. Os funcion\u00e1rios da Cidade de Miami Beach recebem o mesmo respeito, considera\u00e7\u00e3o e atitude atenciosa dentro da organiza\u00e7\u00e3o que se espera que compartilhem externamente com todos os usu\u00e1rios da cidade.<\/p>\n<strong>Miss\u00e3o<\/strong>:<br \/>\nEstamos comprometidos em tratar cada pessoa como um cliente valioso, ao mesmo tempo em que contribu\u00edmos positivamente para atingir os objetivos gerais da cidade de Miami Beach por meio de uma programa\u00e7\u00e3o abrangente que demonstra um profundo entendimento de todos os aspectos da profiss\u00e3o de recursos humanos, incluindo envolvimento proativo em \u00e1reas de conformidade legal e servi\u00e7o que demonstra um interesse genu\u00edno na vida dos outros.\n<p><a href=\"http:\/\/www.miamibeachfl.gov\/wp-content\/uploads\/2021\/06\/Work-plan.pdf\">Plano de trabalho<\/a><\/p>\n\t\t\t\t<img decoding=\"async\" src=\"https:\/\/www.miamibeachfl.gov\/wp-content\/uploads\/2021\/12\/6FCD5A94-E4F3-49F8-9232-996CB12FDD2D.jpeg\" alt=\"Maria Alpizar\" itemprop=\"image\" height=\"703\" width=\"750\" title=\"6FCD5A94-E4F3-49F8-9232-996CB12FDD2D\" onerror=\"this.style.display='none'\" loading=\"lazy\" \/>\n<h2>\n\t\t\tMarla Alpizar\t<\/h2>\n<h2>\n\t\t\tPrincipais links\t<\/h2>\n\t\t\t<a href=\"\/pt\/city-hall\/human-resources\/benefits\/\" target=\"_self\">\n\t\t\t\t\t\t\tBenef\u00edcios\n\t\t\t<\/a>\n\t\t\t<a href=\"\/pt\/city-hall\/human-resources\/city-employee-helpful-links\/\" target=\"_self\">\n\t\t\t\t\t\t\tLinks para funcion\u00e1rios da cidade\n\t\t\t<\/a>\n\t\t\t<a href=\"\/pt\/city-hall\/human-resources\/compensation\/\" target=\"_self\">\n\t\t\t\t\t\t\tCompensa\u00e7\u00e3o\n\t\t\t<\/a>\n\t\t\t<a href=\"\/pt\/city-hall\/human-resources\/employee-labor-relations\/\" target=\"_self\">\n\t\t\t\t\t\t\tRela\u00e7\u00f5es Trabalhistas e de Empregados\n\t\t\t<\/a>\n\t\t\t<a href=\"\/pt\/city-hall\/human-resources\/how-to-apply\/\" target=\"_self\">\n\t\t\t\t\t\t\tRecrutamento de RH\n\t\t\t<\/a>\n\t\t\t<a href=\"https:\/\/www.governmentjobs.com\/careers\/miamibeach\/promotionaljobs\" target=\"_self\">\n\t\t\t\t\t\t\tOportunidades Internas\n\t\t\t<\/a>\n\t\t\t<a href=\"https:\/\/www.governmentjobs.com\/careers\/miamibeach\/classspecs\" target=\"_blank\" rel=\"noopener\">\n\t\t\t\t\t\t\tDescri\u00e7\u00f5es de cargos\n\t\t\t<\/a>\n\t\t\t<a href=\"https:\/\/www.governmentjobs.com\/careers\/miamibeach\" target=\"_self\">\n\t\t\t\t\t\t\tOportunidades de emprego\n\t\t\t<\/a>\n\t\t\t<a href=\"\/pt\/city-hall\/human-resources\/risk-management\/\" target=\"_self\">\n\t\t\t\t\t\t\tGest\u00e3o de Riscos\n\t\t\t<\/a>\n<h2>\n\t\t\tDivis\u00f5es\t<\/h2>\n\t\t\t\t\t\t<h5> Divis\u00e3o de Compensa\u00e7\u00e3o<\/h5>\n\t\t\t<p>O <strong>Divis\u00e3o de Compensa\u00e7\u00e3o<\/strong> \u00e9 respons\u00e1vel por novas contrata\u00e7\u00f5es\/recontrata\u00e7\u00f5es, promo\u00e7\u00f5es, reclassifica\u00e7\u00f5es, transfer\u00eancias, ajustes de custo de vida (COLA), aumentos de m\u00e9rito, incentivos de pagamento de pr\u00eamios e subs\u00eddios da Se\u00e7\u00e3o 5, pagamentos diretos de reembolso de assist\u00eancia de ensino, aprova\u00e7\u00e3o de licen\u00e7a m\u00e9dica familiar, transfer\u00eancias de doa\u00e7\u00f5es de licen\u00e7a e todos os ajustes de licen\u00e7a e pagamento dentro de Recursos Humanos.<\/p>\n\t\t\t\t\t\t<h5>Divis\u00e3o de Rela\u00e7\u00f5es Trabalhistas e de Empregados<\/h5>\n\t\t\t<p>O <strong>Divis\u00e3o de Rela\u00e7\u00f5es com Funcion\u00e1rios<\/strong> implementa o processo disciplinar e fornece orienta\u00e7\u00e3o sobre quest\u00f5es disciplinares com o objetivo de corre\u00e7\u00e3o e melhoria do desempenho dos funcion\u00e1rios, supervisiona o processo aleat\u00f3rio de testes de drogas e \u00e1lcool, o processo de teste de suspeita razo\u00e1vel, a aptid\u00e3o para o trabalho e o processo de &quot;\u00faltima chance&quot; e \u00e9 respons\u00e1vel por responder a reivindica\u00e7\u00f5es de discrimina\u00e7\u00e3o de igualdade de oportunidades de emprego.<\/p>\n<p>A Divis\u00e3o de Rela\u00e7\u00f5es Trabalhistas se dedica \u00e0 aquisi\u00e7\u00e3o e troca de perspectivas, informa\u00e7\u00f5es e habilidades nas \u00e1reas de negocia\u00e7\u00e3o coletiva do setor p\u00fablico, gest\u00e3o trabalhista e rela\u00e7\u00f5es com funcion\u00e1rios.<\/p>\n\t\t\t\t\t\t<h5>Divis\u00e3o de Benef\u00edcios aos Funcion\u00e1rios<\/h5>\n\t\t\t<p>O <strong>Divis\u00e3o de Benef\u00edcios aos Funcion\u00e1rios<\/strong> gerencia os programas de benef\u00edcios para os funcion\u00e1rios ativos e aposentados da cidade, fornecendo oportunidades de inscri\u00e7\u00e3o aberta conforme necess\u00e1rio para garantir que todos os funcion\u00e1rios eleg\u00edveis e aposentados sejam informados sobre as op\u00e7\u00f5es de benef\u00edcios dispon\u00edveis para eles, respondendo a quaisquer perguntas sobre cobertura, pagamento do plano ou op\u00e7\u00f5es de aposentadoria, atuando como um elo entre o plano de benef\u00edcios do funcion\u00e1rio ou aposentado e a cidade para garantir que os programas de benef\u00edcios forne\u00e7am cobertura com custo-benef\u00edcio agregado.<\/p>\n\t\t\t\t\t\t<h5>Divis\u00e3o de Recrutamento, Testes e Auditoria<\/h5>\n\t\t\t<p>O\u00a0<strong>Divis\u00e3o de Recrutamento, Testes e Auditoria<\/strong>\u00a0\u00e9 o ponto de partida de qualquer carreira na cidade. Ele realiza triagem, testes de admiss\u00e3o e promo\u00e7\u00e3o, entrevistas e exames de antecedentes para potenciais funcion\u00e1rios.<\/p>\n\t\t\t\t\t\t<h5>Divis\u00e3o de Gest\u00e3o de Riscos<\/h5>\n\t\t\t<p>O<strong>\u00a0Divis\u00e3o de Gest\u00e3o de Riscos<\/strong>\u00a0gerencia um programa abrangente de seguro\/auto-seguro para proteger os ativos da cidade e fornecer benef\u00edcios aos seus funcion\u00e1rios, residentes e ao p\u00fablico em geral, com \u00eanfase principal na qualidade, custo e seguran\u00e7a<\/p>\n\t\t\t\t\t\t<h5>Divis\u00e3o de Treinamento e Desenvolvimento<\/h5>\n\t\t\t<p>O<strong>\u00a0Divis\u00e3o de Treinamento e Desenvolvimento<\/strong>\u00a0\u00e9 respons\u00e1vel pelo desenvolvimento, instru\u00e7\u00e3o, administra\u00e7\u00e3o, aconselhamento de funcion\u00e1rios, gest\u00e3o, pesquisa, planejamento, implementa\u00e7\u00e3o, monitoramento e avalia\u00e7\u00e3o de programas de treinamento variados.<\/p>\n<p>As responsabilidades desta Divis\u00e3o incluem consultar chefes de departamento e supervisores para determinar suas necessidades e prioridades de treinamento. Tamb\u00e9m avalia programas em andamento e recomenda treinamentos adicionais. Pode realizar avalia\u00e7\u00f5es de necessidades, planejar o desenvolvimento de novos programas, revisar programas existentes e manter contato com recursos educacionais, bem como com ag\u00eancias de treinamento do setor privado.<\/p>\n<p>Os membros da Divis\u00e3o trabalham na coordena\u00e7\u00e3o de programas de treinamento que atendem \u00e0s necessidades departamentais e de toda a cidade.<\/p>","protected":false},"excerpt":{"rendered":"<p><a href=\"tel:305.673.7524\" style=\"text-decoration:none; color:#004896;\"><br \/>\n    <i class=\"fa-solid fa-phone\"><\/i> 305.673.7524<\/a><\/p>","protected":false},"author":222,"featured_media":260860,"parent":28206,"menu_order":243,"comment_status":"closed","ping_status":"closed","template":"","meta":{"_searchwp_excluded":"","site-sidebar-layout":"default","site-content-layout":"","ast-site-content-layout":"default","site-content-style":"default","site-sidebar-style":"default","ast-global-header-display":"","ast-banner-title-visibility":"","ast-main-header-display":"","ast-hfb-above-header-display":"","ast-hfb-below-header-display":"","ast-hfb-mobile-header-display":"","site-post-title":"","ast-breadcrumbs-content":"","ast-featured-img":"","footer-sml-layout":"","theme-transparent-header-meta":"","adv-header-id-meta":"","stick-header-meta":"","header-above-stick-meta":"","header-main-stick-meta":"","header-below-stick-meta":"","astra-migrate-meta-layouts":"default","ast-page-background-enabled":"default","ast-page-background-meta":{"desktop":{"background-color":"var(--ast-global-color-5)","background-image":"","background-repeat":"repeat","background-position":"center center","background-size":"auto","background-attachment":"scroll","background-type":"","background-media":"","overlay-type":"","overlay-color":"","overlay-opacity":"","overlay-gradient":""},"tablet":{"background-color":"","background-image":"","background-repeat":"repeat","background-position":"center center","background-size":"auto","background-attachment":"scroll","background-type":"","background-media":"","overlay-type":"","overlay-color":"","overlay-opacity":"","overlay-gradient":""},"mobile":{"background-color":"","background-image":"","background-repeat":"repeat","background-position":"center center","background-size":"auto","background-attachment":"scroll","background-type":"","background-media":"","overlay-type":"","overlay-color":"","overlay-opacity":"","overlay-gradient":""}},"ast-content-background-meta":{"desktop":{"background-color":"var(--ast-global-color-4)","background-image":"","background-repeat":"repeat","background-position":"center center","background-size":"auto","background-attachment":"scroll","background-type":"","background-media":"","overlay-type":"","overlay-color":"","overlay-opacity":"","overlay-gradient":""},"tablet":{"background-color":"var(--ast-global-color-4)","background-image":"","background-repeat":"repeat","background-position":"center center","background-size":"auto","background-attachment":"scroll","background-type":"","background-media":"","overlay-type":"","overlay-color":"","overlay-opacity":"","overlay-gradient":""},"mobile":{"background-color":"var(--ast-global-color-4)","background-image":"","background-repeat":"repeat","background-position":"center center","background-size":"auto","background-attachment":"scroll","background-type":"","background-media":"","overlay-type":"","overlay-color":"","overlay-opacity":"","overlay-gradient":""}},"footnotes":""},"categories":[],"tags":[1731],"class_list":["post-28642","page","type-page","status-publish","has-post-thumbnail","hentry","tag-employee-related"],"yoast_head":"<!-- This site is optimized with the Yoast SEO Premium plugin v27.4 (Yoast SEO v27.4) - https:\/\/yoast.com\/product\/yoast-seo-premium-wordpress\/ -->\n<title>Human Resources - City of Miami Beach<\/title>\n<meta name=\"description\" content=\"The City of Miami Beach Human Resources Department manages benefits and risk management, recruitment and testing, labor and employee relations, training and development, and compensation.\" \/>\n<meta name=\"robots\" content=\"index, follow, max-snippet:-1, max-image-preview:large, max-video-preview:-1\" \/>\n<link rel=\"canonical\" href=\"https:\/\/www.miamibeachfl.gov\/pt\/city-hall\/human-resources\/\" \/>\n<meta property=\"og:locale\" content=\"pt_BR\" \/>\n<meta property=\"og:type\" content=\"article\" \/>\n<meta property=\"og:title\" content=\"Human Resources\" \/>\n<meta property=\"og:description\" content=\"The City of Miami Beach Human Resources Department manages benefits and risk management, recruitment and testing, labor and employee relations, training and development, and compensation.\" \/>\n<meta property=\"og:url\" content=\"https:\/\/www.miamibeachfl.gov\/pt\/city-hall\/human-resources\/\" \/>\n<meta property=\"og:site_name\" content=\"City of Miami Beach\" \/>\n<meta property=\"article:publisher\" content=\"https:\/\/www.facebook.com\/cityofmiamibeach\" \/>\n<meta property=\"article:modified_time\" content=\"2025-12-18T22:20:51+00:00\" \/>\n<meta property=\"og:image\" content=\"https:\/\/www.miamibeachfl.gov\/wp-content\/uploads\/2023\/05\/hr-applicants.jpg\" \/>\n\t<meta property=\"og:image:width\" content=\"300\" \/>\n\t<meta property=\"og:image:height\" content=\"300\" \/>\n\t<meta property=\"og:image:type\" content=\"image\/jpeg\" \/>\n<meta name=\"twitter:card\" content=\"summary_large_image\" \/>\n<meta name=\"twitter:site\" content=\"@Miamibeachnews\" \/>\n<script type=\"application\/ld+json\" class=\"yoast-schema-graph\">{\"@context\":\"https:\\\/\\\/schema.org\",\"@graph\":[{\"@type\":\"WebPage\",\"@id\":\"https:\\\/\\\/www.miamibeachfl.gov\\\/city-hall\\\/human-resources\\\/\",\"url\":\"https:\\\/\\\/www.miamibeachfl.gov\\\/city-hall\\\/human-resources\\\/\",\"name\":\"Human Resources - City of Miami Beach\",\"isPartOf\":{\"@id\":\"https:\\\/\\\/www.miamibeachfl.gov\\\/#website\"},\"primaryImageOfPage\":{\"@id\":\"https:\\\/\\\/www.miamibeachfl.gov\\\/city-hall\\\/human-resources\\\/#primaryimage\"},\"image\":{\"@id\":\"https:\\\/\\\/www.miamibeachfl.gov\\\/city-hall\\\/human-resources\\\/#primaryimage\"},\"thumbnailUrl\":\"https:\\\/\\\/www.miamibeachfl.gov\\\/wp-content\\\/uploads\\\/2023\\\/05\\\/hr-applicants.jpg\",\"datePublished\":\"2017-08-11T00:06:55+00:00\",\"dateModified\":\"2025-12-18T22:20:51+00:00\",\"description\":\"The City of Miami Beach Human Resources Department manages benefits and risk management, recruitment and testing, labor and employee relations, training and development, and compensation.\",\"breadcrumb\":{\"@id\":\"https:\\\/\\\/www.miamibeachfl.gov\\\/city-hall\\\/human-resources\\\/#breadcrumb\"},\"inLanguage\":\"pt-BR\",\"potentialAction\":[{\"@type\":\"ReadAction\",\"target\":[\"https:\\\/\\\/www.miamibeachfl.gov\\\/city-hall\\\/human-resources\\\/\"]}]},{\"@type\":\"ImageObject\",\"inLanguage\":\"pt-BR\",\"@id\":\"https:\\\/\\\/www.miamibeachfl.gov\\\/city-hall\\\/human-resources\\\/#primaryimage\",\"url\":\"https:\\\/\\\/www.miamibeachfl.gov\\\/wp-content\\\/uploads\\\/2023\\\/05\\\/hr-applicants.jpg\",\"contentUrl\":\"https:\\\/\\\/www.miamibeachfl.gov\\\/wp-content\\\/uploads\\\/2023\\\/05\\\/hr-applicants.jpg\",\"width\":300,\"height\":300,\"caption\":\"job applicants\"},{\"@type\":\"BreadcrumbList\",\"@id\":\"https:\\\/\\\/www.miamibeachfl.gov\\\/city-hall\\\/human-resources\\\/#breadcrumb\",\"itemListElement\":[{\"@type\":\"ListItem\",\"position\":1,\"name\":\"Home\",\"item\":\"https:\\\/\\\/www.miamibeachfl.gov\\\/\"},{\"@type\":\"ListItem\",\"position\":2,\"name\":\"City Hall\",\"item\":\"https:\\\/\\\/www.miamibeachfl.gov\\\/city-hall\\\/\"},{\"@type\":\"ListItem\",\"position\":3,\"name\":\"Human Resources\"}]},{\"@type\":\"WebSite\",\"@id\":\"https:\\\/\\\/www.miamibeachfl.gov\\\/#website\",\"url\":\"https:\\\/\\\/www.miamibeachfl.gov\\\/\",\"name\":\"City of Miami Beach\",\"description\":\"The official website of the City of Miami Beach. Stay informed, find important information on city services, news, alerts, events, trolley routes, government employment and more.\",\"publisher\":{\"@id\":\"https:\\\/\\\/www.miamibeachfl.gov\\\/#organization\"},\"potentialAction\":[{\"@type\":\"SearchAction\",\"target\":{\"@type\":\"EntryPoint\",\"urlTemplate\":\"https:\\\/\\\/www.miamibeachfl.gov\\\/?s={search_term_string}\"},\"query-input\":{\"@type\":\"PropertyValueSpecification\",\"valueRequired\":true,\"valueName\":\"search_term_string\"}}],\"inLanguage\":\"pt-BR\"},{\"@type\":\"Organization\",\"@id\":\"https:\\\/\\\/www.miamibeachfl.gov\\\/#organization\",\"name\":\"City of Miami Beach\",\"url\":\"https:\\\/\\\/www.miamibeachfl.gov\\\/\",\"logo\":{\"@type\":\"ImageObject\",\"inLanguage\":\"pt-BR\",\"@id\":\"https:\\\/\\\/www.miamibeachfl.gov\\\/#\\\/schema\\\/logo\\\/image\\\/\",\"url\":\"https:\\\/\\\/www.miamibeachfl.gov\\\/wp-content\\\/uploads\\\/2022\\\/06\\\/miamibeach-logoblue.png\",\"contentUrl\":\"https:\\\/\\\/www.miamibeachfl.gov\\\/wp-content\\\/uploads\\\/2022\\\/06\\\/miamibeach-logoblue.png\",\"width\":1962,\"height\":381,\"caption\":\"City of Miami Beach\"},\"image\":{\"@id\":\"https:\\\/\\\/www.miamibeachfl.gov\\\/#\\\/schema\\\/logo\\\/image\\\/\"},\"sameAs\":[\"https:\\\/\\\/www.facebook.com\\\/cityofmiamibeach\",\"https:\\\/\\\/x.com\\\/Miamibeachnews\",\"https:\\\/\\\/www.instagram.com\\\/miamibeachnews\\\/\"],\"description\":\"The official website of the City of Miami Beach. Stay informed, find important information on city services, news, alerts, events, trolley routes, government employment and more.\",\"telephone\":\"305.604.CITY(2489)\",\"legalName\":\"City of Miami Beach\"}]}<\/script>\n<!-- \/ Yoast SEO Premium plugin. -->","yoast_head_json":{"title":"Recursos Humanos - Cidade de Miami Beach","description":"O Departamento de Recursos Humanos da Cidade de Miami Beach gerencia benef\u00edcios e gerenciamento de riscos, recrutamento e testes, rela\u00e7\u00f5es trabalhistas e com funcion\u00e1rios, treinamento e desenvolvimento e remunera\u00e7\u00e3o.","robots":{"index":"index","follow":"follow","max-snippet":"max-snippet:-1","max-image-preview":"max-image-preview:large","max-video-preview":"max-video-preview:-1"},"canonical":"https:\/\/www.miamibeachfl.gov\/pt\/city-hall\/human-resources\/","og_locale":"pt_BR","og_type":"article","og_title":"Human Resources","og_description":"The City of Miami Beach Human Resources Department manages benefits and risk management, recruitment and testing, labor and employee relations, training and development, and compensation.","og_url":"https:\/\/www.miamibeachfl.gov\/pt\/city-hall\/human-resources\/","og_site_name":"City of Miami Beach","article_publisher":"https:\/\/www.facebook.com\/cityofmiamibeach","article_modified_time":"2025-12-18T22:20:51+00:00","og_image":[{"width":300,"height":300,"url":"https:\/\/www.miamibeachfl.gov\/wp-content\/uploads\/2023\/05\/hr-applicants.jpg","type":"image\/jpeg"}],"twitter_card":"summary_large_image","twitter_site":"@Miamibeachnews","schema":{"@context":"https:\/\/schema.org","@graph":[{"@type":"WebPage","@id":"https:\/\/www.miamibeachfl.gov\/city-hall\/human-resources\/","url":"https:\/\/www.miamibeachfl.gov\/city-hall\/human-resources\/","name":"Recursos Humanos - Cidade de Miami Beach","isPartOf":{"@id":"https:\/\/www.miamibeachfl.gov\/#website"},"primaryImageOfPage":{"@id":"https:\/\/www.miamibeachfl.gov\/city-hall\/human-resources\/#primaryimage"},"image":{"@id":"https:\/\/www.miamibeachfl.gov\/city-hall\/human-resources\/#primaryimage"},"thumbnailUrl":"https:\/\/www.miamibeachfl.gov\/wp-content\/uploads\/2023\/05\/hr-applicants.jpg","datePublished":"2017-08-11T00:06:55+00:00","dateModified":"2025-12-18T22:20:51+00:00","description":"O Departamento de Recursos Humanos da Cidade de Miami Beach gerencia benef\u00edcios e gerenciamento de riscos, recrutamento e testes, rela\u00e7\u00f5es trabalhistas e com funcion\u00e1rios, treinamento e desenvolvimento e remunera\u00e7\u00e3o.","breadcrumb":{"@id":"https:\/\/www.miamibeachfl.gov\/city-hall\/human-resources\/#breadcrumb"},"inLanguage":"pt-BR","potentialAction":[{"@type":"ReadAction","target":["https:\/\/www.miamibeachfl.gov\/city-hall\/human-resources\/"]}]},{"@type":"ImageObject","inLanguage":"pt-BR","@id":"https:\/\/www.miamibeachfl.gov\/city-hall\/human-resources\/#primaryimage","url":"https:\/\/www.miamibeachfl.gov\/wp-content\/uploads\/2023\/05\/hr-applicants.jpg","contentUrl":"https:\/\/www.miamibeachfl.gov\/wp-content\/uploads\/2023\/05\/hr-applicants.jpg","width":300,"height":300,"caption":"job applicants"},{"@type":"BreadcrumbList","@id":"https:\/\/www.miamibeachfl.gov\/city-hall\/human-resources\/#breadcrumb","itemListElement":[{"@type":"ListItem","position":1,"name":"Home","item":"https:\/\/www.miamibeachfl.gov\/"},{"@type":"ListItem","position":2,"name":"City Hall","item":"https:\/\/www.miamibeachfl.gov\/city-hall\/"},{"@type":"ListItem","position":3,"name":"Human Resources"}]},{"@type":"WebSite","@id":"https:\/\/www.miamibeachfl.gov\/#website","url":"https:\/\/www.miamibeachfl.gov\/","name":"Cidade de Miami Beach","description":"Site oficial da cidade de Miami Beach. Mantenha-se informado e encontre informa\u00e7\u00f5es importantes sobre servi\u00e7os municipais, not\u00edcias, alertas, eventos, rotas de bonde, empregos p\u00fablicos e muito mais.","publisher":{"@id":"https:\/\/www.miamibeachfl.gov\/#organization"},"potentialAction":[{"@type":"SearchAction","target":{"@type":"EntryPoint","urlTemplate":"https:\/\/www.miamibeachfl.gov\/?s={search_term_string}"},"query-input":{"@type":"PropertyValueSpecification","valueRequired":true,"valueName":"search_term_string"}}],"inLanguage":"pt-BR"},{"@type":"Organization","@id":"https:\/\/www.miamibeachfl.gov\/#organization","name":"Cidade de Miami Beach","url":"https:\/\/www.miamibeachfl.gov\/","logo":{"@type":"ImageObject","inLanguage":"pt-BR","@id":"https:\/\/www.miamibeachfl.gov\/#\/schema\/logo\/image\/","url":"https:\/\/www.miamibeachfl.gov\/wp-content\/uploads\/2022\/06\/miamibeach-logoblue.png","contentUrl":"https:\/\/www.miamibeachfl.gov\/wp-content\/uploads\/2022\/06\/miamibeach-logoblue.png","width":1962,"height":381,"caption":"City of Miami Beach"},"image":{"@id":"https:\/\/www.miamibeachfl.gov\/#\/schema\/logo\/image\/"},"sameAs":["https:\/\/www.facebook.com\/cityofmiamibeach","https:\/\/x.com\/Miamibeachnews","https:\/\/www.instagram.com\/miamibeachnews\/"],"description":"Site oficial da cidade de Miami Beach. Mantenha-se informado e encontre informa\u00e7\u00f5es importantes sobre servi\u00e7os municipais, not\u00edcias, alertas, eventos, rotas de bonde, empregos p\u00fablicos e muito mais.","telephone":"305.604.CITY(2489)","legalName":"City of Miami Beach"}]}},"_links":{"self":[{"href":"https:\/\/www.miamibeachfl.gov\/pt\/wp-json\/wp\/v2\/pages\/28642","targetHints":{"allow":["GET"]}}],"collection":[{"href":"https:\/\/www.miamibeachfl.gov\/pt\/wp-json\/wp\/v2\/pages"}],"about":[{"href":"https:\/\/www.miamibeachfl.gov\/pt\/wp-json\/wp\/v2\/types\/page"}],"author":[{"embeddable":true,"href":"https:\/\/www.miamibeachfl.gov\/pt\/wp-json\/wp\/v2\/users\/222"}],"replies":[{"embeddable":true,"href":"https:\/\/www.miamibeachfl.gov\/pt\/wp-json\/wp\/v2\/comments?post=28642"}],"version-history":[{"count":3,"href":"https:\/\/www.miamibeachfl.gov\/pt\/wp-json\/wp\/v2\/pages\/28642\/revisions"}],"predecessor-version":[{"id":393584,"href":"https:\/\/www.miamibeachfl.gov\/pt\/wp-json\/wp\/v2\/pages\/28642\/revisions\/393584"}],"up":[{"embeddable":true,"href":"https:\/\/www.miamibeachfl.gov\/pt\/wp-json\/wp\/v2\/pages\/28206"}],"wp:featuredmedia":[{"embeddable":true,"href":"https:\/\/www.miamibeachfl.gov\/pt\/wp-json\/wp\/v2\/media\/260860"}],"wp:attachment":[{"href":"https:\/\/www.miamibeachfl.gov\/pt\/wp-json\/wp\/v2\/media?parent=28642"}],"wp:term":[{"taxonomy":"category","embeddable":true,"href":"https:\/\/www.miamibeachfl.gov\/pt\/wp-json\/wp\/v2\/categories?post=28642"},{"taxonomy":"post_tag","embeddable":true,"href":"https:\/\/www.miamibeachfl.gov\/pt\/wp-json\/wp\/v2\/tags?post=28642"}],"curies":[{"name":"wp","href":"https:\/\/api.w.org\/{rel}","templated":true}]}}