{"id":28653,"date":"2017-08-11T00:07:04","date_gmt":"2017-08-11T00:07:04","guid":{"rendered":"http:\/\/www.miamibeachfl.gov\/city-hall\/human-resources\/benefits-compensation\/benefit-program\/health-plans\/"},"modified":"2026-03-02T16:27:14","modified_gmt":"2026-03-02T21:27:14","slug":"health-dental-plans","status":"publish","type":"page","link":"https:\/\/www.miamibeachfl.gov\/pt\/city-hall\/human-resources\/benefits\/benefit-summary\/health-dental-plans\/","title":{"rendered":"Planos de Sa\u00fade e Odontol\u00f3gicos"},"content":{"rendered":"<img decoding=\"async\" src=\"https:\/\/www.miamibeachfl.gov\/wp-content\/uploads\/2022\/07\/hero-small.jpg\" alt=\"ocean drive art deco buildings\" itemprop=\"image\" height=\"211\" width=\"2395\" title=\"her\u00f3i-pequeno\" onerror=\"this.style.display='none'\" loading=\"lazy\" \/>\n<h1>\n\t\t\tPlanos de Sa\u00fade e Odontol\u00f3gicos\t<\/h1>\n\t<nav id=\"breadcrumbs\" aria-label=\"Migalhas de p\u00e3o\"><a href=\"https:\/\/www.miamibeachfl.gov\/pt\/\">Lar<\/a> &gt; <a href=\"https:\/\/www.miamibeachfl.gov\/pt\/city-hall\/\">Prefeitura<\/a> &gt; <a href=\"https:\/\/www.miamibeachfl.gov\/pt\/city-hall\/human-resources\/\">Recursos Humanos<\/a> &gt; <a href=\"https:\/\/www.miamibeachfl.gov\/pt\/city-hall\/human-resources\/benefits\/\">Benef\u00edcios<\/a> &gt; <a href=\"https:\/\/www.miamibeachfl.gov\/pt\/city-hall\/human-resources\/benefits\/benefit-summary\/\">Links r\u00e1pidos para benef\u00edcios de funcion\u00e1rios<\/a> &gt; <strong>Planos de Sa\u00fade e Odontol\u00f3gicos<\/strong><\/nav>\n\t<b>BENEF\u00cdCIO M\u00c9DICO E DE PRESCRI\u00c7\u00c3O<br \/>\n<\/b>Administrado por <b>Cigna<\/b><br \/>\nAtendimento ao cliente: 1-800-244-6224<br \/>\nSite: <a title=\"www.cigna.com\" href=\"http:\/\/www.cigna.com\" target=\"_blank\" rel=\"noopener noreferrer\">www.cigna.com<\/a><br \/>\nNome da rede: Open Access Plus, OA plus, Choice Fund OA Plus<br \/>\nAplicativo m\u00f3vel: myCigna\n<strong>Descri\u00e7\u00f5es resumidas do plano m\u00e9dico Cigna (SPD&#039;s)<\/strong><br \/>\n<a href=\"http:\/\/www.miamibeachfl.gov\/wp-content\/uploads\/2021\/06\/City-of-Miami-Beach_OAPIN-2019.pdf\">Open Access Plus (somente na rede)<\/a><br \/>\n<a href=\"http:\/\/www.miamibeachfl.gov\/wp-content\/uploads\/2021\/06\/City-of-Miami-Beach_OAP-HDHPQ-2019.pdf\">HDHP de acesso aberto<\/a><br \/>\n<a href=\"http:\/\/www.miamibeachfl.gov\/wp-content\/uploads\/2021\/06\/City-of-Miami-Beach_OAP-Blended-2019.pdf\">PPO de acesso aberto<\/a>\n<b>Resumo de Benef\u00edcios e Cobertura (SBC&#039;s)<br \/>\n<\/b><a href=\"http:\/\/www.miamibeachfl.gov\/wp-content\/uploads\/2021\/09\/SBC-OAIS_10.01.2021_City-of-Miami-Beach_3340006.pdf\">Acesso Aberto em Rede<\/a><br \/>\n<a href=\"http:\/\/www.miamibeachfl.gov\/wp-content\/uploads\/2021\/09\/SBC-HDHPQ-Plan_10.01.2021_City-of-Miami-Beach_3340006.pdf\">HDHPQ de acesso aberto <\/a><br \/>\n<a href=\"http:\/\/www.miamibeachfl.gov\/wp-content\/uploads\/2021\/09\/SBC-OAPB_10.01.2021_City-of-Miami-Beach_3340006.pdf\">Mistura de Acesso Aberto Plus<\/a>\n<strong>BENEF\u00cdCIOS DENT\u00c1RIOS <\/strong><br \/>\nAdministrado por<strong> Cigna<\/strong><br \/>\nAtendimento ao cliente: 1.800.244.6224<br \/>\nSite: <a href=\"http:\/\/www.cigna.com\">www.cigna.com<\/a><br \/>\nAplicativo m\u00f3vel: MyCigna\n<strong>Descri\u00e7\u00f5es do Plano Resumido Cigna Dental (SPD&#039;s)<\/strong><br \/>\n<a href=\"http:\/\/www.miamibeachfl.gov\/wp-content\/uploads\/2021\/06\/City-of-Miami-Beach_Dental-Preferred-2019.pdf\">DPPO<\/a><br \/>\n<a href=\"http:\/\/www.miamibeachfl.gov\/wp-content\/uploads\/2021\/06\/City-of-Miami-Beach_Dental-Care-2019.pdf\">DHMO<\/a>\n<strong>Resumos do Plano Odontol\u00f3gico Cigna (SBC&#039;S)<\/strong><br \/>\n<a href=\"http:\/\/www.miamibeachfl.gov\/wp-content\/uploads\/2021\/06\/84171145.Ben-Sum-DPPO_10.01.2020_City-of-Miami-Beach_3340006-SBC-Cigna-Dental-PPO-1.pdf\">DPPO<\/a><br \/>\n<a href=\"http:\/\/www.miamibeachfl.gov\/wp-content\/uploads\/2018\/08\/DHMO-Patient-Charge-Schedule.pdf\">DHMO<\/a>\n\t\tNavegar para\u2026\t\t\t\n\t\t\t\t\t<ul id=\"menu-hr-employee-benefits-quicklinks\"><li id=\"menu-item-362888\"><a href=\"\/pt\/city-hall\/human-resources\/benefits\/benefit-summary\/employee-benefits-contact-info\/\">Op\u00e7\u00f5es de Benef\u00edcios Adicionais<\/a><\/li>\n<li id=\"menu-item-362889\"><a href=\"\/pt\/city-hall\/human-resources\/benefits\/benefit-summary\/employee-benefit-program\/\">Programa de Benef\u00edcios<\/a><\/li>\n<li id=\"menu-item-362890\"><a href=\"\/pt\/city-hall\/human-resources\/benefits\/benefit-summary\/cobra\/\">COBRA<\/a><\/li>\n<li id=\"menu-item-362892\"><a href=\"\/pt\/city-hall\/human-resources\/benefits\/benefit-summary\/employee-assistance-and-worklife-plan\/\">EAP<\/a><\/li>\n<li id=\"menu-item-362893\"><a href=\"\/pt\/city-hall\/human-resources\/benefits\/benefit-summary\/forms\/\">Formul\u00e1rios<\/a><\/li>\n<li id=\"menu-item-362894\"><a href=\"\/pt\/city-hall\/human-resources\/benefits\/benefit-summary\/frequently-asked-questions\/\">Perguntas frequentes<\/a><\/li>\n<li id=\"menu-item-362895\"><a href=\"\/pt\/city-hall\/human-resources\/benefits\/benefit-summary\/health-dental-plans\/\">Planos de Sa\u00fade e Odontol\u00f3gicos<\/a><\/li>\n<li id=\"menu-item-362897\"><a href=\"\/pt\/city-hall\/human-resources\/benefits\/benefit-summary\/retirement-planning\/\">Planejamento de aposentadoria<\/a><\/li>\n<li id=\"menu-item-362898\"><a href=\"\/pt\/city-hall\/human-resources\/benefits\/benefit-summary\/wellness-program\/\">Programa de Bem-Estar<\/a><\/li>\n<\/ul>\t\n\t<div class=\"page-navigation\"><a class=\"prev-page\" href=\"https:\/\/www.miamibeachfl.gov\/pt\/city-hall\/human-resources\/benefits\/benefit-summary\/retirement-planning\/\">\u2190 Planejamento de aposentadoria<\/a> <a class=\"next-page\" href=\"https:\/\/www.miamibeachfl.gov\/pt\/city-hall\/human-resources\/benefits\/benefit-summary\/forms\/\">Formul\u00e1rios de Benef\u00edcios para Funcion\u00e1rios \u2192<\/a><\/div>","protected":false},"excerpt":{"rendered":"<p>Health And Dental Plans Home &gt; City Hall &gt; Human Resources &gt; Benefits &gt; Employee Benefits Quicklinks &gt; Health And [&hellip;]<\/p>\n","protected":false},"author":222,"featured_media":0,"parent":46767,"menu_order":0,"comment_status":"closed","ping_status":"closed","template":"","meta":{"_searchwp_excluded":"","site-sidebar-layout":"default","site-content-layout":"","ast-site-content-layout":"default","site-content-style":"default","site-sidebar-style":"default","ast-global-header-display":"","ast-banner-title-visibility":"","ast-main-header-display":"","ast-hfb-above-header-display":"","ast-hfb-below-header-display":"","ast-hfb-mobile-header-display":"","site-post-title":"","ast-breadcrumbs-content":"","ast-featured-img":"","footer-sml-layout":"","theme-transparent-header-meta":"","adv-header-id-meta":"","stick-header-meta":"","header-above-stick-meta":"","header-main-stick-meta":"","header-below-stick-meta":"","astra-migrate-meta-layouts":"default","ast-page-background-enabled":"default","ast-page-background-meta":{"desktop":{"background-color":"var(--ast-global-color-5)","background-image":"","background-repeat":"repeat","background-position":"center center","background-size":"auto","background-attachment":"scroll","background-type":"","background-media":"","overlay-type":"","overlay-color":"","overlay-opacity":"","overlay-gradient":""},"tablet":{"background-color":"","background-image":"","background-repeat":"repeat","background-position":"center center","background-size":"auto","background-attachment":"scroll","background-type":"","background-media":"","overlay-type":"","overlay-color":"","overlay-opacity":"","overlay-gradient":""},"mobile":{"background-color":"","background-image":"","background-repeat":"repeat","background-position":"center center","background-size":"auto","background-attachment":"scroll","background-type":"","background-media":"","overlay-type":"","overlay-color":"","overlay-opacity":"","overlay-gradient":""}},"ast-content-background-meta":{"desktop":{"background-color":"var(--ast-global-color-4)","background-image":"","background-repeat":"repeat","background-position":"center center","background-size":"auto","background-attachment":"scroll","background-type":"","background-media":"","overlay-type":"","overlay-color":"","overlay-opacity":"","overlay-gradient":""},"tablet":{"background-color":"var(--ast-global-color-4)","background-image":"","background-repeat":"repeat","background-position":"center center","background-size":"auto","background-attachment":"scroll","background-type":"","background-media":"","overlay-type":"","overlay-color":"","overlay-opacity":"","overlay-gradient":""},"mobile":{"background-color":"var(--ast-global-color-4)","background-image":"","background-repeat":"repeat","background-position":"center center","background-size":"auto","background-attachment":"scroll","background-type":"","background-media":"","overlay-type":"","overlay-color":"","overlay-opacity":"","overlay-gradient":""}},"footnotes":""},"categories":[],"tags":[],"class_list":["post-28653","page","type-page","status-publish","hentry"],"yoast_head":"<!-- This site is optimized with the Yoast SEO Premium plugin v27.4 (Yoast SEO v27.4) - https:\/\/yoast.com\/product\/yoast-seo-premium-wordpress\/ -->\n<title>Health And Dental Plans - City of Miami Beach<\/title>\n<meta name=\"description\" content=\"%\" \/>\n<meta name=\"robots\" content=\"index, follow, max-snippet:-1, max-image-preview:large, max-video-preview:-1\" \/>\n<link rel=\"canonical\" href=\"https:\/\/www.miamibeachfl.gov\/pt\/city-hall\/human-resources\/benefits\/benefit-summary\/health-dental-plans\/\" \/>\n<meta property=\"og:locale\" content=\"pt_BR\" \/>\n<meta property=\"og:type\" content=\"article\" \/>\n<meta property=\"og:title\" content=\"Health And Dental Plans\" \/>\n<meta property=\"og:description\" content=\"%\" \/>\n<meta property=\"og:url\" content=\"https:\/\/www.miamibeachfl.gov\/pt\/city-hall\/human-resources\/benefits\/benefit-summary\/health-dental-plans\/\" \/>\n<meta property=\"og:site_name\" content=\"City of Miami Beach\" \/>\n<meta property=\"article:publisher\" content=\"https:\/\/www.facebook.com\/cityofmiamibeach\" \/>\n<meta property=\"article:modified_time\" content=\"2026-03-02T21:27:14+00:00\" \/>\n<meta property=\"og:image\" content=\"https:\/\/www.miamibeachfl.gov\/wp-content\/uploads\/2022\/07\/hero-small.jpg\" \/>\n<meta name=\"twitter:card\" content=\"summary_large_image\" \/>\n<meta name=\"twitter:site\" content=\"@Miamibeachnews\" \/>\n<script type=\"application\/ld+json\" class=\"yoast-schema-graph\">{\"@context\":\"https:\\\/\\\/schema.org\",\"@graph\":[{\"@type\":\"WebPage\",\"@id\":\"https:\\\/\\\/www.miamibeachfl.gov\\\/city-hall\\\/human-resources\\\/benefits\\\/benefit-summary\\\/health-dental-plans\\\/\",\"url\":\"https:\\\/\\\/www.miamibeachfl.gov\\\/city-hall\\\/human-resources\\\/benefits\\\/benefit-summary\\\/health-dental-plans\\\/\",\"name\":\"Health And Dental Plans - City of Miami Beach\",\"isPartOf\":{\"@id\":\"https:\\\/\\\/www.miamibeachfl.gov\\\/#website\"},\"primaryImageOfPage\":{\"@id\":\"https:\\\/\\\/www.miamibeachfl.gov\\\/city-hall\\\/human-resources\\\/benefits\\\/benefit-summary\\\/health-dental-plans\\\/#primaryimage\"},\"image\":{\"@id\":\"https:\\\/\\\/www.miamibeachfl.gov\\\/city-hall\\\/human-resources\\\/benefits\\\/benefit-summary\\\/health-dental-plans\\\/#primaryimage\"},\"thumbnailUrl\":\"https:\\\/\\\/www.miamibeachfl.gov\\\/wp-content\\\/uploads\\\/2022\\\/07\\\/hero-small.jpg\",\"datePublished\":\"2017-08-11T00:07:04+00:00\",\"dateModified\":\"2026-03-02T21:27:14+00:00\",\"description\":\"%\",\"breadcrumb\":{\"@id\":\"https:\\\/\\\/www.miamibeachfl.gov\\\/city-hall\\\/human-resources\\\/benefits\\\/benefit-summary\\\/health-dental-plans\\\/#breadcrumb\"},\"inLanguage\":\"pt-BR\",\"potentialAction\":[{\"@type\":\"ReadAction\",\"target\":[\"https:\\\/\\\/www.miamibeachfl.gov\\\/city-hall\\\/human-resources\\\/benefits\\\/benefit-summary\\\/health-dental-plans\\\/\"]}]},{\"@type\":\"ImageObject\",\"inLanguage\":\"pt-BR\",\"@id\":\"https:\\\/\\\/www.miamibeachfl.gov\\\/city-hall\\\/human-resources\\\/benefits\\\/benefit-summary\\\/health-dental-plans\\\/#primaryimage\",\"url\":\"https:\\\/\\\/www.miamibeachfl.gov\\\/wp-content\\\/uploads\\\/2022\\\/07\\\/hero-small.jpg\",\"contentUrl\":\"https:\\\/\\\/www.miamibeachfl.gov\\\/wp-content\\\/uploads\\\/2022\\\/07\\\/hero-small.jpg\"},{\"@type\":\"BreadcrumbList\",\"@id\":\"https:\\\/\\\/www.miamibeachfl.gov\\\/city-hall\\\/human-resources\\\/benefits\\\/benefit-summary\\\/health-dental-plans\\\/#breadcrumb\",\"itemListElement\":[{\"@type\":\"ListItem\",\"position\":1,\"name\":\"Home\",\"item\":\"https:\\\/\\\/www.miamibeachfl.gov\\\/\"},{\"@type\":\"ListItem\",\"position\":2,\"name\":\"City Hall\",\"item\":\"https:\\\/\\\/www.miamibeachfl.gov\\\/city-hall\\\/\"},{\"@type\":\"ListItem\",\"position\":3,\"name\":\"Human Resources\",\"item\":\"https:\\\/\\\/www.miamibeachfl.gov\\\/city-hall\\\/human-resources\\\/\"},{\"@type\":\"ListItem\",\"position\":4,\"name\":\"Benefits\",\"item\":\"https:\\\/\\\/www.miamibeachfl.gov\\\/city-hall\\\/human-resources\\\/benefits\\\/\"},{\"@type\":\"ListItem\",\"position\":5,\"name\":\"Employee Benefits Quicklinks\",\"item\":\"https:\\\/\\\/www.miamibeachfl.gov\\\/city-hall\\\/human-resources\\\/benefits\\\/benefit-summary\\\/\"},{\"@type\":\"ListItem\",\"position\":6,\"name\":\"Health And Dental Plans\"}]},{\"@type\":\"WebSite\",\"@id\":\"https:\\\/\\\/www.miamibeachfl.gov\\\/#website\",\"url\":\"https:\\\/\\\/www.miamibeachfl.gov\\\/\",\"name\":\"City of Miami Beach\",\"description\":\"The official website of the City of Miami Beach. Stay informed, find important information on city services, news, alerts, events, trolley routes, government employment and more.\",\"publisher\":{\"@id\":\"https:\\\/\\\/www.miamibeachfl.gov\\\/#organization\"},\"potentialAction\":[{\"@type\":\"SearchAction\",\"target\":{\"@type\":\"EntryPoint\",\"urlTemplate\":\"https:\\\/\\\/www.miamibeachfl.gov\\\/?s={search_term_string}\"},\"query-input\":{\"@type\":\"PropertyValueSpecification\",\"valueRequired\":true,\"valueName\":\"search_term_string\"}}],\"inLanguage\":\"pt-BR\"},{\"@type\":\"Organization\",\"@id\":\"https:\\\/\\\/www.miamibeachfl.gov\\\/#organization\",\"name\":\"City of Miami Beach\",\"url\":\"https:\\\/\\\/www.miamibeachfl.gov\\\/\",\"logo\":{\"@type\":\"ImageObject\",\"inLanguage\":\"pt-BR\",\"@id\":\"https:\\\/\\\/www.miamibeachfl.gov\\\/#\\\/schema\\\/logo\\\/image\\\/\",\"url\":\"https:\\\/\\\/www.miamibeachfl.gov\\\/wp-content\\\/uploads\\\/2022\\\/06\\\/miamibeach-logoblue.png\",\"contentUrl\":\"https:\\\/\\\/www.miamibeachfl.gov\\\/wp-content\\\/uploads\\\/2022\\\/06\\\/miamibeach-logoblue.png\",\"width\":1962,\"height\":381,\"caption\":\"City of Miami Beach\"},\"image\":{\"@id\":\"https:\\\/\\\/www.miamibeachfl.gov\\\/#\\\/schema\\\/logo\\\/image\\\/\"},\"sameAs\":[\"https:\\\/\\\/www.facebook.com\\\/cityofmiamibeach\",\"https:\\\/\\\/x.com\\\/Miamibeachnews\",\"https:\\\/\\\/www.instagram.com\\\/miamibeachnews\\\/\"],\"description\":\"The official website of the City of Miami Beach. Stay informed, find important information on city services, news, alerts, events, trolley routes, government employment and more.\",\"telephone\":\"305.604.CITY(2489)\",\"legalName\":\"City of Miami Beach\"}]}<\/script>\n<!-- \/ Yoast SEO Premium plugin. -->","yoast_head_json":{"title":"Planos de Sa\u00fade e Odontol\u00f3gicos - Cidade de Miami Beach","description":"%","robots":{"index":"index","follow":"follow","max-snippet":"max-snippet:-1","max-image-preview":"max-image-preview:large","max-video-preview":"max-video-preview:-1"},"canonical":"https:\/\/www.miamibeachfl.gov\/pt\/city-hall\/human-resources\/benefits\/benefit-summary\/health-dental-plans\/","og_locale":"pt_BR","og_type":"article","og_title":"Health And Dental Plans","og_description":"%","og_url":"https:\/\/www.miamibeachfl.gov\/pt\/city-hall\/human-resources\/benefits\/benefit-summary\/health-dental-plans\/","og_site_name":"City of Miami Beach","article_publisher":"https:\/\/www.facebook.com\/cityofmiamibeach","article_modified_time":"2026-03-02T21:27:14+00:00","og_image":[{"url":"https:\/\/www.miamibeachfl.gov\/wp-content\/uploads\/2022\/07\/hero-small.jpg","type":"","width":"","height":""}],"twitter_card":"summary_large_image","twitter_site":"@Miamibeachnews","schema":{"@context":"https:\/\/schema.org","@graph":[{"@type":"WebPage","@id":"https:\/\/www.miamibeachfl.gov\/city-hall\/human-resources\/benefits\/benefit-summary\/health-dental-plans\/","url":"https:\/\/www.miamibeachfl.gov\/city-hall\/human-resources\/benefits\/benefit-summary\/health-dental-plans\/","name":"Planos de Sa\u00fade e Odontol\u00f3gicos - Cidade de Miami Beach","isPartOf":{"@id":"https:\/\/www.miamibeachfl.gov\/#website"},"primaryImageOfPage":{"@id":"https:\/\/www.miamibeachfl.gov\/city-hall\/human-resources\/benefits\/benefit-summary\/health-dental-plans\/#primaryimage"},"image":{"@id":"https:\/\/www.miamibeachfl.gov\/city-hall\/human-resources\/benefits\/benefit-summary\/health-dental-plans\/#primaryimage"},"thumbnailUrl":"https:\/\/www.miamibeachfl.gov\/wp-content\/uploads\/2022\/07\/hero-small.jpg","datePublished":"2017-08-11T00:07:04+00:00","dateModified":"2026-03-02T21:27:14+00:00","description":"%","breadcrumb":{"@id":"https:\/\/www.miamibeachfl.gov\/city-hall\/human-resources\/benefits\/benefit-summary\/health-dental-plans\/#breadcrumb"},"inLanguage":"pt-BR","potentialAction":[{"@type":"ReadAction","target":["https:\/\/www.miamibeachfl.gov\/city-hall\/human-resources\/benefits\/benefit-summary\/health-dental-plans\/"]}]},{"@type":"ImageObject","inLanguage":"pt-BR","@id":"https:\/\/www.miamibeachfl.gov\/city-hall\/human-resources\/benefits\/benefit-summary\/health-dental-plans\/#primaryimage","url":"https:\/\/www.miamibeachfl.gov\/wp-content\/uploads\/2022\/07\/hero-small.jpg","contentUrl":"https:\/\/www.miamibeachfl.gov\/wp-content\/uploads\/2022\/07\/hero-small.jpg"},{"@type":"BreadcrumbList","@id":"https:\/\/www.miamibeachfl.gov\/city-hall\/human-resources\/benefits\/benefit-summary\/health-dental-plans\/#breadcrumb","itemListElement":[{"@type":"ListItem","position":1,"name":"Home","item":"https:\/\/www.miamibeachfl.gov\/"},{"@type":"ListItem","position":2,"name":"City Hall","item":"https:\/\/www.miamibeachfl.gov\/city-hall\/"},{"@type":"ListItem","position":3,"name":"Human Resources","item":"https:\/\/www.miamibeachfl.gov\/city-hall\/human-resources\/"},{"@type":"ListItem","position":4,"name":"Benefits","item":"https:\/\/www.miamibeachfl.gov\/city-hall\/human-resources\/benefits\/"},{"@type":"ListItem","position":5,"name":"Employee Benefits Quicklinks","item":"https:\/\/www.miamibeachfl.gov\/city-hall\/human-resources\/benefits\/benefit-summary\/"},{"@type":"ListItem","position":6,"name":"Health And Dental Plans"}]},{"@type":"WebSite","@id":"https:\/\/www.miamibeachfl.gov\/#website","url":"https:\/\/www.miamibeachfl.gov\/","name":"Cidade de Miami Beach","description":"Site oficial da cidade de Miami Beach. Mantenha-se informado e encontre informa\u00e7\u00f5es importantes sobre servi\u00e7os municipais, not\u00edcias, alertas, eventos, rotas de bonde, empregos p\u00fablicos e muito mais.","publisher":{"@id":"https:\/\/www.miamibeachfl.gov\/#organization"},"potentialAction":[{"@type":"SearchAction","target":{"@type":"EntryPoint","urlTemplate":"https:\/\/www.miamibeachfl.gov\/?s={search_term_string}"},"query-input":{"@type":"PropertyValueSpecification","valueRequired":true,"valueName":"search_term_string"}}],"inLanguage":"pt-BR"},{"@type":"Organization","@id":"https:\/\/www.miamibeachfl.gov\/#organization","name":"Cidade de Miami Beach","url":"https:\/\/www.miamibeachfl.gov\/","logo":{"@type":"ImageObject","inLanguage":"pt-BR","@id":"https:\/\/www.miamibeachfl.gov\/#\/schema\/logo\/image\/","url":"https:\/\/www.miamibeachfl.gov\/wp-content\/uploads\/2022\/06\/miamibeach-logoblue.png","contentUrl":"https:\/\/www.miamibeachfl.gov\/wp-content\/uploads\/2022\/06\/miamibeach-logoblue.png","width":1962,"height":381,"caption":"City of Miami Beach"},"image":{"@id":"https:\/\/www.miamibeachfl.gov\/#\/schema\/logo\/image\/"},"sameAs":["https:\/\/www.facebook.com\/cityofmiamibeach","https:\/\/x.com\/Miamibeachnews","https:\/\/www.instagram.com\/miamibeachnews\/"],"description":"Site oficial da cidade de Miami Beach. Mantenha-se informado e encontre informa\u00e7\u00f5es importantes sobre servi\u00e7os municipais, not\u00edcias, alertas, eventos, rotas de bonde, empregos p\u00fablicos e muito mais.","telephone":"305.604.CITY(2489)","legalName":"City of Miami Beach"}]}},"_links":{"self":[{"href":"https:\/\/www.miamibeachfl.gov\/pt\/wp-json\/wp\/v2\/pages\/28653","targetHints":{"allow":["GET"]}}],"collection":[{"href":"https:\/\/www.miamibeachfl.gov\/pt\/wp-json\/wp\/v2\/pages"}],"about":[{"href":"https:\/\/www.miamibeachfl.gov\/pt\/wp-json\/wp\/v2\/types\/page"}],"author":[{"embeddable":true,"href":"https:\/\/www.miamibeachfl.gov\/pt\/wp-json\/wp\/v2\/users\/222"}],"replies":[{"embeddable":true,"href":"https:\/\/www.miamibeachfl.gov\/pt\/wp-json\/wp\/v2\/comments?post=28653"}],"version-history":[{"count":2,"href":"https:\/\/www.miamibeachfl.gov\/pt\/wp-json\/wp\/v2\/pages\/28653\/revisions"}],"predecessor-version":[{"id":396939,"href":"https:\/\/www.miamibeachfl.gov\/pt\/wp-json\/wp\/v2\/pages\/28653\/revisions\/396939"}],"up":[{"embeddable":true,"href":"https:\/\/www.miamibeachfl.gov\/pt\/wp-json\/wp\/v2\/pages\/46767"}],"wp:attachment":[{"href":"https:\/\/www.miamibeachfl.gov\/pt\/wp-json\/wp\/v2\/media?parent=28653"}],"wp:term":[{"taxonomy":"category","embeddable":true,"href":"https:\/\/www.miamibeachfl.gov\/pt\/wp-json\/wp\/v2\/categories?post=28653"},{"taxonomy":"post_tag","embeddable":true,"href":"https:\/\/www.miamibeachfl.gov\/pt\/wp-json\/wp\/v2\/tags?post=28653"}],"curies":[{"name":"wp","href":"https:\/\/api.w.org\/{rel}","templated":true}]}}