{"id":28676,"date":"2017-08-11T00:07:21","date_gmt":"2017-08-11T00:07:21","guid":{"rendered":"http:\/\/www.miamibeachfl.gov\/city-hall\/human-resources\/employee-labor-relations\/handbook-directory\/paid-holidays\/"},"modified":"2026-03-02T16:27:10","modified_gmt":"2026-03-02T21:27:10","slug":"paid-holidays","status":"publish","type":"page","link":"https:\/\/www.miamibeachfl.gov\/pt\/city-hall\/human-resources\/employee-labor-relations\/handbook-directory\/paid-holidays\/","title":{"rendered":"F\u00e9rias pagas"},"content":{"rendered":"<img decoding=\"async\" src=\"https:\/\/www.miamibeachfl.gov\/wp-content\/uploads\/2022\/07\/hero-small.jpg\" alt=\"ocean drive art deco buildings\" itemprop=\"image\" height=\"211\" width=\"2395\" title=\"her\u00f3i-pequeno\" onerror=\"this.style.display='none'\" loading=\"lazy\" \/>\n<h1>\n\t\t\tF\u00e9rias pagas\t<\/h1>\n\t<nav id=\"breadcrumbs\" aria-label=\"Migalhas de p\u00e3o\"><a href=\"https:\/\/www.miamibeachfl.gov\/pt\/\">Lar<\/a> &gt; <a href=\"https:\/\/www.miamibeachfl.gov\/pt\/city-hall\/\">Prefeitura<\/a> &gt; <a href=\"https:\/\/www.miamibeachfl.gov\/pt\/city-hall\/human-resources\/\">Recursos Humanos<\/a> &gt; <a href=\"https:\/\/www.miamibeachfl.gov\/pt\/city-hall\/human-resources\/employee-labor-relations\/\">Rela\u00e7\u00f5es Trabalhistas e de Empregados<\/a> &gt; <a href=\"https:\/\/www.miamibeachfl.gov\/pt\/city-hall\/human-resources\/employee-labor-relations\/handbook-directory\/\">Manual do Funcion\u00e1rio<\/a> &gt; <strong>F\u00e9rias pagas<\/strong><\/nav>\n\t<p><strong>F\u00c9RIAS REMUNERADAS<\/strong><\/p>\n<p>(Pessoal do Corpo de Bombeiros: consulte o contrato da IAFF.)<\/p>\n<p>Os 12 dias seguintes foram designados pela Comiss\u00e3o Municipal como feriados legais remunerados para os funcion\u00e1rios municipais. Se o feriado cair em um s\u00e1bado, geralmente \u00e9 observado na sexta-feira anterior; se cair em um domingo, geralmente \u00e9 observado na segunda-feira seguinte.<\/p>\n<ul>\n<li>Dia de Ano Novo<\/li>\n<li>Anivers\u00e1rio de Martin L. King (3\u00aa segunda-feira de janeiro)<\/li>\n<li>Dia dos Presidentes (3\u00aa segunda-feira de fevereiro)<\/li>\n<li>Dia da Mem\u00f3ria<\/li>\n<li>D\u00e9cimo primeiro<\/li>\n<li>Dia da Independ\u00eancia<\/li>\n<li>Dia do Trabalho<\/li>\n<li>Dia de Valoriza\u00e7\u00e3o da Seguran\u00e7a P\u00fablica (4\u00aa sexta-feira de outubro)<\/li>\n<li>Dia dos Veteranos (comemorado em 11 de novembro)<\/li>\n<li>Dia de A\u00e7\u00e3o de Gra\u00e7as<\/li>\n<li>No dia seguinte ao Dia de A\u00e7\u00e3o de Gra\u00e7as<\/li>\n<li>Dia de Natal<\/li>\n<\/ul>\n<p>Al\u00e9m disso, os funcion\u00e1rios receber\u00e3o anualmente:<\/p>\n<ul>\n<li>3 F\u00e9rias Flutuantes<\/li>\n<li>Anivers\u00e1rio do funcion\u00e1rio como feriado flutuante<\/li>\n<\/ul>\n\t\tNavegar para\u2026\t\t\t\n\t\t\t\t\t<ul id=\"menu-hr-employee-handbook\"><li id=\"menu-item-363011\"><a href=\"\/pt\/city-hall\/human-resources\/employee-labor-relations\/handbook-directory\/a-safe-and-healthful-workplace\/\">Ambiente de trabalho seguro e saud\u00e1vel<\/a><\/li>\n<li id=\"menu-item-363012\"><a href=\"\/pt\/city-hall\/human-resources\/employee-labor-relations\/handbook-directory\/annual-and-sick-leave\/\">Licen\u00e7a Anual e M\u00e9dica<\/a><\/li>\n<li id=\"menu-item-363013\"><a href=\"\/pt\/city-hall\/human-resources\/employee-labor-relations\/handbook-directory\/attendance\/\">Presen\u00e7a<\/a><\/li>\n<li id=\"menu-item-363014\"><a href=\"\/pt\/city-hall\/human-resources\/employee-labor-relations\/handbook-directory\/bereavement-leave\/\">Licen\u00e7a por luto<\/a><\/li>\n<li id=\"menu-item-363015\"><a href=\"\/pt\/city-hall\/human-resources\/employee-labor-relations\/handbook-directory\/change-of-address-and-dependents\/\">Mudan\u00e7a de endere\u00e7o e dependentes<\/a><\/li>\n<li id=\"menu-item-363016\"><a href=\"\/pt\/city-hall\/human-resources\/employee-labor-relations\/handbook-directory\/deferred-compensation-plan\/\">Plano de Compensa\u00e7\u00e3o Diferida<\/a><\/li>\n<li id=\"menu-item-363017\"><a href=\"\/pt\/city-hall\/human-resources\/employee-labor-relations\/handbook-directory\/disability-insurance\/\">Seguro de invalidez<\/a><\/li>\n<li id=\"menu-item-363019\"><a href=\"\/pt\/city-hall\/human-resources\/employee-labor-relations\/handbook-directory\/disciplinary-actions-and-appeals\/\">A\u00e7\u00f5es e Recursos Disciplinares<\/a><\/li>\n<li id=\"menu-item-363020\"><a href=\"\/pt\/city-hall\/human-resources\/employee-labor-relations\/handbook-directory\/employee-handbook-is-a-guide\/\">Manual do Funcion\u00e1rio \u00e9 um Guia<\/a><\/li>\n<li id=\"menu-item-363021\"><a href=\"\/pt\/city-hall\/human-resources\/employee-labor-relations\/handbook-directory\/family-and-medical-leave\/\">Licen\u00e7a Familiar e M\u00e9dica<\/a><\/li>\n<li id=\"menu-item-363022\"><a href=\"\/pt\/city-hall\/human-resources\/employee-labor-relations\/handbook-directory\/general-employees-retirement-system\/\">Sistema Geral de Aposentadoria de Funcion\u00e1rios<\/a><\/li>\n<li id=\"menu-item-363023\"><a href=\"\/pt\/city-hall\/human-resources\/employee-labor-relations\/handbook-directory\/group-medical-and-dental-plans\/\">Planos M\u00e9dicos e Odontol\u00f3gicos de Grupo<\/a><\/li>\n<li id=\"menu-item-363024\"><a href=\"\/pt\/city-hall\/human-resources\/employee-labor-relations\/handbook-directory\/in-service-training\/\">Treinamento em Servi\u00e7o<\/a><\/li>\n<li id=\"menu-item-363025\"><a href=\"\/pt\/city-hall\/human-resources\/employee-labor-relations\/handbook-directory\/insurance-benefits\/\">Benef\u00edcios do seguro<\/a><\/li>\n<li id=\"menu-item-363026\"><a href=\"\/pt\/city-hall\/human-resources\/employee-labor-relations\/handbook-directory\/miami-beach-civil-service-system\/\">Sistema de Servi\u00e7o Civil de Miami Beach<\/a><\/li>\n<li id=\"menu-item-363027\"><a href=\"\/pt\/city-hall\/human-resources\/employee-labor-relations\/handbook-directory\/miami-beach-federal-credit-union\/\">Cooperativa de Cr\u00e9dito Federal de Miami Beach<\/a><\/li>\n<li id=\"menu-item-363028\"><a href=\"\/pt\/city-hall\/human-resources\/employee-labor-relations\/handbook-directory\/mission-statement\/\">Declara\u00e7\u00e3o de miss\u00e3o<\/a><\/li>\n<li id=\"menu-item-363029\"><a href=\"\/pt\/city-hall\/human-resources\/employee-labor-relations\/handbook-directory\/occupational-accidental-death-benefit\/\">Benef\u00edcio por Morte Acidental Ocupacional<\/a><\/li>\n<li id=\"menu-item-363030\"><a href=\"\/pt\/city-hall\/human-resources\/employee-labor-relations\/handbook-directory\/outside-employment\/\">Emprego externo<\/a><\/li>\n<li id=\"menu-item-363031\"><a href=\"\/pt\/city-hall\/human-resources\/employee-labor-relations\/handbook-directory\/paid-holidays\/\">F\u00e9rias pagas<\/a><\/li>\n<li id=\"menu-item-363032\"><a href=\"\/pt\/city-hall\/human-resources\/employee-labor-relations\/handbook-directory\/performance-appraisals\/\">Avalia\u00e7\u00f5es de desempenho<\/a><\/li>\n<li id=\"menu-item-363033\"><a href=\"\/pt\/city-hall\/human-resources\/employee-labor-relations\/handbook-directory\/pre-tax-payroll-deductions\/\">Dedu\u00e7\u00f5es de folha de pagamento antes dos impostos<\/a><\/li>\n<li id=\"menu-item-363034\"><a href=\"\/pt\/city-hall\/human-resources\/employee-labor-relations\/handbook-directory\/probationary-and-part-time-employees\/\">Funcion\u00e1rios em est\u00e1gio probat\u00f3rio e meio per\u00edodo<\/a><\/li>\n<li id=\"menu-item-363035\"><a href=\"\/pt\/city-hall\/human-resources\/employee-labor-relations\/handbook-directory\/resigning-retiring-and-separating-from-service\/\">Demiss\u00e3o, aposentadoria e separa\u00e7\u00e3o do servi\u00e7o<\/a><\/li>\n<li id=\"menu-item-363036\"><a href=\"\/pt\/city-hall\/human-resources\/employee-labor-relations\/handbook-directory\/special-awards-program\/\">Programa de Pr\u00eamios Especiais<\/a><\/li>\n<li id=\"menu-item-363037\"><a href=\"\/pt\/city-hall\/human-resources\/employee-labor-relations\/handbook-directory\/suggestion-box\/\">Caixa de sugest\u00f5es<\/a><\/li>\n<li id=\"menu-item-363038\"><a href=\"\/pt\/city-hall\/human-resources\/employee-labor-relations\/handbook-directory\/the-personnel-board\/\">O Conselho de Pessoal<\/a><\/li>\n<li id=\"menu-item-363039\"><a href=\"\/pt\/city-hall\/human-resources\/employee-labor-relations\/handbook-directory\/unclassified-employees-retirement-system\/\">Sistema de aposentadoria de funcion\u00e1rios n\u00e3o classificados<\/a><\/li>\n<li id=\"menu-item-363040\"><a href=\"\/pt\/city-hall\/human-resources\/employee-labor-relations\/handbook-directory\/united-states-savings-bonds\/\">T\u00edtulos de Poupan\u00e7a dos Estados Unidos<\/a><\/li>\n<li id=\"menu-item-363041\"><a href=\"\/pt\/city-hall\/human-resources\/employee-labor-relations\/handbook-directory\/welcome-aboard\/\">Bem-vindo a bordo<\/a><\/li>\n<li id=\"menu-item-363042\"><a href=\"\/pt\/city-hall\/human-resources\/employee-labor-relations\/handbook-directory\/your-pay\/\">Seu pagamento<\/a><\/li>\n<\/ul>\t\n\t<div class=\"page-navigation\"><a class=\"prev-page\" href=\"https:\/\/www.miamibeachfl.gov\/pt\/city-hall\/human-resources\/employee-labor-relations\/handbook-directory\/attendance\/\">\u2190 Presen\u00e7a<\/a> <a class=\"next-page\" href=\"https:\/\/www.miamibeachfl.gov\/pt\/city-hall\/human-resources\/employee-labor-relations\/handbook-directory\/annual-and-sick-leave\/\">Licen\u00e7a Anual e M\u00e9dica \u2192<\/a><\/div>","protected":false},"excerpt":{"rendered":"<p>Feriados Remunerados Home &gt; Prefeitura &gt; Recursos Humanos &gt; Rela\u00e7\u00f5es Trabalhistas &gt; Manual do Funcion\u00e1rio &gt; Feriados Remunerados [\u2026]<\/p>","protected":false},"author":222,"featured_media":0,"parent":28669,"menu_order":0,"comment_status":"closed","ping_status":"closed","template":"","meta":{"_searchwp_excluded":"","site-sidebar-layout":"default","site-content-layout":"","ast-site-content-layout":"default","site-content-style":"default","site-sidebar-style":"default","ast-global-header-display":"","ast-banner-title-visibility":"","ast-main-header-display":"","ast-hfb-above-header-display":"","ast-hfb-below-header-display":"","ast-hfb-mobile-header-display":"","site-post-title":"","ast-breadcrumbs-content":"","ast-featured-img":"","footer-sml-layout":"","theme-transparent-header-meta":"","adv-header-id-meta":"","stick-header-meta":"","header-above-stick-meta":"","header-main-stick-meta":"","header-below-stick-meta":"","astra-migrate-meta-layouts":"default","ast-page-background-enabled":"default","ast-page-background-meta":{"desktop":{"background-color":"var(--ast-global-color-5)","background-image":"","background-repeat":"repeat","background-position":"center center","background-size":"auto","background-attachment":"scroll","background-type":"","background-media":"","overlay-type":"","overlay-color":"","overlay-opacity":"","overlay-gradient":""},"tablet":{"background-color":"","background-image":"","background-repeat":"repeat","background-position":"center center","background-size":"auto","background-attachment":"scroll","background-type":"","background-media":"","overlay-type":"","overlay-color":"","overlay-opacity":"","overlay-gradient":""},"mobile":{"background-color":"","background-image":"","background-repeat":"repeat","background-position":"center center","background-size":"auto","background-attachment":"scroll","background-type":"","background-media":"","overlay-type":"","overlay-color":"","overlay-opacity":"","overlay-gradient":""}},"ast-content-background-meta":{"desktop":{"background-color":"var(--ast-global-color-4)","background-image":"","background-repeat":"repeat","background-position":"center center","background-size":"auto","background-attachment":"scroll","background-type":"","background-media":"","overlay-type":"","overlay-color":"","overlay-opacity":"","overlay-gradient":""},"tablet":{"background-color":"var(--ast-global-color-4)","background-image":"","background-repeat":"repeat","background-position":"center center","background-size":"auto","background-attachment":"scroll","background-type":"","background-media":"","overlay-type":"","overlay-color":"","overlay-opacity":"","overlay-gradient":""},"mobile":{"background-color":"var(--ast-global-color-4)","background-image":"","background-repeat":"repeat","background-position":"center center","background-size":"auto","background-attachment":"scroll","background-type":"","background-media":"","overlay-type":"","overlay-color":"","overlay-opacity":"","overlay-gradient":""}},"footnotes":""},"categories":[],"tags":[],"class_list":["post-28676","page","type-page","status-publish","hentry"],"yoast_head":"<!-- This site is optimized with the Yoast SEO Premium plugin v26.6 (Yoast SEO v26.6) - https:\/\/yoast.com\/wordpress\/plugins\/seo\/ -->\n<title>Paid Holidays - City of Miami Beach<\/title>\n<meta name=\"description\" content=\"%\" \/>\n<meta name=\"robots\" content=\"index, follow, max-snippet:-1, max-image-preview:large, max-video-preview:-1\" \/>\n<link rel=\"canonical\" href=\"https:\/\/www.miamibeachfl.gov\/pt\/city-hall\/human-resources\/employee-labor-relations\/handbook-directory\/paid-holidays\/\" \/>\n<meta property=\"og:locale\" content=\"pt_BR\" \/>\n<meta property=\"og:type\" content=\"article\" \/>\n<meta property=\"og:title\" content=\"Paid Holidays\" \/>\n<meta property=\"og:description\" content=\"%\" \/>\n<meta property=\"og:url\" content=\"https:\/\/www.miamibeachfl.gov\/pt\/city-hall\/human-resources\/employee-labor-relations\/handbook-directory\/paid-holidays\/\" \/>\n<meta property=\"og:site_name\" content=\"City of Miami Beach\" \/>\n<meta property=\"article:publisher\" content=\"https:\/\/www.facebook.com\/cityofmiamibeach\" \/>\n<meta property=\"article:modified_time\" content=\"2026-03-02T21:27:10+00:00\" \/>\n<meta property=\"og:image\" content=\"https:\/\/www.miamibeachfl.gov\/wp-content\/uploads\/2022\/07\/hero-small.jpg\" \/>\n<meta name=\"twitter:card\" content=\"summary_large_image\" \/>\n<meta name=\"twitter:site\" content=\"@Miamibeachnews\" \/>\n<script type=\"application\/ld+json\" class=\"yoast-schema-graph\">{\"@context\":\"https:\/\/schema.org\",\"@graph\":[{\"@type\":\"WebPage\",\"@id\":\"https:\/\/www.miamibeachfl.gov\/city-hall\/human-resources\/employee-labor-relations\/handbook-directory\/paid-holidays\/\",\"url\":\"https:\/\/www.miamibeachfl.gov\/city-hall\/human-resources\/employee-labor-relations\/handbook-directory\/paid-holidays\/\",\"name\":\"Paid Holidays - City of Miami Beach\",\"isPartOf\":{\"@id\":\"https:\/\/www.miamibeachfl.gov\/#website\"},\"primaryImageOfPage\":{\"@id\":\"https:\/\/www.miamibeachfl.gov\/city-hall\/human-resources\/employee-labor-relations\/handbook-directory\/paid-holidays\/#primaryimage\"},\"image\":{\"@id\":\"https:\/\/www.miamibeachfl.gov\/city-hall\/human-resources\/employee-labor-relations\/handbook-directory\/paid-holidays\/#primaryimage\"},\"thumbnailUrl\":\"https:\/\/www.miamibeachfl.gov\/wp-content\/uploads\/2022\/07\/hero-small.jpg\",\"datePublished\":\"2017-08-11T00:07:21+00:00\",\"dateModified\":\"2026-03-02T21:27:10+00:00\",\"description\":\"%\",\"breadcrumb\":{\"@id\":\"https:\/\/www.miamibeachfl.gov\/city-hall\/human-resources\/employee-labor-relations\/handbook-directory\/paid-holidays\/#breadcrumb\"},\"inLanguage\":\"pt-BR\",\"potentialAction\":[{\"@type\":\"ReadAction\",\"target\":[\"https:\/\/www.miamibeachfl.gov\/city-hall\/human-resources\/employee-labor-relations\/handbook-directory\/paid-holidays\/\"]}]},{\"@type\":\"ImageObject\",\"inLanguage\":\"pt-BR\",\"@id\":\"https:\/\/www.miamibeachfl.gov\/city-hall\/human-resources\/employee-labor-relations\/handbook-directory\/paid-holidays\/#primaryimage\",\"url\":\"https:\/\/www.miamibeachfl.gov\/wp-content\/uploads\/2022\/07\/hero-small.jpg\",\"contentUrl\":\"https:\/\/www.miamibeachfl.gov\/wp-content\/uploads\/2022\/07\/hero-small.jpg\"},{\"@type\":\"BreadcrumbList\",\"@id\":\"https:\/\/www.miamibeachfl.gov\/city-hall\/human-resources\/employee-labor-relations\/handbook-directory\/paid-holidays\/#breadcrumb\",\"itemListElement\":[{\"@type\":\"ListItem\",\"position\":1,\"name\":\"Home\",\"item\":\"https:\/\/www.miamibeachfl.gov\/\"},{\"@type\":\"ListItem\",\"position\":2,\"name\":\"City Hall\",\"item\":\"https:\/\/www.miamibeachfl.gov\/city-hall\/\"},{\"@type\":\"ListItem\",\"position\":3,\"name\":\"Human Resources\",\"item\":\"https:\/\/www.miamibeachfl.gov\/city-hall\/human-resources\/\"},{\"@type\":\"ListItem\",\"position\":4,\"name\":\"Employee &amp; Labor Relations\",\"item\":\"https:\/\/www.miamibeachfl.gov\/city-hall\/human-resources\/employee-labor-relations\/\"},{\"@type\":\"ListItem\",\"position\":5,\"name\":\"Employee Handbook\",\"item\":\"https:\/\/www.miamibeachfl.gov\/city-hall\/human-resources\/employee-labor-relations\/handbook-directory\/\"},{\"@type\":\"ListItem\",\"position\":6,\"name\":\"Paid Holidays\"}]},{\"@type\":\"WebSite\",\"@id\":\"https:\/\/www.miamibeachfl.gov\/#website\",\"url\":\"https:\/\/www.miamibeachfl.gov\/\",\"name\":\"City of Miami Beach\",\"description\":\"The official website of the City of Miami Beach. Stay informed, find important information on city services, news, alerts, events, trolley routes, government employment and more.\",\"publisher\":{\"@id\":\"https:\/\/www.miamibeachfl.gov\/#organization\"},\"potentialAction\":[{\"@type\":\"SearchAction\",\"target\":{\"@type\":\"EntryPoint\",\"urlTemplate\":\"https:\/\/www.miamibeachfl.gov\/?s={search_term_string}\"},\"query-input\":{\"@type\":\"PropertyValueSpecification\",\"valueRequired\":true,\"valueName\":\"search_term_string\"}}],\"inLanguage\":\"pt-BR\"},{\"@type\":\"Organization\",\"@id\":\"https:\/\/www.miamibeachfl.gov\/#organization\",\"name\":\"City of Miami Beach\",\"url\":\"https:\/\/www.miamibeachfl.gov\/\",\"logo\":{\"@type\":\"ImageObject\",\"inLanguage\":\"pt-BR\",\"@id\":\"https:\/\/www.miamibeachfl.gov\/#\/schema\/logo\/image\/\",\"url\":\"https:\/\/www.miamibeachfl.gov\/wp-content\/uploads\/2022\/06\/miamibeach-logoblue.png\",\"contentUrl\":\"https:\/\/www.miamibeachfl.gov\/wp-content\/uploads\/2022\/06\/miamibeach-logoblue.png\",\"width\":1962,\"height\":381,\"caption\":\"City of Miami Beach\"},\"image\":{\"@id\":\"https:\/\/www.miamibeachfl.gov\/#\/schema\/logo\/image\/\"},\"sameAs\":[\"https:\/\/www.facebook.com\/cityofmiamibeach\",\"https:\/\/x.com\/Miamibeachnews\",\"https:\/\/www.instagram.com\/miamibeachnews\/\"],\"description\":\"The official website of the City of Miami Beach. Stay informed, find important information on city services, news, alerts, events, trolley routes, government employment and more.\",\"telephone\":\"305.604.CITY(2489)\",\"legalName\":\"City of Miami Beach\"}]}<\/script>\n<!-- \/ Yoast SEO Premium plugin. -->","yoast_head_json":{"title":"F\u00e9rias remuneradas - Cidade de Miami Beach","description":"%","robots":{"index":"index","follow":"follow","max-snippet":"max-snippet:-1","max-image-preview":"max-image-preview:large","max-video-preview":"max-video-preview:-1"},"canonical":"https:\/\/www.miamibeachfl.gov\/pt\/city-hall\/human-resources\/employee-labor-relations\/handbook-directory\/paid-holidays\/","og_locale":"pt_BR","og_type":"article","og_title":"Paid Holidays","og_description":"%","og_url":"https:\/\/www.miamibeachfl.gov\/pt\/city-hall\/human-resources\/employee-labor-relations\/handbook-directory\/paid-holidays\/","og_site_name":"City of Miami Beach","article_publisher":"https:\/\/www.facebook.com\/cityofmiamibeach","article_modified_time":"2026-03-02T21:27:10+00:00","og_image":[{"url":"https:\/\/www.miamibeachfl.gov\/wp-content\/uploads\/2022\/07\/hero-small.jpg","type":"","width":"","height":""}],"twitter_card":"summary_large_image","twitter_site":"@Miamibeachnews","schema":{"@context":"https:\/\/schema.org","@graph":[{"@type":"WebPage","@id":"https:\/\/www.miamibeachfl.gov\/city-hall\/human-resources\/employee-labor-relations\/handbook-directory\/paid-holidays\/","url":"https:\/\/www.miamibeachfl.gov\/city-hall\/human-resources\/employee-labor-relations\/handbook-directory\/paid-holidays\/","name":"F\u00e9rias remuneradas - Cidade de Miami Beach","isPartOf":{"@id":"https:\/\/www.miamibeachfl.gov\/#website"},"primaryImageOfPage":{"@id":"https:\/\/www.miamibeachfl.gov\/city-hall\/human-resources\/employee-labor-relations\/handbook-directory\/paid-holidays\/#primaryimage"},"image":{"@id":"https:\/\/www.miamibeachfl.gov\/city-hall\/human-resources\/employee-labor-relations\/handbook-directory\/paid-holidays\/#primaryimage"},"thumbnailUrl":"https:\/\/www.miamibeachfl.gov\/wp-content\/uploads\/2022\/07\/hero-small.jpg","datePublished":"2017-08-11T00:07:21+00:00","dateModified":"2026-03-02T21:27:10+00:00","description":"%","breadcrumb":{"@id":"https:\/\/www.miamibeachfl.gov\/city-hall\/human-resources\/employee-labor-relations\/handbook-directory\/paid-holidays\/#breadcrumb"},"inLanguage":"pt-BR","potentialAction":[{"@type":"ReadAction","target":["https:\/\/www.miamibeachfl.gov\/city-hall\/human-resources\/employee-labor-relations\/handbook-directory\/paid-holidays\/"]}]},{"@type":"ImageObject","inLanguage":"pt-BR","@id":"https:\/\/www.miamibeachfl.gov\/city-hall\/human-resources\/employee-labor-relations\/handbook-directory\/paid-holidays\/#primaryimage","url":"https:\/\/www.miamibeachfl.gov\/wp-content\/uploads\/2022\/07\/hero-small.jpg","contentUrl":"https:\/\/www.miamibeachfl.gov\/wp-content\/uploads\/2022\/07\/hero-small.jpg"},{"@type":"BreadcrumbList","@id":"https:\/\/www.miamibeachfl.gov\/city-hall\/human-resources\/employee-labor-relations\/handbook-directory\/paid-holidays\/#breadcrumb","itemListElement":[{"@type":"ListItem","position":1,"name":"Home","item":"https:\/\/www.miamibeachfl.gov\/"},{"@type":"ListItem","position":2,"name":"City Hall","item":"https:\/\/www.miamibeachfl.gov\/city-hall\/"},{"@type":"ListItem","position":3,"name":"Human Resources","item":"https:\/\/www.miamibeachfl.gov\/city-hall\/human-resources\/"},{"@type":"ListItem","position":4,"name":"Employee &amp; Labor Relations","item":"https:\/\/www.miamibeachfl.gov\/city-hall\/human-resources\/employee-labor-relations\/"},{"@type":"ListItem","position":5,"name":"Employee Handbook","item":"https:\/\/www.miamibeachfl.gov\/city-hall\/human-resources\/employee-labor-relations\/handbook-directory\/"},{"@type":"ListItem","position":6,"name":"Paid Holidays"}]},{"@type":"WebSite","@id":"https:\/\/www.miamibeachfl.gov\/#website","url":"https:\/\/www.miamibeachfl.gov\/","name":"Cidade de Miami Beach","description":"Site oficial da cidade de Miami Beach. Mantenha-se informado e encontre informa\u00e7\u00f5es importantes sobre servi\u00e7os municipais, not\u00edcias, alertas, eventos, rotas de bonde, empregos p\u00fablicos e muito mais.","publisher":{"@id":"https:\/\/www.miamibeachfl.gov\/#organization"},"potentialAction":[{"@type":"SearchAction","target":{"@type":"EntryPoint","urlTemplate":"https:\/\/www.miamibeachfl.gov\/?s={search_term_string}"},"query-input":{"@type":"PropertyValueSpecification","valueRequired":true,"valueName":"search_term_string"}}],"inLanguage":"pt-BR"},{"@type":"Organization","@id":"https:\/\/www.miamibeachfl.gov\/#organization","name":"Cidade de Miami Beach","url":"https:\/\/www.miamibeachfl.gov\/","logo":{"@type":"ImageObject","inLanguage":"pt-BR","@id":"https:\/\/www.miamibeachfl.gov\/#\/schema\/logo\/image\/","url":"https:\/\/www.miamibeachfl.gov\/wp-content\/uploads\/2022\/06\/miamibeach-logoblue.png","contentUrl":"https:\/\/www.miamibeachfl.gov\/wp-content\/uploads\/2022\/06\/miamibeach-logoblue.png","width":1962,"height":381,"caption":"City of Miami Beach"},"image":{"@id":"https:\/\/www.miamibeachfl.gov\/#\/schema\/logo\/image\/"},"sameAs":["https:\/\/www.facebook.com\/cityofmiamibeach","https:\/\/x.com\/Miamibeachnews","https:\/\/www.instagram.com\/miamibeachnews\/"],"description":"Site oficial da cidade de Miami Beach. Mantenha-se informado e encontre informa\u00e7\u00f5es importantes sobre servi\u00e7os municipais, not\u00edcias, alertas, eventos, rotas de bonde, empregos p\u00fablicos e muito mais.","telephone":"305.604.CITY(2489)","legalName":"City of Miami Beach"}]}},"_links":{"self":[{"href":"https:\/\/www.miamibeachfl.gov\/pt\/wp-json\/wp\/v2\/pages\/28676","targetHints":{"allow":["GET"]}}],"collection":[{"href":"https:\/\/www.miamibeachfl.gov\/pt\/wp-json\/wp\/v2\/pages"}],"about":[{"href":"https:\/\/www.miamibeachfl.gov\/pt\/wp-json\/wp\/v2\/types\/page"}],"author":[{"embeddable":true,"href":"https:\/\/www.miamibeachfl.gov\/pt\/wp-json\/wp\/v2\/users\/222"}],"replies":[{"embeddable":true,"href":"https:\/\/www.miamibeachfl.gov\/pt\/wp-json\/wp\/v2\/comments?post=28676"}],"version-history":[{"count":0,"href":"https:\/\/www.miamibeachfl.gov\/pt\/wp-json\/wp\/v2\/pages\/28676\/revisions"}],"up":[{"embeddable":true,"href":"https:\/\/www.miamibeachfl.gov\/pt\/wp-json\/wp\/v2\/pages\/28669"}],"wp:attachment":[{"href":"https:\/\/www.miamibeachfl.gov\/pt\/wp-json\/wp\/v2\/media?parent=28676"}],"wp:term":[{"taxonomy":"category","embeddable":true,"href":"https:\/\/www.miamibeachfl.gov\/pt\/wp-json\/wp\/v2\/categories?post=28676"},{"taxonomy":"post_tag","embeddable":true,"href":"https:\/\/www.miamibeachfl.gov\/pt\/wp-json\/wp\/v2\/tags?post=28676"}],"curies":[{"name":"wp","href":"https:\/\/api.w.org\/{rel}","templated":true}]}}