{"id":28732,"date":"2017-08-11T00:07:55","date_gmt":"2017-08-11T00:07:55","guid":{"rendered":"http:\/\/www.miamibeachfl.gov\/city-hall\/information-technology\/mobile-apps\/"},"modified":"2025-06-20T14:02:25","modified_gmt":"2025-06-20T18:02:25","slug":"mobile-apps","status":"publish","type":"page","link":"https:\/\/www.miamibeachfl.gov\/pt\/mobile-apps\/","title":{"rendered":"Aplicativos m\u00f3veis"},"content":{"rendered":"<h2>\n\t\t\tAplicativos m\u00f3veis de Miami Beach\t<\/h2>\n<h2>\n\t\t\tAplicativos de estacionamento\t<\/h2>\n\t\t\t\t<img decoding=\"async\" src=\"https:\/\/www.miamibeachfl.gov\/wp-content\/uploads\/2023\/07\/parkmobile-parking-logo.png\" alt=\"parkmobile-parking-logo\" title=\"parkmobile-estacionamento-logotipo\" itemprop=\"image\"\/>\n\t\t<h3>Aplicativo ParkMobile<\/h3>\t\t\t\n\t<p>O ParkMobile oferece uma maneira nova e melhor de pagar pelo estacionamento usando seu celular. Com o aplicativo m\u00f3vel do ParkMobile, iniciar sua transa\u00e7\u00e3o de estacionamento leva apenas alguns segundos. Se voc\u00ea estiver dirigindo um carro diferente daquele que registrou, pode alterar rapidamente o n\u00famero da placa e ativar sua sess\u00e3o de estacionamento. Voc\u00ea pode optar por receber uma notifica\u00e7\u00e3o push 15 minutos antes do t\u00e9rmino do seu per\u00edodo de estacionamento. Voc\u00ea tamb\u00e9m pode pagar pelo estacionamento ligando para o ParkMobile em: <a href=\"tel:18777275714\">1-877-727-5714.<\/a><\/p>\n\t<a href=\"https:\/\/www2.paybyphone.com\/park-in-miami-beach\" target=\"_blank\" rel=\"noopener\" aria-label=\"Acesse https:\/\/www2.paybyphone.com\/park-in-miami-beach\"><\/a>\n\t\t\t\t<img decoding=\"async\" src=\"https:\/\/www.miamibeachfl.gov\/wp-content\/uploads\/2023\/10\/paybyphonelogo.png\" alt=\"paybyphone\" title=\"logotipo do paybyphone\" itemprop=\"image\"\/>\n\t\t<h3>Pagar por telefone<\/h3>\t\t\t\n\t<strong>Pague pelo estacionamento com o aplicativo PayByPhone em Miami Beach!<\/strong><br \/>\nO PayByPhone permite que voc\u00ea pague pelo estacionamento em segundos em nossos estacionamentos. O aplicativo \u00e9 uma solu\u00e7\u00e3o totalmente sem dinheiro, avisa quando sua sess\u00e3o de estacionamento est\u00e1 prestes a expirar e ainda permite estender seu tempo de estacionamento de qualquer lugar! O PayByPhone \u00e9 pr\u00e1tico, f\u00e1cil e seguro.\n<h2>\n\t\t\tOutros aplicativos\t<\/h2>\n\t\t\t\t<img decoding=\"async\" src=\"https:\/\/www.miamibeachfl.gov\/wp-content\/uploads\/2017\/08\/smalln-197.jpg\" alt=\"smalln-197\" title=\"smalln-197\" itemprop=\"image\"\/>\n\t\t<h3>Informa\u00e7\u00f5es sobre Miami Beach<\/h3>\t\t\t\n\t<p>O aplicativo Miami Beach Visitor and Convention Authority \u00e9 para visitar empresas, restaurantes, pontos de interesse e eventos na \u00e1rea de Miami Beach.<\/p>\n\t\t\t\t<img decoding=\"async\" src=\"https:\/\/www.miamibeachfl.gov\/wp-content\/uploads\/2023\/11\/MBtoursapp.webp\" alt=\"MBtoursapp\" title=\"MBtoursapp\" itemprop=\"image\"\/>\n\t\t<h3>Experimente os passeios em Miami Beach<\/h3>\t\t\t\n\t<p>Miami Beach orgulha-se de ser um polo de artes e cultura, reconhecido internacionalmente por uma cole\u00e7\u00e3o estelar de experi\u00eancias interativas e imersivas. Com mais de 15 museus e institui\u00e7\u00f5es culturais de classe mundial, abrangendo desde belas artes modernas e contempor\u00e2neas at\u00e9 obras em locais p\u00fablicos, os visitantes podem facilmente descobrir o talento criativo e as comunidades que comp\u00f5em Miami Beach.<\/p>\n<p>Por meio do aplicativo EXP Miami Beach Tours, desenvolvido pela Miami Beach Visitor and Convention Authority, os usu\u00e1rios podem descobrir passeios a p\u00e9 e itiner\u00e1rios selecionados, dedicados a mostrar as muitas maravilhas de Miami Beach, incluindo arte em locais p\u00fablicos, os cinco principais locais LGBTQ, passeio pela vida noturna LGBTQ, arte oculta, um dia dentro das maravilhas arquitet\u00f4nicas de Miami Beach, arte p\u00fablica e hist\u00f3ria ic\u00f4nica em Miami Beach e passeio de arte ao ar livre pelo Bass.<\/p>\n\t\t\t\t<img decoding=\"async\" src=\"https:\/\/www.miamibeachfl.gov\/wp-content\/uploads\/2017\/08\/logo_sm_mdtransitn-1849.jpg\" alt=\"logo_sm_mdtransitn-1849\" title=\"logo_sm_mdtransitn-1849\" itemprop=\"image\"\/>\n\t\t<h3>Aplicativo de transporte p\u00fablico Miami-Dade<\/h3>\t\t\t\n\t<p>Utilize este aplicativo m\u00f3vel como uma ferramenta vantajosa para se deslocar pela cidade de Miami Beach. Com ele, voc\u00ea pode rastrear seu \u00f4nibus, planejar viagens, registrar reclama\u00e7\u00f5es sobre o \u00f4nibus e obter informa\u00e7\u00f5es sobre tarifas e hor\u00e1rios de opera\u00e7\u00e3o, al\u00e9m de alertas para passageiros. Um dos recursos recentes deste aplicativo m\u00f3vel \u00e9 o rastreamento em tempo real da linha 123 South Beach Local (anteriormente dispon\u00edvel apenas para a linha Metrorail e Kendall Cruise). Com esta op\u00e7\u00e3o, os usu\u00e1rios poder\u00e3o obter informa\u00e7\u00f5es instant\u00e2neas sobre a localiza\u00e7\u00e3o do \u00f4nibus e o hor\u00e1rio estimado de chegada (ETA).<\/p>","protected":false},"excerpt":{"rendered":"<p>Miami Beach Mobile Apps Parking Apps ParkMobile App ParkMobile provides a new and better way to pay for parking using [&hellip;]<\/p>\n","protected":false},"author":222,"featured_media":0,"parent":0,"menu_order":40,"comment_status":"closed","ping_status":"closed","template":"","meta":{"_searchwp_excluded":"","site-sidebar-layout":"default","site-content-layout":"","ast-site-content-layout":"default","site-content-style":"default","site-sidebar-style":"default","ast-global-header-display":"","ast-banner-title-visibility":"","ast-main-header-display":"","ast-hfb-above-header-display":"","ast-hfb-below-header-display":"","ast-hfb-mobile-header-display":"","site-post-title":"","ast-breadcrumbs-content":"","ast-featured-img":"","footer-sml-layout":"","theme-transparent-header-meta":"","adv-header-id-meta":"","stick-header-meta":"","header-above-stick-meta":"","header-main-stick-meta":"","header-below-stick-meta":"","astra-migrate-meta-layouts":"default","ast-page-background-enabled":"default","ast-page-background-meta":{"desktop":{"background-color":"var(--ast-global-color-5)","background-image":"","background-repeat":"repeat","background-position":"center center","background-size":"auto","background-attachment":"scroll","background-type":"","background-media":"","overlay-type":"","overlay-color":"","overlay-opacity":"","overlay-gradient":""},"tablet":{"background-color":"","background-image":"","background-repeat":"repeat","background-position":"center center","background-size":"auto","background-attachment":"scroll","background-type":"","background-media":"","overlay-type":"","overlay-color":"","overlay-opacity":"","overlay-gradient":""},"mobile":{"background-color":"","background-image":"","background-repeat":"repeat","background-position":"center center","background-size":"auto","background-attachment":"scroll","background-type":"","background-media":"","overlay-type":"","overlay-color":"","overlay-opacity":"","overlay-gradient":""}},"ast-content-background-meta":{"desktop":{"background-color":"var(--ast-global-color-4)","background-image":"","background-repeat":"repeat","background-position":"center center","background-size":"auto","background-attachment":"scroll","background-type":"","background-media":"","overlay-type":"","overlay-color":"","overlay-opacity":"","overlay-gradient":""},"tablet":{"background-color":"var(--ast-global-color-4)","background-image":"","background-repeat":"repeat","background-position":"center center","background-size":"auto","background-attachment":"scroll","background-type":"","background-media":"","overlay-type":"","overlay-color":"","overlay-opacity":"","overlay-gradient":""},"mobile":{"background-color":"var(--ast-global-color-4)","background-image":"","background-repeat":"repeat","background-position":"center center","background-size":"auto","background-attachment":"scroll","background-type":"","background-media":"","overlay-type":"","overlay-color":"","overlay-opacity":"","overlay-gradient":""}},"footnotes":""},"categories":[],"tags":[],"class_list":["post-28732","page","type-page","status-publish","hentry"],"yoast_head":"<!-- This site is optimized with the Yoast SEO Premium plugin v27.4 (Yoast SEO v27.4) - https:\/\/yoast.com\/product\/yoast-seo-premium-wordpress\/ -->\n<title>Mobile Apps - City of Miami Beach<\/title>\n<meta name=\"description\" content=\"Mobile Apps with information about the City of Miami BThe City of Miami Beach at your fingertips. Download our free mobile app to report concerns, check current beach conditions, track the free citywide trolley, pay fees, stream MBTV live, stay current on city news and view a comprehensive calendar of meetings and events.ach.\" \/>\n<meta name=\"robots\" content=\"index, follow, max-snippet:-1, max-image-preview:large, max-video-preview:-1\" \/>\n<link rel=\"canonical\" href=\"https:\/\/www.miamibeachfl.gov\/pt\/mobile-apps\/\" \/>\n<meta property=\"og:locale\" content=\"pt_BR\" \/>\n<meta property=\"og:type\" content=\"article\" \/>\n<meta property=\"og:title\" content=\"Mobile Apps\" \/>\n<meta property=\"og:description\" content=\"Mobile Apps with information about the City of Miami BThe City of Miami Beach at your fingertips. Download our free mobile app to report concerns, check current beach conditions, track the free citywide trolley, pay fees, stream MBTV live, stay current on city news and view a comprehensive calendar of meetings and events.ach.\" \/>\n<meta property=\"og:url\" content=\"https:\/\/www.miamibeachfl.gov\/pt\/mobile-apps\/\" \/>\n<meta property=\"og:site_name\" content=\"City of Miami Beach\" \/>\n<meta property=\"article:publisher\" content=\"https:\/\/www.facebook.com\/cityofmiamibeach\" \/>\n<meta property=\"article:modified_time\" content=\"2025-06-20T18:02:25+00:00\" \/>\n<meta property=\"og:image\" content=\"https:\/\/www.miamibeachfl.gov\/wp-content\/uploads\/2023\/11\/MBeGov.png\" \/>\n\t<meta property=\"og:image:width\" content=\"192\" \/>\n\t<meta property=\"og:image:height\" content=\"192\" \/>\n\t<meta property=\"og:image:type\" content=\"image\/png\" \/>\n<meta name=\"twitter:card\" content=\"summary_large_image\" \/>\n<meta name=\"twitter:site\" content=\"@Miamibeachnews\" \/>\n<script type=\"application\/ld+json\" class=\"yoast-schema-graph\">{\"@context\":\"https:\\\/\\\/schema.org\",\"@graph\":[{\"@type\":\"WebPage\",\"@id\":\"https:\\\/\\\/www.miamibeachfl.gov\\\/mobile-apps\\\/\",\"url\":\"https:\\\/\\\/www.miamibeachfl.gov\\\/mobile-apps\\\/\",\"name\":\"Mobile Apps - City of Miami Beach\",\"isPartOf\":{\"@id\":\"https:\\\/\\\/www.miamibeachfl.gov\\\/#website\"},\"primaryImageOfPage\":{\"@id\":\"https:\\\/\\\/www.miamibeachfl.gov\\\/mobile-apps\\\/#primaryimage\"},\"image\":{\"@id\":\"https:\\\/\\\/www.miamibeachfl.gov\\\/mobile-apps\\\/#primaryimage\"},\"thumbnailUrl\":\"https:\\\/\\\/www.miamibeachfl.gov\\\/wp-content\\\/uploads\\\/2023\\\/07\\\/parkmobile-parking-logo.png\",\"datePublished\":\"2017-08-11T00:07:55+00:00\",\"dateModified\":\"2025-06-20T18:02:25+00:00\",\"description\":\"Mobile Apps with information about the City of Miami BThe City of Miami Beach at your fingertips. Download our free mobile app to report concerns, check current beach conditions, track the free citywide trolley, pay fees, stream MBTV live, stay current on city news and view a comprehensive calendar of meetings and events.ach.\",\"breadcrumb\":{\"@id\":\"https:\\\/\\\/www.miamibeachfl.gov\\\/mobile-apps\\\/#breadcrumb\"},\"inLanguage\":\"pt-BR\",\"potentialAction\":[{\"@type\":\"ReadAction\",\"target\":[\"https:\\\/\\\/www.miamibeachfl.gov\\\/mobile-apps\\\/\"]}]},{\"@type\":\"ImageObject\",\"inLanguage\":\"pt-BR\",\"@id\":\"https:\\\/\\\/www.miamibeachfl.gov\\\/mobile-apps\\\/#primaryimage\",\"url\":\"https:\\\/\\\/www.miamibeachfl.gov\\\/wp-content\\\/uploads\\\/2023\\\/07\\\/parkmobile-parking-logo.png\",\"contentUrl\":\"https:\\\/\\\/www.miamibeachfl.gov\\\/wp-content\\\/uploads\\\/2023\\\/07\\\/parkmobile-parking-logo.png\"},{\"@type\":\"BreadcrumbList\",\"@id\":\"https:\\\/\\\/www.miamibeachfl.gov\\\/mobile-apps\\\/#breadcrumb\",\"itemListElement\":[{\"@type\":\"ListItem\",\"position\":1,\"name\":\"Home\",\"item\":\"https:\\\/\\\/www.miamibeachfl.gov\\\/\"},{\"@type\":\"ListItem\",\"position\":2,\"name\":\"Mobile Apps\"}]},{\"@type\":\"WebSite\",\"@id\":\"https:\\\/\\\/www.miamibeachfl.gov\\\/#website\",\"url\":\"https:\\\/\\\/www.miamibeachfl.gov\\\/\",\"name\":\"City of Miami Beach\",\"description\":\"The official website of the City of Miami Beach. Stay informed, find important information on city services, news, alerts, events, trolley routes, government employment and more.\",\"publisher\":{\"@id\":\"https:\\\/\\\/www.miamibeachfl.gov\\\/#organization\"},\"potentialAction\":[{\"@type\":\"SearchAction\",\"target\":{\"@type\":\"EntryPoint\",\"urlTemplate\":\"https:\\\/\\\/www.miamibeachfl.gov\\\/?s={search_term_string}\"},\"query-input\":{\"@type\":\"PropertyValueSpecification\",\"valueRequired\":true,\"valueName\":\"search_term_string\"}}],\"inLanguage\":\"pt-BR\"},{\"@type\":\"Organization\",\"@id\":\"https:\\\/\\\/www.miamibeachfl.gov\\\/#organization\",\"name\":\"City of Miami Beach\",\"url\":\"https:\\\/\\\/www.miamibeachfl.gov\\\/\",\"logo\":{\"@type\":\"ImageObject\",\"inLanguage\":\"pt-BR\",\"@id\":\"https:\\\/\\\/www.miamibeachfl.gov\\\/#\\\/schema\\\/logo\\\/image\\\/\",\"url\":\"https:\\\/\\\/www.miamibeachfl.gov\\\/wp-content\\\/uploads\\\/2022\\\/06\\\/miamibeach-logoblue.png\",\"contentUrl\":\"https:\\\/\\\/www.miamibeachfl.gov\\\/wp-content\\\/uploads\\\/2022\\\/06\\\/miamibeach-logoblue.png\",\"width\":1962,\"height\":381,\"caption\":\"City of Miami Beach\"},\"image\":{\"@id\":\"https:\\\/\\\/www.miamibeachfl.gov\\\/#\\\/schema\\\/logo\\\/image\\\/\"},\"sameAs\":[\"https:\\\/\\\/www.facebook.com\\\/cityofmiamibeach\",\"https:\\\/\\\/x.com\\\/Miamibeachnews\",\"https:\\\/\\\/www.instagram.com\\\/miamibeachnews\\\/\"],\"description\":\"The official website of the City of Miami Beach. Stay informed, find important information on city services, news, alerts, events, trolley routes, government employment and more.\",\"telephone\":\"305.604.CITY(2489)\",\"legalName\":\"City of Miami Beach\"}]}<\/script>\n<!-- \/ Yoast SEO Premium plugin. -->","yoast_head_json":{"title":"Aplicativos m\u00f3veis - Cidade de Miami Beach","description":"Aplicativos m\u00f3veis com informa\u00e7\u00f5es sobre a cidade de Miami Beach na palma da sua m\u00e3o. Baixe nosso aplicativo m\u00f3vel gratuito para relatar preocupa\u00e7\u00f5es, verificar as condi\u00e7\u00f5es atuais da praia, acompanhar o bonde gratuito em toda a cidade, pagar taxas, assistir \u00e0 transmiss\u00e3o ao vivo da MBTV, manter-se atualizado sobre as not\u00edcias da cidade e visualizar um calend\u00e1rio completo de reuni\u00f5es e eventos.","robots":{"index":"index","follow":"follow","max-snippet":"max-snippet:-1","max-image-preview":"max-image-preview:large","max-video-preview":"max-video-preview:-1"},"canonical":"https:\/\/www.miamibeachfl.gov\/pt\/mobile-apps\/","og_locale":"pt_BR","og_type":"article","og_title":"Mobile Apps","og_description":"Mobile Apps with information about the City of Miami BThe City of Miami Beach at your fingertips. Download our free mobile app to report concerns, check current beach conditions, track the free citywide trolley, pay fees, stream MBTV live, stay current on city news and view a comprehensive calendar of meetings and events.ach.","og_url":"https:\/\/www.miamibeachfl.gov\/pt\/mobile-apps\/","og_site_name":"City of Miami Beach","article_publisher":"https:\/\/www.facebook.com\/cityofmiamibeach","article_modified_time":"2025-06-20T18:02:25+00:00","og_image":[{"width":192,"height":192,"url":"https:\/\/www.miamibeachfl.gov\/wp-content\/uploads\/2023\/11\/MBeGov.png","type":"image\/png"}],"twitter_card":"summary_large_image","twitter_site":"@Miamibeachnews","schema":{"@context":"https:\/\/schema.org","@graph":[{"@type":"WebPage","@id":"https:\/\/www.miamibeachfl.gov\/mobile-apps\/","url":"https:\/\/www.miamibeachfl.gov\/mobile-apps\/","name":"Aplicativos m\u00f3veis - Cidade de Miami Beach","isPartOf":{"@id":"https:\/\/www.miamibeachfl.gov\/#website"},"primaryImageOfPage":{"@id":"https:\/\/www.miamibeachfl.gov\/mobile-apps\/#primaryimage"},"image":{"@id":"https:\/\/www.miamibeachfl.gov\/mobile-apps\/#primaryimage"},"thumbnailUrl":"https:\/\/www.miamibeachfl.gov\/wp-content\/uploads\/2023\/07\/parkmobile-parking-logo.png","datePublished":"2017-08-11T00:07:55+00:00","dateModified":"2025-06-20T18:02:25+00:00","description":"Aplicativos m\u00f3veis com informa\u00e7\u00f5es sobre a cidade de Miami Beach na palma da sua m\u00e3o. Baixe nosso aplicativo m\u00f3vel gratuito para relatar preocupa\u00e7\u00f5es, verificar as condi\u00e7\u00f5es atuais da praia, acompanhar o bonde gratuito em toda a cidade, pagar taxas, assistir \u00e0 transmiss\u00e3o ao vivo da MBTV, manter-se atualizado sobre as not\u00edcias da cidade e visualizar um calend\u00e1rio completo de reuni\u00f5es e eventos.","breadcrumb":{"@id":"https:\/\/www.miamibeachfl.gov\/mobile-apps\/#breadcrumb"},"inLanguage":"pt-BR","potentialAction":[{"@type":"ReadAction","target":["https:\/\/www.miamibeachfl.gov\/mobile-apps\/"]}]},{"@type":"ImageObject","inLanguage":"pt-BR","@id":"https:\/\/www.miamibeachfl.gov\/mobile-apps\/#primaryimage","url":"https:\/\/www.miamibeachfl.gov\/wp-content\/uploads\/2023\/07\/parkmobile-parking-logo.png","contentUrl":"https:\/\/www.miamibeachfl.gov\/wp-content\/uploads\/2023\/07\/parkmobile-parking-logo.png"},{"@type":"BreadcrumbList","@id":"https:\/\/www.miamibeachfl.gov\/mobile-apps\/#breadcrumb","itemListElement":[{"@type":"ListItem","position":1,"name":"Home","item":"https:\/\/www.miamibeachfl.gov\/"},{"@type":"ListItem","position":2,"name":"Mobile Apps"}]},{"@type":"WebSite","@id":"https:\/\/www.miamibeachfl.gov\/#website","url":"https:\/\/www.miamibeachfl.gov\/","name":"Cidade de Miami Beach","description":"Site oficial da cidade de Miami Beach. Mantenha-se informado e encontre informa\u00e7\u00f5es importantes sobre servi\u00e7os municipais, not\u00edcias, alertas, eventos, rotas de bonde, empregos p\u00fablicos e muito mais.","publisher":{"@id":"https:\/\/www.miamibeachfl.gov\/#organization"},"potentialAction":[{"@type":"SearchAction","target":{"@type":"EntryPoint","urlTemplate":"https:\/\/www.miamibeachfl.gov\/?s={search_term_string}"},"query-input":{"@type":"PropertyValueSpecification","valueRequired":true,"valueName":"search_term_string"}}],"inLanguage":"pt-BR"},{"@type":"Organization","@id":"https:\/\/www.miamibeachfl.gov\/#organization","name":"Cidade de Miami Beach","url":"https:\/\/www.miamibeachfl.gov\/","logo":{"@type":"ImageObject","inLanguage":"pt-BR","@id":"https:\/\/www.miamibeachfl.gov\/#\/schema\/logo\/image\/","url":"https:\/\/www.miamibeachfl.gov\/wp-content\/uploads\/2022\/06\/miamibeach-logoblue.png","contentUrl":"https:\/\/www.miamibeachfl.gov\/wp-content\/uploads\/2022\/06\/miamibeach-logoblue.png","width":1962,"height":381,"caption":"City of Miami Beach"},"image":{"@id":"https:\/\/www.miamibeachfl.gov\/#\/schema\/logo\/image\/"},"sameAs":["https:\/\/www.facebook.com\/cityofmiamibeach","https:\/\/x.com\/Miamibeachnews","https:\/\/www.instagram.com\/miamibeachnews\/"],"description":"Site oficial da cidade de Miami Beach. Mantenha-se informado e encontre informa\u00e7\u00f5es importantes sobre servi\u00e7os municipais, not\u00edcias, alertas, eventos, rotas de bonde, empregos p\u00fablicos e muito mais.","telephone":"305.604.CITY(2489)","legalName":"City of Miami Beach"}]}},"_links":{"self":[{"href":"https:\/\/www.miamibeachfl.gov\/pt\/wp-json\/wp\/v2\/pages\/28732","targetHints":{"allow":["GET"]}}],"collection":[{"href":"https:\/\/www.miamibeachfl.gov\/pt\/wp-json\/wp\/v2\/pages"}],"about":[{"href":"https:\/\/www.miamibeachfl.gov\/pt\/wp-json\/wp\/v2\/types\/page"}],"author":[{"embeddable":true,"href":"https:\/\/www.miamibeachfl.gov\/pt\/wp-json\/wp\/v2\/users\/222"}],"replies":[{"embeddable":true,"href":"https:\/\/www.miamibeachfl.gov\/pt\/wp-json\/wp\/v2\/comments?post=28732"}],"version-history":[{"count":3,"href":"https:\/\/www.miamibeachfl.gov\/pt\/wp-json\/wp\/v2\/pages\/28732\/revisions"}],"predecessor-version":[{"id":384398,"href":"https:\/\/www.miamibeachfl.gov\/pt\/wp-json\/wp\/v2\/pages\/28732\/revisions\/384398"}],"wp:attachment":[{"href":"https:\/\/www.miamibeachfl.gov\/pt\/wp-json\/wp\/v2\/media?parent=28732"}],"wp:term":[{"taxonomy":"category","embeddable":true,"href":"https:\/\/www.miamibeachfl.gov\/pt\/wp-json\/wp\/v2\/categories?post=28732"},{"taxonomy":"post_tag","embeddable":true,"href":"https:\/\/www.miamibeachfl.gov\/pt\/wp-json\/wp\/v2\/tags?post=28732"}],"curies":[{"name":"wp","href":"https:\/\/api.w.org\/{rel}","templated":true}]}}