{"id":28734,"date":"2017-08-11T00:07:56","date_gmt":"2017-08-11T00:07:56","guid":{"rendered":"http:\/\/www.miamibeachfl.gov\/city-hall\/mberp\/"},"modified":"2026-04-21T08:35:30","modified_gmt":"2026-04-21T12:35:30","slug":"mberp","status":"publish","type":"page","link":"https:\/\/www.miamibeachfl.gov\/pt\/city-hall\/mberp\/","title":{"rendered":"MBERP \u2013 Plano de Aposentadoria para Funcion\u00e1rios de Miami Beach"},"content":{"rendered":"<figure itemscope itemtype=\"https:\/\/schema.org\/ImageObject\">\n\t\t\t\t<img decoding=\"async\" src=\"https:\/\/www.miamibeachfl.gov\/wp-content\/uploads\/2022\/07\/hero-small.jpg\" alt=\"ocean drive art deco buildings\" height=\"211\" width=\"2395\" title=\"her\u00f3i-pequeno\" onerror=\"this.style.display='none'\" loading=\"lazy\" \/>\n\t<\/figure>\n<h1>\n\t\t\tMudamos de endere\u00e7o.\t<\/h1>\n\t<p>A partir de 1\u00ba de agosto de 2025, o escrit\u00f3rio do Plano de Aposentadoria dos Funcion\u00e1rios de Miami Beach estar\u00e1 localizado no endere\u00e7o 1920 Meridian Avenue, 2\u00ba andar.<\/p>\n<h2>\n\t\t\tMBERP \u2013 Plano de Aposentadoria dos Funcion\u00e1rios de Miami Beach\t<\/h2>\n\t<p>Bem-vindo ao site oficial do Plano de Aposentadoria dos Funcion\u00e1rios de Miami Beach (MBERP). A origem mais antiga de um programa de aposentadoria para a cidade de Miami Beach foi o Sistema de Aposentadoria para Funcion\u00e1rios Gerais, criado sob e pela autoridade do Cap\u00edtulo 18691, Leis da Fl\u00f3rida, Atos de 1937. O Sistema de Aposentadoria para Funcion\u00e1rios N\u00e3o Classificados e Autoridades Eleitas foi criado em 1988. Em mar\u00e7o de 2006, o Sistema de Aposentadoria para Funcion\u00e1rios Gerais e o Sistema de Aposentadoria para Funcion\u00e1rios N\u00e3o Classificados e Autoridades Eleitas se fundiram para formar o Plano de Aposentadoria dos Funcion\u00e1rios de Miami Beach (Ord. 2006-3530).<\/p>\n<strong>Miss\u00e3o<\/strong><br \/>\nGerenciar e administrar adequadamente os investimentos dos ativos do MBERP para o benef\u00edcio dos membros e benefici\u00e1rios do Plano.\n<h2>\n\t\t\tPrincipais links\t<\/h2>\n\t\t\t<a href=\"\/pt\/city-hall\/mberp\/actuarial-valuation\/\"  target=\"_self\">\n\t\t\t\t\t\t\tAvalia\u00e7\u00e3o atuarial\n\t\t\t\t\t<\/a>\n\t\t\t<a href=\"\/pt\/city-hall\/mberp\/agendas-minutes\/\"  target=\"_self\">\n\t\t\t\t\t\t\tagendas \n\t\t\t\t\t<\/a>\n\t\t\t<a href=\"\/pt\/city-hall\/mberp\/deferred-retirement-option-plan\/\"  target=\"_self\">\n\t\t\t\t\t\t\tderrubar\n\t\t\t\t\t<\/a>\n\t\t\t<a href=\"\/pt\/city-hall\/mberp\/internal-audit-reports\/\"  target=\"_self\">\n\t\t\t\t\t\t\tRELAT\u00d3RIOS DE AUDITORIA DE PENS\u00d5ES\n\t\t\t\t\t<\/a>\n\t\t\t<a href=\"\/pt\/city-hall\/mberp\/retiree-benefit-links\/\"  target=\"_self\">\n\t\t\t\t\t\t\tLINKS DE BENEF\u00cdCIOS DE APOSENTADORIA\n\t\t\t\t\t<\/a>\n\t\t\t<a href=\"\/pt\/city-hall\/mberp\/national-retirement-benefit\/\"  target=\"_self\">\n\t\t\t\t\t\t\tBENEF\u00cdCIO DE APOSENTADORIA\n\t\t\t\t\t<\/a>\n\t\t\t<a href=\"https:\/\/www.pensiontechnologygroup.com\/miamibeach\"  target=\"_blank\" rel=\"noopener\">\n\t\t\t\t\t\t\tPortal de autoatendimento de aposentadoria\n\t\t\t\t\t<\/a>\n\t\t\t<a href=\"\/pt\/city-hall\/mberp\/memorial-wall\/\"  target=\"_blank\" rel=\"noopener\">\n\t\t\t\t\t\t\tMuro Memorial\n\t\t\t\t\t<\/a>\n\t\t\t<a href=\"\/pt\/city-hall\/mberp\/the-plan\/\"  target=\"_self\">\n\t\t\t\t\t\t\tO PLANO\n\t\t\t\t\t<\/a>\n\t\t\t<a href=\"\/pt\/city-hall\/mberp\/quarterly-investment-report\/\"  target=\"_self\">\n\t\t\t\t\t\t\tRelat\u00f3rio Trimestral de Investimentos\n\t\t\t\t\t<\/a>\n<h2>\n\t\t\tRecursos relacionados\t<\/h2>\n<h2>\n\t\t<a href=\"\/pt\/city-hall\/mberp\/forms\/\" title=\"Formul\u00e1rios\"  target=\"_self\">\n\t\t\tFormul\u00e1rios\t\t<\/a>\n\t<\/h2>\n<h2>\n\t\t<a href=\"\/pt\/city-hall\/mberp\/investment-policy\/\" title=\"Pol\u00edtica de Investimento\"  target=\"_self\">\n\t\t\tPol\u00edtica de Investimento\t\t<\/a>\n\t<\/h2>\n<h2>\n\t\t<a href=\"\/pt\/city-hall\/mberp\/fl-chapter-112-664\/\" title=\"Cap\u00edtulo 112.664 da Fl\u00f3rida\"  target=\"_self\">\n\t\t\tCap\u00edtulo 112.664 da Fl\u00f3rida\t\t<\/a>\n\t<\/h2>\n<h2>\n\t\t<a href=\"\/pt\/city-hall\/mberp\/other-links\/\" title=\"Outros links\"  target=\"_self\">\n\t\t\tOutros links\t\t<\/a>\n\t<\/h2>\n<h2>\n\t\t<a href=\"\/pt\/city-hall\/mberp\/meeting-calendar\/\" title=\"Calend\u00e1rio de Reuni\u00f5es\"  target=\"_self\">\n\t\t\tCalend\u00e1rio de Reuni\u00f5es\t\t<\/a>\n\t<\/h2>","protected":false},"excerpt":{"rendered":"<p>We&#8217;ve Moved Effective August 1, 2025, the Miami Beach Employees&#8217; Retirement Plan Office is located at 1920 Meridian Avenue, 2nd [&hellip;]<\/p>\n","protected":false},"author":222,"featured_media":266611,"parent":28206,"menu_order":251,"comment_status":"closed","ping_status":"closed","template":"","meta":{"_searchwp_excluded":"","site-sidebar-layout":"default","site-content-layout":"","ast-site-content-layout":"default","site-content-style":"default","site-sidebar-style":"default","ast-global-header-display":"","ast-banner-title-visibility":"","ast-main-header-display":"","ast-hfb-above-header-display":"","ast-hfb-below-header-display":"","ast-hfb-mobile-header-display":"","site-post-title":"","ast-breadcrumbs-content":"","ast-featured-img":"","footer-sml-layout":"","theme-transparent-header-meta":"","adv-header-id-meta":"","stick-header-meta":"","header-above-stick-meta":"","header-main-stick-meta":"","header-below-stick-meta":"","astra-migrate-meta-layouts":"default","ast-page-background-enabled":"default","ast-page-background-meta":{"desktop":{"background-color":"var(--ast-global-color-5)","background-image":"","background-repeat":"repeat","background-position":"center center","background-size":"auto","background-attachment":"scroll","background-type":"","background-media":"","overlay-type":"","overlay-color":"","overlay-opacity":"","overlay-gradient":""},"tablet":{"background-color":"","background-image":"","background-repeat":"repeat","background-position":"center center","background-size":"auto","background-attachment":"scroll","background-type":"","background-media":"","overlay-type":"","overlay-color":"","overlay-opacity":"","overlay-gradient":""},"mobile":{"background-color":"","background-image":"","background-repeat":"repeat","background-position":"center center","background-size":"auto","background-attachment":"scroll","background-type":"","background-media":"","overlay-type":"","overlay-color":"","overlay-opacity":"","overlay-gradient":""}},"ast-content-background-meta":{"desktop":{"background-color":"var(--ast-global-color-4)","background-image":"","background-repeat":"repeat","background-position":"center center","background-size":"auto","background-attachment":"scroll","background-type":"","background-media":"","overlay-type":"","overlay-color":"","overlay-opacity":"","overlay-gradient":""},"tablet":{"background-color":"var(--ast-global-color-4)","background-image":"","background-repeat":"repeat","background-position":"center center","background-size":"auto","background-attachment":"scroll","background-type":"","background-media":"","overlay-type":"","overlay-color":"","overlay-opacity":"","overlay-gradient":""},"mobile":{"background-color":"var(--ast-global-color-4)","background-image":"","background-repeat":"repeat","background-position":"center center","background-size":"auto","background-attachment":"scroll","background-type":"","background-media":"","overlay-type":"","overlay-color":"","overlay-opacity":"","overlay-gradient":""}},"footnotes":""},"categories":[1],"tags":[1727,1730],"class_list":["post-28734","page","type-page","status-publish","has-post-thumbnail","hentry","category-uncategorized","tag-administrative","tag-city-services"],"yoast_head":"<!-- This site is optimized with the Yoast SEO Premium plugin v27.4 (Yoast SEO v27.4) - https:\/\/yoast.com\/product\/yoast-seo-premium-wordpress\/ -->\n<title>MBERP - Miami Beach Employee Retirement Plan - City of Miami Beach<\/title>\n<meta name=\"description\" content=\"The Miami Beach Employees&#039; Retirement Plan manages and administers the investments of the MBERP assets for the benefit of the members.\" \/>\n<meta name=\"robots\" content=\"index, follow, max-snippet:-1, max-image-preview:large, max-video-preview:-1\" \/>\n<link rel=\"canonical\" href=\"https:\/\/www.miamibeachfl.gov\/pt\/city-hall\/mberp\/\" \/>\n<meta property=\"og:locale\" content=\"pt_BR\" \/>\n<meta property=\"og:type\" content=\"article\" \/>\n<meta property=\"og:title\" content=\"MBERP - Miami Beach Employee Retirement Plan\" \/>\n<meta property=\"og:description\" content=\"The Miami Beach Employees&#039; Retirement Plan manages and administers the investments of the MBERP assets for the benefit of the members.\" \/>\n<meta property=\"og:url\" content=\"https:\/\/www.miamibeachfl.gov\/pt\/city-hall\/mberp\/\" \/>\n<meta property=\"og:site_name\" content=\"City of Miami Beach\" \/>\n<meta property=\"article:publisher\" content=\"https:\/\/www.facebook.com\/cityofmiamibeach\" \/>\n<meta property=\"article:modified_time\" content=\"2026-04-21T12:35:30+00:00\" \/>\n<meta property=\"og:image\" content=\"https:\/\/www.miamibeachfl.gov\/wp-content\/uploads\/2023\/07\/Beach-2023.jpg\" \/>\n\t<meta property=\"og:image:width\" content=\"570\" \/>\n\t<meta property=\"og:image:height\" content=\"356\" \/>\n\t<meta property=\"og:image:type\" content=\"image\/jpeg\" \/>\n<meta name=\"twitter:card\" content=\"summary_large_image\" \/>\n<meta name=\"twitter:site\" content=\"@Miamibeachnews\" \/>\n<script type=\"application\/ld+json\" class=\"yoast-schema-graph\">{\"@context\":\"https:\\\/\\\/schema.org\",\"@graph\":[{\"@type\":\"WebPage\",\"@id\":\"https:\\\/\\\/www.miamibeachfl.gov\\\/city-hall\\\/mberp\\\/\",\"url\":\"https:\\\/\\\/www.miamibeachfl.gov\\\/city-hall\\\/mberp\\\/\",\"name\":\"MBERP - Miami Beach Employee Retirement Plan - City of Miami Beach\",\"isPartOf\":{\"@id\":\"https:\\\/\\\/www.miamibeachfl.gov\\\/#website\"},\"primaryImageOfPage\":{\"@id\":\"https:\\\/\\\/www.miamibeachfl.gov\\\/city-hall\\\/mberp\\\/#primaryimage\"},\"image\":{\"@id\":\"https:\\\/\\\/www.miamibeachfl.gov\\\/city-hall\\\/mberp\\\/#primaryimage\"},\"thumbnailUrl\":\"https:\\\/\\\/www.miamibeachfl.gov\\\/wp-content\\\/uploads\\\/2023\\\/07\\\/Beach-2023.jpg\",\"datePublished\":\"2017-08-11T00:07:56+00:00\",\"dateModified\":\"2026-04-21T12:35:30+00:00\",\"description\":\"The Miami Beach Employees' Retirement Plan manages and administers the investments of the MBERP assets for the benefit of the members.\",\"breadcrumb\":{\"@id\":\"https:\\\/\\\/www.miamibeachfl.gov\\\/city-hall\\\/mberp\\\/#breadcrumb\"},\"inLanguage\":\"pt-BR\",\"potentialAction\":[{\"@type\":\"ReadAction\",\"target\":[\"https:\\\/\\\/www.miamibeachfl.gov\\\/city-hall\\\/mberp\\\/\"]}]},{\"@type\":\"ImageObject\",\"inLanguage\":\"pt-BR\",\"@id\":\"https:\\\/\\\/www.miamibeachfl.gov\\\/city-hall\\\/mberp\\\/#primaryimage\",\"url\":\"https:\\\/\\\/www.miamibeachfl.gov\\\/wp-content\\\/uploads\\\/2023\\\/07\\\/Beach-2023.jpg\",\"contentUrl\":\"https:\\\/\\\/www.miamibeachfl.gov\\\/wp-content\\\/uploads\\\/2023\\\/07\\\/Beach-2023.jpg\",\"width\":570,\"height\":356},{\"@type\":\"BreadcrumbList\",\"@id\":\"https:\\\/\\\/www.miamibeachfl.gov\\\/city-hall\\\/mberp\\\/#breadcrumb\",\"itemListElement\":[{\"@type\":\"ListItem\",\"position\":1,\"name\":\"Home\",\"item\":\"https:\\\/\\\/www.miamibeachfl.gov\\\/\"},{\"@type\":\"ListItem\",\"position\":2,\"name\":\"City Hall\",\"item\":\"https:\\\/\\\/www.miamibeachfl.gov\\\/city-hall\\\/\"},{\"@type\":\"ListItem\",\"position\":3,\"name\":\"MBERP &#8211; Miami Beach Employee Retirement Plan\"}]},{\"@type\":\"WebSite\",\"@id\":\"https:\\\/\\\/www.miamibeachfl.gov\\\/#website\",\"url\":\"https:\\\/\\\/www.miamibeachfl.gov\\\/\",\"name\":\"City of Miami Beach\",\"description\":\"The official website of the City of Miami Beach. Stay informed, find important information on city services, news, alerts, events, trolley routes, government employment and more.\",\"publisher\":{\"@id\":\"https:\\\/\\\/www.miamibeachfl.gov\\\/#organization\"},\"potentialAction\":[{\"@type\":\"SearchAction\",\"target\":{\"@type\":\"EntryPoint\",\"urlTemplate\":\"https:\\\/\\\/www.miamibeachfl.gov\\\/?s={search_term_string}\"},\"query-input\":{\"@type\":\"PropertyValueSpecification\",\"valueRequired\":true,\"valueName\":\"search_term_string\"}}],\"inLanguage\":\"pt-BR\"},{\"@type\":\"Organization\",\"@id\":\"https:\\\/\\\/www.miamibeachfl.gov\\\/#organization\",\"name\":\"City of Miami Beach\",\"url\":\"https:\\\/\\\/www.miamibeachfl.gov\\\/\",\"logo\":{\"@type\":\"ImageObject\",\"inLanguage\":\"pt-BR\",\"@id\":\"https:\\\/\\\/www.miamibeachfl.gov\\\/#\\\/schema\\\/logo\\\/image\\\/\",\"url\":\"https:\\\/\\\/www.miamibeachfl.gov\\\/wp-content\\\/uploads\\\/2022\\\/06\\\/miamibeach-logoblue.png\",\"contentUrl\":\"https:\\\/\\\/www.miamibeachfl.gov\\\/wp-content\\\/uploads\\\/2022\\\/06\\\/miamibeach-logoblue.png\",\"width\":1962,\"height\":381,\"caption\":\"City of Miami Beach\"},\"image\":{\"@id\":\"https:\\\/\\\/www.miamibeachfl.gov\\\/#\\\/schema\\\/logo\\\/image\\\/\"},\"sameAs\":[\"https:\\\/\\\/www.facebook.com\\\/cityofmiamibeach\",\"https:\\\/\\\/x.com\\\/Miamibeachnews\",\"https:\\\/\\\/www.instagram.com\\\/miamibeachnews\\\/\"],\"description\":\"The official website of the City of Miami Beach. Stay informed, find important information on city services, news, alerts, events, trolley routes, government employment and more.\",\"telephone\":\"305.604.CITY(2489)\",\"legalName\":\"City of Miami Beach\"}]}<\/script>\n<!-- \/ Yoast SEO Premium plugin. -->","yoast_head_json":{"title":"MBERP - Plano de Aposentadoria de Funcion\u00e1rios de Miami Beach - Cidade de Miami Beach","description":"O Plano de Aposentadoria dos Funcion\u00e1rios de Miami Beach gerencia e administra os investimentos dos ativos do MBERP para o benef\u00edcio dos membros.","robots":{"index":"index","follow":"follow","max-snippet":"max-snippet:-1","max-image-preview":"max-image-preview:large","max-video-preview":"max-video-preview:-1"},"canonical":"https:\/\/www.miamibeachfl.gov\/pt\/city-hall\/mberp\/","og_locale":"pt_BR","og_type":"article","og_title":"MBERP - Miami Beach Employee Retirement Plan","og_description":"The Miami Beach Employees' Retirement Plan manages and administers the investments of the MBERP assets for the benefit of the members.","og_url":"https:\/\/www.miamibeachfl.gov\/pt\/city-hall\/mberp\/","og_site_name":"City of Miami Beach","article_publisher":"https:\/\/www.facebook.com\/cityofmiamibeach","article_modified_time":"2026-04-21T12:35:30+00:00","og_image":[{"width":570,"height":356,"url":"https:\/\/www.miamibeachfl.gov\/wp-content\/uploads\/2023\/07\/Beach-2023.jpg","type":"image\/jpeg"}],"twitter_card":"summary_large_image","twitter_site":"@Miamibeachnews","schema":{"@context":"https:\/\/schema.org","@graph":[{"@type":"WebPage","@id":"https:\/\/www.miamibeachfl.gov\/city-hall\/mberp\/","url":"https:\/\/www.miamibeachfl.gov\/city-hall\/mberp\/","name":"MBERP - Plano de Aposentadoria de Funcion\u00e1rios de Miami Beach - Cidade de Miami Beach","isPartOf":{"@id":"https:\/\/www.miamibeachfl.gov\/#website"},"primaryImageOfPage":{"@id":"https:\/\/www.miamibeachfl.gov\/city-hall\/mberp\/#primaryimage"},"image":{"@id":"https:\/\/www.miamibeachfl.gov\/city-hall\/mberp\/#primaryimage"},"thumbnailUrl":"https:\/\/www.miamibeachfl.gov\/wp-content\/uploads\/2023\/07\/Beach-2023.jpg","datePublished":"2017-08-11T00:07:56+00:00","dateModified":"2026-04-21T12:35:30+00:00","description":"O Plano de Aposentadoria dos Funcion\u00e1rios de Miami Beach gerencia e administra os investimentos dos ativos do MBERP para o benef\u00edcio dos membros.","breadcrumb":{"@id":"https:\/\/www.miamibeachfl.gov\/city-hall\/mberp\/#breadcrumb"},"inLanguage":"pt-BR","potentialAction":[{"@type":"ReadAction","target":["https:\/\/www.miamibeachfl.gov\/city-hall\/mberp\/"]}]},{"@type":"ImageObject","inLanguage":"pt-BR","@id":"https:\/\/www.miamibeachfl.gov\/city-hall\/mberp\/#primaryimage","url":"https:\/\/www.miamibeachfl.gov\/wp-content\/uploads\/2023\/07\/Beach-2023.jpg","contentUrl":"https:\/\/www.miamibeachfl.gov\/wp-content\/uploads\/2023\/07\/Beach-2023.jpg","width":570,"height":356},{"@type":"BreadcrumbList","@id":"https:\/\/www.miamibeachfl.gov\/city-hall\/mberp\/#breadcrumb","itemListElement":[{"@type":"ListItem","position":1,"name":"Home","item":"https:\/\/www.miamibeachfl.gov\/"},{"@type":"ListItem","position":2,"name":"City Hall","item":"https:\/\/www.miamibeachfl.gov\/city-hall\/"},{"@type":"ListItem","position":3,"name":"MBERP &#8211; Miami Beach Employee Retirement Plan"}]},{"@type":"WebSite","@id":"https:\/\/www.miamibeachfl.gov\/#website","url":"https:\/\/www.miamibeachfl.gov\/","name":"Cidade de Miami Beach","description":"Site oficial da cidade de Miami Beach. Mantenha-se informado e encontre informa\u00e7\u00f5es importantes sobre servi\u00e7os municipais, not\u00edcias, alertas, eventos, rotas de bonde, empregos p\u00fablicos e muito mais.","publisher":{"@id":"https:\/\/www.miamibeachfl.gov\/#organization"},"potentialAction":[{"@type":"SearchAction","target":{"@type":"EntryPoint","urlTemplate":"https:\/\/www.miamibeachfl.gov\/?s={search_term_string}"},"query-input":{"@type":"PropertyValueSpecification","valueRequired":true,"valueName":"search_term_string"}}],"inLanguage":"pt-BR"},{"@type":"Organization","@id":"https:\/\/www.miamibeachfl.gov\/#organization","name":"Cidade de Miami Beach","url":"https:\/\/www.miamibeachfl.gov\/","logo":{"@type":"ImageObject","inLanguage":"pt-BR","@id":"https:\/\/www.miamibeachfl.gov\/#\/schema\/logo\/image\/","url":"https:\/\/www.miamibeachfl.gov\/wp-content\/uploads\/2022\/06\/miamibeach-logoblue.png","contentUrl":"https:\/\/www.miamibeachfl.gov\/wp-content\/uploads\/2022\/06\/miamibeach-logoblue.png","width":1962,"height":381,"caption":"City of Miami Beach"},"image":{"@id":"https:\/\/www.miamibeachfl.gov\/#\/schema\/logo\/image\/"},"sameAs":["https:\/\/www.facebook.com\/cityofmiamibeach","https:\/\/x.com\/Miamibeachnews","https:\/\/www.instagram.com\/miamibeachnews\/"],"description":"Site oficial da cidade de Miami Beach. Mantenha-se informado e encontre informa\u00e7\u00f5es importantes sobre servi\u00e7os municipais, not\u00edcias, alertas, eventos, rotas de bonde, empregos p\u00fablicos e muito mais.","telephone":"305.604.CITY(2489)","legalName":"City of Miami Beach"}]}},"_links":{"self":[{"href":"https:\/\/www.miamibeachfl.gov\/pt\/wp-json\/wp\/v2\/pages\/28734","targetHints":{"allow":["GET"]}}],"collection":[{"href":"https:\/\/www.miamibeachfl.gov\/pt\/wp-json\/wp\/v2\/pages"}],"about":[{"href":"https:\/\/www.miamibeachfl.gov\/pt\/wp-json\/wp\/v2\/types\/page"}],"author":[{"embeddable":true,"href":"https:\/\/www.miamibeachfl.gov\/pt\/wp-json\/wp\/v2\/users\/222"}],"replies":[{"embeddable":true,"href":"https:\/\/www.miamibeachfl.gov\/pt\/wp-json\/wp\/v2\/comments?post=28734"}],"version-history":[{"count":12,"href":"https:\/\/www.miamibeachfl.gov\/pt\/wp-json\/wp\/v2\/pages\/28734\/revisions"}],"predecessor-version":[{"id":399200,"href":"https:\/\/www.miamibeachfl.gov\/pt\/wp-json\/wp\/v2\/pages\/28734\/revisions\/399200"}],"up":[{"embeddable":true,"href":"https:\/\/www.miamibeachfl.gov\/pt\/wp-json\/wp\/v2\/pages\/28206"}],"wp:featuredmedia":[{"embeddable":true,"href":"https:\/\/www.miamibeachfl.gov\/pt\/wp-json\/wp\/v2\/media\/266611"}],"wp:attachment":[{"href":"https:\/\/www.miamibeachfl.gov\/pt\/wp-json\/wp\/v2\/media?parent=28734"}],"wp:term":[{"taxonomy":"category","embeddable":true,"href":"https:\/\/www.miamibeachfl.gov\/pt\/wp-json\/wp\/v2\/categories?post=28734"},{"taxonomy":"post_tag","embeddable":true,"href":"https:\/\/www.miamibeachfl.gov\/pt\/wp-json\/wp\/v2\/tags?post=28734"}],"curies":[{"name":"wp","href":"https:\/\/api.w.org\/{rel}","templated":true}]}}